{"id":98035,"date":"2025-12-15T05:45:49","date_gmt":"2025-12-15T04:45:49","guid":{"rendered":"https:\/\/truusk.store\/product\/armstodsbricka-for-soffor-for-drycker-snacks-fjarrkontroll-bambutra\/"},"modified":"2026-03-12T08:51:07","modified_gmt":"2026-03-12T07:51:07","slug":"truusk-armstodsbricka-i-bambutra-for-drycker-snacks-och-fjarrkontroll-praktiskt-tillbehor-for-soffan-hallbar-och-stilren","status":"publish","type":"product","link":"https:\/\/truusk.store\/sv\/produkt\/truusk-armstodsbricka-i-bambutra-for-drycker-snacks-och-fjarrkontroll-praktiskt-tillbehor-for-soffan-hallbar-och-stilren\/","title":{"rendered":"TRUUSK Armst\u00f6dsbricka i Bambutr\u00e4 &#8211; F\u00f6r Drycker, Snacks och Fj\u00e4rrkontroll &#8211; Praktiskt Tillbeh\u00f6r f\u00f6r Soffan &#8211; H\u00e5llbar och Stilren &#8211;"},"content":{"rendered":"<p>St\u00f6rs du st\u00e4ndigt av oron att spill kommer att st\u00f6ra dina filmkv\u00e4llar? Det riskfyllda jonglerandet av drycker och snacks p\u00e5 soffarmen kan snabbt bli stressigt. [BRAND NAME] soffbricka erbjuder en l\u00f6sning med sin halkfria design och den djupa mittf\u00e5ran som h\u00e5ller allt s\u00e4kert, fr\u00e5n din kaffekopp till fj\u00e4rrkontrollen. S\u00e5 du kan njuta av ost\u00f6rda och lugna avkopplingsstunder med soffbrickan.<\/p>\n<p>Beskrivning:<\/p>\n<ul>\n<li> H\u00e5ller drycker, snacks och fj\u00e4rrkontrollen inom r\u00e4ckh\u00e5ll s\u00e5 att du kan slappna av utan att beh\u00f6va r\u00f6ra dig<\/li>\n<li> En 2 cm djup, f\u00f6rs\u00e4nkt soffbricka h\u00e5ller dina koppar och sk\u00e5lar s\u00e4kert<\/li>\n<li> Flexibel design och halkfri bas p\u00e5 soffbrickan f\u00f6rhindrar spill och skyddar din soffa<\/li>\n<li> Kan rullas ihop f\u00f6r kompakt f\u00f6rvaring, idealisk f\u00f6r sm\u00e5 bostadsutrymmen<\/li>\n<li> Tillverkad av 100 % naturligt bambu, denna soffbricka l\u00e4gger till en stilfull accent till din inredning<\/li>\n<li> Dess lackerade yta \u00e4r l\u00e4tt att torka av, vilket g\u00f6r att spill och fl\u00e4ckar inte \u00e4r ett stort problem<\/li>\n<li> Vecklas ut direkt f\u00f6r anv\u00e4ndning direkt fr\u00e5n f\u00f6rpackningen, montering kr\u00e4vs<\/li>\n<\/ul>\n<p> Tekniska specifikationer:<\/p>\n<ul>\n<li> F\u00e4rg: Naturtr\u00e4<\/li>\n<li> Material: Bambu<\/li>\n<li> Totala dimensioner: 45L x 33,5B x 3H cm<\/li>\n<li> Vikt storlek: 16B x 33,5T x 5H cm<\/li>\n<li> Inre dimensioner av brickan: 14,5B x 32T x 2H cm<\/li>\n<\/ul>\n<p>Leverans inneh\u00e5ller:<\/p>\n<ul>\n<li> 1 x Soffbricka f\u00f6r armst\u00f6d<\/li>\n<li> 1 x Bruksanvisning<\/li>\n<\/ul>\n","protected":false},"excerpt":{"rendered":"<p>St\u00f6rs du st\u00e4ndigt av oron att spill kommer att st\u00f6ra dina filmkv\u00e4llar? Det riskfyllda jonglerandet av drycker och snacks p\u00e5&#8230;<\/p>\n","protected":false},"featured_media":98024,"template":"","meta":[],"product_brand":[],"product_cat":[871,957,910],"product_tag":[],"class_list":{"0":"post-98035","1":"product","2":"type-product","3":"status-publish","4":"has-post-thumbnail","6":"product_cat-hus-hem","7":"product_cat-sidobord","8":"product_cat-vardagsrum","10":"first","11":"instock","12":"sale","13":"taxable","14":"shipping-taxable","15":"purchasable","16":"product-type-simple"},"yoast_head":"<!-- This site is optimized with the Yoast SEO plugin v25.4 - https:\/\/yoast.com\/wordpress\/plugins\/seo\/ -->\n<title>TRUUSK Armst\u00f6dsbricka i Bambutr\u00e4 - F\u00f6r Drycker, Snacks och Fj\u00e4rrkontroll - Praktiskt Tillbeh\u00f6r f\u00f6r Soffan - H\u00e5llbar och Stilren - TRUUSK - Hem, Tr\u00e4dg\u00e5rd &amp; Fritid<\/title>\n<meta name=\"robots\" content=\"index, follow, max-snippet:-1, max-image-preview:large, max-video-preview:-1\" \/>\n<link rel=\"canonical\" href=\"https:\/\/truusk.store\/sv\/produkt\/truusk-armstodsbricka-i-bambutra-for-drycker-snacks-och-fjarrkontroll-praktiskt-tillbehor-for-soffan-hallbar-och-stilren\/\" \/>\n<meta property=\"og:locale\" content=\"sv_SE\" \/>\n<meta property=\"og:type\" content=\"article\" \/>\n<meta property=\"og:title\" content=\"TRUUSK Armst\u00f6dsbricka i Bambutr\u00e4 - F\u00f6r Drycker, Snacks och Fj\u00e4rrkontroll - Praktiskt Tillbeh\u00f6r f\u00f6r Soffan - H\u00e5llbar och Stilren - TRUUSK - Hem, Tr\u00e4dg\u00e5rd &amp; Fritid\" \/>\n<meta property=\"og:description\" content=\"St\u00f6rs du st\u00e4ndigt av oron att spill kommer att st\u00f6ra dina filmkv\u00e4llar? Det riskfyllda jonglerandet av drycker och snacks p\u00e5...\" \/>\n<meta property=\"og:url\" content=\"https:\/\/truusk.store\/sv\/produkt\/truusk-armstodsbricka-i-bambutra-for-drycker-snacks-och-fjarrkontroll-praktiskt-tillbehor-for-soffan-hallbar-och-stilren\/\" \/>\n<meta property=\"og:site_name\" content=\"TRUUSK - Hem, Tr\u00e4dg\u00e5rd &amp; Fritid\" \/>\n<meta property=\"article:modified_time\" content=\"2026-03-12T07:51:07+00:00\" \/>\n<meta property=\"og:image\" content=\"https:\/\/i0.wp.com\/truusk.se\/wp-content\/uploads\/2025\/12\/armstodsbricka-for-soffor-for-drycker-snacks-fjarrkontroll-bambutra-1.webp?fit=2000%2C2000&ssl=1\" \/>\n\t<meta property=\"og:image:width\" content=\"2000\" \/>\n\t<meta property=\"og:image:height\" content=\"2000\" \/>\n\t<meta property=\"og:image:type\" content=\"image\/webp\" \/>\n<meta name=\"twitter:card\" content=\"summary_large_image\" \/>\n<meta name=\"twitter:label1\" content=\"Ber\u00e4knad l\u00e4stid\" \/>\n\t<meta name=\"twitter:data1\" content=\"1 minut\" \/>\n<!-- \/ Yoast SEO plugin. -->","yoast_head_json":{"title":"TRUUSK Armst\u00f6dsbricka i Bambutr\u00e4 - F\u00f6r Drycker, Snacks och Fj\u00e4rrkontroll - Praktiskt Tillbeh\u00f6r f\u00f6r Soffan - H\u00e5llbar och Stilren - TRUUSK - Hem, Tr\u00e4dg\u00e5rd &amp; Fritid","robots":{"index":"index","follow":"follow","max-snippet":"max-snippet:-1","max-image-preview":"max-image-preview:large","max-video-preview":"max-video-preview:-1"},"canonical":"https:\/\/truusk.store\/sv\/produkt\/truusk-armstodsbricka-i-bambutra-for-drycker-snacks-och-fjarrkontroll-praktiskt-tillbehor-for-soffan-hallbar-och-stilren\/","og_locale":"sv_SE","og_type":"article","og_title":"TRUUSK Armst\u00f6dsbricka i Bambutr\u00e4 - F\u00f6r Drycker, Snacks och Fj\u00e4rrkontroll - Praktiskt Tillbeh\u00f6r f\u00f6r Soffan - H\u00e5llbar och Stilren - TRUUSK - Hem, Tr\u00e4dg\u00e5rd &amp; Fritid","og_description":"St\u00f6rs du st\u00e4ndigt av oron att spill kommer att st\u00f6ra dina filmkv\u00e4llar? Det riskfyllda jonglerandet av drycker och snacks p\u00e5...","og_url":"https:\/\/truusk.store\/sv\/produkt\/truusk-armstodsbricka-i-bambutra-for-drycker-snacks-och-fjarrkontroll-praktiskt-tillbehor-for-soffan-hallbar-och-stilren\/","og_site_name":"TRUUSK - Hem, Tr\u00e4dg\u00e5rd &amp; Fritid","article_modified_time":"2026-03-12T07:51:07+00:00","og_image":[{"width":2000,"height":2000,"url":"https:\/\/i0.wp.com\/truusk.se\/wp-content\/uploads\/2025\/12\/armstodsbricka-for-soffor-for-drycker-snacks-fjarrkontroll-bambutra-1.webp?fit=2000%2C2000&ssl=1","type":"image\/webp"}],"twitter_card":"summary_large_image","twitter_misc":{"Ber\u00e4knad l\u00e4stid":"1 minut"},"schema":{"@context":"https:\/\/schema.org","@graph":[{"@type":"WebPage","@id":"https:\/\/truusk.store\/sv\/produkt\/truusk-armstodsbricka-i-bambutra-for-drycker-snacks-och-fjarrkontroll-praktiskt-tillbehor-for-soffan-hallbar-och-stilren\/","url":"https:\/\/truusk.store\/sv\/produkt\/truusk-armstodsbricka-i-bambutra-for-drycker-snacks-och-fjarrkontroll-praktiskt-tillbehor-for-soffan-hallbar-och-stilren\/","name":"TRUUSK Armst\u00f6dsbricka i Bambutr\u00e4 - F\u00f6r Drycker, Snacks och Fj\u00e4rrkontroll - Praktiskt Tillbeh\u00f6r f\u00f6r Soffan - H\u00e5llbar och Stilren - TRUUSK - Hem, Tr\u00e4dg\u00e5rd &amp; Fritid","isPartOf":{"@id":"https:\/\/truusk.store\/sv\/#website"},"primaryImageOfPage":{"@id":"https:\/\/truusk.store\/sv\/produkt\/truusk-armstodsbricka-i-bambutra-for-drycker-snacks-och-fjarrkontroll-praktiskt-tillbehor-for-soffan-hallbar-och-stilren\/#primaryimage"},"image":{"@id":"https:\/\/truusk.store\/sv\/produkt\/truusk-armstodsbricka-i-bambutra-for-drycker-snacks-och-fjarrkontroll-praktiskt-tillbehor-for-soffan-hallbar-och-stilren\/#primaryimage"},"thumbnailUrl":"https:\/\/i0.wp.com\/truusk.store\/wp-content\/uploads\/2025\/12\/armstodsbricka-for-soffor-for-drycker-snacks-fjarrkontroll-bambutra-1.webp?fit=2000%2C2000&ssl=1","datePublished":"2025-12-15T04:45:49+00:00","dateModified":"2026-03-12T07:51:07+00:00","breadcrumb":{"@id":"https:\/\/truusk.store\/sv\/produkt\/truusk-armstodsbricka-i-bambutra-for-drycker-snacks-och-fjarrkontroll-praktiskt-tillbehor-for-soffan-hallbar-och-stilren\/#breadcrumb"},"inLanguage":"sv-SE","potentialAction":[{"@type":"ReadAction","target":["https:\/\/truusk.store\/sv\/produkt\/truusk-armstodsbricka-i-bambutra-for-drycker-snacks-och-fjarrkontroll-praktiskt-tillbehor-for-soffan-hallbar-och-stilren\/"]}]},{"@type":"ImageObject","inLanguage":"sv-SE","@id":"https:\/\/truusk.store\/sv\/produkt\/truusk-armstodsbricka-i-bambutra-for-drycker-snacks-och-fjarrkontroll-praktiskt-tillbehor-for-soffan-hallbar-och-stilren\/#primaryimage","url":"https:\/\/i0.wp.com\/truusk.store\/wp-content\/uploads\/2025\/12\/armstodsbricka-for-soffor-for-drycker-snacks-fjarrkontroll-bambutra-1.webp?fit=2000%2C2000&ssl=1","contentUrl":"https:\/\/i0.wp.com\/truusk.store\/wp-content\/uploads\/2025\/12\/armstodsbricka-for-soffor-for-drycker-snacks-fjarrkontroll-bambutra-1.webp?fit=2000%2C2000&ssl=1","width":2000,"height":2000},{"@type":"BreadcrumbList","@id":"https:\/\/truusk.store\/sv\/produkt\/truusk-armstodsbricka-i-bambutra-for-drycker-snacks-och-fjarrkontroll-praktiskt-tillbehor-for-soffan-hallbar-och-stilren\/#breadcrumb","itemListElement":[{"@type":"ListItem","position":1,"name":"Home","item":"https:\/\/truusk.store\/sv\/"},{"@type":"ListItem","position":2,"name":"Shop","item":"https:\/\/truusk.store\/shop\/"},{"@type":"ListItem","position":3,"name":"TRUUSK Armst\u00f6dsbricka i Bambutr\u00e4 &#8211; F\u00f6r Drycker, Snacks och Fj\u00e4rrkontroll &#8211; Praktiskt Tillbeh\u00f6r f\u00f6r Soffan &#8211; H\u00e5llbar och Stilren &#8211;"}]},{"@type":"WebSite","@id":"https:\/\/truusk.store\/sv\/#website","url":"https:\/\/truusk.store\/sv\/","name":"TRUUSK - Hem, Tr\u00e4dg\u00e5rd & Fritid","description":"","publisher":{"@id":"https:\/\/truusk.store\/sv\/#organization"},"potentialAction":[{"@type":"SearchAction","target":{"@type":"EntryPoint","urlTemplate":"https:\/\/truusk.store\/sv\/?s={search_term_string}"},"query-input":{"@type":"PropertyValueSpecification","valueRequired":true,"valueName":"search_term_string"}}],"inLanguage":"sv-SE"},{"@type":"Organization","@id":"https:\/\/truusk.store\/sv\/#organization","name":"TRUUSK - Hem, Tr\u00e4dg\u00e5rd & Fritid","url":"https:\/\/truusk.store\/sv\/","logo":{"@type":"ImageObject","inLanguage":"sv-SE","@id":"https:\/\/truusk.store\/sv\/#\/schema\/logo\/image\/","url":"https:\/\/i0.wp.com\/truusk.store\/wp-content\/uploads\/2026\/03\/cropped-TRUUSK.png?fit=2032%2C917&ssl=1","contentUrl":"https:\/\/i0.wp.com\/truusk.store\/wp-content\/uploads\/2026\/03\/cropped-TRUUSK.png?fit=2032%2C917&ssl=1","width":2032,"height":917,"caption":"TRUUSK - Hem, Tr\u00e4dg\u00e5rd & Fritid"},"image":{"@id":"https:\/\/truusk.store\/sv\/#\/schema\/logo\/image\/"}}]}},"jetpack_sharing_enabled":true,"_links":{"self":[{"href":"https:\/\/truusk.store\/sv\/wp-json\/wp\/v2\/product\/98035","targetHints":{"allow":["GET"]}}],"collection":[{"href":"https:\/\/truusk.store\/sv\/wp-json\/wp\/v2\/product"}],"about":[{"href":"https:\/\/truusk.store\/sv\/wp-json\/wp\/v2\/types\/product"}],"wp:featuredmedia":[{"embeddable":true,"href":"https:\/\/truusk.store\/sv\/wp-json\/wp\/v2\/media\/98024"}],"wp:attachment":[{"href":"https:\/\/truusk.store\/sv\/wp-json\/wp\/v2\/media?parent=98035"}],"wp:term":[{"taxonomy":"product_brand","embeddable":true,"href":"https:\/\/truusk.store\/sv\/wp-json\/wp\/v2\/product_brand?post=98035"},{"taxonomy":"product_cat","embeddable":true,"href":"https:\/\/truusk.store\/sv\/wp-json\/wp\/v2\/product_cat?post=98035"},{"taxonomy":"product_tag","embeddable":true,"href":"https:\/\/truusk.store\/sv\/wp-json\/wp\/v2\/product_tag?post=98035"}],"curies":[{"name":"wp","href":"https:\/\/api.w.org\/{rel}","templated":true}]}}