{"id":98045,"date":"2025-12-15T05:46:45","date_gmt":"2025-12-15T04:46:45","guid":{"rendered":"https:\/\/truusk.store\/product\/tvattmaskinshylla-flera-oppna-fack-for-tvatt-tillbehor-bambutra\/"},"modified":"2026-03-12T08:51:09","modified_gmt":"2026-03-12T07:51:09","slug":"truusk-tvattmaskinshylla-flera-oppna-fack-for-tvatt-tillbehor-bambutra","status":"publish","type":"product","link":"https:\/\/truusk.store\/sv\/produkt\/truusk-tvattmaskinshylla-flera-oppna-fack-for-tvatt-tillbehor-bambutra\/","title":{"rendered":"TRUUSK Tv\u00e4ttmaskinshylla &#8211; Flera \u00f6ppna Fack &#8211; F\u00f6r Tv\u00e4tt &#8211; Tillbeh\u00f6r &#8211; Bambutr\u00e4"},"content":{"rendered":"<p>P\u00e5 tv\u00e4ttdagar n\u00e4r allt verkar \u00f6verfullt, skapar [BRAND NAME] tv\u00e4ttmaskinshyllan med sina sju hyllor f\u00f6r reng\u00f6ringsmedel, handdukar och annan anv\u00e4ndbar f\u00f6rvaringsplats. De flexibla, justerbara hyllorna och det starka bamburamverket \u00f6kar h\u00e5llbarheten. Denna hylla \u00f6ver tv\u00e4ttmaskinen kan placeras p\u00e5 b\u00e5da sidor av tv\u00e4ttmaskinen och optimerar s\u00e5 dina tv\u00e4ttrutiner.<\/p>\n<p>Beskrivning:<\/p>\n<ul>\n<li> Utrymmesbesparande design av toaletthyllan utnyttjar det oanv\u00e4nda utrymmet \u00f6ver tv\u00e4ttmaskinen eller torktumlaren<\/li>\n<li> Den 66 x 92 cm stora nedre delen passar f\u00f6r tv\u00e4ttmaskiner, toaletter eller tv\u00e4ttkorgar<\/li>\n<li> Sju hyllor erbjuder organiserat f\u00f6rvaringsutrymme f\u00f6r tv\u00e4ttmedel, handdukar och n\u00f6dv\u00e4ndigheter<\/li>\n<li> Tv\u00e5 rymliga niv\u00e5er \u00f6ver tv\u00e4ttmaskinen ger enkel tillg\u00e5ng och extra f\u00f6rvaringsutrymme. Den \u00f6versta niv\u00e5n \u00e4r tv\u00e5stegs justerbar<\/li>\n<li> Fem sidoh\u00e5llare med 9 justerbara h\u00f6jder passar f\u00f6r flaskor av alla storlekar, som kan monteras till v\u00e4nster eller h\u00f6ger<\/li>\n<li> Ram av lackerat bambu l\u00e4gger till naturlig styrka med vattenavvisande yta<\/li>\n<li> Anti-tip-set och halkfria fotdynor p\u00e5 tv\u00e4ttmaskinshyllan \u00f6kar stabiliteten och s\u00e4kerheten<\/li>\n<li> Montering kr\u00e4vs<\/li>\n<\/ul>\n<p> Tekniska specifikationer:<\/p>\n<ul>\n<li> F\u00e4rg: Natur<\/li>\n<li> Material: Bambu<\/li>\n<li> Totala dimensioner: 100B x 40D x 157H cm<\/li>\n<li> Utrymme nedanf\u00f6r f\u00f6r tv\u00e4ttmaskin: 66B x 92H cm<\/li>\n<li> Hyllstorlek: 66B x 40D cm, 28,5B x 40D x 33\/33\/36\/36 cm<\/li>\n<li> B\u00e4rkapacitet: 56 kg (totalt), 8 kg (hylla)<\/li>\n<\/ul>\n<p>Leverans inneh\u00e5ller:<\/p>\n<ul>\n<li> 1 x Tv\u00e4ttmaskinshylla<\/li>\n<li> 1 x Handbok<\/li>\n<\/ul>\n","protected":false},"excerpt":{"rendered":"<p>P\u00e5 tv\u00e4ttdagar n\u00e4r allt verkar \u00f6verfullt, skapar [BRAND NAME] tv\u00e4ttmaskinshyllan med sina sju hyllor f\u00f6r reng\u00f6ringsmedel, handdukar och annan anv\u00e4ndbar&#8230;<\/p>\n","protected":false},"featured_media":98036,"template":"","meta":[],"product_brand":[],"product_cat":[915,549,871],"product_tag":[],"class_list":{"0":"post-98045","1":"product","2":"type-product","3":"status-publish","4":"has-post-thumbnail","6":"product_cat-badrum","7":"product_cat-badrumshyllor","8":"product_cat-hus-hem","10":"first","11":"instock","12":"sale","13":"taxable","14":"shipping-taxable","15":"purchasable","16":"product-type-simple"},"yoast_head":"<!-- This site is optimized with the Yoast SEO plugin v25.4 - https:\/\/yoast.com\/wordpress\/plugins\/seo\/ -->\n<title>TRUUSK Tv\u00e4ttmaskinshylla - Flera \u00f6ppna Fack - F\u00f6r Tv\u00e4tt - Tillbeh\u00f6r - Bambutr\u00e4 - TRUUSK - Hem, Tr\u00e4dg\u00e5rd &amp; Fritid<\/title>\n<meta name=\"robots\" content=\"index, follow, max-snippet:-1, max-image-preview:large, max-video-preview:-1\" \/>\n<link rel=\"canonical\" href=\"https:\/\/truusk.store\/sv\/produkt\/truusk-tvattmaskinshylla-flera-oppna-fack-for-tvatt-tillbehor-bambutra\/\" \/>\n<meta property=\"og:locale\" content=\"sv_SE\" \/>\n<meta property=\"og:type\" content=\"article\" \/>\n<meta property=\"og:title\" content=\"TRUUSK Tv\u00e4ttmaskinshylla - Flera \u00f6ppna Fack - F\u00f6r Tv\u00e4tt - Tillbeh\u00f6r - Bambutr\u00e4 - TRUUSK - Hem, Tr\u00e4dg\u00e5rd &amp; Fritid\" \/>\n<meta property=\"og:description\" content=\"P\u00e5 tv\u00e4ttdagar n\u00e4r allt verkar \u00f6verfullt, skapar [BRAND NAME] tv\u00e4ttmaskinshyllan med sina sju hyllor f\u00f6r reng\u00f6ringsmedel, handdukar och annan anv\u00e4ndbar...\" \/>\n<meta property=\"og:url\" content=\"https:\/\/truusk.store\/sv\/produkt\/truusk-tvattmaskinshylla-flera-oppna-fack-for-tvatt-tillbehor-bambutra\/\" \/>\n<meta property=\"og:site_name\" content=\"TRUUSK - Hem, Tr\u00e4dg\u00e5rd &amp; Fritid\" \/>\n<meta property=\"article:modified_time\" content=\"2026-03-12T07:51:09+00:00\" \/>\n<meta property=\"og:image\" content=\"https:\/\/i0.wp.com\/truusk.se\/wp-content\/uploads\/2025\/12\/tvattmaskinshylla-flera-oppna-fack-for-tvatt-tillbehor-bambutra-1.webp?fit=2000%2C2000&ssl=1\" \/>\n\t<meta property=\"og:image:width\" content=\"2000\" \/>\n\t<meta property=\"og:image:height\" content=\"2000\" \/>\n\t<meta property=\"og:image:type\" content=\"image\/webp\" \/>\n<meta name=\"twitter:card\" content=\"summary_large_image\" \/>\n<meta name=\"twitter:label1\" content=\"Ber\u00e4knad l\u00e4stid\" \/>\n\t<meta name=\"twitter:data1\" content=\"1 minut\" \/>\n<!-- \/ Yoast SEO plugin. -->","yoast_head_json":{"title":"TRUUSK Tv\u00e4ttmaskinshylla - Flera \u00f6ppna Fack - F\u00f6r Tv\u00e4tt - Tillbeh\u00f6r - Bambutr\u00e4 - TRUUSK - Hem, Tr\u00e4dg\u00e5rd &amp; Fritid","robots":{"index":"index","follow":"follow","max-snippet":"max-snippet:-1","max-image-preview":"max-image-preview:large","max-video-preview":"max-video-preview:-1"},"canonical":"https:\/\/truusk.store\/sv\/produkt\/truusk-tvattmaskinshylla-flera-oppna-fack-for-tvatt-tillbehor-bambutra\/","og_locale":"sv_SE","og_type":"article","og_title":"TRUUSK Tv\u00e4ttmaskinshylla - Flera \u00f6ppna Fack - F\u00f6r Tv\u00e4tt - Tillbeh\u00f6r - Bambutr\u00e4 - TRUUSK - Hem, Tr\u00e4dg\u00e5rd &amp; Fritid","og_description":"P\u00e5 tv\u00e4ttdagar n\u00e4r allt verkar \u00f6verfullt, skapar [BRAND NAME] tv\u00e4ttmaskinshyllan med sina sju hyllor f\u00f6r reng\u00f6ringsmedel, handdukar och annan anv\u00e4ndbar...","og_url":"https:\/\/truusk.store\/sv\/produkt\/truusk-tvattmaskinshylla-flera-oppna-fack-for-tvatt-tillbehor-bambutra\/","og_site_name":"TRUUSK - Hem, Tr\u00e4dg\u00e5rd &amp; Fritid","article_modified_time":"2026-03-12T07:51:09+00:00","og_image":[{"width":2000,"height":2000,"url":"https:\/\/i0.wp.com\/truusk.se\/wp-content\/uploads\/2025\/12\/tvattmaskinshylla-flera-oppna-fack-for-tvatt-tillbehor-bambutra-1.webp?fit=2000%2C2000&ssl=1","type":"image\/webp"}],"twitter_card":"summary_large_image","twitter_misc":{"Ber\u00e4knad l\u00e4stid":"1 minut"},"schema":{"@context":"https:\/\/schema.org","@graph":[{"@type":"WebPage","@id":"https:\/\/truusk.store\/sv\/produkt\/truusk-tvattmaskinshylla-flera-oppna-fack-for-tvatt-tillbehor-bambutra\/","url":"https:\/\/truusk.store\/sv\/produkt\/truusk-tvattmaskinshylla-flera-oppna-fack-for-tvatt-tillbehor-bambutra\/","name":"TRUUSK Tv\u00e4ttmaskinshylla - Flera \u00f6ppna Fack - F\u00f6r Tv\u00e4tt - Tillbeh\u00f6r - Bambutr\u00e4 - TRUUSK - Hem, Tr\u00e4dg\u00e5rd &amp; Fritid","isPartOf":{"@id":"https:\/\/truusk.store\/sv\/#website"},"primaryImageOfPage":{"@id":"https:\/\/truusk.store\/sv\/produkt\/truusk-tvattmaskinshylla-flera-oppna-fack-for-tvatt-tillbehor-bambutra\/#primaryimage"},"image":{"@id":"https:\/\/truusk.store\/sv\/produkt\/truusk-tvattmaskinshylla-flera-oppna-fack-for-tvatt-tillbehor-bambutra\/#primaryimage"},"thumbnailUrl":"https:\/\/i0.wp.com\/truusk.store\/wp-content\/uploads\/2025\/12\/tvattmaskinshylla-flera-oppna-fack-for-tvatt-tillbehor-bambutra-1.webp?fit=2000%2C2000&ssl=1","datePublished":"2025-12-15T04:46:45+00:00","dateModified":"2026-03-12T07:51:09+00:00","breadcrumb":{"@id":"https:\/\/truusk.store\/sv\/produkt\/truusk-tvattmaskinshylla-flera-oppna-fack-for-tvatt-tillbehor-bambutra\/#breadcrumb"},"inLanguage":"sv-SE","potentialAction":[{"@type":"ReadAction","target":["https:\/\/truusk.store\/sv\/produkt\/truusk-tvattmaskinshylla-flera-oppna-fack-for-tvatt-tillbehor-bambutra\/"]}]},{"@type":"ImageObject","inLanguage":"sv-SE","@id":"https:\/\/truusk.store\/sv\/produkt\/truusk-tvattmaskinshylla-flera-oppna-fack-for-tvatt-tillbehor-bambutra\/#primaryimage","url":"https:\/\/i0.wp.com\/truusk.store\/wp-content\/uploads\/2025\/12\/tvattmaskinshylla-flera-oppna-fack-for-tvatt-tillbehor-bambutra-1.webp?fit=2000%2C2000&ssl=1","contentUrl":"https:\/\/i0.wp.com\/truusk.store\/wp-content\/uploads\/2025\/12\/tvattmaskinshylla-flera-oppna-fack-for-tvatt-tillbehor-bambutra-1.webp?fit=2000%2C2000&ssl=1","width":2000,"height":2000},{"@type":"BreadcrumbList","@id":"https:\/\/truusk.store\/sv\/produkt\/truusk-tvattmaskinshylla-flera-oppna-fack-for-tvatt-tillbehor-bambutra\/#breadcrumb","itemListElement":[{"@type":"ListItem","position":1,"name":"Home","item":"https:\/\/truusk.store\/sv\/"},{"@type":"ListItem","position":2,"name":"Shop","item":"https:\/\/truusk.store\/shop\/"},{"@type":"ListItem","position":3,"name":"TRUUSK Tv\u00e4ttmaskinshylla &#8211; Flera \u00f6ppna Fack &#8211; F\u00f6r Tv\u00e4tt &#8211; Tillbeh\u00f6r &#8211; Bambutr\u00e4"}]},{"@type":"WebSite","@id":"https:\/\/truusk.store\/sv\/#website","url":"https:\/\/truusk.store\/sv\/","name":"TRUUSK - Hem, Tr\u00e4dg\u00e5rd & Fritid","description":"","publisher":{"@id":"https:\/\/truusk.store\/sv\/#organization"},"potentialAction":[{"@type":"SearchAction","target":{"@type":"EntryPoint","urlTemplate":"https:\/\/truusk.store\/sv\/?s={search_term_string}"},"query-input":{"@type":"PropertyValueSpecification","valueRequired":true,"valueName":"search_term_string"}}],"inLanguage":"sv-SE"},{"@type":"Organization","@id":"https:\/\/truusk.store\/sv\/#organization","name":"TRUUSK - Hem, Tr\u00e4dg\u00e5rd & Fritid","url":"https:\/\/truusk.store\/sv\/","logo":{"@type":"ImageObject","inLanguage":"sv-SE","@id":"https:\/\/truusk.store\/sv\/#\/schema\/logo\/image\/","url":"https:\/\/i0.wp.com\/truusk.store\/wp-content\/uploads\/2026\/03\/cropped-TRUUSK.png?fit=2032%2C917&ssl=1","contentUrl":"https:\/\/i0.wp.com\/truusk.store\/wp-content\/uploads\/2026\/03\/cropped-TRUUSK.png?fit=2032%2C917&ssl=1","width":2032,"height":917,"caption":"TRUUSK - Hem, Tr\u00e4dg\u00e5rd & Fritid"},"image":{"@id":"https:\/\/truusk.store\/sv\/#\/schema\/logo\/image\/"}}]}},"jetpack_sharing_enabled":true,"_links":{"self":[{"href":"https:\/\/truusk.store\/sv\/wp-json\/wp\/v2\/product\/98045","targetHints":{"allow":["GET"]}}],"collection":[{"href":"https:\/\/truusk.store\/sv\/wp-json\/wp\/v2\/product"}],"about":[{"href":"https:\/\/truusk.store\/sv\/wp-json\/wp\/v2\/types\/product"}],"wp:featuredmedia":[{"embeddable":true,"href":"https:\/\/truusk.store\/sv\/wp-json\/wp\/v2\/media\/98036"}],"wp:attachment":[{"href":"https:\/\/truusk.store\/sv\/wp-json\/wp\/v2\/media?parent=98045"}],"wp:term":[{"taxonomy":"product_brand","embeddable":true,"href":"https:\/\/truusk.store\/sv\/wp-json\/wp\/v2\/product_brand?post=98045"},{"taxonomy":"product_cat","embeddable":true,"href":"https:\/\/truusk.store\/sv\/wp-json\/wp\/v2\/product_cat?post=98045"},{"taxonomy":"product_tag","embeddable":true,"href":"https:\/\/truusk.store\/sv\/wp-json\/wp\/v2\/product_tag?post=98045"}],"curies":[{"name":"wp","href":"https:\/\/api.w.org\/{rel}","templated":true}]}}