{"id":98172,"date":"2025-12-15T06:00:00","date_gmt":"2025-12-15T05:00:00","guid":{"rendered":"https:\/\/truusk.store\/product\/hamsterbur-smadjursinhagnad-med-3-nivaer-lophjul-stuga-plattformar-ramper-matskal-vattenflaska-tillbehor-stal-plast-svart\/"},"modified":"2026-03-12T08:52:21","modified_gmt":"2026-03-12T07:52:21","slug":"truusk-hamsterbur-med-3-nivaer-lophjul-stuga-plattformar-tillbehor-svart","status":"publish","type":"product","link":"https:\/\/truusk.store\/sv\/produkt\/truusk-hamsterbur-med-3-nivaer-lophjul-stuga-plattformar-tillbehor-svart\/","title":{"rendered":"TRUUSK Hamsterbur Med 3 Niv\u00e5er &#8211; L\u00f6phjul &#8211; Stuga &#8211; Plattformar &#8211; Tillbeh\u00f6r &#8211; Svart"},"content":{"rendered":"<p>F\u00f6rb\u00e4ttra ditt lilla djurs hem med denna [BRAND NAME] hamsterbur! Med tv\u00e5 ramper och plattformar f\u00f6r kl\u00e4ttring, utforskning och lek. Den djupa glasbasen fr\u00e4mjar naturligt gr\u00e4vande beteende, och springhjulet, den mysiga tillflyktsorten, matkoppen, vattenflaskan och kopplingstunnlarna ger aktivitet och underh\u00e5llning. De l\u00e4ttillg\u00e4ngliga d\u00f6rrarna underl\u00e4ttar reng\u00f6ring och utfodring, och st\u00e5let med l\u00e5sbara hjul garanterar ett s\u00e4kert, r\u00f6rligt hem.<\/p>\n<p>Beskrivning:<\/p>\n<ul>\n<li> Trestegsdesign av buren med massor av tillbeh\u00f6r f\u00f6r sp\u00e4nnande utforskningar<\/li>\n<li> 26 cm djup glasbotten med avtagbar skiljev\u00e4gg f\u00f6r gr\u00e4vning och lek<\/li>\n<li> St\u00e5lram med h\u00e4rdat glas och st\u00f6td\u00e4mpande KT-platta f\u00f6r stabilitet<\/li>\n<li> Fyra hjul underl\u00e4ttar flyttning av buren<\/li>\n<li> F\u00f6rvaringsfack h\u00e5ller husdjurstillbeh\u00f6r snyggt och l\u00e4ttillg\u00e4ngligt<\/li>\n<li> Gnagarburen kan avl\u00e4gsnas fr\u00e5n ramen f\u00f6r snabb underh\u00e5ll<\/li>\n<li> L\u00e4mplig f\u00f6r dv\u00e4rghamstrar, \u00f6kenr\u00e5ttor och guldhamstrar<\/li>\n<li> Montering kr\u00e4vs<\/li>\n<\/ul>\n<p> Tekniska data:<\/p>\n<ul>\n<li> F\u00e4rg: Svart<\/li>\n<li> Material: St\u00e5l, h\u00e4rdat glas, plast<\/li>\n<li> Totala dimensioner: 77L x 49B x 130,5H cm<\/li>\n<li> Burstorlek: 76,5L x 48,5B x 60,5H cm<\/li>\n<li> Glasbas: 76,5L x 48,5B x 26H cm<\/li>\n<li> Huvudbur: 75,5L x 46B x 35H cm<\/li>\n<li> Framd\u00f6rr: 25B x 14H cm<\/li>\n<li> \u00d6verd\u00f6rr: 25B x 29H cm<\/li>\n<li> Plattformar: 46L x 30B cm<\/li>\n<li> Ramper: 42,5L x 14B cm<\/li>\n<li> Springhjul: \u00d816,5 x 6,5H cm<\/li>\n<li> Hyllstorlek: 77L x 49B x 70H cm<\/li>\n<li> Hydda: 12L x 10B x 12H cm<\/li>\n<li> Matkopp: \u00d813 x 4,5H cm<\/li>\n<li> Vattenflaska: 100 ml<\/li>\n<li> Skiljev\u00e4gg: 23B x 47H cm<\/li>\n<li> R\u00f6rdiameter: \u00d85,5 cm<\/li>\n<li> St\u00e5ngavst\u00e5nd: 1 cm<\/li>\n<\/ul>\n<p>Leverans inneh\u00e5ller:<\/p>\n<ul>\n<li> 1 x Hamsterbur<\/li>\n<li> 1 x Bruksanvisning<\/li>\n<\/ul>\n","protected":false},"excerpt":{"rendered":"<p>F\u00f6rb\u00e4ttra ditt lilla djurs hem med denna [BRAND NAME] hamsterbur! Med tv\u00e5 ramper och plattformar f\u00f6r kl\u00e4ttring, utforskning och lek&#8230;.<\/p>\n","protected":false},"featured_media":98156,"template":"","meta":[],"product_brand":[],"product_cat":[878,599,597],"product_tag":[],"class_list":{"0":"post-98172","1":"product","2":"type-product","3":"status-publish","4":"has-post-thumbnail","6":"product_cat-djurbehov","7":"product_cat-sma-djurburar","8":"product_cat-sma-djurtillbehor","10":"first","11":"instock","12":"sale","13":"taxable","14":"shipping-taxable","15":"purchasable","16":"product-type-simple"},"yoast_head":"<!-- This site is optimized with the Yoast SEO plugin v25.4 - https:\/\/yoast.com\/wordpress\/plugins\/seo\/ -->\n<title>TRUUSK Hamsterbur Med 3 Niv\u00e5er - L\u00f6phjul - Stuga - Plattformar - Tillbeh\u00f6r - Svart - TRUUSK - Hem, Tr\u00e4dg\u00e5rd &amp; Fritid<\/title>\n<meta name=\"robots\" content=\"index, follow, max-snippet:-1, max-image-preview:large, max-video-preview:-1\" \/>\n<link rel=\"canonical\" href=\"https:\/\/truusk.store\/sv\/produkt\/truusk-hamsterbur-med-3-nivaer-lophjul-stuga-plattformar-tillbehor-svart\/\" \/>\n<meta property=\"og:locale\" content=\"sv_SE\" \/>\n<meta property=\"og:type\" content=\"article\" \/>\n<meta property=\"og:title\" content=\"TRUUSK Hamsterbur Med 3 Niv\u00e5er - L\u00f6phjul - Stuga - Plattformar - Tillbeh\u00f6r - Svart - TRUUSK - Hem, Tr\u00e4dg\u00e5rd &amp; Fritid\" \/>\n<meta property=\"og:description\" content=\"F\u00f6rb\u00e4ttra ditt lilla djurs hem med denna [BRAND NAME] hamsterbur! Med tv\u00e5 ramper och plattformar f\u00f6r kl\u00e4ttring, utforskning och lek....\" \/>\n<meta property=\"og:url\" content=\"https:\/\/truusk.store\/sv\/produkt\/truusk-hamsterbur-med-3-nivaer-lophjul-stuga-plattformar-tillbehor-svart\/\" \/>\n<meta property=\"og:site_name\" content=\"TRUUSK - Hem, Tr\u00e4dg\u00e5rd &amp; Fritid\" \/>\n<meta property=\"article:modified_time\" content=\"2026-03-12T07:52:21+00:00\" \/>\n<meta property=\"og:image\" content=\"https:\/\/i0.wp.com\/truusk.se\/wp-content\/uploads\/2025\/12\/hamsterbur-smadjursinhagnad-med-3-nivaer-lophjul-stuga-plattformar-ramper-matskal-vattenflaska-tillbehor-stal-plast-svart-1.webp?fit=2000%2C2000&ssl=1\" \/>\n\t<meta property=\"og:image:width\" content=\"2000\" \/>\n\t<meta property=\"og:image:height\" content=\"2000\" \/>\n\t<meta property=\"og:image:type\" content=\"image\/webp\" \/>\n<meta name=\"twitter:card\" content=\"summary_large_image\" \/>\n<meta name=\"twitter:label1\" content=\"Ber\u00e4knad l\u00e4stid\" \/>\n\t<meta name=\"twitter:data1\" content=\"1 minut\" \/>\n<!-- \/ Yoast SEO plugin. -->","yoast_head_json":{"title":"TRUUSK Hamsterbur Med 3 Niv\u00e5er - L\u00f6phjul - Stuga - Plattformar - Tillbeh\u00f6r - Svart - TRUUSK - Hem, Tr\u00e4dg\u00e5rd &amp; Fritid","robots":{"index":"index","follow":"follow","max-snippet":"max-snippet:-1","max-image-preview":"max-image-preview:large","max-video-preview":"max-video-preview:-1"},"canonical":"https:\/\/truusk.store\/sv\/produkt\/truusk-hamsterbur-med-3-nivaer-lophjul-stuga-plattformar-tillbehor-svart\/","og_locale":"sv_SE","og_type":"article","og_title":"TRUUSK Hamsterbur Med 3 Niv\u00e5er - L\u00f6phjul - Stuga - Plattformar - Tillbeh\u00f6r - Svart - TRUUSK - Hem, Tr\u00e4dg\u00e5rd &amp; Fritid","og_description":"F\u00f6rb\u00e4ttra ditt lilla djurs hem med denna [BRAND NAME] hamsterbur! Med tv\u00e5 ramper och plattformar f\u00f6r kl\u00e4ttring, utforskning och lek....","og_url":"https:\/\/truusk.store\/sv\/produkt\/truusk-hamsterbur-med-3-nivaer-lophjul-stuga-plattformar-tillbehor-svart\/","og_site_name":"TRUUSK - Hem, Tr\u00e4dg\u00e5rd &amp; Fritid","article_modified_time":"2026-03-12T07:52:21+00:00","og_image":[{"width":2000,"height":2000,"url":"https:\/\/i0.wp.com\/truusk.se\/wp-content\/uploads\/2025\/12\/hamsterbur-smadjursinhagnad-med-3-nivaer-lophjul-stuga-plattformar-ramper-matskal-vattenflaska-tillbehor-stal-plast-svart-1.webp?fit=2000%2C2000&ssl=1","type":"image\/webp"}],"twitter_card":"summary_large_image","twitter_misc":{"Ber\u00e4knad l\u00e4stid":"1 minut"},"schema":{"@context":"https:\/\/schema.org","@graph":[{"@type":"WebPage","@id":"https:\/\/truusk.store\/sv\/produkt\/truusk-hamsterbur-med-3-nivaer-lophjul-stuga-plattformar-tillbehor-svart\/","url":"https:\/\/truusk.store\/sv\/produkt\/truusk-hamsterbur-med-3-nivaer-lophjul-stuga-plattformar-tillbehor-svart\/","name":"TRUUSK Hamsterbur Med 3 Niv\u00e5er - L\u00f6phjul - Stuga - Plattformar - Tillbeh\u00f6r - Svart - TRUUSK - Hem, Tr\u00e4dg\u00e5rd &amp; Fritid","isPartOf":{"@id":"https:\/\/truusk.store\/sv\/#website"},"primaryImageOfPage":{"@id":"https:\/\/truusk.store\/sv\/produkt\/truusk-hamsterbur-med-3-nivaer-lophjul-stuga-plattformar-tillbehor-svart\/#primaryimage"},"image":{"@id":"https:\/\/truusk.store\/sv\/produkt\/truusk-hamsterbur-med-3-nivaer-lophjul-stuga-plattformar-tillbehor-svart\/#primaryimage"},"thumbnailUrl":"https:\/\/i0.wp.com\/truusk.store\/wp-content\/uploads\/2025\/12\/hamsterbur-smadjursinhagnad-med-3-nivaer-lophjul-stuga-plattformar-ramper-matskal-vattenflaska-tillbehor-stal-plast-svart-1.webp?fit=2000%2C2000&ssl=1","datePublished":"2025-12-15T05:00:00+00:00","dateModified":"2026-03-12T07:52:21+00:00","breadcrumb":{"@id":"https:\/\/truusk.store\/sv\/produkt\/truusk-hamsterbur-med-3-nivaer-lophjul-stuga-plattformar-tillbehor-svart\/#breadcrumb"},"inLanguage":"sv-SE","potentialAction":[{"@type":"ReadAction","target":["https:\/\/truusk.store\/sv\/produkt\/truusk-hamsterbur-med-3-nivaer-lophjul-stuga-plattformar-tillbehor-svart\/"]}]},{"@type":"ImageObject","inLanguage":"sv-SE","@id":"https:\/\/truusk.store\/sv\/produkt\/truusk-hamsterbur-med-3-nivaer-lophjul-stuga-plattformar-tillbehor-svart\/#primaryimage","url":"https:\/\/i0.wp.com\/truusk.store\/wp-content\/uploads\/2025\/12\/hamsterbur-smadjursinhagnad-med-3-nivaer-lophjul-stuga-plattformar-ramper-matskal-vattenflaska-tillbehor-stal-plast-svart-1.webp?fit=2000%2C2000&ssl=1","contentUrl":"https:\/\/i0.wp.com\/truusk.store\/wp-content\/uploads\/2025\/12\/hamsterbur-smadjursinhagnad-med-3-nivaer-lophjul-stuga-plattformar-ramper-matskal-vattenflaska-tillbehor-stal-plast-svart-1.webp?fit=2000%2C2000&ssl=1","width":2000,"height":2000},{"@type":"BreadcrumbList","@id":"https:\/\/truusk.store\/sv\/produkt\/truusk-hamsterbur-med-3-nivaer-lophjul-stuga-plattformar-tillbehor-svart\/#breadcrumb","itemListElement":[{"@type":"ListItem","position":1,"name":"Home","item":"https:\/\/truusk.store\/sv\/"},{"@type":"ListItem","position":2,"name":"Shop","item":"https:\/\/truusk.store\/shop\/"},{"@type":"ListItem","position":3,"name":"TRUUSK Hamsterbur Med 3 Niv\u00e5er &#8211; L\u00f6phjul &#8211; Stuga &#8211; Plattformar &#8211; Tillbeh\u00f6r &#8211; Svart"}]},{"@type":"WebSite","@id":"https:\/\/truusk.store\/sv\/#website","url":"https:\/\/truusk.store\/sv\/","name":"TRUUSK - Hem, Tr\u00e4dg\u00e5rd & Fritid","description":"","publisher":{"@id":"https:\/\/truusk.store\/sv\/#organization"},"potentialAction":[{"@type":"SearchAction","target":{"@type":"EntryPoint","urlTemplate":"https:\/\/truusk.store\/sv\/?s={search_term_string}"},"query-input":{"@type":"PropertyValueSpecification","valueRequired":true,"valueName":"search_term_string"}}],"inLanguage":"sv-SE"},{"@type":"Organization","@id":"https:\/\/truusk.store\/sv\/#organization","name":"TRUUSK - Hem, Tr\u00e4dg\u00e5rd & Fritid","url":"https:\/\/truusk.store\/sv\/","logo":{"@type":"ImageObject","inLanguage":"sv-SE","@id":"https:\/\/truusk.store\/sv\/#\/schema\/logo\/image\/","url":"https:\/\/i0.wp.com\/truusk.store\/wp-content\/uploads\/2026\/03\/cropped-TRUUSK.png?fit=2032%2C917&ssl=1","contentUrl":"https:\/\/i0.wp.com\/truusk.store\/wp-content\/uploads\/2026\/03\/cropped-TRUUSK.png?fit=2032%2C917&ssl=1","width":2032,"height":917,"caption":"TRUUSK - Hem, Tr\u00e4dg\u00e5rd & Fritid"},"image":{"@id":"https:\/\/truusk.store\/sv\/#\/schema\/logo\/image\/"}}]}},"jetpack_sharing_enabled":true,"_links":{"self":[{"href":"https:\/\/truusk.store\/sv\/wp-json\/wp\/v2\/product\/98172","targetHints":{"allow":["GET"]}}],"collection":[{"href":"https:\/\/truusk.store\/sv\/wp-json\/wp\/v2\/product"}],"about":[{"href":"https:\/\/truusk.store\/sv\/wp-json\/wp\/v2\/types\/product"}],"wp:featuredmedia":[{"embeddable":true,"href":"https:\/\/truusk.store\/sv\/wp-json\/wp\/v2\/media\/98156"}],"wp:attachment":[{"href":"https:\/\/truusk.store\/sv\/wp-json\/wp\/v2\/media?parent=98172"}],"wp:term":[{"taxonomy":"product_brand","embeddable":true,"href":"https:\/\/truusk.store\/sv\/wp-json\/wp\/v2\/product_brand?post=98172"},{"taxonomy":"product_cat","embeddable":true,"href":"https:\/\/truusk.store\/sv\/wp-json\/wp\/v2\/product_cat?post=98172"},{"taxonomy":"product_tag","embeddable":true,"href":"https:\/\/truusk.store\/sv\/wp-json\/wp\/v2\/product_tag?post=98172"}],"curies":[{"name":"wp","href":"https:\/\/api.w.org\/{rel}","templated":true}]}}