{"id":98177,"date":"2025-12-15T06:01:38","date_gmt":"2025-12-15T05:01:38","guid":{"rendered":"https:\/\/truusk.store\/product\/slushmaskin-snabb-kylning-omrorningsfunktion-24-l-ljusfunktion-svart\/"},"modified":"2026-03-12T08:52:24","modified_gmt":"2026-03-12T07:52:24","slug":"truusk-slushmaskin-snabb-kylning-omrorningsfunktion-24-l-ljusfunktion-svart","status":"publish","type":"product","link":"https:\/\/truusk.store\/sv\/produkt\/truusk-slushmaskin-snabb-kylning-omrorningsfunktion-24-l-ljusfunktion-svart\/","title":{"rendered":"TRUUSK Slushmaskin &#8211; Snabb Kylning &#8211; Omr\u00f6rningsfunktion &#8211; 2,4 L &#8211; Ljusfunktion &#8211; Svart"},"content":{"rendered":"<p>Lider du av vattniga, oj\u00e4mnt frusna drycker? St\u00f6r du dig p\u00e5 r\u00f6rigt is och komplexa maskiner? V\u00e5r [BRAND NAME] Slush-maskin l\u00f6ser detta &#8211; ingen is beh\u00f6vs! Med l\u00e4gen f\u00f6r frusen juice, slush och milkshakes samt variabel fasthet kan du enkelt skapa perfekta slushies, frappes och cocktails hemma. Avtagbar droppbricka, droppfri pip och reng\u00f6ringsl\u00e4ge g\u00f6r det roligare utan kr\u00e5ngel. Perfekt f\u00f6r fester, hemmabarer eller som daglig njutning.<\/p>\n<p>Beskrivning:<\/p>\n<ul>\n<li> F\u00f6rvandla vilken dryck som helst till en slushy, frapp\u00e9 eller frusen cocktail med bara ett knapptryck<\/li>\n<li> Klar p\u00e5 15\u201350 minuter tack vare snabb kylning och 360\u00b0-omr\u00f6rning<\/li>\n<li> Inbyggd sensor s\u00e4kerst\u00e4ller en j\u00e4mn blandning och r\u00f6r automatiskt var 10:e minut eller vid n\u00e4rmande<\/li>\n<li> V\u00e4lj mellan f\u00f6rinst\u00e4llningarna f\u00f6r frusen juice, slush eller milkshake och justera fastheten efter \u00f6nskem\u00e5l<\/li>\n<li> Slush-maskinens 2,4 L-sk\u00e5l rymmer upp till 1,8 L ingredienser &#8211; idealisk f\u00f6r familjer<\/li>\n<li> Ergonomiskt handtag och droppfri pip underl\u00e4ttar h\u00e4llning<\/li>\n<li> Slush-maskinen \u00e4r l\u00e4tt att reng\u00f6ra tack vare avtagbar droppbricka och reng\u00f6ringsl\u00e4ge<\/li>\n<li> Inbyggd belysning lyser upp blandningskammaren f\u00f6r tydlig sikt under blandningen<\/li>\n<\/ul>\n<p> Tekniska specifikationer:<\/p>\n<ul>\n<li> F\u00e4rg: Svart<\/li>\n<li> Material: ABS, Koppar<\/li>\n<li> Totala dimensioner: 16L x 40B x 37,6H cm<\/li>\n<li> Vattentank: 2,4 L<\/li>\n<li> Maximal anv\u00e4ndningskapacitet: 1,8 L<\/li>\n<li> Storlek p\u00e5 p\u00e5fyllningsr\u00f6r: 7,6L x 6,6B x 2,5H cm<\/li>\n<li> Maximal frystid: 12h<\/li>\n<li> Kylmedel: R290<\/li>\n<li> Nominell sp\u00e4nning: AC 220-240V, 50Hz<\/li>\n<li> Nominell effekt: 150W, 1,3A<\/li>\n<li> Kabell\u00e4ngd: 1,5 m<\/li>\n<li> Obs: Anv\u00e4nd drycker med mer \u00e4n 4% socker, 2,8\u201316% alkohol, r\u00f6r om v\u00e4l, inga isbitar, fasta \u00e4mnen eller heta v\u00e4tskor.<\/li>\n<\/ul>\n<p>Leveransinneh\u00e5ll:<\/p>\n<ul>\n<li> 1 x Slush-maskin<\/li>\n<li> 1 x Manual<\/li>\n<\/ul>\n","protected":false},"excerpt":{"rendered":"<p>Lider du av vattniga, oj\u00e4mnt frusna drycker? St\u00f6r du dig p\u00e5 r\u00f6rigt is och komplexa maskiner? V\u00e5r [BRAND NAME] Slush-maskin&#8230;<\/p>\n","protected":false},"featured_media":98159,"template":"","meta":[],"product_brand":[],"product_cat":[871,498,984,933],"product_tag":[],"class_list":{"0":"post-98177","1":"product","2":"type-product","3":"status-publish","4":"has-post-thumbnail","6":"product_cat-hus-hem","7":"product_cat-hushallsapparater","8":"product_cat-kleingerate","9":"product_cat-koksapparater","11":"first","12":"instock","13":"sale","14":"taxable","15":"shipping-taxable","16":"purchasable","17":"product-type-simple"},"yoast_head":"<!-- This site is optimized with the Yoast SEO plugin v25.4 - https:\/\/yoast.com\/wordpress\/plugins\/seo\/ -->\n<title>TRUUSK Slushmaskin - Snabb Kylning - Omr\u00f6rningsfunktion - 2,4 L - Ljusfunktion - Svart - TRUUSK - Hem, Tr\u00e4dg\u00e5rd &amp; Fritid<\/title>\n<meta name=\"robots\" content=\"index, follow, max-snippet:-1, max-image-preview:large, max-video-preview:-1\" \/>\n<link rel=\"canonical\" href=\"https:\/\/truusk.store\/sv\/produkt\/truusk-slushmaskin-snabb-kylning-omrorningsfunktion-24-l-ljusfunktion-svart\/\" \/>\n<meta property=\"og:locale\" content=\"sv_SE\" \/>\n<meta property=\"og:type\" content=\"article\" \/>\n<meta property=\"og:title\" content=\"TRUUSK Slushmaskin - Snabb Kylning - Omr\u00f6rningsfunktion - 2,4 L - Ljusfunktion - Svart - TRUUSK - Hem, Tr\u00e4dg\u00e5rd &amp; Fritid\" \/>\n<meta property=\"og:description\" content=\"Lider du av vattniga, oj\u00e4mnt frusna drycker? St\u00f6r du dig p\u00e5 r\u00f6rigt is och komplexa maskiner? V\u00e5r [BRAND NAME] Slush-maskin...\" \/>\n<meta property=\"og:url\" content=\"https:\/\/truusk.store\/sv\/produkt\/truusk-slushmaskin-snabb-kylning-omrorningsfunktion-24-l-ljusfunktion-svart\/\" \/>\n<meta property=\"og:site_name\" content=\"TRUUSK - Hem, Tr\u00e4dg\u00e5rd &amp; Fritid\" \/>\n<meta property=\"article:modified_time\" content=\"2026-03-12T07:52:24+00:00\" \/>\n<meta property=\"og:image\" content=\"https:\/\/i0.wp.com\/truusk.se\/wp-content\/uploads\/2025\/12\/slushmaskin-snabb-kylning-omrorningsfunktion-24-l-ljusfunktion-svart-1.webp?fit=2000%2C2000&ssl=1\" \/>\n\t<meta property=\"og:image:width\" content=\"2000\" \/>\n\t<meta property=\"og:image:height\" content=\"2000\" \/>\n\t<meta property=\"og:image:type\" content=\"image\/webp\" \/>\n<meta name=\"twitter:card\" content=\"summary_large_image\" \/>\n<meta name=\"twitter:label1\" content=\"Ber\u00e4knad l\u00e4stid\" \/>\n\t<meta name=\"twitter:data1\" content=\"1 minut\" \/>\n<!-- \/ Yoast SEO plugin. -->","yoast_head_json":{"title":"TRUUSK Slushmaskin - Snabb Kylning - Omr\u00f6rningsfunktion - 2,4 L - Ljusfunktion - Svart - TRUUSK - Hem, Tr\u00e4dg\u00e5rd &amp; Fritid","robots":{"index":"index","follow":"follow","max-snippet":"max-snippet:-1","max-image-preview":"max-image-preview:large","max-video-preview":"max-video-preview:-1"},"canonical":"https:\/\/truusk.store\/sv\/produkt\/truusk-slushmaskin-snabb-kylning-omrorningsfunktion-24-l-ljusfunktion-svart\/","og_locale":"sv_SE","og_type":"article","og_title":"TRUUSK Slushmaskin - Snabb Kylning - Omr\u00f6rningsfunktion - 2,4 L - Ljusfunktion - Svart - TRUUSK - Hem, Tr\u00e4dg\u00e5rd &amp; Fritid","og_description":"Lider du av vattniga, oj\u00e4mnt frusna drycker? St\u00f6r du dig p\u00e5 r\u00f6rigt is och komplexa maskiner? V\u00e5r [BRAND NAME] Slush-maskin...","og_url":"https:\/\/truusk.store\/sv\/produkt\/truusk-slushmaskin-snabb-kylning-omrorningsfunktion-24-l-ljusfunktion-svart\/","og_site_name":"TRUUSK - Hem, Tr\u00e4dg\u00e5rd &amp; Fritid","article_modified_time":"2026-03-12T07:52:24+00:00","og_image":[{"width":2000,"height":2000,"url":"https:\/\/i0.wp.com\/truusk.se\/wp-content\/uploads\/2025\/12\/slushmaskin-snabb-kylning-omrorningsfunktion-24-l-ljusfunktion-svart-1.webp?fit=2000%2C2000&ssl=1","type":"image\/webp"}],"twitter_card":"summary_large_image","twitter_misc":{"Ber\u00e4knad l\u00e4stid":"1 minut"},"schema":{"@context":"https:\/\/schema.org","@graph":[{"@type":"WebPage","@id":"https:\/\/truusk.store\/sv\/produkt\/truusk-slushmaskin-snabb-kylning-omrorningsfunktion-24-l-ljusfunktion-svart\/","url":"https:\/\/truusk.store\/sv\/produkt\/truusk-slushmaskin-snabb-kylning-omrorningsfunktion-24-l-ljusfunktion-svart\/","name":"TRUUSK Slushmaskin - Snabb Kylning - Omr\u00f6rningsfunktion - 2,4 L - Ljusfunktion - Svart - TRUUSK - Hem, Tr\u00e4dg\u00e5rd &amp; Fritid","isPartOf":{"@id":"https:\/\/truusk.store\/sv\/#website"},"primaryImageOfPage":{"@id":"https:\/\/truusk.store\/sv\/produkt\/truusk-slushmaskin-snabb-kylning-omrorningsfunktion-24-l-ljusfunktion-svart\/#primaryimage"},"image":{"@id":"https:\/\/truusk.store\/sv\/produkt\/truusk-slushmaskin-snabb-kylning-omrorningsfunktion-24-l-ljusfunktion-svart\/#primaryimage"},"thumbnailUrl":"https:\/\/i0.wp.com\/truusk.store\/wp-content\/uploads\/2025\/12\/slushmaskin-snabb-kylning-omrorningsfunktion-24-l-ljusfunktion-svart-1.webp?fit=2000%2C2000&ssl=1","datePublished":"2025-12-15T05:01:38+00:00","dateModified":"2026-03-12T07:52:24+00:00","breadcrumb":{"@id":"https:\/\/truusk.store\/sv\/produkt\/truusk-slushmaskin-snabb-kylning-omrorningsfunktion-24-l-ljusfunktion-svart\/#breadcrumb"},"inLanguage":"sv-SE","potentialAction":[{"@type":"ReadAction","target":["https:\/\/truusk.store\/sv\/produkt\/truusk-slushmaskin-snabb-kylning-omrorningsfunktion-24-l-ljusfunktion-svart\/"]}]},{"@type":"ImageObject","inLanguage":"sv-SE","@id":"https:\/\/truusk.store\/sv\/produkt\/truusk-slushmaskin-snabb-kylning-omrorningsfunktion-24-l-ljusfunktion-svart\/#primaryimage","url":"https:\/\/i0.wp.com\/truusk.store\/wp-content\/uploads\/2025\/12\/slushmaskin-snabb-kylning-omrorningsfunktion-24-l-ljusfunktion-svart-1.webp?fit=2000%2C2000&ssl=1","contentUrl":"https:\/\/i0.wp.com\/truusk.store\/wp-content\/uploads\/2025\/12\/slushmaskin-snabb-kylning-omrorningsfunktion-24-l-ljusfunktion-svart-1.webp?fit=2000%2C2000&ssl=1","width":2000,"height":2000},{"@type":"BreadcrumbList","@id":"https:\/\/truusk.store\/sv\/produkt\/truusk-slushmaskin-snabb-kylning-omrorningsfunktion-24-l-ljusfunktion-svart\/#breadcrumb","itemListElement":[{"@type":"ListItem","position":1,"name":"Home","item":"https:\/\/truusk.store\/sv\/"},{"@type":"ListItem","position":2,"name":"Shop","item":"https:\/\/truusk.store\/shop\/"},{"@type":"ListItem","position":3,"name":"TRUUSK Slushmaskin &#8211; Snabb Kylning &#8211; Omr\u00f6rningsfunktion &#8211; 2,4 L &#8211; Ljusfunktion &#8211; Svart"}]},{"@type":"WebSite","@id":"https:\/\/truusk.store\/sv\/#website","url":"https:\/\/truusk.store\/sv\/","name":"TRUUSK - Hem, Tr\u00e4dg\u00e5rd & Fritid","description":"","publisher":{"@id":"https:\/\/truusk.store\/sv\/#organization"},"potentialAction":[{"@type":"SearchAction","target":{"@type":"EntryPoint","urlTemplate":"https:\/\/truusk.store\/sv\/?s={search_term_string}"},"query-input":{"@type":"PropertyValueSpecification","valueRequired":true,"valueName":"search_term_string"}}],"inLanguage":"sv-SE"},{"@type":"Organization","@id":"https:\/\/truusk.store\/sv\/#organization","name":"TRUUSK - Hem, Tr\u00e4dg\u00e5rd & Fritid","url":"https:\/\/truusk.store\/sv\/","logo":{"@type":"ImageObject","inLanguage":"sv-SE","@id":"https:\/\/truusk.store\/sv\/#\/schema\/logo\/image\/","url":"https:\/\/i0.wp.com\/truusk.store\/wp-content\/uploads\/2026\/03\/cropped-TRUUSK.png?fit=2032%2C917&ssl=1","contentUrl":"https:\/\/i0.wp.com\/truusk.store\/wp-content\/uploads\/2026\/03\/cropped-TRUUSK.png?fit=2032%2C917&ssl=1","width":2032,"height":917,"caption":"TRUUSK - Hem, Tr\u00e4dg\u00e5rd & Fritid"},"image":{"@id":"https:\/\/truusk.store\/sv\/#\/schema\/logo\/image\/"}}]}},"jetpack_sharing_enabled":true,"_links":{"self":[{"href":"https:\/\/truusk.store\/sv\/wp-json\/wp\/v2\/product\/98177","targetHints":{"allow":["GET"]}}],"collection":[{"href":"https:\/\/truusk.store\/sv\/wp-json\/wp\/v2\/product"}],"about":[{"href":"https:\/\/truusk.store\/sv\/wp-json\/wp\/v2\/types\/product"}],"wp:featuredmedia":[{"embeddable":true,"href":"https:\/\/truusk.store\/sv\/wp-json\/wp\/v2\/media\/98159"}],"wp:attachment":[{"href":"https:\/\/truusk.store\/sv\/wp-json\/wp\/v2\/media?parent=98177"}],"wp:term":[{"taxonomy":"product_brand","embeddable":true,"href":"https:\/\/truusk.store\/sv\/wp-json\/wp\/v2\/product_brand?post=98177"},{"taxonomy":"product_cat","embeddable":true,"href":"https:\/\/truusk.store\/sv\/wp-json\/wp\/v2\/product_cat?post=98177"},{"taxonomy":"product_tag","embeddable":true,"href":"https:\/\/truusk.store\/sv\/wp-json\/wp\/v2\/product_tag?post=98177"}],"curies":[{"name":"wp","href":"https:\/\/api.w.org\/{rel}","templated":true}]}}