{"id":98204,"date":"2025-12-15T06:03:10","date_gmt":"2025-12-15T05:03:10","guid":{"rendered":"https:\/\/truusk.store\/product\/kontorsstol-med-djurvanligt-konstladeroverdrag-fotstod-hojdjusterbar-rullbar-beige\/"},"modified":"2026-03-12T08:52:34","modified_gmt":"2026-03-12T07:52:34","slug":"truusk-kontorsstol-med-djurvanligt-konstladeroverdrag-fotstod-hojdjusterbar-rullbar-beige","status":"publish","type":"product","link":"https:\/\/truusk.store\/sv\/produkt\/truusk-kontorsstol-med-djurvanligt-konstladeroverdrag-fotstod-hojdjusterbar-rullbar-beige\/","title":{"rendered":"TRUUSK Kontorsstol med Djurv\u00e4nligt Konstl\u00e4der\u00f6verdrag &#8211; Fotst\u00f6d &#8211; H\u00f6jdjusterbar &#8211; Rullbar &#8211; Beige"},"content":{"rendered":"<p>K\u00e4mpar du med l\u00e5nga arbetsdagar och hektiskt familjeliv? Den standardkontorsstolen \u00e4r inte l\u00e4ngre tillr\u00e4cklig, g\u00f6r dig tr\u00f6tt och orsakar bekymmer \u00f6ver fl\u00e4ckar eller repor fr\u00e5n husdjur. [BRAND NAME] skrivbordsstol med fotst\u00f6d revolutionerar din vardag: Luta dig tillbaka med dess 140\u00b0 ryggvinkel f\u00f6r en kort tupplur, medan det djurv\u00e4nliga konstl\u00e4dret och den bekv\u00e4ma stoppningen ger l\u00e5ngvarig komfort och smidigt f\u00f6renar arbete och avkoppling.<\/p>\n<p>Beskrivning:<\/p>\n<ul>\n<li> H\u00f6g ryggst\u00f6d, oberoende l\u00e4ndkudde och anslutna armst\u00f6d som anpassar sig till din kroppsform<\/li>\n<li> Tjock, h\u00f6gelastisk skum i skrivbordsstolen ger ett st\u00f6djande sittst\u00e4llning<\/li>\n<li> Det husdjursv\u00e4nliga konstl\u00e4dret p\u00e5 snurrstolen \u00e4r rept\u00e5ligt och st\u00f6ter bort djurh\u00e5r, vilket g\u00f6r reng\u00f6ringen otroligt enkel<\/li>\n<li> 140\u00b0 stegl\u00f6s lutning med fotst\u00f6d f\u00f6r optimal avkoppling<\/li>\n<li> Roterande hjul och sits anpassar sig till dynamiska kontorsmilj\u00f6er. PU-hjul skyddar alla typer av golv fr\u00e5n skador<\/li>\n<li> Justerbar sitth\u00f6jd med s\u00e4ker, mjuk gaslyft av klass 3<\/li>\n<li> Montering kr\u00e4vs<\/li>\n<\/ul>\n<p> Tekniska data:<\/p>\n<ul>\n<li> F\u00e4rg: Beige<\/li>\n<li> Material: Djurv\u00e4nligt konstl\u00e4der (60% polyuretan, 40% polyester), skum, metall, flerskiktsplatta<\/li>\n<li> Totala dimensioner: 65B x 67D x 111-119H cm<\/li>\n<li> Liggande dimensioner: 65B x 144D x 92-100H cm<\/li>\n<li> Sitsstorlek: 53B x 52D x 46-54H cm<\/li>\n<li> Ryggstorlek: 52B x 69H cm<\/li>\n<li> Tjocklek: 11 cm (sits), 13 cm (rygg)<\/li>\n<li> Armst\u00f6dsh\u00f6jd till sits: 22 cm<\/li>\n<li> Kabell\u00e4ngd f\u00f6r n\u00e4tkabel: 1,8 m<\/li>\n<li> B\u00e4rkapacitet: 120 kg<\/li>\n<li> L\u00e4mplig anv\u00e4ndarstorlek: 185 cm<\/li>\n<\/ul>\n<p>Leveransinneh\u00e5ll:<\/p>\n<ul>\n<li> 1 x kontorsstol<\/li>\n<li> 1 x handbok<\/li>\n<\/ul>\n","protected":false},"excerpt":{"rendered":"<p>K\u00e4mpar du med l\u00e5nga arbetsdagar och hektiskt familjeliv? Den standardkontorsstolen \u00e4r inte l\u00e4ngre tillr\u00e4cklig, g\u00f6r dig tr\u00f6tt och orsakar bekymmer&#8230;<\/p>\n","protected":false},"featured_media":98184,"template":"","meta":[],"product_brand":[],"product_cat":[872,871,516],"product_tag":[],"class_list":{"0":"post-98204","1":"product","2":"type-product","3":"status-publish","4":"has-post-thumbnail","6":"product_cat-hemmakontor-arbetsplats","7":"product_cat-hus-hem","8":"product_cat-kontorsstolar","10":"first","11":"instock","12":"sale","13":"taxable","14":"shipping-taxable","15":"purchasable","16":"product-type-simple"},"yoast_head":"<!-- This site is optimized with the Yoast SEO plugin v25.4 - https:\/\/yoast.com\/wordpress\/plugins\/seo\/ -->\n<title>TRUUSK Kontorsstol med Djurv\u00e4nligt Konstl\u00e4der\u00f6verdrag - Fotst\u00f6d - H\u00f6jdjusterbar - Rullbar - Beige - TRUUSK - Hem, Tr\u00e4dg\u00e5rd &amp; Fritid<\/title>\n<meta name=\"robots\" content=\"index, follow, max-snippet:-1, max-image-preview:large, max-video-preview:-1\" \/>\n<link rel=\"canonical\" href=\"https:\/\/truusk.store\/sv\/produkt\/truusk-kontorsstol-med-djurvanligt-konstladeroverdrag-fotstod-hojdjusterbar-rullbar-beige\/\" \/>\n<meta property=\"og:locale\" content=\"sv_SE\" \/>\n<meta property=\"og:type\" content=\"article\" \/>\n<meta property=\"og:title\" content=\"TRUUSK Kontorsstol med Djurv\u00e4nligt Konstl\u00e4der\u00f6verdrag - Fotst\u00f6d - H\u00f6jdjusterbar - Rullbar - Beige - TRUUSK - Hem, Tr\u00e4dg\u00e5rd &amp; Fritid\" \/>\n<meta property=\"og:description\" content=\"K\u00e4mpar du med l\u00e5nga arbetsdagar och hektiskt familjeliv? Den standardkontorsstolen \u00e4r inte l\u00e4ngre tillr\u00e4cklig, g\u00f6r dig tr\u00f6tt och orsakar bekymmer...\" \/>\n<meta property=\"og:url\" content=\"https:\/\/truusk.store\/sv\/produkt\/truusk-kontorsstol-med-djurvanligt-konstladeroverdrag-fotstod-hojdjusterbar-rullbar-beige\/\" \/>\n<meta property=\"og:site_name\" content=\"TRUUSK - Hem, Tr\u00e4dg\u00e5rd &amp; Fritid\" \/>\n<meta property=\"article:modified_time\" content=\"2026-03-12T07:52:34+00:00\" \/>\n<meta property=\"og:image\" content=\"https:\/\/i0.wp.com\/truusk.se\/wp-content\/uploads\/2025\/12\/kontorsstol-med-djurvanligt-konstladeroverdrag-fotstod-hojdjusterbar-rullbar-beige-1.webp?fit=2000%2C2000&ssl=1\" \/>\n\t<meta property=\"og:image:width\" content=\"2000\" \/>\n\t<meta property=\"og:image:height\" content=\"2000\" \/>\n\t<meta property=\"og:image:type\" content=\"image\/webp\" \/>\n<meta name=\"twitter:card\" content=\"summary_large_image\" \/>\n<meta name=\"twitter:label1\" content=\"Ber\u00e4knad l\u00e4stid\" \/>\n\t<meta name=\"twitter:data1\" content=\"1 minut\" \/>\n<!-- \/ Yoast SEO plugin. -->","yoast_head_json":{"title":"TRUUSK Kontorsstol med Djurv\u00e4nligt Konstl\u00e4der\u00f6verdrag - Fotst\u00f6d - H\u00f6jdjusterbar - Rullbar - Beige - TRUUSK - Hem, Tr\u00e4dg\u00e5rd &amp; Fritid","robots":{"index":"index","follow":"follow","max-snippet":"max-snippet:-1","max-image-preview":"max-image-preview:large","max-video-preview":"max-video-preview:-1"},"canonical":"https:\/\/truusk.store\/sv\/produkt\/truusk-kontorsstol-med-djurvanligt-konstladeroverdrag-fotstod-hojdjusterbar-rullbar-beige\/","og_locale":"sv_SE","og_type":"article","og_title":"TRUUSK Kontorsstol med Djurv\u00e4nligt Konstl\u00e4der\u00f6verdrag - Fotst\u00f6d - H\u00f6jdjusterbar - Rullbar - Beige - TRUUSK - Hem, Tr\u00e4dg\u00e5rd &amp; Fritid","og_description":"K\u00e4mpar du med l\u00e5nga arbetsdagar och hektiskt familjeliv? Den standardkontorsstolen \u00e4r inte l\u00e4ngre tillr\u00e4cklig, g\u00f6r dig tr\u00f6tt och orsakar bekymmer...","og_url":"https:\/\/truusk.store\/sv\/produkt\/truusk-kontorsstol-med-djurvanligt-konstladeroverdrag-fotstod-hojdjusterbar-rullbar-beige\/","og_site_name":"TRUUSK - Hem, Tr\u00e4dg\u00e5rd &amp; Fritid","article_modified_time":"2026-03-12T07:52:34+00:00","og_image":[{"width":2000,"height":2000,"url":"https:\/\/i0.wp.com\/truusk.se\/wp-content\/uploads\/2025\/12\/kontorsstol-med-djurvanligt-konstladeroverdrag-fotstod-hojdjusterbar-rullbar-beige-1.webp?fit=2000%2C2000&ssl=1","type":"image\/webp"}],"twitter_card":"summary_large_image","twitter_misc":{"Ber\u00e4knad l\u00e4stid":"1 minut"},"schema":{"@context":"https:\/\/schema.org","@graph":[{"@type":"WebPage","@id":"https:\/\/truusk.store\/sv\/produkt\/truusk-kontorsstol-med-djurvanligt-konstladeroverdrag-fotstod-hojdjusterbar-rullbar-beige\/","url":"https:\/\/truusk.store\/sv\/produkt\/truusk-kontorsstol-med-djurvanligt-konstladeroverdrag-fotstod-hojdjusterbar-rullbar-beige\/","name":"TRUUSK Kontorsstol med Djurv\u00e4nligt Konstl\u00e4der\u00f6verdrag - Fotst\u00f6d - H\u00f6jdjusterbar - Rullbar - Beige - TRUUSK - Hem, Tr\u00e4dg\u00e5rd &amp; Fritid","isPartOf":{"@id":"https:\/\/truusk.store\/sv\/#website"},"primaryImageOfPage":{"@id":"https:\/\/truusk.store\/sv\/produkt\/truusk-kontorsstol-med-djurvanligt-konstladeroverdrag-fotstod-hojdjusterbar-rullbar-beige\/#primaryimage"},"image":{"@id":"https:\/\/truusk.store\/sv\/produkt\/truusk-kontorsstol-med-djurvanligt-konstladeroverdrag-fotstod-hojdjusterbar-rullbar-beige\/#primaryimage"},"thumbnailUrl":"https:\/\/i0.wp.com\/truusk.store\/wp-content\/uploads\/2025\/12\/kontorsstol-med-djurvanligt-konstladeroverdrag-fotstod-hojdjusterbar-rullbar-beige-1.webp?fit=2000%2C2000&ssl=1","datePublished":"2025-12-15T05:03:10+00:00","dateModified":"2026-03-12T07:52:34+00:00","breadcrumb":{"@id":"https:\/\/truusk.store\/sv\/produkt\/truusk-kontorsstol-med-djurvanligt-konstladeroverdrag-fotstod-hojdjusterbar-rullbar-beige\/#breadcrumb"},"inLanguage":"sv-SE","potentialAction":[{"@type":"ReadAction","target":["https:\/\/truusk.store\/sv\/produkt\/truusk-kontorsstol-med-djurvanligt-konstladeroverdrag-fotstod-hojdjusterbar-rullbar-beige\/"]}]},{"@type":"ImageObject","inLanguage":"sv-SE","@id":"https:\/\/truusk.store\/sv\/produkt\/truusk-kontorsstol-med-djurvanligt-konstladeroverdrag-fotstod-hojdjusterbar-rullbar-beige\/#primaryimage","url":"https:\/\/i0.wp.com\/truusk.store\/wp-content\/uploads\/2025\/12\/kontorsstol-med-djurvanligt-konstladeroverdrag-fotstod-hojdjusterbar-rullbar-beige-1.webp?fit=2000%2C2000&ssl=1","contentUrl":"https:\/\/i0.wp.com\/truusk.store\/wp-content\/uploads\/2025\/12\/kontorsstol-med-djurvanligt-konstladeroverdrag-fotstod-hojdjusterbar-rullbar-beige-1.webp?fit=2000%2C2000&ssl=1","width":2000,"height":2000},{"@type":"BreadcrumbList","@id":"https:\/\/truusk.store\/sv\/produkt\/truusk-kontorsstol-med-djurvanligt-konstladeroverdrag-fotstod-hojdjusterbar-rullbar-beige\/#breadcrumb","itemListElement":[{"@type":"ListItem","position":1,"name":"Home","item":"https:\/\/truusk.store\/sv\/"},{"@type":"ListItem","position":2,"name":"Shop","item":"https:\/\/truusk.store\/shop\/"},{"@type":"ListItem","position":3,"name":"TRUUSK Kontorsstol med Djurv\u00e4nligt Konstl\u00e4der\u00f6verdrag &#8211; Fotst\u00f6d &#8211; H\u00f6jdjusterbar &#8211; Rullbar &#8211; Beige"}]},{"@type":"WebSite","@id":"https:\/\/truusk.store\/sv\/#website","url":"https:\/\/truusk.store\/sv\/","name":"TRUUSK - Hem, Tr\u00e4dg\u00e5rd & Fritid","description":"","publisher":{"@id":"https:\/\/truusk.store\/sv\/#organization"},"potentialAction":[{"@type":"SearchAction","target":{"@type":"EntryPoint","urlTemplate":"https:\/\/truusk.store\/sv\/?s={search_term_string}"},"query-input":{"@type":"PropertyValueSpecification","valueRequired":true,"valueName":"search_term_string"}}],"inLanguage":"sv-SE"},{"@type":"Organization","@id":"https:\/\/truusk.store\/sv\/#organization","name":"TRUUSK - Hem, Tr\u00e4dg\u00e5rd & Fritid","url":"https:\/\/truusk.store\/sv\/","logo":{"@type":"ImageObject","inLanguage":"sv-SE","@id":"https:\/\/truusk.store\/sv\/#\/schema\/logo\/image\/","url":"https:\/\/i0.wp.com\/truusk.store\/wp-content\/uploads\/2026\/03\/cropped-TRUUSK.png?fit=2032%2C917&ssl=1","contentUrl":"https:\/\/i0.wp.com\/truusk.store\/wp-content\/uploads\/2026\/03\/cropped-TRUUSK.png?fit=2032%2C917&ssl=1","width":2032,"height":917,"caption":"TRUUSK - Hem, Tr\u00e4dg\u00e5rd & Fritid"},"image":{"@id":"https:\/\/truusk.store\/sv\/#\/schema\/logo\/image\/"}}]}},"jetpack_sharing_enabled":true,"_links":{"self":[{"href":"https:\/\/truusk.store\/sv\/wp-json\/wp\/v2\/product\/98204","targetHints":{"allow":["GET"]}}],"collection":[{"href":"https:\/\/truusk.store\/sv\/wp-json\/wp\/v2\/product"}],"about":[{"href":"https:\/\/truusk.store\/sv\/wp-json\/wp\/v2\/types\/product"}],"wp:featuredmedia":[{"embeddable":true,"href":"https:\/\/truusk.store\/sv\/wp-json\/wp\/v2\/media\/98184"}],"wp:attachment":[{"href":"https:\/\/truusk.store\/sv\/wp-json\/wp\/v2\/media?parent=98204"}],"wp:term":[{"taxonomy":"product_brand","embeddable":true,"href":"https:\/\/truusk.store\/sv\/wp-json\/wp\/v2\/product_brand?post=98204"},{"taxonomy":"product_cat","embeddable":true,"href":"https:\/\/truusk.store\/sv\/wp-json\/wp\/v2\/product_cat?post=98204"},{"taxonomy":"product_tag","embeddable":true,"href":"https:\/\/truusk.store\/sv\/wp-json\/wp\/v2\/product_tag?post=98204"}],"curies":[{"name":"wp","href":"https:\/\/api.w.org\/{rel}","templated":true}]}}