{"id":98205,"date":"2025-12-15T06:03:13","date_gmt":"2025-12-15T05:03:13","guid":{"rendered":"https:\/\/truusk.store\/product\/smal-konsolbord-skap-industriell-design-vardagsrum-hall-40x30x76cm-rustikt-brun\/"},"modified":"2026-03-12T08:52:28","modified_gmt":"2026-03-12T07:52:28","slug":"truusk-smalt-konsolbord-skap-med-industriell-design-for-vardagsrum-och-hall-40x30x76cm-rustikt-brun","status":"publish","type":"product","link":"https:\/\/truusk.store\/sv\/produkt\/truusk-smalt-konsolbord-skap-med-industriell-design-for-vardagsrum-och-hall-40x30x76cm-rustikt-brun\/","title":{"rendered":"TRUUSK Smalt Konsolbord &#8211; Sk\u00e5p med Industriell Design &#8211; F\u00f6r Vardagsrum och Hall &#8211; 40x30x76cm &#8211; Rustikt Brun"},"content":{"rendered":"<p>[BRAND NAME] konsolbord kombinerar modern industriell design med funktionalitet. I hallar eller vardagsrum skapar den en inspirerande atmosf\u00e4r med sin naturliga tigertr\u00e4-look och svarta st\u00e5lram. Det rymliga sk\u00e5pet p\u00e5 hallbordet erbjuder plats f\u00f6r nycklar och dokument, medan den utrymmesbesparande designen m\u00f6jligg\u00f6r ordning i varje rum.<\/p>\n<p>Beskrivning:<\/p>\n<ul>\n<li> Konsolbordet med tr\u00e4look och svart st\u00e5lram ger ditt rum en industriell chic<\/li>\n<li> Sk\u00e5pet p\u00e5 hallbordet erbjuder praktisk f\u00f6rvaring f\u00f6r personliga tillh\u00f6righeter<\/li>\n<li> P\u00e5 bordsskivan kan du stilfullt presentera vaser, foton och andra dekorationer<\/li>\n<li> Aluminiumlegeringshandtaget p\u00e5 konsolbordet m\u00f6jligg\u00f6r enkel \u00f6ppning och st\u00e4ngning av sk\u00e5pet<\/li>\n<li> Golvskydd skyddar ditt golv fr\u00e5n repor och s\u00e4kerst\u00e4ller h\u00e5llbarhet<\/li>\n<li> Melaminbelagd yta p\u00e5 hallbordet \u00e4r sl\u00e4t och l\u00e4tt att reng\u00f6ra, idealisk f\u00f6r daglig anv\u00e4ndning<\/li>\n<li> H\u00f6jt golv underl\u00e4ttar reng\u00f6ring och ger ett rent hem<\/li>\n<li> Enkel montering kr\u00e4vs<\/li>\n<\/ul>\n<p> Tekniska data:<\/p>\n<ul>\n<li> F\u00e4rg: Rustik brun + svart<\/li>\n<li> Material: Sp\u00e5nskiva, st\u00e5l<\/li>\n<li> Totala dimensioner: 40L x 30B x 76H cm<\/li>\n<li> Inre dimensioner av sk\u00e5pet: 37L x 28,5B x 27H cm<\/li>\n<li> Benens h\u00f6jd: 46 cm<\/li>\n<li> Viktkapacitet: 25 kg (totalt), 10 kg (sk\u00e5p)<\/li>\n<\/ul>\n<p>Leveransinneh\u00e5ll:<\/p>\n<ul>\n<li> 1 x Konsolbord<\/li>\n<li> 1 x Handbok<\/li>\n<\/ul>\n","protected":false},"excerpt":{"rendered":"<p>[BRAND NAME] konsolbord kombinerar modern industriell design med funktionalitet. I hallar eller vardagsrum skapar den en inspirerande atmosf\u00e4r med sin&#8230;<\/p>\n","protected":false},"featured_media":98183,"template":"","meta":[],"product_brand":[],"product_cat":[893,871,514],"product_tag":[],"class_list":{"0":"post-98205","1":"product","2":"type-product","3":"status-publish","4":"has-post-thumbnail","6":"product_cat-garderob-hall","7":"product_cat-hus-hem","8":"product_cat-konsolbord","10":"first","11":"instock","12":"sale","13":"taxable","14":"shipping-taxable","15":"purchasable","16":"product-type-simple"},"yoast_head":"<!-- This site is optimized with the Yoast SEO plugin v25.4 - https:\/\/yoast.com\/wordpress\/plugins\/seo\/ -->\n<title>TRUUSK Smalt Konsolbord - Sk\u00e5p med Industriell Design - F\u00f6r Vardagsrum och Hall - 40x30x76cm - Rustikt Brun - TRUUSK - Hem, Tr\u00e4dg\u00e5rd &amp; Fritid<\/title>\n<meta name=\"robots\" content=\"index, follow, max-snippet:-1, max-image-preview:large, max-video-preview:-1\" \/>\n<link rel=\"canonical\" href=\"https:\/\/truusk.store\/sv\/produkt\/truusk-smalt-konsolbord-skap-med-industriell-design-for-vardagsrum-och-hall-40x30x76cm-rustikt-brun\/\" \/>\n<meta property=\"og:locale\" content=\"sv_SE\" \/>\n<meta property=\"og:type\" content=\"article\" \/>\n<meta property=\"og:title\" content=\"TRUUSK Smalt Konsolbord - Sk\u00e5p med Industriell Design - F\u00f6r Vardagsrum och Hall - 40x30x76cm - Rustikt Brun - TRUUSK - Hem, Tr\u00e4dg\u00e5rd &amp; Fritid\" \/>\n<meta property=\"og:description\" content=\"[BRAND NAME] konsolbord kombinerar modern industriell design med funktionalitet. I hallar eller vardagsrum skapar den en inspirerande atmosf\u00e4r med sin...\" \/>\n<meta property=\"og:url\" content=\"https:\/\/truusk.store\/sv\/produkt\/truusk-smalt-konsolbord-skap-med-industriell-design-for-vardagsrum-och-hall-40x30x76cm-rustikt-brun\/\" \/>\n<meta property=\"og:site_name\" content=\"TRUUSK - Hem, Tr\u00e4dg\u00e5rd &amp; Fritid\" \/>\n<meta property=\"article:modified_time\" content=\"2026-03-12T07:52:28+00:00\" \/>\n<meta property=\"og:image\" content=\"https:\/\/i0.wp.com\/truusk.se\/wp-content\/uploads\/2025\/12\/smal-konsolbord-skap-industriell-design-vardagsrum-hall-40x30x76cm-rustikt-brun-1.webp?fit=2000%2C2000&ssl=1\" \/>\n\t<meta property=\"og:image:width\" content=\"2000\" \/>\n\t<meta property=\"og:image:height\" content=\"2000\" \/>\n\t<meta property=\"og:image:type\" content=\"image\/webp\" \/>\n<meta name=\"twitter:card\" content=\"summary_large_image\" \/>\n<meta name=\"twitter:label1\" content=\"Ber\u00e4knad l\u00e4stid\" \/>\n\t<meta name=\"twitter:data1\" content=\"1 minut\" \/>\n<!-- \/ Yoast SEO plugin. -->","yoast_head_json":{"title":"TRUUSK Smalt Konsolbord - Sk\u00e5p med Industriell Design - F\u00f6r Vardagsrum och Hall - 40x30x76cm - Rustikt Brun - TRUUSK - Hem, Tr\u00e4dg\u00e5rd &amp; Fritid","robots":{"index":"index","follow":"follow","max-snippet":"max-snippet:-1","max-image-preview":"max-image-preview:large","max-video-preview":"max-video-preview:-1"},"canonical":"https:\/\/truusk.store\/sv\/produkt\/truusk-smalt-konsolbord-skap-med-industriell-design-for-vardagsrum-och-hall-40x30x76cm-rustikt-brun\/","og_locale":"sv_SE","og_type":"article","og_title":"TRUUSK Smalt Konsolbord - Sk\u00e5p med Industriell Design - F\u00f6r Vardagsrum och Hall - 40x30x76cm - Rustikt Brun - TRUUSK - Hem, Tr\u00e4dg\u00e5rd &amp; Fritid","og_description":"[BRAND NAME] konsolbord kombinerar modern industriell design med funktionalitet. I hallar eller vardagsrum skapar den en inspirerande atmosf\u00e4r med sin...","og_url":"https:\/\/truusk.store\/sv\/produkt\/truusk-smalt-konsolbord-skap-med-industriell-design-for-vardagsrum-och-hall-40x30x76cm-rustikt-brun\/","og_site_name":"TRUUSK - Hem, Tr\u00e4dg\u00e5rd &amp; Fritid","article_modified_time":"2026-03-12T07:52:28+00:00","og_image":[{"width":2000,"height":2000,"url":"https:\/\/i0.wp.com\/truusk.se\/wp-content\/uploads\/2025\/12\/smal-konsolbord-skap-industriell-design-vardagsrum-hall-40x30x76cm-rustikt-brun-1.webp?fit=2000%2C2000&ssl=1","type":"image\/webp"}],"twitter_card":"summary_large_image","twitter_misc":{"Ber\u00e4knad l\u00e4stid":"1 minut"},"schema":{"@context":"https:\/\/schema.org","@graph":[{"@type":"WebPage","@id":"https:\/\/truusk.store\/sv\/produkt\/truusk-smalt-konsolbord-skap-med-industriell-design-for-vardagsrum-och-hall-40x30x76cm-rustikt-brun\/","url":"https:\/\/truusk.store\/sv\/produkt\/truusk-smalt-konsolbord-skap-med-industriell-design-for-vardagsrum-och-hall-40x30x76cm-rustikt-brun\/","name":"TRUUSK Smalt Konsolbord - Sk\u00e5p med Industriell Design - F\u00f6r Vardagsrum och Hall - 40x30x76cm - Rustikt Brun - TRUUSK - Hem, Tr\u00e4dg\u00e5rd &amp; Fritid","isPartOf":{"@id":"https:\/\/truusk.store\/sv\/#website"},"primaryImageOfPage":{"@id":"https:\/\/truusk.store\/sv\/produkt\/truusk-smalt-konsolbord-skap-med-industriell-design-for-vardagsrum-och-hall-40x30x76cm-rustikt-brun\/#primaryimage"},"image":{"@id":"https:\/\/truusk.store\/sv\/produkt\/truusk-smalt-konsolbord-skap-med-industriell-design-for-vardagsrum-och-hall-40x30x76cm-rustikt-brun\/#primaryimage"},"thumbnailUrl":"https:\/\/i0.wp.com\/truusk.store\/wp-content\/uploads\/2025\/12\/smal-konsolbord-skap-industriell-design-vardagsrum-hall-40x30x76cm-rustikt-brun-1.webp?fit=2000%2C2000&ssl=1","datePublished":"2025-12-15T05:03:13+00:00","dateModified":"2026-03-12T07:52:28+00:00","breadcrumb":{"@id":"https:\/\/truusk.store\/sv\/produkt\/truusk-smalt-konsolbord-skap-med-industriell-design-for-vardagsrum-och-hall-40x30x76cm-rustikt-brun\/#breadcrumb"},"inLanguage":"sv-SE","potentialAction":[{"@type":"ReadAction","target":["https:\/\/truusk.store\/sv\/produkt\/truusk-smalt-konsolbord-skap-med-industriell-design-for-vardagsrum-och-hall-40x30x76cm-rustikt-brun\/"]}]},{"@type":"ImageObject","inLanguage":"sv-SE","@id":"https:\/\/truusk.store\/sv\/produkt\/truusk-smalt-konsolbord-skap-med-industriell-design-for-vardagsrum-och-hall-40x30x76cm-rustikt-brun\/#primaryimage","url":"https:\/\/i0.wp.com\/truusk.store\/wp-content\/uploads\/2025\/12\/smal-konsolbord-skap-industriell-design-vardagsrum-hall-40x30x76cm-rustikt-brun-1.webp?fit=2000%2C2000&ssl=1","contentUrl":"https:\/\/i0.wp.com\/truusk.store\/wp-content\/uploads\/2025\/12\/smal-konsolbord-skap-industriell-design-vardagsrum-hall-40x30x76cm-rustikt-brun-1.webp?fit=2000%2C2000&ssl=1","width":2000,"height":2000},{"@type":"BreadcrumbList","@id":"https:\/\/truusk.store\/sv\/produkt\/truusk-smalt-konsolbord-skap-med-industriell-design-for-vardagsrum-och-hall-40x30x76cm-rustikt-brun\/#breadcrumb","itemListElement":[{"@type":"ListItem","position":1,"name":"Home","item":"https:\/\/truusk.store\/sv\/"},{"@type":"ListItem","position":2,"name":"Shop","item":"https:\/\/truusk.store\/shop\/"},{"@type":"ListItem","position":3,"name":"TRUUSK Smalt Konsolbord &#8211; Sk\u00e5p med Industriell Design &#8211; F\u00f6r Vardagsrum och Hall &#8211; 40x30x76cm &#8211; Rustikt Brun"}]},{"@type":"WebSite","@id":"https:\/\/truusk.store\/sv\/#website","url":"https:\/\/truusk.store\/sv\/","name":"TRUUSK - Hem, Tr\u00e4dg\u00e5rd & Fritid","description":"","publisher":{"@id":"https:\/\/truusk.store\/sv\/#organization"},"potentialAction":[{"@type":"SearchAction","target":{"@type":"EntryPoint","urlTemplate":"https:\/\/truusk.store\/sv\/?s={search_term_string}"},"query-input":{"@type":"PropertyValueSpecification","valueRequired":true,"valueName":"search_term_string"}}],"inLanguage":"sv-SE"},{"@type":"Organization","@id":"https:\/\/truusk.store\/sv\/#organization","name":"TRUUSK - Hem, Tr\u00e4dg\u00e5rd & Fritid","url":"https:\/\/truusk.store\/sv\/","logo":{"@type":"ImageObject","inLanguage":"sv-SE","@id":"https:\/\/truusk.store\/sv\/#\/schema\/logo\/image\/","url":"https:\/\/i0.wp.com\/truusk.store\/wp-content\/uploads\/2026\/03\/cropped-TRUUSK.png?fit=2032%2C917&ssl=1","contentUrl":"https:\/\/i0.wp.com\/truusk.store\/wp-content\/uploads\/2026\/03\/cropped-TRUUSK.png?fit=2032%2C917&ssl=1","width":2032,"height":917,"caption":"TRUUSK - Hem, Tr\u00e4dg\u00e5rd & Fritid"},"image":{"@id":"https:\/\/truusk.store\/sv\/#\/schema\/logo\/image\/"}}]}},"jetpack_sharing_enabled":true,"_links":{"self":[{"href":"https:\/\/truusk.store\/sv\/wp-json\/wp\/v2\/product\/98205","targetHints":{"allow":["GET"]}}],"collection":[{"href":"https:\/\/truusk.store\/sv\/wp-json\/wp\/v2\/product"}],"about":[{"href":"https:\/\/truusk.store\/sv\/wp-json\/wp\/v2\/types\/product"}],"wp:featuredmedia":[{"embeddable":true,"href":"https:\/\/truusk.store\/sv\/wp-json\/wp\/v2\/media\/98183"}],"wp:attachment":[{"href":"https:\/\/truusk.store\/sv\/wp-json\/wp\/v2\/media?parent=98205"}],"wp:term":[{"taxonomy":"product_brand","embeddable":true,"href":"https:\/\/truusk.store\/sv\/wp-json\/wp\/v2\/product_brand?post=98205"},{"taxonomy":"product_cat","embeddable":true,"href":"https:\/\/truusk.store\/sv\/wp-json\/wp\/v2\/product_cat?post=98205"},{"taxonomy":"product_tag","embeddable":true,"href":"https:\/\/truusk.store\/sv\/wp-json\/wp\/v2\/product_tag?post=98205"}],"curies":[{"name":"wp","href":"https:\/\/api.w.org\/{rel}","templated":true}]}}