{"id":98215,"date":"2025-12-15T06:04:11","date_gmt":"2025-12-15T05:04:11","guid":{"rendered":"https:\/\/truusk.store\/product\/ergonomisk-kontorsstol-med-fotstod-konstladeroverdrag-rullbar-roterbar-metall-beigesvart\/"},"modified":"2026-03-12T08:52:34","modified_gmt":"2026-03-12T07:52:34","slug":"truusk-ergonomisk-kontorsstol-med-fotstod-konstladeroverdrag-rullbar-roterbar-metall-beigesvart","status":"publish","type":"product","link":"https:\/\/truusk.store\/sv\/produkt\/truusk-ergonomisk-kontorsstol-med-fotstod-konstladeroverdrag-rullbar-roterbar-metall-beigesvart\/","title":{"rendered":"TRUUSK Ergonomisk Kontorsstol Med Fotst\u00f6d &#8211; Konstl\u00e4der\u00f6verdrag &#8211; Rullbar &#8211; Roterbar &#8211; Metall &#8211; Beige+Svart"},"content":{"rendered":"<p>Pl\u00e5gas du av l\u00e5nga arbetsdagar och det hektiska livet hemma? Den standard kontorsstolen \u00e4r otillr\u00e4cklig, g\u00f6r dig tr\u00f6tt och orsakar bekymmer \u00f6ver spill eller repor fr\u00e5n husdjur. [BRAND NAME] kontorsstol med fotst\u00f6d optimerar din arbetsplats. Med sin 155\u00b0 lutning \u00e4r den idealisk f\u00f6r en snabb tupplur, det l\u00e4ttsk\u00f6tta konstl\u00e4dret och den mjuka stoppningen p\u00e5 sv\u00e4ngstolen ger varaktig komfort och lugn, och f\u00f6renar arbete och avkoppling s\u00f6ml\u00f6st.<\/p>\n<p>Beskrivning:<\/p>\n<ul>\n<li> Tjock, h\u00f6gbelastad skum ger st\u00f6d<\/li>\n<li> Repfast konstl\u00e4der \u00e4r motst\u00e5ndskraftigt mot slitage och smuts<\/li>\n<li> Stegl\u00f6st justerbar upp till 155\u00b0 med fotst\u00f6d f\u00f6r fullst\u00e4ndig avkoppling<\/li>\n<li> Justerbar h\u00f6jd p\u00e5 kontorsstolen m\u00f6jligg\u00f6r optimal sittst\u00e4llning<\/li>\n<li> 360\u00b0 rotation och smidiga hjul m\u00f6jligg\u00f6r flexibel r\u00f6relse<\/li>\n<li> F\u00f6rst\u00e4rkt metallfot p\u00e5 skrivbordsstolen med galvanisering erbjuder stark stabilitet<\/li>\n<li> Montering kr\u00e4vs<\/li>\n<\/ul>\n<p> Tekniska data:<\/p>\n<ul>\n<li> F\u00e4rg: Beige+Svart<\/li>\n<li> Material: Husdjursv\u00e4nligt konstl\u00e4der, skum, plast, metall, flerskiktsplatta<\/li>\n<li> Totala dimensioner: 66B x 72D x 113-121H cm<\/li>\n<li> Liggande dimensioner: 66B x 151D x 89-97H cm<\/li>\n<li> Sitsstorlek: 53B x 50D x 46-54H cm<\/li>\n<li> Ryggst\u00f6dets storlek: 52B x 67H cm<\/li>\n<li> Sits-\/ryggst\u00f6dets tjocklek: 13 cm<\/li>\n<li> Armst\u00f6dets storlek: 44L x 7B x 66H cm<\/li>\n<li> Fotst\u00f6dets storlek: 35L x 21B x 5D cm<\/li>\n<li> Belastningskapacitet: 120 kg<\/li>\n<li> L\u00e4mplig storlek: 185 cm<\/li>\n<\/ul>\n<p>Leveransinneh\u00e5ll:<\/p>\n<ul>\n<li> 1 x Kontorsstol<\/li>\n<li> 1 x Handbok<\/li>\n<\/ul>\n","protected":false},"excerpt":{"rendered":"<p>Pl\u00e5gas du av l\u00e5nga arbetsdagar och det hektiska livet hemma? Den standard kontorsstolen \u00e4r otillr\u00e4cklig, g\u00f6r dig tr\u00f6tt och orsakar&#8230;<\/p>\n","protected":false},"featured_media":98206,"template":"","meta":[],"product_brand":[],"product_cat":[872,871,516],"product_tag":[],"class_list":{"0":"post-98215","1":"product","2":"type-product","3":"status-publish","4":"has-post-thumbnail","6":"product_cat-hemmakontor-arbetsplats","7":"product_cat-hus-hem","8":"product_cat-kontorsstolar","10":"first","11":"instock","12":"sale","13":"taxable","14":"shipping-taxable","15":"purchasable","16":"product-type-simple"},"yoast_head":"<!-- This site is optimized with the Yoast SEO plugin v25.4 - https:\/\/yoast.com\/wordpress\/plugins\/seo\/ -->\n<title>TRUUSK Ergonomisk Kontorsstol Med Fotst\u00f6d - Konstl\u00e4der\u00f6verdrag - Rullbar - Roterbar - Metall - Beige+Svart - TRUUSK - Hem, Tr\u00e4dg\u00e5rd &amp; Fritid<\/title>\n<meta name=\"robots\" content=\"index, follow, max-snippet:-1, max-image-preview:large, max-video-preview:-1\" \/>\n<link rel=\"canonical\" href=\"https:\/\/truusk.store\/sv\/produkt\/truusk-ergonomisk-kontorsstol-med-fotstod-konstladeroverdrag-rullbar-roterbar-metall-beigesvart\/\" \/>\n<meta property=\"og:locale\" content=\"sv_SE\" \/>\n<meta property=\"og:type\" content=\"article\" \/>\n<meta property=\"og:title\" content=\"TRUUSK Ergonomisk Kontorsstol Med Fotst\u00f6d - Konstl\u00e4der\u00f6verdrag - Rullbar - Roterbar - Metall - Beige+Svart - TRUUSK - Hem, Tr\u00e4dg\u00e5rd &amp; Fritid\" \/>\n<meta property=\"og:description\" content=\"Pl\u00e5gas du av l\u00e5nga arbetsdagar och det hektiska livet hemma? Den standard kontorsstolen \u00e4r otillr\u00e4cklig, g\u00f6r dig tr\u00f6tt och orsakar...\" \/>\n<meta property=\"og:url\" content=\"https:\/\/truusk.store\/sv\/produkt\/truusk-ergonomisk-kontorsstol-med-fotstod-konstladeroverdrag-rullbar-roterbar-metall-beigesvart\/\" \/>\n<meta property=\"og:site_name\" content=\"TRUUSK - Hem, Tr\u00e4dg\u00e5rd &amp; Fritid\" \/>\n<meta property=\"article:modified_time\" content=\"2026-03-12T07:52:34+00:00\" \/>\n<meta property=\"og:image\" content=\"https:\/\/i0.wp.com\/truusk.se\/wp-content\/uploads\/2025\/12\/ergonomisk-kontorsstol-med-fotstod-konstladeroverdrag-rullbar-roterbar-metall-beigesvart-1.webp?fit=2000%2C2000&ssl=1\" \/>\n\t<meta property=\"og:image:width\" content=\"2000\" \/>\n\t<meta property=\"og:image:height\" content=\"2000\" \/>\n\t<meta property=\"og:image:type\" content=\"image\/webp\" \/>\n<meta name=\"twitter:card\" content=\"summary_large_image\" \/>\n<meta name=\"twitter:label1\" content=\"Ber\u00e4knad l\u00e4stid\" \/>\n\t<meta name=\"twitter:data1\" content=\"1 minut\" \/>\n<!-- \/ Yoast SEO plugin. -->","yoast_head_json":{"title":"TRUUSK Ergonomisk Kontorsstol Med Fotst\u00f6d - Konstl\u00e4der\u00f6verdrag - Rullbar - Roterbar - Metall - Beige+Svart - TRUUSK - Hem, Tr\u00e4dg\u00e5rd &amp; Fritid","robots":{"index":"index","follow":"follow","max-snippet":"max-snippet:-1","max-image-preview":"max-image-preview:large","max-video-preview":"max-video-preview:-1"},"canonical":"https:\/\/truusk.store\/sv\/produkt\/truusk-ergonomisk-kontorsstol-med-fotstod-konstladeroverdrag-rullbar-roterbar-metall-beigesvart\/","og_locale":"sv_SE","og_type":"article","og_title":"TRUUSK Ergonomisk Kontorsstol Med Fotst\u00f6d - Konstl\u00e4der\u00f6verdrag - Rullbar - Roterbar - Metall - Beige+Svart - TRUUSK - Hem, Tr\u00e4dg\u00e5rd &amp; Fritid","og_description":"Pl\u00e5gas du av l\u00e5nga arbetsdagar och det hektiska livet hemma? Den standard kontorsstolen \u00e4r otillr\u00e4cklig, g\u00f6r dig tr\u00f6tt och orsakar...","og_url":"https:\/\/truusk.store\/sv\/produkt\/truusk-ergonomisk-kontorsstol-med-fotstod-konstladeroverdrag-rullbar-roterbar-metall-beigesvart\/","og_site_name":"TRUUSK - Hem, Tr\u00e4dg\u00e5rd &amp; Fritid","article_modified_time":"2026-03-12T07:52:34+00:00","og_image":[{"width":2000,"height":2000,"url":"https:\/\/i0.wp.com\/truusk.se\/wp-content\/uploads\/2025\/12\/ergonomisk-kontorsstol-med-fotstod-konstladeroverdrag-rullbar-roterbar-metall-beigesvart-1.webp?fit=2000%2C2000&ssl=1","type":"image\/webp"}],"twitter_card":"summary_large_image","twitter_misc":{"Ber\u00e4knad l\u00e4stid":"1 minut"},"schema":{"@context":"https:\/\/schema.org","@graph":[{"@type":"WebPage","@id":"https:\/\/truusk.store\/sv\/produkt\/truusk-ergonomisk-kontorsstol-med-fotstod-konstladeroverdrag-rullbar-roterbar-metall-beigesvart\/","url":"https:\/\/truusk.store\/sv\/produkt\/truusk-ergonomisk-kontorsstol-med-fotstod-konstladeroverdrag-rullbar-roterbar-metall-beigesvart\/","name":"TRUUSK Ergonomisk Kontorsstol Med Fotst\u00f6d - Konstl\u00e4der\u00f6verdrag - Rullbar - Roterbar - Metall - Beige+Svart - TRUUSK - Hem, Tr\u00e4dg\u00e5rd &amp; Fritid","isPartOf":{"@id":"https:\/\/truusk.store\/sv\/#website"},"primaryImageOfPage":{"@id":"https:\/\/truusk.store\/sv\/produkt\/truusk-ergonomisk-kontorsstol-med-fotstod-konstladeroverdrag-rullbar-roterbar-metall-beigesvart\/#primaryimage"},"image":{"@id":"https:\/\/truusk.store\/sv\/produkt\/truusk-ergonomisk-kontorsstol-med-fotstod-konstladeroverdrag-rullbar-roterbar-metall-beigesvart\/#primaryimage"},"thumbnailUrl":"https:\/\/i0.wp.com\/truusk.store\/wp-content\/uploads\/2025\/12\/ergonomisk-kontorsstol-med-fotstod-konstladeroverdrag-rullbar-roterbar-metall-beigesvart-1.webp?fit=2000%2C2000&ssl=1","datePublished":"2025-12-15T05:04:11+00:00","dateModified":"2026-03-12T07:52:34+00:00","breadcrumb":{"@id":"https:\/\/truusk.store\/sv\/produkt\/truusk-ergonomisk-kontorsstol-med-fotstod-konstladeroverdrag-rullbar-roterbar-metall-beigesvart\/#breadcrumb"},"inLanguage":"sv-SE","potentialAction":[{"@type":"ReadAction","target":["https:\/\/truusk.store\/sv\/produkt\/truusk-ergonomisk-kontorsstol-med-fotstod-konstladeroverdrag-rullbar-roterbar-metall-beigesvart\/"]}]},{"@type":"ImageObject","inLanguage":"sv-SE","@id":"https:\/\/truusk.store\/sv\/produkt\/truusk-ergonomisk-kontorsstol-med-fotstod-konstladeroverdrag-rullbar-roterbar-metall-beigesvart\/#primaryimage","url":"https:\/\/i0.wp.com\/truusk.store\/wp-content\/uploads\/2025\/12\/ergonomisk-kontorsstol-med-fotstod-konstladeroverdrag-rullbar-roterbar-metall-beigesvart-1.webp?fit=2000%2C2000&ssl=1","contentUrl":"https:\/\/i0.wp.com\/truusk.store\/wp-content\/uploads\/2025\/12\/ergonomisk-kontorsstol-med-fotstod-konstladeroverdrag-rullbar-roterbar-metall-beigesvart-1.webp?fit=2000%2C2000&ssl=1","width":2000,"height":2000},{"@type":"BreadcrumbList","@id":"https:\/\/truusk.store\/sv\/produkt\/truusk-ergonomisk-kontorsstol-med-fotstod-konstladeroverdrag-rullbar-roterbar-metall-beigesvart\/#breadcrumb","itemListElement":[{"@type":"ListItem","position":1,"name":"Home","item":"https:\/\/truusk.store\/sv\/"},{"@type":"ListItem","position":2,"name":"Shop","item":"https:\/\/truusk.store\/shop\/"},{"@type":"ListItem","position":3,"name":"TRUUSK Ergonomisk Kontorsstol Med Fotst\u00f6d &#8211; Konstl\u00e4der\u00f6verdrag &#8211; Rullbar &#8211; Roterbar &#8211; Metall &#8211; Beige+Svart"}]},{"@type":"WebSite","@id":"https:\/\/truusk.store\/sv\/#website","url":"https:\/\/truusk.store\/sv\/","name":"TRUUSK - Hem, Tr\u00e4dg\u00e5rd & Fritid","description":"","publisher":{"@id":"https:\/\/truusk.store\/sv\/#organization"},"potentialAction":[{"@type":"SearchAction","target":{"@type":"EntryPoint","urlTemplate":"https:\/\/truusk.store\/sv\/?s={search_term_string}"},"query-input":{"@type":"PropertyValueSpecification","valueRequired":true,"valueName":"search_term_string"}}],"inLanguage":"sv-SE"},{"@type":"Organization","@id":"https:\/\/truusk.store\/sv\/#organization","name":"TRUUSK - Hem, Tr\u00e4dg\u00e5rd & Fritid","url":"https:\/\/truusk.store\/sv\/","logo":{"@type":"ImageObject","inLanguage":"sv-SE","@id":"https:\/\/truusk.store\/sv\/#\/schema\/logo\/image\/","url":"https:\/\/i0.wp.com\/truusk.store\/wp-content\/uploads\/2026\/03\/cropped-TRUUSK.png?fit=2032%2C917&ssl=1","contentUrl":"https:\/\/i0.wp.com\/truusk.store\/wp-content\/uploads\/2026\/03\/cropped-TRUUSK.png?fit=2032%2C917&ssl=1","width":2032,"height":917,"caption":"TRUUSK - Hem, Tr\u00e4dg\u00e5rd & Fritid"},"image":{"@id":"https:\/\/truusk.store\/sv\/#\/schema\/logo\/image\/"}}]}},"jetpack_sharing_enabled":true,"_links":{"self":[{"href":"https:\/\/truusk.store\/sv\/wp-json\/wp\/v2\/product\/98215","targetHints":{"allow":["GET"]}}],"collection":[{"href":"https:\/\/truusk.store\/sv\/wp-json\/wp\/v2\/product"}],"about":[{"href":"https:\/\/truusk.store\/sv\/wp-json\/wp\/v2\/types\/product"}],"wp:featuredmedia":[{"embeddable":true,"href":"https:\/\/truusk.store\/sv\/wp-json\/wp\/v2\/media\/98206"}],"wp:attachment":[{"href":"https:\/\/truusk.store\/sv\/wp-json\/wp\/v2\/media?parent=98215"}],"wp:term":[{"taxonomy":"product_brand","embeddable":true,"href":"https:\/\/truusk.store\/sv\/wp-json\/wp\/v2\/product_brand?post=98215"},{"taxonomy":"product_cat","embeddable":true,"href":"https:\/\/truusk.store\/sv\/wp-json\/wp\/v2\/product_cat?post=98215"},{"taxonomy":"product_tag","embeddable":true,"href":"https:\/\/truusk.store\/sv\/wp-json\/wp\/v2\/product_tag?post=98215"}],"curies":[{"name":"wp","href":"https:\/\/api.w.org\/{rel}","templated":true}]}}