{"id":98246,"date":"2025-12-17T19:59:55","date_gmt":"2025-12-17T18:59:55","guid":{"rendered":"https:\/\/truusk.store\/product\/badrumsskap-med-spegeldorrar-flera-inre-fack-robust-holje-av-bambutra-652-x-14-x-50-cm\/"},"modified":"2026-03-12T09:17:14","modified_gmt":"2026-03-12T08:17:14","slug":"truusk-badrumsskap-med-spegeldorrar-flera-inre-fack-robust-holje-av-bambutra-652-x-14-x-50-cm","status":"publish","type":"product","link":"https:\/\/truusk.store\/sv\/produkt\/truusk-badrumsskap-med-spegeldorrar-flera-inre-fack-robust-holje-av-bambutra-652-x-14-x-50-cm\/","title":{"rendered":"TRUUSK Badrumssk\u00e5p Med Spegeld\u00f6rrar &#8211; Flera Inre Fack &#8211; Robust H\u00f6lje Av Bambutr\u00e4 &#8211; 65,2 X 14 X 50 cm"},"content":{"rendered":"<p>Skapa en ordnad f\u00f6rvaring f\u00f6r alla dina badrumsartiklar och upplev samtidigt h\u00f6gsta komfort med detta imponerande badrumssk\u00e5p fr\u00e5n [BRAND NAME]. Med sina gener\u00f6sa dimensioner och fyra inre fack \u00e4r detta badrumssk\u00e5p perfekt f\u00f6r hush\u00e5ll med flera personer. Tack vare de stora, klara spegeld\u00f6rrarna blir dina v\u00e5rdrutiner en ren njutning, s\u00e5 att du enkelt kan f\u00f6rbereda dig f\u00f6r dagens utmaningar.<\/p>\n<p>Beskrivning:<\/p>\n<ul>\n<li> Anv\u00e4nd som bad-, sk\u00f6nhets- eller medicinsk\u00e5p i ditt badrum<\/li>\n<li> Utrymmesbesparande, praktisk v\u00e4ggmontering<\/li>\n<li> Flera inre fack, idealiska f\u00f6r gemensam anv\u00e4ndning med familjen<\/li>\n<li> Stora spegeld\u00f6rrar f\u00f6r en klar spegelbild<\/li>\n<li> Bambutr\u00e4huset \u00e4r h\u00e5llbart och robust<\/li>\n<li> Montering kr\u00e4vs<\/li>\n<\/ul>\n<p> Tekniska data:<\/p>\n<ul>\n<li> F\u00e4rg: Natur<\/li>\n<li> Material: Bambu, Glas<\/li>\n<li> Totala dimensioner: 65,2L x 14B x 50H cm<\/li>\n<li> Spegeldimensioner till v\u00e4nster: 28B x 48H cm<\/li>\n<li> Spegeldimensioner till h\u00f6ger: 33B x 48H cm<\/li>\n<li> M\u00e5tt inre fack: 62B x 9T x 10,8\/10,5\/23,4H cm<\/li>\n<li> B\u00e4rf\u00f6rm\u00e5ga: 10 kg (totalt), 3 kg (per inre hylla)<\/li>\n<\/ul>\n<p> Leveransinneh\u00e5ll:<\/p>\n<ul>\n<li> 1 x spegelsk\u00e5p<\/li>\n<li> 1 x instruktioner<\/li>\n<\/ul>\n","protected":false},"excerpt":{"rendered":"<p>Skapa en ordnad f\u00f6rvaring f\u00f6r alla dina badrumsartiklar och upplev samtidigt h\u00f6gsta komfort med detta imponerande badrumssk\u00e5p fr\u00e5n [BRAND NAME]&#8230;.<\/p>\n","protected":false},"featured_media":98237,"template":"","meta":[],"product_brand":[],"product_cat":[915,535,871],"product_tag":[],"class_list":{"0":"post-98246","1":"product","2":"type-product","3":"status-publish","4":"has-post-thumbnail","6":"product_cat-badrum","7":"product_cat-badrumsskap","8":"product_cat-hus-hem","10":"first","11":"instock","12":"sale","13":"taxable","14":"shipping-taxable","15":"purchasable","16":"product-type-simple"},"yoast_head":"<!-- This site is optimized with the Yoast SEO plugin v25.4 - https:\/\/yoast.com\/wordpress\/plugins\/seo\/ -->\n<title>TRUUSK Badrumssk\u00e5p Med Spegeld\u00f6rrar - Flera Inre Fack - Robust H\u00f6lje Av Bambutr\u00e4 - 65,2 X 14 X 50 cm - TRUUSK - Hem, Tr\u00e4dg\u00e5rd &amp; Fritid<\/title>\n<meta name=\"robots\" content=\"index, follow, max-snippet:-1, max-image-preview:large, max-video-preview:-1\" \/>\n<link rel=\"canonical\" href=\"https:\/\/truusk.store\/sv\/produkt\/truusk-badrumsskap-med-spegeldorrar-flera-inre-fack-robust-holje-av-bambutra-652-x-14-x-50-cm\/\" \/>\n<meta property=\"og:locale\" content=\"sv_SE\" \/>\n<meta property=\"og:type\" content=\"article\" \/>\n<meta property=\"og:title\" content=\"TRUUSK Badrumssk\u00e5p Med Spegeld\u00f6rrar - Flera Inre Fack - Robust H\u00f6lje Av Bambutr\u00e4 - 65,2 X 14 X 50 cm - TRUUSK - Hem, Tr\u00e4dg\u00e5rd &amp; Fritid\" \/>\n<meta property=\"og:description\" content=\"Skapa en ordnad f\u00f6rvaring f\u00f6r alla dina badrumsartiklar och upplev samtidigt h\u00f6gsta komfort med detta imponerande badrumssk\u00e5p fr\u00e5n [BRAND NAME]....\" \/>\n<meta property=\"og:url\" content=\"https:\/\/truusk.store\/sv\/produkt\/truusk-badrumsskap-med-spegeldorrar-flera-inre-fack-robust-holje-av-bambutra-652-x-14-x-50-cm\/\" \/>\n<meta property=\"og:site_name\" content=\"TRUUSK - Hem, Tr\u00e4dg\u00e5rd &amp; Fritid\" \/>\n<meta property=\"article:modified_time\" content=\"2026-03-12T08:17:14+00:00\" \/>\n<meta property=\"og:image\" content=\"https:\/\/i0.wp.com\/truusk.se\/wp-content\/uploads\/2025\/12\/badrumsskap-med-spegeldorrar-flera-inre-fack-robust-holje-av-bambutra-652-x-14-x-50-cm-1.webp?fit=2000%2C2000&ssl=1\" \/>\n\t<meta property=\"og:image:width\" content=\"2000\" \/>\n\t<meta property=\"og:image:height\" content=\"2000\" \/>\n\t<meta property=\"og:image:type\" content=\"image\/webp\" \/>\n<meta name=\"twitter:card\" content=\"summary_large_image\" \/>\n<meta name=\"twitter:label1\" content=\"Ber\u00e4knad l\u00e4stid\" \/>\n\t<meta name=\"twitter:data1\" content=\"1 minut\" \/>\n<!-- \/ Yoast SEO plugin. -->","yoast_head_json":{"title":"TRUUSK Badrumssk\u00e5p Med Spegeld\u00f6rrar - Flera Inre Fack - Robust H\u00f6lje Av Bambutr\u00e4 - 65,2 X 14 X 50 cm - TRUUSK - Hem, Tr\u00e4dg\u00e5rd &amp; Fritid","robots":{"index":"index","follow":"follow","max-snippet":"max-snippet:-1","max-image-preview":"max-image-preview:large","max-video-preview":"max-video-preview:-1"},"canonical":"https:\/\/truusk.store\/sv\/produkt\/truusk-badrumsskap-med-spegeldorrar-flera-inre-fack-robust-holje-av-bambutra-652-x-14-x-50-cm\/","og_locale":"sv_SE","og_type":"article","og_title":"TRUUSK Badrumssk\u00e5p Med Spegeld\u00f6rrar - Flera Inre Fack - Robust H\u00f6lje Av Bambutr\u00e4 - 65,2 X 14 X 50 cm - TRUUSK - Hem, Tr\u00e4dg\u00e5rd &amp; Fritid","og_description":"Skapa en ordnad f\u00f6rvaring f\u00f6r alla dina badrumsartiklar och upplev samtidigt h\u00f6gsta komfort med detta imponerande badrumssk\u00e5p fr\u00e5n [BRAND NAME]....","og_url":"https:\/\/truusk.store\/sv\/produkt\/truusk-badrumsskap-med-spegeldorrar-flera-inre-fack-robust-holje-av-bambutra-652-x-14-x-50-cm\/","og_site_name":"TRUUSK - Hem, Tr\u00e4dg\u00e5rd &amp; Fritid","article_modified_time":"2026-03-12T08:17:14+00:00","og_image":[{"width":2000,"height":2000,"url":"https:\/\/i0.wp.com\/truusk.se\/wp-content\/uploads\/2025\/12\/badrumsskap-med-spegeldorrar-flera-inre-fack-robust-holje-av-bambutra-652-x-14-x-50-cm-1.webp?fit=2000%2C2000&ssl=1","type":"image\/webp"}],"twitter_card":"summary_large_image","twitter_misc":{"Ber\u00e4knad l\u00e4stid":"1 minut"},"schema":{"@context":"https:\/\/schema.org","@graph":[{"@type":"WebPage","@id":"https:\/\/truusk.store\/sv\/produkt\/truusk-badrumsskap-med-spegeldorrar-flera-inre-fack-robust-holje-av-bambutra-652-x-14-x-50-cm\/","url":"https:\/\/truusk.store\/sv\/produkt\/truusk-badrumsskap-med-spegeldorrar-flera-inre-fack-robust-holje-av-bambutra-652-x-14-x-50-cm\/","name":"TRUUSK Badrumssk\u00e5p Med Spegeld\u00f6rrar - Flera Inre Fack - Robust H\u00f6lje Av Bambutr\u00e4 - 65,2 X 14 X 50 cm - TRUUSK - Hem, Tr\u00e4dg\u00e5rd &amp; Fritid","isPartOf":{"@id":"https:\/\/truusk.store\/sv\/#website"},"primaryImageOfPage":{"@id":"https:\/\/truusk.store\/sv\/produkt\/truusk-badrumsskap-med-spegeldorrar-flera-inre-fack-robust-holje-av-bambutra-652-x-14-x-50-cm\/#primaryimage"},"image":{"@id":"https:\/\/truusk.store\/sv\/produkt\/truusk-badrumsskap-med-spegeldorrar-flera-inre-fack-robust-holje-av-bambutra-652-x-14-x-50-cm\/#primaryimage"},"thumbnailUrl":"https:\/\/i0.wp.com\/truusk.store\/wp-content\/uploads\/2025\/12\/badrumsskap-med-spegeldorrar-flera-inre-fack-robust-holje-av-bambutra-652-x-14-x-50-cm-1.webp?fit=2000%2C2000&ssl=1","datePublished":"2025-12-17T18:59:55+00:00","dateModified":"2026-03-12T08:17:14+00:00","breadcrumb":{"@id":"https:\/\/truusk.store\/sv\/produkt\/truusk-badrumsskap-med-spegeldorrar-flera-inre-fack-robust-holje-av-bambutra-652-x-14-x-50-cm\/#breadcrumb"},"inLanguage":"sv-SE","potentialAction":[{"@type":"ReadAction","target":["https:\/\/truusk.store\/sv\/produkt\/truusk-badrumsskap-med-spegeldorrar-flera-inre-fack-robust-holje-av-bambutra-652-x-14-x-50-cm\/"]}]},{"@type":"ImageObject","inLanguage":"sv-SE","@id":"https:\/\/truusk.store\/sv\/produkt\/truusk-badrumsskap-med-spegeldorrar-flera-inre-fack-robust-holje-av-bambutra-652-x-14-x-50-cm\/#primaryimage","url":"https:\/\/i0.wp.com\/truusk.store\/wp-content\/uploads\/2025\/12\/badrumsskap-med-spegeldorrar-flera-inre-fack-robust-holje-av-bambutra-652-x-14-x-50-cm-1.webp?fit=2000%2C2000&ssl=1","contentUrl":"https:\/\/i0.wp.com\/truusk.store\/wp-content\/uploads\/2025\/12\/badrumsskap-med-spegeldorrar-flera-inre-fack-robust-holje-av-bambutra-652-x-14-x-50-cm-1.webp?fit=2000%2C2000&ssl=1","width":2000,"height":2000},{"@type":"BreadcrumbList","@id":"https:\/\/truusk.store\/sv\/produkt\/truusk-badrumsskap-med-spegeldorrar-flera-inre-fack-robust-holje-av-bambutra-652-x-14-x-50-cm\/#breadcrumb","itemListElement":[{"@type":"ListItem","position":1,"name":"Home","item":"https:\/\/truusk.store\/sv\/"},{"@type":"ListItem","position":2,"name":"Shop","item":"https:\/\/truusk.store\/shop\/"},{"@type":"ListItem","position":3,"name":"TRUUSK Badrumssk\u00e5p Med Spegeld\u00f6rrar &#8211; Flera Inre Fack &#8211; Robust H\u00f6lje Av Bambutr\u00e4 &#8211; 65,2 X 14 X 50 cm"}]},{"@type":"WebSite","@id":"https:\/\/truusk.store\/sv\/#website","url":"https:\/\/truusk.store\/sv\/","name":"TRUUSK - Hem, Tr\u00e4dg\u00e5rd & Fritid","description":"","publisher":{"@id":"https:\/\/truusk.store\/sv\/#organization"},"potentialAction":[{"@type":"SearchAction","target":{"@type":"EntryPoint","urlTemplate":"https:\/\/truusk.store\/sv\/?s={search_term_string}"},"query-input":{"@type":"PropertyValueSpecification","valueRequired":true,"valueName":"search_term_string"}}],"inLanguage":"sv-SE"},{"@type":"Organization","@id":"https:\/\/truusk.store\/sv\/#organization","name":"TRUUSK - Hem, Tr\u00e4dg\u00e5rd & Fritid","url":"https:\/\/truusk.store\/sv\/","logo":{"@type":"ImageObject","inLanguage":"sv-SE","@id":"https:\/\/truusk.store\/sv\/#\/schema\/logo\/image\/","url":"https:\/\/i0.wp.com\/truusk.store\/wp-content\/uploads\/2026\/03\/cropped-TRUUSK.png?fit=2032%2C917&ssl=1","contentUrl":"https:\/\/i0.wp.com\/truusk.store\/wp-content\/uploads\/2026\/03\/cropped-TRUUSK.png?fit=2032%2C917&ssl=1","width":2032,"height":917,"caption":"TRUUSK - Hem, Tr\u00e4dg\u00e5rd & Fritid"},"image":{"@id":"https:\/\/truusk.store\/sv\/#\/schema\/logo\/image\/"}}]}},"jetpack_sharing_enabled":true,"_links":{"self":[{"href":"https:\/\/truusk.store\/sv\/wp-json\/wp\/v2\/product\/98246","targetHints":{"allow":["GET"]}}],"collection":[{"href":"https:\/\/truusk.store\/sv\/wp-json\/wp\/v2\/product"}],"about":[{"href":"https:\/\/truusk.store\/sv\/wp-json\/wp\/v2\/types\/product"}],"wp:featuredmedia":[{"embeddable":true,"href":"https:\/\/truusk.store\/sv\/wp-json\/wp\/v2\/media\/98237"}],"wp:attachment":[{"href":"https:\/\/truusk.store\/sv\/wp-json\/wp\/v2\/media?parent=98246"}],"wp:term":[{"taxonomy":"product_brand","embeddable":true,"href":"https:\/\/truusk.store\/sv\/wp-json\/wp\/v2\/product_brand?post=98246"},{"taxonomy":"product_cat","embeddable":true,"href":"https:\/\/truusk.store\/sv\/wp-json\/wp\/v2\/product_cat?post=98246"},{"taxonomy":"product_tag","embeddable":true,"href":"https:\/\/truusk.store\/sv\/wp-json\/wp\/v2\/product_tag?post=98246"}],"curies":[{"name":"wp","href":"https:\/\/api.w.org\/{rel}","templated":true}]}}