{"id":98256,"date":"2025-12-22T04:33:07","date_gmt":"2025-12-22T03:33:07","guid":{"rendered":"https:\/\/truusk.store\/product\/2-pack-tradgardsstolar-terrassstolar-tvattbara-kuddar-ryggstod-armstod-stal-rattan-morkgra\/"},"modified":"2026-03-12T08:40:27","modified_gmt":"2026-03-12T07:40:27","slug":"truusk-2-pack-tradgardsstolar-terrassstolar-tvattbara-kuddar-ryggstod-armstod-stal-rattan-morkgra","status":"publish","type":"product","link":"https:\/\/truusk.store\/sv\/produkt\/truusk-2-pack-tradgardsstolar-terrassstolar-tvattbara-kuddar-ryggstod-armstod-stal-rattan-morkgra\/","title":{"rendered":"TRUUSK 2-pack Tr\u00e4dg\u00e5rdsstolar &#8211; Terrassstolar &#8211; Tv\u00e4ttbara Kuddar &#8211; Ryggst\u00f6d &#8211; Armst\u00f6d &#8211; St\u00e5l &#8211; Rattan &#8211; M\u00f6rkgr\u00e5"},"content":{"rendered":"<p>F\u00f6rsk\u00f6na dina utomhusomr\u00e5den med v\u00e5ra charmiga [BRAND NAME] rottingstolar, perfekta f\u00f6r tr\u00e4dg\u00e5rd, balkong eller terrass. Njut av komforten med stilfulla, 5 cm tjocka kuddar och gener\u00f6sa rygg- och armst\u00f6d p\u00e5 tr\u00e4dg\u00e5rdsstolen. Tillverkad av UV-resistent rotting och en pulverlackerad st\u00e5lram, garanterar dessa balkongstolar l\u00e5ngvarig h\u00e5llbarhet utomhus. Kuddarna \u00e4r dessutom avtagbara och l\u00e4tta att reng\u00f6ra.<\/p>\n<p>Beskrivning:<\/p>\n<ul>\n<li> Set med 2 balkongstolar, l\u00e4mpliga f\u00f6r tr\u00e4dg\u00e5rd, balkong och terrass<\/li>\n<li> 5 cm tjock stoppning, bred ryggst\u00f6d och armst\u00f6d p\u00e5 matstolarna \u00f6kar komforten<\/li>\n<li> Pulverlackerad st\u00e5lram och UV-resistent rotting p\u00e5 terrassstolarna garanterar h\u00e5llbarhet<\/li>\n<li> Kan b\u00e4ra upp till 120 kg<\/li>\n<li> Avtagbara, tv\u00e4ttbara kuddar med vattenavvisande tyg f\u00f6r enkel v\u00e5rd<\/li>\n<li> Utrustad med fotdynor f\u00f6r stabilitet<\/li>\n<li> Montering kr\u00e4vs<\/li>\n<\/ul>\n<p> Tekniska data:<\/p>\n<ul>\n<li> F\u00e4rg: M\u00f6rkgr\u00e5<\/li>\n<li> Material: Rotting, st\u00e5l, polyester, konstgjord bomull<\/li>\n<li> Totala dimensioner: 57L x 61B x 84H cm<\/li>\n<li> Sitsstorlek: 45B x 44T cm<\/li>\n<li> Ryggst\u00f6d: 51L x 48B x 48H cm<\/li>\n<li> Kuddar: 45B x 45T cm<\/li>\n<li> Maximal belastning: 120 kg<\/li>\n<\/ul>\n<p> Leverans inneh\u00e5ller:<\/p>\n<ul>\n<li> 2 x stolar<\/li>\n<li> 1 x handbok<\/li>\n<\/ul>\n","protected":false},"excerpt":{"rendered":"<p>F\u00f6rsk\u00f6na dina utomhusomr\u00e5den med v\u00e5ra charmiga [BRAND NAME] rottingstolar, perfekta f\u00f6r tr\u00e4dg\u00e5rd, balkong eller terrass. Njut av komforten med stilfulla,&#8230;<\/p>\n","protected":false},"featured_media":98247,"template":"","meta":[],"product_brand":[],"product_cat":[858,450,452],"product_tag":[],"class_list":{"0":"post-98256","1":"product","2":"type-product","3":"status-publish","4":"has-post-thumbnail","6":"product_cat-tradgard-terrass","7":"product_cat-tradgardsmobler","8":"product_cat-tradgardsstolar","10":"first","11":"instock","12":"sale","13":"taxable","14":"shipping-taxable","15":"purchasable","16":"product-type-simple"},"yoast_head":"<!-- This site is optimized with the Yoast SEO plugin v25.4 - https:\/\/yoast.com\/wordpress\/plugins\/seo\/ -->\n<title>TRUUSK 2-pack Tr\u00e4dg\u00e5rdsstolar - Terrassstolar - Tv\u00e4ttbara Kuddar - Ryggst\u00f6d - Armst\u00f6d - St\u00e5l - Rattan - M\u00f6rkgr\u00e5 - TRUUSK - Hem, Tr\u00e4dg\u00e5rd &amp; Fritid<\/title>\n<meta name=\"robots\" content=\"index, follow, max-snippet:-1, max-image-preview:large, max-video-preview:-1\" \/>\n<link rel=\"canonical\" href=\"https:\/\/truusk.store\/sv\/produkt\/truusk-2-pack-tradgardsstolar-terrassstolar-tvattbara-kuddar-ryggstod-armstod-stal-rattan-morkgra\/\" \/>\n<meta property=\"og:locale\" content=\"sv_SE\" \/>\n<meta property=\"og:type\" content=\"article\" \/>\n<meta property=\"og:title\" content=\"TRUUSK 2-pack Tr\u00e4dg\u00e5rdsstolar - Terrassstolar - Tv\u00e4ttbara Kuddar - Ryggst\u00f6d - Armst\u00f6d - St\u00e5l - Rattan - M\u00f6rkgr\u00e5 - TRUUSK - Hem, Tr\u00e4dg\u00e5rd &amp; Fritid\" \/>\n<meta property=\"og:description\" content=\"F\u00f6rsk\u00f6na dina utomhusomr\u00e5den med v\u00e5ra charmiga [BRAND NAME] rottingstolar, perfekta f\u00f6r tr\u00e4dg\u00e5rd, balkong eller terrass. Njut av komforten med stilfulla,...\" \/>\n<meta property=\"og:url\" content=\"https:\/\/truusk.store\/sv\/produkt\/truusk-2-pack-tradgardsstolar-terrassstolar-tvattbara-kuddar-ryggstod-armstod-stal-rattan-morkgra\/\" \/>\n<meta property=\"og:site_name\" content=\"TRUUSK - Hem, Tr\u00e4dg\u00e5rd &amp; Fritid\" \/>\n<meta property=\"article:modified_time\" content=\"2026-03-12T07:40:27+00:00\" \/>\n<meta property=\"og:image\" content=\"https:\/\/i0.wp.com\/truusk.se\/wp-content\/uploads\/2025\/12\/2-pack-tradgardsstolar-terrassstolar-tvattbara-kuddar-ryggstod-armstod-stal-rattan-morkgra-1.webp?fit=2000%2C2000&ssl=1\" \/>\n\t<meta property=\"og:image:width\" content=\"2000\" \/>\n\t<meta property=\"og:image:height\" content=\"2000\" \/>\n\t<meta property=\"og:image:type\" content=\"image\/webp\" \/>\n<meta name=\"twitter:card\" content=\"summary_large_image\" \/>\n<meta name=\"twitter:label1\" content=\"Ber\u00e4knad l\u00e4stid\" \/>\n\t<meta name=\"twitter:data1\" content=\"1 minut\" \/>\n<!-- \/ Yoast SEO plugin. -->","yoast_head_json":{"title":"TRUUSK 2-pack Tr\u00e4dg\u00e5rdsstolar - Terrassstolar - Tv\u00e4ttbara Kuddar - Ryggst\u00f6d - Armst\u00f6d - St\u00e5l - Rattan - M\u00f6rkgr\u00e5 - TRUUSK - Hem, Tr\u00e4dg\u00e5rd &amp; Fritid","robots":{"index":"index","follow":"follow","max-snippet":"max-snippet:-1","max-image-preview":"max-image-preview:large","max-video-preview":"max-video-preview:-1"},"canonical":"https:\/\/truusk.store\/sv\/produkt\/truusk-2-pack-tradgardsstolar-terrassstolar-tvattbara-kuddar-ryggstod-armstod-stal-rattan-morkgra\/","og_locale":"sv_SE","og_type":"article","og_title":"TRUUSK 2-pack Tr\u00e4dg\u00e5rdsstolar - Terrassstolar - Tv\u00e4ttbara Kuddar - Ryggst\u00f6d - Armst\u00f6d - St\u00e5l - Rattan - M\u00f6rkgr\u00e5 - TRUUSK - Hem, Tr\u00e4dg\u00e5rd &amp; Fritid","og_description":"F\u00f6rsk\u00f6na dina utomhusomr\u00e5den med v\u00e5ra charmiga [BRAND NAME] rottingstolar, perfekta f\u00f6r tr\u00e4dg\u00e5rd, balkong eller terrass. Njut av komforten med stilfulla,...","og_url":"https:\/\/truusk.store\/sv\/produkt\/truusk-2-pack-tradgardsstolar-terrassstolar-tvattbara-kuddar-ryggstod-armstod-stal-rattan-morkgra\/","og_site_name":"TRUUSK - Hem, Tr\u00e4dg\u00e5rd &amp; Fritid","article_modified_time":"2026-03-12T07:40:27+00:00","og_image":[{"width":2000,"height":2000,"url":"https:\/\/i0.wp.com\/truusk.se\/wp-content\/uploads\/2025\/12\/2-pack-tradgardsstolar-terrassstolar-tvattbara-kuddar-ryggstod-armstod-stal-rattan-morkgra-1.webp?fit=2000%2C2000&ssl=1","type":"image\/webp"}],"twitter_card":"summary_large_image","twitter_misc":{"Ber\u00e4knad l\u00e4stid":"1 minut"},"schema":{"@context":"https:\/\/schema.org","@graph":[{"@type":"WebPage","@id":"https:\/\/truusk.store\/sv\/produkt\/truusk-2-pack-tradgardsstolar-terrassstolar-tvattbara-kuddar-ryggstod-armstod-stal-rattan-morkgra\/","url":"https:\/\/truusk.store\/sv\/produkt\/truusk-2-pack-tradgardsstolar-terrassstolar-tvattbara-kuddar-ryggstod-armstod-stal-rattan-morkgra\/","name":"TRUUSK 2-pack Tr\u00e4dg\u00e5rdsstolar - Terrassstolar - Tv\u00e4ttbara Kuddar - Ryggst\u00f6d - Armst\u00f6d - St\u00e5l - Rattan - M\u00f6rkgr\u00e5 - TRUUSK - Hem, Tr\u00e4dg\u00e5rd &amp; Fritid","isPartOf":{"@id":"https:\/\/truusk.store\/sv\/#website"},"primaryImageOfPage":{"@id":"https:\/\/truusk.store\/sv\/produkt\/truusk-2-pack-tradgardsstolar-terrassstolar-tvattbara-kuddar-ryggstod-armstod-stal-rattan-morkgra\/#primaryimage"},"image":{"@id":"https:\/\/truusk.store\/sv\/produkt\/truusk-2-pack-tradgardsstolar-terrassstolar-tvattbara-kuddar-ryggstod-armstod-stal-rattan-morkgra\/#primaryimage"},"thumbnailUrl":"https:\/\/i0.wp.com\/truusk.store\/wp-content\/uploads\/2025\/12\/2-pack-tradgardsstolar-terrassstolar-tvattbara-kuddar-ryggstod-armstod-stal-rattan-morkgra-1.webp?fit=2000%2C2000&ssl=1","datePublished":"2025-12-22T03:33:07+00:00","dateModified":"2026-03-12T07:40:27+00:00","breadcrumb":{"@id":"https:\/\/truusk.store\/sv\/produkt\/truusk-2-pack-tradgardsstolar-terrassstolar-tvattbara-kuddar-ryggstod-armstod-stal-rattan-morkgra\/#breadcrumb"},"inLanguage":"sv-SE","potentialAction":[{"@type":"ReadAction","target":["https:\/\/truusk.store\/sv\/produkt\/truusk-2-pack-tradgardsstolar-terrassstolar-tvattbara-kuddar-ryggstod-armstod-stal-rattan-morkgra\/"]}]},{"@type":"ImageObject","inLanguage":"sv-SE","@id":"https:\/\/truusk.store\/sv\/produkt\/truusk-2-pack-tradgardsstolar-terrassstolar-tvattbara-kuddar-ryggstod-armstod-stal-rattan-morkgra\/#primaryimage","url":"https:\/\/i0.wp.com\/truusk.store\/wp-content\/uploads\/2025\/12\/2-pack-tradgardsstolar-terrassstolar-tvattbara-kuddar-ryggstod-armstod-stal-rattan-morkgra-1.webp?fit=2000%2C2000&ssl=1","contentUrl":"https:\/\/i0.wp.com\/truusk.store\/wp-content\/uploads\/2025\/12\/2-pack-tradgardsstolar-terrassstolar-tvattbara-kuddar-ryggstod-armstod-stal-rattan-morkgra-1.webp?fit=2000%2C2000&ssl=1","width":2000,"height":2000},{"@type":"BreadcrumbList","@id":"https:\/\/truusk.store\/sv\/produkt\/truusk-2-pack-tradgardsstolar-terrassstolar-tvattbara-kuddar-ryggstod-armstod-stal-rattan-morkgra\/#breadcrumb","itemListElement":[{"@type":"ListItem","position":1,"name":"Home","item":"https:\/\/truusk.store\/sv\/"},{"@type":"ListItem","position":2,"name":"Shop","item":"https:\/\/truusk.store\/shop\/"},{"@type":"ListItem","position":3,"name":"TRUUSK 2-pack Tr\u00e4dg\u00e5rdsstolar &#8211; Terrassstolar &#8211; Tv\u00e4ttbara Kuddar &#8211; Ryggst\u00f6d &#8211; Armst\u00f6d &#8211; St\u00e5l &#8211; Rattan &#8211; M\u00f6rkgr\u00e5"}]},{"@type":"WebSite","@id":"https:\/\/truusk.store\/sv\/#website","url":"https:\/\/truusk.store\/sv\/","name":"TRUUSK - Hem, Tr\u00e4dg\u00e5rd & Fritid","description":"","publisher":{"@id":"https:\/\/truusk.store\/sv\/#organization"},"potentialAction":[{"@type":"SearchAction","target":{"@type":"EntryPoint","urlTemplate":"https:\/\/truusk.store\/sv\/?s={search_term_string}"},"query-input":{"@type":"PropertyValueSpecification","valueRequired":true,"valueName":"search_term_string"}}],"inLanguage":"sv-SE"},{"@type":"Organization","@id":"https:\/\/truusk.store\/sv\/#organization","name":"TRUUSK - Hem, Tr\u00e4dg\u00e5rd & Fritid","url":"https:\/\/truusk.store\/sv\/","logo":{"@type":"ImageObject","inLanguage":"sv-SE","@id":"https:\/\/truusk.store\/sv\/#\/schema\/logo\/image\/","url":"https:\/\/i0.wp.com\/truusk.store\/wp-content\/uploads\/2026\/03\/cropped-TRUUSK.png?fit=2032%2C917&ssl=1","contentUrl":"https:\/\/i0.wp.com\/truusk.store\/wp-content\/uploads\/2026\/03\/cropped-TRUUSK.png?fit=2032%2C917&ssl=1","width":2032,"height":917,"caption":"TRUUSK - Hem, Tr\u00e4dg\u00e5rd & Fritid"},"image":{"@id":"https:\/\/truusk.store\/sv\/#\/schema\/logo\/image\/"}}]}},"jetpack_sharing_enabled":true,"_links":{"self":[{"href":"https:\/\/truusk.store\/sv\/wp-json\/wp\/v2\/product\/98256","targetHints":{"allow":["GET"]}}],"collection":[{"href":"https:\/\/truusk.store\/sv\/wp-json\/wp\/v2\/product"}],"about":[{"href":"https:\/\/truusk.store\/sv\/wp-json\/wp\/v2\/types\/product"}],"wp:featuredmedia":[{"embeddable":true,"href":"https:\/\/truusk.store\/sv\/wp-json\/wp\/v2\/media\/98247"}],"wp:attachment":[{"href":"https:\/\/truusk.store\/sv\/wp-json\/wp\/v2\/media?parent=98256"}],"wp:term":[{"taxonomy":"product_brand","embeddable":true,"href":"https:\/\/truusk.store\/sv\/wp-json\/wp\/v2\/product_brand?post=98256"},{"taxonomy":"product_cat","embeddable":true,"href":"https:\/\/truusk.store\/sv\/wp-json\/wp\/v2\/product_cat?post=98256"},{"taxonomy":"product_tag","embeddable":true,"href":"https:\/\/truusk.store\/sv\/wp-json\/wp\/v2\/product_tag?post=98256"}],"curies":[{"name":"wp","href":"https:\/\/api.w.org\/{rel}","templated":true}]}}