{"id":98277,"date":"2025-12-25T12:37:40","date_gmt":"2025-12-25T11:37:40","guid":{"rendered":"https:\/\/truusk.store\/product\/3-delat-tradgardsmobelset-2-rottingstolar-1-bord-med-metallplatta-sittdynor-bistroset-beige-brun\/"},"modified":"2026-03-12T09:47:02","modified_gmt":"2026-03-12T08:47:02","slug":"truusk-tradgardsmobelset-3-delat-2-rottingstolar-1-bord-med-metallplatta-sittdynor-bistroset-beige-brun","status":"publish","type":"product","link":"https:\/\/truusk.store\/sv\/produkt\/truusk-tradgardsmobelset-3-delat-2-rottingstolar-1-bord-med-metallplatta-sittdynor-bistroset-beige-brun\/","title":{"rendered":"TRUUSK Tr\u00e4dg\u00e5rdsm\u00f6belset 3-delat &#8211; 2 Rottingstolar &#8211; 1 Bord Med Metallplatta &#8211; Sittdynor &#8211; Bistroset &#8211; Beige &amp; Brun"},"content":{"rendered":"<p>Uppt\u00e4ck [BRAND NAME] tr\u00e4dg\u00e5rdslounge m\u00f6belset, tillverkat med ett pulverlackerat st\u00e5lram och UV-resistent rottingfl\u00e4tning. Idealisk tr\u00e4dg\u00e5rdsgarnitur f\u00f6r balkonger eller tr\u00e4dg\u00e5rdar, med stapelbar design f\u00f6r enkel f\u00f6rvaring. Tr\u00e4dg\u00e5rdsloungen erbjuder komfort genom st\u00e4nkvattent\u00e4ta kuddar och en robust, svart metallbordsplatta som dessutom \u00e4r korrosionsbest\u00e4ndig. Perfekt f\u00f6r mysiga timmar utomhus!<\/p>\n<p>Beskrivning:<\/p>\n<ul>\n<li> Det pulverlackerade st\u00e5lramet p\u00e5 rottingsetet garanterar h\u00e5llbarhet och rostbest\u00e4ndighet<\/li>\n<li> UV-resistent rottingfl\u00e4tning av tr\u00e4dg\u00e5rdssetet ger elegans<\/li>\n<li> Stolarna kan l\u00e4tt och utrymmeseffektivt staplas<\/li>\n<li> Den svarta metallbordsplattan p\u00e5 tr\u00e4dg\u00e5rdslounge-setet ger stabilitet och \u00e4r korrosionsbest\u00e4ndig<\/li>\n<li> St\u00e4nkvattent\u00e4ta kuddar med band \u00f6kar komforten<\/li>\n<li> Justerbara fotdynor ger stabilitet p\u00e5 oj\u00e4mnt underlag<\/li>\n<li> Montering kr\u00e4vs<\/li>\n<\/ul>\n<p>Tekniska data:<\/p>\n<ul>\n<li> F\u00e4rg: Beige+Brun+Svart<\/li>\n<li> Material: St\u00e5l, Polyester, pe-rotting, skum<\/li>\n<li> Stolm\u00e5tt: 56L x 67B x 78H cm<\/li>\n<li> Bordm\u00e5tt: \u00d840 x 46H cm<\/li>\n<li> Sittm\u00e5tt (utan kudde): 50B x 47T x 40H cm<\/li>\n<li> Ryggm\u00e5tt: 45B x 42H cm<\/li>\n<li> B\u00e4rkapacitet: 120 kg (stol), 30 kg (bord)<\/li>\n<\/ul>\n<p>Leveransinneh\u00e5ll:<\/p>\n<ul>\n<li> 1 x Bord<\/li>\n<li> 2 x Stol<\/li>\n<li> 2 x Sittkudde<\/li>\n<li> 1 x Handbok<\/li>\n<\/ul>\n","protected":false},"excerpt":{"rendered":"<p>Uppt\u00e4ck [BRAND NAME] tr\u00e4dg\u00e5rdslounge m\u00f6belset, tillverkat med ett pulverlackerat st\u00e5lram och UV-resistent rottingfl\u00e4tning. Idealisk tr\u00e4dg\u00e5rdsgarnitur f\u00f6r balkonger eller tr\u00e4dg\u00e5rdar, med&#8230;<\/p>\n","protected":false},"featured_media":98268,"template":"","meta":[],"product_brand":[],"product_cat":[858,450,456],"product_tag":[],"class_list":{"0":"post-98277","1":"product","2":"type-product","3":"status-publish","4":"has-post-thumbnail","6":"product_cat-tradgard-terrass","7":"product_cat-tradgardsmobler","8":"product_cat-tradgardsmobler-set","10":"first","11":"instock","12":"sale","13":"taxable","14":"shipping-taxable","15":"purchasable","16":"product-type-simple"},"yoast_head":"<!-- This site is optimized with the Yoast SEO plugin v25.4 - https:\/\/yoast.com\/wordpress\/plugins\/seo\/ -->\n<title>TRUUSK Tr\u00e4dg\u00e5rdsm\u00f6belset 3-delat - 2 Rottingstolar - 1 Bord Med Metallplatta - Sittdynor - Bistroset - Beige &amp; Brun - TRUUSK - Hem, Tr\u00e4dg\u00e5rd &amp; Fritid<\/title>\n<meta name=\"robots\" content=\"index, follow, max-snippet:-1, max-image-preview:large, max-video-preview:-1\" \/>\n<link rel=\"canonical\" href=\"https:\/\/truusk.store\/sv\/produkt\/truusk-tradgardsmobelset-3-delat-2-rottingstolar-1-bord-med-metallplatta-sittdynor-bistroset-beige-brun\/\" \/>\n<meta property=\"og:locale\" content=\"sv_SE\" \/>\n<meta property=\"og:type\" content=\"article\" \/>\n<meta property=\"og:title\" content=\"TRUUSK Tr\u00e4dg\u00e5rdsm\u00f6belset 3-delat - 2 Rottingstolar - 1 Bord Med Metallplatta - Sittdynor - Bistroset - Beige &amp; Brun - TRUUSK - Hem, Tr\u00e4dg\u00e5rd &amp; Fritid\" \/>\n<meta property=\"og:description\" content=\"Uppt\u00e4ck [BRAND NAME] tr\u00e4dg\u00e5rdslounge m\u00f6belset, tillverkat med ett pulverlackerat st\u00e5lram och UV-resistent rottingfl\u00e4tning. Idealisk tr\u00e4dg\u00e5rdsgarnitur f\u00f6r balkonger eller tr\u00e4dg\u00e5rdar, med...\" \/>\n<meta property=\"og:url\" content=\"https:\/\/truusk.store\/sv\/produkt\/truusk-tradgardsmobelset-3-delat-2-rottingstolar-1-bord-med-metallplatta-sittdynor-bistroset-beige-brun\/\" \/>\n<meta property=\"og:site_name\" content=\"TRUUSK - Hem, Tr\u00e4dg\u00e5rd &amp; Fritid\" \/>\n<meta property=\"article:modified_time\" content=\"2026-03-12T08:47:02+00:00\" \/>\n<meta property=\"og:image\" content=\"https:\/\/i0.wp.com\/truusk.se\/wp-content\/uploads\/2025\/12\/3-delat-tradgardsmobelset-2-rottingstolar-1-bord-med-metallplatta-sittdynor-bistroset-beige-brun-1.webp?fit=2000%2C2000&ssl=1\" \/>\n\t<meta property=\"og:image:width\" content=\"2000\" \/>\n\t<meta property=\"og:image:height\" content=\"2000\" \/>\n\t<meta property=\"og:image:type\" content=\"image\/webp\" \/>\n<meta name=\"twitter:card\" content=\"summary_large_image\" \/>\n<meta name=\"twitter:label1\" content=\"Ber\u00e4knad l\u00e4stid\" \/>\n\t<meta name=\"twitter:data1\" content=\"1 minut\" \/>\n<!-- \/ Yoast SEO plugin. -->","yoast_head_json":{"title":"TRUUSK Tr\u00e4dg\u00e5rdsm\u00f6belset 3-delat - 2 Rottingstolar - 1 Bord Med Metallplatta - Sittdynor - Bistroset - Beige &amp; Brun - TRUUSK - Hem, Tr\u00e4dg\u00e5rd &amp; Fritid","robots":{"index":"index","follow":"follow","max-snippet":"max-snippet:-1","max-image-preview":"max-image-preview:large","max-video-preview":"max-video-preview:-1"},"canonical":"https:\/\/truusk.store\/sv\/produkt\/truusk-tradgardsmobelset-3-delat-2-rottingstolar-1-bord-med-metallplatta-sittdynor-bistroset-beige-brun\/","og_locale":"sv_SE","og_type":"article","og_title":"TRUUSK Tr\u00e4dg\u00e5rdsm\u00f6belset 3-delat - 2 Rottingstolar - 1 Bord Med Metallplatta - Sittdynor - Bistroset - Beige &amp; Brun - TRUUSK - Hem, Tr\u00e4dg\u00e5rd &amp; Fritid","og_description":"Uppt\u00e4ck [BRAND NAME] tr\u00e4dg\u00e5rdslounge m\u00f6belset, tillverkat med ett pulverlackerat st\u00e5lram och UV-resistent rottingfl\u00e4tning. Idealisk tr\u00e4dg\u00e5rdsgarnitur f\u00f6r balkonger eller tr\u00e4dg\u00e5rdar, med...","og_url":"https:\/\/truusk.store\/sv\/produkt\/truusk-tradgardsmobelset-3-delat-2-rottingstolar-1-bord-med-metallplatta-sittdynor-bistroset-beige-brun\/","og_site_name":"TRUUSK - Hem, Tr\u00e4dg\u00e5rd &amp; Fritid","article_modified_time":"2026-03-12T08:47:02+00:00","og_image":[{"width":2000,"height":2000,"url":"https:\/\/i0.wp.com\/truusk.se\/wp-content\/uploads\/2025\/12\/3-delat-tradgardsmobelset-2-rottingstolar-1-bord-med-metallplatta-sittdynor-bistroset-beige-brun-1.webp?fit=2000%2C2000&ssl=1","type":"image\/webp"}],"twitter_card":"summary_large_image","twitter_misc":{"Ber\u00e4knad l\u00e4stid":"1 minut"},"schema":{"@context":"https:\/\/schema.org","@graph":[{"@type":"WebPage","@id":"https:\/\/truusk.store\/sv\/produkt\/truusk-tradgardsmobelset-3-delat-2-rottingstolar-1-bord-med-metallplatta-sittdynor-bistroset-beige-brun\/","url":"https:\/\/truusk.store\/sv\/produkt\/truusk-tradgardsmobelset-3-delat-2-rottingstolar-1-bord-med-metallplatta-sittdynor-bistroset-beige-brun\/","name":"TRUUSK Tr\u00e4dg\u00e5rdsm\u00f6belset 3-delat - 2 Rottingstolar - 1 Bord Med Metallplatta - Sittdynor - Bistroset - Beige &amp; Brun - TRUUSK - Hem, Tr\u00e4dg\u00e5rd &amp; Fritid","isPartOf":{"@id":"https:\/\/truusk.store\/sv\/#website"},"primaryImageOfPage":{"@id":"https:\/\/truusk.store\/sv\/produkt\/truusk-tradgardsmobelset-3-delat-2-rottingstolar-1-bord-med-metallplatta-sittdynor-bistroset-beige-brun\/#primaryimage"},"image":{"@id":"https:\/\/truusk.store\/sv\/produkt\/truusk-tradgardsmobelset-3-delat-2-rottingstolar-1-bord-med-metallplatta-sittdynor-bistroset-beige-brun\/#primaryimage"},"thumbnailUrl":"https:\/\/i0.wp.com\/truusk.store\/wp-content\/uploads\/2025\/12\/3-delat-tradgardsmobelset-2-rottingstolar-1-bord-med-metallplatta-sittdynor-bistroset-beige-brun-1.webp?fit=2000%2C2000&ssl=1","datePublished":"2025-12-25T11:37:40+00:00","dateModified":"2026-03-12T08:47:02+00:00","breadcrumb":{"@id":"https:\/\/truusk.store\/sv\/produkt\/truusk-tradgardsmobelset-3-delat-2-rottingstolar-1-bord-med-metallplatta-sittdynor-bistroset-beige-brun\/#breadcrumb"},"inLanguage":"sv-SE","potentialAction":[{"@type":"ReadAction","target":["https:\/\/truusk.store\/sv\/produkt\/truusk-tradgardsmobelset-3-delat-2-rottingstolar-1-bord-med-metallplatta-sittdynor-bistroset-beige-brun\/"]}]},{"@type":"ImageObject","inLanguage":"sv-SE","@id":"https:\/\/truusk.store\/sv\/produkt\/truusk-tradgardsmobelset-3-delat-2-rottingstolar-1-bord-med-metallplatta-sittdynor-bistroset-beige-brun\/#primaryimage","url":"https:\/\/i0.wp.com\/truusk.store\/wp-content\/uploads\/2025\/12\/3-delat-tradgardsmobelset-2-rottingstolar-1-bord-med-metallplatta-sittdynor-bistroset-beige-brun-1.webp?fit=2000%2C2000&ssl=1","contentUrl":"https:\/\/i0.wp.com\/truusk.store\/wp-content\/uploads\/2025\/12\/3-delat-tradgardsmobelset-2-rottingstolar-1-bord-med-metallplatta-sittdynor-bistroset-beige-brun-1.webp?fit=2000%2C2000&ssl=1","width":2000,"height":2000},{"@type":"BreadcrumbList","@id":"https:\/\/truusk.store\/sv\/produkt\/truusk-tradgardsmobelset-3-delat-2-rottingstolar-1-bord-med-metallplatta-sittdynor-bistroset-beige-brun\/#breadcrumb","itemListElement":[{"@type":"ListItem","position":1,"name":"Home","item":"https:\/\/truusk.store\/sv\/"},{"@type":"ListItem","position":2,"name":"Shop","item":"https:\/\/truusk.store\/shop\/"},{"@type":"ListItem","position":3,"name":"TRUUSK Tr\u00e4dg\u00e5rdsm\u00f6belset 3-delat &#8211; 2 Rottingstolar &#8211; 1 Bord Med Metallplatta &#8211; Sittdynor &#8211; Bistroset &#8211; Beige &amp; Brun"}]},{"@type":"WebSite","@id":"https:\/\/truusk.store\/sv\/#website","url":"https:\/\/truusk.store\/sv\/","name":"TRUUSK - Hem, Tr\u00e4dg\u00e5rd & Fritid","description":"","publisher":{"@id":"https:\/\/truusk.store\/sv\/#organization"},"potentialAction":[{"@type":"SearchAction","target":{"@type":"EntryPoint","urlTemplate":"https:\/\/truusk.store\/sv\/?s={search_term_string}"},"query-input":{"@type":"PropertyValueSpecification","valueRequired":true,"valueName":"search_term_string"}}],"inLanguage":"sv-SE"},{"@type":"Organization","@id":"https:\/\/truusk.store\/sv\/#organization","name":"TRUUSK - Hem, Tr\u00e4dg\u00e5rd & Fritid","url":"https:\/\/truusk.store\/sv\/","logo":{"@type":"ImageObject","inLanguage":"sv-SE","@id":"https:\/\/truusk.store\/sv\/#\/schema\/logo\/image\/","url":"https:\/\/i0.wp.com\/truusk.store\/wp-content\/uploads\/2026\/03\/cropped-TRUUSK.png?fit=2032%2C917&ssl=1","contentUrl":"https:\/\/i0.wp.com\/truusk.store\/wp-content\/uploads\/2026\/03\/cropped-TRUUSK.png?fit=2032%2C917&ssl=1","width":2032,"height":917,"caption":"TRUUSK - Hem, Tr\u00e4dg\u00e5rd & Fritid"},"image":{"@id":"https:\/\/truusk.store\/sv\/#\/schema\/logo\/image\/"}}]}},"jetpack_sharing_enabled":true,"_links":{"self":[{"href":"https:\/\/truusk.store\/sv\/wp-json\/wp\/v2\/product\/98277","targetHints":{"allow":["GET"]}}],"collection":[{"href":"https:\/\/truusk.store\/sv\/wp-json\/wp\/v2\/product"}],"about":[{"href":"https:\/\/truusk.store\/sv\/wp-json\/wp\/v2\/types\/product"}],"wp:featuredmedia":[{"embeddable":true,"href":"https:\/\/truusk.store\/sv\/wp-json\/wp\/v2\/media\/98268"}],"wp:attachment":[{"href":"https:\/\/truusk.store\/sv\/wp-json\/wp\/v2\/media?parent=98277"}],"wp:term":[{"taxonomy":"product_brand","embeddable":true,"href":"https:\/\/truusk.store\/sv\/wp-json\/wp\/v2\/product_brand?post=98277"},{"taxonomy":"product_cat","embeddable":true,"href":"https:\/\/truusk.store\/sv\/wp-json\/wp\/v2\/product_cat?post=98277"},{"taxonomy":"product_tag","embeddable":true,"href":"https:\/\/truusk.store\/sv\/wp-json\/wp\/v2\/product_tag?post=98277"}],"curies":[{"name":"wp","href":"https:\/\/api.w.org\/{rel}","templated":true}]}}