{"id":98298,"date":"2026-01-02T12:25:43","date_gmt":"2026-01-02T11:25:43","guid":{"rendered":"https:\/\/truusk.store\/product\/solstol-med-lasfonster-kudde-hopfallbar-vattenavvisande-overdrag-metallram-gron\/"},"modified":"2026-03-12T08:55:30","modified_gmt":"2026-03-12T07:55:30","slug":"truusk-solstol-med-lasfonster-kudde-hopfallbar-vattenavvisande-overdrag-metallram-gron","status":"publish","type":"product","link":"https:\/\/truusk.store\/sv\/produkt\/truusk-solstol-med-lasfonster-kudde-hopfallbar-vattenavvisande-overdrag-metallram-gron\/","title":{"rendered":"TRUUSK Solstol med L\u00e4sf\u00f6nster &amp; Kudde &#8211; Hopf\u00e4llbar &#8211; Vattenavvisande \u00f6verdrag &#8211; Metallram &#8211; Gr\u00f6n"},"content":{"rendered":"<p>Uppt\u00e4ck den hopf\u00e4llbara sols\u00e4ngen med l\u00e4sf\u00f6nster fr\u00e5n [BRAND NAME] &#8211; din perfekta f\u00f6ljeslagare f\u00f6r avkopplande stunder utomhus. Den hopf\u00e4llbara tr\u00e4dg\u00e5rdss\u00e4ngen \u00e4r tillverkad av h\u00f6gkvalitativt st\u00e5l, vilket kombinerar stabilitet och stil. Den 4-faldigt justerbara ryggst\u00f6det p\u00e5 den v\u00e4derbest\u00e4ndiga tr\u00e4dg\u00e5rdss\u00e4ngen g\u00f6r det m\u00f6jligt f\u00f6r dig att hitta den perfekta positionen f\u00f6r att l\u00e4sa eller sola. Oavsett om det \u00e4r p\u00e5 terrassen, i tr\u00e4dg\u00e5rden eller vid poolen &#8211; denna v\u00e4derbest\u00e4ndiga tr\u00e4dg\u00e5rdss\u00e4ng ger of\u00f6rgl\u00f6mliga avkopplande stunder.<\/p>\n<p>Beskrivning:<\/p>\n<ul>\n<li> Modern, tidl\u00f6s design med \u00f6ppning f\u00f6r ansiktet<\/li>\n<li> H\u00f6g ligkomfort tack vare 3 kuddar (f\u00e4stning med kardborreband)<\/li>\n<li> Bastus\u00e4ngen \u00e4r optimal f\u00f6r att ligga p\u00e5 magen, s\u00e5 att du kan sola eller l\u00e4sa b\u00f6cker mycket bekv\u00e4mt<\/li>\n<li> M\u00e5ngsidig anv\u00e4ndning: l\u00e4mplig f\u00f6r tr\u00e4dg\u00e5rden, balkongen, stranden, pool- och bastuomr\u00e5det<\/li>\n<li> V\u00e4derbest\u00e4ndig, UV-resistent och h\u00e5llbar<\/li>\n<li> Superl\u00e4tt, d\u00e4rf\u00f6r optimal f\u00f6r transport<\/li>\n<li> Sols\u00e4ngens \u00f6verdrag \u00e4r gjord av robust Oxford-tyg: 300D x 600D<\/li>\n<li> Bastus\u00e4ngens ram \u00e4r gjord av st\u00e5lr\u00f6r<\/li>\n<li> Platssparande f\u00f6rvaring<\/li>\n<li> Hopf\u00e4llbar<\/li>\n<li> L\u00e4tt att sk\u00f6ta<\/li>\n<\/ul>\n<p>Tekniska data:<\/p>\n<ul>\n<li> F\u00e4rg: Gr\u00f6n<\/li>\n<li> Material: Oxford-tyg (100% polyester), st\u00e5l<\/li>\n<li> Liggpositionsm\u00e5tt: 187L x 58B x 36H cm<\/li>\n<li> Hopf\u00e4llbara m\u00e5tt: 71L x 15B x 58H cm<\/li>\n<li> L\u00e4sf\u00f6nster: 20L x 15B cm<\/li>\n<li> M\u00e5tt p\u00e5 st\u00e5lr\u00f6r: \u00d818 x 0,9D mm<\/li>\n<li> Max. belastningsvikt: 120 kg<\/li>\n<\/ul>\n<p>Leveransinneh\u00e5ll:<\/p>\n<ul>\n<li> 1 x sols\u00e4ng (inkl. 3 kuddar);<\/li>\n<\/ul>\n","protected":false},"excerpt":{"rendered":"<p>Uppt\u00e4ck den hopf\u00e4llbara sols\u00e4ngen med l\u00e4sf\u00f6nster fr\u00e5n [BRAND NAME] &#8211; din perfekta f\u00f6ljeslagare f\u00f6r avkopplande stunder utomhus. Den hopf\u00e4llbara tr\u00e4dg\u00e5rdss\u00e4ngen&#8230;<\/p>\n","protected":false},"featured_media":98289,"template":"","meta":[],"product_brand":[],"product_cat":[451,858,450],"product_tag":[],"class_list":{"0":"post-98298","1":"product","2":"type-product","3":"status-publish","4":"has-post-thumbnail","6":"product_cat-solstolar","7":"product_cat-tradgard-terrass","8":"product_cat-tradgardsmobler","10":"first","11":"instock","12":"sale","13":"taxable","14":"shipping-taxable","15":"purchasable","16":"product-type-simple"},"yoast_head":"<!-- This site is optimized with the Yoast SEO plugin v25.4 - https:\/\/yoast.com\/wordpress\/plugins\/seo\/ -->\n<title>TRUUSK Solstol med L\u00e4sf\u00f6nster &amp; Kudde - Hopf\u00e4llbar - Vattenavvisande \u00f6verdrag - Metallram - Gr\u00f6n - TRUUSK - Hem, Tr\u00e4dg\u00e5rd &amp; Fritid<\/title>\n<meta name=\"robots\" content=\"index, follow, max-snippet:-1, max-image-preview:large, max-video-preview:-1\" \/>\n<link rel=\"canonical\" href=\"https:\/\/truusk.store\/sv\/produkt\/truusk-solstol-med-lasfonster-kudde-hopfallbar-vattenavvisande-overdrag-metallram-gron\/\" \/>\n<meta property=\"og:locale\" content=\"sv_SE\" \/>\n<meta property=\"og:type\" content=\"article\" \/>\n<meta property=\"og:title\" content=\"TRUUSK Solstol med L\u00e4sf\u00f6nster &amp; Kudde - Hopf\u00e4llbar - Vattenavvisande \u00f6verdrag - Metallram - Gr\u00f6n - TRUUSK - Hem, Tr\u00e4dg\u00e5rd &amp; Fritid\" \/>\n<meta property=\"og:description\" content=\"Uppt\u00e4ck den hopf\u00e4llbara sols\u00e4ngen med l\u00e4sf\u00f6nster fr\u00e5n [BRAND NAME] &#8211; din perfekta f\u00f6ljeslagare f\u00f6r avkopplande stunder utomhus. Den hopf\u00e4llbara tr\u00e4dg\u00e5rdss\u00e4ngen...\" \/>\n<meta property=\"og:url\" content=\"https:\/\/truusk.store\/sv\/produkt\/truusk-solstol-med-lasfonster-kudde-hopfallbar-vattenavvisande-overdrag-metallram-gron\/\" \/>\n<meta property=\"og:site_name\" content=\"TRUUSK - Hem, Tr\u00e4dg\u00e5rd &amp; Fritid\" \/>\n<meta property=\"article:modified_time\" content=\"2026-03-12T07:55:30+00:00\" \/>\n<meta property=\"og:image\" content=\"https:\/\/i0.wp.com\/truusk.se\/wp-content\/uploads\/2026\/01\/solstol-med-lasfonster-kudde-hopfallbar-vattenavvisande-overdrag-metallram-gron-1.webp?fit=2000%2C2000&ssl=1\" \/>\n\t<meta property=\"og:image:width\" content=\"2000\" \/>\n\t<meta property=\"og:image:height\" content=\"2000\" \/>\n\t<meta property=\"og:image:type\" content=\"image\/webp\" \/>\n<meta name=\"twitter:card\" content=\"summary_large_image\" \/>\n<meta name=\"twitter:label1\" content=\"Ber\u00e4knad l\u00e4stid\" \/>\n\t<meta name=\"twitter:data1\" content=\"1 minut\" \/>\n<!-- \/ Yoast SEO plugin. -->","yoast_head_json":{"title":"TRUUSK Solstol med L\u00e4sf\u00f6nster &amp; Kudde - Hopf\u00e4llbar - Vattenavvisande \u00f6verdrag - Metallram - Gr\u00f6n - TRUUSK - Hem, Tr\u00e4dg\u00e5rd &amp; Fritid","robots":{"index":"index","follow":"follow","max-snippet":"max-snippet:-1","max-image-preview":"max-image-preview:large","max-video-preview":"max-video-preview:-1"},"canonical":"https:\/\/truusk.store\/sv\/produkt\/truusk-solstol-med-lasfonster-kudde-hopfallbar-vattenavvisande-overdrag-metallram-gron\/","og_locale":"sv_SE","og_type":"article","og_title":"TRUUSK Solstol med L\u00e4sf\u00f6nster &amp; Kudde - Hopf\u00e4llbar - Vattenavvisande \u00f6verdrag - Metallram - Gr\u00f6n - TRUUSK - Hem, Tr\u00e4dg\u00e5rd &amp; Fritid","og_description":"Uppt\u00e4ck den hopf\u00e4llbara sols\u00e4ngen med l\u00e4sf\u00f6nster fr\u00e5n [BRAND NAME] &#8211; din perfekta f\u00f6ljeslagare f\u00f6r avkopplande stunder utomhus. Den hopf\u00e4llbara tr\u00e4dg\u00e5rdss\u00e4ngen...","og_url":"https:\/\/truusk.store\/sv\/produkt\/truusk-solstol-med-lasfonster-kudde-hopfallbar-vattenavvisande-overdrag-metallram-gron\/","og_site_name":"TRUUSK - Hem, Tr\u00e4dg\u00e5rd &amp; Fritid","article_modified_time":"2026-03-12T07:55:30+00:00","og_image":[{"width":2000,"height":2000,"url":"https:\/\/i0.wp.com\/truusk.se\/wp-content\/uploads\/2026\/01\/solstol-med-lasfonster-kudde-hopfallbar-vattenavvisande-overdrag-metallram-gron-1.webp?fit=2000%2C2000&ssl=1","type":"image\/webp"}],"twitter_card":"summary_large_image","twitter_misc":{"Ber\u00e4knad l\u00e4stid":"1 minut"},"schema":{"@context":"https:\/\/schema.org","@graph":[{"@type":"WebPage","@id":"https:\/\/truusk.store\/sv\/produkt\/truusk-solstol-med-lasfonster-kudde-hopfallbar-vattenavvisande-overdrag-metallram-gron\/","url":"https:\/\/truusk.store\/sv\/produkt\/truusk-solstol-med-lasfonster-kudde-hopfallbar-vattenavvisande-overdrag-metallram-gron\/","name":"TRUUSK Solstol med L\u00e4sf\u00f6nster &amp; Kudde - Hopf\u00e4llbar - Vattenavvisande \u00f6verdrag - Metallram - Gr\u00f6n - TRUUSK - Hem, Tr\u00e4dg\u00e5rd &amp; Fritid","isPartOf":{"@id":"https:\/\/truusk.store\/sv\/#website"},"primaryImageOfPage":{"@id":"https:\/\/truusk.store\/sv\/produkt\/truusk-solstol-med-lasfonster-kudde-hopfallbar-vattenavvisande-overdrag-metallram-gron\/#primaryimage"},"image":{"@id":"https:\/\/truusk.store\/sv\/produkt\/truusk-solstol-med-lasfonster-kudde-hopfallbar-vattenavvisande-overdrag-metallram-gron\/#primaryimage"},"thumbnailUrl":"https:\/\/i0.wp.com\/truusk.store\/wp-content\/uploads\/2026\/01\/solstol-med-lasfonster-kudde-hopfallbar-vattenavvisande-overdrag-metallram-gron-1.webp?fit=2000%2C2000&ssl=1","datePublished":"2026-01-02T11:25:43+00:00","dateModified":"2026-03-12T07:55:30+00:00","breadcrumb":{"@id":"https:\/\/truusk.store\/sv\/produkt\/truusk-solstol-med-lasfonster-kudde-hopfallbar-vattenavvisande-overdrag-metallram-gron\/#breadcrumb"},"inLanguage":"sv-SE","potentialAction":[{"@type":"ReadAction","target":["https:\/\/truusk.store\/sv\/produkt\/truusk-solstol-med-lasfonster-kudde-hopfallbar-vattenavvisande-overdrag-metallram-gron\/"]}]},{"@type":"ImageObject","inLanguage":"sv-SE","@id":"https:\/\/truusk.store\/sv\/produkt\/truusk-solstol-med-lasfonster-kudde-hopfallbar-vattenavvisande-overdrag-metallram-gron\/#primaryimage","url":"https:\/\/i0.wp.com\/truusk.store\/wp-content\/uploads\/2026\/01\/solstol-med-lasfonster-kudde-hopfallbar-vattenavvisande-overdrag-metallram-gron-1.webp?fit=2000%2C2000&ssl=1","contentUrl":"https:\/\/i0.wp.com\/truusk.store\/wp-content\/uploads\/2026\/01\/solstol-med-lasfonster-kudde-hopfallbar-vattenavvisande-overdrag-metallram-gron-1.webp?fit=2000%2C2000&ssl=1","width":2000,"height":2000},{"@type":"BreadcrumbList","@id":"https:\/\/truusk.store\/sv\/produkt\/truusk-solstol-med-lasfonster-kudde-hopfallbar-vattenavvisande-overdrag-metallram-gron\/#breadcrumb","itemListElement":[{"@type":"ListItem","position":1,"name":"Home","item":"https:\/\/truusk.store\/sv\/"},{"@type":"ListItem","position":2,"name":"Shop","item":"https:\/\/truusk.store\/shop\/"},{"@type":"ListItem","position":3,"name":"TRUUSK Solstol med L\u00e4sf\u00f6nster &amp; Kudde &#8211; Hopf\u00e4llbar &#8211; Vattenavvisande \u00f6verdrag &#8211; Metallram &#8211; Gr\u00f6n"}]},{"@type":"WebSite","@id":"https:\/\/truusk.store\/sv\/#website","url":"https:\/\/truusk.store\/sv\/","name":"TRUUSK - Hem, Tr\u00e4dg\u00e5rd & Fritid","description":"","publisher":{"@id":"https:\/\/truusk.store\/sv\/#organization"},"potentialAction":[{"@type":"SearchAction","target":{"@type":"EntryPoint","urlTemplate":"https:\/\/truusk.store\/sv\/?s={search_term_string}"},"query-input":{"@type":"PropertyValueSpecification","valueRequired":true,"valueName":"search_term_string"}}],"inLanguage":"sv-SE"},{"@type":"Organization","@id":"https:\/\/truusk.store\/sv\/#organization","name":"TRUUSK - Hem, Tr\u00e4dg\u00e5rd & Fritid","url":"https:\/\/truusk.store\/sv\/","logo":{"@type":"ImageObject","inLanguage":"sv-SE","@id":"https:\/\/truusk.store\/sv\/#\/schema\/logo\/image\/","url":"https:\/\/i0.wp.com\/truusk.store\/wp-content\/uploads\/2026\/03\/cropped-TRUUSK.png?fit=2032%2C917&ssl=1","contentUrl":"https:\/\/i0.wp.com\/truusk.store\/wp-content\/uploads\/2026\/03\/cropped-TRUUSK.png?fit=2032%2C917&ssl=1","width":2032,"height":917,"caption":"TRUUSK - Hem, Tr\u00e4dg\u00e5rd & Fritid"},"image":{"@id":"https:\/\/truusk.store\/sv\/#\/schema\/logo\/image\/"}}]}},"jetpack_sharing_enabled":true,"_links":{"self":[{"href":"https:\/\/truusk.store\/sv\/wp-json\/wp\/v2\/product\/98298","targetHints":{"allow":["GET"]}}],"collection":[{"href":"https:\/\/truusk.store\/sv\/wp-json\/wp\/v2\/product"}],"about":[{"href":"https:\/\/truusk.store\/sv\/wp-json\/wp\/v2\/types\/product"}],"wp:featuredmedia":[{"embeddable":true,"href":"https:\/\/truusk.store\/sv\/wp-json\/wp\/v2\/media\/98289"}],"wp:attachment":[{"href":"https:\/\/truusk.store\/sv\/wp-json\/wp\/v2\/media?parent=98298"}],"wp:term":[{"taxonomy":"product_brand","embeddable":true,"href":"https:\/\/truusk.store\/sv\/wp-json\/wp\/v2\/product_brand?post=98298"},{"taxonomy":"product_cat","embeddable":true,"href":"https:\/\/truusk.store\/sv\/wp-json\/wp\/v2\/product_cat?post=98298"},{"taxonomy":"product_tag","embeddable":true,"href":"https:\/\/truusk.store\/sv\/wp-json\/wp\/v2\/product_tag?post=98298"}],"curies":[{"name":"wp","href":"https:\/\/api.w.org\/{rel}","templated":true}]}}