{"id":98311,"date":"2026-01-02T12:37:07","date_gmt":"2026-01-02T11:37:07","guid":{"rendered":"https:\/\/truusk.store\/product\/2-pack-galvaniserade-plantkrukor-o60-x-30h-cm-blomkrukor-med-oppen-botten-for-olika-vaxter-gron\/"},"modified":"2026-03-12T09:32:31","modified_gmt":"2026-03-12T08:32:31","slug":"truusk-2-pack-galvaniserade-plantkrukor-o60-x-30h-cm-blomkrukor-med-oppen-botten-for-olika-vaxter-gron","status":"publish","type":"product","link":"https:\/\/truusk.store\/sv\/produkt\/truusk-2-pack-galvaniserade-plantkrukor-o60-x-30h-cm-blomkrukor-med-oppen-botten-for-olika-vaxter-gron\/","title":{"rendered":"TRUUSK 2-pack Galvaniserade Plantkrukor &#8211; \u00d860 X 30H Cm &#8211; Blomkrukor &#8211; Med \u00f6ppen Botten &#8211; F\u00f6r Olika V\u00e4xter &#8211; Gr\u00f6n"},"content":{"rendered":"<p>Den naturliga, enkla designen p\u00e5 denna [BRAND NAME] h\u00f6gkvarter f\u00f6r balkong \u00e4r perfekt f\u00f6r utomhusomr\u00e5den. Dessa \u00f6rtb\u00e4ddar sm\u00e4lter s\u00f6ml\u00f6st in i alla naturliga milj\u00f6er och \u00e4r idealiska f\u00f6r alla tr\u00e4dg\u00e5rdar. Tillverkad av robust, galvaniserat st\u00e5l, m\u00f6jligg\u00f6r dess \u00f6ppna botten direkt jordkontakt, vilket fr\u00e4mjar v\u00e4xttillv\u00e4xt. Tack vare den gummierade \u00f6vre kanten p\u00e5 \u00f6rtb\u00e4dden kan de ocks\u00e5 b\u00e4ras s\u00e4kert.<\/p>\n<p>Beskrivning:<\/p>\n<ul>\n<li> Blomsterb\u00e4ddsset med tv\u00e5 upph\u00f6jda planteringsk\u00e4rl f\u00f6r tr\u00e4dg\u00e5rden: Kan anv\u00e4ndas tillsammans eller separat<\/li>\n<li> \u00d6ppen botten av planteringsl\u00e5dan f\u00f6r direkt kontakt med jorden<\/li>\n<li> Galvaniserad st\u00e5lram av planteringsl\u00e5dan f\u00f6r stark och robust konstruktion<\/li>\n<li> Med gummif\u00f6rseglade \u00f6versidor<\/li>\n<li> Robust design<\/li>\n<li> Enkel montering<\/li>\n<\/ul>\n<p> Tekniska data:<\/p>\n<ul>\n<li> F\u00e4rg: Gr\u00f6n<\/li>\n<li> Material: Galvaniserat st\u00e5l<\/li>\n<li> Totala dimensioner: \u00d860 x 30H cm<\/li>\n<li> Inre dimensioner: \u00d858 x 30H cm<\/li>\n<li> Enskilda b\u00f6jda paneler: 51B x 30H cm<\/li>\n<\/ul>\n<p>Leveransinneh\u00e5ll:<\/p>\n<ul>\n<li> 2 x galvaniserade planteringsk\u00e4rl<\/li>\n<li> 16 x skruv<\/li>\n<li> 1 x handbok<\/li>\n<\/ul>\n","protected":false},"excerpt":{"rendered":"<p>Den naturliga, enkla designen p\u00e5 denna [BRAND NAME] h\u00f6gkvarter f\u00f6r balkong \u00e4r perfekt f\u00f6r utomhusomr\u00e5den. Dessa \u00f6rtb\u00e4ddar sm\u00e4lter s\u00f6ml\u00f6st in&#8230;<\/p>\n","protected":false},"featured_media":98299,"template":"","meta":[],"product_brand":[],"product_cat":[924,858,443],"product_tag":[],"class_list":{"0":"post-98311","1":"product","2":"type-product","3":"status-publish","4":"has-post-thumbnail","6":"product_cat-plantkarl","7":"product_cat-tradgard-terrass","8":"product_cat-vaxthus-tradgardsskotsel","10":"first","11":"instock","12":"sale","13":"taxable","14":"shipping-taxable","15":"purchasable","16":"product-type-simple"},"yoast_head":"<!-- This site is optimized with the Yoast SEO plugin v25.4 - https:\/\/yoast.com\/wordpress\/plugins\/seo\/ -->\n<title>TRUUSK 2-pack Galvaniserade Plantkrukor - \u00d860 X 30H Cm - Blomkrukor - Med \u00f6ppen Botten - F\u00f6r Olika V\u00e4xter - Gr\u00f6n - TRUUSK - Hem, Tr\u00e4dg\u00e5rd &amp; Fritid<\/title>\n<meta name=\"robots\" content=\"index, follow, max-snippet:-1, max-image-preview:large, max-video-preview:-1\" \/>\n<link rel=\"canonical\" href=\"https:\/\/truusk.store\/sv\/produkt\/truusk-2-pack-galvaniserade-plantkrukor-o60-x-30h-cm-blomkrukor-med-oppen-botten-for-olika-vaxter-gron\/\" \/>\n<meta property=\"og:locale\" content=\"sv_SE\" \/>\n<meta property=\"og:type\" content=\"article\" \/>\n<meta property=\"og:title\" content=\"TRUUSK 2-pack Galvaniserade Plantkrukor - \u00d860 X 30H Cm - Blomkrukor - Med \u00f6ppen Botten - F\u00f6r Olika V\u00e4xter - Gr\u00f6n - TRUUSK - Hem, Tr\u00e4dg\u00e5rd &amp; Fritid\" \/>\n<meta property=\"og:description\" content=\"Den naturliga, enkla designen p\u00e5 denna [BRAND NAME] h\u00f6gkvarter f\u00f6r balkong \u00e4r perfekt f\u00f6r utomhusomr\u00e5den. Dessa \u00f6rtb\u00e4ddar sm\u00e4lter s\u00f6ml\u00f6st in...\" \/>\n<meta property=\"og:url\" content=\"https:\/\/truusk.store\/sv\/produkt\/truusk-2-pack-galvaniserade-plantkrukor-o60-x-30h-cm-blomkrukor-med-oppen-botten-for-olika-vaxter-gron\/\" \/>\n<meta property=\"og:site_name\" content=\"TRUUSK - Hem, Tr\u00e4dg\u00e5rd &amp; Fritid\" \/>\n<meta property=\"article:modified_time\" content=\"2026-03-12T08:32:31+00:00\" \/>\n<meta property=\"og:image\" content=\"https:\/\/i0.wp.com\/truusk.se\/wp-content\/uploads\/2026\/01\/2-pack-galvaniserade-plantkrukor-o60-x-30h-cm-blomkrukor-med-oppen-botten-for-olika-vaxter-gron-1.webp?fit=2000%2C2000&ssl=1\" \/>\n\t<meta property=\"og:image:width\" content=\"2000\" \/>\n\t<meta property=\"og:image:height\" content=\"2000\" \/>\n\t<meta property=\"og:image:type\" content=\"image\/webp\" \/>\n<meta name=\"twitter:card\" content=\"summary_large_image\" \/>\n<meta name=\"twitter:label1\" content=\"Ber\u00e4knad l\u00e4stid\" \/>\n\t<meta name=\"twitter:data1\" content=\"1 minut\" \/>\n<!-- \/ Yoast SEO plugin. -->","yoast_head_json":{"title":"TRUUSK 2-pack Galvaniserade Plantkrukor - \u00d860 X 30H Cm - Blomkrukor - Med \u00f6ppen Botten - F\u00f6r Olika V\u00e4xter - Gr\u00f6n - TRUUSK - Hem, Tr\u00e4dg\u00e5rd &amp; Fritid","robots":{"index":"index","follow":"follow","max-snippet":"max-snippet:-1","max-image-preview":"max-image-preview:large","max-video-preview":"max-video-preview:-1"},"canonical":"https:\/\/truusk.store\/sv\/produkt\/truusk-2-pack-galvaniserade-plantkrukor-o60-x-30h-cm-blomkrukor-med-oppen-botten-for-olika-vaxter-gron\/","og_locale":"sv_SE","og_type":"article","og_title":"TRUUSK 2-pack Galvaniserade Plantkrukor - \u00d860 X 30H Cm - Blomkrukor - Med \u00f6ppen Botten - F\u00f6r Olika V\u00e4xter - Gr\u00f6n - TRUUSK - Hem, Tr\u00e4dg\u00e5rd &amp; Fritid","og_description":"Den naturliga, enkla designen p\u00e5 denna [BRAND NAME] h\u00f6gkvarter f\u00f6r balkong \u00e4r perfekt f\u00f6r utomhusomr\u00e5den. Dessa \u00f6rtb\u00e4ddar sm\u00e4lter s\u00f6ml\u00f6st in...","og_url":"https:\/\/truusk.store\/sv\/produkt\/truusk-2-pack-galvaniserade-plantkrukor-o60-x-30h-cm-blomkrukor-med-oppen-botten-for-olika-vaxter-gron\/","og_site_name":"TRUUSK - Hem, Tr\u00e4dg\u00e5rd &amp; Fritid","article_modified_time":"2026-03-12T08:32:31+00:00","og_image":[{"width":2000,"height":2000,"url":"https:\/\/i0.wp.com\/truusk.se\/wp-content\/uploads\/2026\/01\/2-pack-galvaniserade-plantkrukor-o60-x-30h-cm-blomkrukor-med-oppen-botten-for-olika-vaxter-gron-1.webp?fit=2000%2C2000&ssl=1","type":"image\/webp"}],"twitter_card":"summary_large_image","twitter_misc":{"Ber\u00e4knad l\u00e4stid":"1 minut"},"schema":{"@context":"https:\/\/schema.org","@graph":[{"@type":"WebPage","@id":"https:\/\/truusk.store\/sv\/produkt\/truusk-2-pack-galvaniserade-plantkrukor-o60-x-30h-cm-blomkrukor-med-oppen-botten-for-olika-vaxter-gron\/","url":"https:\/\/truusk.store\/sv\/produkt\/truusk-2-pack-galvaniserade-plantkrukor-o60-x-30h-cm-blomkrukor-med-oppen-botten-for-olika-vaxter-gron\/","name":"TRUUSK 2-pack Galvaniserade Plantkrukor - \u00d860 X 30H Cm - Blomkrukor - Med \u00f6ppen Botten - F\u00f6r Olika V\u00e4xter - Gr\u00f6n - TRUUSK - Hem, Tr\u00e4dg\u00e5rd &amp; Fritid","isPartOf":{"@id":"https:\/\/truusk.store\/sv\/#website"},"primaryImageOfPage":{"@id":"https:\/\/truusk.store\/sv\/produkt\/truusk-2-pack-galvaniserade-plantkrukor-o60-x-30h-cm-blomkrukor-med-oppen-botten-for-olika-vaxter-gron\/#primaryimage"},"image":{"@id":"https:\/\/truusk.store\/sv\/produkt\/truusk-2-pack-galvaniserade-plantkrukor-o60-x-30h-cm-blomkrukor-med-oppen-botten-for-olika-vaxter-gron\/#primaryimage"},"thumbnailUrl":"https:\/\/i0.wp.com\/truusk.store\/wp-content\/uploads\/2026\/01\/2-pack-galvaniserade-plantkrukor-o60-x-30h-cm-blomkrukor-med-oppen-botten-for-olika-vaxter-gron-1.webp?fit=2000%2C2000&ssl=1","datePublished":"2026-01-02T11:37:07+00:00","dateModified":"2026-03-12T08:32:31+00:00","breadcrumb":{"@id":"https:\/\/truusk.store\/sv\/produkt\/truusk-2-pack-galvaniserade-plantkrukor-o60-x-30h-cm-blomkrukor-med-oppen-botten-for-olika-vaxter-gron\/#breadcrumb"},"inLanguage":"sv-SE","potentialAction":[{"@type":"ReadAction","target":["https:\/\/truusk.store\/sv\/produkt\/truusk-2-pack-galvaniserade-plantkrukor-o60-x-30h-cm-blomkrukor-med-oppen-botten-for-olika-vaxter-gron\/"]}]},{"@type":"ImageObject","inLanguage":"sv-SE","@id":"https:\/\/truusk.store\/sv\/produkt\/truusk-2-pack-galvaniserade-plantkrukor-o60-x-30h-cm-blomkrukor-med-oppen-botten-for-olika-vaxter-gron\/#primaryimage","url":"https:\/\/i0.wp.com\/truusk.store\/wp-content\/uploads\/2026\/01\/2-pack-galvaniserade-plantkrukor-o60-x-30h-cm-blomkrukor-med-oppen-botten-for-olika-vaxter-gron-1.webp?fit=2000%2C2000&ssl=1","contentUrl":"https:\/\/i0.wp.com\/truusk.store\/wp-content\/uploads\/2026\/01\/2-pack-galvaniserade-plantkrukor-o60-x-30h-cm-blomkrukor-med-oppen-botten-for-olika-vaxter-gron-1.webp?fit=2000%2C2000&ssl=1","width":2000,"height":2000},{"@type":"BreadcrumbList","@id":"https:\/\/truusk.store\/sv\/produkt\/truusk-2-pack-galvaniserade-plantkrukor-o60-x-30h-cm-blomkrukor-med-oppen-botten-for-olika-vaxter-gron\/#breadcrumb","itemListElement":[{"@type":"ListItem","position":1,"name":"Home","item":"https:\/\/truusk.store\/sv\/"},{"@type":"ListItem","position":2,"name":"Shop","item":"https:\/\/truusk.store\/shop\/"},{"@type":"ListItem","position":3,"name":"TRUUSK 2-pack Galvaniserade Plantkrukor &#8211; \u00d860 X 30H Cm &#8211; Blomkrukor &#8211; Med \u00f6ppen Botten &#8211; F\u00f6r Olika V\u00e4xter &#8211; Gr\u00f6n"}]},{"@type":"WebSite","@id":"https:\/\/truusk.store\/sv\/#website","url":"https:\/\/truusk.store\/sv\/","name":"TRUUSK - Hem, Tr\u00e4dg\u00e5rd & Fritid","description":"","publisher":{"@id":"https:\/\/truusk.store\/sv\/#organization"},"potentialAction":[{"@type":"SearchAction","target":{"@type":"EntryPoint","urlTemplate":"https:\/\/truusk.store\/sv\/?s={search_term_string}"},"query-input":{"@type":"PropertyValueSpecification","valueRequired":true,"valueName":"search_term_string"}}],"inLanguage":"sv-SE"},{"@type":"Organization","@id":"https:\/\/truusk.store\/sv\/#organization","name":"TRUUSK - Hem, Tr\u00e4dg\u00e5rd & Fritid","url":"https:\/\/truusk.store\/sv\/","logo":{"@type":"ImageObject","inLanguage":"sv-SE","@id":"https:\/\/truusk.store\/sv\/#\/schema\/logo\/image\/","url":"https:\/\/i0.wp.com\/truusk.store\/wp-content\/uploads\/2026\/03\/cropped-TRUUSK.png?fit=2032%2C917&ssl=1","contentUrl":"https:\/\/i0.wp.com\/truusk.store\/wp-content\/uploads\/2026\/03\/cropped-TRUUSK.png?fit=2032%2C917&ssl=1","width":2032,"height":917,"caption":"TRUUSK - Hem, Tr\u00e4dg\u00e5rd & Fritid"},"image":{"@id":"https:\/\/truusk.store\/sv\/#\/schema\/logo\/image\/"}}]}},"jetpack_sharing_enabled":true,"_links":{"self":[{"href":"https:\/\/truusk.store\/sv\/wp-json\/wp\/v2\/product\/98311","targetHints":{"allow":["GET"]}}],"collection":[{"href":"https:\/\/truusk.store\/sv\/wp-json\/wp\/v2\/product"}],"about":[{"href":"https:\/\/truusk.store\/sv\/wp-json\/wp\/v2\/types\/product"}],"wp:featuredmedia":[{"embeddable":true,"href":"https:\/\/truusk.store\/sv\/wp-json\/wp\/v2\/media\/98299"}],"wp:attachment":[{"href":"https:\/\/truusk.store\/sv\/wp-json\/wp\/v2\/media?parent=98311"}],"wp:term":[{"taxonomy":"product_brand","embeddable":true,"href":"https:\/\/truusk.store\/sv\/wp-json\/wp\/v2\/product_brand?post=98311"},{"taxonomy":"product_cat","embeddable":true,"href":"https:\/\/truusk.store\/sv\/wp-json\/wp\/v2\/product_cat?post=98311"},{"taxonomy":"product_tag","embeddable":true,"href":"https:\/\/truusk.store\/sv\/wp-json\/wp\/v2\/product_tag?post=98311"}],"curies":[{"name":"wp","href":"https:\/\/api.w.org\/{rel}","templated":true}]}}