{"id":98331,"date":"2026-01-02T19:58:17","date_gmt":"2026-01-02T18:58:17","guid":{"rendered":"https:\/\/truusk.store\/product\/blomstall-3-delat-set-i-metall-vaxtstall-set-i-marmorutseende-blomkruka-blomkrukshallare-stapelbar-vaxtkruka-for-blomkruka-svartgra\/"},"modified":"2026-03-12T09:10:27","modified_gmt":"2026-03-12T08:10:27","slug":"truusk-blomstall-3-delat-set-i-metall-vaxtstall-set-i-marmorutseende-blomkruka-blomkrukshallare-stapelbar-vaxtkruka-for","status":"publish","type":"product","link":"https:\/\/truusk.store\/sv\/produkt\/truusk-blomstall-3-delat-set-i-metall-vaxtstall-set-i-marmorutseende-blomkruka-blomkrukshallare-stapelbar-vaxtkruka-for\/","title":{"rendered":"TRUUSK Blomst\u00e4ll 3-delat Set I Metall &#8211; V\u00e4xtst\u00e4ll Set I Marmorutseende &#8211; Blomkruka &#8211; Blomkruksh\u00e5llare &#8211; Stapelbar V\u00e4xtkruka F\u00f6r"},"content":{"rendered":"<p>Ge dina favoritv\u00e4xter en speciell plats och ditt rum en elegant dekor med dessa filigrana blomstertrappor fr\u00e5n [BRAND NAME]. Oavsett om det \u00e4r blommor, v\u00e4xter eller dekorativa ljus &#8211; med detta set s\u00e4kerst\u00e4ller du alltid en sofistikerad presentation. Vid behov kan v\u00e4xtst\u00e4llet svart enkelt staplas inuti varandra och sparas p\u00e5 utrymme.<\/p>\n<p>Beskrivning:<\/p>\n<ul>\n<li> 3 blomsterst\u00e4ll i olika storlekar, som erbjuder tillr\u00e4ckligt med utrymme f\u00f6r dina v\u00e4xter<\/li>\n<li> Stapelbar f\u00f6r enkel lagring och utrymmesbesparing<\/li>\n<li> Bordsskiva med marmorstruktur, som ger din veranda, din innerg\u00e5rd eller ditt bostadsomr\u00e5de en touch av chic<\/li>\n<li> Solid metallram garanterar h\u00f6g stabilitet<\/li>\n<li> Ingen montering kr\u00e4vs<\/li>\n<\/ul>\n<p> Tekniska data:<\/p>\n<ul>\n<li> F\u00e4rg: Svart+Gr\u00e5<\/li>\n<li> Material: Metall<\/li>\n<li> M\u00e5tt: \u00d822 x 30,5H cm (liten), \u00d825,5x 48H cm (medium), \u00d830,5 x 70,5H cm (stor)<\/li>\n<li> B\u00e4rkapacitet: 20 kg (per styck)<\/li>\n<\/ul>\n<p> Leveransinneh\u00e5ll:<\/p>\n<ul>\n<li>3 x v\u00e4xtst\u00e4ll<\/li>\n<li>1 x instruktioner<\/li>\n<\/ul>\n","protected":false},"excerpt":{"rendered":"<p>Ge dina favoritv\u00e4xter en speciell plats och ditt rum en elegant dekor med dessa filigrana blomstertrappor fr\u00e5n [BRAND NAME]. Oavsett&#8230;<\/p>\n","protected":false},"featured_media":98319,"template":"","meta":[],"product_brand":[],"product_cat":[976,922,858,443],"product_tag":[],"class_list":{"0":"post-98331","1":"product","2":"type-product","3":"status-publish","4":"has-post-thumbnail","6":"product_cat-blumenstander","7":"product_cat-planteringskarl","8":"product_cat-tradgard-terrass","9":"product_cat-vaxthus-tradgardsskotsel","11":"first","12":"instock","13":"sale","14":"taxable","15":"shipping-taxable","16":"purchasable","17":"product-type-simple"},"yoast_head":"<!-- This site is optimized with the Yoast SEO plugin v25.4 - https:\/\/yoast.com\/wordpress\/plugins\/seo\/ -->\n<title>TRUUSK Blomst\u00e4ll 3-delat Set I Metall - V\u00e4xtst\u00e4ll Set I Marmorutseende - Blomkruka - Blomkruksh\u00e5llare - Stapelbar V\u00e4xtkruka F\u00f6r - TRUUSK - Hem, Tr\u00e4dg\u00e5rd &amp; Fritid<\/title>\n<meta name=\"robots\" content=\"index, follow, max-snippet:-1, max-image-preview:large, max-video-preview:-1\" \/>\n<link rel=\"canonical\" href=\"https:\/\/truusk.store\/sv\/produkt\/truusk-blomstall-3-delat-set-i-metall-vaxtstall-set-i-marmorutseende-blomkruka-blomkrukshallare-stapelbar-vaxtkruka-for\/\" \/>\n<meta property=\"og:locale\" content=\"sv_SE\" \/>\n<meta property=\"og:type\" content=\"article\" \/>\n<meta property=\"og:title\" content=\"TRUUSK Blomst\u00e4ll 3-delat Set I Metall - V\u00e4xtst\u00e4ll Set I Marmorutseende - Blomkruka - Blomkruksh\u00e5llare - Stapelbar V\u00e4xtkruka F\u00f6r - TRUUSK - Hem, Tr\u00e4dg\u00e5rd &amp; Fritid\" \/>\n<meta property=\"og:description\" content=\"Ge dina favoritv\u00e4xter en speciell plats och ditt rum en elegant dekor med dessa filigrana blomstertrappor fr\u00e5n [BRAND NAME]. Oavsett...\" \/>\n<meta property=\"og:url\" content=\"https:\/\/truusk.store\/sv\/produkt\/truusk-blomstall-3-delat-set-i-metall-vaxtstall-set-i-marmorutseende-blomkruka-blomkrukshallare-stapelbar-vaxtkruka-for\/\" \/>\n<meta property=\"og:site_name\" content=\"TRUUSK - Hem, Tr\u00e4dg\u00e5rd &amp; Fritid\" \/>\n<meta property=\"article:modified_time\" content=\"2026-03-12T08:10:27+00:00\" \/>\n<meta property=\"og:image\" content=\"https:\/\/i0.wp.com\/truusk.se\/wp-content\/uploads\/2026\/01\/blomstall-3-delat-set-i-metall-vaxtstall-set-i-marmorutseende-blomkruka-blomkrukshallare-stapelbar-vaxtkruka-for-blomkruka-svartgra-1.webp?fit=2000%2C2000&ssl=1\" \/>\n\t<meta property=\"og:image:width\" content=\"2000\" \/>\n\t<meta property=\"og:image:height\" content=\"2000\" \/>\n\t<meta property=\"og:image:type\" content=\"image\/webp\" \/>\n<meta name=\"twitter:card\" content=\"summary_large_image\" \/>\n<meta name=\"twitter:label1\" content=\"Ber\u00e4knad l\u00e4stid\" \/>\n\t<meta name=\"twitter:data1\" content=\"1 minut\" \/>\n<!-- \/ Yoast SEO plugin. -->","yoast_head_json":{"title":"TRUUSK Blomst\u00e4ll 3-delat Set I Metall - V\u00e4xtst\u00e4ll Set I Marmorutseende - Blomkruka - Blomkruksh\u00e5llare - Stapelbar V\u00e4xtkruka F\u00f6r - TRUUSK - Hem, Tr\u00e4dg\u00e5rd &amp; Fritid","robots":{"index":"index","follow":"follow","max-snippet":"max-snippet:-1","max-image-preview":"max-image-preview:large","max-video-preview":"max-video-preview:-1"},"canonical":"https:\/\/truusk.store\/sv\/produkt\/truusk-blomstall-3-delat-set-i-metall-vaxtstall-set-i-marmorutseende-blomkruka-blomkrukshallare-stapelbar-vaxtkruka-for\/","og_locale":"sv_SE","og_type":"article","og_title":"TRUUSK Blomst\u00e4ll 3-delat Set I Metall - V\u00e4xtst\u00e4ll Set I Marmorutseende - Blomkruka - Blomkruksh\u00e5llare - Stapelbar V\u00e4xtkruka F\u00f6r - TRUUSK - Hem, Tr\u00e4dg\u00e5rd &amp; Fritid","og_description":"Ge dina favoritv\u00e4xter en speciell plats och ditt rum en elegant dekor med dessa filigrana blomstertrappor fr\u00e5n [BRAND NAME]. Oavsett...","og_url":"https:\/\/truusk.store\/sv\/produkt\/truusk-blomstall-3-delat-set-i-metall-vaxtstall-set-i-marmorutseende-blomkruka-blomkrukshallare-stapelbar-vaxtkruka-for\/","og_site_name":"TRUUSK - Hem, Tr\u00e4dg\u00e5rd &amp; Fritid","article_modified_time":"2026-03-12T08:10:27+00:00","og_image":[{"width":2000,"height":2000,"url":"https:\/\/i0.wp.com\/truusk.se\/wp-content\/uploads\/2026\/01\/blomstall-3-delat-set-i-metall-vaxtstall-set-i-marmorutseende-blomkruka-blomkrukshallare-stapelbar-vaxtkruka-for-blomkruka-svartgra-1.webp?fit=2000%2C2000&ssl=1","type":"image\/webp"}],"twitter_card":"summary_large_image","twitter_misc":{"Ber\u00e4knad l\u00e4stid":"1 minut"},"schema":{"@context":"https:\/\/schema.org","@graph":[{"@type":"WebPage","@id":"https:\/\/truusk.store\/sv\/produkt\/truusk-blomstall-3-delat-set-i-metall-vaxtstall-set-i-marmorutseende-blomkruka-blomkrukshallare-stapelbar-vaxtkruka-for\/","url":"https:\/\/truusk.store\/sv\/produkt\/truusk-blomstall-3-delat-set-i-metall-vaxtstall-set-i-marmorutseende-blomkruka-blomkrukshallare-stapelbar-vaxtkruka-for\/","name":"TRUUSK Blomst\u00e4ll 3-delat Set I Metall - V\u00e4xtst\u00e4ll Set I Marmorutseende - Blomkruka - Blomkruksh\u00e5llare - Stapelbar V\u00e4xtkruka F\u00f6r - TRUUSK - Hem, Tr\u00e4dg\u00e5rd &amp; Fritid","isPartOf":{"@id":"https:\/\/truusk.store\/sv\/#website"},"primaryImageOfPage":{"@id":"https:\/\/truusk.store\/sv\/produkt\/truusk-blomstall-3-delat-set-i-metall-vaxtstall-set-i-marmorutseende-blomkruka-blomkrukshallare-stapelbar-vaxtkruka-for\/#primaryimage"},"image":{"@id":"https:\/\/truusk.store\/sv\/produkt\/truusk-blomstall-3-delat-set-i-metall-vaxtstall-set-i-marmorutseende-blomkruka-blomkrukshallare-stapelbar-vaxtkruka-for\/#primaryimage"},"thumbnailUrl":"https:\/\/i0.wp.com\/truusk.store\/wp-content\/uploads\/2026\/01\/blomstall-3-delat-set-i-metall-vaxtstall-set-i-marmorutseende-blomkruka-blomkrukshallare-stapelbar-vaxtkruka-for-blomkruka-svartgra-1.webp?fit=2000%2C2000&ssl=1","datePublished":"2026-01-02T18:58:17+00:00","dateModified":"2026-03-12T08:10:27+00:00","breadcrumb":{"@id":"https:\/\/truusk.store\/sv\/produkt\/truusk-blomstall-3-delat-set-i-metall-vaxtstall-set-i-marmorutseende-blomkruka-blomkrukshallare-stapelbar-vaxtkruka-for\/#breadcrumb"},"inLanguage":"sv-SE","potentialAction":[{"@type":"ReadAction","target":["https:\/\/truusk.store\/sv\/produkt\/truusk-blomstall-3-delat-set-i-metall-vaxtstall-set-i-marmorutseende-blomkruka-blomkrukshallare-stapelbar-vaxtkruka-for\/"]}]},{"@type":"ImageObject","inLanguage":"sv-SE","@id":"https:\/\/truusk.store\/sv\/produkt\/truusk-blomstall-3-delat-set-i-metall-vaxtstall-set-i-marmorutseende-blomkruka-blomkrukshallare-stapelbar-vaxtkruka-for\/#primaryimage","url":"https:\/\/i0.wp.com\/truusk.store\/wp-content\/uploads\/2026\/01\/blomstall-3-delat-set-i-metall-vaxtstall-set-i-marmorutseende-blomkruka-blomkrukshallare-stapelbar-vaxtkruka-for-blomkruka-svartgra-1.webp?fit=2000%2C2000&ssl=1","contentUrl":"https:\/\/i0.wp.com\/truusk.store\/wp-content\/uploads\/2026\/01\/blomstall-3-delat-set-i-metall-vaxtstall-set-i-marmorutseende-blomkruka-blomkrukshallare-stapelbar-vaxtkruka-for-blomkruka-svartgra-1.webp?fit=2000%2C2000&ssl=1","width":2000,"height":2000},{"@type":"BreadcrumbList","@id":"https:\/\/truusk.store\/sv\/produkt\/truusk-blomstall-3-delat-set-i-metall-vaxtstall-set-i-marmorutseende-blomkruka-blomkrukshallare-stapelbar-vaxtkruka-for\/#breadcrumb","itemListElement":[{"@type":"ListItem","position":1,"name":"Home","item":"https:\/\/truusk.store\/sv\/"},{"@type":"ListItem","position":2,"name":"Shop","item":"https:\/\/truusk.store\/shop\/"},{"@type":"ListItem","position":3,"name":"TRUUSK Blomst\u00e4ll 3-delat Set I Metall &#8211; V\u00e4xtst\u00e4ll Set I Marmorutseende &#8211; Blomkruka &#8211; Blomkruksh\u00e5llare &#8211; Stapelbar V\u00e4xtkruka F\u00f6r"}]},{"@type":"WebSite","@id":"https:\/\/truusk.store\/sv\/#website","url":"https:\/\/truusk.store\/sv\/","name":"TRUUSK - Hem, Tr\u00e4dg\u00e5rd & Fritid","description":"","publisher":{"@id":"https:\/\/truusk.store\/sv\/#organization"},"potentialAction":[{"@type":"SearchAction","target":{"@type":"EntryPoint","urlTemplate":"https:\/\/truusk.store\/sv\/?s={search_term_string}"},"query-input":{"@type":"PropertyValueSpecification","valueRequired":true,"valueName":"search_term_string"}}],"inLanguage":"sv-SE"},{"@type":"Organization","@id":"https:\/\/truusk.store\/sv\/#organization","name":"TRUUSK - Hem, Tr\u00e4dg\u00e5rd & Fritid","url":"https:\/\/truusk.store\/sv\/","logo":{"@type":"ImageObject","inLanguage":"sv-SE","@id":"https:\/\/truusk.store\/sv\/#\/schema\/logo\/image\/","url":"https:\/\/i0.wp.com\/truusk.store\/wp-content\/uploads\/2026\/03\/cropped-TRUUSK.png?fit=2032%2C917&ssl=1","contentUrl":"https:\/\/i0.wp.com\/truusk.store\/wp-content\/uploads\/2026\/03\/cropped-TRUUSK.png?fit=2032%2C917&ssl=1","width":2032,"height":917,"caption":"TRUUSK - Hem, Tr\u00e4dg\u00e5rd & Fritid"},"image":{"@id":"https:\/\/truusk.store\/sv\/#\/schema\/logo\/image\/"}}]}},"jetpack_sharing_enabled":true,"_links":{"self":[{"href":"https:\/\/truusk.store\/sv\/wp-json\/wp\/v2\/product\/98331","targetHints":{"allow":["GET"]}}],"collection":[{"href":"https:\/\/truusk.store\/sv\/wp-json\/wp\/v2\/product"}],"about":[{"href":"https:\/\/truusk.store\/sv\/wp-json\/wp\/v2\/types\/product"}],"wp:featuredmedia":[{"embeddable":true,"href":"https:\/\/truusk.store\/sv\/wp-json\/wp\/v2\/media\/98319"}],"wp:attachment":[{"href":"https:\/\/truusk.store\/sv\/wp-json\/wp\/v2\/media?parent=98331"}],"wp:term":[{"taxonomy":"product_brand","embeddable":true,"href":"https:\/\/truusk.store\/sv\/wp-json\/wp\/v2\/product_brand?post=98331"},{"taxonomy":"product_cat","embeddable":true,"href":"https:\/\/truusk.store\/sv\/wp-json\/wp\/v2\/product_cat?post=98331"},{"taxonomy":"product_tag","embeddable":true,"href":"https:\/\/truusk.store\/sv\/wp-json\/wp\/v2\/product_tag?post=98331"}],"curies":[{"name":"wp","href":"https:\/\/api.w.org\/{rel}","templated":true}]}}