{"id":98338,"date":"2026-01-02T19:59:01","date_gmt":"2026-01-02T18:59:01","guid":{"rendered":"https:\/\/truusk.store\/product\/blomstall-blomhylla-i-metall-4-nivaer-vaxthylla-blomtrappa-blomstall-for-inomhus-och-utomhus-tradgard-balkong-svart-45-x-245-x-80-cm\/"},"modified":"2026-03-12T09:10:30","modified_gmt":"2026-03-12T08:10:30","slug":"truusk-blomstall-i-metall-4-nivaer-vaxthylla-for-inomhus-och-utomhus-svart-45-x-245-x-80-cm","status":"publish","type":"product","link":"https:\/\/truusk.store\/sv\/produkt\/truusk-blomstall-i-metall-4-nivaer-vaxthylla-for-inomhus-och-utomhus-svart-45-x-245-x-80-cm\/","title":{"rendered":"TRUUSK Blomst\u00e4ll i Metall 4 Niv\u00e5er &#8211; V\u00e4xthylla f\u00f6r Inomhus och Utomhus &#8211; Svart 45 x 24,5 x 80 cm"},"content":{"rendered":"<p>Inf\u00f6r en touch av tidl\u00f6s elegans i ditt hem med denna charmiga [BRAND NAME] v\u00e4xtst\u00e4llning! Hyllan best\u00e5r av en vacker, robust metallram som framh\u00e4ver den naturliga estetiken hos dina v\u00e4xter och blommor och smakfullt integrerar i din tr\u00e4dg\u00e5rds- och hemmilj\u00f6. Den sofistikerade designen av denna hylla begr\u00e4nsar inte dess anv\u00e4ndning endast till presentation av v\u00e4xter, utan den kan ocks\u00e5 anv\u00e4ndas som en dekorativ skohylla, handduksh\u00e5llare och mycket mer.<\/p>\n<p>Beskrivning:<\/p>\n<ul>\n<li> Frist\u00e5ende 4-stegs v\u00e4xtst\u00e4ll med elegant accent<\/li>\n<li> Solid metallkonstruktion f\u00f6r tillf\u00f6rlitlig daglig anv\u00e4ndning<\/li>\n<li> Denna v\u00e4xtst\u00e4ll kan ocks\u00e5 anv\u00e4ndas f\u00f6r att st\u00e4lla redskap, dekoration eller andra viktiga saker<\/li>\n<li> Sl\u00e4t yta, l\u00e4tt att h\u00e5lla ren och underh\u00e5lla<\/li>\n<li> Perfekt f\u00f6r veranda, terrass, bakg\u00e5rd eller inomhus vardagsrum<\/li>\n<li> Enkel montering kr\u00e4vs<\/li>\n<\/ul>\n<p> Tekniska specifikationer:<\/p>\n<ul>\n<li> F\u00e4rg: Svart<\/li>\n<li> Material: Metall<\/li>\n<li> Totala m\u00e5tt: 45L x 24,5B x 80H cm<\/li>\n<li> Hyllstorlek: 22L x 22B cm<\/li>\n<li> Hyllh\u00f6jd (fr\u00e5n botten till topp): 8 cm, 24,5 cm, 44 cm, 78 cm<\/li>\n<li> B\u00e4rkapacitet: 6 kg (varje niv\u00e5)<\/li>\n<\/ul>\n<p>Leveransinneh\u00e5ll:<\/p>\n<ul>\n<li>1 x Blomkruka st\u00e4llning<\/li>\n<\/ul>\n","protected":false},"excerpt":{"rendered":"<p>Inf\u00f6r en touch av tidl\u00f6s elegans i ditt hem med denna charmiga [BRAND NAME] v\u00e4xtst\u00e4llning! Hyllan best\u00e5r av en vacker,&#8230;<\/p>\n","protected":false},"featured_media":98326,"template":"","meta":[],"product_brand":[],"product_cat":[884,448,858,443],"product_tag":[],"class_list":{"0":"post-98338","1":"product","2":"type-product","3":"status-publish","4":"has-post-thumbnail","6":"product_cat-pflanzentreppen","7":"product_cat-plantera-trappor-hyllor","8":"product_cat-tradgard-terrass","9":"product_cat-vaxthus-tradgardsskotsel","11":"first","12":"instock","13":"sale","14":"taxable","15":"shipping-taxable","16":"purchasable","17":"product-type-simple"},"yoast_head":"<!-- This site is optimized with the Yoast SEO plugin v25.4 - https:\/\/yoast.com\/wordpress\/plugins\/seo\/ -->\n<title>TRUUSK Blomst\u00e4ll i Metall 4 Niv\u00e5er - V\u00e4xthylla f\u00f6r Inomhus och Utomhus - Svart 45 x 24,5 x 80 cm - TRUUSK - Hem, Tr\u00e4dg\u00e5rd &amp; Fritid<\/title>\n<meta name=\"robots\" content=\"index, follow, max-snippet:-1, max-image-preview:large, max-video-preview:-1\" \/>\n<link rel=\"canonical\" href=\"https:\/\/truusk.store\/sv\/produkt\/truusk-blomstall-i-metall-4-nivaer-vaxthylla-for-inomhus-och-utomhus-svart-45-x-245-x-80-cm\/\" \/>\n<meta property=\"og:locale\" content=\"sv_SE\" \/>\n<meta property=\"og:type\" content=\"article\" \/>\n<meta property=\"og:title\" content=\"TRUUSK Blomst\u00e4ll i Metall 4 Niv\u00e5er - V\u00e4xthylla f\u00f6r Inomhus och Utomhus - Svart 45 x 24,5 x 80 cm - TRUUSK - Hem, Tr\u00e4dg\u00e5rd &amp; Fritid\" \/>\n<meta property=\"og:description\" content=\"Inf\u00f6r en touch av tidl\u00f6s elegans i ditt hem med denna charmiga [BRAND NAME] v\u00e4xtst\u00e4llning! Hyllan best\u00e5r av en vacker,...\" \/>\n<meta property=\"og:url\" content=\"https:\/\/truusk.store\/sv\/produkt\/truusk-blomstall-i-metall-4-nivaer-vaxthylla-for-inomhus-och-utomhus-svart-45-x-245-x-80-cm\/\" \/>\n<meta property=\"og:site_name\" content=\"TRUUSK - Hem, Tr\u00e4dg\u00e5rd &amp; Fritid\" \/>\n<meta property=\"article:modified_time\" content=\"2026-03-12T08:10:30+00:00\" \/>\n<meta property=\"og:image\" content=\"https:\/\/i0.wp.com\/truusk.se\/wp-content\/uploads\/2026\/01\/blomstall-blomhylla-i-metall-4-nivaer-vaxthylla-blomtrappa-blomstall-for-inomhus-och-utomhus-tradgard-balkong-svart-45-x-245-x-80-cm-1.webp?fit=2000%2C2000&ssl=1\" \/>\n\t<meta property=\"og:image:width\" content=\"2000\" \/>\n\t<meta property=\"og:image:height\" content=\"2000\" \/>\n\t<meta property=\"og:image:type\" content=\"image\/webp\" \/>\n<meta name=\"twitter:card\" content=\"summary_large_image\" \/>\n<meta name=\"twitter:label1\" content=\"Ber\u00e4knad l\u00e4stid\" \/>\n\t<meta name=\"twitter:data1\" content=\"1 minut\" \/>\n<!-- \/ Yoast SEO plugin. -->","yoast_head_json":{"title":"TRUUSK Blomst\u00e4ll i Metall 4 Niv\u00e5er - V\u00e4xthylla f\u00f6r Inomhus och Utomhus - Svart 45 x 24,5 x 80 cm - TRUUSK - Hem, Tr\u00e4dg\u00e5rd &amp; Fritid","robots":{"index":"index","follow":"follow","max-snippet":"max-snippet:-1","max-image-preview":"max-image-preview:large","max-video-preview":"max-video-preview:-1"},"canonical":"https:\/\/truusk.store\/sv\/produkt\/truusk-blomstall-i-metall-4-nivaer-vaxthylla-for-inomhus-och-utomhus-svart-45-x-245-x-80-cm\/","og_locale":"sv_SE","og_type":"article","og_title":"TRUUSK Blomst\u00e4ll i Metall 4 Niv\u00e5er - V\u00e4xthylla f\u00f6r Inomhus och Utomhus - Svart 45 x 24,5 x 80 cm - TRUUSK - Hem, Tr\u00e4dg\u00e5rd &amp; Fritid","og_description":"Inf\u00f6r en touch av tidl\u00f6s elegans i ditt hem med denna charmiga [BRAND NAME] v\u00e4xtst\u00e4llning! Hyllan best\u00e5r av en vacker,...","og_url":"https:\/\/truusk.store\/sv\/produkt\/truusk-blomstall-i-metall-4-nivaer-vaxthylla-for-inomhus-och-utomhus-svart-45-x-245-x-80-cm\/","og_site_name":"TRUUSK - Hem, Tr\u00e4dg\u00e5rd &amp; Fritid","article_modified_time":"2026-03-12T08:10:30+00:00","og_image":[{"width":2000,"height":2000,"url":"https:\/\/i0.wp.com\/truusk.se\/wp-content\/uploads\/2026\/01\/blomstall-blomhylla-i-metall-4-nivaer-vaxthylla-blomtrappa-blomstall-for-inomhus-och-utomhus-tradgard-balkong-svart-45-x-245-x-80-cm-1.webp?fit=2000%2C2000&ssl=1","type":"image\/webp"}],"twitter_card":"summary_large_image","twitter_misc":{"Ber\u00e4knad l\u00e4stid":"1 minut"},"schema":{"@context":"https:\/\/schema.org","@graph":[{"@type":"WebPage","@id":"https:\/\/truusk.store\/sv\/produkt\/truusk-blomstall-i-metall-4-nivaer-vaxthylla-for-inomhus-och-utomhus-svart-45-x-245-x-80-cm\/","url":"https:\/\/truusk.store\/sv\/produkt\/truusk-blomstall-i-metall-4-nivaer-vaxthylla-for-inomhus-och-utomhus-svart-45-x-245-x-80-cm\/","name":"TRUUSK Blomst\u00e4ll i Metall 4 Niv\u00e5er - V\u00e4xthylla f\u00f6r Inomhus och Utomhus - Svart 45 x 24,5 x 80 cm - TRUUSK - Hem, Tr\u00e4dg\u00e5rd &amp; Fritid","isPartOf":{"@id":"https:\/\/truusk.store\/sv\/#website"},"primaryImageOfPage":{"@id":"https:\/\/truusk.store\/sv\/produkt\/truusk-blomstall-i-metall-4-nivaer-vaxthylla-for-inomhus-och-utomhus-svart-45-x-245-x-80-cm\/#primaryimage"},"image":{"@id":"https:\/\/truusk.store\/sv\/produkt\/truusk-blomstall-i-metall-4-nivaer-vaxthylla-for-inomhus-och-utomhus-svart-45-x-245-x-80-cm\/#primaryimage"},"thumbnailUrl":"https:\/\/i0.wp.com\/truusk.store\/wp-content\/uploads\/2026\/01\/blomstall-blomhylla-i-metall-4-nivaer-vaxthylla-blomtrappa-blomstall-for-inomhus-och-utomhus-tradgard-balkong-svart-45-x-245-x-80-cm-1.webp?fit=2000%2C2000&ssl=1","datePublished":"2026-01-02T18:59:01+00:00","dateModified":"2026-03-12T08:10:30+00:00","breadcrumb":{"@id":"https:\/\/truusk.store\/sv\/produkt\/truusk-blomstall-i-metall-4-nivaer-vaxthylla-for-inomhus-och-utomhus-svart-45-x-245-x-80-cm\/#breadcrumb"},"inLanguage":"sv-SE","potentialAction":[{"@type":"ReadAction","target":["https:\/\/truusk.store\/sv\/produkt\/truusk-blomstall-i-metall-4-nivaer-vaxthylla-for-inomhus-och-utomhus-svart-45-x-245-x-80-cm\/"]}]},{"@type":"ImageObject","inLanguage":"sv-SE","@id":"https:\/\/truusk.store\/sv\/produkt\/truusk-blomstall-i-metall-4-nivaer-vaxthylla-for-inomhus-och-utomhus-svart-45-x-245-x-80-cm\/#primaryimage","url":"https:\/\/i0.wp.com\/truusk.store\/wp-content\/uploads\/2026\/01\/blomstall-blomhylla-i-metall-4-nivaer-vaxthylla-blomtrappa-blomstall-for-inomhus-och-utomhus-tradgard-balkong-svart-45-x-245-x-80-cm-1.webp?fit=2000%2C2000&ssl=1","contentUrl":"https:\/\/i0.wp.com\/truusk.store\/wp-content\/uploads\/2026\/01\/blomstall-blomhylla-i-metall-4-nivaer-vaxthylla-blomtrappa-blomstall-for-inomhus-och-utomhus-tradgard-balkong-svart-45-x-245-x-80-cm-1.webp?fit=2000%2C2000&ssl=1","width":2000,"height":2000},{"@type":"BreadcrumbList","@id":"https:\/\/truusk.store\/sv\/produkt\/truusk-blomstall-i-metall-4-nivaer-vaxthylla-for-inomhus-och-utomhus-svart-45-x-245-x-80-cm\/#breadcrumb","itemListElement":[{"@type":"ListItem","position":1,"name":"Home","item":"https:\/\/truusk.store\/sv\/"},{"@type":"ListItem","position":2,"name":"Shop","item":"https:\/\/truusk.store\/shop\/"},{"@type":"ListItem","position":3,"name":"TRUUSK Blomst\u00e4ll i Metall 4 Niv\u00e5er &#8211; V\u00e4xthylla f\u00f6r Inomhus och Utomhus &#8211; Svart 45 x 24,5 x 80 cm"}]},{"@type":"WebSite","@id":"https:\/\/truusk.store\/sv\/#website","url":"https:\/\/truusk.store\/sv\/","name":"TRUUSK - Hem, Tr\u00e4dg\u00e5rd & Fritid","description":"","publisher":{"@id":"https:\/\/truusk.store\/sv\/#organization"},"potentialAction":[{"@type":"SearchAction","target":{"@type":"EntryPoint","urlTemplate":"https:\/\/truusk.store\/sv\/?s={search_term_string}"},"query-input":{"@type":"PropertyValueSpecification","valueRequired":true,"valueName":"search_term_string"}}],"inLanguage":"sv-SE"},{"@type":"Organization","@id":"https:\/\/truusk.store\/sv\/#organization","name":"TRUUSK - Hem, Tr\u00e4dg\u00e5rd & Fritid","url":"https:\/\/truusk.store\/sv\/","logo":{"@type":"ImageObject","inLanguage":"sv-SE","@id":"https:\/\/truusk.store\/sv\/#\/schema\/logo\/image\/","url":"https:\/\/i0.wp.com\/truusk.store\/wp-content\/uploads\/2026\/03\/cropped-TRUUSK.png?fit=2032%2C917&ssl=1","contentUrl":"https:\/\/i0.wp.com\/truusk.store\/wp-content\/uploads\/2026\/03\/cropped-TRUUSK.png?fit=2032%2C917&ssl=1","width":2032,"height":917,"caption":"TRUUSK - Hem, Tr\u00e4dg\u00e5rd & Fritid"},"image":{"@id":"https:\/\/truusk.store\/sv\/#\/schema\/logo\/image\/"}}]}},"jetpack_sharing_enabled":true,"_links":{"self":[{"href":"https:\/\/truusk.store\/sv\/wp-json\/wp\/v2\/product\/98338","targetHints":{"allow":["GET"]}}],"collection":[{"href":"https:\/\/truusk.store\/sv\/wp-json\/wp\/v2\/product"}],"about":[{"href":"https:\/\/truusk.store\/sv\/wp-json\/wp\/v2\/types\/product"}],"wp:featuredmedia":[{"embeddable":true,"href":"https:\/\/truusk.store\/sv\/wp-json\/wp\/v2\/media\/98326"}],"wp:attachment":[{"href":"https:\/\/truusk.store\/sv\/wp-json\/wp\/v2\/media?parent=98338"}],"wp:term":[{"taxonomy":"product_brand","embeddable":true,"href":"https:\/\/truusk.store\/sv\/wp-json\/wp\/v2\/product_brand?post=98338"},{"taxonomy":"product_cat","embeddable":true,"href":"https:\/\/truusk.store\/sv\/wp-json\/wp\/v2\/product_cat?post=98338"},{"taxonomy":"product_tag","embeddable":true,"href":"https:\/\/truusk.store\/sv\/wp-json\/wp\/v2\/product_tag?post=98338"}],"curies":[{"name":"wp","href":"https:\/\/api.w.org\/{rel}","templated":true}]}}