{"id":98383,"date":"2026-01-06T12:37:47","date_gmt":"2026-01-06T11:37:47","guid":{"rendered":"https:\/\/truusk.store\/product\/utrustningsskjul-med-ventilationsfonster-skjutdorrar-forzinkat-stal-213-x-130-x-172-cm-ljusgra\/"},"modified":"2026-03-12T09:32:21","modified_gmt":"2026-03-12T08:32:21","slug":"truusk-utrustningsskjul-med-ventilationsfonster-skjutdorrar-forzinkat-stal-213-x-130-x-172-cm-ljusgra","status":"publish","type":"product","link":"https:\/\/truusk.store\/sv\/produkt\/truusk-utrustningsskjul-med-ventilationsfonster-skjutdorrar-forzinkat-stal-213-x-130-x-172-cm-ljusgra\/","title":{"rendered":"TRUUSK Utrustningsskjul &#8211; Med Ventilationsf\u00f6nster &#8211; Skjutd\u00f6rrar &#8211; F\u00f6rzinkat St\u00e5l &#8211; 213 X 130 X 172 Cm &#8211; Ljusgr\u00e5"},"content":{"rendered":"<p>Tillverkad av h\u00f6gkvalitativt, rostfritt st\u00e5l garanterar denna redskapsbod fr\u00e5n [BRAND NAME] h\u00e5llbarhet och skydd f\u00f6r dina tr\u00e4dg\u00e5rdsredskap. Det lutande metalltaket p\u00e5 tr\u00e4dg\u00e5rdshuset f\u00f6rhindrar vattenansamling, medan dubbeld\u00f6rren m\u00f6jligg\u00f6r enkel \u00e5tkomst. Tv\u00e5 ventilationsf\u00f6nster i tr\u00e4dg\u00e5rdshuset s\u00e4kerst\u00e4ller ett torrt, m\u00f6gelfritt inomhusklimat. Ge din utomhusmilj\u00f6 ordning och elegans &#8211; med denna praktiska tr\u00e4dg\u00e5rdsskjul blir din tr\u00e4dg\u00e5rd en blickf\u00e5ngare!<\/p>\n<p>Beskrivning:<\/p>\n<ul>\n<li> Redskapsbod med golvram (utan grund)<\/li>\n<li> Robust konstruktion av metallredskapsboden f\u00f6r h\u00e5llbarhet utomhus<\/li>\n<li> Snedtak f\u00f6r att f\u00f6rhindra vattenansamling<\/li>\n<li> Skjutd\u00f6rrar p\u00e5 tr\u00e4dg\u00e5rdsredskapshuset f\u00f6r enkel \u00e5tkomst. L\u00e5sbar, l\u00e5s ing\u00e5r inte<\/li>\n<li> Ventilationsluckor h\u00e5ller insidan av tr\u00e4dg\u00e5rdsskjulet friskt och ventilerat<\/li>\n<li> Montering kr\u00e4vs<\/li>\n<\/ul>\n<p> Tekniska data:<\/p>\n<ul>\n<li> F\u00e4rg: Ljusgr\u00e5<\/li>\n<li> Material: Galvaniserat st\u00e5l<\/li>\n<li> Totala dimensioner: 213L x 130B x 159\/172H cm<\/li>\n<li> Inre m\u00e5tt: 200L x 105B cm<\/li>\n<li> D\u00f6rrstorlek: 96L x 152H cm<\/li>\n<li> F\u00f6nsterstorlek: 22L x 10B cm<\/li>\n<li> Storlek p\u00e5 golvram: 199L x 52B cm<\/li>\n<li> Obs: 1, Tv\u00e5 personer beh\u00f6vs f\u00f6r montering, cirka tre timmar.2, Anv\u00e4nd alltid handskar. Bygg inte i bl\u00e5sigt v\u00e4der<\/li>\n<\/ul>\n<p>Leverans inneh\u00e5ller:<\/p>\n<ul>\n<li> 1 x Tr\u00e4dg\u00e5rdsskjul<\/li>\n<li> 1 x Installationsmanual<\/li>\n<\/ul>\n","protected":false},"excerpt":{"rendered":"<p>Tillverkad av h\u00f6gkvalitativt, rostfritt st\u00e5l garanterar denna redskapsbod fr\u00e5n [BRAND NAME] h\u00e5llbarhet och skydd f\u00f6r dina tr\u00e4dg\u00e5rdsredskap. Det lutande metalltaket&#8230;<\/p>\n","protected":false},"featured_media":98370,"template":"","meta":[],"product_brand":[],"product_cat":[901,1013,858],"product_tag":[],"class_list":{"0":"post-98383","1":"product","2":"type-product","3":"status-publish","4":"has-post-thumbnail","6":"product_cat-ordning-i-tradgarden","7":"product_cat-redskapsskjul-och-verktygshus","8":"product_cat-tradgard-terrass","10":"first","11":"instock","12":"sale","13":"taxable","14":"shipping-taxable","15":"purchasable","16":"product-type-simple"},"yoast_head":"<!-- This site is optimized with the Yoast SEO plugin v25.4 - https:\/\/yoast.com\/wordpress\/plugins\/seo\/ -->\n<title>TRUUSK Utrustningsskjul - Med Ventilationsf\u00f6nster - Skjutd\u00f6rrar - F\u00f6rzinkat St\u00e5l - 213 X 130 X 172 Cm - Ljusgr\u00e5 - TRUUSK - Hem, Tr\u00e4dg\u00e5rd &amp; Fritid<\/title>\n<meta name=\"robots\" content=\"index, follow, max-snippet:-1, max-image-preview:large, max-video-preview:-1\" \/>\n<link rel=\"canonical\" href=\"https:\/\/truusk.store\/sv\/produkt\/truusk-utrustningsskjul-med-ventilationsfonster-skjutdorrar-forzinkat-stal-213-x-130-x-172-cm-ljusgra\/\" \/>\n<meta property=\"og:locale\" content=\"sv_SE\" \/>\n<meta property=\"og:type\" content=\"article\" \/>\n<meta property=\"og:title\" content=\"TRUUSK Utrustningsskjul - Med Ventilationsf\u00f6nster - Skjutd\u00f6rrar - F\u00f6rzinkat St\u00e5l - 213 X 130 X 172 Cm - Ljusgr\u00e5 - TRUUSK - Hem, Tr\u00e4dg\u00e5rd &amp; Fritid\" \/>\n<meta property=\"og:description\" content=\"Tillverkad av h\u00f6gkvalitativt, rostfritt st\u00e5l garanterar denna redskapsbod fr\u00e5n [BRAND NAME] h\u00e5llbarhet och skydd f\u00f6r dina tr\u00e4dg\u00e5rdsredskap. Det lutande metalltaket...\" \/>\n<meta property=\"og:url\" content=\"https:\/\/truusk.store\/sv\/produkt\/truusk-utrustningsskjul-med-ventilationsfonster-skjutdorrar-forzinkat-stal-213-x-130-x-172-cm-ljusgra\/\" \/>\n<meta property=\"og:site_name\" content=\"TRUUSK - Hem, Tr\u00e4dg\u00e5rd &amp; Fritid\" \/>\n<meta property=\"article:modified_time\" content=\"2026-03-12T08:32:21+00:00\" \/>\n<meta property=\"og:image\" content=\"https:\/\/i0.wp.com\/truusk.se\/wp-content\/uploads\/2026\/01\/utrustningsskjul-med-ventilationsfonster-skjutdorrar-forzinkat-stal-213-x-130-x-172-cm-ljusgra-1.webp?fit=2000%2C2000&ssl=1\" \/>\n\t<meta property=\"og:image:width\" content=\"2000\" \/>\n\t<meta property=\"og:image:height\" content=\"2000\" \/>\n\t<meta property=\"og:image:type\" content=\"image\/webp\" \/>\n<meta name=\"twitter:card\" content=\"summary_large_image\" \/>\n<meta name=\"twitter:label1\" content=\"Ber\u00e4knad l\u00e4stid\" \/>\n\t<meta name=\"twitter:data1\" content=\"1 minut\" \/>\n<!-- \/ Yoast SEO plugin. -->","yoast_head_json":{"title":"TRUUSK Utrustningsskjul - Med Ventilationsf\u00f6nster - Skjutd\u00f6rrar - F\u00f6rzinkat St\u00e5l - 213 X 130 X 172 Cm - Ljusgr\u00e5 - TRUUSK - Hem, Tr\u00e4dg\u00e5rd &amp; Fritid","robots":{"index":"index","follow":"follow","max-snippet":"max-snippet:-1","max-image-preview":"max-image-preview:large","max-video-preview":"max-video-preview:-1"},"canonical":"https:\/\/truusk.store\/sv\/produkt\/truusk-utrustningsskjul-med-ventilationsfonster-skjutdorrar-forzinkat-stal-213-x-130-x-172-cm-ljusgra\/","og_locale":"sv_SE","og_type":"article","og_title":"TRUUSK Utrustningsskjul - Med Ventilationsf\u00f6nster - Skjutd\u00f6rrar - F\u00f6rzinkat St\u00e5l - 213 X 130 X 172 Cm - Ljusgr\u00e5 - TRUUSK - Hem, Tr\u00e4dg\u00e5rd &amp; Fritid","og_description":"Tillverkad av h\u00f6gkvalitativt, rostfritt st\u00e5l garanterar denna redskapsbod fr\u00e5n [BRAND NAME] h\u00e5llbarhet och skydd f\u00f6r dina tr\u00e4dg\u00e5rdsredskap. Det lutande metalltaket...","og_url":"https:\/\/truusk.store\/sv\/produkt\/truusk-utrustningsskjul-med-ventilationsfonster-skjutdorrar-forzinkat-stal-213-x-130-x-172-cm-ljusgra\/","og_site_name":"TRUUSK - Hem, Tr\u00e4dg\u00e5rd &amp; Fritid","article_modified_time":"2026-03-12T08:32:21+00:00","og_image":[{"width":2000,"height":2000,"url":"https:\/\/i0.wp.com\/truusk.se\/wp-content\/uploads\/2026\/01\/utrustningsskjul-med-ventilationsfonster-skjutdorrar-forzinkat-stal-213-x-130-x-172-cm-ljusgra-1.webp?fit=2000%2C2000&ssl=1","type":"image\/webp"}],"twitter_card":"summary_large_image","twitter_misc":{"Ber\u00e4knad l\u00e4stid":"1 minut"},"schema":{"@context":"https:\/\/schema.org","@graph":[{"@type":"WebPage","@id":"https:\/\/truusk.store\/sv\/produkt\/truusk-utrustningsskjul-med-ventilationsfonster-skjutdorrar-forzinkat-stal-213-x-130-x-172-cm-ljusgra\/","url":"https:\/\/truusk.store\/sv\/produkt\/truusk-utrustningsskjul-med-ventilationsfonster-skjutdorrar-forzinkat-stal-213-x-130-x-172-cm-ljusgra\/","name":"TRUUSK Utrustningsskjul - Med Ventilationsf\u00f6nster - Skjutd\u00f6rrar - F\u00f6rzinkat St\u00e5l - 213 X 130 X 172 Cm - Ljusgr\u00e5 - TRUUSK - Hem, Tr\u00e4dg\u00e5rd &amp; Fritid","isPartOf":{"@id":"https:\/\/truusk.store\/sv\/#website"},"primaryImageOfPage":{"@id":"https:\/\/truusk.store\/sv\/produkt\/truusk-utrustningsskjul-med-ventilationsfonster-skjutdorrar-forzinkat-stal-213-x-130-x-172-cm-ljusgra\/#primaryimage"},"image":{"@id":"https:\/\/truusk.store\/sv\/produkt\/truusk-utrustningsskjul-med-ventilationsfonster-skjutdorrar-forzinkat-stal-213-x-130-x-172-cm-ljusgra\/#primaryimage"},"thumbnailUrl":"https:\/\/i0.wp.com\/truusk.store\/wp-content\/uploads\/2026\/01\/utrustningsskjul-med-ventilationsfonster-skjutdorrar-forzinkat-stal-213-x-130-x-172-cm-ljusgra-1.webp?fit=2000%2C2000&ssl=1","datePublished":"2026-01-06T11:37:47+00:00","dateModified":"2026-03-12T08:32:21+00:00","breadcrumb":{"@id":"https:\/\/truusk.store\/sv\/produkt\/truusk-utrustningsskjul-med-ventilationsfonster-skjutdorrar-forzinkat-stal-213-x-130-x-172-cm-ljusgra\/#breadcrumb"},"inLanguage":"sv-SE","potentialAction":[{"@type":"ReadAction","target":["https:\/\/truusk.store\/sv\/produkt\/truusk-utrustningsskjul-med-ventilationsfonster-skjutdorrar-forzinkat-stal-213-x-130-x-172-cm-ljusgra\/"]}]},{"@type":"ImageObject","inLanguage":"sv-SE","@id":"https:\/\/truusk.store\/sv\/produkt\/truusk-utrustningsskjul-med-ventilationsfonster-skjutdorrar-forzinkat-stal-213-x-130-x-172-cm-ljusgra\/#primaryimage","url":"https:\/\/i0.wp.com\/truusk.store\/wp-content\/uploads\/2026\/01\/utrustningsskjul-med-ventilationsfonster-skjutdorrar-forzinkat-stal-213-x-130-x-172-cm-ljusgra-1.webp?fit=2000%2C2000&ssl=1","contentUrl":"https:\/\/i0.wp.com\/truusk.store\/wp-content\/uploads\/2026\/01\/utrustningsskjul-med-ventilationsfonster-skjutdorrar-forzinkat-stal-213-x-130-x-172-cm-ljusgra-1.webp?fit=2000%2C2000&ssl=1","width":2000,"height":2000},{"@type":"BreadcrumbList","@id":"https:\/\/truusk.store\/sv\/produkt\/truusk-utrustningsskjul-med-ventilationsfonster-skjutdorrar-forzinkat-stal-213-x-130-x-172-cm-ljusgra\/#breadcrumb","itemListElement":[{"@type":"ListItem","position":1,"name":"Home","item":"https:\/\/truusk.store\/sv\/"},{"@type":"ListItem","position":2,"name":"Shop","item":"https:\/\/truusk.store\/shop\/"},{"@type":"ListItem","position":3,"name":"TRUUSK Utrustningsskjul &#8211; Med Ventilationsf\u00f6nster &#8211; Skjutd\u00f6rrar &#8211; F\u00f6rzinkat St\u00e5l &#8211; 213 X 130 X 172 Cm &#8211; Ljusgr\u00e5"}]},{"@type":"WebSite","@id":"https:\/\/truusk.store\/sv\/#website","url":"https:\/\/truusk.store\/sv\/","name":"TRUUSK - Hem, Tr\u00e4dg\u00e5rd & Fritid","description":"","publisher":{"@id":"https:\/\/truusk.store\/sv\/#organization"},"potentialAction":[{"@type":"SearchAction","target":{"@type":"EntryPoint","urlTemplate":"https:\/\/truusk.store\/sv\/?s={search_term_string}"},"query-input":{"@type":"PropertyValueSpecification","valueRequired":true,"valueName":"search_term_string"}}],"inLanguage":"sv-SE"},{"@type":"Organization","@id":"https:\/\/truusk.store\/sv\/#organization","name":"TRUUSK - Hem, Tr\u00e4dg\u00e5rd & Fritid","url":"https:\/\/truusk.store\/sv\/","logo":{"@type":"ImageObject","inLanguage":"sv-SE","@id":"https:\/\/truusk.store\/sv\/#\/schema\/logo\/image\/","url":"https:\/\/i0.wp.com\/truusk.store\/wp-content\/uploads\/2026\/03\/cropped-TRUUSK.png?fit=2032%2C917&ssl=1","contentUrl":"https:\/\/i0.wp.com\/truusk.store\/wp-content\/uploads\/2026\/03\/cropped-TRUUSK.png?fit=2032%2C917&ssl=1","width":2032,"height":917,"caption":"TRUUSK - Hem, Tr\u00e4dg\u00e5rd & Fritid"},"image":{"@id":"https:\/\/truusk.store\/sv\/#\/schema\/logo\/image\/"}}]}},"jetpack_sharing_enabled":true,"_links":{"self":[{"href":"https:\/\/truusk.store\/sv\/wp-json\/wp\/v2\/product\/98383","targetHints":{"allow":["GET"]}}],"collection":[{"href":"https:\/\/truusk.store\/sv\/wp-json\/wp\/v2\/product"}],"about":[{"href":"https:\/\/truusk.store\/sv\/wp-json\/wp\/v2\/types\/product"}],"wp:featuredmedia":[{"embeddable":true,"href":"https:\/\/truusk.store\/sv\/wp-json\/wp\/v2\/media\/98370"}],"wp:attachment":[{"href":"https:\/\/truusk.store\/sv\/wp-json\/wp\/v2\/media?parent=98383"}],"wp:term":[{"taxonomy":"product_brand","embeddable":true,"href":"https:\/\/truusk.store\/sv\/wp-json\/wp\/v2\/product_brand?post=98383"},{"taxonomy":"product_cat","embeddable":true,"href":"https:\/\/truusk.store\/sv\/wp-json\/wp\/v2\/product_cat?post=98383"},{"taxonomy":"product_tag","embeddable":true,"href":"https:\/\/truusk.store\/sv\/wp-json\/wp\/v2\/product_tag?post=98383"}],"curies":[{"name":"wp","href":"https:\/\/api.w.org\/{rel}","templated":true}]}}