{"id":98420,"date":"2026-01-06T12:41:08","date_gmt":"2026-01-06T11:41:08","guid":{"rendered":"https:\/\/truusk.store\/product\/3-x-3-m-paviljong-med-4-sidovaggar-fonster-festtalt-med-uv-skydd-tradgardstalt-inkl-barvaska-stal-gra\/"},"modified":"2026-03-12T09:35:26","modified_gmt":"2026-03-12T08:35:26","slug":"truusk-paviljong-3x3-m-4-sidovaggar-fonster-uv-skydd-barvaska-inkluderad-stalkonstruktion-gra","status":"publish","type":"product","link":"https:\/\/truusk.store\/sv\/produkt\/truusk-paviljong-3x3-m-4-sidovaggar-fonster-uv-skydd-barvaska-inkluderad-stalkonstruktion-gra\/","title":{"rendered":"TRUUSK Paviljong 3&#215;3 m &#8211; 4 Sidov\u00e4ggar &#8211; F\u00f6nster &#8211; UV-skydd &#8211; B\u00e4rv\u00e4ska inkluderad &#8211; St\u00e5lkonstruktion &#8211; Gr\u00e5"},"content":{"rendered":"<p>Detta kompakta 2,95 x 2,95 m [BRAND NAME] paviljong med sidov\u00e4ggar ger en idealisk, l\u00e4ttmonterad skydd. Perfekt tr\u00e4dg\u00e5rdspaviljong f\u00f6r familjefester, br\u00f6llop, picknickar, sportevenemang, byggarbetsplatser och campingresor. Partyt\u00e4ltet kan monteras upp eller ned p\u00e5 kortast m\u00f6jliga tid och har en h\u00f6gkvalitativ, pulverlackerad st\u00e5lram som ger h\u00f6g stabilitet och \u00e4r \u00e4ven vinterfast.<\/p>\n<p>Beskrivning:<\/p>\n<ul>\n<li> Partyt\u00e4ltet levereras med en b\u00e4rv\u00e4ska<\/li>\n<li> F\u00e4llbart paviljong med en vatten- och rostbest\u00e4ndig t\u00e4ltduk<\/li>\n<li> Skydd mot UV-str\u00e5lar<\/li>\n<li> \u00c5tta dr\u00e4neringsh\u00e5l p\u00e5 toppen av paviljongen f\u00f6rhindrar vattenansamling<\/li>\n<li> H\u00f6gstabilt pulverlackerat st\u00e5lram<\/li>\n<li> Utm\u00e4rkt f\u00f6r kommersiella och privata \u00e4ndam\u00e5l, s\u00e4rskilt som \u00f6lt\u00e4lt<\/li>\n<li> Sidov\u00e4ggarna p\u00e5 campingpaviljongen kan l\u00e4tt tas bort och f\u00e4stas med kardborreband<\/li>\n<li> 4 sidov\u00e4ggar, varav 2 med knappar och 2 med dragkedja<\/li>\n<li> Montering kr\u00e4vs av 2 personer<\/li>\n<\/ul>\n<p> Tekniska data:<\/p>\n<ul>\n<li> F\u00e4rg: Gr\u00e5<\/li>\n<li> Material: St\u00e5l, Oxfordtyg (100% polyester)<\/li>\n<li> Storlek: 2,95L x 2,95B x 2,58H m<\/li>\n<li> Sidov\u00e4ggsh\u00f6jd: 1,96 m<\/li>\n<li> Takram: 11 x 22 x 0,53 mm<\/li>\n<li> St\u00f6d: 25 x 25 x 0,6 mm\/20 x 20 x 0,6 mm<\/li>\n<\/ul>\n<p>Leveransinneh\u00e5ll:<\/p>\n<ul>\n<li> 1 x F\u00e4llbar paviljong<\/li>\n<li> 4 x Sidov\u00e4gg<\/li>\n<li> 4 x Sp\u00e4nnlina<\/li>\n<li> 8 x T\u00e4ltpinne<\/li>\n<\/ul>\n","protected":false},"excerpt":{"rendered":"<p>Detta kompakta 2,95 x 2,95 m [BRAND NAME] paviljong med sidov\u00e4ggar ger en idealisk, l\u00e4ttmonterad skydd. Perfekt tr\u00e4dg\u00e5rdspaviljong f\u00f6r familjefester,&#8230;<\/p>\n","protected":false},"featured_media":98410,"template":"","meta":[],"product_brand":[],"product_cat":[477,858,476],"product_tag":[],"class_list":{"0":"post-98420","1":"product","2":"type-product","3":"status-publish","4":"has-post-thumbnail","6":"product_cat-paviljonger-partytalt","7":"product_cat-tradgard-terrass","8":"product_cat-tradgardspaviljonger","10":"first","11":"instock","12":"sale","13":"taxable","14":"shipping-taxable","15":"purchasable","16":"product-type-simple"},"yoast_head":"<!-- This site is optimized with the Yoast SEO plugin v25.4 - https:\/\/yoast.com\/wordpress\/plugins\/seo\/ -->\n<title>TRUUSK Paviljong 3x3 m - 4 Sidov\u00e4ggar - F\u00f6nster - UV-skydd - B\u00e4rv\u00e4ska inkluderad - St\u00e5lkonstruktion - Gr\u00e5 - TRUUSK - Hem, Tr\u00e4dg\u00e5rd &amp; Fritid<\/title>\n<meta name=\"robots\" content=\"index, follow, max-snippet:-1, max-image-preview:large, max-video-preview:-1\" \/>\n<link rel=\"canonical\" href=\"https:\/\/truusk.store\/sv\/produkt\/truusk-paviljong-3x3-m-4-sidovaggar-fonster-uv-skydd-barvaska-inkluderad-stalkonstruktion-gra\/\" \/>\n<meta property=\"og:locale\" content=\"sv_SE\" \/>\n<meta property=\"og:type\" content=\"article\" \/>\n<meta property=\"og:title\" content=\"TRUUSK Paviljong 3x3 m - 4 Sidov\u00e4ggar - F\u00f6nster - UV-skydd - B\u00e4rv\u00e4ska inkluderad - St\u00e5lkonstruktion - Gr\u00e5 - TRUUSK - Hem, Tr\u00e4dg\u00e5rd &amp; Fritid\" \/>\n<meta property=\"og:description\" content=\"Detta kompakta 2,95 x 2,95 m [BRAND NAME] paviljong med sidov\u00e4ggar ger en idealisk, l\u00e4ttmonterad skydd. Perfekt tr\u00e4dg\u00e5rdspaviljong f\u00f6r familjefester,...\" \/>\n<meta property=\"og:url\" content=\"https:\/\/truusk.store\/sv\/produkt\/truusk-paviljong-3x3-m-4-sidovaggar-fonster-uv-skydd-barvaska-inkluderad-stalkonstruktion-gra\/\" \/>\n<meta property=\"og:site_name\" content=\"TRUUSK - Hem, Tr\u00e4dg\u00e5rd &amp; Fritid\" \/>\n<meta property=\"article:modified_time\" content=\"2026-03-12T08:35:26+00:00\" \/>\n<meta property=\"og:image\" content=\"https:\/\/i0.wp.com\/truusk.se\/wp-content\/uploads\/2026\/01\/3-x-3-m-paviljong-med-4-sidovaggar-fonster-festtalt-med-uv-skydd-tradgardstalt-inkl-barvaska-stal-gra-1.webp?fit=2000%2C2000&ssl=1\" \/>\n\t<meta property=\"og:image:width\" content=\"2000\" \/>\n\t<meta property=\"og:image:height\" content=\"2000\" \/>\n\t<meta property=\"og:image:type\" content=\"image\/webp\" \/>\n<meta name=\"twitter:card\" content=\"summary_large_image\" \/>\n<meta name=\"twitter:label1\" content=\"Ber\u00e4knad l\u00e4stid\" \/>\n\t<meta name=\"twitter:data1\" content=\"1 minut\" \/>\n<!-- \/ Yoast SEO plugin. -->","yoast_head_json":{"title":"TRUUSK Paviljong 3x3 m - 4 Sidov\u00e4ggar - F\u00f6nster - UV-skydd - B\u00e4rv\u00e4ska inkluderad - St\u00e5lkonstruktion - Gr\u00e5 - TRUUSK - Hem, Tr\u00e4dg\u00e5rd &amp; Fritid","robots":{"index":"index","follow":"follow","max-snippet":"max-snippet:-1","max-image-preview":"max-image-preview:large","max-video-preview":"max-video-preview:-1"},"canonical":"https:\/\/truusk.store\/sv\/produkt\/truusk-paviljong-3x3-m-4-sidovaggar-fonster-uv-skydd-barvaska-inkluderad-stalkonstruktion-gra\/","og_locale":"sv_SE","og_type":"article","og_title":"TRUUSK Paviljong 3x3 m - 4 Sidov\u00e4ggar - F\u00f6nster - UV-skydd - B\u00e4rv\u00e4ska inkluderad - St\u00e5lkonstruktion - Gr\u00e5 - TRUUSK - Hem, Tr\u00e4dg\u00e5rd &amp; Fritid","og_description":"Detta kompakta 2,95 x 2,95 m [BRAND NAME] paviljong med sidov\u00e4ggar ger en idealisk, l\u00e4ttmonterad skydd. Perfekt tr\u00e4dg\u00e5rdspaviljong f\u00f6r familjefester,...","og_url":"https:\/\/truusk.store\/sv\/produkt\/truusk-paviljong-3x3-m-4-sidovaggar-fonster-uv-skydd-barvaska-inkluderad-stalkonstruktion-gra\/","og_site_name":"TRUUSK - Hem, Tr\u00e4dg\u00e5rd &amp; Fritid","article_modified_time":"2026-03-12T08:35:26+00:00","og_image":[{"width":2000,"height":2000,"url":"https:\/\/i0.wp.com\/truusk.se\/wp-content\/uploads\/2026\/01\/3-x-3-m-paviljong-med-4-sidovaggar-fonster-festtalt-med-uv-skydd-tradgardstalt-inkl-barvaska-stal-gra-1.webp?fit=2000%2C2000&ssl=1","type":"image\/webp"}],"twitter_card":"summary_large_image","twitter_misc":{"Ber\u00e4knad l\u00e4stid":"1 minut"},"schema":{"@context":"https:\/\/schema.org","@graph":[{"@type":"WebPage","@id":"https:\/\/truusk.store\/sv\/produkt\/truusk-paviljong-3x3-m-4-sidovaggar-fonster-uv-skydd-barvaska-inkluderad-stalkonstruktion-gra\/","url":"https:\/\/truusk.store\/sv\/produkt\/truusk-paviljong-3x3-m-4-sidovaggar-fonster-uv-skydd-barvaska-inkluderad-stalkonstruktion-gra\/","name":"TRUUSK Paviljong 3x3 m - 4 Sidov\u00e4ggar - F\u00f6nster - UV-skydd - B\u00e4rv\u00e4ska inkluderad - St\u00e5lkonstruktion - Gr\u00e5 - TRUUSK - Hem, Tr\u00e4dg\u00e5rd &amp; Fritid","isPartOf":{"@id":"https:\/\/truusk.store\/sv\/#website"},"primaryImageOfPage":{"@id":"https:\/\/truusk.store\/sv\/produkt\/truusk-paviljong-3x3-m-4-sidovaggar-fonster-uv-skydd-barvaska-inkluderad-stalkonstruktion-gra\/#primaryimage"},"image":{"@id":"https:\/\/truusk.store\/sv\/produkt\/truusk-paviljong-3x3-m-4-sidovaggar-fonster-uv-skydd-barvaska-inkluderad-stalkonstruktion-gra\/#primaryimage"},"thumbnailUrl":"https:\/\/i0.wp.com\/truusk.store\/wp-content\/uploads\/2026\/01\/3-x-3-m-paviljong-med-4-sidovaggar-fonster-festtalt-med-uv-skydd-tradgardstalt-inkl-barvaska-stal-gra-1.webp?fit=2000%2C2000&ssl=1","datePublished":"2026-01-06T11:41:08+00:00","dateModified":"2026-03-12T08:35:26+00:00","breadcrumb":{"@id":"https:\/\/truusk.store\/sv\/produkt\/truusk-paviljong-3x3-m-4-sidovaggar-fonster-uv-skydd-barvaska-inkluderad-stalkonstruktion-gra\/#breadcrumb"},"inLanguage":"sv-SE","potentialAction":[{"@type":"ReadAction","target":["https:\/\/truusk.store\/sv\/produkt\/truusk-paviljong-3x3-m-4-sidovaggar-fonster-uv-skydd-barvaska-inkluderad-stalkonstruktion-gra\/"]}]},{"@type":"ImageObject","inLanguage":"sv-SE","@id":"https:\/\/truusk.store\/sv\/produkt\/truusk-paviljong-3x3-m-4-sidovaggar-fonster-uv-skydd-barvaska-inkluderad-stalkonstruktion-gra\/#primaryimage","url":"https:\/\/i0.wp.com\/truusk.store\/wp-content\/uploads\/2026\/01\/3-x-3-m-paviljong-med-4-sidovaggar-fonster-festtalt-med-uv-skydd-tradgardstalt-inkl-barvaska-stal-gra-1.webp?fit=2000%2C2000&ssl=1","contentUrl":"https:\/\/i0.wp.com\/truusk.store\/wp-content\/uploads\/2026\/01\/3-x-3-m-paviljong-med-4-sidovaggar-fonster-festtalt-med-uv-skydd-tradgardstalt-inkl-barvaska-stal-gra-1.webp?fit=2000%2C2000&ssl=1","width":2000,"height":2000},{"@type":"BreadcrumbList","@id":"https:\/\/truusk.store\/sv\/produkt\/truusk-paviljong-3x3-m-4-sidovaggar-fonster-uv-skydd-barvaska-inkluderad-stalkonstruktion-gra\/#breadcrumb","itemListElement":[{"@type":"ListItem","position":1,"name":"Home","item":"https:\/\/truusk.store\/sv\/"},{"@type":"ListItem","position":2,"name":"Shop","item":"https:\/\/truusk.store\/shop\/"},{"@type":"ListItem","position":3,"name":"TRUUSK Paviljong 3&#215;3 m &#8211; 4 Sidov\u00e4ggar &#8211; F\u00f6nster &#8211; UV-skydd &#8211; B\u00e4rv\u00e4ska inkluderad &#8211; St\u00e5lkonstruktion &#8211; Gr\u00e5"}]},{"@type":"WebSite","@id":"https:\/\/truusk.store\/sv\/#website","url":"https:\/\/truusk.store\/sv\/","name":"TRUUSK - Hem, Tr\u00e4dg\u00e5rd & Fritid","description":"","publisher":{"@id":"https:\/\/truusk.store\/sv\/#organization"},"potentialAction":[{"@type":"SearchAction","target":{"@type":"EntryPoint","urlTemplate":"https:\/\/truusk.store\/sv\/?s={search_term_string}"},"query-input":{"@type":"PropertyValueSpecification","valueRequired":true,"valueName":"search_term_string"}}],"inLanguage":"sv-SE"},{"@type":"Organization","@id":"https:\/\/truusk.store\/sv\/#organization","name":"TRUUSK - Hem, Tr\u00e4dg\u00e5rd & Fritid","url":"https:\/\/truusk.store\/sv\/","logo":{"@type":"ImageObject","inLanguage":"sv-SE","@id":"https:\/\/truusk.store\/sv\/#\/schema\/logo\/image\/","url":"https:\/\/i0.wp.com\/truusk.store\/wp-content\/uploads\/2026\/03\/cropped-TRUUSK.png?fit=2032%2C917&ssl=1","contentUrl":"https:\/\/i0.wp.com\/truusk.store\/wp-content\/uploads\/2026\/03\/cropped-TRUUSK.png?fit=2032%2C917&ssl=1","width":2032,"height":917,"caption":"TRUUSK - Hem, Tr\u00e4dg\u00e5rd & Fritid"},"image":{"@id":"https:\/\/truusk.store\/sv\/#\/schema\/logo\/image\/"}}]}},"jetpack_sharing_enabled":true,"_links":{"self":[{"href":"https:\/\/truusk.store\/sv\/wp-json\/wp\/v2\/product\/98420","targetHints":{"allow":["GET"]}}],"collection":[{"href":"https:\/\/truusk.store\/sv\/wp-json\/wp\/v2\/product"}],"about":[{"href":"https:\/\/truusk.store\/sv\/wp-json\/wp\/v2\/types\/product"}],"wp:featuredmedia":[{"embeddable":true,"href":"https:\/\/truusk.store\/sv\/wp-json\/wp\/v2\/media\/98410"}],"wp:attachment":[{"href":"https:\/\/truusk.store\/sv\/wp-json\/wp\/v2\/media?parent=98420"}],"wp:term":[{"taxonomy":"product_brand","embeddable":true,"href":"https:\/\/truusk.store\/sv\/wp-json\/wp\/v2\/product_brand?post=98420"},{"taxonomy":"product_cat","embeddable":true,"href":"https:\/\/truusk.store\/sv\/wp-json\/wp\/v2\/product_cat?post=98420"},{"taxonomy":"product_tag","embeddable":true,"href":"https:\/\/truusk.store\/sv\/wp-json\/wp\/v2\/product_tag?post=98420"}],"curies":[{"name":"wp","href":"https:\/\/api.w.org\/{rel}","templated":true}]}}