{"id":98429,"date":"2026-01-06T12:41:59","date_gmt":"2026-01-06T11:41:59","guid":{"rendered":"https:\/\/truusk.store\/product\/smadjursstall-med-hjul-dvarghare-stall-frigaende-hage-asfalts-tak-smadjurshus-dvarghare-utegard-tra-stal-brun\/"},"modified":"2026-03-12T09:35:27","modified_gmt":"2026-03-12T08:35:27","slug":"truusk-smadjursstall-med-hjul-dvarghare-stall-frigaende-hage-asfalts-tak-tra-och-stal-brun","status":"publish","type":"product","link":"https:\/\/truusk.store\/sv\/produkt\/truusk-smadjursstall-med-hjul-dvarghare-stall-frigaende-hage-asfalts-tak-tra-och-stal-brun\/","title":{"rendered":"TRUUSK Sm\u00e5djursstall Med Hjul &#8211; Dv\u00e4rghare-stall &#8211; Frig\u00e5ende Hage &#8211; Asfalts Tak &#8211; Tr\u00e4 och St\u00e5l &#8211; Brun"},"content":{"rendered":"<p>Detta sm\u00e5djurshus fr\u00e5n [BRAND NAME] f\u00f6r utomhusbruk \u00e4r perfekt f\u00f6r dv\u00e4rgkaniner, marsvin och andra djur av liknande storlek. Detta lyxiga dv\u00e4rgkaninhus av tr\u00e4 erbjuder en blandning av s\u00e4kerhet och frihet. Den \u00f6vre delen \u00e4r utformad f\u00f6r privatliv och vila, medan den nedre delen erbjuder mer utrymme f\u00f6r motion och lek. Skaffa ett bekv\u00e4mt livsutrymme f\u00f6r din lurviga v\u00e4n fr\u00e5n [BRAND NAME]!<\/p>\n<p>Beskrivning:<\/p>\n<ul>\n<li> Massivt grantr\u00e4ram och asfalttak f\u00f6r utomhusbruk<\/li>\n<li> Utrustad med hjul f\u00f6r enkel transport<\/li>\n<li> En ramp m\u00f6jligg\u00f6r f\u00f6r dv\u00e4rgkaninerna en snabb ing\u00e5ng till det upph\u00f6jda stallomr\u00e5det<\/li>\n<li> Avtagbara bottenbrickor under huvudhuset f\u00f6r enkel reng\u00f6ring<\/li>\n<li> Flera l\u00e5sbara d\u00f6rrar s\u00e5 att du enkelt kan ta hand om dina djur<\/li>\n<li> Montering kr\u00e4vs<\/li>\n<\/ul>\n<p> Tekniska specifikationer:<\/p>\n<ul>\n<li> F\u00e4rg: Brun+Svart<\/li>\n<li> Material: Gran, St\u00e5l, Asfalt<\/li>\n<li> Totala m\u00e5tt: 157,4L x 53B x 99,5H cm<\/li>\n<li> M\u00e5tt p\u00e5 bostadshuset: 74L x 45,5B x 51H cm<\/li>\n<li> D\u00f6rrstorlek: 30L x 26H cm (huvudhus), 30L x 25H cm (rastg\u00e5rd under huvudhuset), 29L x 47,5H cm (sidorastg\u00e5rd)<\/li>\n<li> M\u00e5tt p\u00e5 rastg\u00e5rden (under): 72L x 45,5B x 35H cm<\/li>\n<li> M\u00e5tt p\u00e5 rastg\u00e5rden (sidan): 72L x 45,5B x 63H cm<\/li>\n<li> Rampstorlek: 61L x 14,8B cm<\/li>\n<\/ul>\n<p>Leveransinneh\u00e5ll:<\/p>\n<ul>\n<li> 1 x Sm\u00e5djurshus<\/li>\n<li> 1 x Instruktioner<\/li>\n<\/ul>\n","protected":false},"excerpt":{"rendered":"<p>Detta sm\u00e5djurshus fr\u00e5n [BRAND NAME] f\u00f6r utomhusbruk \u00e4r perfekt f\u00f6r dv\u00e4rgkaniner, marsvin och andra djur av liknande storlek. Detta lyxiga&#8230;<\/p>\n","protected":false},"featured_media":98419,"template":"","meta":[],"product_brand":[],"product_cat":[878,598,597],"product_tag":[],"class_list":{"0":"post-98429","1":"product","2":"type-product","3":"status-publish","4":"has-post-thumbnail","6":"product_cat-djurbehov","7":"product_cat-sma-djurstallar","8":"product_cat-sma-djurtillbehor","10":"first","11":"instock","12":"sale","13":"taxable","14":"shipping-taxable","15":"purchasable","16":"product-type-simple"},"yoast_head":"<!-- This site is optimized with the Yoast SEO plugin v25.4 - https:\/\/yoast.com\/wordpress\/plugins\/seo\/ -->\n<title>TRUUSK Sm\u00e5djursstall Med Hjul - Dv\u00e4rghare-stall - Frig\u00e5ende Hage - Asfalts Tak - Tr\u00e4 och St\u00e5l - Brun - TRUUSK - Hem, Tr\u00e4dg\u00e5rd &amp; Fritid<\/title>\n<meta name=\"robots\" content=\"index, follow, max-snippet:-1, max-image-preview:large, max-video-preview:-1\" \/>\n<link rel=\"canonical\" href=\"https:\/\/truusk.store\/sv\/produkt\/truusk-smadjursstall-med-hjul-dvarghare-stall-frigaende-hage-asfalts-tak-tra-och-stal-brun\/\" \/>\n<meta property=\"og:locale\" content=\"sv_SE\" \/>\n<meta property=\"og:type\" content=\"article\" \/>\n<meta property=\"og:title\" content=\"TRUUSK Sm\u00e5djursstall Med Hjul - Dv\u00e4rghare-stall - Frig\u00e5ende Hage - Asfalts Tak - Tr\u00e4 och St\u00e5l - Brun - TRUUSK - Hem, Tr\u00e4dg\u00e5rd &amp; Fritid\" \/>\n<meta property=\"og:description\" content=\"Detta sm\u00e5djurshus fr\u00e5n [BRAND NAME] f\u00f6r utomhusbruk \u00e4r perfekt f\u00f6r dv\u00e4rgkaniner, marsvin och andra djur av liknande storlek. Detta lyxiga...\" \/>\n<meta property=\"og:url\" content=\"https:\/\/truusk.store\/sv\/produkt\/truusk-smadjursstall-med-hjul-dvarghare-stall-frigaende-hage-asfalts-tak-tra-och-stal-brun\/\" \/>\n<meta property=\"og:site_name\" content=\"TRUUSK - Hem, Tr\u00e4dg\u00e5rd &amp; Fritid\" \/>\n<meta property=\"article:modified_time\" content=\"2026-03-12T08:35:27+00:00\" \/>\n<meta property=\"og:image\" content=\"https:\/\/i0.wp.com\/truusk.se\/wp-content\/uploads\/2026\/01\/smadjursstall-med-hjul-dvarghare-stall-frigaende-hage-asfalts-tak-smadjurshus-dvarghare-utegard-tra-stal-brun-1.webp?fit=2000%2C2000&ssl=1\" \/>\n\t<meta property=\"og:image:width\" content=\"2000\" \/>\n\t<meta property=\"og:image:height\" content=\"2000\" \/>\n\t<meta property=\"og:image:type\" content=\"image\/webp\" \/>\n<meta name=\"twitter:card\" content=\"summary_large_image\" \/>\n<meta name=\"twitter:label1\" content=\"Ber\u00e4knad l\u00e4stid\" \/>\n\t<meta name=\"twitter:data1\" content=\"1 minut\" \/>\n<!-- \/ Yoast SEO plugin. -->","yoast_head_json":{"title":"TRUUSK Sm\u00e5djursstall Med Hjul - Dv\u00e4rghare-stall - Frig\u00e5ende Hage - Asfalts Tak - Tr\u00e4 och St\u00e5l - Brun - TRUUSK - Hem, Tr\u00e4dg\u00e5rd &amp; Fritid","robots":{"index":"index","follow":"follow","max-snippet":"max-snippet:-1","max-image-preview":"max-image-preview:large","max-video-preview":"max-video-preview:-1"},"canonical":"https:\/\/truusk.store\/sv\/produkt\/truusk-smadjursstall-med-hjul-dvarghare-stall-frigaende-hage-asfalts-tak-tra-och-stal-brun\/","og_locale":"sv_SE","og_type":"article","og_title":"TRUUSK Sm\u00e5djursstall Med Hjul - Dv\u00e4rghare-stall - Frig\u00e5ende Hage - Asfalts Tak - Tr\u00e4 och St\u00e5l - Brun - TRUUSK - Hem, Tr\u00e4dg\u00e5rd &amp; Fritid","og_description":"Detta sm\u00e5djurshus fr\u00e5n [BRAND NAME] f\u00f6r utomhusbruk \u00e4r perfekt f\u00f6r dv\u00e4rgkaniner, marsvin och andra djur av liknande storlek. Detta lyxiga...","og_url":"https:\/\/truusk.store\/sv\/produkt\/truusk-smadjursstall-med-hjul-dvarghare-stall-frigaende-hage-asfalts-tak-tra-och-stal-brun\/","og_site_name":"TRUUSK - Hem, Tr\u00e4dg\u00e5rd &amp; Fritid","article_modified_time":"2026-03-12T08:35:27+00:00","og_image":[{"width":2000,"height":2000,"url":"https:\/\/i0.wp.com\/truusk.se\/wp-content\/uploads\/2026\/01\/smadjursstall-med-hjul-dvarghare-stall-frigaende-hage-asfalts-tak-smadjurshus-dvarghare-utegard-tra-stal-brun-1.webp?fit=2000%2C2000&ssl=1","type":"image\/webp"}],"twitter_card":"summary_large_image","twitter_misc":{"Ber\u00e4knad l\u00e4stid":"1 minut"},"schema":{"@context":"https:\/\/schema.org","@graph":[{"@type":"WebPage","@id":"https:\/\/truusk.store\/sv\/produkt\/truusk-smadjursstall-med-hjul-dvarghare-stall-frigaende-hage-asfalts-tak-tra-och-stal-brun\/","url":"https:\/\/truusk.store\/sv\/produkt\/truusk-smadjursstall-med-hjul-dvarghare-stall-frigaende-hage-asfalts-tak-tra-och-stal-brun\/","name":"TRUUSK Sm\u00e5djursstall Med Hjul - Dv\u00e4rghare-stall - Frig\u00e5ende Hage - Asfalts Tak - Tr\u00e4 och St\u00e5l - Brun - TRUUSK - Hem, Tr\u00e4dg\u00e5rd &amp; Fritid","isPartOf":{"@id":"https:\/\/truusk.store\/sv\/#website"},"primaryImageOfPage":{"@id":"https:\/\/truusk.store\/sv\/produkt\/truusk-smadjursstall-med-hjul-dvarghare-stall-frigaende-hage-asfalts-tak-tra-och-stal-brun\/#primaryimage"},"image":{"@id":"https:\/\/truusk.store\/sv\/produkt\/truusk-smadjursstall-med-hjul-dvarghare-stall-frigaende-hage-asfalts-tak-tra-och-stal-brun\/#primaryimage"},"thumbnailUrl":"https:\/\/i0.wp.com\/truusk.store\/wp-content\/uploads\/2026\/01\/smadjursstall-med-hjul-dvarghare-stall-frigaende-hage-asfalts-tak-smadjurshus-dvarghare-utegard-tra-stal-brun-1.webp?fit=2000%2C2000&ssl=1","datePublished":"2026-01-06T11:41:59+00:00","dateModified":"2026-03-12T08:35:27+00:00","breadcrumb":{"@id":"https:\/\/truusk.store\/sv\/produkt\/truusk-smadjursstall-med-hjul-dvarghare-stall-frigaende-hage-asfalts-tak-tra-och-stal-brun\/#breadcrumb"},"inLanguage":"sv-SE","potentialAction":[{"@type":"ReadAction","target":["https:\/\/truusk.store\/sv\/produkt\/truusk-smadjursstall-med-hjul-dvarghare-stall-frigaende-hage-asfalts-tak-tra-och-stal-brun\/"]}]},{"@type":"ImageObject","inLanguage":"sv-SE","@id":"https:\/\/truusk.store\/sv\/produkt\/truusk-smadjursstall-med-hjul-dvarghare-stall-frigaende-hage-asfalts-tak-tra-och-stal-brun\/#primaryimage","url":"https:\/\/i0.wp.com\/truusk.store\/wp-content\/uploads\/2026\/01\/smadjursstall-med-hjul-dvarghare-stall-frigaende-hage-asfalts-tak-smadjurshus-dvarghare-utegard-tra-stal-brun-1.webp?fit=2000%2C2000&ssl=1","contentUrl":"https:\/\/i0.wp.com\/truusk.store\/wp-content\/uploads\/2026\/01\/smadjursstall-med-hjul-dvarghare-stall-frigaende-hage-asfalts-tak-smadjurshus-dvarghare-utegard-tra-stal-brun-1.webp?fit=2000%2C2000&ssl=1","width":2000,"height":2000},{"@type":"BreadcrumbList","@id":"https:\/\/truusk.store\/sv\/produkt\/truusk-smadjursstall-med-hjul-dvarghare-stall-frigaende-hage-asfalts-tak-tra-och-stal-brun\/#breadcrumb","itemListElement":[{"@type":"ListItem","position":1,"name":"Home","item":"https:\/\/truusk.store\/sv\/"},{"@type":"ListItem","position":2,"name":"Shop","item":"https:\/\/truusk.store\/shop\/"},{"@type":"ListItem","position":3,"name":"TRUUSK Sm\u00e5djursstall Med Hjul &#8211; Dv\u00e4rghare-stall &#8211; Frig\u00e5ende Hage &#8211; Asfalts Tak &#8211; Tr\u00e4 och St\u00e5l &#8211; Brun"}]},{"@type":"WebSite","@id":"https:\/\/truusk.store\/sv\/#website","url":"https:\/\/truusk.store\/sv\/","name":"TRUUSK - Hem, Tr\u00e4dg\u00e5rd & Fritid","description":"","publisher":{"@id":"https:\/\/truusk.store\/sv\/#organization"},"potentialAction":[{"@type":"SearchAction","target":{"@type":"EntryPoint","urlTemplate":"https:\/\/truusk.store\/sv\/?s={search_term_string}"},"query-input":{"@type":"PropertyValueSpecification","valueRequired":true,"valueName":"search_term_string"}}],"inLanguage":"sv-SE"},{"@type":"Organization","@id":"https:\/\/truusk.store\/sv\/#organization","name":"TRUUSK - Hem, Tr\u00e4dg\u00e5rd & Fritid","url":"https:\/\/truusk.store\/sv\/","logo":{"@type":"ImageObject","inLanguage":"sv-SE","@id":"https:\/\/truusk.store\/sv\/#\/schema\/logo\/image\/","url":"https:\/\/i0.wp.com\/truusk.store\/wp-content\/uploads\/2026\/03\/cropped-TRUUSK.png?fit=2032%2C917&ssl=1","contentUrl":"https:\/\/i0.wp.com\/truusk.store\/wp-content\/uploads\/2026\/03\/cropped-TRUUSK.png?fit=2032%2C917&ssl=1","width":2032,"height":917,"caption":"TRUUSK - Hem, Tr\u00e4dg\u00e5rd & Fritid"},"image":{"@id":"https:\/\/truusk.store\/sv\/#\/schema\/logo\/image\/"}}]}},"jetpack_sharing_enabled":true,"_links":{"self":[{"href":"https:\/\/truusk.store\/sv\/wp-json\/wp\/v2\/product\/98429","targetHints":{"allow":["GET"]}}],"collection":[{"href":"https:\/\/truusk.store\/sv\/wp-json\/wp\/v2\/product"}],"about":[{"href":"https:\/\/truusk.store\/sv\/wp-json\/wp\/v2\/types\/product"}],"wp:featuredmedia":[{"embeddable":true,"href":"https:\/\/truusk.store\/sv\/wp-json\/wp\/v2\/media\/98419"}],"wp:attachment":[{"href":"https:\/\/truusk.store\/sv\/wp-json\/wp\/v2\/media?parent=98429"}],"wp:term":[{"taxonomy":"product_brand","embeddable":true,"href":"https:\/\/truusk.store\/sv\/wp-json\/wp\/v2\/product_brand?post=98429"},{"taxonomy":"product_cat","embeddable":true,"href":"https:\/\/truusk.store\/sv\/wp-json\/wp\/v2\/product_cat?post=98429"},{"taxonomy":"product_tag","embeddable":true,"href":"https:\/\/truusk.store\/sv\/wp-json\/wp\/v2\/product_tag?post=98429"}],"curies":[{"name":"wp","href":"https:\/\/api.w.org\/{rel}","templated":true}]}}