{"id":98441,"date":"2026-01-06T12:43:01","date_gmt":"2026-01-06T11:43:01","guid":{"rendered":"https:\/\/truusk.store\/product\/mini-vaxthus-3-vaningar-6-tradhyllor-2-oppningar-plastduk-gron\/"},"modified":"2026-03-12T09:35:37","modified_gmt":"2026-03-12T08:35:37","slug":"truusk-mini-vaxthus-3-vaningar-6-tradhyllor-2-oppningar-plastduk-gron","status":"publish","type":"product","link":"https:\/\/truusk.store\/sv\/produkt\/truusk-mini-vaxthus-3-vaningar-6-tradhyllor-2-oppningar-plastduk-gron\/","title":{"rendered":"TRUUSK Mini-v\u00e4xthus &#8211; 3 v\u00e5ningar &#8211; 6 tr\u00e5dhyllor &#8211; 2 \u00f6ppningar &#8211; Plastduk &#8211; Gr\u00f6n"},"content":{"rendered":"<p>Gl\u00f6m att frysa dina omsorgsfullt sk\u00f6tta v\u00e4xter och blommor! [BRAND NAME] presenterar ett kompakt tomatv\u00e4xthus med en trestegs blomsterhylla, idealisk f\u00f6r tr\u00e4dg\u00e5rdsm\u00e4stare p\u00e5 alla erfarenhetsniv\u00e5er. PE-\u00f6verdraget med tv\u00e5 upprullbara d\u00f6rrar p\u00e5 det inomhusv\u00e4xthuset fr\u00e4mjar optimal temperatur och fuktighet f\u00f6r v\u00e4xttillv\u00e4xt. Sadeltaket f\u00f6rhindrar vattenansamling. Upplev tr\u00e4dg\u00e5rdskonst med det lilla v\u00e4xthuset.<\/p>\n<p>Beskrivning:<\/p>\n<ul>\n<li> Det lutande v\u00e4ggdesignen p\u00e5 v\u00e4xthuset \u00f6kar utrymmesanv\u00e4ndningen och minskar vindbelastningen<\/li>\n<li> PE-\u00f6verdraget p\u00e5 tomat-t\u00e4ltet skyddar mot UV-str\u00e5lar och f\u00f6rl\u00e4nger livsl\u00e4ngden<\/li>\n<li> Kantade kanter p\u00e5 det stabila foliev\u00e4xthuset f\u00f6rst\u00e4rker \u00f6verdraget och f\u00f6rhindrar rivning<\/li>\n<li> Tre v\u00e5ningar med sex tr\u00e5dhyllor f\u00f6r att organisera dina v\u00e4xter<\/li>\n<li> Tv\u00e5 upprullbara d\u00f6rrar f\u00f6r enkel \u00e5tkomst och ventilation<\/li>\n<li> \u00d6verl\u00e5ngt \u00f6verdrag som kan gr\u00e4vas ner i marken f\u00f6r t\u00e4tning och stabilitet<\/li>\n<li> Sadeltaket \u00e4r stilfullt och f\u00f6rhindrar ansamling av regnvatten<\/li>\n<li> Enkel montering med plastkopplingar<\/li>\n<\/ul>\n<p> Tekniska data:<\/p>\n<ul>\n<li> F\u00e4rg: Gr\u00f6n<\/li>\n<li> Material: St\u00e5l, 140gsm Polyeten<\/li>\n<li> Totala dimensioner: 143L x 46B x 141\/151H cm<\/li>\n<li> D\u00f6rrdimension: 51B x 135H cm<\/li>\n<li> Tr\u00e5dhyllans dimension: 58B x 46,5T x 45H cm<\/li>\n<li> Kantbredd: 10 cm<\/li>\n<li> Hyllans b\u00e4rf\u00f6rm\u00e5ga: 15 kg<\/li>\n<\/ul>\n<p>Leveransinneh\u00e5ll:<\/p>\n<ul>\n<li> 1 x V\u00e4xthus<\/li>\n<li> 1 x Bruksanvisning<\/li>\n<\/ul>\n","protected":false},"excerpt":{"rendered":"<p>Gl\u00f6m att frysa dina omsorgsfullt sk\u00f6tta v\u00e4xter och blommor! [BRAND NAME] presenterar ett kompakt tomatv\u00e4xthus med en trestegs blomsterhylla, idealisk&#8230;<\/p>\n","protected":false},"featured_media":98430,"template":"","meta":[],"product_brand":[],"product_cat":[923,858,443],"product_tag":[],"class_list":{"0":"post-98441","1":"product","2":"type-product","3":"status-publish","4":"has-post-thumbnail","6":"product_cat-plastfilm-vaxthus","7":"product_cat-tradgard-terrass","8":"product_cat-vaxthus-tradgardsskotsel","10":"first","11":"instock","12":"sale","13":"taxable","14":"shipping-taxable","15":"purchasable","16":"product-type-simple"},"yoast_head":"<!-- This site is optimized with the Yoast SEO plugin v25.4 - https:\/\/yoast.com\/wordpress\/plugins\/seo\/ -->\n<title>TRUUSK Mini-v\u00e4xthus - 3 v\u00e5ningar - 6 tr\u00e5dhyllor - 2 \u00f6ppningar - Plastduk - Gr\u00f6n - TRUUSK - Hem, Tr\u00e4dg\u00e5rd &amp; Fritid<\/title>\n<meta name=\"robots\" content=\"index, follow, max-snippet:-1, max-image-preview:large, max-video-preview:-1\" \/>\n<link rel=\"canonical\" href=\"https:\/\/truusk.store\/sv\/produkt\/truusk-mini-vaxthus-3-vaningar-6-tradhyllor-2-oppningar-plastduk-gron\/\" \/>\n<meta property=\"og:locale\" content=\"sv_SE\" \/>\n<meta property=\"og:type\" content=\"article\" \/>\n<meta property=\"og:title\" content=\"TRUUSK Mini-v\u00e4xthus - 3 v\u00e5ningar - 6 tr\u00e5dhyllor - 2 \u00f6ppningar - Plastduk - Gr\u00f6n - TRUUSK - Hem, Tr\u00e4dg\u00e5rd &amp; Fritid\" \/>\n<meta property=\"og:description\" content=\"Gl\u00f6m att frysa dina omsorgsfullt sk\u00f6tta v\u00e4xter och blommor! [BRAND NAME] presenterar ett kompakt tomatv\u00e4xthus med en trestegs blomsterhylla, idealisk...\" \/>\n<meta property=\"og:url\" content=\"https:\/\/truusk.store\/sv\/produkt\/truusk-mini-vaxthus-3-vaningar-6-tradhyllor-2-oppningar-plastduk-gron\/\" \/>\n<meta property=\"og:site_name\" content=\"TRUUSK - Hem, Tr\u00e4dg\u00e5rd &amp; Fritid\" \/>\n<meta property=\"article:modified_time\" content=\"2026-03-12T08:35:37+00:00\" \/>\n<meta property=\"og:image\" content=\"https:\/\/i0.wp.com\/truusk.se\/wp-content\/uploads\/2026\/01\/mini-vaxthus-3-vaningar-6-tradhyllor-2-oppningar-plastduk-gron-1.webp?fit=2000%2C2000&ssl=1\" \/>\n\t<meta property=\"og:image:width\" content=\"2000\" \/>\n\t<meta property=\"og:image:height\" content=\"2000\" \/>\n\t<meta property=\"og:image:type\" content=\"image\/webp\" \/>\n<meta name=\"twitter:card\" content=\"summary_large_image\" \/>\n<meta name=\"twitter:label1\" content=\"Ber\u00e4knad l\u00e4stid\" \/>\n\t<meta name=\"twitter:data1\" content=\"1 minut\" \/>\n<!-- \/ Yoast SEO plugin. -->","yoast_head_json":{"title":"TRUUSK Mini-v\u00e4xthus - 3 v\u00e5ningar - 6 tr\u00e5dhyllor - 2 \u00f6ppningar - Plastduk - Gr\u00f6n - TRUUSK - Hem, Tr\u00e4dg\u00e5rd &amp; Fritid","robots":{"index":"index","follow":"follow","max-snippet":"max-snippet:-1","max-image-preview":"max-image-preview:large","max-video-preview":"max-video-preview:-1"},"canonical":"https:\/\/truusk.store\/sv\/produkt\/truusk-mini-vaxthus-3-vaningar-6-tradhyllor-2-oppningar-plastduk-gron\/","og_locale":"sv_SE","og_type":"article","og_title":"TRUUSK Mini-v\u00e4xthus - 3 v\u00e5ningar - 6 tr\u00e5dhyllor - 2 \u00f6ppningar - Plastduk - Gr\u00f6n - TRUUSK - Hem, Tr\u00e4dg\u00e5rd &amp; Fritid","og_description":"Gl\u00f6m att frysa dina omsorgsfullt sk\u00f6tta v\u00e4xter och blommor! [BRAND NAME] presenterar ett kompakt tomatv\u00e4xthus med en trestegs blomsterhylla, idealisk...","og_url":"https:\/\/truusk.store\/sv\/produkt\/truusk-mini-vaxthus-3-vaningar-6-tradhyllor-2-oppningar-plastduk-gron\/","og_site_name":"TRUUSK - Hem, Tr\u00e4dg\u00e5rd &amp; Fritid","article_modified_time":"2026-03-12T08:35:37+00:00","og_image":[{"width":2000,"height":2000,"url":"https:\/\/i0.wp.com\/truusk.se\/wp-content\/uploads\/2026\/01\/mini-vaxthus-3-vaningar-6-tradhyllor-2-oppningar-plastduk-gron-1.webp?fit=2000%2C2000&ssl=1","type":"image\/webp"}],"twitter_card":"summary_large_image","twitter_misc":{"Ber\u00e4knad l\u00e4stid":"1 minut"},"schema":{"@context":"https:\/\/schema.org","@graph":[{"@type":"WebPage","@id":"https:\/\/truusk.store\/sv\/produkt\/truusk-mini-vaxthus-3-vaningar-6-tradhyllor-2-oppningar-plastduk-gron\/","url":"https:\/\/truusk.store\/sv\/produkt\/truusk-mini-vaxthus-3-vaningar-6-tradhyllor-2-oppningar-plastduk-gron\/","name":"TRUUSK Mini-v\u00e4xthus - 3 v\u00e5ningar - 6 tr\u00e5dhyllor - 2 \u00f6ppningar - Plastduk - Gr\u00f6n - TRUUSK - Hem, Tr\u00e4dg\u00e5rd &amp; Fritid","isPartOf":{"@id":"https:\/\/truusk.store\/sv\/#website"},"primaryImageOfPage":{"@id":"https:\/\/truusk.store\/sv\/produkt\/truusk-mini-vaxthus-3-vaningar-6-tradhyllor-2-oppningar-plastduk-gron\/#primaryimage"},"image":{"@id":"https:\/\/truusk.store\/sv\/produkt\/truusk-mini-vaxthus-3-vaningar-6-tradhyllor-2-oppningar-plastduk-gron\/#primaryimage"},"thumbnailUrl":"https:\/\/i0.wp.com\/truusk.store\/wp-content\/uploads\/2026\/01\/mini-vaxthus-3-vaningar-6-tradhyllor-2-oppningar-plastduk-gron-1.webp?fit=2000%2C2000&ssl=1","datePublished":"2026-01-06T11:43:01+00:00","dateModified":"2026-03-12T08:35:37+00:00","breadcrumb":{"@id":"https:\/\/truusk.store\/sv\/produkt\/truusk-mini-vaxthus-3-vaningar-6-tradhyllor-2-oppningar-plastduk-gron\/#breadcrumb"},"inLanguage":"sv-SE","potentialAction":[{"@type":"ReadAction","target":["https:\/\/truusk.store\/sv\/produkt\/truusk-mini-vaxthus-3-vaningar-6-tradhyllor-2-oppningar-plastduk-gron\/"]}]},{"@type":"ImageObject","inLanguage":"sv-SE","@id":"https:\/\/truusk.store\/sv\/produkt\/truusk-mini-vaxthus-3-vaningar-6-tradhyllor-2-oppningar-plastduk-gron\/#primaryimage","url":"https:\/\/i0.wp.com\/truusk.store\/wp-content\/uploads\/2026\/01\/mini-vaxthus-3-vaningar-6-tradhyllor-2-oppningar-plastduk-gron-1.webp?fit=2000%2C2000&ssl=1","contentUrl":"https:\/\/i0.wp.com\/truusk.store\/wp-content\/uploads\/2026\/01\/mini-vaxthus-3-vaningar-6-tradhyllor-2-oppningar-plastduk-gron-1.webp?fit=2000%2C2000&ssl=1","width":2000,"height":2000},{"@type":"BreadcrumbList","@id":"https:\/\/truusk.store\/sv\/produkt\/truusk-mini-vaxthus-3-vaningar-6-tradhyllor-2-oppningar-plastduk-gron\/#breadcrumb","itemListElement":[{"@type":"ListItem","position":1,"name":"Home","item":"https:\/\/truusk.store\/sv\/"},{"@type":"ListItem","position":2,"name":"Shop","item":"https:\/\/truusk.store\/shop\/"},{"@type":"ListItem","position":3,"name":"TRUUSK Mini-v\u00e4xthus &#8211; 3 v\u00e5ningar &#8211; 6 tr\u00e5dhyllor &#8211; 2 \u00f6ppningar &#8211; Plastduk &#8211; Gr\u00f6n"}]},{"@type":"WebSite","@id":"https:\/\/truusk.store\/sv\/#website","url":"https:\/\/truusk.store\/sv\/","name":"TRUUSK - Hem, Tr\u00e4dg\u00e5rd & Fritid","description":"","publisher":{"@id":"https:\/\/truusk.store\/sv\/#organization"},"potentialAction":[{"@type":"SearchAction","target":{"@type":"EntryPoint","urlTemplate":"https:\/\/truusk.store\/sv\/?s={search_term_string}"},"query-input":{"@type":"PropertyValueSpecification","valueRequired":true,"valueName":"search_term_string"}}],"inLanguage":"sv-SE"},{"@type":"Organization","@id":"https:\/\/truusk.store\/sv\/#organization","name":"TRUUSK - Hem, Tr\u00e4dg\u00e5rd & Fritid","url":"https:\/\/truusk.store\/sv\/","logo":{"@type":"ImageObject","inLanguage":"sv-SE","@id":"https:\/\/truusk.store\/sv\/#\/schema\/logo\/image\/","url":"https:\/\/i0.wp.com\/truusk.store\/wp-content\/uploads\/2026\/03\/cropped-TRUUSK.png?fit=2032%2C917&ssl=1","contentUrl":"https:\/\/i0.wp.com\/truusk.store\/wp-content\/uploads\/2026\/03\/cropped-TRUUSK.png?fit=2032%2C917&ssl=1","width":2032,"height":917,"caption":"TRUUSK - Hem, Tr\u00e4dg\u00e5rd & Fritid"},"image":{"@id":"https:\/\/truusk.store\/sv\/#\/schema\/logo\/image\/"}}]}},"jetpack_sharing_enabled":true,"_links":{"self":[{"href":"https:\/\/truusk.store\/sv\/wp-json\/wp\/v2\/product\/98441","targetHints":{"allow":["GET"]}}],"collection":[{"href":"https:\/\/truusk.store\/sv\/wp-json\/wp\/v2\/product"}],"about":[{"href":"https:\/\/truusk.store\/sv\/wp-json\/wp\/v2\/types\/product"}],"wp:featuredmedia":[{"embeddable":true,"href":"https:\/\/truusk.store\/sv\/wp-json\/wp\/v2\/media\/98430"}],"wp:attachment":[{"href":"https:\/\/truusk.store\/sv\/wp-json\/wp\/v2\/media?parent=98441"}],"wp:term":[{"taxonomy":"product_brand","embeddable":true,"href":"https:\/\/truusk.store\/sv\/wp-json\/wp\/v2\/product_brand?post=98441"},{"taxonomy":"product_cat","embeddable":true,"href":"https:\/\/truusk.store\/sv\/wp-json\/wp\/v2\/product_cat?post=98441"},{"taxonomy":"product_tag","embeddable":true,"href":"https:\/\/truusk.store\/sv\/wp-json\/wp\/v2\/product_tag?post=98441"}],"curies":[{"name":"wp","href":"https:\/\/api.w.org\/{rel}","templated":true}]}}