{"id":98459,"date":"2026-01-06T12:45:03","date_gmt":"2026-01-06T11:45:03","guid":{"rendered":"https:\/\/truusk.store\/product\/skoldpaddshus-reptillada-med-2-rum-lock-plastskalar-fonster-tra-gra\/"},"modified":"2026-03-12T09:37:10","modified_gmt":"2026-03-12T08:37:10","slug":"truusk-skoldpaddshus-reptillada-med-2-rum-lock-plastskalar-fonster-tra-gra","status":"publish","type":"product","link":"https:\/\/truusk.store\/sv\/produkt\/truusk-skoldpaddshus-reptillada-med-2-rum-lock-plastskalar-fonster-tra-gra\/","title":{"rendered":"TRUUSK Sk\u00f6ldpaddshus &#8211; Reptill\u00e5da med 2 rum &#8211; Lock &#8211; Plastsk\u00e5lar &#8211; F\u00f6nster &#8211; Tr\u00e4 &#8211; Gr\u00e5"},"content":{"rendered":"<p>Uppt\u00e4ck [BRAND NAME] sk\u00f6ldpaddshus med tv\u00e5 rum &#8211; en perfekt livsmilj\u00f6 f\u00f6r reptiler. Sk\u00f6ldpaddsbur ger ett gener\u00f6st boendeomr\u00e5de och en stor l\u00f6pplats, perfekt f\u00f6r att str\u00f6va omkring och sola. Med den tr\u00e4iga lampinnehavaren kan du enkelt st\u00e4lla in den optimala temperaturen. Tack vare den dubbla utdragbara brickan och det \u00f6ppningsbara locket \u00e4r reng\u00f6ringen lekande l\u00e4tt, vilket underl\u00e4ttar sk\u00f6tseln av dina husdjur.<\/p>\n<p>Beskrivning:<\/p>\n<ul>\n<li> En inbyggd g\u00f6mst\u00e4lle och solomr\u00e5de<\/li>\n<li> Med en tr\u00e4ig lampinnehavare kan du l\u00e4gga till en v\u00e4rmelampa f\u00f6r att n\u00e5 r\u00e4tt temperatur<\/li>\n<li> Tv\u00e5 \u00f6ppningsbara lock, genom vilka du l\u00e4tt kan f\u00e5 tillg\u00e5ng till dina husdjur. L\u00e5s inkluderade f\u00f6r att h\u00e5lla dem s\u00e4kert inuti vid behov<\/li>\n<li> Dubbla plastbrickor f\u00f6r insamling av str\u00f6, underl\u00e4ttar reng\u00f6ring<\/li>\n<li> N\u00e4ttr\u00e5d f\u00f6r luftcirkulation och njutning av solljus<\/li>\n<li> Akrylf\u00f6nster f\u00f6r att observera husdjuren<\/li>\n<li> Tr\u00e4struktur, vattent\u00e4t lackbehandling<\/li>\n<li> Montering kr\u00e4vs<\/li>\n<\/ul>\n<p> Tekniska data:<\/p>\n<ul>\n<li> F\u00e4rg: Gr\u00e5+Vit<\/li>\n<li> Material: Grantr\u00e4, st\u00e5l, akryl<\/li>\n<li> Totala dimensioner: 81L x 48B x 31,5H cm<\/li>\n<li> Huvudhus: 30L x 44B x 28H cm<\/li>\n<li> Yta huvudhus: 0,13 m\u00b2<\/li>\n<li> L\u00f6pbur: 44,5L x 44B x 28H cm<\/li>\n<li> Yta l\u00f6pbur: 0,19 m\u00b2<\/li>\n<li> Innerd\u00f6rr: 16B x 22,5H cm<\/li>\n<li> Plastbricka: 46,5B x 43,5T cm, 32B x 43,5T cm<\/li>\n<li> Lampinnehavare: 25L x 4,5B x 26H cm<\/li>\n<\/ul>\n<p>Leverans inneh\u00e5ller:<\/p>\n<ul>\n<li> 1 x Sk\u00f6ldpaddshus<\/li>\n<li> 1 x Bruksanvisning<\/li>\n<\/ul>\n","protected":false},"excerpt":{"rendered":"<p>Uppt\u00e4ck [BRAND NAME] sk\u00f6ldpaddshus med tv\u00e5 rum &#8211; en perfekt livsmilj\u00f6 f\u00f6r reptiler. Sk\u00f6ldpaddsbur ger ett gener\u00f6st boendeomr\u00e5de och en&#8230;<\/p>\n","protected":false},"featured_media":98450,"template":"","meta":[],"product_brand":[],"product_cat":[878,599,597],"product_tag":[],"class_list":{"0":"post-98459","1":"product","2":"type-product","3":"status-publish","4":"has-post-thumbnail","6":"product_cat-djurbehov","7":"product_cat-sma-djurburar","8":"product_cat-sma-djurtillbehor","10":"first","11":"instock","12":"sale","13":"taxable","14":"shipping-taxable","15":"purchasable","16":"product-type-simple"},"yoast_head":"<!-- This site is optimized with the Yoast SEO plugin v25.4 - https:\/\/yoast.com\/wordpress\/plugins\/seo\/ -->\n<title>TRUUSK Sk\u00f6ldpaddshus - Reptill\u00e5da med 2 rum - Lock - Plastsk\u00e5lar - F\u00f6nster - Tr\u00e4 - Gr\u00e5 - TRUUSK - Hem, Tr\u00e4dg\u00e5rd &amp; Fritid<\/title>\n<meta name=\"robots\" content=\"index, follow, max-snippet:-1, max-image-preview:large, max-video-preview:-1\" \/>\n<link rel=\"canonical\" href=\"https:\/\/truusk.store\/sv\/produkt\/truusk-skoldpaddshus-reptillada-med-2-rum-lock-plastskalar-fonster-tra-gra\/\" \/>\n<meta property=\"og:locale\" content=\"sv_SE\" \/>\n<meta property=\"og:type\" content=\"article\" \/>\n<meta property=\"og:title\" content=\"TRUUSK Sk\u00f6ldpaddshus - Reptill\u00e5da med 2 rum - Lock - Plastsk\u00e5lar - F\u00f6nster - Tr\u00e4 - Gr\u00e5 - TRUUSK - Hem, Tr\u00e4dg\u00e5rd &amp; Fritid\" \/>\n<meta property=\"og:description\" content=\"Uppt\u00e4ck [BRAND NAME] sk\u00f6ldpaddshus med tv\u00e5 rum &#8211; en perfekt livsmilj\u00f6 f\u00f6r reptiler. Sk\u00f6ldpaddsbur ger ett gener\u00f6st boendeomr\u00e5de och en...\" \/>\n<meta property=\"og:url\" content=\"https:\/\/truusk.store\/sv\/produkt\/truusk-skoldpaddshus-reptillada-med-2-rum-lock-plastskalar-fonster-tra-gra\/\" \/>\n<meta property=\"og:site_name\" content=\"TRUUSK - Hem, Tr\u00e4dg\u00e5rd &amp; Fritid\" \/>\n<meta property=\"article:modified_time\" content=\"2026-03-12T08:37:10+00:00\" \/>\n<meta property=\"og:image\" content=\"https:\/\/i0.wp.com\/truusk.se\/wp-content\/uploads\/2026\/01\/skoldpaddshus-reptillada-med-2-rum-lock-plastskalar-fonster-tra-gra-1.webp?fit=2000%2C2000&ssl=1\" \/>\n\t<meta property=\"og:image:width\" content=\"2000\" \/>\n\t<meta property=\"og:image:height\" content=\"2000\" \/>\n\t<meta property=\"og:image:type\" content=\"image\/webp\" \/>\n<meta name=\"twitter:card\" content=\"summary_large_image\" \/>\n<meta name=\"twitter:label1\" content=\"Ber\u00e4knad l\u00e4stid\" \/>\n\t<meta name=\"twitter:data1\" content=\"1 minut\" \/>\n<!-- \/ Yoast SEO plugin. -->","yoast_head_json":{"title":"TRUUSK Sk\u00f6ldpaddshus - Reptill\u00e5da med 2 rum - Lock - Plastsk\u00e5lar - F\u00f6nster - Tr\u00e4 - Gr\u00e5 - TRUUSK - Hem, Tr\u00e4dg\u00e5rd &amp; Fritid","robots":{"index":"index","follow":"follow","max-snippet":"max-snippet:-1","max-image-preview":"max-image-preview:large","max-video-preview":"max-video-preview:-1"},"canonical":"https:\/\/truusk.store\/sv\/produkt\/truusk-skoldpaddshus-reptillada-med-2-rum-lock-plastskalar-fonster-tra-gra\/","og_locale":"sv_SE","og_type":"article","og_title":"TRUUSK Sk\u00f6ldpaddshus - Reptill\u00e5da med 2 rum - Lock - Plastsk\u00e5lar - F\u00f6nster - Tr\u00e4 - Gr\u00e5 - TRUUSK - Hem, Tr\u00e4dg\u00e5rd &amp; Fritid","og_description":"Uppt\u00e4ck [BRAND NAME] sk\u00f6ldpaddshus med tv\u00e5 rum &#8211; en perfekt livsmilj\u00f6 f\u00f6r reptiler. Sk\u00f6ldpaddsbur ger ett gener\u00f6st boendeomr\u00e5de och en...","og_url":"https:\/\/truusk.store\/sv\/produkt\/truusk-skoldpaddshus-reptillada-med-2-rum-lock-plastskalar-fonster-tra-gra\/","og_site_name":"TRUUSK - Hem, Tr\u00e4dg\u00e5rd &amp; Fritid","article_modified_time":"2026-03-12T08:37:10+00:00","og_image":[{"width":2000,"height":2000,"url":"https:\/\/i0.wp.com\/truusk.se\/wp-content\/uploads\/2026\/01\/skoldpaddshus-reptillada-med-2-rum-lock-plastskalar-fonster-tra-gra-1.webp?fit=2000%2C2000&ssl=1","type":"image\/webp"}],"twitter_card":"summary_large_image","twitter_misc":{"Ber\u00e4knad l\u00e4stid":"1 minut"},"schema":{"@context":"https:\/\/schema.org","@graph":[{"@type":"WebPage","@id":"https:\/\/truusk.store\/sv\/produkt\/truusk-skoldpaddshus-reptillada-med-2-rum-lock-plastskalar-fonster-tra-gra\/","url":"https:\/\/truusk.store\/sv\/produkt\/truusk-skoldpaddshus-reptillada-med-2-rum-lock-plastskalar-fonster-tra-gra\/","name":"TRUUSK Sk\u00f6ldpaddshus - Reptill\u00e5da med 2 rum - Lock - Plastsk\u00e5lar - F\u00f6nster - Tr\u00e4 - Gr\u00e5 - TRUUSK - Hem, Tr\u00e4dg\u00e5rd &amp; Fritid","isPartOf":{"@id":"https:\/\/truusk.store\/sv\/#website"},"primaryImageOfPage":{"@id":"https:\/\/truusk.store\/sv\/produkt\/truusk-skoldpaddshus-reptillada-med-2-rum-lock-plastskalar-fonster-tra-gra\/#primaryimage"},"image":{"@id":"https:\/\/truusk.store\/sv\/produkt\/truusk-skoldpaddshus-reptillada-med-2-rum-lock-plastskalar-fonster-tra-gra\/#primaryimage"},"thumbnailUrl":"https:\/\/i0.wp.com\/truusk.store\/wp-content\/uploads\/2026\/01\/skoldpaddshus-reptillada-med-2-rum-lock-plastskalar-fonster-tra-gra-1.webp?fit=2000%2C2000&ssl=1","datePublished":"2026-01-06T11:45:03+00:00","dateModified":"2026-03-12T08:37:10+00:00","breadcrumb":{"@id":"https:\/\/truusk.store\/sv\/produkt\/truusk-skoldpaddshus-reptillada-med-2-rum-lock-plastskalar-fonster-tra-gra\/#breadcrumb"},"inLanguage":"sv-SE","potentialAction":[{"@type":"ReadAction","target":["https:\/\/truusk.store\/sv\/produkt\/truusk-skoldpaddshus-reptillada-med-2-rum-lock-plastskalar-fonster-tra-gra\/"]}]},{"@type":"ImageObject","inLanguage":"sv-SE","@id":"https:\/\/truusk.store\/sv\/produkt\/truusk-skoldpaddshus-reptillada-med-2-rum-lock-plastskalar-fonster-tra-gra\/#primaryimage","url":"https:\/\/i0.wp.com\/truusk.store\/wp-content\/uploads\/2026\/01\/skoldpaddshus-reptillada-med-2-rum-lock-plastskalar-fonster-tra-gra-1.webp?fit=2000%2C2000&ssl=1","contentUrl":"https:\/\/i0.wp.com\/truusk.store\/wp-content\/uploads\/2026\/01\/skoldpaddshus-reptillada-med-2-rum-lock-plastskalar-fonster-tra-gra-1.webp?fit=2000%2C2000&ssl=1","width":2000,"height":2000},{"@type":"BreadcrumbList","@id":"https:\/\/truusk.store\/sv\/produkt\/truusk-skoldpaddshus-reptillada-med-2-rum-lock-plastskalar-fonster-tra-gra\/#breadcrumb","itemListElement":[{"@type":"ListItem","position":1,"name":"Home","item":"https:\/\/truusk.store\/sv\/"},{"@type":"ListItem","position":2,"name":"Shop","item":"https:\/\/truusk.store\/shop\/"},{"@type":"ListItem","position":3,"name":"TRUUSK Sk\u00f6ldpaddshus &#8211; Reptill\u00e5da med 2 rum &#8211; Lock &#8211; Plastsk\u00e5lar &#8211; F\u00f6nster &#8211; Tr\u00e4 &#8211; Gr\u00e5"}]},{"@type":"WebSite","@id":"https:\/\/truusk.store\/sv\/#website","url":"https:\/\/truusk.store\/sv\/","name":"TRUUSK - Hem, Tr\u00e4dg\u00e5rd & Fritid","description":"","publisher":{"@id":"https:\/\/truusk.store\/sv\/#organization"},"potentialAction":[{"@type":"SearchAction","target":{"@type":"EntryPoint","urlTemplate":"https:\/\/truusk.store\/sv\/?s={search_term_string}"},"query-input":{"@type":"PropertyValueSpecification","valueRequired":true,"valueName":"search_term_string"}}],"inLanguage":"sv-SE"},{"@type":"Organization","@id":"https:\/\/truusk.store\/sv\/#organization","name":"TRUUSK - Hem, Tr\u00e4dg\u00e5rd & Fritid","url":"https:\/\/truusk.store\/sv\/","logo":{"@type":"ImageObject","inLanguage":"sv-SE","@id":"https:\/\/truusk.store\/sv\/#\/schema\/logo\/image\/","url":"https:\/\/i0.wp.com\/truusk.store\/wp-content\/uploads\/2026\/03\/cropped-TRUUSK.png?fit=2032%2C917&ssl=1","contentUrl":"https:\/\/i0.wp.com\/truusk.store\/wp-content\/uploads\/2026\/03\/cropped-TRUUSK.png?fit=2032%2C917&ssl=1","width":2032,"height":917,"caption":"TRUUSK - Hem, Tr\u00e4dg\u00e5rd & Fritid"},"image":{"@id":"https:\/\/truusk.store\/sv\/#\/schema\/logo\/image\/"}}]}},"jetpack_sharing_enabled":true,"_links":{"self":[{"href":"https:\/\/truusk.store\/sv\/wp-json\/wp\/v2\/product\/98459","targetHints":{"allow":["GET"]}}],"collection":[{"href":"https:\/\/truusk.store\/sv\/wp-json\/wp\/v2\/product"}],"about":[{"href":"https:\/\/truusk.store\/sv\/wp-json\/wp\/v2\/types\/product"}],"wp:featuredmedia":[{"embeddable":true,"href":"https:\/\/truusk.store\/sv\/wp-json\/wp\/v2\/media\/98450"}],"wp:attachment":[{"href":"https:\/\/truusk.store\/sv\/wp-json\/wp\/v2\/media?parent=98459"}],"wp:term":[{"taxonomy":"product_brand","embeddable":true,"href":"https:\/\/truusk.store\/sv\/wp-json\/wp\/v2\/product_brand?post=98459"},{"taxonomy":"product_cat","embeddable":true,"href":"https:\/\/truusk.store\/sv\/wp-json\/wp\/v2\/product_cat?post=98459"},{"taxonomy":"product_tag","embeddable":true,"href":"https:\/\/truusk.store\/sv\/wp-json\/wp\/v2\/product_tag?post=98459"}],"curies":[{"name":"wp","href":"https:\/\/api.w.org\/{rel}","templated":true}]}}