{"id":9849,"date":"2024-02-13T09:56:29","date_gmt":"2024-02-13T08:56:29","guid":{"rendered":"https:\/\/truusk.store\/product\/enkelstol-relaxstol-vingstol-enkelstol-accentstol-med-tuftat-tra-polyester-brun-74-x-86-x-102-cm\/"},"modified":"2026-03-12T08:56:16","modified_gmt":"2026-03-12T07:56:16","slug":"truusk-enkelstol-med-tuftad-tra-polyester-brun-74-x-86-x-102-cm","status":"publish","type":"product","link":"https:\/\/truusk.store\/sv\/produkt\/truusk-enkelstol-med-tuftad-tra-polyester-brun-74-x-86-x-102-cm\/","title":{"rendered":"TRUUSK Enkelstol med Tuftad Tr\u00e4 &#8211; Polyester &#8211; Brun &#8211; 74 x 86 x 102 cm"},"content":{"rendered":"<p>Denna eleganta vingstol kommer att l\u00e4gga stil och charm till ditt vardagsrum. S\u00e4rskilt vackert: ryggst\u00f6det med eleganta knapps\u00f6mmar. De polerade tr\u00e4benen har eleganta kurvor. Anv\u00e4nd den bekv\u00e4ma, v\u00e4l vadderade f\u00e5t\u00f6ljen som en mysig l\u00e4sstol eller som en accentstol. Det h\u00f6gkvalitativa utf\u00f6randet s\u00e4kerst\u00e4ller att du kommer att njuta av det under l\u00e5ng tid. Sits\u00f6verdraget kan tas av och tv\u00e4ttas.<\/p>\n<h3>Beskrivning:<\/h3>\n<ul>\n<li>Vingstol f\u00f6r vardagsrum, kontor, sovrum mm.<\/li>\n<li>Fina knapps\u00f6mmar p\u00e5 ryggst\u00f6det<\/li>\n<li>Tjockt vadderad, stor sits och ryggst\u00f6d f\u00f6r h\u00f6g komfort<\/li>\n<li>Avtagbart och tv\u00e4ttbart kl\u00e4dsel\u00f6verdrag<\/li>\n<li>4 snygga och lackerade tr\u00e4ben med golvskydd<\/li>\n<li>Utm\u00e4rkt f\u00f6r att l\u00e4sa och koppla av<\/li>\n<li>Enkel konstruktion<\/li>\n<\/ul>\n<h3>Teknisk data:<\/h3>\n<ul>\n<li>Material: polyester, tr\u00e4, skum<\/li>\n<li>F\u00e4rg brun<\/li>\n<li>\u00d6vergripande m\u00e5tt: B74 x D86 x H102 cm<\/li>\n<li>Sitsstorlek: B48,5 x D53 cm<\/li>\n<li>Sitth\u00f6jd: 47 cm<\/li>\n<li>Ryggst\u00f6dsm\u00e5tt: B67 x H68 cm x D15 cm<\/li>\n<li>Max lastkapacitet: 160 kg<\/li>\n<\/ul>\n<h3>Leveransens omfattning:<\/h3>\n<ul>\n<li>1 x Enkelstol<\/li>\n<li>1 x Monteringsanvisning<\/li>\n<li>VIKTIGT: Vi levererar varan till trottoarkanten utan kostnad. Se till att du anger r\u00e4tt adress och telefonnummer.<\/li>\n<\/ul>\n","protected":false},"excerpt":{"rendered":"<p>Denna eleganta vingstol kommer att l\u00e4gga stil och charm till ditt vardagsrum. S\u00e4rskilt vackert: ryggst\u00f6det med eleganta knapps\u00f6mmar. De polerade&#8230;<\/p>\n","protected":false},"featured_media":9850,"template":"","meta":[],"product_brand":[],"product_cat":[527,521,485],"product_tag":[],"class_list":{"0":"post-9849","1":"product","2":"type-product","3":"status-publish","4":"has-post-thumbnail","6":"product_cat-cocktailstol","7":"product_cat-fatolj","8":"product_cat-hus-bo","10":"first","11":"instock","12":"sale","13":"taxable","14":"shipping-taxable","15":"purchasable","16":"product-type-simple"},"yoast_head":"<!-- This site is optimized with the Yoast SEO plugin v25.4 - https:\/\/yoast.com\/wordpress\/plugins\/seo\/ -->\n<title>TRUUSK Enkelstol med Tuftad Tr\u00e4 - Polyester - Brun - 74 x 86 x 102 cm - TRUUSK - Hem, Tr\u00e4dg\u00e5rd &amp; Fritid<\/title>\n<meta name=\"robots\" content=\"index, follow, max-snippet:-1, max-image-preview:large, max-video-preview:-1\" \/>\n<link rel=\"canonical\" href=\"https:\/\/truusk.store\/sv\/produkt\/truusk-enkelstol-med-tuftad-tra-polyester-brun-74-x-86-x-102-cm\/\" \/>\n<meta property=\"og:locale\" content=\"sv_SE\" \/>\n<meta property=\"og:type\" content=\"article\" \/>\n<meta property=\"og:title\" content=\"TRUUSK Enkelstol med Tuftad Tr\u00e4 - Polyester - Brun - 74 x 86 x 102 cm - TRUUSK - Hem, Tr\u00e4dg\u00e5rd &amp; Fritid\" \/>\n<meta property=\"og:description\" content=\"Denna eleganta vingstol kommer att l\u00e4gga stil och charm till ditt vardagsrum. S\u00e4rskilt vackert: ryggst\u00f6det med eleganta knapps\u00f6mmar. De polerade...\" \/>\n<meta property=\"og:url\" content=\"https:\/\/truusk.store\/sv\/produkt\/truusk-enkelstol-med-tuftad-tra-polyester-brun-74-x-86-x-102-cm\/\" \/>\n<meta property=\"og:site_name\" content=\"TRUUSK - Hem, Tr\u00e4dg\u00e5rd &amp; Fritid\" \/>\n<meta property=\"article:modified_time\" content=\"2026-03-12T07:56:16+00:00\" \/>\n<meta property=\"og:image\" content=\"https:\/\/i0.wp.com\/truusk.se\/wp-content\/uploads\/2024\/02\/enkelstol-relaxstol-vingstol-enkelstol-accentstol-med-tuftat-tra-polyester-brun-74-x-86-x-102-cm.webp?fit=800%2C800&ssl=1\" \/>\n\t<meta property=\"og:image:width\" content=\"800\" \/>\n\t<meta property=\"og:image:height\" content=\"800\" \/>\n\t<meta property=\"og:image:type\" content=\"image\/webp\" \/>\n<meta name=\"twitter:card\" content=\"summary_large_image\" \/>\n<meta name=\"twitter:label1\" content=\"Ber\u00e4knad l\u00e4stid\" \/>\n\t<meta name=\"twitter:data1\" content=\"1 minut\" \/>\n<!-- \/ Yoast SEO plugin. -->","yoast_head_json":{"title":"TRUUSK Enkelstol med Tuftad Tr\u00e4 - Polyester - Brun - 74 x 86 x 102 cm - TRUUSK - Hem, Tr\u00e4dg\u00e5rd &amp; Fritid","robots":{"index":"index","follow":"follow","max-snippet":"max-snippet:-1","max-image-preview":"max-image-preview:large","max-video-preview":"max-video-preview:-1"},"canonical":"https:\/\/truusk.store\/sv\/produkt\/truusk-enkelstol-med-tuftad-tra-polyester-brun-74-x-86-x-102-cm\/","og_locale":"sv_SE","og_type":"article","og_title":"TRUUSK Enkelstol med Tuftad Tr\u00e4 - Polyester - Brun - 74 x 86 x 102 cm - TRUUSK - Hem, Tr\u00e4dg\u00e5rd &amp; Fritid","og_description":"Denna eleganta vingstol kommer att l\u00e4gga stil och charm till ditt vardagsrum. S\u00e4rskilt vackert: ryggst\u00f6det med eleganta knapps\u00f6mmar. De polerade...","og_url":"https:\/\/truusk.store\/sv\/produkt\/truusk-enkelstol-med-tuftad-tra-polyester-brun-74-x-86-x-102-cm\/","og_site_name":"TRUUSK - Hem, Tr\u00e4dg\u00e5rd &amp; Fritid","article_modified_time":"2026-03-12T07:56:16+00:00","og_image":[{"width":800,"height":800,"url":"https:\/\/i0.wp.com\/truusk.se\/wp-content\/uploads\/2024\/02\/enkelstol-relaxstol-vingstol-enkelstol-accentstol-med-tuftat-tra-polyester-brun-74-x-86-x-102-cm.webp?fit=800%2C800&ssl=1","type":"image\/webp"}],"twitter_card":"summary_large_image","twitter_misc":{"Ber\u00e4knad l\u00e4stid":"1 minut"},"schema":{"@context":"https:\/\/schema.org","@graph":[{"@type":"WebPage","@id":"https:\/\/truusk.store\/sv\/produkt\/truusk-enkelstol-med-tuftad-tra-polyester-brun-74-x-86-x-102-cm\/","url":"https:\/\/truusk.store\/sv\/produkt\/truusk-enkelstol-med-tuftad-tra-polyester-brun-74-x-86-x-102-cm\/","name":"TRUUSK Enkelstol med Tuftad Tr\u00e4 - Polyester - Brun - 74 x 86 x 102 cm - TRUUSK - Hem, Tr\u00e4dg\u00e5rd &amp; Fritid","isPartOf":{"@id":"https:\/\/truusk.store\/sv\/#website"},"primaryImageOfPage":{"@id":"https:\/\/truusk.store\/sv\/produkt\/truusk-enkelstol-med-tuftad-tra-polyester-brun-74-x-86-x-102-cm\/#primaryimage"},"image":{"@id":"https:\/\/truusk.store\/sv\/produkt\/truusk-enkelstol-med-tuftad-tra-polyester-brun-74-x-86-x-102-cm\/#primaryimage"},"thumbnailUrl":"https:\/\/i0.wp.com\/truusk.store\/wp-content\/uploads\/2024\/02\/enkelstol-relaxstol-vingstol-enkelstol-accentstol-med-tuftat-tra-polyester-brun-74-x-86-x-102-cm.webp?fit=800%2C800&ssl=1","datePublished":"2024-02-13T08:56:29+00:00","dateModified":"2026-03-12T07:56:16+00:00","breadcrumb":{"@id":"https:\/\/truusk.store\/sv\/produkt\/truusk-enkelstol-med-tuftad-tra-polyester-brun-74-x-86-x-102-cm\/#breadcrumb"},"inLanguage":"sv-SE","potentialAction":[{"@type":"ReadAction","target":["https:\/\/truusk.store\/sv\/produkt\/truusk-enkelstol-med-tuftad-tra-polyester-brun-74-x-86-x-102-cm\/"]}]},{"@type":"ImageObject","inLanguage":"sv-SE","@id":"https:\/\/truusk.store\/sv\/produkt\/truusk-enkelstol-med-tuftad-tra-polyester-brun-74-x-86-x-102-cm\/#primaryimage","url":"https:\/\/i0.wp.com\/truusk.store\/wp-content\/uploads\/2024\/02\/enkelstol-relaxstol-vingstol-enkelstol-accentstol-med-tuftat-tra-polyester-brun-74-x-86-x-102-cm.webp?fit=800%2C800&ssl=1","contentUrl":"https:\/\/i0.wp.com\/truusk.store\/wp-content\/uploads\/2024\/02\/enkelstol-relaxstol-vingstol-enkelstol-accentstol-med-tuftat-tra-polyester-brun-74-x-86-x-102-cm.webp?fit=800%2C800&ssl=1","width":800,"height":800,"caption":"Enkelstol, Relaxstol, Vingstol, Enkelstol, Accentstol Med Tuftat Tr\u00e4, Polyester, Brun, 74 X 86 X 102 Cm 1"},{"@type":"BreadcrumbList","@id":"https:\/\/truusk.store\/sv\/produkt\/truusk-enkelstol-med-tuftad-tra-polyester-brun-74-x-86-x-102-cm\/#breadcrumb","itemListElement":[{"@type":"ListItem","position":1,"name":"Home","item":"https:\/\/truusk.store\/sv\/"},{"@type":"ListItem","position":2,"name":"Shop","item":"https:\/\/truusk.store\/shop\/"},{"@type":"ListItem","position":3,"name":"TRUUSK Enkelstol med Tuftad Tr\u00e4 &#8211; Polyester &#8211; Brun &#8211; 74 x 86 x 102 cm"}]},{"@type":"WebSite","@id":"https:\/\/truusk.store\/sv\/#website","url":"https:\/\/truusk.store\/sv\/","name":"TRUUSK - Hem, Tr\u00e4dg\u00e5rd & Fritid","description":"","publisher":{"@id":"https:\/\/truusk.store\/sv\/#organization"},"potentialAction":[{"@type":"SearchAction","target":{"@type":"EntryPoint","urlTemplate":"https:\/\/truusk.store\/sv\/?s={search_term_string}"},"query-input":{"@type":"PropertyValueSpecification","valueRequired":true,"valueName":"search_term_string"}}],"inLanguage":"sv-SE"},{"@type":"Organization","@id":"https:\/\/truusk.store\/sv\/#organization","name":"TRUUSK - Hem, Tr\u00e4dg\u00e5rd & Fritid","url":"https:\/\/truusk.store\/sv\/","logo":{"@type":"ImageObject","inLanguage":"sv-SE","@id":"https:\/\/truusk.store\/sv\/#\/schema\/logo\/image\/","url":"https:\/\/i0.wp.com\/truusk.store\/wp-content\/uploads\/2026\/03\/cropped-TRUUSK.png?fit=2032%2C917&ssl=1","contentUrl":"https:\/\/i0.wp.com\/truusk.store\/wp-content\/uploads\/2026\/03\/cropped-TRUUSK.png?fit=2032%2C917&ssl=1","width":2032,"height":917,"caption":"TRUUSK - Hem, Tr\u00e4dg\u00e5rd & Fritid"},"image":{"@id":"https:\/\/truusk.store\/sv\/#\/schema\/logo\/image\/"}}]}},"jetpack_sharing_enabled":true,"_links":{"self":[{"href":"https:\/\/truusk.store\/sv\/wp-json\/wp\/v2\/product\/9849","targetHints":{"allow":["GET"]}}],"collection":[{"href":"https:\/\/truusk.store\/sv\/wp-json\/wp\/v2\/product"}],"about":[{"href":"https:\/\/truusk.store\/sv\/wp-json\/wp\/v2\/types\/product"}],"wp:featuredmedia":[{"embeddable":true,"href":"https:\/\/truusk.store\/sv\/wp-json\/wp\/v2\/media\/9850"}],"wp:attachment":[{"href":"https:\/\/truusk.store\/sv\/wp-json\/wp\/v2\/media?parent=9849"}],"wp:term":[{"taxonomy":"product_brand","embeddable":true,"href":"https:\/\/truusk.store\/sv\/wp-json\/wp\/v2\/product_brand?post=9849"},{"taxonomy":"product_cat","embeddable":true,"href":"https:\/\/truusk.store\/sv\/wp-json\/wp\/v2\/product_cat?post=9849"},{"taxonomy":"product_tag","embeddable":true,"href":"https:\/\/truusk.store\/sv\/wp-json\/wp\/v2\/product_tag?post=9849"}],"curies":[{"name":"wp","href":"https:\/\/api.w.org\/{rel}","templated":true}]}}