{"id":98522,"date":"2026-01-06T12:51:40","date_gmt":"2026-01-06T11:51:40","guid":{"rendered":"https:\/\/truusk.store\/product\/avkopplingsstol-i-skandinavisk-design-liggstol-lasstol-inkl-kudde-med-knappfastning-svart\/"},"modified":"2026-03-12T09:42:32","modified_gmt":"2026-03-12T08:42:32","slug":"truusk-avkopplingsstol-i-skandinavisk-design-liggstol-lasstol-inkl-kudde-med-knappfastning-svart","status":"publish","type":"product","link":"https:\/\/truusk.store\/sv\/produkt\/truusk-avkopplingsstol-i-skandinavisk-design-liggstol-lasstol-inkl-kudde-med-knappfastning-svart\/","title":{"rendered":"TRUUSK Avkopplingsstol i Skandinavisk Design &#8211; Liggstol &#8211; L\u00e4sstol &#8211; Inkl. Kudde med Knappf\u00e4stning &#8211; Svart"},"content":{"rendered":"<p>Uppt\u00e4ck ultimat komfort med [BRAND NAME] sovs\u00e4tesstol, som enkelt omvandlas fr\u00e5n en sitt- till en sovposition. Utrustad med en robust st\u00e5lram och en femfaldigt justerbar ryggst\u00f6d, njut av en kompromissl\u00f6st stabil och bekv\u00e4m st\u00f6d. Den gener\u00f6sa stoppningen, den sammetsmjuka tyg\u00f6verdraget och den extra kudden garanterar en exceptionell sittupplevelse. Idealisk som vardagsrumsstol p\u00e5 dagen och bekv\u00e4m g\u00e4sts\u00e4ng p\u00e5 natten.<\/p>\n<p>Beskrivning:<\/p>\n<ul>\n<li> M\u00e5ngsidig anv\u00e4ndning: Stol och g\u00e4sts\u00e4ng i ett<\/li>\n<li> Komfort tack vare en extra kudde och en mjukt stoppad sits<\/li>\n<li> Ryggst\u00f6det p\u00e5 f\u00e4llstolen kan justeras i 5 steg (100\u00b0, 120\u00b0, 140\u00b0, 160\u00b0, 180\u00b0)<\/li>\n<li> Stabil st\u00e5lram p\u00e5 sovstolen garanterar stabilitet och h\u00e5llbarhet<\/li>\n<li> L\u00e4tt att underh\u00e5lla, kudd\u00f6verdraget \u00e4r avtagbart och tv\u00e4ttbart<\/li>\n<li> Utrustad med eleganta armst\u00f6d i gummitr\u00e4<\/li>\n<li> Monteringen av produkten kr\u00e4vs<\/li>\n<\/ul>\n<p> Tekniska data:<\/p>\n<ul>\n<li> F\u00e4rg: Svart<\/li>\n<li> Material: St\u00e5l, skum, polyester, gummitr\u00e4<\/li>\n<li> Storlek p\u00e5 soffa: 63B x 73D x 81H cm<\/li>\n<li> Storlek p\u00e5 s\u00e4ng: 183B x 63D x 26H cm<\/li>\n<li> Storlek p\u00e5 soffsits: 56B x 57D x 37H cm<\/li>\n<li> Storlek p\u00e5 s\u00e4ngyta: 185B x 60D x 9H cm<\/li>\n<li> Sitsens tjocklek: 20 cm<\/li>\n<li> Storlek p\u00e5 ryggst\u00f6d: 48B x 58D x 9H cm<\/li>\n<li> Storlek p\u00e5 kudde: 61B x 40D x 11H cm<\/li>\n<li> Storlek p\u00e5 armst\u00f6d: 36B x 4D cm<\/li>\n<li> H\u00f6jd p\u00e5 armst\u00f6d: (fr\u00e5n sittplatsen) 15 cm<\/li>\n<li> B\u00e4rkapacitet: 120 kg<\/li>\n<\/ul>\n<p>Leveransinneh\u00e5ll:<\/p>\n<ul>\n<li> 1 x Soffa<\/li>\n<li> 1 x Kudde<\/li>\n<li> 1 x Instruktioner<\/li>\n<\/ul>\n","protected":false},"excerpt":{"rendered":"<p>Uppt\u00e4ck ultimat komfort med [BRAND NAME] sovs\u00e4tesstol, som enkelt omvandlas fr\u00e5n en sitt- till en sovposition. Utrustad med en robust&#8230;<\/p>\n","protected":false},"featured_media":98510,"template":"","meta":[],"product_brand":[],"product_cat":[521,871,951,910],"product_tag":[],"class_list":{"0":"post-98522","1":"product","2":"type-product","3":"status-publish","4":"has-post-thumbnail","6":"product_cat-fatolj","7":"product_cat-hus-hem","8":"product_cat-schlafsessel","9":"product_cat-vardagsrum","11":"first","12":"instock","13":"sale","14":"taxable","15":"shipping-taxable","16":"purchasable","17":"product-type-simple"},"yoast_head":"<!-- This site is optimized with the Yoast SEO plugin v25.4 - https:\/\/yoast.com\/wordpress\/plugins\/seo\/ -->\n<title>TRUUSK Avkopplingsstol i Skandinavisk Design - Liggstol - L\u00e4sstol - Inkl. Kudde med Knappf\u00e4stning - Svart - TRUUSK - Hem, Tr\u00e4dg\u00e5rd &amp; Fritid<\/title>\n<meta name=\"robots\" content=\"index, follow, max-snippet:-1, max-image-preview:large, max-video-preview:-1\" \/>\n<link rel=\"canonical\" href=\"https:\/\/truusk.store\/sv\/produkt\/truusk-avkopplingsstol-i-skandinavisk-design-liggstol-lasstol-inkl-kudde-med-knappfastning-svart\/\" \/>\n<meta property=\"og:locale\" content=\"sv_SE\" \/>\n<meta property=\"og:type\" content=\"article\" \/>\n<meta property=\"og:title\" content=\"TRUUSK Avkopplingsstol i Skandinavisk Design - Liggstol - L\u00e4sstol - Inkl. Kudde med Knappf\u00e4stning - Svart - TRUUSK - Hem, Tr\u00e4dg\u00e5rd &amp; Fritid\" \/>\n<meta property=\"og:description\" content=\"Uppt\u00e4ck ultimat komfort med [BRAND NAME] sovs\u00e4tesstol, som enkelt omvandlas fr\u00e5n en sitt- till en sovposition. Utrustad med en robust...\" \/>\n<meta property=\"og:url\" content=\"https:\/\/truusk.store\/sv\/produkt\/truusk-avkopplingsstol-i-skandinavisk-design-liggstol-lasstol-inkl-kudde-med-knappfastning-svart\/\" \/>\n<meta property=\"og:site_name\" content=\"TRUUSK - Hem, Tr\u00e4dg\u00e5rd &amp; Fritid\" \/>\n<meta property=\"article:modified_time\" content=\"2026-03-12T08:42:32+00:00\" \/>\n<meta property=\"og:image\" content=\"https:\/\/i0.wp.com\/truusk.se\/wp-content\/uploads\/2026\/01\/avkopplingsstol-i-skandinavisk-design-liggstol-lasstol-inkl-kudde-med-knappfastning-svart-1.webp?fit=2000%2C2000&ssl=1\" \/>\n\t<meta property=\"og:image:width\" content=\"2000\" \/>\n\t<meta property=\"og:image:height\" content=\"2000\" \/>\n\t<meta property=\"og:image:type\" content=\"image\/webp\" \/>\n<meta name=\"twitter:card\" content=\"summary_large_image\" \/>\n<meta name=\"twitter:label1\" content=\"Ber\u00e4knad l\u00e4stid\" \/>\n\t<meta name=\"twitter:data1\" content=\"1 minut\" \/>\n<!-- \/ Yoast SEO plugin. -->","yoast_head_json":{"title":"TRUUSK Avkopplingsstol i Skandinavisk Design - Liggstol - L\u00e4sstol - Inkl. Kudde med Knappf\u00e4stning - Svart - TRUUSK - Hem, Tr\u00e4dg\u00e5rd &amp; Fritid","robots":{"index":"index","follow":"follow","max-snippet":"max-snippet:-1","max-image-preview":"max-image-preview:large","max-video-preview":"max-video-preview:-1"},"canonical":"https:\/\/truusk.store\/sv\/produkt\/truusk-avkopplingsstol-i-skandinavisk-design-liggstol-lasstol-inkl-kudde-med-knappfastning-svart\/","og_locale":"sv_SE","og_type":"article","og_title":"TRUUSK Avkopplingsstol i Skandinavisk Design - Liggstol - L\u00e4sstol - Inkl. Kudde med Knappf\u00e4stning - Svart - TRUUSK - Hem, Tr\u00e4dg\u00e5rd &amp; Fritid","og_description":"Uppt\u00e4ck ultimat komfort med [BRAND NAME] sovs\u00e4tesstol, som enkelt omvandlas fr\u00e5n en sitt- till en sovposition. Utrustad med en robust...","og_url":"https:\/\/truusk.store\/sv\/produkt\/truusk-avkopplingsstol-i-skandinavisk-design-liggstol-lasstol-inkl-kudde-med-knappfastning-svart\/","og_site_name":"TRUUSK - Hem, Tr\u00e4dg\u00e5rd &amp; Fritid","article_modified_time":"2026-03-12T08:42:32+00:00","og_image":[{"width":2000,"height":2000,"url":"https:\/\/i0.wp.com\/truusk.se\/wp-content\/uploads\/2026\/01\/avkopplingsstol-i-skandinavisk-design-liggstol-lasstol-inkl-kudde-med-knappfastning-svart-1.webp?fit=2000%2C2000&ssl=1","type":"image\/webp"}],"twitter_card":"summary_large_image","twitter_misc":{"Ber\u00e4knad l\u00e4stid":"1 minut"},"schema":{"@context":"https:\/\/schema.org","@graph":[{"@type":"WebPage","@id":"https:\/\/truusk.store\/sv\/produkt\/truusk-avkopplingsstol-i-skandinavisk-design-liggstol-lasstol-inkl-kudde-med-knappfastning-svart\/","url":"https:\/\/truusk.store\/sv\/produkt\/truusk-avkopplingsstol-i-skandinavisk-design-liggstol-lasstol-inkl-kudde-med-knappfastning-svart\/","name":"TRUUSK Avkopplingsstol i Skandinavisk Design - Liggstol - L\u00e4sstol - Inkl. Kudde med Knappf\u00e4stning - Svart - TRUUSK - Hem, Tr\u00e4dg\u00e5rd &amp; Fritid","isPartOf":{"@id":"https:\/\/truusk.store\/sv\/#website"},"primaryImageOfPage":{"@id":"https:\/\/truusk.store\/sv\/produkt\/truusk-avkopplingsstol-i-skandinavisk-design-liggstol-lasstol-inkl-kudde-med-knappfastning-svart\/#primaryimage"},"image":{"@id":"https:\/\/truusk.store\/sv\/produkt\/truusk-avkopplingsstol-i-skandinavisk-design-liggstol-lasstol-inkl-kudde-med-knappfastning-svart\/#primaryimage"},"thumbnailUrl":"https:\/\/i0.wp.com\/truusk.store\/wp-content\/uploads\/2026\/01\/avkopplingsstol-i-skandinavisk-design-liggstol-lasstol-inkl-kudde-med-knappfastning-svart-1.webp?fit=2000%2C2000&ssl=1","datePublished":"2026-01-06T11:51:40+00:00","dateModified":"2026-03-12T08:42:32+00:00","breadcrumb":{"@id":"https:\/\/truusk.store\/sv\/produkt\/truusk-avkopplingsstol-i-skandinavisk-design-liggstol-lasstol-inkl-kudde-med-knappfastning-svart\/#breadcrumb"},"inLanguage":"sv-SE","potentialAction":[{"@type":"ReadAction","target":["https:\/\/truusk.store\/sv\/produkt\/truusk-avkopplingsstol-i-skandinavisk-design-liggstol-lasstol-inkl-kudde-med-knappfastning-svart\/"]}]},{"@type":"ImageObject","inLanguage":"sv-SE","@id":"https:\/\/truusk.store\/sv\/produkt\/truusk-avkopplingsstol-i-skandinavisk-design-liggstol-lasstol-inkl-kudde-med-knappfastning-svart\/#primaryimage","url":"https:\/\/i0.wp.com\/truusk.store\/wp-content\/uploads\/2026\/01\/avkopplingsstol-i-skandinavisk-design-liggstol-lasstol-inkl-kudde-med-knappfastning-svart-1.webp?fit=2000%2C2000&ssl=1","contentUrl":"https:\/\/i0.wp.com\/truusk.store\/wp-content\/uploads\/2026\/01\/avkopplingsstol-i-skandinavisk-design-liggstol-lasstol-inkl-kudde-med-knappfastning-svart-1.webp?fit=2000%2C2000&ssl=1","width":2000,"height":2000},{"@type":"BreadcrumbList","@id":"https:\/\/truusk.store\/sv\/produkt\/truusk-avkopplingsstol-i-skandinavisk-design-liggstol-lasstol-inkl-kudde-med-knappfastning-svart\/#breadcrumb","itemListElement":[{"@type":"ListItem","position":1,"name":"Home","item":"https:\/\/truusk.store\/sv\/"},{"@type":"ListItem","position":2,"name":"Shop","item":"https:\/\/truusk.store\/shop\/"},{"@type":"ListItem","position":3,"name":"TRUUSK Avkopplingsstol i Skandinavisk Design &#8211; Liggstol &#8211; L\u00e4sstol &#8211; Inkl. Kudde med Knappf\u00e4stning &#8211; Svart"}]},{"@type":"WebSite","@id":"https:\/\/truusk.store\/sv\/#website","url":"https:\/\/truusk.store\/sv\/","name":"TRUUSK - Hem, Tr\u00e4dg\u00e5rd & Fritid","description":"","publisher":{"@id":"https:\/\/truusk.store\/sv\/#organization"},"potentialAction":[{"@type":"SearchAction","target":{"@type":"EntryPoint","urlTemplate":"https:\/\/truusk.store\/sv\/?s={search_term_string}"},"query-input":{"@type":"PropertyValueSpecification","valueRequired":true,"valueName":"search_term_string"}}],"inLanguage":"sv-SE"},{"@type":"Organization","@id":"https:\/\/truusk.store\/sv\/#organization","name":"TRUUSK - Hem, Tr\u00e4dg\u00e5rd & Fritid","url":"https:\/\/truusk.store\/sv\/","logo":{"@type":"ImageObject","inLanguage":"sv-SE","@id":"https:\/\/truusk.store\/sv\/#\/schema\/logo\/image\/","url":"https:\/\/i0.wp.com\/truusk.store\/wp-content\/uploads\/2026\/03\/cropped-TRUUSK.png?fit=2032%2C917&ssl=1","contentUrl":"https:\/\/i0.wp.com\/truusk.store\/wp-content\/uploads\/2026\/03\/cropped-TRUUSK.png?fit=2032%2C917&ssl=1","width":2032,"height":917,"caption":"TRUUSK - Hem, Tr\u00e4dg\u00e5rd & Fritid"},"image":{"@id":"https:\/\/truusk.store\/sv\/#\/schema\/logo\/image\/"}}]}},"jetpack_sharing_enabled":true,"_links":{"self":[{"href":"https:\/\/truusk.store\/sv\/wp-json\/wp\/v2\/product\/98522","targetHints":{"allow":["GET"]}}],"collection":[{"href":"https:\/\/truusk.store\/sv\/wp-json\/wp\/v2\/product"}],"about":[{"href":"https:\/\/truusk.store\/sv\/wp-json\/wp\/v2\/types\/product"}],"wp:featuredmedia":[{"embeddable":true,"href":"https:\/\/truusk.store\/sv\/wp-json\/wp\/v2\/media\/98510"}],"wp:attachment":[{"href":"https:\/\/truusk.store\/sv\/wp-json\/wp\/v2\/media?parent=98522"}],"wp:term":[{"taxonomy":"product_brand","embeddable":true,"href":"https:\/\/truusk.store\/sv\/wp-json\/wp\/v2\/product_brand?post=98522"},{"taxonomy":"product_cat","embeddable":true,"href":"https:\/\/truusk.store\/sv\/wp-json\/wp\/v2\/product_cat?post=98522"},{"taxonomy":"product_tag","embeddable":true,"href":"https:\/\/truusk.store\/sv\/wp-json\/wp\/v2\/product_tag?post=98522"}],"curies":[{"name":"wp","href":"https:\/\/api.w.org\/{rel}","templated":true}]}}