{"id":98542,"date":"2026-01-06T12:54:51","date_gmt":"2026-01-06T11:54:51","guid":{"rendered":"https:\/\/truusk.store\/product\/utrustningshus-19m%c2%b2-182-x-121-x-200cm-utrustningsskjul-med-sadeltak-golv-lasbar-dorr\/"},"modified":"2026-03-12T09:45:28","modified_gmt":"2026-03-12T08:45:28","slug":"truusk-utrustningshus-19m%c2%b2-med-sadeltak-golv-lasbar-dorr-182-x-121-x-200cm-for-utrustning-gra","status":"publish","type":"product","link":"https:\/\/truusk.store\/sv\/produkt\/truusk-utrustningshus-19m%c2%b2-med-sadeltak-golv-lasbar-dorr-182-x-121-x-200cm-for-utrustning-gra\/","title":{"rendered":"TRUUSK Utrustningshus 1,9m\u00b2 &#8211; Med Sadeltak &#8211; Golv &#8211; L\u00e5sbar D\u00f6rr &#8211; 182 X 121 X 200cm &#8211; F\u00f6r Utrustning &#8211; Gr\u00e5"},"content":{"rendered":"<p>Uppt\u00e4ck tr\u00e4dg\u00e5rdshuset fr\u00e5n [BRAND NAME] &#8211; en lyckad kombination av stil och funktionalitet. Med sina m\u00e5tt p\u00e5 182 x 121 x 200 cm erbjuder detta tr\u00e4dg\u00e5rdsredskapshus ett rymligt inre p\u00e5 163 x 101 cm. Den 12 mm tjocka kl\u00e4dseln av polypropen-harts i tr\u00e4utseende \u00e4r inte bara vattent\u00e4t och UV-resistent, utan ocks\u00e5 extremt elegant. Tack vare ett transparent f\u00f6nster f\u00f6r naturligt ljus och tv\u00e5 ventilations\u00f6ppningar f\u00f6rblir dina tr\u00e4dg\u00e5rdsredskap torra och fr\u00e4scha.<\/p>\n<p>Beskrivning:<\/p>\n<ul>\n<li> Rymligt redskapsskjul \u00f6kar lagringskapaciteten i tr\u00e4dg\u00e5rden<\/li>\n<li> 12 mm tr\u00e4utseende-polypropenharz-konstruktion \u00e4r v\u00e4derbest\u00e4ndig, UV-resistent och rostresistent<\/li>\n<li> Integrerad golv i tr\u00e4dg\u00e5rdshuset f\u00f6rhindrar intr\u00e5ng av regnvatten och skyddar inneh\u00e5llet<\/li>\n<li> Transparent f\u00f6nster sl\u00e4pper in naturligt ljus och skapar en ljus inredning<\/li>\n<li> Dubbla ventilations\u00f6ppningar i tr\u00e4dg\u00e5rdshuset fr\u00e4mjar luftcirkulation och f\u00f6rhindrar fukt och lukt<\/li>\n<li> Sadeltak-design f\u00f6rhindrar ansamling av vatten och sn\u00f6<\/li>\n<li> D\u00f6rr med l\u00e5s f\u00f6rb\u00e4ttrar s\u00e4kerheten och underl\u00e4ttar tillg\u00e5ngen<\/li>\n<li> F\u00f6renklad monteringsmetod minskar uppbyggnadstiden och minskar anstr\u00e4ngningen<\/li>\n<\/ul>\n<p> Tekniska data:<\/p>\n<ul>\n<li>F\u00e4rg: Gr\u00e5<\/li>\n<li>Material: Plast, Aluminium<\/li>\n<li>Totala dimensioner: 182L x 121B x 200H cm<\/li>\n<li>Takfotsh\u00f6jd: 163H cm<\/li>\n<li>Golvm\u00e5tt: 171B x 110,5T cm, 1,9 m\u00b2<\/li>\n<li>Inre m\u00e5tt: 163B x 101T cm<\/li>\n<li>D\u00f6rrm\u00e5tt: 63B x 157H cm<\/li>\n<li>F\u00f6nsterm\u00e5tt: 38,5B x 61,5H cm<\/li>\n<li>Ventilationsm\u00e5tt: 22,5B x 9H cm<\/li>\n<li>Sn\u00f6last: 40 kg\/m\u00b2<\/li>\n<\/ul>\n<p>Leveransinneh\u00e5ll:<\/p>\n<ul>\n<li> 1 x tr\u00e4dg\u00e5rdshus med golv<\/li>\n<li> L\u00e5s och nyckel<\/li>\n<li> 1 x par handskar<\/li>\n<li> 1 x bruksanvisning<\/li>\n<\/ul>\n","protected":false},"excerpt":{"rendered":"<p>Uppt\u00e4ck tr\u00e4dg\u00e5rdshuset fr\u00e5n [BRAND NAME] &#8211; en lyckad kombination av stil och funktionalitet. Med sina m\u00e5tt p\u00e5 182 x 121&#8230;<\/p>\n","protected":false},"featured_media":98530,"template":"","meta":[],"product_brand":[],"product_cat":[901,902,858],"product_tag":[],"class_list":{"0":"post-98542","1":"product","2":"type-product","3":"status-publish","4":"has-post-thumbnail","6":"product_cat-ordning-i-tradgarden","7":"product_cat-redskapsskjul-och-redskapshus","8":"product_cat-tradgard-terrass","10":"first","11":"instock","12":"sale","13":"taxable","14":"shipping-taxable","15":"purchasable","16":"product-type-simple"},"yoast_head":"<!-- This site is optimized with the Yoast SEO plugin v25.4 - https:\/\/yoast.com\/wordpress\/plugins\/seo\/ -->\n<title>TRUUSK Utrustningshus 1,9m\u00b2 - Med Sadeltak - Golv - L\u00e5sbar D\u00f6rr - 182 X 121 X 200cm - F\u00f6r Utrustning - Gr\u00e5 - TRUUSK - Hem, Tr\u00e4dg\u00e5rd &amp; Fritid<\/title>\n<meta name=\"robots\" content=\"index, follow, max-snippet:-1, max-image-preview:large, max-video-preview:-1\" \/>\n<link rel=\"canonical\" href=\"https:\/\/truusk.store\/sv\/produkt\/truusk-utrustningshus-19m%c2%b2-med-sadeltak-golv-lasbar-dorr-182-x-121-x-200cm-for-utrustning-gra\/\" \/>\n<meta property=\"og:locale\" content=\"sv_SE\" \/>\n<meta property=\"og:type\" content=\"article\" \/>\n<meta property=\"og:title\" content=\"TRUUSK Utrustningshus 1,9m\u00b2 - Med Sadeltak - Golv - L\u00e5sbar D\u00f6rr - 182 X 121 X 200cm - F\u00f6r Utrustning - Gr\u00e5 - TRUUSK - Hem, Tr\u00e4dg\u00e5rd &amp; Fritid\" \/>\n<meta property=\"og:description\" content=\"Uppt\u00e4ck tr\u00e4dg\u00e5rdshuset fr\u00e5n [BRAND NAME] &#8211; en lyckad kombination av stil och funktionalitet. Med sina m\u00e5tt p\u00e5 182 x 121...\" \/>\n<meta property=\"og:url\" content=\"https:\/\/truusk.store\/sv\/produkt\/truusk-utrustningshus-19m%c2%b2-med-sadeltak-golv-lasbar-dorr-182-x-121-x-200cm-for-utrustning-gra\/\" \/>\n<meta property=\"og:site_name\" content=\"TRUUSK - Hem, Tr\u00e4dg\u00e5rd &amp; Fritid\" \/>\n<meta property=\"article:modified_time\" content=\"2026-03-12T08:45:28+00:00\" \/>\n<meta property=\"og:image\" content=\"https:\/\/i0.wp.com\/truusk.se\/wp-content\/uploads\/2026\/01\/utrustningshus-19mc2b2-182-x-121-x-200cm-utrustningsskjul-med-sadeltak-golv-lasbar-dorr-1.webp?fit=2000%2C2000&ssl=1\" \/>\n\t<meta property=\"og:image:width\" content=\"2000\" \/>\n\t<meta property=\"og:image:height\" content=\"2000\" \/>\n\t<meta property=\"og:image:type\" content=\"image\/webp\" \/>\n<meta name=\"twitter:card\" content=\"summary_large_image\" \/>\n<meta name=\"twitter:label1\" content=\"Ber\u00e4knad l\u00e4stid\" \/>\n\t<meta name=\"twitter:data1\" content=\"1 minut\" \/>\n<!-- \/ Yoast SEO plugin. -->","yoast_head_json":{"title":"TRUUSK Utrustningshus 1,9m\u00b2 - Med Sadeltak - Golv - L\u00e5sbar D\u00f6rr - 182 X 121 X 200cm - F\u00f6r Utrustning - Gr\u00e5 - TRUUSK - Hem, Tr\u00e4dg\u00e5rd &amp; Fritid","robots":{"index":"index","follow":"follow","max-snippet":"max-snippet:-1","max-image-preview":"max-image-preview:large","max-video-preview":"max-video-preview:-1"},"canonical":"https:\/\/truusk.store\/sv\/produkt\/truusk-utrustningshus-19m%c2%b2-med-sadeltak-golv-lasbar-dorr-182-x-121-x-200cm-for-utrustning-gra\/","og_locale":"sv_SE","og_type":"article","og_title":"TRUUSK Utrustningshus 1,9m\u00b2 - Med Sadeltak - Golv - L\u00e5sbar D\u00f6rr - 182 X 121 X 200cm - F\u00f6r Utrustning - Gr\u00e5 - TRUUSK - Hem, Tr\u00e4dg\u00e5rd &amp; Fritid","og_description":"Uppt\u00e4ck tr\u00e4dg\u00e5rdshuset fr\u00e5n [BRAND NAME] &#8211; en lyckad kombination av stil och funktionalitet. Med sina m\u00e5tt p\u00e5 182 x 121...","og_url":"https:\/\/truusk.store\/sv\/produkt\/truusk-utrustningshus-19m%c2%b2-med-sadeltak-golv-lasbar-dorr-182-x-121-x-200cm-for-utrustning-gra\/","og_site_name":"TRUUSK - Hem, Tr\u00e4dg\u00e5rd &amp; Fritid","article_modified_time":"2026-03-12T08:45:28+00:00","og_image":[{"width":2000,"height":2000,"url":"https:\/\/i0.wp.com\/truusk.se\/wp-content\/uploads\/2026\/01\/utrustningshus-19mc2b2-182-x-121-x-200cm-utrustningsskjul-med-sadeltak-golv-lasbar-dorr-1.webp?fit=2000%2C2000&ssl=1","type":"image\/webp"}],"twitter_card":"summary_large_image","twitter_misc":{"Ber\u00e4knad l\u00e4stid":"1 minut"},"schema":{"@context":"https:\/\/schema.org","@graph":[{"@type":"WebPage","@id":"https:\/\/truusk.store\/sv\/produkt\/truusk-utrustningshus-19m%c2%b2-med-sadeltak-golv-lasbar-dorr-182-x-121-x-200cm-for-utrustning-gra\/","url":"https:\/\/truusk.store\/sv\/produkt\/truusk-utrustningshus-19m%c2%b2-med-sadeltak-golv-lasbar-dorr-182-x-121-x-200cm-for-utrustning-gra\/","name":"TRUUSK Utrustningshus 1,9m\u00b2 - Med Sadeltak - Golv - L\u00e5sbar D\u00f6rr - 182 X 121 X 200cm - F\u00f6r Utrustning - Gr\u00e5 - TRUUSK - Hem, Tr\u00e4dg\u00e5rd &amp; Fritid","isPartOf":{"@id":"https:\/\/truusk.store\/sv\/#website"},"primaryImageOfPage":{"@id":"https:\/\/truusk.store\/sv\/produkt\/truusk-utrustningshus-19m%c2%b2-med-sadeltak-golv-lasbar-dorr-182-x-121-x-200cm-for-utrustning-gra\/#primaryimage"},"image":{"@id":"https:\/\/truusk.store\/sv\/produkt\/truusk-utrustningshus-19m%c2%b2-med-sadeltak-golv-lasbar-dorr-182-x-121-x-200cm-for-utrustning-gra\/#primaryimage"},"thumbnailUrl":"https:\/\/i0.wp.com\/truusk.store\/wp-content\/uploads\/2026\/01\/utrustningshus-19mc2b2-182-x-121-x-200cm-utrustningsskjul-med-sadeltak-golv-lasbar-dorr-1.webp?fit=2000%2C2000&ssl=1","datePublished":"2026-01-06T11:54:51+00:00","dateModified":"2026-03-12T08:45:28+00:00","breadcrumb":{"@id":"https:\/\/truusk.store\/sv\/produkt\/truusk-utrustningshus-19m%c2%b2-med-sadeltak-golv-lasbar-dorr-182-x-121-x-200cm-for-utrustning-gra\/#breadcrumb"},"inLanguage":"sv-SE","potentialAction":[{"@type":"ReadAction","target":["https:\/\/truusk.store\/sv\/produkt\/truusk-utrustningshus-19m%c2%b2-med-sadeltak-golv-lasbar-dorr-182-x-121-x-200cm-for-utrustning-gra\/"]}]},{"@type":"ImageObject","inLanguage":"sv-SE","@id":"https:\/\/truusk.store\/sv\/produkt\/truusk-utrustningshus-19m%c2%b2-med-sadeltak-golv-lasbar-dorr-182-x-121-x-200cm-for-utrustning-gra\/#primaryimage","url":"https:\/\/i0.wp.com\/truusk.store\/wp-content\/uploads\/2026\/01\/utrustningshus-19mc2b2-182-x-121-x-200cm-utrustningsskjul-med-sadeltak-golv-lasbar-dorr-1.webp?fit=2000%2C2000&ssl=1","contentUrl":"https:\/\/i0.wp.com\/truusk.store\/wp-content\/uploads\/2026\/01\/utrustningshus-19mc2b2-182-x-121-x-200cm-utrustningsskjul-med-sadeltak-golv-lasbar-dorr-1.webp?fit=2000%2C2000&ssl=1","width":2000,"height":2000},{"@type":"BreadcrumbList","@id":"https:\/\/truusk.store\/sv\/produkt\/truusk-utrustningshus-19m%c2%b2-med-sadeltak-golv-lasbar-dorr-182-x-121-x-200cm-for-utrustning-gra\/#breadcrumb","itemListElement":[{"@type":"ListItem","position":1,"name":"Home","item":"https:\/\/truusk.store\/sv\/"},{"@type":"ListItem","position":2,"name":"Shop","item":"https:\/\/truusk.store\/shop\/"},{"@type":"ListItem","position":3,"name":"TRUUSK Utrustningshus 1,9m\u00b2 &#8211; Med Sadeltak &#8211; Golv &#8211; L\u00e5sbar D\u00f6rr &#8211; 182 X 121 X 200cm &#8211; F\u00f6r Utrustning &#8211; Gr\u00e5"}]},{"@type":"WebSite","@id":"https:\/\/truusk.store\/sv\/#website","url":"https:\/\/truusk.store\/sv\/","name":"TRUUSK - Hem, Tr\u00e4dg\u00e5rd & Fritid","description":"","publisher":{"@id":"https:\/\/truusk.store\/sv\/#organization"},"potentialAction":[{"@type":"SearchAction","target":{"@type":"EntryPoint","urlTemplate":"https:\/\/truusk.store\/sv\/?s={search_term_string}"},"query-input":{"@type":"PropertyValueSpecification","valueRequired":true,"valueName":"search_term_string"}}],"inLanguage":"sv-SE"},{"@type":"Organization","@id":"https:\/\/truusk.store\/sv\/#organization","name":"TRUUSK - Hem, Tr\u00e4dg\u00e5rd & Fritid","url":"https:\/\/truusk.store\/sv\/","logo":{"@type":"ImageObject","inLanguage":"sv-SE","@id":"https:\/\/truusk.store\/sv\/#\/schema\/logo\/image\/","url":"https:\/\/i0.wp.com\/truusk.store\/wp-content\/uploads\/2026\/03\/cropped-TRUUSK.png?fit=2032%2C917&ssl=1","contentUrl":"https:\/\/i0.wp.com\/truusk.store\/wp-content\/uploads\/2026\/03\/cropped-TRUUSK.png?fit=2032%2C917&ssl=1","width":2032,"height":917,"caption":"TRUUSK - Hem, Tr\u00e4dg\u00e5rd & Fritid"},"image":{"@id":"https:\/\/truusk.store\/sv\/#\/schema\/logo\/image\/"}}]}},"jetpack_sharing_enabled":true,"_links":{"self":[{"href":"https:\/\/truusk.store\/sv\/wp-json\/wp\/v2\/product\/98542","targetHints":{"allow":["GET"]}}],"collection":[{"href":"https:\/\/truusk.store\/sv\/wp-json\/wp\/v2\/product"}],"about":[{"href":"https:\/\/truusk.store\/sv\/wp-json\/wp\/v2\/types\/product"}],"wp:featuredmedia":[{"embeddable":true,"href":"https:\/\/truusk.store\/sv\/wp-json\/wp\/v2\/media\/98530"}],"wp:attachment":[{"href":"https:\/\/truusk.store\/sv\/wp-json\/wp\/v2\/media?parent=98542"}],"wp:term":[{"taxonomy":"product_brand","embeddable":true,"href":"https:\/\/truusk.store\/sv\/wp-json\/wp\/v2\/product_brand?post=98542"},{"taxonomy":"product_cat","embeddable":true,"href":"https:\/\/truusk.store\/sv\/wp-json\/wp\/v2\/product_cat?post=98542"},{"taxonomy":"product_tag","embeddable":true,"href":"https:\/\/truusk.store\/sv\/wp-json\/wp\/v2\/product_tag?post=98542"}],"curies":[{"name":"wp","href":"https:\/\/api.w.org\/{rel}","templated":true}]}}