{"id":98563,"date":"2026-01-06T12:56:42","date_gmt":"2026-01-06T11:56:42","guid":{"rendered":"https:\/\/truusk.store\/product\/utrustningshus-41m%c2%b2-tradgardshus-med-sadeltak-240-x-190-x-180-228-cm\/"},"modified":"2026-03-12T09:45:36","modified_gmt":"2026-03-12T08:45:36","slug":"truusk-utrustningshus-41m%c2%b2-tradgardshus-med-sadeltak-240-x-190-x-180-228-cm","status":"publish","type":"product","link":"https:\/\/truusk.store\/sv\/produkt\/truusk-utrustningshus-41m%c2%b2-tradgardshus-med-sadeltak-240-x-190-x-180-228-cm\/","title":{"rendered":"TRUUSK Utrustningshus 4,1m\u00b2 &#8211; Tr\u00e4dg\u00e5rdshus med Sadeltak &#8211; 240 x 190 x 180\/228 cm"},"content":{"rendered":"<p>Det robusta och korrosionsbest\u00e4ndiga plasttr\u00e4dg\u00e5rdsskjulet fr\u00e5n [BRAND NAME], tillverkat av polypropen, erbjuder l\u00e5ngvarigt skydd mot fukt och m\u00f6gel tack vare det lutande taket, den l\u00e5sbara d\u00f6rren och ventilationsspringorna i tr\u00e4dg\u00e5rdsskjulet. I detta plasttr\u00e4dg\u00e5rdsskjul kan du s\u00e4kert f\u00f6rvara tr\u00e4dg\u00e5rdsredskap, pooltillbeh\u00f6r eller vanliga verktyg.<\/p>\n<p>Beskrivning:<\/p>\n<ul>\n<li> Eget f\u00f6rvaringsutrymme f\u00f6r tr\u00e4dg\u00e5rdsredskap, pooltillbeh\u00f6r etc.<\/li>\n<li> Robust skjulkl\u00e4dsel tillverkad av polypropenharzplast f\u00f6r l\u00e5ng h\u00e5llbarhet<\/li>\n<li> Lutande tak p\u00e5 redskapsskjulet f\u00f6r att undvika vattenstagnation<\/li>\n<li> Stor d\u00f6rr som g\u00f6r det l\u00e4tt att packa in och ut dina saker<\/li>\n<li> D\u00f6rren till redskapsskjulet har ett l\u00e5ssystem<\/li>\n<li> Med grund f\u00f6r f\u00f6rl\u00e4ngd anv\u00e4ndning<\/li>\n<li> Ventilations\u00f6ppningar ger god luftcirkulation<\/li>\n<li> Sidof\u00f6nster f\u00f6r att \u00f6ka ljusstyrkan inuti<\/li>\n<li> Montering kr\u00e4vs<\/li>\n<\/ul>\n<p> Tekniska data:<\/p>\n<ul>\n<li> F\u00e4rg: Ljusgr\u00e5<\/li>\n<li> Material: Plast, aluminium<\/li>\n<li> Totala dimensioner: 240L x 190B x 228H cm<\/li>\n<li> Golvomr\u00e5de: 228L x 180B cm<\/li>\n<li> Inre omr\u00e5de: 225L x 175B cm<\/li>\n<li> D\u00f6rrstorlek: 74B x 180H cm<\/li>\n<li> Storlek p\u00e5 ventilations\u00f6ppning: 21B x 11H cm<\/li>\n<li> F\u00f6nsterstorlek: 35B x 48H cm<\/li>\n<li> Sn\u00f6fallskapacitet: 20 kg\/m\u00b2<\/li>\n<\/ul>\n<p>Leveransinneh\u00e5ll:<\/p>\n<ul>\n<li> 1 x redskapsskjul<\/li>\n<li> 1 x instruktion<\/li>\n<li>Viktigt: Vi levererar artikeln till dig kostnadsfritt till trottoarkanten. Var noga med att ange korrekt adress och telefonnummer..<\/li>\n<\/ul>\n","protected":false},"excerpt":{"rendered":"<p>Det robusta och korrosionsbest\u00e4ndiga plasttr\u00e4dg\u00e5rdsskjulet fr\u00e5n [BRAND NAME], tillverkat av polypropen, erbjuder l\u00e5ngvarigt skydd mot fukt och m\u00f6gel tack vare&#8230;<\/p>\n","protected":false},"featured_media":98549,"template":"","meta":[],"product_brand":[],"product_cat":[901,858,1019],"product_tag":[],"class_list":{"0":"post-98563","1":"product","2":"type-product","3":"status-publish","4":"has-post-thumbnail","6":"product_cat-ordning-i-tradgarden","7":"product_cat-tradgard-terrass","8":"product_cat-verktygsskjul-och-verktygshus","10":"first","11":"instock","12":"sale","13":"taxable","14":"shipping-taxable","15":"purchasable","16":"product-type-simple"},"yoast_head":"<!-- This site is optimized with the Yoast SEO plugin v25.4 - https:\/\/yoast.com\/wordpress\/plugins\/seo\/ -->\n<title>TRUUSK Utrustningshus 4,1m\u00b2 - Tr\u00e4dg\u00e5rdshus med Sadeltak - 240 x 190 x 180\/228 cm - TRUUSK - Hem, Tr\u00e4dg\u00e5rd &amp; Fritid<\/title>\n<meta name=\"robots\" content=\"index, follow, max-snippet:-1, max-image-preview:large, max-video-preview:-1\" \/>\n<link rel=\"canonical\" href=\"https:\/\/truusk.store\/sv\/produkt\/truusk-utrustningshus-41m%c2%b2-tradgardshus-med-sadeltak-240-x-190-x-180-228-cm\/\" \/>\n<meta property=\"og:locale\" content=\"sv_SE\" \/>\n<meta property=\"og:type\" content=\"article\" \/>\n<meta property=\"og:title\" content=\"TRUUSK Utrustningshus 4,1m\u00b2 - Tr\u00e4dg\u00e5rdshus med Sadeltak - 240 x 190 x 180\/228 cm - TRUUSK - Hem, Tr\u00e4dg\u00e5rd &amp; Fritid\" \/>\n<meta property=\"og:description\" content=\"Det robusta och korrosionsbest\u00e4ndiga plasttr\u00e4dg\u00e5rdsskjulet fr\u00e5n [BRAND NAME], tillverkat av polypropen, erbjuder l\u00e5ngvarigt skydd mot fukt och m\u00f6gel tack vare...\" \/>\n<meta property=\"og:url\" content=\"https:\/\/truusk.store\/sv\/produkt\/truusk-utrustningshus-41m%c2%b2-tradgardshus-med-sadeltak-240-x-190-x-180-228-cm\/\" \/>\n<meta property=\"og:site_name\" content=\"TRUUSK - Hem, Tr\u00e4dg\u00e5rd &amp; Fritid\" \/>\n<meta property=\"article:modified_time\" content=\"2026-03-12T08:45:36+00:00\" \/>\n<meta property=\"og:image\" content=\"https:\/\/i0.wp.com\/truusk.se\/wp-content\/uploads\/2026\/01\/utrustningshus-41mc2b2-tradgardshus-med-sadeltak-240-x-190-x-180-228-cm-1.webp?fit=2000%2C2000&ssl=1\" \/>\n\t<meta property=\"og:image:width\" content=\"2000\" \/>\n\t<meta property=\"og:image:height\" content=\"2000\" \/>\n\t<meta property=\"og:image:type\" content=\"image\/webp\" \/>\n<meta name=\"twitter:card\" content=\"summary_large_image\" \/>\n<meta name=\"twitter:label1\" content=\"Ber\u00e4knad l\u00e4stid\" \/>\n\t<meta name=\"twitter:data1\" content=\"1 minut\" \/>\n<!-- \/ Yoast SEO plugin. -->","yoast_head_json":{"title":"TRUUSK Utrustningshus 4,1m\u00b2 - Tr\u00e4dg\u00e5rdshus med Sadeltak - 240 x 190 x 180\/228 cm - TRUUSK - Hem, Tr\u00e4dg\u00e5rd &amp; Fritid","robots":{"index":"index","follow":"follow","max-snippet":"max-snippet:-1","max-image-preview":"max-image-preview:large","max-video-preview":"max-video-preview:-1"},"canonical":"https:\/\/truusk.store\/sv\/produkt\/truusk-utrustningshus-41m%c2%b2-tradgardshus-med-sadeltak-240-x-190-x-180-228-cm\/","og_locale":"sv_SE","og_type":"article","og_title":"TRUUSK Utrustningshus 4,1m\u00b2 - Tr\u00e4dg\u00e5rdshus med Sadeltak - 240 x 190 x 180\/228 cm - TRUUSK - Hem, Tr\u00e4dg\u00e5rd &amp; Fritid","og_description":"Det robusta och korrosionsbest\u00e4ndiga plasttr\u00e4dg\u00e5rdsskjulet fr\u00e5n [BRAND NAME], tillverkat av polypropen, erbjuder l\u00e5ngvarigt skydd mot fukt och m\u00f6gel tack vare...","og_url":"https:\/\/truusk.store\/sv\/produkt\/truusk-utrustningshus-41m%c2%b2-tradgardshus-med-sadeltak-240-x-190-x-180-228-cm\/","og_site_name":"TRUUSK - Hem, Tr\u00e4dg\u00e5rd &amp; Fritid","article_modified_time":"2026-03-12T08:45:36+00:00","og_image":[{"width":2000,"height":2000,"url":"https:\/\/i0.wp.com\/truusk.se\/wp-content\/uploads\/2026\/01\/utrustningshus-41mc2b2-tradgardshus-med-sadeltak-240-x-190-x-180-228-cm-1.webp?fit=2000%2C2000&ssl=1","type":"image\/webp"}],"twitter_card":"summary_large_image","twitter_misc":{"Ber\u00e4knad l\u00e4stid":"1 minut"},"schema":{"@context":"https:\/\/schema.org","@graph":[{"@type":"WebPage","@id":"https:\/\/truusk.store\/sv\/produkt\/truusk-utrustningshus-41m%c2%b2-tradgardshus-med-sadeltak-240-x-190-x-180-228-cm\/","url":"https:\/\/truusk.store\/sv\/produkt\/truusk-utrustningshus-41m%c2%b2-tradgardshus-med-sadeltak-240-x-190-x-180-228-cm\/","name":"TRUUSK Utrustningshus 4,1m\u00b2 - Tr\u00e4dg\u00e5rdshus med Sadeltak - 240 x 190 x 180\/228 cm - TRUUSK - Hem, Tr\u00e4dg\u00e5rd &amp; Fritid","isPartOf":{"@id":"https:\/\/truusk.store\/sv\/#website"},"primaryImageOfPage":{"@id":"https:\/\/truusk.store\/sv\/produkt\/truusk-utrustningshus-41m%c2%b2-tradgardshus-med-sadeltak-240-x-190-x-180-228-cm\/#primaryimage"},"image":{"@id":"https:\/\/truusk.store\/sv\/produkt\/truusk-utrustningshus-41m%c2%b2-tradgardshus-med-sadeltak-240-x-190-x-180-228-cm\/#primaryimage"},"thumbnailUrl":"https:\/\/i0.wp.com\/truusk.store\/wp-content\/uploads\/2026\/01\/utrustningshus-41mc2b2-tradgardshus-med-sadeltak-240-x-190-x-180-228-cm-1.webp?fit=2000%2C2000&ssl=1","datePublished":"2026-01-06T11:56:42+00:00","dateModified":"2026-03-12T08:45:36+00:00","breadcrumb":{"@id":"https:\/\/truusk.store\/sv\/produkt\/truusk-utrustningshus-41m%c2%b2-tradgardshus-med-sadeltak-240-x-190-x-180-228-cm\/#breadcrumb"},"inLanguage":"sv-SE","potentialAction":[{"@type":"ReadAction","target":["https:\/\/truusk.store\/sv\/produkt\/truusk-utrustningshus-41m%c2%b2-tradgardshus-med-sadeltak-240-x-190-x-180-228-cm\/"]}]},{"@type":"ImageObject","inLanguage":"sv-SE","@id":"https:\/\/truusk.store\/sv\/produkt\/truusk-utrustningshus-41m%c2%b2-tradgardshus-med-sadeltak-240-x-190-x-180-228-cm\/#primaryimage","url":"https:\/\/i0.wp.com\/truusk.store\/wp-content\/uploads\/2026\/01\/utrustningshus-41mc2b2-tradgardshus-med-sadeltak-240-x-190-x-180-228-cm-1.webp?fit=2000%2C2000&ssl=1","contentUrl":"https:\/\/i0.wp.com\/truusk.store\/wp-content\/uploads\/2026\/01\/utrustningshus-41mc2b2-tradgardshus-med-sadeltak-240-x-190-x-180-228-cm-1.webp?fit=2000%2C2000&ssl=1","width":2000,"height":2000},{"@type":"BreadcrumbList","@id":"https:\/\/truusk.store\/sv\/produkt\/truusk-utrustningshus-41m%c2%b2-tradgardshus-med-sadeltak-240-x-190-x-180-228-cm\/#breadcrumb","itemListElement":[{"@type":"ListItem","position":1,"name":"Home","item":"https:\/\/truusk.store\/sv\/"},{"@type":"ListItem","position":2,"name":"Shop","item":"https:\/\/truusk.store\/shop\/"},{"@type":"ListItem","position":3,"name":"TRUUSK Utrustningshus 4,1m\u00b2 &#8211; Tr\u00e4dg\u00e5rdshus med Sadeltak &#8211; 240 x 190 x 180\/228 cm"}]},{"@type":"WebSite","@id":"https:\/\/truusk.store\/sv\/#website","url":"https:\/\/truusk.store\/sv\/","name":"TRUUSK - Hem, Tr\u00e4dg\u00e5rd & Fritid","description":"","publisher":{"@id":"https:\/\/truusk.store\/sv\/#organization"},"potentialAction":[{"@type":"SearchAction","target":{"@type":"EntryPoint","urlTemplate":"https:\/\/truusk.store\/sv\/?s={search_term_string}"},"query-input":{"@type":"PropertyValueSpecification","valueRequired":true,"valueName":"search_term_string"}}],"inLanguage":"sv-SE"},{"@type":"Organization","@id":"https:\/\/truusk.store\/sv\/#organization","name":"TRUUSK - Hem, Tr\u00e4dg\u00e5rd & Fritid","url":"https:\/\/truusk.store\/sv\/","logo":{"@type":"ImageObject","inLanguage":"sv-SE","@id":"https:\/\/truusk.store\/sv\/#\/schema\/logo\/image\/","url":"https:\/\/i0.wp.com\/truusk.store\/wp-content\/uploads\/2026\/03\/cropped-TRUUSK.png?fit=2032%2C917&ssl=1","contentUrl":"https:\/\/i0.wp.com\/truusk.store\/wp-content\/uploads\/2026\/03\/cropped-TRUUSK.png?fit=2032%2C917&ssl=1","width":2032,"height":917,"caption":"TRUUSK - Hem, Tr\u00e4dg\u00e5rd & Fritid"},"image":{"@id":"https:\/\/truusk.store\/sv\/#\/schema\/logo\/image\/"}}]}},"jetpack_sharing_enabled":true,"_links":{"self":[{"href":"https:\/\/truusk.store\/sv\/wp-json\/wp\/v2\/product\/98563","targetHints":{"allow":["GET"]}}],"collection":[{"href":"https:\/\/truusk.store\/sv\/wp-json\/wp\/v2\/product"}],"about":[{"href":"https:\/\/truusk.store\/sv\/wp-json\/wp\/v2\/types\/product"}],"wp:featuredmedia":[{"embeddable":true,"href":"https:\/\/truusk.store\/sv\/wp-json\/wp\/v2\/media\/98549"}],"wp:attachment":[{"href":"https:\/\/truusk.store\/sv\/wp-json\/wp\/v2\/media?parent=98563"}],"wp:term":[{"taxonomy":"product_brand","embeddable":true,"href":"https:\/\/truusk.store\/sv\/wp-json\/wp\/v2\/product_brand?post=98563"},{"taxonomy":"product_cat","embeddable":true,"href":"https:\/\/truusk.store\/sv\/wp-json\/wp\/v2\/product_cat?post=98563"},{"taxonomy":"product_tag","embeddable":true,"href":"https:\/\/truusk.store\/sv\/wp-json\/wp\/v2\/product_tag?post=98563"}],"curies":[{"name":"wp","href":"https:\/\/api.w.org\/{rel}","templated":true}]}}