{"id":98568,"date":"2026-01-06T12:57:08","date_gmt":"2026-01-06T11:57:08","guid":{"rendered":"https:\/\/truusk.store\/product\/utrustningsskjul-av-metall-vaderbestandigt-rostfritt-lasbart-240-x-206-x-198-m-morkgra\/"},"modified":"2026-03-12T09:46:21","modified_gmt":"2026-03-12T08:46:21","slug":"truusk-metallforvaringsskjul-vaderbestandigt-rostfritt-lasbart-240-x-206-x-198-m-morkgra","status":"publish","type":"product","link":"https:\/\/truusk.store\/sv\/produkt\/truusk-metallforvaringsskjul-vaderbestandigt-rostfritt-lasbart-240-x-206-x-198-m-morkgra\/","title":{"rendered":"TRUUSK Metallf\u00f6rvaringsskjul &#8211; V\u00e4derbest\u00e4ndigt &amp; Rostfritt &#8211; L\u00e5sbart &#8211; 2,40 x 2,06 x 1,98 m &#8211; M\u00f6rkgr\u00e5"},"content":{"rendered":"<p>Ut\u00f6ka ditt lagringsutrymme och \u00f6ka v\u00e4rdet p\u00e5 din fastighet med den h\u00f6gkvalitativa redskapsboden fr\u00e5n [BRAND NAME]. Skydda dina v\u00e4rdefulla verktyg tack vare tr\u00e4dg\u00e5rdsskurets vattent\u00e4ta, galvaniserade tak. Tr\u00e4dg\u00e5rdsredskapsskurens ventilations\u00f6ppningar s\u00e4kerst\u00e4ller ett torrt, luktfritt inomhusklimat. Med en s\u00e4ker l\u00e5smekanism \u00e4r dina verktyg skyddade mot st\u00f6ld. Oavsett om det \u00e4r gr\u00e4sklippare, spadar eller till och med en motorcykel &#8211; h\u00e4r finns plats f\u00f6r allt.<\/p>\n<p>Beskrivning:<\/p>\n<ul>\n<li> Rymlig redskapsbod f\u00f6r tr\u00e4dg\u00e5rdsredskap, gr\u00e4sv\u00e5rdsutrustning eller pooltillbeh\u00f6r<\/li>\n<li> Tillverkad av galvaniserat st\u00e5l och polypropen f\u00f6r att vara v\u00e4derbest\u00e4ndig<\/li>\n<li> Redskapsskurens sadeltak f\u00f6rhindrar vattenansamlingar<\/li>\n<li> L\u00e5sbara dubbeld\u00f6rrar f\u00f6r att s\u00e4kra dina f\u00f6rem\u00e5l (l\u00e5s ing\u00e5r inte)<\/li>\n<li> Tr\u00e4dg\u00e5rdsskurens golvram \u00f6kar stabiliteten<\/li>\n<li> Ventilations\u00f6ppningar f\u00f6r ljus och luftcirkulation<\/li>\n<li> Monteringen kr\u00e4vs<\/li>\n<li> Obs: L\u00e4s instruktionerna eller titta noggrant p\u00e5 monteringsvideon f\u00f6r att f\u00f6rkorta monteringstiden<\/li>\n<\/ul>\n<p> Tekniska data:<\/p>\n<ul>\n<li> F\u00e4rg: M\u00f6rkgr\u00e5<\/li>\n<li> Material: Galvaniserat st\u00e5l<\/li>\n<li> Totala dimensioner: 240L x 206B x 198H cm<\/li>\n<li> Inre dimensioner: 221L x 181B cm<\/li>\n<li> Golvutrymme: 226L x 195B cm, 4,4 m\u00b2<\/li>\n<li> D\u00f6rrdimensioner: 96B x 160H cm<\/li>\n<li> Ventilationsdimensioner: 20B x 8,5H cm<\/li>\n<li> Sn\u00f6belastning: 30 kg\/m\u00b2<\/li>\n<li> Obs: Kr\u00e4ver minst tre personer f\u00f6r montering p\u00e5 fyra timmar. Bygg inte upp vid stark vind<\/li>\n<\/ul>\n<p>Leveransinneh\u00e5ll:<\/p>\n<ul>\n<li> 1 x Tr\u00e4dg\u00e5rdsskur<\/li>\n<li> 1 x Handske<\/li>\n<li> 1 x L\u00e5s<\/li>\n<li> 3 x Nycklar<\/li>\n<li> 1 x Handbok<\/li>\n<li>Viktigt: Vi levererar artikeln till dig gratis till trottoarkanten. Var noga med att ange korrekt adress och telefonnummer.<\/li>\n<\/ul>\n","protected":false},"excerpt":{"rendered":"<p>Ut\u00f6ka ditt lagringsutrymme och \u00f6ka v\u00e4rdet p\u00e5 din fastighet med den h\u00f6gkvalitativa redskapsboden fr\u00e5n [BRAND NAME]. Skydda dina v\u00e4rdefulla verktyg&#8230;<\/p>\n","protected":false},"featured_media":98554,"template":"","meta":[],"product_brand":[],"product_cat":[901,902,858],"product_tag":[],"class_list":{"0":"post-98568","1":"product","2":"type-product","3":"status-publish","4":"has-post-thumbnail","6":"product_cat-ordning-i-tradgarden","7":"product_cat-redskapsskjul-och-redskapshus","8":"product_cat-tradgard-terrass","10":"first","11":"instock","12":"sale","13":"taxable","14":"shipping-taxable","15":"purchasable","16":"product-type-simple"},"yoast_head":"<!-- This site is optimized with the Yoast SEO plugin v25.4 - https:\/\/yoast.com\/wordpress\/plugins\/seo\/ -->\n<title>TRUUSK Metallf\u00f6rvaringsskjul - V\u00e4derbest\u00e4ndigt &amp; Rostfritt - L\u00e5sbart - 2,40 x 2,06 x 1,98 m - M\u00f6rkgr\u00e5 - TRUUSK - Hem, Tr\u00e4dg\u00e5rd &amp; Fritid<\/title>\n<meta name=\"robots\" content=\"index, follow, max-snippet:-1, max-image-preview:large, max-video-preview:-1\" \/>\n<link rel=\"canonical\" href=\"https:\/\/truusk.store\/sv\/produkt\/truusk-metallforvaringsskjul-vaderbestandigt-rostfritt-lasbart-240-x-206-x-198-m-morkgra\/\" \/>\n<meta property=\"og:locale\" content=\"sv_SE\" \/>\n<meta property=\"og:type\" content=\"article\" \/>\n<meta property=\"og:title\" content=\"TRUUSK Metallf\u00f6rvaringsskjul - V\u00e4derbest\u00e4ndigt &amp; Rostfritt - L\u00e5sbart - 2,40 x 2,06 x 1,98 m - M\u00f6rkgr\u00e5 - TRUUSK - Hem, Tr\u00e4dg\u00e5rd &amp; Fritid\" \/>\n<meta property=\"og:description\" content=\"Ut\u00f6ka ditt lagringsutrymme och \u00f6ka v\u00e4rdet p\u00e5 din fastighet med den h\u00f6gkvalitativa redskapsboden fr\u00e5n [BRAND NAME]. Skydda dina v\u00e4rdefulla verktyg...\" \/>\n<meta property=\"og:url\" content=\"https:\/\/truusk.store\/sv\/produkt\/truusk-metallforvaringsskjul-vaderbestandigt-rostfritt-lasbart-240-x-206-x-198-m-morkgra\/\" \/>\n<meta property=\"og:site_name\" content=\"TRUUSK - Hem, Tr\u00e4dg\u00e5rd &amp; Fritid\" \/>\n<meta property=\"article:modified_time\" content=\"2026-03-12T08:46:21+00:00\" \/>\n<meta property=\"og:image\" content=\"https:\/\/i0.wp.com\/truusk.se\/wp-content\/uploads\/2026\/01\/utrustningsskjul-av-metall-vaderbestandigt-rostfritt-lasbart-240-x-206-x-198-m-morkgra-1.webp?fit=2000%2C2000&ssl=1\" \/>\n\t<meta property=\"og:image:width\" content=\"2000\" \/>\n\t<meta property=\"og:image:height\" content=\"2000\" \/>\n\t<meta property=\"og:image:type\" content=\"image\/webp\" \/>\n<meta name=\"twitter:card\" content=\"summary_large_image\" \/>\n<meta name=\"twitter:label1\" content=\"Ber\u00e4knad l\u00e4stid\" \/>\n\t<meta name=\"twitter:data1\" content=\"1 minut\" \/>\n<!-- \/ Yoast SEO plugin. -->","yoast_head_json":{"title":"TRUUSK Metallf\u00f6rvaringsskjul - V\u00e4derbest\u00e4ndigt &amp; Rostfritt - L\u00e5sbart - 2,40 x 2,06 x 1,98 m - M\u00f6rkgr\u00e5 - TRUUSK - Hem, Tr\u00e4dg\u00e5rd &amp; Fritid","robots":{"index":"index","follow":"follow","max-snippet":"max-snippet:-1","max-image-preview":"max-image-preview:large","max-video-preview":"max-video-preview:-1"},"canonical":"https:\/\/truusk.store\/sv\/produkt\/truusk-metallforvaringsskjul-vaderbestandigt-rostfritt-lasbart-240-x-206-x-198-m-morkgra\/","og_locale":"sv_SE","og_type":"article","og_title":"TRUUSK Metallf\u00f6rvaringsskjul - V\u00e4derbest\u00e4ndigt &amp; Rostfritt - L\u00e5sbart - 2,40 x 2,06 x 1,98 m - M\u00f6rkgr\u00e5 - TRUUSK - Hem, Tr\u00e4dg\u00e5rd &amp; Fritid","og_description":"Ut\u00f6ka ditt lagringsutrymme och \u00f6ka v\u00e4rdet p\u00e5 din fastighet med den h\u00f6gkvalitativa redskapsboden fr\u00e5n [BRAND NAME]. Skydda dina v\u00e4rdefulla verktyg...","og_url":"https:\/\/truusk.store\/sv\/produkt\/truusk-metallforvaringsskjul-vaderbestandigt-rostfritt-lasbart-240-x-206-x-198-m-morkgra\/","og_site_name":"TRUUSK - Hem, Tr\u00e4dg\u00e5rd &amp; Fritid","article_modified_time":"2026-03-12T08:46:21+00:00","og_image":[{"width":2000,"height":2000,"url":"https:\/\/i0.wp.com\/truusk.se\/wp-content\/uploads\/2026\/01\/utrustningsskjul-av-metall-vaderbestandigt-rostfritt-lasbart-240-x-206-x-198-m-morkgra-1.webp?fit=2000%2C2000&ssl=1","type":"image\/webp"}],"twitter_card":"summary_large_image","twitter_misc":{"Ber\u00e4knad l\u00e4stid":"1 minut"},"schema":{"@context":"https:\/\/schema.org","@graph":[{"@type":"WebPage","@id":"https:\/\/truusk.store\/sv\/produkt\/truusk-metallforvaringsskjul-vaderbestandigt-rostfritt-lasbart-240-x-206-x-198-m-morkgra\/","url":"https:\/\/truusk.store\/sv\/produkt\/truusk-metallforvaringsskjul-vaderbestandigt-rostfritt-lasbart-240-x-206-x-198-m-morkgra\/","name":"TRUUSK Metallf\u00f6rvaringsskjul - V\u00e4derbest\u00e4ndigt &amp; Rostfritt - L\u00e5sbart - 2,40 x 2,06 x 1,98 m - M\u00f6rkgr\u00e5 - TRUUSK - Hem, Tr\u00e4dg\u00e5rd &amp; Fritid","isPartOf":{"@id":"https:\/\/truusk.store\/sv\/#website"},"primaryImageOfPage":{"@id":"https:\/\/truusk.store\/sv\/produkt\/truusk-metallforvaringsskjul-vaderbestandigt-rostfritt-lasbart-240-x-206-x-198-m-morkgra\/#primaryimage"},"image":{"@id":"https:\/\/truusk.store\/sv\/produkt\/truusk-metallforvaringsskjul-vaderbestandigt-rostfritt-lasbart-240-x-206-x-198-m-morkgra\/#primaryimage"},"thumbnailUrl":"https:\/\/i0.wp.com\/truusk.store\/wp-content\/uploads\/2026\/01\/utrustningsskjul-av-metall-vaderbestandigt-rostfritt-lasbart-240-x-206-x-198-m-morkgra-1.webp?fit=2000%2C2000&ssl=1","datePublished":"2026-01-06T11:57:08+00:00","dateModified":"2026-03-12T08:46:21+00:00","breadcrumb":{"@id":"https:\/\/truusk.store\/sv\/produkt\/truusk-metallforvaringsskjul-vaderbestandigt-rostfritt-lasbart-240-x-206-x-198-m-morkgra\/#breadcrumb"},"inLanguage":"sv-SE","potentialAction":[{"@type":"ReadAction","target":["https:\/\/truusk.store\/sv\/produkt\/truusk-metallforvaringsskjul-vaderbestandigt-rostfritt-lasbart-240-x-206-x-198-m-morkgra\/"]}]},{"@type":"ImageObject","inLanguage":"sv-SE","@id":"https:\/\/truusk.store\/sv\/produkt\/truusk-metallforvaringsskjul-vaderbestandigt-rostfritt-lasbart-240-x-206-x-198-m-morkgra\/#primaryimage","url":"https:\/\/i0.wp.com\/truusk.store\/wp-content\/uploads\/2026\/01\/utrustningsskjul-av-metall-vaderbestandigt-rostfritt-lasbart-240-x-206-x-198-m-morkgra-1.webp?fit=2000%2C2000&ssl=1","contentUrl":"https:\/\/i0.wp.com\/truusk.store\/wp-content\/uploads\/2026\/01\/utrustningsskjul-av-metall-vaderbestandigt-rostfritt-lasbart-240-x-206-x-198-m-morkgra-1.webp?fit=2000%2C2000&ssl=1","width":2000,"height":2000},{"@type":"BreadcrumbList","@id":"https:\/\/truusk.store\/sv\/produkt\/truusk-metallforvaringsskjul-vaderbestandigt-rostfritt-lasbart-240-x-206-x-198-m-morkgra\/#breadcrumb","itemListElement":[{"@type":"ListItem","position":1,"name":"Home","item":"https:\/\/truusk.store\/sv\/"},{"@type":"ListItem","position":2,"name":"Shop","item":"https:\/\/truusk.store\/shop\/"},{"@type":"ListItem","position":3,"name":"TRUUSK Metallf\u00f6rvaringsskjul &#8211; V\u00e4derbest\u00e4ndigt &amp; Rostfritt &#8211; L\u00e5sbart &#8211; 2,40 x 2,06 x 1,98 m &#8211; M\u00f6rkgr\u00e5"}]},{"@type":"WebSite","@id":"https:\/\/truusk.store\/sv\/#website","url":"https:\/\/truusk.store\/sv\/","name":"TRUUSK - Hem, Tr\u00e4dg\u00e5rd & Fritid","description":"","publisher":{"@id":"https:\/\/truusk.store\/sv\/#organization"},"potentialAction":[{"@type":"SearchAction","target":{"@type":"EntryPoint","urlTemplate":"https:\/\/truusk.store\/sv\/?s={search_term_string}"},"query-input":{"@type":"PropertyValueSpecification","valueRequired":true,"valueName":"search_term_string"}}],"inLanguage":"sv-SE"},{"@type":"Organization","@id":"https:\/\/truusk.store\/sv\/#organization","name":"TRUUSK - Hem, Tr\u00e4dg\u00e5rd & Fritid","url":"https:\/\/truusk.store\/sv\/","logo":{"@type":"ImageObject","inLanguage":"sv-SE","@id":"https:\/\/truusk.store\/sv\/#\/schema\/logo\/image\/","url":"https:\/\/i0.wp.com\/truusk.store\/wp-content\/uploads\/2026\/03\/cropped-TRUUSK.png?fit=2032%2C917&ssl=1","contentUrl":"https:\/\/i0.wp.com\/truusk.store\/wp-content\/uploads\/2026\/03\/cropped-TRUUSK.png?fit=2032%2C917&ssl=1","width":2032,"height":917,"caption":"TRUUSK - Hem, Tr\u00e4dg\u00e5rd & Fritid"},"image":{"@id":"https:\/\/truusk.store\/sv\/#\/schema\/logo\/image\/"}}]}},"jetpack_sharing_enabled":true,"_links":{"self":[{"href":"https:\/\/truusk.store\/sv\/wp-json\/wp\/v2\/product\/98568","targetHints":{"allow":["GET"]}}],"collection":[{"href":"https:\/\/truusk.store\/sv\/wp-json\/wp\/v2\/product"}],"about":[{"href":"https:\/\/truusk.store\/sv\/wp-json\/wp\/v2\/types\/product"}],"wp:featuredmedia":[{"embeddable":true,"href":"https:\/\/truusk.store\/sv\/wp-json\/wp\/v2\/media\/98554"}],"wp:attachment":[{"href":"https:\/\/truusk.store\/sv\/wp-json\/wp\/v2\/media?parent=98568"}],"wp:term":[{"taxonomy":"product_brand","embeddable":true,"href":"https:\/\/truusk.store\/sv\/wp-json\/wp\/v2\/product_brand?post=98568"},{"taxonomy":"product_cat","embeddable":true,"href":"https:\/\/truusk.store\/sv\/wp-json\/wp\/v2\/product_cat?post=98568"},{"taxonomy":"product_tag","embeddable":true,"href":"https:\/\/truusk.store\/sv\/wp-json\/wp\/v2\/product_tag?post=98568"}],"curies":[{"name":"wp","href":"https:\/\/api.w.org\/{rel}","templated":true}]}}