{"id":98628,"date":"2026-01-06T13:02:50","date_gmt":"2026-01-06T12:02:50","guid":{"rendered":"https:\/\/truusk.store\/product\/reservvaxthusoverdrag-vaderbestandigt-400-cm-x-300-cm-x-200-cm-transparent-gron\/"},"modified":"2026-03-12T09:46:49","modified_gmt":"2026-03-12T08:46:49","slug":"truusk-reservvaxthusoverdrag-vaderbestandigt-transparent-400-cm-x-300-cm-x-200-cm-gron","status":"publish","type":"product","link":"https:\/\/truusk.store\/sv\/produkt\/truusk-reservvaxthusoverdrag-vaderbestandigt-transparent-400-cm-x-300-cm-x-200-cm-gron\/","title":{"rendered":"TRUUSK Reservv\u00e4xthus\u00f6verdrag &#8211; V\u00e4derbest\u00e4ndigt &#8211; Transparent &#8211; 400 cm x 300 cm x 200 cm &#8211; Gr\u00f6n"},"content":{"rendered":"<p>Med denna t\u00e4ckfilm f\u00f6r v\u00e4xthus fr\u00e5n [BRAND NAME] kan du forts\u00e4tta odla dina v\u00e4xter \u00e4ven om det gamla h\u00f6ljet skadas. Den \u00e4r gjord av PE-n\u00e4ttyg som skyddar dina v\u00e4xter mot l\u00e4tt regn, vind och direkt solljus. Underkanten \u00e4r runt 15 cm l\u00e5ng och ger utrymme f\u00f6r extra vikt f\u00f6r att h\u00e5lla t\u00e4ckningen p\u00e5 plats. \u00c5tta upprullbara f\u00f6nster ger luftcirkulation och en stor dragkedjad d\u00f6rr underl\u00e4ttar tillg\u00e5ngen.<\/p>\n<p>Beskrivning:<\/p>\n<ul>\n<li> L\u00e4mplig v\u00e4xthusfilm f\u00f6r g\u00e5ngbara tunnelv\u00e4xthus<\/li>\n<li> Tillverkad av en h\u00e5llbar, rivstark och luftgenomtr\u00e4nglig v\u00e4xthusfilm<\/li>\n<li> Skyddar v\u00e4xterna p\u00e5 vintern mot kyla, frost och hagel<\/li>\n<li> Stimulerar tillv\u00e4xten p\u00e5 v\u00e5ren och sommaren<\/li>\n<li> Upprullbar fr\u00e4mre d\u00f6rr p\u00e5 v\u00e4xthusfilmen f\u00f6r snabb och enkel tillg\u00e5ng<\/li>\n<li> 8 f\u00f6nster p\u00e5 tomathusfilmen f\u00f6r f\u00f6rb\u00e4ttrad ventilation och mer solljus<\/li>\n<li> De 15 cm f\u00f6rl\u00e4ngda kanterna b\u00f6r gr\u00e4vas djupt in i marken<\/li>\n<li> Montering kr\u00e4vs<\/li>\n<li> Obs: Endast film ing\u00e5r, inget stomme! Denna produkt \u00e4r avsedd som en ers\u00e4ttningsduk f\u00f6r ett redan existerande l\u00e4mpligt v\u00e4xthus<\/li>\n<\/ul>\n<p> Tekniska data:<\/p>\n<ul>\n<li> F\u00e4rg: Gr\u00f6n<\/li>\n<li> Material: PE<\/li>\n<li> Totala dimensioner: 400L x 300B x 200H cm<\/li>\n<li> D\u00f6rrstorlek: 200L x 165B cm<\/li>\n<li> F\u00f6nsterstorlek: 37L x 37B cm<\/li>\n<li> Obs: Endast film ing\u00e5r, inget stomme! Denna produkt \u00e4r avsedd som en ers\u00e4ttningsduk f\u00f6r ett redan existerande l\u00e4mpligt v\u00e4xthus<\/li>\n<\/ul>\n<p>Leveransinneh\u00e5ll:<\/p>\n<ul>\n<li> 1 x T\u00e4ckning f\u00f6r tunnelv\u00e4xthus;<\/li>\n<\/ul>\n","protected":false},"excerpt":{"rendered":"<p>Med denna t\u00e4ckfilm f\u00f6r v\u00e4xthus fr\u00e5n [BRAND NAME] kan du forts\u00e4tta odla dina v\u00e4xter \u00e4ven om det gamla h\u00f6ljet skadas&#8230;.<\/p>\n","protected":false},"featured_media":98617,"template":"","meta":[],"product_brand":[],"product_cat":[923,858,443],"product_tag":[],"class_list":{"0":"post-98628","1":"product","2":"type-product","3":"status-publish","4":"has-post-thumbnail","6":"product_cat-plastfilm-vaxthus","7":"product_cat-tradgard-terrass","8":"product_cat-vaxthus-tradgardsskotsel","10":"first","11":"instock","12":"sale","13":"taxable","14":"shipping-taxable","15":"purchasable","16":"product-type-simple"},"yoast_head":"<!-- This site is optimized with the Yoast SEO plugin v25.4 - https:\/\/yoast.com\/wordpress\/plugins\/seo\/ -->\n<title>TRUUSK Reservv\u00e4xthus\u00f6verdrag - V\u00e4derbest\u00e4ndigt - Transparent - 400 cm x 300 cm x 200 cm - Gr\u00f6n - TRUUSK - Hem, Tr\u00e4dg\u00e5rd &amp; Fritid<\/title>\n<meta name=\"robots\" content=\"index, follow, max-snippet:-1, max-image-preview:large, max-video-preview:-1\" \/>\n<link rel=\"canonical\" href=\"https:\/\/truusk.store\/sv\/produkt\/truusk-reservvaxthusoverdrag-vaderbestandigt-transparent-400-cm-x-300-cm-x-200-cm-gron\/\" \/>\n<meta property=\"og:locale\" content=\"sv_SE\" \/>\n<meta property=\"og:type\" content=\"article\" \/>\n<meta property=\"og:title\" content=\"TRUUSK Reservv\u00e4xthus\u00f6verdrag - V\u00e4derbest\u00e4ndigt - Transparent - 400 cm x 300 cm x 200 cm - Gr\u00f6n - TRUUSK - Hem, Tr\u00e4dg\u00e5rd &amp; Fritid\" \/>\n<meta property=\"og:description\" content=\"Med denna t\u00e4ckfilm f\u00f6r v\u00e4xthus fr\u00e5n [BRAND NAME] kan du forts\u00e4tta odla dina v\u00e4xter \u00e4ven om det gamla h\u00f6ljet skadas....\" \/>\n<meta property=\"og:url\" content=\"https:\/\/truusk.store\/sv\/produkt\/truusk-reservvaxthusoverdrag-vaderbestandigt-transparent-400-cm-x-300-cm-x-200-cm-gron\/\" \/>\n<meta property=\"og:site_name\" content=\"TRUUSK - Hem, Tr\u00e4dg\u00e5rd &amp; Fritid\" \/>\n<meta property=\"article:modified_time\" content=\"2026-03-12T08:46:49+00:00\" \/>\n<meta property=\"og:image\" content=\"https:\/\/i0.wp.com\/truusk.se\/wp-content\/uploads\/2026\/01\/reservvaxthusoverdrag-vaderbestandigt-400-cm-x-300-cm-x-200-cm-transparent-gron-1.webp?fit=2000%2C2000&ssl=1\" \/>\n\t<meta property=\"og:image:width\" content=\"2000\" \/>\n\t<meta property=\"og:image:height\" content=\"2000\" \/>\n\t<meta property=\"og:image:type\" content=\"image\/webp\" \/>\n<meta name=\"twitter:card\" content=\"summary_large_image\" \/>\n<meta name=\"twitter:label1\" content=\"Ber\u00e4knad l\u00e4stid\" \/>\n\t<meta name=\"twitter:data1\" content=\"1 minut\" \/>\n<!-- \/ Yoast SEO plugin. -->","yoast_head_json":{"title":"TRUUSK Reservv\u00e4xthus\u00f6verdrag - V\u00e4derbest\u00e4ndigt - Transparent - 400 cm x 300 cm x 200 cm - Gr\u00f6n - TRUUSK - Hem, Tr\u00e4dg\u00e5rd &amp; Fritid","robots":{"index":"index","follow":"follow","max-snippet":"max-snippet:-1","max-image-preview":"max-image-preview:large","max-video-preview":"max-video-preview:-1"},"canonical":"https:\/\/truusk.store\/sv\/produkt\/truusk-reservvaxthusoverdrag-vaderbestandigt-transparent-400-cm-x-300-cm-x-200-cm-gron\/","og_locale":"sv_SE","og_type":"article","og_title":"TRUUSK Reservv\u00e4xthus\u00f6verdrag - V\u00e4derbest\u00e4ndigt - Transparent - 400 cm x 300 cm x 200 cm - Gr\u00f6n - TRUUSK - Hem, Tr\u00e4dg\u00e5rd &amp; Fritid","og_description":"Med denna t\u00e4ckfilm f\u00f6r v\u00e4xthus fr\u00e5n [BRAND NAME] kan du forts\u00e4tta odla dina v\u00e4xter \u00e4ven om det gamla h\u00f6ljet skadas....","og_url":"https:\/\/truusk.store\/sv\/produkt\/truusk-reservvaxthusoverdrag-vaderbestandigt-transparent-400-cm-x-300-cm-x-200-cm-gron\/","og_site_name":"TRUUSK - Hem, Tr\u00e4dg\u00e5rd &amp; Fritid","article_modified_time":"2026-03-12T08:46:49+00:00","og_image":[{"width":2000,"height":2000,"url":"https:\/\/i0.wp.com\/truusk.se\/wp-content\/uploads\/2026\/01\/reservvaxthusoverdrag-vaderbestandigt-400-cm-x-300-cm-x-200-cm-transparent-gron-1.webp?fit=2000%2C2000&ssl=1","type":"image\/webp"}],"twitter_card":"summary_large_image","twitter_misc":{"Ber\u00e4knad l\u00e4stid":"1 minut"},"schema":{"@context":"https:\/\/schema.org","@graph":[{"@type":"WebPage","@id":"https:\/\/truusk.store\/sv\/produkt\/truusk-reservvaxthusoverdrag-vaderbestandigt-transparent-400-cm-x-300-cm-x-200-cm-gron\/","url":"https:\/\/truusk.store\/sv\/produkt\/truusk-reservvaxthusoverdrag-vaderbestandigt-transparent-400-cm-x-300-cm-x-200-cm-gron\/","name":"TRUUSK Reservv\u00e4xthus\u00f6verdrag - V\u00e4derbest\u00e4ndigt - Transparent - 400 cm x 300 cm x 200 cm - Gr\u00f6n - TRUUSK - Hem, Tr\u00e4dg\u00e5rd &amp; Fritid","isPartOf":{"@id":"https:\/\/truusk.store\/sv\/#website"},"primaryImageOfPage":{"@id":"https:\/\/truusk.store\/sv\/produkt\/truusk-reservvaxthusoverdrag-vaderbestandigt-transparent-400-cm-x-300-cm-x-200-cm-gron\/#primaryimage"},"image":{"@id":"https:\/\/truusk.store\/sv\/produkt\/truusk-reservvaxthusoverdrag-vaderbestandigt-transparent-400-cm-x-300-cm-x-200-cm-gron\/#primaryimage"},"thumbnailUrl":"https:\/\/i0.wp.com\/truusk.store\/wp-content\/uploads\/2026\/01\/reservvaxthusoverdrag-vaderbestandigt-400-cm-x-300-cm-x-200-cm-transparent-gron-1.webp?fit=2000%2C2000&ssl=1","datePublished":"2026-01-06T12:02:50+00:00","dateModified":"2026-03-12T08:46:49+00:00","breadcrumb":{"@id":"https:\/\/truusk.store\/sv\/produkt\/truusk-reservvaxthusoverdrag-vaderbestandigt-transparent-400-cm-x-300-cm-x-200-cm-gron\/#breadcrumb"},"inLanguage":"sv-SE","potentialAction":[{"@type":"ReadAction","target":["https:\/\/truusk.store\/sv\/produkt\/truusk-reservvaxthusoverdrag-vaderbestandigt-transparent-400-cm-x-300-cm-x-200-cm-gron\/"]}]},{"@type":"ImageObject","inLanguage":"sv-SE","@id":"https:\/\/truusk.store\/sv\/produkt\/truusk-reservvaxthusoverdrag-vaderbestandigt-transparent-400-cm-x-300-cm-x-200-cm-gron\/#primaryimage","url":"https:\/\/i0.wp.com\/truusk.store\/wp-content\/uploads\/2026\/01\/reservvaxthusoverdrag-vaderbestandigt-400-cm-x-300-cm-x-200-cm-transparent-gron-1.webp?fit=2000%2C2000&ssl=1","contentUrl":"https:\/\/i0.wp.com\/truusk.store\/wp-content\/uploads\/2026\/01\/reservvaxthusoverdrag-vaderbestandigt-400-cm-x-300-cm-x-200-cm-transparent-gron-1.webp?fit=2000%2C2000&ssl=1","width":2000,"height":2000},{"@type":"BreadcrumbList","@id":"https:\/\/truusk.store\/sv\/produkt\/truusk-reservvaxthusoverdrag-vaderbestandigt-transparent-400-cm-x-300-cm-x-200-cm-gron\/#breadcrumb","itemListElement":[{"@type":"ListItem","position":1,"name":"Home","item":"https:\/\/truusk.store\/sv\/"},{"@type":"ListItem","position":2,"name":"Shop","item":"https:\/\/truusk.store\/shop\/"},{"@type":"ListItem","position":3,"name":"TRUUSK Reservv\u00e4xthus\u00f6verdrag &#8211; V\u00e4derbest\u00e4ndigt &#8211; Transparent &#8211; 400 cm x 300 cm x 200 cm &#8211; Gr\u00f6n"}]},{"@type":"WebSite","@id":"https:\/\/truusk.store\/sv\/#website","url":"https:\/\/truusk.store\/sv\/","name":"TRUUSK - Hem, Tr\u00e4dg\u00e5rd & Fritid","description":"","publisher":{"@id":"https:\/\/truusk.store\/sv\/#organization"},"potentialAction":[{"@type":"SearchAction","target":{"@type":"EntryPoint","urlTemplate":"https:\/\/truusk.store\/sv\/?s={search_term_string}"},"query-input":{"@type":"PropertyValueSpecification","valueRequired":true,"valueName":"search_term_string"}}],"inLanguage":"sv-SE"},{"@type":"Organization","@id":"https:\/\/truusk.store\/sv\/#organization","name":"TRUUSK - Hem, Tr\u00e4dg\u00e5rd & Fritid","url":"https:\/\/truusk.store\/sv\/","logo":{"@type":"ImageObject","inLanguage":"sv-SE","@id":"https:\/\/truusk.store\/sv\/#\/schema\/logo\/image\/","url":"https:\/\/i0.wp.com\/truusk.store\/wp-content\/uploads\/2026\/03\/cropped-TRUUSK.png?fit=2032%2C917&ssl=1","contentUrl":"https:\/\/i0.wp.com\/truusk.store\/wp-content\/uploads\/2026\/03\/cropped-TRUUSK.png?fit=2032%2C917&ssl=1","width":2032,"height":917,"caption":"TRUUSK - Hem, Tr\u00e4dg\u00e5rd & Fritid"},"image":{"@id":"https:\/\/truusk.store\/sv\/#\/schema\/logo\/image\/"}}]}},"jetpack_sharing_enabled":true,"_links":{"self":[{"href":"https:\/\/truusk.store\/sv\/wp-json\/wp\/v2\/product\/98628","targetHints":{"allow":["GET"]}}],"collection":[{"href":"https:\/\/truusk.store\/sv\/wp-json\/wp\/v2\/product"}],"about":[{"href":"https:\/\/truusk.store\/sv\/wp-json\/wp\/v2\/types\/product"}],"wp:featuredmedia":[{"embeddable":true,"href":"https:\/\/truusk.store\/sv\/wp-json\/wp\/v2\/media\/98617"}],"wp:attachment":[{"href":"https:\/\/truusk.store\/sv\/wp-json\/wp\/v2\/media?parent=98628"}],"wp:term":[{"taxonomy":"product_brand","embeddable":true,"href":"https:\/\/truusk.store\/sv\/wp-json\/wp\/v2\/product_brand?post=98628"},{"taxonomy":"product_cat","embeddable":true,"href":"https:\/\/truusk.store\/sv\/wp-json\/wp\/v2\/product_cat?post=98628"},{"taxonomy":"product_tag","embeddable":true,"href":"https:\/\/truusk.store\/sv\/wp-json\/wp\/v2\/product_tag?post=98628"}],"curies":[{"name":"wp","href":"https:\/\/api.w.org\/{rel}","templated":true}]}}