{"id":98648,"date":"2026-01-06T13:04:54","date_gmt":"2026-01-06T12:04:54","guid":{"rendered":"https:\/\/truusk.store\/product\/metalltradgardsskjul-redskapsskjul-dubbeldorr-249-x-121-x-166-183cm-ljusgra\/"},"modified":"2026-03-12T09:47:02","modified_gmt":"2026-03-12T08:47:02","slug":"truusk-metalltradgardsskjul-redskapsskjul-med-dubbeldorr-249-x-121-x-166-183cm-ljusgra","status":"publish","type":"product","link":"https:\/\/truusk.store\/sv\/produkt\/truusk-metalltradgardsskjul-redskapsskjul-med-dubbeldorr-249-x-121-x-166-183cm-ljusgra\/","title":{"rendered":"TRUUSK Metalltr\u00e4dg\u00e5rdsskjul &#8211; Redskapsskjul med Dubbeld\u00f6rr &#8211; 249 X 121 X 166\/183cm &#8211; Ljusgr\u00e5"},"content":{"rendered":"<p>Skapa extra f\u00f6rvaringsutrymme och s\u00e4kerhet i din tr\u00e4dg\u00e5rd! F\u00f6rvara dina tr\u00e4dg\u00e5rdsverktyg s\u00e4kert och organiserat i v\u00e5rt robusta [BRAND NAME] redskapsskjul. Ventilationsf\u00f6nstren i tr\u00e4dg\u00e5rdsredskapshuset f\u00f6rhindrar m\u00f6gel och lukt, medan de l\u00e5sbara d\u00f6rrarna skyddar dina verktyg fr\u00e5n o\u00f6nskade g\u00e4ster. I detta tr\u00e4dg\u00e5rdsskjul hittar tr\u00e4dg\u00e5rdsverktyg, pooltillbeh\u00f6r och verktyg den perfekta f\u00f6rvaringsplatsen. S\u00e4g adj\u00f6 till tr\u00e4dg\u00e5rdskaos och hej till ett harmoniskt, gr\u00f6nt paradis!<\/p>\n<p>Beskrivning:<\/p>\n<ul>\n<li> Robust metallredskapsskjul f\u00f6r s\u00e4ker f\u00f6rvaring av tr\u00e4dg\u00e5rdsverktyg, verktyg etc.<\/li>\n<li> De innovativa horisontella v\u00e4ggpanelerna \u00f6kar monteringsinsatsen avsev\u00e4rt och effektiviteten med 25 %<\/li>\n<li> Dubbeld\u00f6rrar p\u00e5 metalltr\u00e4dg\u00e5rdshuset f\u00f6r bekv\u00e4m tillg\u00e5ng och ett l\u00e5s f\u00f6r extra s\u00e4kerhet<\/li>\n<li> Tv\u00e5 ventilations\u00f6ppningar i metallredskapshuset s\u00e4kerst\u00e4ller optimal luftcirkulation<\/li>\n<li> Den galvaniserade st\u00e5lkonstruktionen i tr\u00e4dg\u00e5rdshuset garanterar stabilitet och v\u00e4derbest\u00e4ndighet<\/li>\n<li> Inklusive monteringshandskar, rekommenderas f\u00f6r installation av 2-3 personer<\/li>\n<\/ul>\n<p> Tekniska data:<\/p>\n<ul>\n<li> F\u00e4rg: Ljusgr\u00e5<\/li>\n<li> Material: Galvaniserat st\u00e5l<\/li>\n<li> Totala dimensioner: 249L x 121B x 166\/183H cm<\/li>\n<li> Inre dimensioner: 227L x 101B cm<\/li>\n<li> Golvarea: 240L x 113B cm, 2,7 m\u00b2<\/li>\n<li> D\u00f6rrdimensioner: 150B x 162H cm<\/li>\n<li> Ventilationsdimensioner: 22,5B x 9,5H cm<\/li>\n<li> Sn\u00f6belastning: 30 kg\/m\u00b2<\/li>\n<\/ul>\n<p>Leverans:<\/p>\n<ul>\n<li> 1 x Tr\u00e4dg\u00e5rdsskjul<\/li>\n<li> 1 x Par handskar<\/li>\n<li> 1 x Handbok<\/li>\n<li>Viktigt: Vi levererar artikeln kostnadsfritt till trottoarkanten. Var v\u00e4nlig och se till att adressen och telefonnumret \u00e4r korrekt.<\/li>\n<\/ul>\n","protected":false},"excerpt":{"rendered":"<p>Skapa extra f\u00f6rvaringsutrymme och s\u00e4kerhet i din tr\u00e4dg\u00e5rd! F\u00f6rvara dina tr\u00e4dg\u00e5rdsverktyg s\u00e4kert och organiserat i v\u00e5rt robusta [BRAND NAME] redskapsskjul&#8230;.<\/p>\n","protected":false},"featured_media":98639,"template":"","meta":[],"product_brand":[],"product_cat":[901,858,1019],"product_tag":[],"class_list":{"0":"post-98648","1":"product","2":"type-product","3":"status-publish","4":"has-post-thumbnail","6":"product_cat-ordning-i-tradgarden","7":"product_cat-tradgard-terrass","8":"product_cat-verktygsskjul-och-verktygshus","10":"first","11":"instock","12":"sale","13":"taxable","14":"shipping-taxable","15":"purchasable","16":"product-type-simple"},"yoast_head":"<!-- This site is optimized with the Yoast SEO plugin v25.4 - https:\/\/yoast.com\/wordpress\/plugins\/seo\/ -->\n<title>TRUUSK Metalltr\u00e4dg\u00e5rdsskjul - Redskapsskjul med Dubbeld\u00f6rr - 249 X 121 X 166\/183cm - Ljusgr\u00e5 - TRUUSK - Hem, Tr\u00e4dg\u00e5rd &amp; Fritid<\/title>\n<meta name=\"robots\" content=\"index, follow, max-snippet:-1, max-image-preview:large, max-video-preview:-1\" \/>\n<link rel=\"canonical\" href=\"https:\/\/truusk.store\/sv\/produkt\/truusk-metalltradgardsskjul-redskapsskjul-med-dubbeldorr-249-x-121-x-166-183cm-ljusgra\/\" \/>\n<meta property=\"og:locale\" content=\"sv_SE\" \/>\n<meta property=\"og:type\" content=\"article\" \/>\n<meta property=\"og:title\" content=\"TRUUSK Metalltr\u00e4dg\u00e5rdsskjul - Redskapsskjul med Dubbeld\u00f6rr - 249 X 121 X 166\/183cm - Ljusgr\u00e5 - TRUUSK - Hem, Tr\u00e4dg\u00e5rd &amp; Fritid\" \/>\n<meta property=\"og:description\" content=\"Skapa extra f\u00f6rvaringsutrymme och s\u00e4kerhet i din tr\u00e4dg\u00e5rd! F\u00f6rvara dina tr\u00e4dg\u00e5rdsverktyg s\u00e4kert och organiserat i v\u00e5rt robusta [BRAND NAME] redskapsskjul....\" \/>\n<meta property=\"og:url\" content=\"https:\/\/truusk.store\/sv\/produkt\/truusk-metalltradgardsskjul-redskapsskjul-med-dubbeldorr-249-x-121-x-166-183cm-ljusgra\/\" \/>\n<meta property=\"og:site_name\" content=\"TRUUSK - Hem, Tr\u00e4dg\u00e5rd &amp; Fritid\" \/>\n<meta property=\"article:modified_time\" content=\"2026-03-12T08:47:02+00:00\" \/>\n<meta property=\"og:image\" content=\"https:\/\/i0.wp.com\/truusk.se\/wp-content\/uploads\/2026\/01\/metalltradgardsskjul-redskapsskjul-dubbeldorr-249-x-121-x-166-183cm-ljusgra-1.webp?fit=2000%2C2000&ssl=1\" \/>\n\t<meta property=\"og:image:width\" content=\"2000\" \/>\n\t<meta property=\"og:image:height\" content=\"2000\" \/>\n\t<meta property=\"og:image:type\" content=\"image\/webp\" \/>\n<meta name=\"twitter:card\" content=\"summary_large_image\" \/>\n<meta name=\"twitter:label1\" content=\"Ber\u00e4knad l\u00e4stid\" \/>\n\t<meta name=\"twitter:data1\" content=\"1 minut\" \/>\n<!-- \/ Yoast SEO plugin. -->","yoast_head_json":{"title":"TRUUSK Metalltr\u00e4dg\u00e5rdsskjul - Redskapsskjul med Dubbeld\u00f6rr - 249 X 121 X 166\/183cm - Ljusgr\u00e5 - TRUUSK - Hem, Tr\u00e4dg\u00e5rd &amp; Fritid","robots":{"index":"index","follow":"follow","max-snippet":"max-snippet:-1","max-image-preview":"max-image-preview:large","max-video-preview":"max-video-preview:-1"},"canonical":"https:\/\/truusk.store\/sv\/produkt\/truusk-metalltradgardsskjul-redskapsskjul-med-dubbeldorr-249-x-121-x-166-183cm-ljusgra\/","og_locale":"sv_SE","og_type":"article","og_title":"TRUUSK Metalltr\u00e4dg\u00e5rdsskjul - Redskapsskjul med Dubbeld\u00f6rr - 249 X 121 X 166\/183cm - Ljusgr\u00e5 - TRUUSK - Hem, Tr\u00e4dg\u00e5rd &amp; Fritid","og_description":"Skapa extra f\u00f6rvaringsutrymme och s\u00e4kerhet i din tr\u00e4dg\u00e5rd! F\u00f6rvara dina tr\u00e4dg\u00e5rdsverktyg s\u00e4kert och organiserat i v\u00e5rt robusta [BRAND NAME] redskapsskjul....","og_url":"https:\/\/truusk.store\/sv\/produkt\/truusk-metalltradgardsskjul-redskapsskjul-med-dubbeldorr-249-x-121-x-166-183cm-ljusgra\/","og_site_name":"TRUUSK - Hem, Tr\u00e4dg\u00e5rd &amp; Fritid","article_modified_time":"2026-03-12T08:47:02+00:00","og_image":[{"width":2000,"height":2000,"url":"https:\/\/i0.wp.com\/truusk.se\/wp-content\/uploads\/2026\/01\/metalltradgardsskjul-redskapsskjul-dubbeldorr-249-x-121-x-166-183cm-ljusgra-1.webp?fit=2000%2C2000&ssl=1","type":"image\/webp"}],"twitter_card":"summary_large_image","twitter_misc":{"Ber\u00e4knad l\u00e4stid":"1 minut"},"schema":{"@context":"https:\/\/schema.org","@graph":[{"@type":"WebPage","@id":"https:\/\/truusk.store\/sv\/produkt\/truusk-metalltradgardsskjul-redskapsskjul-med-dubbeldorr-249-x-121-x-166-183cm-ljusgra\/","url":"https:\/\/truusk.store\/sv\/produkt\/truusk-metalltradgardsskjul-redskapsskjul-med-dubbeldorr-249-x-121-x-166-183cm-ljusgra\/","name":"TRUUSK Metalltr\u00e4dg\u00e5rdsskjul - Redskapsskjul med Dubbeld\u00f6rr - 249 X 121 X 166\/183cm - Ljusgr\u00e5 - TRUUSK - Hem, Tr\u00e4dg\u00e5rd &amp; Fritid","isPartOf":{"@id":"https:\/\/truusk.store\/sv\/#website"},"primaryImageOfPage":{"@id":"https:\/\/truusk.store\/sv\/produkt\/truusk-metalltradgardsskjul-redskapsskjul-med-dubbeldorr-249-x-121-x-166-183cm-ljusgra\/#primaryimage"},"image":{"@id":"https:\/\/truusk.store\/sv\/produkt\/truusk-metalltradgardsskjul-redskapsskjul-med-dubbeldorr-249-x-121-x-166-183cm-ljusgra\/#primaryimage"},"thumbnailUrl":"https:\/\/i0.wp.com\/truusk.store\/wp-content\/uploads\/2026\/01\/metalltradgardsskjul-redskapsskjul-dubbeldorr-249-x-121-x-166-183cm-ljusgra-1.webp?fit=2000%2C2000&ssl=1","datePublished":"2026-01-06T12:04:54+00:00","dateModified":"2026-03-12T08:47:02+00:00","breadcrumb":{"@id":"https:\/\/truusk.store\/sv\/produkt\/truusk-metalltradgardsskjul-redskapsskjul-med-dubbeldorr-249-x-121-x-166-183cm-ljusgra\/#breadcrumb"},"inLanguage":"sv-SE","potentialAction":[{"@type":"ReadAction","target":["https:\/\/truusk.store\/sv\/produkt\/truusk-metalltradgardsskjul-redskapsskjul-med-dubbeldorr-249-x-121-x-166-183cm-ljusgra\/"]}]},{"@type":"ImageObject","inLanguage":"sv-SE","@id":"https:\/\/truusk.store\/sv\/produkt\/truusk-metalltradgardsskjul-redskapsskjul-med-dubbeldorr-249-x-121-x-166-183cm-ljusgra\/#primaryimage","url":"https:\/\/i0.wp.com\/truusk.store\/wp-content\/uploads\/2026\/01\/metalltradgardsskjul-redskapsskjul-dubbeldorr-249-x-121-x-166-183cm-ljusgra-1.webp?fit=2000%2C2000&ssl=1","contentUrl":"https:\/\/i0.wp.com\/truusk.store\/wp-content\/uploads\/2026\/01\/metalltradgardsskjul-redskapsskjul-dubbeldorr-249-x-121-x-166-183cm-ljusgra-1.webp?fit=2000%2C2000&ssl=1","width":2000,"height":2000},{"@type":"BreadcrumbList","@id":"https:\/\/truusk.store\/sv\/produkt\/truusk-metalltradgardsskjul-redskapsskjul-med-dubbeldorr-249-x-121-x-166-183cm-ljusgra\/#breadcrumb","itemListElement":[{"@type":"ListItem","position":1,"name":"Home","item":"https:\/\/truusk.store\/sv\/"},{"@type":"ListItem","position":2,"name":"Shop","item":"https:\/\/truusk.store\/shop\/"},{"@type":"ListItem","position":3,"name":"TRUUSK Metalltr\u00e4dg\u00e5rdsskjul &#8211; Redskapsskjul med Dubbeld\u00f6rr &#8211; 249 X 121 X 166\/183cm &#8211; Ljusgr\u00e5"}]},{"@type":"WebSite","@id":"https:\/\/truusk.store\/sv\/#website","url":"https:\/\/truusk.store\/sv\/","name":"TRUUSK - Hem, Tr\u00e4dg\u00e5rd & Fritid","description":"","publisher":{"@id":"https:\/\/truusk.store\/sv\/#organization"},"potentialAction":[{"@type":"SearchAction","target":{"@type":"EntryPoint","urlTemplate":"https:\/\/truusk.store\/sv\/?s={search_term_string}"},"query-input":{"@type":"PropertyValueSpecification","valueRequired":true,"valueName":"search_term_string"}}],"inLanguage":"sv-SE"},{"@type":"Organization","@id":"https:\/\/truusk.store\/sv\/#organization","name":"TRUUSK - Hem, Tr\u00e4dg\u00e5rd & Fritid","url":"https:\/\/truusk.store\/sv\/","logo":{"@type":"ImageObject","inLanguage":"sv-SE","@id":"https:\/\/truusk.store\/sv\/#\/schema\/logo\/image\/","url":"https:\/\/i0.wp.com\/truusk.store\/wp-content\/uploads\/2026\/03\/cropped-TRUUSK.png?fit=2032%2C917&ssl=1","contentUrl":"https:\/\/i0.wp.com\/truusk.store\/wp-content\/uploads\/2026\/03\/cropped-TRUUSK.png?fit=2032%2C917&ssl=1","width":2032,"height":917,"caption":"TRUUSK - Hem, Tr\u00e4dg\u00e5rd & Fritid"},"image":{"@id":"https:\/\/truusk.store\/sv\/#\/schema\/logo\/image\/"}}]}},"jetpack_sharing_enabled":true,"_links":{"self":[{"href":"https:\/\/truusk.store\/sv\/wp-json\/wp\/v2\/product\/98648","targetHints":{"allow":["GET"]}}],"collection":[{"href":"https:\/\/truusk.store\/sv\/wp-json\/wp\/v2\/product"}],"about":[{"href":"https:\/\/truusk.store\/sv\/wp-json\/wp\/v2\/types\/product"}],"wp:featuredmedia":[{"embeddable":true,"href":"https:\/\/truusk.store\/sv\/wp-json\/wp\/v2\/media\/98639"}],"wp:attachment":[{"href":"https:\/\/truusk.store\/sv\/wp-json\/wp\/v2\/media?parent=98648"}],"wp:term":[{"taxonomy":"product_brand","embeddable":true,"href":"https:\/\/truusk.store\/sv\/wp-json\/wp\/v2\/product_brand?post=98648"},{"taxonomy":"product_cat","embeddable":true,"href":"https:\/\/truusk.store\/sv\/wp-json\/wp\/v2\/product_cat?post=98648"},{"taxonomy":"product_tag","embeddable":true,"href":"https:\/\/truusk.store\/sv\/wp-json\/wp\/v2\/product_tag?post=98648"}],"curies":[{"name":"wp","href":"https:\/\/api.w.org\/{rel}","templated":true}]}}