{"id":98665,"date":"2026-01-06T13:07:31","date_gmt":"2026-01-06T12:07:31","guid":{"rendered":"https:\/\/truusk.store\/product\/agility-set-hundar-3-delat-agility-utrustning-for-hundtraning-hoppset-med-6-koner-3-hinder-barpase\/"},"modified":"2026-03-12T08:42:11","modified_gmt":"2026-03-12T07:42:11","slug":"truusk-agility-set-for-hundar-3-delat-hundtraning-hoppset-6-koner-3-hinder-barpase","status":"publish","type":"product","link":"https:\/\/truusk.store\/sv\/produkt\/truusk-agility-set-for-hundar-3-delat-hundtraning-hoppset-6-koner-3-hinder-barpase\/","title":{"rendered":"TRUUSK Agility Set f\u00f6r Hundar &#8211; 3-delat Hundtr\u00e4ning Hoppset &#8211; 6 Koner &#8211; 3 Hinder &#8211; B\u00e4rp\u00e5se"},"content":{"rendered":"<p>F\u00f6rb\u00e4ttra din hunds potential med [BRAND NAME] hund-agilityset! \u00d6kar koncentration, kondition och koordination genom tre justerbara hopp, detta hopphinder-set passar alla storlekar och niv\u00e5er. Tillverkat av s\u00e4kert, l\u00e4tt ABS, \u00e4r detta hopphinder-set idealiskt f\u00f6r nyb\u00f6rjare och proffs inom hundtr\u00e4ning.<\/p>\n<p>Beskrivning:<\/p>\n<ul>\n<li> 3-delat agility-set inneh\u00e5ller 6 koner, 6 st\u00e4nger och en f\u00f6rvaringsp\u00e5se<\/li>\n<li> Fr\u00e4mjar hundens koncentration, kondition och koordination<\/li>\n<li> Tre justerbara h\u00f6jder p\u00e5 hundbanan anpassar sig till olika hundstorlekar<\/li>\n<li> Snabbt nedmonterbara st\u00e4nger och koner f\u00f6r enkel transport<\/li>\n<li> Inkluderar 600D Oxford-v\u00e4ska f\u00f6r att underl\u00e4tta lagring och mobilitet<\/li>\n<li> S\u00e4kert ABS-material i hopphinder-setet garanterar l\u00e4tt, st\u00f6ts\u00e4ker anv\u00e4ndning<\/li>\n<li> L\u00e4tt att reng\u00f6ra setet uppr\u00e4tth\u00e5ller hygien utan anstr\u00e4ngning<\/li>\n<li> Montering kr\u00e4vs.<\/li>\n<\/ul>\n<p> Tekniska data:<\/p>\n<ul>\n<li> F\u00e4rg: Orange+Gul<\/li>\n<li> Material: Plast<\/li>\n<li> Varje storlek: 80L x 22,5B x 30H cm<\/li>\n<li> Tv\u00e4rst\u00e5ng: 40L cm<\/li>\n<li> H\u00f6jdjusterbar: 6, 13,5, 20,5H cm<\/li>\n<li> Rakt r\u00f6rm\u00e5tt: \u00d825 x 1,9T mm<\/li>\n<\/ul>\n<p>Leveransinneh\u00e5ll:<\/p>\n<ul>\n<li> 6 x koner<\/li>\n<li> 6 x tv\u00e4rst\u00e4nger<\/li>\n<li> 3 x kopplingar<\/li>\n<li> 1 x v\u00e4ska<\/li>\n<li> 1 x manual<\/li>\n<\/ul>\n","protected":false},"excerpt":{"rendered":"<p>F\u00f6rb\u00e4ttra din hunds potential med [BRAND NAME] hund-agilityset! \u00d6kar koncentration, kondition och koordination genom tre justerbara hopp, detta hopphinder-set passar&#8230;<\/p>\n","protected":false},"featured_media":98655,"template":"","meta":[],"product_brand":[],"product_cat":[578,878,574],"product_tag":[],"class_list":{"0":"post-98665","1":"product","2":"type-product","3":"status-publish","4":"has-post-thumbnail","6":"product_cat-agility-set","7":"product_cat-djurbehov","8":"product_cat-hundtillbehor","10":"first","11":"instock","12":"sale","13":"taxable","14":"shipping-taxable","15":"purchasable","16":"product-type-simple"},"yoast_head":"<!-- This site is optimized with the Yoast SEO plugin v25.4 - https:\/\/yoast.com\/wordpress\/plugins\/seo\/ -->\n<title>TRUUSK Agility Set f\u00f6r Hundar - 3-delat Hundtr\u00e4ning Hoppset - 6 Koner - 3 Hinder - B\u00e4rp\u00e5se - TRUUSK - Hem, Tr\u00e4dg\u00e5rd &amp; Fritid<\/title>\n<meta name=\"robots\" content=\"index, follow, max-snippet:-1, max-image-preview:large, max-video-preview:-1\" \/>\n<link rel=\"canonical\" href=\"https:\/\/truusk.store\/sv\/produkt\/truusk-agility-set-for-hundar-3-delat-hundtraning-hoppset-6-koner-3-hinder-barpase\/\" \/>\n<meta property=\"og:locale\" content=\"sv_SE\" \/>\n<meta property=\"og:type\" content=\"article\" \/>\n<meta property=\"og:title\" content=\"TRUUSK Agility Set f\u00f6r Hundar - 3-delat Hundtr\u00e4ning Hoppset - 6 Koner - 3 Hinder - B\u00e4rp\u00e5se - TRUUSK - Hem, Tr\u00e4dg\u00e5rd &amp; Fritid\" \/>\n<meta property=\"og:description\" content=\"F\u00f6rb\u00e4ttra din hunds potential med [BRAND NAME] hund-agilityset! \u00d6kar koncentration, kondition och koordination genom tre justerbara hopp, detta hopphinder-set passar...\" \/>\n<meta property=\"og:url\" content=\"https:\/\/truusk.store\/sv\/produkt\/truusk-agility-set-for-hundar-3-delat-hundtraning-hoppset-6-koner-3-hinder-barpase\/\" \/>\n<meta property=\"og:site_name\" content=\"TRUUSK - Hem, Tr\u00e4dg\u00e5rd &amp; Fritid\" \/>\n<meta property=\"article:modified_time\" content=\"2026-03-12T07:42:11+00:00\" \/>\n<meta property=\"og:image\" content=\"https:\/\/i0.wp.com\/truusk.se\/wp-content\/uploads\/2026\/01\/agility-set-hundar-3-delat-agility-utrustning-for-hundtraning-hoppset-med-6-koner-3-hinder-barpase-1.webp?fit=2000%2C2000&ssl=1\" \/>\n\t<meta property=\"og:image:width\" content=\"2000\" \/>\n\t<meta property=\"og:image:height\" content=\"2000\" \/>\n\t<meta property=\"og:image:type\" content=\"image\/webp\" \/>\n<meta name=\"twitter:card\" content=\"summary_large_image\" \/>\n<meta name=\"twitter:label1\" content=\"Ber\u00e4knad l\u00e4stid\" \/>\n\t<meta name=\"twitter:data1\" content=\"1 minut\" \/>\n<!-- \/ Yoast SEO plugin. -->","yoast_head_json":{"title":"TRUUSK Agility Set f\u00f6r Hundar - 3-delat Hundtr\u00e4ning Hoppset - 6 Koner - 3 Hinder - B\u00e4rp\u00e5se - TRUUSK - Hem, Tr\u00e4dg\u00e5rd &amp; Fritid","robots":{"index":"index","follow":"follow","max-snippet":"max-snippet:-1","max-image-preview":"max-image-preview:large","max-video-preview":"max-video-preview:-1"},"canonical":"https:\/\/truusk.store\/sv\/produkt\/truusk-agility-set-for-hundar-3-delat-hundtraning-hoppset-6-koner-3-hinder-barpase\/","og_locale":"sv_SE","og_type":"article","og_title":"TRUUSK Agility Set f\u00f6r Hundar - 3-delat Hundtr\u00e4ning Hoppset - 6 Koner - 3 Hinder - B\u00e4rp\u00e5se - TRUUSK - Hem, Tr\u00e4dg\u00e5rd &amp; Fritid","og_description":"F\u00f6rb\u00e4ttra din hunds potential med [BRAND NAME] hund-agilityset! \u00d6kar koncentration, kondition och koordination genom tre justerbara hopp, detta hopphinder-set passar...","og_url":"https:\/\/truusk.store\/sv\/produkt\/truusk-agility-set-for-hundar-3-delat-hundtraning-hoppset-6-koner-3-hinder-barpase\/","og_site_name":"TRUUSK - Hem, Tr\u00e4dg\u00e5rd &amp; Fritid","article_modified_time":"2026-03-12T07:42:11+00:00","og_image":[{"width":2000,"height":2000,"url":"https:\/\/i0.wp.com\/truusk.se\/wp-content\/uploads\/2026\/01\/agility-set-hundar-3-delat-agility-utrustning-for-hundtraning-hoppset-med-6-koner-3-hinder-barpase-1.webp?fit=2000%2C2000&ssl=1","type":"image\/webp"}],"twitter_card":"summary_large_image","twitter_misc":{"Ber\u00e4knad l\u00e4stid":"1 minut"},"schema":{"@context":"https:\/\/schema.org","@graph":[{"@type":"WebPage","@id":"https:\/\/truusk.store\/sv\/produkt\/truusk-agility-set-for-hundar-3-delat-hundtraning-hoppset-6-koner-3-hinder-barpase\/","url":"https:\/\/truusk.store\/sv\/produkt\/truusk-agility-set-for-hundar-3-delat-hundtraning-hoppset-6-koner-3-hinder-barpase\/","name":"TRUUSK Agility Set f\u00f6r Hundar - 3-delat Hundtr\u00e4ning Hoppset - 6 Koner - 3 Hinder - B\u00e4rp\u00e5se - TRUUSK - Hem, Tr\u00e4dg\u00e5rd &amp; Fritid","isPartOf":{"@id":"https:\/\/truusk.store\/sv\/#website"},"primaryImageOfPage":{"@id":"https:\/\/truusk.store\/sv\/produkt\/truusk-agility-set-for-hundar-3-delat-hundtraning-hoppset-6-koner-3-hinder-barpase\/#primaryimage"},"image":{"@id":"https:\/\/truusk.store\/sv\/produkt\/truusk-agility-set-for-hundar-3-delat-hundtraning-hoppset-6-koner-3-hinder-barpase\/#primaryimage"},"thumbnailUrl":"https:\/\/i0.wp.com\/truusk.store\/wp-content\/uploads\/2026\/01\/agility-set-hundar-3-delat-agility-utrustning-for-hundtraning-hoppset-med-6-koner-3-hinder-barpase-1.webp?fit=2000%2C2000&ssl=1","datePublished":"2026-01-06T12:07:31+00:00","dateModified":"2026-03-12T07:42:11+00:00","breadcrumb":{"@id":"https:\/\/truusk.store\/sv\/produkt\/truusk-agility-set-for-hundar-3-delat-hundtraning-hoppset-6-koner-3-hinder-barpase\/#breadcrumb"},"inLanguage":"sv-SE","potentialAction":[{"@type":"ReadAction","target":["https:\/\/truusk.store\/sv\/produkt\/truusk-agility-set-for-hundar-3-delat-hundtraning-hoppset-6-koner-3-hinder-barpase\/"]}]},{"@type":"ImageObject","inLanguage":"sv-SE","@id":"https:\/\/truusk.store\/sv\/produkt\/truusk-agility-set-for-hundar-3-delat-hundtraning-hoppset-6-koner-3-hinder-barpase\/#primaryimage","url":"https:\/\/i0.wp.com\/truusk.store\/wp-content\/uploads\/2026\/01\/agility-set-hundar-3-delat-agility-utrustning-for-hundtraning-hoppset-med-6-koner-3-hinder-barpase-1.webp?fit=2000%2C2000&ssl=1","contentUrl":"https:\/\/i0.wp.com\/truusk.store\/wp-content\/uploads\/2026\/01\/agility-set-hundar-3-delat-agility-utrustning-for-hundtraning-hoppset-med-6-koner-3-hinder-barpase-1.webp?fit=2000%2C2000&ssl=1","width":2000,"height":2000},{"@type":"BreadcrumbList","@id":"https:\/\/truusk.store\/sv\/produkt\/truusk-agility-set-for-hundar-3-delat-hundtraning-hoppset-6-koner-3-hinder-barpase\/#breadcrumb","itemListElement":[{"@type":"ListItem","position":1,"name":"Home","item":"https:\/\/truusk.store\/sv\/"},{"@type":"ListItem","position":2,"name":"Shop","item":"https:\/\/truusk.store\/shop\/"},{"@type":"ListItem","position":3,"name":"TRUUSK Agility Set f\u00f6r Hundar &#8211; 3-delat Hundtr\u00e4ning Hoppset &#8211; 6 Koner &#8211; 3 Hinder &#8211; B\u00e4rp\u00e5se"}]},{"@type":"WebSite","@id":"https:\/\/truusk.store\/sv\/#website","url":"https:\/\/truusk.store\/sv\/","name":"TRUUSK - Hem, Tr\u00e4dg\u00e5rd & Fritid","description":"","publisher":{"@id":"https:\/\/truusk.store\/sv\/#organization"},"potentialAction":[{"@type":"SearchAction","target":{"@type":"EntryPoint","urlTemplate":"https:\/\/truusk.store\/sv\/?s={search_term_string}"},"query-input":{"@type":"PropertyValueSpecification","valueRequired":true,"valueName":"search_term_string"}}],"inLanguage":"sv-SE"},{"@type":"Organization","@id":"https:\/\/truusk.store\/sv\/#organization","name":"TRUUSK - Hem, Tr\u00e4dg\u00e5rd & Fritid","url":"https:\/\/truusk.store\/sv\/","logo":{"@type":"ImageObject","inLanguage":"sv-SE","@id":"https:\/\/truusk.store\/sv\/#\/schema\/logo\/image\/","url":"https:\/\/i0.wp.com\/truusk.store\/wp-content\/uploads\/2026\/03\/cropped-TRUUSK.png?fit=2032%2C917&ssl=1","contentUrl":"https:\/\/i0.wp.com\/truusk.store\/wp-content\/uploads\/2026\/03\/cropped-TRUUSK.png?fit=2032%2C917&ssl=1","width":2032,"height":917,"caption":"TRUUSK - Hem, Tr\u00e4dg\u00e5rd & Fritid"},"image":{"@id":"https:\/\/truusk.store\/sv\/#\/schema\/logo\/image\/"}}]}},"jetpack_sharing_enabled":true,"_links":{"self":[{"href":"https:\/\/truusk.store\/sv\/wp-json\/wp\/v2\/product\/98665","targetHints":{"allow":["GET"]}}],"collection":[{"href":"https:\/\/truusk.store\/sv\/wp-json\/wp\/v2\/product"}],"about":[{"href":"https:\/\/truusk.store\/sv\/wp-json\/wp\/v2\/types\/product"}],"wp:featuredmedia":[{"embeddable":true,"href":"https:\/\/truusk.store\/sv\/wp-json\/wp\/v2\/media\/98655"}],"wp:attachment":[{"href":"https:\/\/truusk.store\/sv\/wp-json\/wp\/v2\/media?parent=98665"}],"wp:term":[{"taxonomy":"product_brand","embeddable":true,"href":"https:\/\/truusk.store\/sv\/wp-json\/wp\/v2\/product_brand?post=98665"},{"taxonomy":"product_cat","embeddable":true,"href":"https:\/\/truusk.store\/sv\/wp-json\/wp\/v2\/product_cat?post=98665"},{"taxonomy":"product_tag","embeddable":true,"href":"https:\/\/truusk.store\/sv\/wp-json\/wp\/v2\/product_tag?post=98665"}],"curies":[{"name":"wp","href":"https:\/\/api.w.org\/{rel}","templated":true}]}}