{"id":98697,"date":"2026-01-06T13:14:14","date_gmt":"2026-01-06T12:14:14","guid":{"rendered":"https:\/\/truusk.store\/product\/olympisk-stang-viktlyftningsstang-5-cm-hylsor-stal-100-kg-barkapacitet-svart\/"},"modified":"2026-03-12T08:48:32","modified_gmt":"2026-03-12T07:48:32","slug":"truusk-elektrisk-harfon-professionell-salongskvalitet-2200w-keramisk-teknologi-3-varmelagen-2-hastigheter","status":"publish","type":"product","link":"https:\/\/truusk.store\/sv\/produkt\/truusk-elektrisk-harfon-professionell-salongskvalitet-2200w-keramisk-teknologi-3-varmelagen-2-hastigheter\/","title":{"rendered":"TRUUSK Elektrisk H\u00e5rf\u00f6n &#8211; Professionell Salongskvalitet &#8211; 2200W &#8211; Keramisk Teknologi &#8211; 3 V\u00e4rmel\u00e4gen &#8211; 2 Hastigheter &#8211;"},"content":{"rendered":"<p>Lider du av handledsbelastning och oro \u00f6ver att ett halt grepp ska p\u00e5verka din hemtr\u00e4ning? Det beh\u00f6ver inte vara s\u00e5! Med [BRAND NAME] ez Curlstangen, vars ergonomiska W-form sparar p\u00e5 handlederna och det r\u00e4fflade greppet ger ett fast grepp, tr\u00e4nar du s\u00e4kert och effektivt. Den robusta st\u00e5lkonstruktionen av skivst\u00e5ngen ger dig f\u00f6rtroendet att helt koncentrera dig p\u00e5 din styrketr\u00e4ning.<\/p>\n<p>Beskrivning:<\/p>\n<ul>\n<li> Designad med 5 cm hylsor, passar alla dina standard- olympiska viktplattor<\/li>\n<li> Den unika W-formen p\u00e5 SZ-st\u00e5ngen erbjuder ett naturligt grepp som effektivt sparar handleden<\/li>\n<li> Det r\u00e4fflade greppets struktur s\u00e4kerst\u00e4ller att dina h\u00e4nder inte glider under intensiva tr\u00e4ningspass<\/li>\n<li> Den kompakta l\u00e4ngden p\u00e5 120 cm \u00e4r idealisk f\u00f6r att spara utrymme i hemstudior<\/li>\n<li> Tillverkad av robust st\u00e5l, b\u00e4r skivst\u00e5ngen 100 kg f\u00f6r p\u00e5litlig tr\u00e4ning i hemstudion<\/li>\n<li> En elegant svart bel\u00e4ggning av SZ-st\u00e5ngen erbjuder rostskydd och en professionell, stilfull look<\/li>\n<li> St\u00e5ngens vikt p\u00e5 8 kg \u00e4r idealisk f\u00f6r nyb\u00f6rjare att s\u00e4kert b\u00f6rja tr\u00e4na<\/li>\n<li> Montering kr\u00e4vs<\/li>\n<\/ul>\n<p> Tekniska data:<\/p>\n<ul>\n<li> F\u00e4rg: Svart<\/li>\n<li> Material: St\u00e5l<\/li>\n<li> Totala dimensioner: \u00d85 x 120L cm<\/li>\n<li> Greppstorlek: \u00d82,5 x 85L cm<\/li>\n<li> Hylsstorlek: \u00d85 x 16L cm<\/li>\n<li> Nettovikt: 8 kg<\/li>\n<li> Maximal belastning: 100 kg<\/li>\n<li> Passande platt diameter: \u00d85 cm<\/li>\n<\/ul>\n<p>Inneh\u00e5ll:<\/p>\n<ul>\n<li> 1 x skivst\u00e5ng<\/li>\n<li> 1 x bruksanvisning<\/li>\n<\/ul>\n","protected":false},"excerpt":{"rendered":"<p>Lider du av handledsbelastning och oro \u00f6ver att ett halt grepp ska p\u00e5verka din hemtr\u00e4ning? Det beh\u00f6ver inte vara s\u00e5!&#8230;<\/p>\n","protected":false},"featured_media":98686,"template":"","meta":[],"product_brand":[],"product_cat":[873,668,647],"product_tag":[],"class_list":{"0":"post-98697","1":"product","2":"type-product","3":"status-publish","4":"has-post-thumbnail","6":"product_cat-fitness-styrketraning","7":"product_cat-hantlar","8":"product_cat-sport-fritid","10":"first","11":"instock","12":"sale","13":"taxable","14":"shipping-taxable","15":"purchasable","16":"product-type-simple"},"yoast_head":"<!-- This site is optimized with the Yoast SEO plugin v25.4 - https:\/\/yoast.com\/wordpress\/plugins\/seo\/ -->\n<title>TRUUSK Elektrisk H\u00e5rf\u00f6n - Professionell Salongskvalitet - 2200W - Keramisk Teknologi - 3 V\u00e4rmel\u00e4gen - 2 Hastigheter - TRUUSK - Hem, Tr\u00e4dg\u00e5rd &amp; Fritid<\/title>\n<meta name=\"robots\" content=\"index, follow, max-snippet:-1, max-image-preview:large, max-video-preview:-1\" \/>\n<link rel=\"canonical\" href=\"https:\/\/truusk.store\/sv\/produkt\/truusk-elektrisk-harfon-professionell-salongskvalitet-2200w-keramisk-teknologi-3-varmelagen-2-hastigheter\/\" \/>\n<meta property=\"og:locale\" content=\"sv_SE\" \/>\n<meta property=\"og:type\" content=\"article\" \/>\n<meta property=\"og:title\" content=\"TRUUSK Elektrisk H\u00e5rf\u00f6n - Professionell Salongskvalitet - 2200W - Keramisk Teknologi - 3 V\u00e4rmel\u00e4gen - 2 Hastigheter - TRUUSK - Hem, Tr\u00e4dg\u00e5rd &amp; Fritid\" \/>\n<meta property=\"og:description\" content=\"Lider du av handledsbelastning och oro \u00f6ver att ett halt grepp ska p\u00e5verka din hemtr\u00e4ning? Det beh\u00f6ver inte vara s\u00e5!...\" \/>\n<meta property=\"og:url\" content=\"https:\/\/truusk.store\/sv\/produkt\/truusk-elektrisk-harfon-professionell-salongskvalitet-2200w-keramisk-teknologi-3-varmelagen-2-hastigheter\/\" \/>\n<meta property=\"og:site_name\" content=\"TRUUSK - Hem, Tr\u00e4dg\u00e5rd &amp; Fritid\" \/>\n<meta property=\"article:modified_time\" content=\"2026-03-12T07:48:32+00:00\" \/>\n<meta property=\"og:image\" content=\"https:\/\/i0.wp.com\/truusk.se\/wp-content\/uploads\/2026\/01\/olympisk-stang-viktlyftningsstang-5-cm-hylsor-stal-100-kg-barkapacitet-svart-1.webp?fit=2000%2C2000&ssl=1\" \/>\n\t<meta property=\"og:image:width\" content=\"2000\" \/>\n\t<meta property=\"og:image:height\" content=\"2000\" \/>\n\t<meta property=\"og:image:type\" content=\"image\/webp\" \/>\n<meta name=\"twitter:card\" content=\"summary_large_image\" \/>\n<meta name=\"twitter:label1\" content=\"Ber\u00e4knad l\u00e4stid\" \/>\n\t<meta name=\"twitter:data1\" content=\"1 minut\" \/>\n<!-- \/ Yoast SEO plugin. -->","yoast_head_json":{"title":"TRUUSK Elektrisk H\u00e5rf\u00f6n - Professionell Salongskvalitet - 2200W - Keramisk Teknologi - 3 V\u00e4rmel\u00e4gen - 2 Hastigheter - TRUUSK - Hem, Tr\u00e4dg\u00e5rd &amp; Fritid","robots":{"index":"index","follow":"follow","max-snippet":"max-snippet:-1","max-image-preview":"max-image-preview:large","max-video-preview":"max-video-preview:-1"},"canonical":"https:\/\/truusk.store\/sv\/produkt\/truusk-elektrisk-harfon-professionell-salongskvalitet-2200w-keramisk-teknologi-3-varmelagen-2-hastigheter\/","og_locale":"sv_SE","og_type":"article","og_title":"TRUUSK Elektrisk H\u00e5rf\u00f6n - Professionell Salongskvalitet - 2200W - Keramisk Teknologi - 3 V\u00e4rmel\u00e4gen - 2 Hastigheter - TRUUSK - Hem, Tr\u00e4dg\u00e5rd &amp; Fritid","og_description":"Lider du av handledsbelastning och oro \u00f6ver att ett halt grepp ska p\u00e5verka din hemtr\u00e4ning? Det beh\u00f6ver inte vara s\u00e5!...","og_url":"https:\/\/truusk.store\/sv\/produkt\/truusk-elektrisk-harfon-professionell-salongskvalitet-2200w-keramisk-teknologi-3-varmelagen-2-hastigheter\/","og_site_name":"TRUUSK - Hem, Tr\u00e4dg\u00e5rd &amp; Fritid","article_modified_time":"2026-03-12T07:48:32+00:00","og_image":[{"width":2000,"height":2000,"url":"https:\/\/i0.wp.com\/truusk.se\/wp-content\/uploads\/2026\/01\/olympisk-stang-viktlyftningsstang-5-cm-hylsor-stal-100-kg-barkapacitet-svart-1.webp?fit=2000%2C2000&ssl=1","type":"image\/webp"}],"twitter_card":"summary_large_image","twitter_misc":{"Ber\u00e4knad l\u00e4stid":"1 minut"},"schema":{"@context":"https:\/\/schema.org","@graph":[{"@type":"WebPage","@id":"https:\/\/truusk.store\/sv\/produkt\/truusk-elektrisk-harfon-professionell-salongskvalitet-2200w-keramisk-teknologi-3-varmelagen-2-hastigheter\/","url":"https:\/\/truusk.store\/sv\/produkt\/truusk-elektrisk-harfon-professionell-salongskvalitet-2200w-keramisk-teknologi-3-varmelagen-2-hastigheter\/","name":"TRUUSK Elektrisk H\u00e5rf\u00f6n - Professionell Salongskvalitet - 2200W - Keramisk Teknologi - 3 V\u00e4rmel\u00e4gen - 2 Hastigheter - TRUUSK - Hem, Tr\u00e4dg\u00e5rd &amp; Fritid","isPartOf":{"@id":"https:\/\/truusk.store\/sv\/#website"},"primaryImageOfPage":{"@id":"https:\/\/truusk.store\/sv\/produkt\/truusk-elektrisk-harfon-professionell-salongskvalitet-2200w-keramisk-teknologi-3-varmelagen-2-hastigheter\/#primaryimage"},"image":{"@id":"https:\/\/truusk.store\/sv\/produkt\/truusk-elektrisk-harfon-professionell-salongskvalitet-2200w-keramisk-teknologi-3-varmelagen-2-hastigheter\/#primaryimage"},"thumbnailUrl":"https:\/\/i0.wp.com\/truusk.store\/wp-content\/uploads\/2026\/01\/olympisk-stang-viktlyftningsstang-5-cm-hylsor-stal-100-kg-barkapacitet-svart-1.webp?fit=2000%2C2000&ssl=1","datePublished":"2026-01-06T12:14:14+00:00","dateModified":"2026-03-12T07:48:32+00:00","breadcrumb":{"@id":"https:\/\/truusk.store\/sv\/produkt\/truusk-elektrisk-harfon-professionell-salongskvalitet-2200w-keramisk-teknologi-3-varmelagen-2-hastigheter\/#breadcrumb"},"inLanguage":"sv-SE","potentialAction":[{"@type":"ReadAction","target":["https:\/\/truusk.store\/sv\/produkt\/truusk-elektrisk-harfon-professionell-salongskvalitet-2200w-keramisk-teknologi-3-varmelagen-2-hastigheter\/"]}]},{"@type":"ImageObject","inLanguage":"sv-SE","@id":"https:\/\/truusk.store\/sv\/produkt\/truusk-elektrisk-harfon-professionell-salongskvalitet-2200w-keramisk-teknologi-3-varmelagen-2-hastigheter\/#primaryimage","url":"https:\/\/i0.wp.com\/truusk.store\/wp-content\/uploads\/2026\/01\/olympisk-stang-viktlyftningsstang-5-cm-hylsor-stal-100-kg-barkapacitet-svart-1.webp?fit=2000%2C2000&ssl=1","contentUrl":"https:\/\/i0.wp.com\/truusk.store\/wp-content\/uploads\/2026\/01\/olympisk-stang-viktlyftningsstang-5-cm-hylsor-stal-100-kg-barkapacitet-svart-1.webp?fit=2000%2C2000&ssl=1","width":2000,"height":2000},{"@type":"BreadcrumbList","@id":"https:\/\/truusk.store\/sv\/produkt\/truusk-elektrisk-harfon-professionell-salongskvalitet-2200w-keramisk-teknologi-3-varmelagen-2-hastigheter\/#breadcrumb","itemListElement":[{"@type":"ListItem","position":1,"name":"Home","item":"https:\/\/truusk.store\/sv\/"},{"@type":"ListItem","position":2,"name":"Shop","item":"https:\/\/truusk.store\/shop\/"},{"@type":"ListItem","position":3,"name":"TRUUSK Elektrisk H\u00e5rf\u00f6n &#8211; Professionell Salongskvalitet &#8211; 2200W &#8211; Keramisk Teknologi &#8211; 3 V\u00e4rmel\u00e4gen &#8211; 2 Hastigheter &#8211;"}]},{"@type":"WebSite","@id":"https:\/\/truusk.store\/sv\/#website","url":"https:\/\/truusk.store\/sv\/","name":"TRUUSK - Hem, Tr\u00e4dg\u00e5rd & Fritid","description":"","publisher":{"@id":"https:\/\/truusk.store\/sv\/#organization"},"potentialAction":[{"@type":"SearchAction","target":{"@type":"EntryPoint","urlTemplate":"https:\/\/truusk.store\/sv\/?s={search_term_string}"},"query-input":{"@type":"PropertyValueSpecification","valueRequired":true,"valueName":"search_term_string"}}],"inLanguage":"sv-SE"},{"@type":"Organization","@id":"https:\/\/truusk.store\/sv\/#organization","name":"TRUUSK - Hem, Tr\u00e4dg\u00e5rd & Fritid","url":"https:\/\/truusk.store\/sv\/","logo":{"@type":"ImageObject","inLanguage":"sv-SE","@id":"https:\/\/truusk.store\/sv\/#\/schema\/logo\/image\/","url":"https:\/\/i0.wp.com\/truusk.store\/wp-content\/uploads\/2026\/03\/cropped-TRUUSK.png?fit=2032%2C917&ssl=1","contentUrl":"https:\/\/i0.wp.com\/truusk.store\/wp-content\/uploads\/2026\/03\/cropped-TRUUSK.png?fit=2032%2C917&ssl=1","width":2032,"height":917,"caption":"TRUUSK - Hem, Tr\u00e4dg\u00e5rd & Fritid"},"image":{"@id":"https:\/\/truusk.store\/sv\/#\/schema\/logo\/image\/"}}]}},"jetpack_sharing_enabled":true,"_links":{"self":[{"href":"https:\/\/truusk.store\/sv\/wp-json\/wp\/v2\/product\/98697","targetHints":{"allow":["GET"]}}],"collection":[{"href":"https:\/\/truusk.store\/sv\/wp-json\/wp\/v2\/product"}],"about":[{"href":"https:\/\/truusk.store\/sv\/wp-json\/wp\/v2\/types\/product"}],"wp:featuredmedia":[{"embeddable":true,"href":"https:\/\/truusk.store\/sv\/wp-json\/wp\/v2\/media\/98686"}],"wp:attachment":[{"href":"https:\/\/truusk.store\/sv\/wp-json\/wp\/v2\/media?parent=98697"}],"wp:term":[{"taxonomy":"product_brand","embeddable":true,"href":"https:\/\/truusk.store\/sv\/wp-json\/wp\/v2\/product_brand?post=98697"},{"taxonomy":"product_cat","embeddable":true,"href":"https:\/\/truusk.store\/sv\/wp-json\/wp\/v2\/product_cat?post=98697"},{"taxonomy":"product_tag","embeddable":true,"href":"https:\/\/truusk.store\/sv\/wp-json\/wp\/v2\/product_tag?post=98697"}],"curies":[{"name":"wp","href":"https:\/\/api.w.org\/{rel}","templated":true}]}}