{"id":98705,"date":"2026-01-06T13:15:00","date_gmt":"2026-01-06T12:15:00","guid":{"rendered":"https:\/\/truusk.store\/product\/hantelstav-180-cm-olympiastav-stal-200-kg-barformaga-svart\/"},"modified":"2026-03-12T08:48:32","modified_gmt":"2026-03-12T07:48:32","slug":"truusk-olympisk-hantelstav-180-cm-stalkonstruktion-barkapacitet-200-kg-svart","status":"publish","type":"product","link":"https:\/\/truusk.store\/sv\/produkt\/truusk-olympisk-hantelstav-180-cm-stalkonstruktion-barkapacitet-200-kg-svart\/","title":{"rendered":"TRUUSK Olympisk Hantelstav 180 cm &#8211; St\u00e5lkonstruktion &#8211; B\u00e4rkapacitet 200 kg &#8211; Svart"},"content":{"rendered":"<p>Lider du av hemtr\u00e4ning som begr\u00e4nsas av d\u00e5lig utrustning? R\u00e4dslan f\u00f6r att halka eller utrustningsfel kan skaka ditt sj\u00e4lvf\u00f6rtroende. [BRAND NAME] skivst\u00e5ngen \u00e4ndrar detta. Tillverkad av robust st\u00e5l, st\u00f6der skivst\u00e5ngen upp till 200 kg och det s\u00e4kert r\u00e4fflade handtaget s\u00e4kerst\u00e4ller att varje lyft \u00e4r stabilt och fokuserat. Upplev skillnaden och utvidga dina gr\u00e4nser med sj\u00e4lvf\u00f6rtroende i ditt eget gym.<\/p>\n<p>Beskrivning:<\/p>\n<ul>\n<li> 180 cm skivst\u00e5ng st\u00f6der din v\u00e4xande styrka upp till 200 kg<\/li>\n<li> Tillverkad av massivt st\u00e5l med matt svart finish f\u00f6r exceptionell h\u00e5llbarhet<\/li>\n<li> Den stiliga matta bel\u00e4ggningen erbjuder b\u00e4ttre slitstyrka \u00e4n standardkromst\u00e4nger<\/li>\n<li> Professionell r\u00e4ffling av skivst\u00e5ngen ger ett s\u00e4kert, halkfritt grepp f\u00f6r fokuserade, s\u00e4kra tr\u00e4ningspass<\/li>\n<li> F\u00f6rl\u00e4ngda 23 cm hylsor p\u00e5 skivst\u00e5ngen m\u00f6jligg\u00f6r till\u00e4gg av fler viktplattor f\u00f6r att utmana dina personliga b\u00e4sta<\/li>\n<li> Ett m\u00e5ngsidigt verktyg f\u00f6r helkroppstr\u00e4ning som kn\u00e4b\u00f6j, marklyft och b\u00e4nkpress<\/li>\n<li> Idealisk f\u00f6r effektiv muskeluppbyggnad p\u00e5 armar, rygg, br\u00f6st och ben<\/li>\n<li> Montering kr\u00e4vs<\/li>\n<\/ul>\n<p> Tekniska data:<\/p>\n<ul>\n<li> F\u00e4rg: Svart<\/li>\n<li> Material: St\u00e5l<\/li>\n<li> Totala dimensioner: \u00d85 cm x 180L cm<\/li>\n<li> Handtagets storlek: \u00d82,5 cm x 130L cm<\/li>\n<li> Hylsans storlek: \u00d85 cm x 23L cm<\/li>\n<li> Nettovikt: 13,5 kg<\/li>\n<li> Maximal belastning: 200 kg<\/li>\n<li> Passande platt diameter: \u00d85 cm<\/li>\n<\/ul>\n<p>Leveransinneh\u00e5ll:<\/p>\n<ul>\n<li> 1 x Olympia-skivst\u00e5ng<\/li>\n<li> 1 x Manual<\/li>\n<\/ul>\n","protected":false},"excerpt":{"rendered":"<p>Lider du av hemtr\u00e4ning som begr\u00e4nsas av d\u00e5lig utrustning? R\u00e4dslan f\u00f6r att halka eller utrustningsfel kan skaka ditt sj\u00e4lvf\u00f6rtroende. [BRAND&#8230;<\/p>\n","protected":false},"featured_media":98694,"template":"","meta":[],"product_brand":[],"product_cat":[873,668,647],"product_tag":[],"class_list":{"0":"post-98705","1":"product","2":"type-product","3":"status-publish","4":"has-post-thumbnail","6":"product_cat-fitness-styrketraning","7":"product_cat-hantlar","8":"product_cat-sport-fritid","10":"first","11":"instock","12":"sale","13":"taxable","14":"shipping-taxable","15":"purchasable","16":"product-type-simple"},"yoast_head":"<!-- This site is optimized with the Yoast SEO plugin v25.4 - https:\/\/yoast.com\/wordpress\/plugins\/seo\/ -->\n<title>TRUUSK Olympisk Hantelstav 180 cm - St\u00e5lkonstruktion - B\u00e4rkapacitet 200 kg - Svart - TRUUSK - Hem, Tr\u00e4dg\u00e5rd &amp; Fritid<\/title>\n<meta name=\"robots\" content=\"index, follow, max-snippet:-1, max-image-preview:large, max-video-preview:-1\" \/>\n<link rel=\"canonical\" href=\"https:\/\/truusk.store\/sv\/produkt\/truusk-olympisk-hantelstav-180-cm-stalkonstruktion-barkapacitet-200-kg-svart\/\" \/>\n<meta property=\"og:locale\" content=\"sv_SE\" \/>\n<meta property=\"og:type\" content=\"article\" \/>\n<meta property=\"og:title\" content=\"TRUUSK Olympisk Hantelstav 180 cm - St\u00e5lkonstruktion - B\u00e4rkapacitet 200 kg - Svart - TRUUSK - Hem, Tr\u00e4dg\u00e5rd &amp; Fritid\" \/>\n<meta property=\"og:description\" content=\"Lider du av hemtr\u00e4ning som begr\u00e4nsas av d\u00e5lig utrustning? R\u00e4dslan f\u00f6r att halka eller utrustningsfel kan skaka ditt sj\u00e4lvf\u00f6rtroende. [BRAND...\" \/>\n<meta property=\"og:url\" content=\"https:\/\/truusk.store\/sv\/produkt\/truusk-olympisk-hantelstav-180-cm-stalkonstruktion-barkapacitet-200-kg-svart\/\" \/>\n<meta property=\"og:site_name\" content=\"TRUUSK - Hem, Tr\u00e4dg\u00e5rd &amp; Fritid\" \/>\n<meta property=\"article:modified_time\" content=\"2026-03-12T07:48:32+00:00\" \/>\n<meta property=\"og:image\" content=\"https:\/\/i0.wp.com\/truusk.se\/wp-content\/uploads\/2026\/01\/hantelstav-180-cm-olympiastav-stal-200-kg-barformaga-svart-1.webp?fit=2000%2C2000&ssl=1\" \/>\n\t<meta property=\"og:image:width\" content=\"2000\" \/>\n\t<meta property=\"og:image:height\" content=\"2000\" \/>\n\t<meta property=\"og:image:type\" content=\"image\/webp\" \/>\n<meta name=\"twitter:card\" content=\"summary_large_image\" \/>\n<meta name=\"twitter:label1\" content=\"Ber\u00e4knad l\u00e4stid\" \/>\n\t<meta name=\"twitter:data1\" content=\"1 minut\" \/>\n<!-- \/ Yoast SEO plugin. -->","yoast_head_json":{"title":"TRUUSK Olympisk Hantelstav 180 cm - St\u00e5lkonstruktion - B\u00e4rkapacitet 200 kg - Svart - TRUUSK - Hem, Tr\u00e4dg\u00e5rd &amp; Fritid","robots":{"index":"index","follow":"follow","max-snippet":"max-snippet:-1","max-image-preview":"max-image-preview:large","max-video-preview":"max-video-preview:-1"},"canonical":"https:\/\/truusk.store\/sv\/produkt\/truusk-olympisk-hantelstav-180-cm-stalkonstruktion-barkapacitet-200-kg-svart\/","og_locale":"sv_SE","og_type":"article","og_title":"TRUUSK Olympisk Hantelstav 180 cm - St\u00e5lkonstruktion - B\u00e4rkapacitet 200 kg - Svart - TRUUSK - Hem, Tr\u00e4dg\u00e5rd &amp; Fritid","og_description":"Lider du av hemtr\u00e4ning som begr\u00e4nsas av d\u00e5lig utrustning? R\u00e4dslan f\u00f6r att halka eller utrustningsfel kan skaka ditt sj\u00e4lvf\u00f6rtroende. [BRAND...","og_url":"https:\/\/truusk.store\/sv\/produkt\/truusk-olympisk-hantelstav-180-cm-stalkonstruktion-barkapacitet-200-kg-svart\/","og_site_name":"TRUUSK - Hem, Tr\u00e4dg\u00e5rd &amp; Fritid","article_modified_time":"2026-03-12T07:48:32+00:00","og_image":[{"width":2000,"height":2000,"url":"https:\/\/i0.wp.com\/truusk.se\/wp-content\/uploads\/2026\/01\/hantelstav-180-cm-olympiastav-stal-200-kg-barformaga-svart-1.webp?fit=2000%2C2000&ssl=1","type":"image\/webp"}],"twitter_card":"summary_large_image","twitter_misc":{"Ber\u00e4knad l\u00e4stid":"1 minut"},"schema":{"@context":"https:\/\/schema.org","@graph":[{"@type":"WebPage","@id":"https:\/\/truusk.store\/sv\/produkt\/truusk-olympisk-hantelstav-180-cm-stalkonstruktion-barkapacitet-200-kg-svart\/","url":"https:\/\/truusk.store\/sv\/produkt\/truusk-olympisk-hantelstav-180-cm-stalkonstruktion-barkapacitet-200-kg-svart\/","name":"TRUUSK Olympisk Hantelstav 180 cm - St\u00e5lkonstruktion - B\u00e4rkapacitet 200 kg - Svart - TRUUSK - Hem, Tr\u00e4dg\u00e5rd &amp; Fritid","isPartOf":{"@id":"https:\/\/truusk.store\/sv\/#website"},"primaryImageOfPage":{"@id":"https:\/\/truusk.store\/sv\/produkt\/truusk-olympisk-hantelstav-180-cm-stalkonstruktion-barkapacitet-200-kg-svart\/#primaryimage"},"image":{"@id":"https:\/\/truusk.store\/sv\/produkt\/truusk-olympisk-hantelstav-180-cm-stalkonstruktion-barkapacitet-200-kg-svart\/#primaryimage"},"thumbnailUrl":"https:\/\/i0.wp.com\/truusk.store\/wp-content\/uploads\/2026\/01\/hantelstav-180-cm-olympiastav-stal-200-kg-barformaga-svart-1.webp?fit=2000%2C2000&ssl=1","datePublished":"2026-01-06T12:15:00+00:00","dateModified":"2026-03-12T07:48:32+00:00","breadcrumb":{"@id":"https:\/\/truusk.store\/sv\/produkt\/truusk-olympisk-hantelstav-180-cm-stalkonstruktion-barkapacitet-200-kg-svart\/#breadcrumb"},"inLanguage":"sv-SE","potentialAction":[{"@type":"ReadAction","target":["https:\/\/truusk.store\/sv\/produkt\/truusk-olympisk-hantelstav-180-cm-stalkonstruktion-barkapacitet-200-kg-svart\/"]}]},{"@type":"ImageObject","inLanguage":"sv-SE","@id":"https:\/\/truusk.store\/sv\/produkt\/truusk-olympisk-hantelstav-180-cm-stalkonstruktion-barkapacitet-200-kg-svart\/#primaryimage","url":"https:\/\/i0.wp.com\/truusk.store\/wp-content\/uploads\/2026\/01\/hantelstav-180-cm-olympiastav-stal-200-kg-barformaga-svart-1.webp?fit=2000%2C2000&ssl=1","contentUrl":"https:\/\/i0.wp.com\/truusk.store\/wp-content\/uploads\/2026\/01\/hantelstav-180-cm-olympiastav-stal-200-kg-barformaga-svart-1.webp?fit=2000%2C2000&ssl=1","width":2000,"height":2000},{"@type":"BreadcrumbList","@id":"https:\/\/truusk.store\/sv\/produkt\/truusk-olympisk-hantelstav-180-cm-stalkonstruktion-barkapacitet-200-kg-svart\/#breadcrumb","itemListElement":[{"@type":"ListItem","position":1,"name":"Home","item":"https:\/\/truusk.store\/sv\/"},{"@type":"ListItem","position":2,"name":"Shop","item":"https:\/\/truusk.store\/shop\/"},{"@type":"ListItem","position":3,"name":"TRUUSK Olympisk Hantelstav 180 cm &#8211; St\u00e5lkonstruktion &#8211; B\u00e4rkapacitet 200 kg &#8211; Svart"}]},{"@type":"WebSite","@id":"https:\/\/truusk.store\/sv\/#website","url":"https:\/\/truusk.store\/sv\/","name":"TRUUSK - Hem, Tr\u00e4dg\u00e5rd & Fritid","description":"","publisher":{"@id":"https:\/\/truusk.store\/sv\/#organization"},"potentialAction":[{"@type":"SearchAction","target":{"@type":"EntryPoint","urlTemplate":"https:\/\/truusk.store\/sv\/?s={search_term_string}"},"query-input":{"@type":"PropertyValueSpecification","valueRequired":true,"valueName":"search_term_string"}}],"inLanguage":"sv-SE"},{"@type":"Organization","@id":"https:\/\/truusk.store\/sv\/#organization","name":"TRUUSK - Hem, Tr\u00e4dg\u00e5rd & Fritid","url":"https:\/\/truusk.store\/sv\/","logo":{"@type":"ImageObject","inLanguage":"sv-SE","@id":"https:\/\/truusk.store\/sv\/#\/schema\/logo\/image\/","url":"https:\/\/i0.wp.com\/truusk.store\/wp-content\/uploads\/2026\/03\/cropped-TRUUSK.png?fit=2032%2C917&ssl=1","contentUrl":"https:\/\/i0.wp.com\/truusk.store\/wp-content\/uploads\/2026\/03\/cropped-TRUUSK.png?fit=2032%2C917&ssl=1","width":2032,"height":917,"caption":"TRUUSK - Hem, Tr\u00e4dg\u00e5rd & Fritid"},"image":{"@id":"https:\/\/truusk.store\/sv\/#\/schema\/logo\/image\/"}}]}},"jetpack_sharing_enabled":true,"_links":{"self":[{"href":"https:\/\/truusk.store\/sv\/wp-json\/wp\/v2\/product\/98705","targetHints":{"allow":["GET"]}}],"collection":[{"href":"https:\/\/truusk.store\/sv\/wp-json\/wp\/v2\/product"}],"about":[{"href":"https:\/\/truusk.store\/sv\/wp-json\/wp\/v2\/types\/product"}],"wp:featuredmedia":[{"embeddable":true,"href":"https:\/\/truusk.store\/sv\/wp-json\/wp\/v2\/media\/98694"}],"wp:attachment":[{"href":"https:\/\/truusk.store\/sv\/wp-json\/wp\/v2\/media?parent=98705"}],"wp:term":[{"taxonomy":"product_brand","embeddable":true,"href":"https:\/\/truusk.store\/sv\/wp-json\/wp\/v2\/product_brand?post=98705"},{"taxonomy":"product_cat","embeddable":true,"href":"https:\/\/truusk.store\/sv\/wp-json\/wp\/v2\/product_cat?post=98705"},{"taxonomy":"product_tag","embeddable":true,"href":"https:\/\/truusk.store\/sv\/wp-json\/wp\/v2\/product_tag?post=98705"}],"curies":[{"name":"wp","href":"https:\/\/api.w.org\/{rel}","templated":true}]}}