{"id":98738,"date":"2026-01-06T13:18:26","date_gmt":"2026-01-06T12:18:26","guid":{"rendered":"https:\/\/truusk.store\/product\/trappskyddsgaller-dorrskyddsgaller-med-kattlucka-utan-borrning-75-85-cm-av-stal-for-hundar-trappor-dorr-vit\/"},"modified":"2026-03-12T08:49:09","modified_gmt":"2026-03-12T07:49:09","slug":"truusk-trappskyddsgaller-med-kattlucka-75-85-cm-stalkonstruktion-for-hundar-och-katter-utan-borrning-vit","status":"publish","type":"product","link":"https:\/\/truusk.store\/sv\/produkt\/truusk-trappskyddsgaller-med-kattlucka-75-85-cm-stalkonstruktion-for-hundar-och-katter-utan-borrning-vit\/","title":{"rendered":"TRUUSK Trappskyddsgaller Med Kattlucka 75-85 cm &#8211; St\u00e5lkonstruktion &#8211; F\u00f6r Hundar och Katter &#8211; Utan Borrning &#8211; Vit"},"content":{"rendered":"<p>Har du sv\u00e5rt att koordinera dina husdjur i ett upptaget hush\u00e5ll? Att jonglera med hund, katt och vardagssysslor kan, s\u00e4rskilt med klumpiga d\u00f6rrar, bli en utmaning. [BRAND NAME] trappskyddsgaller f\u00f6renklar vardagen med en enhandshantering och en smart kattlucka som ger katterna frihet medan hunden \u00e4r s\u00e4ker. Upplev ett mer harmoniskt hem d\u00e4r alla, inklusive du, kan r\u00f6ra sig enkelt och lugnt.<\/p>\n<p>Beskrivning:<\/p>\n<ul>\n<li> Expanderar f\u00f6r att passa \u00f6ppningar fr\u00e5n 75-85 cm, l\u00e4mplig f\u00f6r d\u00f6rrkarmar, korridorer och trappor<\/li>\n<li> D\u00f6rrskyddsgallret har en 4-v\u00e4gs l\u00e5skattlucka som ger dig full kontroll \u00f6ver ditt husdjurs tillg\u00e5ng<\/li>\n<li> M\u00f6jligg\u00f6r enkel enhandshantering och en praktisk sv\u00e4ngmekanism p\u00e5 b\u00e5da sidor<\/li>\n<li> Kan installeras inom n\u00e5gra minuter med tryckf\u00e4sten, utan att skada dina v\u00e4ggar<\/li>\n<li> Byggd av bitresistent st\u00e5l och med en djurv\u00e4nlig bel\u00e4ggning, f\u00f6r ditt husdjurs s\u00e4kerhet<\/li>\n<li> D\u00f6rrgallret har en stavavst\u00e5nd p\u00e5 5,5 cm f\u00f6r att f\u00f6rhindra att sm\u00e5 husdjur smiter igenom<\/li>\n<li> Inneh\u00e5ller all n\u00f6dv\u00e4ndig utrustning f\u00f6r en snabb, stabil och s\u00e4ker montering<\/li>\n<\/ul>\n<p> Tekniska specifikationer:<\/p>\n<ul>\n<li> F\u00e4rg: Vit<\/li>\n<li> Material: St\u00e5l, plast<\/li>\n<li> Totala dimensioner: 75-85B x 2T x 76H cm<\/li>\n<li> Grindram: 71B x 76H cm (utan justeringsst\u00e4nger)<\/li>\n<li> D\u00f6rrbredd: 54B cm<\/li>\n<li> Yttre dimensioner f\u00f6r kattluckan: 22,5B x 22,5H cm<\/li>\n<li> Panelstorlek f\u00f6r kattluckan: 17,5B x 14,5H cm<\/li>\n<li> Avst\u00e5nd mellan st\u00e4ngerna: 5,5B cm<\/li>\n<li> L\u00e4mplig axelh\u00f6jd: 25-50H cm<\/li>\n<\/ul>\n<p>Leverans inneh\u00e5ller:<\/p>\n<ul>\n<li> 1 x Hundgaller<\/li>\n<li> 1 x Bruksanvisning<\/li>\n<\/ul>\n","protected":false},"excerpt":{"rendered":"<p>Har du sv\u00e5rt att koordinera dina husdjur i ett upptaget hush\u00e5ll? Att jonglera med hund, katt och vardagssysslor kan, s\u00e4rskilt&#8230;<\/p>\n","protected":false},"featured_media":98726,"template":"","meta":[],"product_brand":[],"product_cat":[878,948,574],"product_tag":[],"class_list":{"0":"post-98738","1":"product","2":"type-product","3":"status-publish","4":"has-post-thumbnail","6":"product_cat-djurbehov","7":"product_cat-hundgaller-skiljevaggar","8":"product_cat-hundtillbehor","10":"first","11":"instock","12":"sale","13":"taxable","14":"shipping-taxable","15":"purchasable","16":"product-type-simple"},"yoast_head":"<!-- This site is optimized with the Yoast SEO plugin v25.4 - https:\/\/yoast.com\/wordpress\/plugins\/seo\/ -->\n<title>TRUUSK Trappskyddsgaller Med Kattlucka 75-85 cm - St\u00e5lkonstruktion - F\u00f6r Hundar och Katter - Utan Borrning - Vit - TRUUSK - Hem, Tr\u00e4dg\u00e5rd &amp; Fritid<\/title>\n<meta name=\"robots\" content=\"index, follow, max-snippet:-1, max-image-preview:large, max-video-preview:-1\" \/>\n<link rel=\"canonical\" href=\"https:\/\/truusk.store\/sv\/produkt\/truusk-trappskyddsgaller-med-kattlucka-75-85-cm-stalkonstruktion-for-hundar-och-katter-utan-borrning-vit\/\" \/>\n<meta property=\"og:locale\" content=\"sv_SE\" \/>\n<meta property=\"og:type\" content=\"article\" \/>\n<meta property=\"og:title\" content=\"TRUUSK Trappskyddsgaller Med Kattlucka 75-85 cm - St\u00e5lkonstruktion - F\u00f6r Hundar och Katter - Utan Borrning - Vit - TRUUSK - Hem, Tr\u00e4dg\u00e5rd &amp; Fritid\" \/>\n<meta property=\"og:description\" content=\"Har du sv\u00e5rt att koordinera dina husdjur i ett upptaget hush\u00e5ll? Att jonglera med hund, katt och vardagssysslor kan, s\u00e4rskilt...\" \/>\n<meta property=\"og:url\" content=\"https:\/\/truusk.store\/sv\/produkt\/truusk-trappskyddsgaller-med-kattlucka-75-85-cm-stalkonstruktion-for-hundar-och-katter-utan-borrning-vit\/\" \/>\n<meta property=\"og:site_name\" content=\"TRUUSK - Hem, Tr\u00e4dg\u00e5rd &amp; Fritid\" \/>\n<meta property=\"article:modified_time\" content=\"2026-03-12T07:49:09+00:00\" \/>\n<meta property=\"og:image\" content=\"https:\/\/i0.wp.com\/truusk.se\/wp-content\/uploads\/2026\/01\/trappskyddsgaller-dorrskyddsgaller-med-kattlucka-utan-borrning-75-85-cm-av-stal-for-hundar-trappor-dorr-vit-1.webp?fit=2000%2C2000&ssl=1\" \/>\n\t<meta property=\"og:image:width\" content=\"2000\" \/>\n\t<meta property=\"og:image:height\" content=\"2000\" \/>\n\t<meta property=\"og:image:type\" content=\"image\/webp\" \/>\n<meta name=\"twitter:card\" content=\"summary_large_image\" \/>\n<meta name=\"twitter:label1\" content=\"Ber\u00e4knad l\u00e4stid\" \/>\n\t<meta name=\"twitter:data1\" content=\"1 minut\" \/>\n<!-- \/ Yoast SEO plugin. -->","yoast_head_json":{"title":"TRUUSK Trappskyddsgaller Med Kattlucka 75-85 cm - St\u00e5lkonstruktion - F\u00f6r Hundar och Katter - Utan Borrning - Vit - TRUUSK - Hem, Tr\u00e4dg\u00e5rd &amp; Fritid","robots":{"index":"index","follow":"follow","max-snippet":"max-snippet:-1","max-image-preview":"max-image-preview:large","max-video-preview":"max-video-preview:-1"},"canonical":"https:\/\/truusk.store\/sv\/produkt\/truusk-trappskyddsgaller-med-kattlucka-75-85-cm-stalkonstruktion-for-hundar-och-katter-utan-borrning-vit\/","og_locale":"sv_SE","og_type":"article","og_title":"TRUUSK Trappskyddsgaller Med Kattlucka 75-85 cm - St\u00e5lkonstruktion - F\u00f6r Hundar och Katter - Utan Borrning - Vit - TRUUSK - Hem, Tr\u00e4dg\u00e5rd &amp; Fritid","og_description":"Har du sv\u00e5rt att koordinera dina husdjur i ett upptaget hush\u00e5ll? Att jonglera med hund, katt och vardagssysslor kan, s\u00e4rskilt...","og_url":"https:\/\/truusk.store\/sv\/produkt\/truusk-trappskyddsgaller-med-kattlucka-75-85-cm-stalkonstruktion-for-hundar-och-katter-utan-borrning-vit\/","og_site_name":"TRUUSK - Hem, Tr\u00e4dg\u00e5rd &amp; Fritid","article_modified_time":"2026-03-12T07:49:09+00:00","og_image":[{"width":2000,"height":2000,"url":"https:\/\/i0.wp.com\/truusk.se\/wp-content\/uploads\/2026\/01\/trappskyddsgaller-dorrskyddsgaller-med-kattlucka-utan-borrning-75-85-cm-av-stal-for-hundar-trappor-dorr-vit-1.webp?fit=2000%2C2000&ssl=1","type":"image\/webp"}],"twitter_card":"summary_large_image","twitter_misc":{"Ber\u00e4knad l\u00e4stid":"1 minut"},"schema":{"@context":"https:\/\/schema.org","@graph":[{"@type":"WebPage","@id":"https:\/\/truusk.store\/sv\/produkt\/truusk-trappskyddsgaller-med-kattlucka-75-85-cm-stalkonstruktion-for-hundar-och-katter-utan-borrning-vit\/","url":"https:\/\/truusk.store\/sv\/produkt\/truusk-trappskyddsgaller-med-kattlucka-75-85-cm-stalkonstruktion-for-hundar-och-katter-utan-borrning-vit\/","name":"TRUUSK Trappskyddsgaller Med Kattlucka 75-85 cm - St\u00e5lkonstruktion - F\u00f6r Hundar och Katter - Utan Borrning - Vit - TRUUSK - Hem, Tr\u00e4dg\u00e5rd &amp; Fritid","isPartOf":{"@id":"https:\/\/truusk.store\/sv\/#website"},"primaryImageOfPage":{"@id":"https:\/\/truusk.store\/sv\/produkt\/truusk-trappskyddsgaller-med-kattlucka-75-85-cm-stalkonstruktion-for-hundar-och-katter-utan-borrning-vit\/#primaryimage"},"image":{"@id":"https:\/\/truusk.store\/sv\/produkt\/truusk-trappskyddsgaller-med-kattlucka-75-85-cm-stalkonstruktion-for-hundar-och-katter-utan-borrning-vit\/#primaryimage"},"thumbnailUrl":"https:\/\/i0.wp.com\/truusk.store\/wp-content\/uploads\/2026\/01\/trappskyddsgaller-dorrskyddsgaller-med-kattlucka-utan-borrning-75-85-cm-av-stal-for-hundar-trappor-dorr-vit-1.webp?fit=2000%2C2000&ssl=1","datePublished":"2026-01-06T12:18:26+00:00","dateModified":"2026-03-12T07:49:09+00:00","breadcrumb":{"@id":"https:\/\/truusk.store\/sv\/produkt\/truusk-trappskyddsgaller-med-kattlucka-75-85-cm-stalkonstruktion-for-hundar-och-katter-utan-borrning-vit\/#breadcrumb"},"inLanguage":"sv-SE","potentialAction":[{"@type":"ReadAction","target":["https:\/\/truusk.store\/sv\/produkt\/truusk-trappskyddsgaller-med-kattlucka-75-85-cm-stalkonstruktion-for-hundar-och-katter-utan-borrning-vit\/"]}]},{"@type":"ImageObject","inLanguage":"sv-SE","@id":"https:\/\/truusk.store\/sv\/produkt\/truusk-trappskyddsgaller-med-kattlucka-75-85-cm-stalkonstruktion-for-hundar-och-katter-utan-borrning-vit\/#primaryimage","url":"https:\/\/i0.wp.com\/truusk.store\/wp-content\/uploads\/2026\/01\/trappskyddsgaller-dorrskyddsgaller-med-kattlucka-utan-borrning-75-85-cm-av-stal-for-hundar-trappor-dorr-vit-1.webp?fit=2000%2C2000&ssl=1","contentUrl":"https:\/\/i0.wp.com\/truusk.store\/wp-content\/uploads\/2026\/01\/trappskyddsgaller-dorrskyddsgaller-med-kattlucka-utan-borrning-75-85-cm-av-stal-for-hundar-trappor-dorr-vit-1.webp?fit=2000%2C2000&ssl=1","width":2000,"height":2000},{"@type":"BreadcrumbList","@id":"https:\/\/truusk.store\/sv\/produkt\/truusk-trappskyddsgaller-med-kattlucka-75-85-cm-stalkonstruktion-for-hundar-och-katter-utan-borrning-vit\/#breadcrumb","itemListElement":[{"@type":"ListItem","position":1,"name":"Home","item":"https:\/\/truusk.store\/sv\/"},{"@type":"ListItem","position":2,"name":"Shop","item":"https:\/\/truusk.store\/shop\/"},{"@type":"ListItem","position":3,"name":"TRUUSK Trappskyddsgaller Med Kattlucka 75-85 cm &#8211; St\u00e5lkonstruktion &#8211; F\u00f6r Hundar och Katter &#8211; Utan Borrning &#8211; Vit"}]},{"@type":"WebSite","@id":"https:\/\/truusk.store\/sv\/#website","url":"https:\/\/truusk.store\/sv\/","name":"TRUUSK - Hem, Tr\u00e4dg\u00e5rd & Fritid","description":"","publisher":{"@id":"https:\/\/truusk.store\/sv\/#organization"},"potentialAction":[{"@type":"SearchAction","target":{"@type":"EntryPoint","urlTemplate":"https:\/\/truusk.store\/sv\/?s={search_term_string}"},"query-input":{"@type":"PropertyValueSpecification","valueRequired":true,"valueName":"search_term_string"}}],"inLanguage":"sv-SE"},{"@type":"Organization","@id":"https:\/\/truusk.store\/sv\/#organization","name":"TRUUSK - Hem, Tr\u00e4dg\u00e5rd & Fritid","url":"https:\/\/truusk.store\/sv\/","logo":{"@type":"ImageObject","inLanguage":"sv-SE","@id":"https:\/\/truusk.store\/sv\/#\/schema\/logo\/image\/","url":"https:\/\/i0.wp.com\/truusk.store\/wp-content\/uploads\/2026\/03\/cropped-TRUUSK.png?fit=2032%2C917&ssl=1","contentUrl":"https:\/\/i0.wp.com\/truusk.store\/wp-content\/uploads\/2026\/03\/cropped-TRUUSK.png?fit=2032%2C917&ssl=1","width":2032,"height":917,"caption":"TRUUSK - Hem, Tr\u00e4dg\u00e5rd & Fritid"},"image":{"@id":"https:\/\/truusk.store\/sv\/#\/schema\/logo\/image\/"}}]}},"jetpack_sharing_enabled":true,"_links":{"self":[{"href":"https:\/\/truusk.store\/sv\/wp-json\/wp\/v2\/product\/98738","targetHints":{"allow":["GET"]}}],"collection":[{"href":"https:\/\/truusk.store\/sv\/wp-json\/wp\/v2\/product"}],"about":[{"href":"https:\/\/truusk.store\/sv\/wp-json\/wp\/v2\/types\/product"}],"wp:featuredmedia":[{"embeddable":true,"href":"https:\/\/truusk.store\/sv\/wp-json\/wp\/v2\/media\/98726"}],"wp:attachment":[{"href":"https:\/\/truusk.store\/sv\/wp-json\/wp\/v2\/media?parent=98738"}],"wp:term":[{"taxonomy":"product_brand","embeddable":true,"href":"https:\/\/truusk.store\/sv\/wp-json\/wp\/v2\/product_brand?post=98738"},{"taxonomy":"product_cat","embeddable":true,"href":"https:\/\/truusk.store\/sv\/wp-json\/wp\/v2\/product_cat?post=98738"},{"taxonomy":"product_tag","embeddable":true,"href":"https:\/\/truusk.store\/sv\/wp-json\/wp\/v2\/product_tag?post=98738"}],"curies":[{"name":"wp","href":"https:\/\/api.w.org\/{rel}","templated":true}]}}