{"id":98746,"date":"2026-01-06T13:19:03","date_gmt":"2026-01-06T12:19:03","guid":{"rendered":"https:\/\/truusk.store\/product\/hamsterbur-2-nivaer-smadjursbur-med-forvaringsfack-tillbehor-84-x-53-x-110-cm-naturligt-tra\/"},"modified":"2026-03-12T08:49:09","modified_gmt":"2026-03-12T07:49:09","slug":"truusk-hamsterbur-med-2-nivaer-forvaringsfack-tillbehor-naturligt-tra-84-x-53-x-110-cm","status":"publish","type":"product","link":"https:\/\/truusk.store\/sv\/produkt\/truusk-hamsterbur-med-2-nivaer-forvaringsfack-tillbehor-naturligt-tra-84-x-53-x-110-cm\/","title":{"rendered":"TRUUSK Hamsterbur med 2 niv\u00e5er &#8211; F\u00f6rvaringsfack &#8211; Tillbeh\u00f6r &#8211; Naturligt Tr\u00e4 &#8211; 84 x 53 x 110 cm"},"content":{"rendered":"<p>Dina sm\u00e5 djur kan kl\u00e4ttra runt, leka i mysiga g\u00f6mst\u00e4llen och njuta av de medf\u00f6ljande gungorna och ramperna. Klar sikt och frisk luftfl\u00f6de garanteras av de transparenta PET-panelerna och sidventilationen, medan det robusta grantr\u00e4ramen med halkskyddsf\u00f6tter ger stabilitet. En nedre hylla erbjuder extra f\u00f6rvaringsutrymme och g\u00f6r denna [BRAND NAME] bur till ett s\u00e4kert och praktiskt habitat f\u00f6r hamstrar, gerbiler och syriska hamstrar.<\/p>\n<p>Beskrivning:<\/p>\n<ul>\n<li> Tv\u00e5stegsdesign med hylla f\u00f6r extra f\u00f6rvaringsutrymme<\/li>\n<li> Avtagbar bricka och stor \u00f6ppning upptill m\u00f6jligg\u00f6r enkel reng\u00f6ring och interaktion<\/li>\n<li> Klara PET-paneler f\u00f6r full frontal synlighet<\/li>\n<li> Sidventilationer och en \u00f6ppningsbar topp f\u00f6rb\u00e4ttrar luftcirkulationen och minskar lukter<\/li>\n<li> Inneh\u00e5ller flera tillbeh\u00f6r som uppfyller alla dina husdjurs behov<\/li>\n<li> Solid ram av grantr\u00e4 med halkskyddsf\u00f6tter ger stabilitet<\/li>\n<li> L\u00e4mplig f\u00f6r dv\u00e4rghamstrar, guldhamstrar och gerbiler<\/li>\n<\/ul>\n<p> Tekniska specifikationer:<\/p>\n<ul>\n<li> F\u00e4rg: Naturtr\u00e4yta<\/li>\n<li> Material: Grantr\u00e4 och PET<\/li>\n<li> Totala dimensioner: 84L x 53B x 110H cm<\/li>\n<li> Hamsterbur: 84L x 53B x 50H cm<\/li>\n<li> Nedre niv\u00e5 inuti: 80L x 50B x 17H cm<\/li>\n<li> \u00d6vre plattform: 83L x 21B cm<\/li>\n<li> \u00d6versta plattform: 84L x 26,5B cm<\/li>\n<li> \u00d6vre d\u00f6rr: 84L x 27B cm<\/li>\n<li> G\u00f6mst\u00e4lle: 15L x 12B x 13H cm<\/li>\n<li> D\u00f6rr: 9,5B x 10H cm<\/li>\n<li> Gungor: 20L x 8B x 4H cm<\/li>\n<li> Ramp: 30L x 8B cm<\/li>\n<li> F\u00f6rvaringsfack: 84L x 53B x 60H cm<\/li>\n<li> Bricka: 79,5L x 48,5B x 5,5H cm<\/li>\n<li> Vattenautomat kapacitet: 80 ml<\/li>\n<li> B\u00e4rkapacitet: 15 kg<\/li>\n<li> Artikelnummer: D51-498V90ND<\/li>\n<\/ul>\n<p>Leverans inneh\u00e5ller:<\/p>\n<ul>\n<li> 1 x Hamsterbur<\/li>\n<li> 1 x Bruksanvisning<\/li>\n<\/ul>\n","protected":false},"excerpt":{"rendered":"<p>Dina sm\u00e5 djur kan kl\u00e4ttra runt, leka i mysiga g\u00f6mst\u00e4llen och njuta av de medf\u00f6ljande gungorna och ramperna. Klar sikt&#8230;<\/p>\n","protected":false},"featured_media":98732,"template":"","meta":[],"product_brand":[],"product_cat":[878,599,597],"product_tag":[],"class_list":{"0":"post-98746","1":"product","2":"type-product","3":"status-publish","4":"has-post-thumbnail","6":"product_cat-djurbehov","7":"product_cat-sma-djurburar","8":"product_cat-sma-djurtillbehor","10":"first","11":"instock","12":"sale","13":"taxable","14":"shipping-taxable","15":"purchasable","16":"product-type-simple"},"yoast_head":"<!-- This site is optimized with the Yoast SEO plugin v25.4 - https:\/\/yoast.com\/wordpress\/plugins\/seo\/ -->\n<title>TRUUSK Hamsterbur med 2 niv\u00e5er - F\u00f6rvaringsfack - Tillbeh\u00f6r - Naturligt Tr\u00e4 - 84 x 53 x 110 cm - TRUUSK - Hem, Tr\u00e4dg\u00e5rd &amp; Fritid<\/title>\n<meta name=\"robots\" content=\"index, follow, max-snippet:-1, max-image-preview:large, max-video-preview:-1\" \/>\n<link rel=\"canonical\" href=\"https:\/\/truusk.store\/sv\/produkt\/truusk-hamsterbur-med-2-nivaer-forvaringsfack-tillbehor-naturligt-tra-84-x-53-x-110-cm\/\" \/>\n<meta property=\"og:locale\" content=\"sv_SE\" \/>\n<meta property=\"og:type\" content=\"article\" \/>\n<meta property=\"og:title\" content=\"TRUUSK Hamsterbur med 2 niv\u00e5er - F\u00f6rvaringsfack - Tillbeh\u00f6r - Naturligt Tr\u00e4 - 84 x 53 x 110 cm - TRUUSK - Hem, Tr\u00e4dg\u00e5rd &amp; Fritid\" \/>\n<meta property=\"og:description\" content=\"Dina sm\u00e5 djur kan kl\u00e4ttra runt, leka i mysiga g\u00f6mst\u00e4llen och njuta av de medf\u00f6ljande gungorna och ramperna. Klar sikt...\" \/>\n<meta property=\"og:url\" content=\"https:\/\/truusk.store\/sv\/produkt\/truusk-hamsterbur-med-2-nivaer-forvaringsfack-tillbehor-naturligt-tra-84-x-53-x-110-cm\/\" \/>\n<meta property=\"og:site_name\" content=\"TRUUSK - Hem, Tr\u00e4dg\u00e5rd &amp; Fritid\" \/>\n<meta property=\"article:modified_time\" content=\"2026-03-12T07:49:09+00:00\" \/>\n<meta property=\"og:image\" content=\"https:\/\/i0.wp.com\/truusk.se\/wp-content\/uploads\/2026\/01\/hamsterbur-2-nivaer-smadjursbur-med-forvaringsfack-tillbehor-84-x-53-x-110-cm-naturligt-tra-1.webp?fit=2000%2C2000&ssl=1\" \/>\n\t<meta property=\"og:image:width\" content=\"2000\" \/>\n\t<meta property=\"og:image:height\" content=\"2000\" \/>\n\t<meta property=\"og:image:type\" content=\"image\/webp\" \/>\n<meta name=\"twitter:card\" content=\"summary_large_image\" \/>\n<meta name=\"twitter:label1\" content=\"Ber\u00e4knad l\u00e4stid\" \/>\n\t<meta name=\"twitter:data1\" content=\"1 minut\" \/>\n<!-- \/ Yoast SEO plugin. -->","yoast_head_json":{"title":"TRUUSK Hamsterbur med 2 niv\u00e5er - F\u00f6rvaringsfack - Tillbeh\u00f6r - Naturligt Tr\u00e4 - 84 x 53 x 110 cm - TRUUSK - Hem, Tr\u00e4dg\u00e5rd &amp; Fritid","robots":{"index":"index","follow":"follow","max-snippet":"max-snippet:-1","max-image-preview":"max-image-preview:large","max-video-preview":"max-video-preview:-1"},"canonical":"https:\/\/truusk.store\/sv\/produkt\/truusk-hamsterbur-med-2-nivaer-forvaringsfack-tillbehor-naturligt-tra-84-x-53-x-110-cm\/","og_locale":"sv_SE","og_type":"article","og_title":"TRUUSK Hamsterbur med 2 niv\u00e5er - F\u00f6rvaringsfack - Tillbeh\u00f6r - Naturligt Tr\u00e4 - 84 x 53 x 110 cm - TRUUSK - Hem, Tr\u00e4dg\u00e5rd &amp; Fritid","og_description":"Dina sm\u00e5 djur kan kl\u00e4ttra runt, leka i mysiga g\u00f6mst\u00e4llen och njuta av de medf\u00f6ljande gungorna och ramperna. Klar sikt...","og_url":"https:\/\/truusk.store\/sv\/produkt\/truusk-hamsterbur-med-2-nivaer-forvaringsfack-tillbehor-naturligt-tra-84-x-53-x-110-cm\/","og_site_name":"TRUUSK - Hem, Tr\u00e4dg\u00e5rd &amp; Fritid","article_modified_time":"2026-03-12T07:49:09+00:00","og_image":[{"width":2000,"height":2000,"url":"https:\/\/i0.wp.com\/truusk.se\/wp-content\/uploads\/2026\/01\/hamsterbur-2-nivaer-smadjursbur-med-forvaringsfack-tillbehor-84-x-53-x-110-cm-naturligt-tra-1.webp?fit=2000%2C2000&ssl=1","type":"image\/webp"}],"twitter_card":"summary_large_image","twitter_misc":{"Ber\u00e4knad l\u00e4stid":"1 minut"},"schema":{"@context":"https:\/\/schema.org","@graph":[{"@type":"WebPage","@id":"https:\/\/truusk.store\/sv\/produkt\/truusk-hamsterbur-med-2-nivaer-forvaringsfack-tillbehor-naturligt-tra-84-x-53-x-110-cm\/","url":"https:\/\/truusk.store\/sv\/produkt\/truusk-hamsterbur-med-2-nivaer-forvaringsfack-tillbehor-naturligt-tra-84-x-53-x-110-cm\/","name":"TRUUSK Hamsterbur med 2 niv\u00e5er - F\u00f6rvaringsfack - Tillbeh\u00f6r - Naturligt Tr\u00e4 - 84 x 53 x 110 cm - TRUUSK - Hem, Tr\u00e4dg\u00e5rd &amp; Fritid","isPartOf":{"@id":"https:\/\/truusk.store\/sv\/#website"},"primaryImageOfPage":{"@id":"https:\/\/truusk.store\/sv\/produkt\/truusk-hamsterbur-med-2-nivaer-forvaringsfack-tillbehor-naturligt-tra-84-x-53-x-110-cm\/#primaryimage"},"image":{"@id":"https:\/\/truusk.store\/sv\/produkt\/truusk-hamsterbur-med-2-nivaer-forvaringsfack-tillbehor-naturligt-tra-84-x-53-x-110-cm\/#primaryimage"},"thumbnailUrl":"https:\/\/i0.wp.com\/truusk.store\/wp-content\/uploads\/2026\/01\/hamsterbur-2-nivaer-smadjursbur-med-forvaringsfack-tillbehor-84-x-53-x-110-cm-naturligt-tra-1.webp?fit=2000%2C2000&ssl=1","datePublished":"2026-01-06T12:19:03+00:00","dateModified":"2026-03-12T07:49:09+00:00","breadcrumb":{"@id":"https:\/\/truusk.store\/sv\/produkt\/truusk-hamsterbur-med-2-nivaer-forvaringsfack-tillbehor-naturligt-tra-84-x-53-x-110-cm\/#breadcrumb"},"inLanguage":"sv-SE","potentialAction":[{"@type":"ReadAction","target":["https:\/\/truusk.store\/sv\/produkt\/truusk-hamsterbur-med-2-nivaer-forvaringsfack-tillbehor-naturligt-tra-84-x-53-x-110-cm\/"]}]},{"@type":"ImageObject","inLanguage":"sv-SE","@id":"https:\/\/truusk.store\/sv\/produkt\/truusk-hamsterbur-med-2-nivaer-forvaringsfack-tillbehor-naturligt-tra-84-x-53-x-110-cm\/#primaryimage","url":"https:\/\/i0.wp.com\/truusk.store\/wp-content\/uploads\/2026\/01\/hamsterbur-2-nivaer-smadjursbur-med-forvaringsfack-tillbehor-84-x-53-x-110-cm-naturligt-tra-1.webp?fit=2000%2C2000&ssl=1","contentUrl":"https:\/\/i0.wp.com\/truusk.store\/wp-content\/uploads\/2026\/01\/hamsterbur-2-nivaer-smadjursbur-med-forvaringsfack-tillbehor-84-x-53-x-110-cm-naturligt-tra-1.webp?fit=2000%2C2000&ssl=1","width":2000,"height":2000},{"@type":"BreadcrumbList","@id":"https:\/\/truusk.store\/sv\/produkt\/truusk-hamsterbur-med-2-nivaer-forvaringsfack-tillbehor-naturligt-tra-84-x-53-x-110-cm\/#breadcrumb","itemListElement":[{"@type":"ListItem","position":1,"name":"Home","item":"https:\/\/truusk.store\/sv\/"},{"@type":"ListItem","position":2,"name":"Shop","item":"https:\/\/truusk.store\/shop\/"},{"@type":"ListItem","position":3,"name":"TRUUSK Hamsterbur med 2 niv\u00e5er &#8211; F\u00f6rvaringsfack &#8211; Tillbeh\u00f6r &#8211; Naturligt Tr\u00e4 &#8211; 84 x 53 x 110 cm"}]},{"@type":"WebSite","@id":"https:\/\/truusk.store\/sv\/#website","url":"https:\/\/truusk.store\/sv\/","name":"TRUUSK - Hem, Tr\u00e4dg\u00e5rd & Fritid","description":"","publisher":{"@id":"https:\/\/truusk.store\/sv\/#organization"},"potentialAction":[{"@type":"SearchAction","target":{"@type":"EntryPoint","urlTemplate":"https:\/\/truusk.store\/sv\/?s={search_term_string}"},"query-input":{"@type":"PropertyValueSpecification","valueRequired":true,"valueName":"search_term_string"}}],"inLanguage":"sv-SE"},{"@type":"Organization","@id":"https:\/\/truusk.store\/sv\/#organization","name":"TRUUSK - Hem, Tr\u00e4dg\u00e5rd & Fritid","url":"https:\/\/truusk.store\/sv\/","logo":{"@type":"ImageObject","inLanguage":"sv-SE","@id":"https:\/\/truusk.store\/sv\/#\/schema\/logo\/image\/","url":"https:\/\/i0.wp.com\/truusk.store\/wp-content\/uploads\/2026\/03\/cropped-TRUUSK.png?fit=2032%2C917&ssl=1","contentUrl":"https:\/\/i0.wp.com\/truusk.store\/wp-content\/uploads\/2026\/03\/cropped-TRUUSK.png?fit=2032%2C917&ssl=1","width":2032,"height":917,"caption":"TRUUSK - Hem, Tr\u00e4dg\u00e5rd & Fritid"},"image":{"@id":"https:\/\/truusk.store\/sv\/#\/schema\/logo\/image\/"}}]}},"jetpack_sharing_enabled":true,"_links":{"self":[{"href":"https:\/\/truusk.store\/sv\/wp-json\/wp\/v2\/product\/98746","targetHints":{"allow":["GET"]}}],"collection":[{"href":"https:\/\/truusk.store\/sv\/wp-json\/wp\/v2\/product"}],"about":[{"href":"https:\/\/truusk.store\/sv\/wp-json\/wp\/v2\/types\/product"}],"wp:featuredmedia":[{"embeddable":true,"href":"https:\/\/truusk.store\/sv\/wp-json\/wp\/v2\/media\/98732"}],"wp:attachment":[{"href":"https:\/\/truusk.store\/sv\/wp-json\/wp\/v2\/media?parent=98746"}],"wp:term":[{"taxonomy":"product_brand","embeddable":true,"href":"https:\/\/truusk.store\/sv\/wp-json\/wp\/v2\/product_brand?post=98746"},{"taxonomy":"product_cat","embeddable":true,"href":"https:\/\/truusk.store\/sv\/wp-json\/wp\/v2\/product_cat?post=98746"},{"taxonomy":"product_tag","embeddable":true,"href":"https:\/\/truusk.store\/sv\/wp-json\/wp\/v2\/product_tag?post=98746"}],"curies":[{"name":"wp","href":"https:\/\/api.w.org\/{rel}","templated":true}]}}