{"id":98765,"date":"2026-01-06T13:20:47","date_gmt":"2026-01-06T12:20:47","guid":{"rendered":"https:\/\/truusk.store\/product\/vardagsrumsstol-360-roterande-lounge-stol-avkopplingsstol-med-enkel-ryggstod-och-armstod-77-x-75-x-72-cm-beige\/"},"modified":"2026-03-12T08:49:11","modified_gmt":"2026-03-12T07:49:11","slug":"truusk-lounge-stol-360-roterande-enkel-ryggstod-och-armstod-beige-77-x-75-x-72-cm","status":"publish","type":"product","link":"https:\/\/truusk.store\/sv\/produkt\/truusk-lounge-stol-360-roterande-enkel-ryggstod-och-armstod-beige-77-x-75-x-72-cm\/","title":{"rendered":"TRUUSK Lounge Stol 360\u00b0 Roterande &#8211; Enkel Ryggst\u00f6d och Armst\u00f6d &#8211; Beige &#8211; 77 x 75 x 72 cm"},"content":{"rendered":"<p>Uppt\u00e4ck komforten med [BRAND NAME] accentstolen med dess enstaka rygg- och armst\u00f6d som passar perfekt mot din kropp, och en bred 55 cm sittplats f\u00f6r avkopplande vistelse. Se fram emot en 360\u00b0 roterande bas som g\u00f6r det m\u00f6jligt f\u00f6r dig att enkelt styra i alla riktningar, medan den luftiga, linne-liknande tyget ger en behaglig svalka. Den stoppade stolen \u00e4r ett stilfullt tillskott till alla moderna hem!<\/p>\n<p>Beskrivning:<\/p>\n<ul>\n<li> Enstaka ryggst\u00f6d och armst\u00f6d p\u00e5 matstolen st\u00f6der din kropp och lindrar tr\u00f6tthet<\/li>\n<li> 55 cm bred sittplats med 14 cm stoppning \u00f6kar komforten<\/li>\n<li> 360-graders roterande bas p\u00e5 relaxstolen ger enkel flexibilitet<\/li>\n<li> Kl\u00e4dd med andningsbart, slitstarkt linne-liknande tyg f\u00f6r l\u00e5ngvarig komfort<\/li>\n<li> Elegant modern stil berikar alla vardagsrum, sovrum eller kontor<\/li>\n<li> Ingen montering kr\u00e4vs<\/li>\n<\/ul>\n<p> Tekniska specifikationer:<\/p>\n<ul>\n<li> F\u00e4rg: Beige<\/li>\n<li> Material: Linne (100% polyester), skum, metall<\/li>\n<li> Totala dimensioner: 75B x 77D x 72H cm<\/li>\n<li> Sittstorlek: 55B x 57D x 43H cm<\/li>\n<li> Sitt tjocklek: 14 cm<\/li>\n<li> Ryggstorlek: 37L x 54B x 15D cm<\/li>\n<li> Armst\u00f6dsstorlek: 51L x 9B cm<\/li>\n<li> Armst\u00f6dsh\u00f6jd fr\u00e5n s\u00e4tet: (fram till bak) 19-31H cm<\/li>\n<li> Basstorlek: \u00d845 cm<\/li>\n<li> Maximal belastning: 120 kg<\/li>\n<\/ul>\n<p>Leveransinneh\u00e5ll:<\/p>\n<ul>\n<li> 1 x Accentstol<\/li>\n<li> 1 x Handbok<\/li>\n<\/ul>\n","protected":false},"excerpt":{"rendered":"<p>Uppt\u00e4ck komforten med [BRAND NAME] accentstolen med dess enstaka rygg- och armst\u00f6d som passar perfekt mot din kropp, och en&#8230;<\/p>\n","protected":false},"featured_media":98755,"template":"","meta":[],"product_brand":[],"product_cat":[871,519,910],"product_tag":[],"class_list":{"0":"post-98765","1":"product","2":"type-product","3":"status-publish","4":"has-post-thumbnail","6":"product_cat-hus-hem","7":"product_cat-stoppade-stolar","8":"product_cat-vardagsrum","10":"first","11":"instock","12":"sale","13":"taxable","14":"shipping-taxable","15":"purchasable","16":"product-type-simple"},"yoast_head":"<!-- This site is optimized with the Yoast SEO plugin v25.4 - https:\/\/yoast.com\/wordpress\/plugins\/seo\/ -->\n<title>TRUUSK Lounge Stol 360\u00b0 Roterande - Enkel Ryggst\u00f6d och Armst\u00f6d - Beige - 77 x 75 x 72 cm - TRUUSK - Hem, Tr\u00e4dg\u00e5rd &amp; Fritid<\/title>\n<meta name=\"robots\" content=\"index, follow, max-snippet:-1, max-image-preview:large, max-video-preview:-1\" \/>\n<link rel=\"canonical\" href=\"https:\/\/truusk.store\/sv\/produkt\/truusk-lounge-stol-360-roterande-enkel-ryggstod-och-armstod-beige-77-x-75-x-72-cm\/\" \/>\n<meta property=\"og:locale\" content=\"sv_SE\" \/>\n<meta property=\"og:type\" content=\"article\" \/>\n<meta property=\"og:title\" content=\"TRUUSK Lounge Stol 360\u00b0 Roterande - Enkel Ryggst\u00f6d och Armst\u00f6d - Beige - 77 x 75 x 72 cm - TRUUSK - Hem, Tr\u00e4dg\u00e5rd &amp; Fritid\" \/>\n<meta property=\"og:description\" content=\"Uppt\u00e4ck komforten med [BRAND NAME] accentstolen med dess enstaka rygg- och armst\u00f6d som passar perfekt mot din kropp, och en...\" \/>\n<meta property=\"og:url\" content=\"https:\/\/truusk.store\/sv\/produkt\/truusk-lounge-stol-360-roterande-enkel-ryggstod-och-armstod-beige-77-x-75-x-72-cm\/\" \/>\n<meta property=\"og:site_name\" content=\"TRUUSK - Hem, Tr\u00e4dg\u00e5rd &amp; Fritid\" \/>\n<meta property=\"article:modified_time\" content=\"2026-03-12T07:49:11+00:00\" \/>\n<meta property=\"og:image\" content=\"https:\/\/i0.wp.com\/truusk.se\/wp-content\/uploads\/2026\/01\/vardagsrumsstol-360-roterande-lounge-stol-avkopplingsstol-med-enkel-ryggstod-och-armstod-77-x-75-x-72-cm-beige-1.webp?fit=2000%2C2000&ssl=1\" \/>\n\t<meta property=\"og:image:width\" content=\"2000\" \/>\n\t<meta property=\"og:image:height\" content=\"2000\" \/>\n\t<meta property=\"og:image:type\" content=\"image\/webp\" \/>\n<meta name=\"twitter:card\" content=\"summary_large_image\" \/>\n<meta name=\"twitter:label1\" content=\"Ber\u00e4knad l\u00e4stid\" \/>\n\t<meta name=\"twitter:data1\" content=\"1 minut\" \/>\n<!-- \/ Yoast SEO plugin. -->","yoast_head_json":{"title":"TRUUSK Lounge Stol 360\u00b0 Roterande - Enkel Ryggst\u00f6d och Armst\u00f6d - Beige - 77 x 75 x 72 cm - TRUUSK - Hem, Tr\u00e4dg\u00e5rd &amp; Fritid","robots":{"index":"index","follow":"follow","max-snippet":"max-snippet:-1","max-image-preview":"max-image-preview:large","max-video-preview":"max-video-preview:-1"},"canonical":"https:\/\/truusk.store\/sv\/produkt\/truusk-lounge-stol-360-roterande-enkel-ryggstod-och-armstod-beige-77-x-75-x-72-cm\/","og_locale":"sv_SE","og_type":"article","og_title":"TRUUSK Lounge Stol 360\u00b0 Roterande - Enkel Ryggst\u00f6d och Armst\u00f6d - Beige - 77 x 75 x 72 cm - TRUUSK - Hem, Tr\u00e4dg\u00e5rd &amp; Fritid","og_description":"Uppt\u00e4ck komforten med [BRAND NAME] accentstolen med dess enstaka rygg- och armst\u00f6d som passar perfekt mot din kropp, och en...","og_url":"https:\/\/truusk.store\/sv\/produkt\/truusk-lounge-stol-360-roterande-enkel-ryggstod-och-armstod-beige-77-x-75-x-72-cm\/","og_site_name":"TRUUSK - Hem, Tr\u00e4dg\u00e5rd &amp; Fritid","article_modified_time":"2026-03-12T07:49:11+00:00","og_image":[{"width":2000,"height":2000,"url":"https:\/\/i0.wp.com\/truusk.se\/wp-content\/uploads\/2026\/01\/vardagsrumsstol-360-roterande-lounge-stol-avkopplingsstol-med-enkel-ryggstod-och-armstod-77-x-75-x-72-cm-beige-1.webp?fit=2000%2C2000&ssl=1","type":"image\/webp"}],"twitter_card":"summary_large_image","twitter_misc":{"Ber\u00e4knad l\u00e4stid":"1 minut"},"schema":{"@context":"https:\/\/schema.org","@graph":[{"@type":"WebPage","@id":"https:\/\/truusk.store\/sv\/produkt\/truusk-lounge-stol-360-roterande-enkel-ryggstod-och-armstod-beige-77-x-75-x-72-cm\/","url":"https:\/\/truusk.store\/sv\/produkt\/truusk-lounge-stol-360-roterande-enkel-ryggstod-och-armstod-beige-77-x-75-x-72-cm\/","name":"TRUUSK Lounge Stol 360\u00b0 Roterande - Enkel Ryggst\u00f6d och Armst\u00f6d - Beige - 77 x 75 x 72 cm - TRUUSK - Hem, Tr\u00e4dg\u00e5rd &amp; Fritid","isPartOf":{"@id":"https:\/\/truusk.store\/sv\/#website"},"primaryImageOfPage":{"@id":"https:\/\/truusk.store\/sv\/produkt\/truusk-lounge-stol-360-roterande-enkel-ryggstod-och-armstod-beige-77-x-75-x-72-cm\/#primaryimage"},"image":{"@id":"https:\/\/truusk.store\/sv\/produkt\/truusk-lounge-stol-360-roterande-enkel-ryggstod-och-armstod-beige-77-x-75-x-72-cm\/#primaryimage"},"thumbnailUrl":"https:\/\/i0.wp.com\/truusk.store\/wp-content\/uploads\/2026\/01\/vardagsrumsstol-360-roterande-lounge-stol-avkopplingsstol-med-enkel-ryggstod-och-armstod-77-x-75-x-72-cm-beige-1.webp?fit=2000%2C2000&ssl=1","datePublished":"2026-01-06T12:20:47+00:00","dateModified":"2026-03-12T07:49:11+00:00","breadcrumb":{"@id":"https:\/\/truusk.store\/sv\/produkt\/truusk-lounge-stol-360-roterande-enkel-ryggstod-och-armstod-beige-77-x-75-x-72-cm\/#breadcrumb"},"inLanguage":"sv-SE","potentialAction":[{"@type":"ReadAction","target":["https:\/\/truusk.store\/sv\/produkt\/truusk-lounge-stol-360-roterande-enkel-ryggstod-och-armstod-beige-77-x-75-x-72-cm\/"]}]},{"@type":"ImageObject","inLanguage":"sv-SE","@id":"https:\/\/truusk.store\/sv\/produkt\/truusk-lounge-stol-360-roterande-enkel-ryggstod-och-armstod-beige-77-x-75-x-72-cm\/#primaryimage","url":"https:\/\/i0.wp.com\/truusk.store\/wp-content\/uploads\/2026\/01\/vardagsrumsstol-360-roterande-lounge-stol-avkopplingsstol-med-enkel-ryggstod-och-armstod-77-x-75-x-72-cm-beige-1.webp?fit=2000%2C2000&ssl=1","contentUrl":"https:\/\/i0.wp.com\/truusk.store\/wp-content\/uploads\/2026\/01\/vardagsrumsstol-360-roterande-lounge-stol-avkopplingsstol-med-enkel-ryggstod-och-armstod-77-x-75-x-72-cm-beige-1.webp?fit=2000%2C2000&ssl=1","width":2000,"height":2000},{"@type":"BreadcrumbList","@id":"https:\/\/truusk.store\/sv\/produkt\/truusk-lounge-stol-360-roterande-enkel-ryggstod-och-armstod-beige-77-x-75-x-72-cm\/#breadcrumb","itemListElement":[{"@type":"ListItem","position":1,"name":"Home","item":"https:\/\/truusk.store\/sv\/"},{"@type":"ListItem","position":2,"name":"Shop","item":"https:\/\/truusk.store\/shop\/"},{"@type":"ListItem","position":3,"name":"TRUUSK Lounge Stol 360\u00b0 Roterande &#8211; Enkel Ryggst\u00f6d och Armst\u00f6d &#8211; Beige &#8211; 77 x 75 x 72 cm"}]},{"@type":"WebSite","@id":"https:\/\/truusk.store\/sv\/#website","url":"https:\/\/truusk.store\/sv\/","name":"TRUUSK - Hem, Tr\u00e4dg\u00e5rd & Fritid","description":"","publisher":{"@id":"https:\/\/truusk.store\/sv\/#organization"},"potentialAction":[{"@type":"SearchAction","target":{"@type":"EntryPoint","urlTemplate":"https:\/\/truusk.store\/sv\/?s={search_term_string}"},"query-input":{"@type":"PropertyValueSpecification","valueRequired":true,"valueName":"search_term_string"}}],"inLanguage":"sv-SE"},{"@type":"Organization","@id":"https:\/\/truusk.store\/sv\/#organization","name":"TRUUSK - Hem, Tr\u00e4dg\u00e5rd & Fritid","url":"https:\/\/truusk.store\/sv\/","logo":{"@type":"ImageObject","inLanguage":"sv-SE","@id":"https:\/\/truusk.store\/sv\/#\/schema\/logo\/image\/","url":"https:\/\/i0.wp.com\/truusk.store\/wp-content\/uploads\/2026\/03\/cropped-TRUUSK.png?fit=2032%2C917&ssl=1","contentUrl":"https:\/\/i0.wp.com\/truusk.store\/wp-content\/uploads\/2026\/03\/cropped-TRUUSK.png?fit=2032%2C917&ssl=1","width":2032,"height":917,"caption":"TRUUSK - Hem, Tr\u00e4dg\u00e5rd & Fritid"},"image":{"@id":"https:\/\/truusk.store\/sv\/#\/schema\/logo\/image\/"}}]}},"jetpack_sharing_enabled":true,"_links":{"self":[{"href":"https:\/\/truusk.store\/sv\/wp-json\/wp\/v2\/product\/98765","targetHints":{"allow":["GET"]}}],"collection":[{"href":"https:\/\/truusk.store\/sv\/wp-json\/wp\/v2\/product"}],"about":[{"href":"https:\/\/truusk.store\/sv\/wp-json\/wp\/v2\/types\/product"}],"wp:featuredmedia":[{"embeddable":true,"href":"https:\/\/truusk.store\/sv\/wp-json\/wp\/v2\/media\/98755"}],"wp:attachment":[{"href":"https:\/\/truusk.store\/sv\/wp-json\/wp\/v2\/media?parent=98765"}],"wp:term":[{"taxonomy":"product_brand","embeddable":true,"href":"https:\/\/truusk.store\/sv\/wp-json\/wp\/v2\/product_brand?post=98765"},{"taxonomy":"product_cat","embeddable":true,"href":"https:\/\/truusk.store\/sv\/wp-json\/wp\/v2\/product_cat?post=98765"},{"taxonomy":"product_tag","embeddable":true,"href":"https:\/\/truusk.store\/sv\/wp-json\/wp\/v2\/product_tag?post=98765"}],"curies":[{"name":"wp","href":"https:\/\/api.w.org\/{rel}","templated":true}]}}