{"id":98775,"date":"2026-01-06T13:21:51","date_gmt":"2026-01-06T12:21:51","guid":{"rendered":"https:\/\/truusk.store\/product\/kontorsstol-i-sammetlook-skumfyllning-hojdjusterbar-rullbar-stalbotten-kramvit\/"},"modified":"2026-03-12T08:49:12","modified_gmt":"2026-03-12T07:49:12","slug":"truusk-kontorsstol-i-sammetlook-skumfyllning-hojdjusterbar-rullbar-stalbotten-kramvit","status":"publish","type":"product","link":"https:\/\/truusk.store\/sv\/produkt\/truusk-kontorsstol-i-sammetlook-skumfyllning-hojdjusterbar-rullbar-stalbotten-kramvit\/","title":{"rendered":"TRUUSK Kontorsstol i Sammetlook &#8211; Skumfyllning &#8211; H\u00f6jdjusterbar &#8211; Rullbar &#8211; St\u00e5lbotten &#8211; Kr\u00e4mvit"},"content":{"rendered":"<p>S\u00e4g adj\u00f6 till tr\u00f6ttsamma timmar vid skrivbordet med ryggsm\u00e4rtor och en oinspirerande arbetsmilj\u00f6. [BRAND NAME] kontorsstol med h\u00f6gpresterande skum och elegant tyg\u00f6verdrag tar din dagliga rutin till en ny niv\u00e5. Den guldpl\u00e4terade st\u00e5lbasen p\u00e5 skrivbordsstolen garanterar s\u00e4kerhet och st\u00f6d, vilket g\u00f6r ditt kontor till en oas av komfort och stilfull elegans varje dag.<\/p>\n<p>Beskrivning:<\/p>\n<ul>\n<li> Har en elegant tyg\u00f6verdrag i sammetlook, kanals\u00f6m, guldpl\u00e4terad bas och sf\u00e4riska hjul som ger ditt rum elegans<\/li>\n<li> Njut av st\u00f6djande komfort med det h\u00f6gpresterande skumdynan<\/li>\n<li> Dess stabila, galvaniserade st\u00e5lbas och klass 3 gasfj\u00e4der b\u00e4r s\u00e4kert upp till 120 kg<\/li>\n<li> Den justerbara h\u00f6jden hj\u00e4lper dig att hitta din personliga komfort<\/li>\n<li> Har en 360-graders roterande sits och hjul f\u00f6r smidig r\u00f6rlighet<\/li>\n<li> Montering kr\u00e4vs<\/li>\n<\/ul>\n<p> Tekniska specifikationer:<\/p>\n<ul>\n<li> F\u00e4rg: Kr\u00e4mvit<\/li>\n<li> Material: Sammetliknande tyg (100% polyester), skum, st\u00e5l, nylon, plast<\/li>\n<li> Totala m\u00e5tt: 61B x 60D x 83,5-92,5H cm<\/li>\n<li> Sitsstorlek: 46B x 43D x 50-59H cm<\/li>\n<li> Ryggst\u00f6dsm\u00e5tt: 54B x 39L cm<\/li>\n<li> Armst\u00f6dsh\u00f6jd till sits: 21 cm<\/li>\n<li> Maximal belastning: 120 kg<\/li>\n<\/ul>\n<p>Ing\u00e5r i leveransen:<\/p>\n<ul>\n<li> 1 x kontorsstol<\/li>\n<li> 1 x manual<\/li>\n<\/ul>\n","protected":false},"excerpt":{"rendered":"<p>S\u00e4g adj\u00f6 till tr\u00f6ttsamma timmar vid skrivbordet med ryggsm\u00e4rtor och en oinspirerande arbetsmilj\u00f6. [BRAND NAME] kontorsstol med h\u00f6gpresterande skum och&#8230;<\/p>\n","protected":false},"featured_media":98766,"template":"","meta":[],"product_brand":[],"product_cat":[872,871,516],"product_tag":[],"class_list":{"0":"post-98775","1":"product","2":"type-product","3":"status-publish","4":"has-post-thumbnail","6":"product_cat-hemmakontor-arbetsplats","7":"product_cat-hus-hem","8":"product_cat-kontorsstolar","10":"first","11":"instock","12":"sale","13":"taxable","14":"shipping-taxable","15":"purchasable","16":"product-type-simple"},"yoast_head":"<!-- This site is optimized with the Yoast SEO plugin v25.4 - https:\/\/yoast.com\/wordpress\/plugins\/seo\/ -->\n<title>TRUUSK Kontorsstol i Sammetlook - Skumfyllning - H\u00f6jdjusterbar - Rullbar - St\u00e5lbotten - Kr\u00e4mvit - TRUUSK - Hem, Tr\u00e4dg\u00e5rd &amp; Fritid<\/title>\n<meta name=\"robots\" content=\"index, follow, max-snippet:-1, max-image-preview:large, max-video-preview:-1\" \/>\n<link rel=\"canonical\" href=\"https:\/\/truusk.store\/sv\/produkt\/truusk-kontorsstol-i-sammetlook-skumfyllning-hojdjusterbar-rullbar-stalbotten-kramvit\/\" \/>\n<meta property=\"og:locale\" content=\"sv_SE\" \/>\n<meta property=\"og:type\" content=\"article\" \/>\n<meta property=\"og:title\" content=\"TRUUSK Kontorsstol i Sammetlook - Skumfyllning - H\u00f6jdjusterbar - Rullbar - St\u00e5lbotten - Kr\u00e4mvit - TRUUSK - Hem, Tr\u00e4dg\u00e5rd &amp; Fritid\" \/>\n<meta property=\"og:description\" content=\"S\u00e4g adj\u00f6 till tr\u00f6ttsamma timmar vid skrivbordet med ryggsm\u00e4rtor och en oinspirerande arbetsmilj\u00f6. [BRAND NAME] kontorsstol med h\u00f6gpresterande skum och...\" \/>\n<meta property=\"og:url\" content=\"https:\/\/truusk.store\/sv\/produkt\/truusk-kontorsstol-i-sammetlook-skumfyllning-hojdjusterbar-rullbar-stalbotten-kramvit\/\" \/>\n<meta property=\"og:site_name\" content=\"TRUUSK - Hem, Tr\u00e4dg\u00e5rd &amp; Fritid\" \/>\n<meta property=\"article:modified_time\" content=\"2026-03-12T07:49:12+00:00\" \/>\n<meta property=\"og:image\" content=\"https:\/\/i0.wp.com\/truusk.se\/wp-content\/uploads\/2026\/01\/kontorsstol-i-sammetlook-skumfyllning-hojdjusterbar-rullbar-stalbotten-kramvit-1.webp?fit=2000%2C2000&ssl=1\" \/>\n\t<meta property=\"og:image:width\" content=\"2000\" \/>\n\t<meta property=\"og:image:height\" content=\"2000\" \/>\n\t<meta property=\"og:image:type\" content=\"image\/webp\" \/>\n<meta name=\"twitter:card\" content=\"summary_large_image\" \/>\n<meta name=\"twitter:label1\" content=\"Ber\u00e4knad l\u00e4stid\" \/>\n\t<meta name=\"twitter:data1\" content=\"1 minut\" \/>\n<!-- \/ Yoast SEO plugin. -->","yoast_head_json":{"title":"TRUUSK Kontorsstol i Sammetlook - Skumfyllning - H\u00f6jdjusterbar - Rullbar - St\u00e5lbotten - Kr\u00e4mvit - TRUUSK - Hem, Tr\u00e4dg\u00e5rd &amp; Fritid","robots":{"index":"index","follow":"follow","max-snippet":"max-snippet:-1","max-image-preview":"max-image-preview:large","max-video-preview":"max-video-preview:-1"},"canonical":"https:\/\/truusk.store\/sv\/produkt\/truusk-kontorsstol-i-sammetlook-skumfyllning-hojdjusterbar-rullbar-stalbotten-kramvit\/","og_locale":"sv_SE","og_type":"article","og_title":"TRUUSK Kontorsstol i Sammetlook - Skumfyllning - H\u00f6jdjusterbar - Rullbar - St\u00e5lbotten - Kr\u00e4mvit - TRUUSK - Hem, Tr\u00e4dg\u00e5rd &amp; Fritid","og_description":"S\u00e4g adj\u00f6 till tr\u00f6ttsamma timmar vid skrivbordet med ryggsm\u00e4rtor och en oinspirerande arbetsmilj\u00f6. [BRAND NAME] kontorsstol med h\u00f6gpresterande skum och...","og_url":"https:\/\/truusk.store\/sv\/produkt\/truusk-kontorsstol-i-sammetlook-skumfyllning-hojdjusterbar-rullbar-stalbotten-kramvit\/","og_site_name":"TRUUSK - Hem, Tr\u00e4dg\u00e5rd &amp; Fritid","article_modified_time":"2026-03-12T07:49:12+00:00","og_image":[{"width":2000,"height":2000,"url":"https:\/\/i0.wp.com\/truusk.se\/wp-content\/uploads\/2026\/01\/kontorsstol-i-sammetlook-skumfyllning-hojdjusterbar-rullbar-stalbotten-kramvit-1.webp?fit=2000%2C2000&ssl=1","type":"image\/webp"}],"twitter_card":"summary_large_image","twitter_misc":{"Ber\u00e4knad l\u00e4stid":"1 minut"},"schema":{"@context":"https:\/\/schema.org","@graph":[{"@type":"WebPage","@id":"https:\/\/truusk.store\/sv\/produkt\/truusk-kontorsstol-i-sammetlook-skumfyllning-hojdjusterbar-rullbar-stalbotten-kramvit\/","url":"https:\/\/truusk.store\/sv\/produkt\/truusk-kontorsstol-i-sammetlook-skumfyllning-hojdjusterbar-rullbar-stalbotten-kramvit\/","name":"TRUUSK Kontorsstol i Sammetlook - Skumfyllning - H\u00f6jdjusterbar - Rullbar - St\u00e5lbotten - Kr\u00e4mvit - TRUUSK - Hem, Tr\u00e4dg\u00e5rd &amp; Fritid","isPartOf":{"@id":"https:\/\/truusk.store\/sv\/#website"},"primaryImageOfPage":{"@id":"https:\/\/truusk.store\/sv\/produkt\/truusk-kontorsstol-i-sammetlook-skumfyllning-hojdjusterbar-rullbar-stalbotten-kramvit\/#primaryimage"},"image":{"@id":"https:\/\/truusk.store\/sv\/produkt\/truusk-kontorsstol-i-sammetlook-skumfyllning-hojdjusterbar-rullbar-stalbotten-kramvit\/#primaryimage"},"thumbnailUrl":"https:\/\/i0.wp.com\/truusk.store\/wp-content\/uploads\/2026\/01\/kontorsstol-i-sammetlook-skumfyllning-hojdjusterbar-rullbar-stalbotten-kramvit-1.webp?fit=2000%2C2000&ssl=1","datePublished":"2026-01-06T12:21:51+00:00","dateModified":"2026-03-12T07:49:12+00:00","breadcrumb":{"@id":"https:\/\/truusk.store\/sv\/produkt\/truusk-kontorsstol-i-sammetlook-skumfyllning-hojdjusterbar-rullbar-stalbotten-kramvit\/#breadcrumb"},"inLanguage":"sv-SE","potentialAction":[{"@type":"ReadAction","target":["https:\/\/truusk.store\/sv\/produkt\/truusk-kontorsstol-i-sammetlook-skumfyllning-hojdjusterbar-rullbar-stalbotten-kramvit\/"]}]},{"@type":"ImageObject","inLanguage":"sv-SE","@id":"https:\/\/truusk.store\/sv\/produkt\/truusk-kontorsstol-i-sammetlook-skumfyllning-hojdjusterbar-rullbar-stalbotten-kramvit\/#primaryimage","url":"https:\/\/i0.wp.com\/truusk.store\/wp-content\/uploads\/2026\/01\/kontorsstol-i-sammetlook-skumfyllning-hojdjusterbar-rullbar-stalbotten-kramvit-1.webp?fit=2000%2C2000&ssl=1","contentUrl":"https:\/\/i0.wp.com\/truusk.store\/wp-content\/uploads\/2026\/01\/kontorsstol-i-sammetlook-skumfyllning-hojdjusterbar-rullbar-stalbotten-kramvit-1.webp?fit=2000%2C2000&ssl=1","width":2000,"height":2000},{"@type":"BreadcrumbList","@id":"https:\/\/truusk.store\/sv\/produkt\/truusk-kontorsstol-i-sammetlook-skumfyllning-hojdjusterbar-rullbar-stalbotten-kramvit\/#breadcrumb","itemListElement":[{"@type":"ListItem","position":1,"name":"Home","item":"https:\/\/truusk.store\/sv\/"},{"@type":"ListItem","position":2,"name":"Shop","item":"https:\/\/truusk.store\/shop\/"},{"@type":"ListItem","position":3,"name":"TRUUSK Kontorsstol i Sammetlook &#8211; Skumfyllning &#8211; H\u00f6jdjusterbar &#8211; Rullbar &#8211; St\u00e5lbotten &#8211; Kr\u00e4mvit"}]},{"@type":"WebSite","@id":"https:\/\/truusk.store\/sv\/#website","url":"https:\/\/truusk.store\/sv\/","name":"TRUUSK - Hem, Tr\u00e4dg\u00e5rd & Fritid","description":"","publisher":{"@id":"https:\/\/truusk.store\/sv\/#organization"},"potentialAction":[{"@type":"SearchAction","target":{"@type":"EntryPoint","urlTemplate":"https:\/\/truusk.store\/sv\/?s={search_term_string}"},"query-input":{"@type":"PropertyValueSpecification","valueRequired":true,"valueName":"search_term_string"}}],"inLanguage":"sv-SE"},{"@type":"Organization","@id":"https:\/\/truusk.store\/sv\/#organization","name":"TRUUSK - Hem, Tr\u00e4dg\u00e5rd & Fritid","url":"https:\/\/truusk.store\/sv\/","logo":{"@type":"ImageObject","inLanguage":"sv-SE","@id":"https:\/\/truusk.store\/sv\/#\/schema\/logo\/image\/","url":"https:\/\/i0.wp.com\/truusk.store\/wp-content\/uploads\/2026\/03\/cropped-TRUUSK.png?fit=2032%2C917&ssl=1","contentUrl":"https:\/\/i0.wp.com\/truusk.store\/wp-content\/uploads\/2026\/03\/cropped-TRUUSK.png?fit=2032%2C917&ssl=1","width":2032,"height":917,"caption":"TRUUSK - Hem, Tr\u00e4dg\u00e5rd & Fritid"},"image":{"@id":"https:\/\/truusk.store\/sv\/#\/schema\/logo\/image\/"}}]}},"jetpack_sharing_enabled":true,"_links":{"self":[{"href":"https:\/\/truusk.store\/sv\/wp-json\/wp\/v2\/product\/98775","targetHints":{"allow":["GET"]}}],"collection":[{"href":"https:\/\/truusk.store\/sv\/wp-json\/wp\/v2\/product"}],"about":[{"href":"https:\/\/truusk.store\/sv\/wp-json\/wp\/v2\/types\/product"}],"wp:featuredmedia":[{"embeddable":true,"href":"https:\/\/truusk.store\/sv\/wp-json\/wp\/v2\/media\/98766"}],"wp:attachment":[{"href":"https:\/\/truusk.store\/sv\/wp-json\/wp\/v2\/media?parent=98775"}],"wp:term":[{"taxonomy":"product_brand","embeddable":true,"href":"https:\/\/truusk.store\/sv\/wp-json\/wp\/v2\/product_brand?post=98775"},{"taxonomy":"product_cat","embeddable":true,"href":"https:\/\/truusk.store\/sv\/wp-json\/wp\/v2\/product_cat?post=98775"},{"taxonomy":"product_tag","embeddable":true,"href":"https:\/\/truusk.store\/sv\/wp-json\/wp\/v2\/product_tag?post=98775"}],"curies":[{"name":"wp","href":"https:\/\/api.w.org\/{rel}","templated":true}]}}