{"id":98785,"date":"2026-01-06T13:22:53","date_gmt":"2026-01-06T12:22:53","guid":{"rendered":"https:\/\/truusk.store\/product\/kaninbur-i-tra-med-rastgard-ramp-3-ingangar-utdragbar-bricka-105-x-575-x-515-cm-gra\/"},"modified":"2026-03-12T08:49:12","modified_gmt":"2026-03-12T07:49:12","slug":"truusk-kaninbur-i-tra-med-rastgard-ramp-3-ingangar-utdragbar-bricka-105-x-575-x-515-cm-gra","status":"publish","type":"product","link":"https:\/\/truusk.store\/sv\/produkt\/truusk-kaninbur-i-tra-med-rastgard-ramp-3-ingangar-utdragbar-bricka-105-x-575-x-515-cm-gra\/","title":{"rendered":"TRUUSK Kaninbur i Tr\u00e4 med Rastg\u00e5rd &#8211; Ramp &#8211; 3 Ing\u00e5ngar &#8211; Utdragbar Bricka &#8211; 105 x 57,5 x 51,5 cm &#8211; Gr\u00e5"},"content":{"rendered":"<p>\u00c4r du tr\u00f6tt p\u00e5 att st\u00e4ndigt k\u00e4mpa f\u00f6r renheten och s\u00e4kerheten i ditt husdjurs rum? En tr\u00e5ng, kaotisk bur leder till ett missn\u00f6jt djur och stressiga uppgifter f\u00f6r dig. [BRAND NAME] kaninbur \u00e4r den perfekta l\u00f6sningen: Med sin v\u00e4derbest\u00e4ndiga grantr\u00e4konstruktion, det gener\u00f6sa tv\u00e5zonsdesignet och den l\u00e4tta att reng\u00f6ra utdragssk\u00e5len, erbjuder den ett s\u00e4kert och lyckligt hem som underl\u00e4ttar den dagliga sk\u00f6tseln.<\/p>\n<p>Beskrivning:<\/p>\n<ul>\n<li> Ett privat sovomr\u00e5de \u00e4r kopplat till en rymlig rastg\u00e5rd som inbjuder till lek<\/li>\n<li> Massivt grantr\u00e4 med ett v\u00e4derbest\u00e4ndigt asfalts tak f\u00f6r utomhus och inomhus anv\u00e4ndning<\/li>\n<li> Utrustad med en djup utdragssk\u00e5l och ett \u00f6ppningsbart tak f\u00f6r enkel reng\u00f6ring<\/li>\n<li> Transparenta f\u00f6nster g\u00f6r det m\u00f6jligt f\u00f6r dig att enkelt observera och interagera med dina husdjur<\/li>\n<li> Flera d\u00f6rrar ger enkel tillg\u00e5ng till matning<\/li>\n<li> S\u00e4kra metall\u00e5s och t\u00e4t tr\u00e5dn\u00e4t h\u00e5ller dina husdjur s\u00e4kert inuti<\/li>\n<li> Mysigt hem f\u00f6r kaniner, \u00f6kenr\u00e4var, hamstrar och marsvin<\/li>\n<li> Montering kr\u00e4vs<\/li>\n<\/ul>\n<p> Tekniska specifikationer:<\/p>\n<ul>\n<li> F\u00e4rg: Vit+Gr\u00e5+Brun<\/li>\n<li> Material: Grantr\u00e4, metall, plast<\/li>\n<li> Totala dimensioner: 105B x 57,5T x 51,5H cm<\/li>\n<li> Huvudburstorlek: 48,5B x 53,5T x 37H cm, 0,26 m\u00b2<\/li>\n<li> Brickstorlek: 48,5L x 48,5B x 15H cm<\/li>\n<li> Storlek p\u00e5 \u00f6vre d\u00f6rren: 52B x 57,5T cm<\/li>\n<li> Rastg\u00e5rdsstorlek: 51,5B x 53T x 49,5H cm, 0,29 m\u00b2<\/li>\n<li> Burd\u00f6rrstorlek: 48,5B x 28H cm<\/li>\n<li> Observationsf\u00f6nster: 8,5B x 31H cm<\/li>\n<li> Storlek p\u00e5 inre tillg\u00e5ngsd\u00f6rren: 15,5B x 25H cm<\/li>\n<li> Storlek p\u00e5 inre rampen: 37L x 12B cm<\/li>\n<li> Storlek p\u00e5 yttre rampen: 30,5L x 20B cm<\/li>\n<\/ul>\n<p>Leverans inneh\u00e5ller:<\/p>\n<ul>\n<li> 1 x Kaninhus<\/li>\n<li> 1 x Bruksanvisning<\/li>\n<\/ul>\n","protected":false},"excerpt":{"rendered":"<p>\u00c4r du tr\u00f6tt p\u00e5 att st\u00e4ndigt k\u00e4mpa f\u00f6r renheten och s\u00e4kerheten i ditt husdjurs rum? En tr\u00e5ng, kaotisk bur leder&#8230;<\/p>\n","protected":false},"featured_media":98776,"template":"","meta":[],"product_brand":[],"product_cat":[878,598,597],"product_tag":[],"class_list":{"0":"post-98785","1":"product","2":"type-product","3":"status-publish","4":"has-post-thumbnail","6":"product_cat-djurbehov","7":"product_cat-sma-djurstallar","8":"product_cat-sma-djurtillbehor","10":"first","11":"instock","12":"sale","13":"taxable","14":"shipping-taxable","15":"purchasable","16":"product-type-simple"},"yoast_head":"<!-- This site is optimized with the Yoast SEO plugin v25.4 - https:\/\/yoast.com\/wordpress\/plugins\/seo\/ -->\n<title>TRUUSK Kaninbur i Tr\u00e4 med Rastg\u00e5rd - Ramp - 3 Ing\u00e5ngar - Utdragbar Bricka - 105 x 57,5 x 51,5 cm - Gr\u00e5 - TRUUSK - Hem, Tr\u00e4dg\u00e5rd &amp; Fritid<\/title>\n<meta name=\"robots\" content=\"index, follow, max-snippet:-1, max-image-preview:large, max-video-preview:-1\" \/>\n<link rel=\"canonical\" href=\"https:\/\/truusk.store\/sv\/produkt\/truusk-kaninbur-i-tra-med-rastgard-ramp-3-ingangar-utdragbar-bricka-105-x-575-x-515-cm-gra\/\" \/>\n<meta property=\"og:locale\" content=\"sv_SE\" \/>\n<meta property=\"og:type\" content=\"article\" \/>\n<meta property=\"og:title\" content=\"TRUUSK Kaninbur i Tr\u00e4 med Rastg\u00e5rd - Ramp - 3 Ing\u00e5ngar - Utdragbar Bricka - 105 x 57,5 x 51,5 cm - Gr\u00e5 - TRUUSK - Hem, Tr\u00e4dg\u00e5rd &amp; Fritid\" \/>\n<meta property=\"og:description\" content=\"\u00c4r du tr\u00f6tt p\u00e5 att st\u00e4ndigt k\u00e4mpa f\u00f6r renheten och s\u00e4kerheten i ditt husdjurs rum? En tr\u00e5ng, kaotisk bur leder...\" \/>\n<meta property=\"og:url\" content=\"https:\/\/truusk.store\/sv\/produkt\/truusk-kaninbur-i-tra-med-rastgard-ramp-3-ingangar-utdragbar-bricka-105-x-575-x-515-cm-gra\/\" \/>\n<meta property=\"og:site_name\" content=\"TRUUSK - Hem, Tr\u00e4dg\u00e5rd &amp; Fritid\" \/>\n<meta property=\"article:modified_time\" content=\"2026-03-12T07:49:12+00:00\" \/>\n<meta property=\"og:image\" content=\"https:\/\/i0.wp.com\/truusk.se\/wp-content\/uploads\/2026\/01\/kaninbur-i-tra-med-rastgard-ramp-3-ingangar-utdragbar-bricka-105-x-575-x-515-cm-gra-1.webp?fit=2000%2C2000&ssl=1\" \/>\n\t<meta property=\"og:image:width\" content=\"2000\" \/>\n\t<meta property=\"og:image:height\" content=\"2000\" \/>\n\t<meta property=\"og:image:type\" content=\"image\/webp\" \/>\n<meta name=\"twitter:card\" content=\"summary_large_image\" \/>\n<meta name=\"twitter:label1\" content=\"Ber\u00e4knad l\u00e4stid\" \/>\n\t<meta name=\"twitter:data1\" content=\"1 minut\" \/>\n<!-- \/ Yoast SEO plugin. -->","yoast_head_json":{"title":"TRUUSK Kaninbur i Tr\u00e4 med Rastg\u00e5rd - Ramp - 3 Ing\u00e5ngar - Utdragbar Bricka - 105 x 57,5 x 51,5 cm - Gr\u00e5 - TRUUSK - Hem, Tr\u00e4dg\u00e5rd &amp; Fritid","robots":{"index":"index","follow":"follow","max-snippet":"max-snippet:-1","max-image-preview":"max-image-preview:large","max-video-preview":"max-video-preview:-1"},"canonical":"https:\/\/truusk.store\/sv\/produkt\/truusk-kaninbur-i-tra-med-rastgard-ramp-3-ingangar-utdragbar-bricka-105-x-575-x-515-cm-gra\/","og_locale":"sv_SE","og_type":"article","og_title":"TRUUSK Kaninbur i Tr\u00e4 med Rastg\u00e5rd - Ramp - 3 Ing\u00e5ngar - Utdragbar Bricka - 105 x 57,5 x 51,5 cm - Gr\u00e5 - TRUUSK - Hem, Tr\u00e4dg\u00e5rd &amp; Fritid","og_description":"\u00c4r du tr\u00f6tt p\u00e5 att st\u00e4ndigt k\u00e4mpa f\u00f6r renheten och s\u00e4kerheten i ditt husdjurs rum? En tr\u00e5ng, kaotisk bur leder...","og_url":"https:\/\/truusk.store\/sv\/produkt\/truusk-kaninbur-i-tra-med-rastgard-ramp-3-ingangar-utdragbar-bricka-105-x-575-x-515-cm-gra\/","og_site_name":"TRUUSK - Hem, Tr\u00e4dg\u00e5rd &amp; Fritid","article_modified_time":"2026-03-12T07:49:12+00:00","og_image":[{"width":2000,"height":2000,"url":"https:\/\/i0.wp.com\/truusk.se\/wp-content\/uploads\/2026\/01\/kaninbur-i-tra-med-rastgard-ramp-3-ingangar-utdragbar-bricka-105-x-575-x-515-cm-gra-1.webp?fit=2000%2C2000&ssl=1","type":"image\/webp"}],"twitter_card":"summary_large_image","twitter_misc":{"Ber\u00e4knad l\u00e4stid":"1 minut"},"schema":{"@context":"https:\/\/schema.org","@graph":[{"@type":"WebPage","@id":"https:\/\/truusk.store\/sv\/produkt\/truusk-kaninbur-i-tra-med-rastgard-ramp-3-ingangar-utdragbar-bricka-105-x-575-x-515-cm-gra\/","url":"https:\/\/truusk.store\/sv\/produkt\/truusk-kaninbur-i-tra-med-rastgard-ramp-3-ingangar-utdragbar-bricka-105-x-575-x-515-cm-gra\/","name":"TRUUSK Kaninbur i Tr\u00e4 med Rastg\u00e5rd - Ramp - 3 Ing\u00e5ngar - Utdragbar Bricka - 105 x 57,5 x 51,5 cm - Gr\u00e5 - TRUUSK - Hem, Tr\u00e4dg\u00e5rd &amp; Fritid","isPartOf":{"@id":"https:\/\/truusk.store\/sv\/#website"},"primaryImageOfPage":{"@id":"https:\/\/truusk.store\/sv\/produkt\/truusk-kaninbur-i-tra-med-rastgard-ramp-3-ingangar-utdragbar-bricka-105-x-575-x-515-cm-gra\/#primaryimage"},"image":{"@id":"https:\/\/truusk.store\/sv\/produkt\/truusk-kaninbur-i-tra-med-rastgard-ramp-3-ingangar-utdragbar-bricka-105-x-575-x-515-cm-gra\/#primaryimage"},"thumbnailUrl":"https:\/\/i0.wp.com\/truusk.store\/wp-content\/uploads\/2026\/01\/kaninbur-i-tra-med-rastgard-ramp-3-ingangar-utdragbar-bricka-105-x-575-x-515-cm-gra-1.webp?fit=2000%2C2000&ssl=1","datePublished":"2026-01-06T12:22:53+00:00","dateModified":"2026-03-12T07:49:12+00:00","breadcrumb":{"@id":"https:\/\/truusk.store\/sv\/produkt\/truusk-kaninbur-i-tra-med-rastgard-ramp-3-ingangar-utdragbar-bricka-105-x-575-x-515-cm-gra\/#breadcrumb"},"inLanguage":"sv-SE","potentialAction":[{"@type":"ReadAction","target":["https:\/\/truusk.store\/sv\/produkt\/truusk-kaninbur-i-tra-med-rastgard-ramp-3-ingangar-utdragbar-bricka-105-x-575-x-515-cm-gra\/"]}]},{"@type":"ImageObject","inLanguage":"sv-SE","@id":"https:\/\/truusk.store\/sv\/produkt\/truusk-kaninbur-i-tra-med-rastgard-ramp-3-ingangar-utdragbar-bricka-105-x-575-x-515-cm-gra\/#primaryimage","url":"https:\/\/i0.wp.com\/truusk.store\/wp-content\/uploads\/2026\/01\/kaninbur-i-tra-med-rastgard-ramp-3-ingangar-utdragbar-bricka-105-x-575-x-515-cm-gra-1.webp?fit=2000%2C2000&ssl=1","contentUrl":"https:\/\/i0.wp.com\/truusk.store\/wp-content\/uploads\/2026\/01\/kaninbur-i-tra-med-rastgard-ramp-3-ingangar-utdragbar-bricka-105-x-575-x-515-cm-gra-1.webp?fit=2000%2C2000&ssl=1","width":2000,"height":2000},{"@type":"BreadcrumbList","@id":"https:\/\/truusk.store\/sv\/produkt\/truusk-kaninbur-i-tra-med-rastgard-ramp-3-ingangar-utdragbar-bricka-105-x-575-x-515-cm-gra\/#breadcrumb","itemListElement":[{"@type":"ListItem","position":1,"name":"Home","item":"https:\/\/truusk.store\/sv\/"},{"@type":"ListItem","position":2,"name":"Shop","item":"https:\/\/truusk.store\/shop\/"},{"@type":"ListItem","position":3,"name":"TRUUSK Kaninbur i Tr\u00e4 med Rastg\u00e5rd &#8211; Ramp &#8211; 3 Ing\u00e5ngar &#8211; Utdragbar Bricka &#8211; 105 x 57,5 x 51,5 cm &#8211; Gr\u00e5"}]},{"@type":"WebSite","@id":"https:\/\/truusk.store\/sv\/#website","url":"https:\/\/truusk.store\/sv\/","name":"TRUUSK - Hem, Tr\u00e4dg\u00e5rd & Fritid","description":"","publisher":{"@id":"https:\/\/truusk.store\/sv\/#organization"},"potentialAction":[{"@type":"SearchAction","target":{"@type":"EntryPoint","urlTemplate":"https:\/\/truusk.store\/sv\/?s={search_term_string}"},"query-input":{"@type":"PropertyValueSpecification","valueRequired":true,"valueName":"search_term_string"}}],"inLanguage":"sv-SE"},{"@type":"Organization","@id":"https:\/\/truusk.store\/sv\/#organization","name":"TRUUSK - Hem, Tr\u00e4dg\u00e5rd & Fritid","url":"https:\/\/truusk.store\/sv\/","logo":{"@type":"ImageObject","inLanguage":"sv-SE","@id":"https:\/\/truusk.store\/sv\/#\/schema\/logo\/image\/","url":"https:\/\/i0.wp.com\/truusk.store\/wp-content\/uploads\/2026\/03\/cropped-TRUUSK.png?fit=2032%2C917&ssl=1","contentUrl":"https:\/\/i0.wp.com\/truusk.store\/wp-content\/uploads\/2026\/03\/cropped-TRUUSK.png?fit=2032%2C917&ssl=1","width":2032,"height":917,"caption":"TRUUSK - Hem, Tr\u00e4dg\u00e5rd & Fritid"},"image":{"@id":"https:\/\/truusk.store\/sv\/#\/schema\/logo\/image\/"}}]}},"jetpack_sharing_enabled":true,"_links":{"self":[{"href":"https:\/\/truusk.store\/sv\/wp-json\/wp\/v2\/product\/98785","targetHints":{"allow":["GET"]}}],"collection":[{"href":"https:\/\/truusk.store\/sv\/wp-json\/wp\/v2\/product"}],"about":[{"href":"https:\/\/truusk.store\/sv\/wp-json\/wp\/v2\/types\/product"}],"wp:featuredmedia":[{"embeddable":true,"href":"https:\/\/truusk.store\/sv\/wp-json\/wp\/v2\/media\/98776"}],"wp:attachment":[{"href":"https:\/\/truusk.store\/sv\/wp-json\/wp\/v2\/media?parent=98785"}],"wp:term":[{"taxonomy":"product_brand","embeddable":true,"href":"https:\/\/truusk.store\/sv\/wp-json\/wp\/v2\/product_brand?post=98785"},{"taxonomy":"product_cat","embeddable":true,"href":"https:\/\/truusk.store\/sv\/wp-json\/wp\/v2\/product_cat?post=98785"},{"taxonomy":"product_tag","embeddable":true,"href":"https:\/\/truusk.store\/sv\/wp-json\/wp\/v2\/product_tag?post=98785"}],"curies":[{"name":"wp","href":"https:\/\/api.w.org\/{rel}","templated":true}]}}