{"id":98796,"date":"2026-01-06T13:23:59","date_gmt":"2026-01-06T12:23:59","guid":{"rendered":"https:\/\/truusk.store\/product\/smadjursstall-for-dvarghamstrar-kaniner-marsvin-med-tillbehor-hojt-design-tra-metall-gra\/"},"modified":"2026-03-12T08:49:13","modified_gmt":"2026-03-12T07:49:13","slug":"truusk-smadjursstall-for-dvargdjur-hojd-design-tra-och-metall-gra-tillbehor-inkluderade","status":"publish","type":"product","link":"https:\/\/truusk.store\/sv\/produkt\/truusk-smadjursstall-for-dvargdjur-hojd-design-tra-och-metall-gra-tillbehor-inkluderade\/","title":{"rendered":"TRUUSK Sm\u00e5djursstall f\u00f6r Dv\u00e4rgdjur &#8211; H\u00f6jd Design &#8211; Tr\u00e4 och Metall &#8211; Gr\u00e5 &#8211; Tillbeh\u00f6r Inkluderade"},"content":{"rendered":"<p>St\u00f6rd av smutsiga golv och besv\u00e4rliga reng\u00f6ringar? Frekvent b\u00f6jning och spill av str\u00f6 kan g\u00f6ra djurv\u00e5rden besv\u00e4rlig. [BRAND NAME] kaninbur med sin omvandlingsbara tv\u00e5-niv\u00e5 design och djupa, utdragbara bricka f\u00f6renklar reng\u00f6ring och interaktion. Se fram emot ett rent hem och lyckliga stunder medan ditt husdjur blomstrar i sin smart indelade livsmilj\u00f6.<\/p>\n<p>Beskrivning:<\/p>\n<ul>\n<li> Avtagbara ben p\u00e5 sm\u00e5djursinh\u00e4gnaden ger en h\u00f6g st\u00e4llning f\u00f6r enkel interaktion och ett l\u00e4ge p\u00e5 markniv\u00e5<\/li>\n<li> En tv\u00e5stegs inredning ger separata omr\u00e5den f\u00f6r vila och lek f\u00f6r ditt husdjur<\/li>\n<li> Den 5,5 cm djupa utdragbara l\u00e5dan m\u00f6jligg\u00f6r snabb, ren reng\u00f6ring<\/li>\n<li> Tillverkad av husdjurss\u00e4kert grantr\u00e4 f\u00f6r en h\u00e4lsosam livsmilj\u00f6<\/li>\n<li> Flera d\u00f6rrar och en \u00f6ppningsbar topp ger l\u00e4tt tillg\u00e5ng och utm\u00e4rkt ventilation<\/li>\n<li> Den moderna, m\u00f6belliknande designen p\u00e5 dv\u00e4rgkaninburen passar stilfullt in i alla rum dekorationer<\/li>\n<li> L\u00e4mplig f\u00f6r kaniner, marsvin, gerbils, syriska hamstrar, r\u00e5ttor och dv\u00e4rghamstrar<\/li>\n<li> Montering kr\u00e4vs<\/li>\n<\/ul>\n<p> Tekniska data:<\/p>\n<ul>\n<li> F\u00e4rg: Vit+Gr\u00e5<\/li>\n<li> Material: Grantr\u00e4, metall, PET<\/li>\n<li> Totala dimensioner: 120B x 53D x 93H cm<\/li>\n<li> Storlek utan ben: 116B x 53D x 58H cm<\/li>\n<li> Inre totala dimensioner: 112B x 49D x 54H cm<\/li>\n<li> \u00d6vre d\u00f6rrstorlek: 116B x 53D cm<\/li>\n<li> Sidod\u00f6rrstorlek: 47B x 27H cm<\/li>\n<li> Inre plattformsstorlek: 48B x 48D cm<\/li>\n<li> Boets storlek: 30B x 49D x 27H cm<\/li>\n<li> Boets d\u00f6rrstorlek: 20B x 22H cm<\/li>\n<li> Yttre boets d\u00f6rrstorlek: 24B x 24H cm<\/li>\n<li> Stegstorlek: 50L x 14,5B cm<\/li>\n<li> Brickans storlek: 79,5L x 48,5B x 5,5H cm<\/li>\n<\/ul>\n<p>Leveransinneh\u00e5ll:<\/p>\n<ul>\n<li> 1 x Kaninbur<\/li>\n<li> 1 x Bruksanvisning<\/li>\n<\/ul>\n","protected":false},"excerpt":{"rendered":"<p>St\u00f6rd av smutsiga golv och besv\u00e4rliga reng\u00f6ringar? Frekvent b\u00f6jning och spill av str\u00f6 kan g\u00f6ra djurv\u00e5rden besv\u00e4rlig. [BRAND NAME] kaninbur&#8230;<\/p>\n","protected":false},"featured_media":98786,"template":"","meta":[],"product_brand":[],"product_cat":[878,598,597],"product_tag":[],"class_list":{"0":"post-98796","1":"product","2":"type-product","3":"status-publish","4":"has-post-thumbnail","6":"product_cat-djurbehov","7":"product_cat-sma-djurstallar","8":"product_cat-sma-djurtillbehor","10":"first","11":"instock","12":"sale","13":"taxable","14":"shipping-taxable","15":"purchasable","16":"product-type-simple"},"yoast_head":"<!-- This site is optimized with the Yoast SEO plugin v25.4 - https:\/\/yoast.com\/wordpress\/plugins\/seo\/ -->\n<title>TRUUSK Sm\u00e5djursstall f\u00f6r Dv\u00e4rgdjur - H\u00f6jd Design - Tr\u00e4 och Metall - Gr\u00e5 - Tillbeh\u00f6r Inkluderade - TRUUSK - Hem, Tr\u00e4dg\u00e5rd &amp; Fritid<\/title>\n<meta name=\"robots\" content=\"index, follow, max-snippet:-1, max-image-preview:large, max-video-preview:-1\" \/>\n<link rel=\"canonical\" href=\"https:\/\/truusk.store\/sv\/produkt\/truusk-smadjursstall-for-dvargdjur-hojd-design-tra-och-metall-gra-tillbehor-inkluderade\/\" \/>\n<meta property=\"og:locale\" content=\"sv_SE\" \/>\n<meta property=\"og:type\" content=\"article\" \/>\n<meta property=\"og:title\" content=\"TRUUSK Sm\u00e5djursstall f\u00f6r Dv\u00e4rgdjur - H\u00f6jd Design - Tr\u00e4 och Metall - Gr\u00e5 - Tillbeh\u00f6r Inkluderade - TRUUSK - Hem, Tr\u00e4dg\u00e5rd &amp; Fritid\" \/>\n<meta property=\"og:description\" content=\"St\u00f6rd av smutsiga golv och besv\u00e4rliga reng\u00f6ringar? Frekvent b\u00f6jning och spill av str\u00f6 kan g\u00f6ra djurv\u00e5rden besv\u00e4rlig. [BRAND NAME] kaninbur...\" \/>\n<meta property=\"og:url\" content=\"https:\/\/truusk.store\/sv\/produkt\/truusk-smadjursstall-for-dvargdjur-hojd-design-tra-och-metall-gra-tillbehor-inkluderade\/\" \/>\n<meta property=\"og:site_name\" content=\"TRUUSK - Hem, Tr\u00e4dg\u00e5rd &amp; Fritid\" \/>\n<meta property=\"article:modified_time\" content=\"2026-03-12T07:49:13+00:00\" \/>\n<meta property=\"og:image\" content=\"https:\/\/i0.wp.com\/truusk.se\/wp-content\/uploads\/2026\/01\/smadjursstall-for-dvarghamstrar-kaniner-marsvin-med-tillbehor-hojt-design-tra-metall-gra-1.webp?fit=2000%2C2000&ssl=1\" \/>\n\t<meta property=\"og:image:width\" content=\"2000\" \/>\n\t<meta property=\"og:image:height\" content=\"2000\" \/>\n\t<meta property=\"og:image:type\" content=\"image\/webp\" \/>\n<meta name=\"twitter:card\" content=\"summary_large_image\" \/>\n<meta name=\"twitter:label1\" content=\"Ber\u00e4knad l\u00e4stid\" \/>\n\t<meta name=\"twitter:data1\" content=\"1 minut\" \/>\n<!-- \/ Yoast SEO plugin. -->","yoast_head_json":{"title":"TRUUSK Sm\u00e5djursstall f\u00f6r Dv\u00e4rgdjur - H\u00f6jd Design - Tr\u00e4 och Metall - Gr\u00e5 - Tillbeh\u00f6r Inkluderade - TRUUSK - Hem, Tr\u00e4dg\u00e5rd &amp; Fritid","robots":{"index":"index","follow":"follow","max-snippet":"max-snippet:-1","max-image-preview":"max-image-preview:large","max-video-preview":"max-video-preview:-1"},"canonical":"https:\/\/truusk.store\/sv\/produkt\/truusk-smadjursstall-for-dvargdjur-hojd-design-tra-och-metall-gra-tillbehor-inkluderade\/","og_locale":"sv_SE","og_type":"article","og_title":"TRUUSK Sm\u00e5djursstall f\u00f6r Dv\u00e4rgdjur - H\u00f6jd Design - Tr\u00e4 och Metall - Gr\u00e5 - Tillbeh\u00f6r Inkluderade - TRUUSK - Hem, Tr\u00e4dg\u00e5rd &amp; Fritid","og_description":"St\u00f6rd av smutsiga golv och besv\u00e4rliga reng\u00f6ringar? Frekvent b\u00f6jning och spill av str\u00f6 kan g\u00f6ra djurv\u00e5rden besv\u00e4rlig. [BRAND NAME] kaninbur...","og_url":"https:\/\/truusk.store\/sv\/produkt\/truusk-smadjursstall-for-dvargdjur-hojd-design-tra-och-metall-gra-tillbehor-inkluderade\/","og_site_name":"TRUUSK - Hem, Tr\u00e4dg\u00e5rd &amp; Fritid","article_modified_time":"2026-03-12T07:49:13+00:00","og_image":[{"width":2000,"height":2000,"url":"https:\/\/i0.wp.com\/truusk.se\/wp-content\/uploads\/2026\/01\/smadjursstall-for-dvarghamstrar-kaniner-marsvin-med-tillbehor-hojt-design-tra-metall-gra-1.webp?fit=2000%2C2000&ssl=1","type":"image\/webp"}],"twitter_card":"summary_large_image","twitter_misc":{"Ber\u00e4knad l\u00e4stid":"1 minut"},"schema":{"@context":"https:\/\/schema.org","@graph":[{"@type":"WebPage","@id":"https:\/\/truusk.store\/sv\/produkt\/truusk-smadjursstall-for-dvargdjur-hojd-design-tra-och-metall-gra-tillbehor-inkluderade\/","url":"https:\/\/truusk.store\/sv\/produkt\/truusk-smadjursstall-for-dvargdjur-hojd-design-tra-och-metall-gra-tillbehor-inkluderade\/","name":"TRUUSK Sm\u00e5djursstall f\u00f6r Dv\u00e4rgdjur - H\u00f6jd Design - Tr\u00e4 och Metall - Gr\u00e5 - Tillbeh\u00f6r Inkluderade - TRUUSK - Hem, Tr\u00e4dg\u00e5rd &amp; Fritid","isPartOf":{"@id":"https:\/\/truusk.store\/sv\/#website"},"primaryImageOfPage":{"@id":"https:\/\/truusk.store\/sv\/produkt\/truusk-smadjursstall-for-dvargdjur-hojd-design-tra-och-metall-gra-tillbehor-inkluderade\/#primaryimage"},"image":{"@id":"https:\/\/truusk.store\/sv\/produkt\/truusk-smadjursstall-for-dvargdjur-hojd-design-tra-och-metall-gra-tillbehor-inkluderade\/#primaryimage"},"thumbnailUrl":"https:\/\/i0.wp.com\/truusk.store\/wp-content\/uploads\/2026\/01\/smadjursstall-for-dvarghamstrar-kaniner-marsvin-med-tillbehor-hojt-design-tra-metall-gra-1.webp?fit=2000%2C2000&ssl=1","datePublished":"2026-01-06T12:23:59+00:00","dateModified":"2026-03-12T07:49:13+00:00","breadcrumb":{"@id":"https:\/\/truusk.store\/sv\/produkt\/truusk-smadjursstall-for-dvargdjur-hojd-design-tra-och-metall-gra-tillbehor-inkluderade\/#breadcrumb"},"inLanguage":"sv-SE","potentialAction":[{"@type":"ReadAction","target":["https:\/\/truusk.store\/sv\/produkt\/truusk-smadjursstall-for-dvargdjur-hojd-design-tra-och-metall-gra-tillbehor-inkluderade\/"]}]},{"@type":"ImageObject","inLanguage":"sv-SE","@id":"https:\/\/truusk.store\/sv\/produkt\/truusk-smadjursstall-for-dvargdjur-hojd-design-tra-och-metall-gra-tillbehor-inkluderade\/#primaryimage","url":"https:\/\/i0.wp.com\/truusk.store\/wp-content\/uploads\/2026\/01\/smadjursstall-for-dvarghamstrar-kaniner-marsvin-med-tillbehor-hojt-design-tra-metall-gra-1.webp?fit=2000%2C2000&ssl=1","contentUrl":"https:\/\/i0.wp.com\/truusk.store\/wp-content\/uploads\/2026\/01\/smadjursstall-for-dvarghamstrar-kaniner-marsvin-med-tillbehor-hojt-design-tra-metall-gra-1.webp?fit=2000%2C2000&ssl=1","width":2000,"height":2000},{"@type":"BreadcrumbList","@id":"https:\/\/truusk.store\/sv\/produkt\/truusk-smadjursstall-for-dvargdjur-hojd-design-tra-och-metall-gra-tillbehor-inkluderade\/#breadcrumb","itemListElement":[{"@type":"ListItem","position":1,"name":"Home","item":"https:\/\/truusk.store\/sv\/"},{"@type":"ListItem","position":2,"name":"Shop","item":"https:\/\/truusk.store\/shop\/"},{"@type":"ListItem","position":3,"name":"TRUUSK Sm\u00e5djursstall f\u00f6r Dv\u00e4rgdjur &#8211; H\u00f6jd Design &#8211; Tr\u00e4 och Metall &#8211; Gr\u00e5 &#8211; Tillbeh\u00f6r Inkluderade"}]},{"@type":"WebSite","@id":"https:\/\/truusk.store\/sv\/#website","url":"https:\/\/truusk.store\/sv\/","name":"TRUUSK - Hem, Tr\u00e4dg\u00e5rd & Fritid","description":"","publisher":{"@id":"https:\/\/truusk.store\/sv\/#organization"},"potentialAction":[{"@type":"SearchAction","target":{"@type":"EntryPoint","urlTemplate":"https:\/\/truusk.store\/sv\/?s={search_term_string}"},"query-input":{"@type":"PropertyValueSpecification","valueRequired":true,"valueName":"search_term_string"}}],"inLanguage":"sv-SE"},{"@type":"Organization","@id":"https:\/\/truusk.store\/sv\/#organization","name":"TRUUSK - Hem, Tr\u00e4dg\u00e5rd & Fritid","url":"https:\/\/truusk.store\/sv\/","logo":{"@type":"ImageObject","inLanguage":"sv-SE","@id":"https:\/\/truusk.store\/sv\/#\/schema\/logo\/image\/","url":"https:\/\/i0.wp.com\/truusk.store\/wp-content\/uploads\/2026\/03\/cropped-TRUUSK.png?fit=2032%2C917&ssl=1","contentUrl":"https:\/\/i0.wp.com\/truusk.store\/wp-content\/uploads\/2026\/03\/cropped-TRUUSK.png?fit=2032%2C917&ssl=1","width":2032,"height":917,"caption":"TRUUSK - Hem, Tr\u00e4dg\u00e5rd & Fritid"},"image":{"@id":"https:\/\/truusk.store\/sv\/#\/schema\/logo\/image\/"}}]}},"jetpack_sharing_enabled":true,"_links":{"self":[{"href":"https:\/\/truusk.store\/sv\/wp-json\/wp\/v2\/product\/98796","targetHints":{"allow":["GET"]}}],"collection":[{"href":"https:\/\/truusk.store\/sv\/wp-json\/wp\/v2\/product"}],"about":[{"href":"https:\/\/truusk.store\/sv\/wp-json\/wp\/v2\/types\/product"}],"wp:featuredmedia":[{"embeddable":true,"href":"https:\/\/truusk.store\/sv\/wp-json\/wp\/v2\/media\/98786"}],"wp:attachment":[{"href":"https:\/\/truusk.store\/sv\/wp-json\/wp\/v2\/media?parent=98796"}],"wp:term":[{"taxonomy":"product_brand","embeddable":true,"href":"https:\/\/truusk.store\/sv\/wp-json\/wp\/v2\/product_brand?post=98796"},{"taxonomy":"product_cat","embeddable":true,"href":"https:\/\/truusk.store\/sv\/wp-json\/wp\/v2\/product_cat?post=98796"},{"taxonomy":"product_tag","embeddable":true,"href":"https:\/\/truusk.store\/sv\/wp-json\/wp\/v2\/product_tag?post=98796"}],"curies":[{"name":"wp","href":"https:\/\/api.w.org\/{rel}","templated":true}]}}