{"id":98805,"date":"2026-01-06T13:24:50","date_gmt":"2026-01-06T12:24:50","guid":{"rendered":"https:\/\/truusk.store\/product\/barnstaffli-i-tra-dubbelsidig-whiteboard-och-svarta-tavla-hojdjusterbar-staende-tavla-med-pappersrulle-forvaring-natur\/"},"modified":"2026-03-12T08:49:14","modified_gmt":"2026-03-12T07:49:14","slug":"truusk-barnstaffli-i-tra-dubbelsidig-whiteboard-och-svarta-tavla-justerbar-hojd-forvaring-natur","status":"publish","type":"product","link":"https:\/\/truusk.store\/sv\/produkt\/truusk-barnstaffli-i-tra-dubbelsidig-whiteboard-och-svarta-tavla-justerbar-hojd-forvaring-natur\/","title":{"rendered":"TRUUSK Barnstaffli i Tr\u00e4 &#8211; Dubbelsidig Whiteboard och Svarta Tavla &#8211; Justerbar H\u00f6jd &#8211; F\u00f6rvaring &#8211; Natur"},"content":{"rendered":"<p>Uppt\u00e4ck ditt barns kreativa talang med [BRAND NAME] barnskrivtavla. Denna kritbarnstavla \u00e4r idealisk f\u00f6r rolig och inspirerande ritning och erbjuder en dubbelsidig tavla f\u00f6r krita och torr raderingsmark\u00f6rer, en justerbar h\u00f6jd samt praktisk f\u00f6rvaring f\u00f6r ritverktyg. Tillverkad av robust tr\u00e4, st\u00f6der tavlan barns kreativitet och inl\u00e4rning &#8211; perfekt f\u00f6r alla lek- eller klassrum.<\/p>\n<p>Beskrivning:<\/p>\n<ul>\n<li> Dubbelsidig design f\u00f6r roligt med krita- och whiteboard<\/li>\n<li> Justerbar h\u00f6jd p\u00e5 barnskrivtavlan v\u00e4xer med din lilla konstn\u00e4r<\/li>\n<li> Justerbar br\u00e4dvinkel p\u00e5 barnskrivtavlan f\u00f6r bekv\u00e4ma ritpositioner<\/li>\n<li> Inbyggd f\u00f6rvaring h\u00e5ller alla konstverktyg snyggt<\/li>\n<li> Inkluderar pappersrulle f\u00f6r o\u00e4ndlig kreativ ritning<\/li>\n<li> Stabil och robust tr\u00e4ram p\u00e5 kritbarnstavlan med sl\u00e4t yta<\/li>\n<li> Fr\u00e4mjar fantasi, inl\u00e4rning och utveckling av motoriska f\u00e4rdigheter<\/li>\n<li> En fantastisk present till unga, kreativa barn<\/li>\n<\/ul>\n<p> Tekniska specifikationer:<\/p>\n<ul>\n<li> F\u00e4rg: Natur<\/li>\n<li> Material: Tall, MDF<\/li>\n<li> Totala dimensioner: 48,5L x 46,5B x 70-97H cm<\/li>\n<li> Ritbr\u00e4da: 32,5L x 43,5B cm<\/li>\n<li> Bricka: 38L x 39B x 1,5H cm<\/li>\n<li> Ritpapper: 36B x Diameter. 3,5 cm<\/li>\n<li> B\u00e4rkapacitet: 5 kg (bricka), 5 kg (ritbr\u00e4da)<\/li>\n<li> Godk\u00e4nd \u00e5lder: fr\u00e5n 3 \u00e5r<\/li>\n<li> Rekommenderad \u00e5lder: 3-6 \u00e5r<\/li>\n<\/ul>\n<p>Leverans inneh\u00e5ller:<\/p>\n<ul>\n<li> 1 x Barnritbord<\/li>\n<li> 1 x Bruksanvisning<\/li>\n<\/ul>\n","protected":false},"excerpt":{"rendered":"<p>Uppt\u00e4ck ditt barns kreativa talang med [BRAND NAME] barnskrivtavla. Denna kritbarnstavla \u00e4r idealisk f\u00f6r rolig och inspirerande ritning och erbjuder&#8230;<\/p>\n","protected":false},"featured_media":98795,"template":"","meta":[],"product_brand":[],"product_cat":[880,626,918],"product_tag":[],"class_list":{"0":"post-98805","1":"product","2":"type-product","3":"status-publish","4":"has-post-thumbnail","6":"product_cat-baby-barn-2","7":"product_cat-barns-rollspel","8":"product_cat-leksaker","10":"first","11":"instock","12":"sale","13":"taxable","14":"shipping-taxable","15":"purchasable","16":"product-type-simple"},"yoast_head":"<!-- This site is optimized with the Yoast SEO plugin v25.4 - https:\/\/yoast.com\/wordpress\/plugins\/seo\/ -->\n<title>TRUUSK Barnstaffli i Tr\u00e4 - Dubbelsidig Whiteboard och Svarta Tavla - Justerbar H\u00f6jd - F\u00f6rvaring - Natur - TRUUSK - Hem, Tr\u00e4dg\u00e5rd &amp; Fritid<\/title>\n<meta name=\"robots\" content=\"index, follow, max-snippet:-1, max-image-preview:large, max-video-preview:-1\" \/>\n<link rel=\"canonical\" href=\"https:\/\/truusk.store\/sv\/produkt\/truusk-barnstaffli-i-tra-dubbelsidig-whiteboard-och-svarta-tavla-justerbar-hojd-forvaring-natur\/\" \/>\n<meta property=\"og:locale\" content=\"sv_SE\" \/>\n<meta property=\"og:type\" content=\"article\" \/>\n<meta property=\"og:title\" content=\"TRUUSK Barnstaffli i Tr\u00e4 - Dubbelsidig Whiteboard och Svarta Tavla - Justerbar H\u00f6jd - F\u00f6rvaring - Natur - TRUUSK - Hem, Tr\u00e4dg\u00e5rd &amp; Fritid\" \/>\n<meta property=\"og:description\" content=\"Uppt\u00e4ck ditt barns kreativa talang med [BRAND NAME] barnskrivtavla. Denna kritbarnstavla \u00e4r idealisk f\u00f6r rolig och inspirerande ritning och erbjuder...\" \/>\n<meta property=\"og:url\" content=\"https:\/\/truusk.store\/sv\/produkt\/truusk-barnstaffli-i-tra-dubbelsidig-whiteboard-och-svarta-tavla-justerbar-hojd-forvaring-natur\/\" \/>\n<meta property=\"og:site_name\" content=\"TRUUSK - Hem, Tr\u00e4dg\u00e5rd &amp; Fritid\" \/>\n<meta property=\"article:modified_time\" content=\"2026-03-12T07:49:14+00:00\" \/>\n<meta property=\"og:image\" content=\"https:\/\/i0.wp.com\/truusk.se\/wp-content\/uploads\/2026\/01\/barnstaffli-i-tra-dubbelsidig-whiteboard-och-svarta-tavla-hojdjusterbar-staende-tavla-med-pappersrulle-forvaring-natur-1.webp?fit=2000%2C2000&ssl=1\" \/>\n\t<meta property=\"og:image:width\" content=\"2000\" \/>\n\t<meta property=\"og:image:height\" content=\"2000\" \/>\n\t<meta property=\"og:image:type\" content=\"image\/webp\" \/>\n<meta name=\"twitter:card\" content=\"summary_large_image\" \/>\n<meta name=\"twitter:label1\" content=\"Ber\u00e4knad l\u00e4stid\" \/>\n\t<meta name=\"twitter:data1\" content=\"1 minut\" \/>\n<!-- \/ Yoast SEO plugin. -->","yoast_head_json":{"title":"TRUUSK Barnstaffli i Tr\u00e4 - Dubbelsidig Whiteboard och Svarta Tavla - Justerbar H\u00f6jd - F\u00f6rvaring - Natur - TRUUSK - Hem, Tr\u00e4dg\u00e5rd &amp; Fritid","robots":{"index":"index","follow":"follow","max-snippet":"max-snippet:-1","max-image-preview":"max-image-preview:large","max-video-preview":"max-video-preview:-1"},"canonical":"https:\/\/truusk.store\/sv\/produkt\/truusk-barnstaffli-i-tra-dubbelsidig-whiteboard-och-svarta-tavla-justerbar-hojd-forvaring-natur\/","og_locale":"sv_SE","og_type":"article","og_title":"TRUUSK Barnstaffli i Tr\u00e4 - Dubbelsidig Whiteboard och Svarta Tavla - Justerbar H\u00f6jd - F\u00f6rvaring - Natur - TRUUSK - Hem, Tr\u00e4dg\u00e5rd &amp; Fritid","og_description":"Uppt\u00e4ck ditt barns kreativa talang med [BRAND NAME] barnskrivtavla. Denna kritbarnstavla \u00e4r idealisk f\u00f6r rolig och inspirerande ritning och erbjuder...","og_url":"https:\/\/truusk.store\/sv\/produkt\/truusk-barnstaffli-i-tra-dubbelsidig-whiteboard-och-svarta-tavla-justerbar-hojd-forvaring-natur\/","og_site_name":"TRUUSK - Hem, Tr\u00e4dg\u00e5rd &amp; Fritid","article_modified_time":"2026-03-12T07:49:14+00:00","og_image":[{"width":2000,"height":2000,"url":"https:\/\/i0.wp.com\/truusk.se\/wp-content\/uploads\/2026\/01\/barnstaffli-i-tra-dubbelsidig-whiteboard-och-svarta-tavla-hojdjusterbar-staende-tavla-med-pappersrulle-forvaring-natur-1.webp?fit=2000%2C2000&ssl=1","type":"image\/webp"}],"twitter_card":"summary_large_image","twitter_misc":{"Ber\u00e4knad l\u00e4stid":"1 minut"},"schema":{"@context":"https:\/\/schema.org","@graph":[{"@type":"WebPage","@id":"https:\/\/truusk.store\/sv\/produkt\/truusk-barnstaffli-i-tra-dubbelsidig-whiteboard-och-svarta-tavla-justerbar-hojd-forvaring-natur\/","url":"https:\/\/truusk.store\/sv\/produkt\/truusk-barnstaffli-i-tra-dubbelsidig-whiteboard-och-svarta-tavla-justerbar-hojd-forvaring-natur\/","name":"TRUUSK Barnstaffli i Tr\u00e4 - Dubbelsidig Whiteboard och Svarta Tavla - Justerbar H\u00f6jd - F\u00f6rvaring - Natur - TRUUSK - Hem, Tr\u00e4dg\u00e5rd &amp; Fritid","isPartOf":{"@id":"https:\/\/truusk.store\/sv\/#website"},"primaryImageOfPage":{"@id":"https:\/\/truusk.store\/sv\/produkt\/truusk-barnstaffli-i-tra-dubbelsidig-whiteboard-och-svarta-tavla-justerbar-hojd-forvaring-natur\/#primaryimage"},"image":{"@id":"https:\/\/truusk.store\/sv\/produkt\/truusk-barnstaffli-i-tra-dubbelsidig-whiteboard-och-svarta-tavla-justerbar-hojd-forvaring-natur\/#primaryimage"},"thumbnailUrl":"https:\/\/i0.wp.com\/truusk.store\/wp-content\/uploads\/2026\/01\/barnstaffli-i-tra-dubbelsidig-whiteboard-och-svarta-tavla-hojdjusterbar-staende-tavla-med-pappersrulle-forvaring-natur-1.webp?fit=2000%2C2000&ssl=1","datePublished":"2026-01-06T12:24:50+00:00","dateModified":"2026-03-12T07:49:14+00:00","breadcrumb":{"@id":"https:\/\/truusk.store\/sv\/produkt\/truusk-barnstaffli-i-tra-dubbelsidig-whiteboard-och-svarta-tavla-justerbar-hojd-forvaring-natur\/#breadcrumb"},"inLanguage":"sv-SE","potentialAction":[{"@type":"ReadAction","target":["https:\/\/truusk.store\/sv\/produkt\/truusk-barnstaffli-i-tra-dubbelsidig-whiteboard-och-svarta-tavla-justerbar-hojd-forvaring-natur\/"]}]},{"@type":"ImageObject","inLanguage":"sv-SE","@id":"https:\/\/truusk.store\/sv\/produkt\/truusk-barnstaffli-i-tra-dubbelsidig-whiteboard-och-svarta-tavla-justerbar-hojd-forvaring-natur\/#primaryimage","url":"https:\/\/i0.wp.com\/truusk.store\/wp-content\/uploads\/2026\/01\/barnstaffli-i-tra-dubbelsidig-whiteboard-och-svarta-tavla-hojdjusterbar-staende-tavla-med-pappersrulle-forvaring-natur-1.webp?fit=2000%2C2000&ssl=1","contentUrl":"https:\/\/i0.wp.com\/truusk.store\/wp-content\/uploads\/2026\/01\/barnstaffli-i-tra-dubbelsidig-whiteboard-och-svarta-tavla-hojdjusterbar-staende-tavla-med-pappersrulle-forvaring-natur-1.webp?fit=2000%2C2000&ssl=1","width":2000,"height":2000},{"@type":"BreadcrumbList","@id":"https:\/\/truusk.store\/sv\/produkt\/truusk-barnstaffli-i-tra-dubbelsidig-whiteboard-och-svarta-tavla-justerbar-hojd-forvaring-natur\/#breadcrumb","itemListElement":[{"@type":"ListItem","position":1,"name":"Home","item":"https:\/\/truusk.store\/sv\/"},{"@type":"ListItem","position":2,"name":"Shop","item":"https:\/\/truusk.store\/shop\/"},{"@type":"ListItem","position":3,"name":"TRUUSK Barnstaffli i Tr\u00e4 &#8211; Dubbelsidig Whiteboard och Svarta Tavla &#8211; Justerbar H\u00f6jd &#8211; F\u00f6rvaring &#8211; Natur"}]},{"@type":"WebSite","@id":"https:\/\/truusk.store\/sv\/#website","url":"https:\/\/truusk.store\/sv\/","name":"TRUUSK - Hem, Tr\u00e4dg\u00e5rd & Fritid","description":"","publisher":{"@id":"https:\/\/truusk.store\/sv\/#organization"},"potentialAction":[{"@type":"SearchAction","target":{"@type":"EntryPoint","urlTemplate":"https:\/\/truusk.store\/sv\/?s={search_term_string}"},"query-input":{"@type":"PropertyValueSpecification","valueRequired":true,"valueName":"search_term_string"}}],"inLanguage":"sv-SE"},{"@type":"Organization","@id":"https:\/\/truusk.store\/sv\/#organization","name":"TRUUSK - Hem, Tr\u00e4dg\u00e5rd & Fritid","url":"https:\/\/truusk.store\/sv\/","logo":{"@type":"ImageObject","inLanguage":"sv-SE","@id":"https:\/\/truusk.store\/sv\/#\/schema\/logo\/image\/","url":"https:\/\/i0.wp.com\/truusk.store\/wp-content\/uploads\/2026\/03\/cropped-TRUUSK.png?fit=2032%2C917&ssl=1","contentUrl":"https:\/\/i0.wp.com\/truusk.store\/wp-content\/uploads\/2026\/03\/cropped-TRUUSK.png?fit=2032%2C917&ssl=1","width":2032,"height":917,"caption":"TRUUSK - Hem, Tr\u00e4dg\u00e5rd & Fritid"},"image":{"@id":"https:\/\/truusk.store\/sv\/#\/schema\/logo\/image\/"}}]}},"jetpack_sharing_enabled":true,"_links":{"self":[{"href":"https:\/\/truusk.store\/sv\/wp-json\/wp\/v2\/product\/98805","targetHints":{"allow":["GET"]}}],"collection":[{"href":"https:\/\/truusk.store\/sv\/wp-json\/wp\/v2\/product"}],"about":[{"href":"https:\/\/truusk.store\/sv\/wp-json\/wp\/v2\/types\/product"}],"wp:featuredmedia":[{"embeddable":true,"href":"https:\/\/truusk.store\/sv\/wp-json\/wp\/v2\/media\/98795"}],"wp:attachment":[{"href":"https:\/\/truusk.store\/sv\/wp-json\/wp\/v2\/media?parent=98805"}],"wp:term":[{"taxonomy":"product_brand","embeddable":true,"href":"https:\/\/truusk.store\/sv\/wp-json\/wp\/v2\/product_brand?post=98805"},{"taxonomy":"product_cat","embeddable":true,"href":"https:\/\/truusk.store\/sv\/wp-json\/wp\/v2\/product_cat?post=98805"},{"taxonomy":"product_tag","embeddable":true,"href":"https:\/\/truusk.store\/sv\/wp-json\/wp\/v2\/product_tag?post=98805"}],"curies":[{"name":"wp","href":"https:\/\/api.w.org\/{rel}","templated":true}]}}