{"id":98815,"date":"2026-01-06T13:25:53","date_gmt":"2026-01-06T12:25:53","guid":{"rendered":"https:\/\/truusk.store\/product\/hundbur-pa-hjul-2-dorrar-2-lador-for-medelstora-och-stora-hundar-tra-stal\/"},"modified":"2026-03-12T08:49:15","modified_gmt":"2026-03-12T07:49:15","slug":"truusk-hundbur-pa-hjul-2-dorrar-2-lador-for-medelstora-och-stora-hundar-tra-och-stal","status":"publish","type":"product","link":"https:\/\/truusk.store\/sv\/produkt\/truusk-hundbur-pa-hjul-2-dorrar-2-lador-for-medelstora-och-stora-hundar-tra-och-stal\/","title":{"rendered":"TRUUSK Hundbur P\u00e5 Hjul &#8211; 2 D\u00f6rrar &#8211; 2 L\u00e5dor &#8211; F\u00f6r Medelstora Och Stora Hundar &#8211; Tr\u00e4 och St\u00e5l"},"content":{"rendered":"<p>Sliter du med en klumpig hundbur som st\u00f6r din inredning och orsakar oordning? Denna [BRAND NAME] hundbur f\u00f6r hemmet skapar stilfull ordning i ditt hem. Den \u00e4r utrustad med l\u00e5dor f\u00f6r tillbeh\u00f6r och tack vare hjulen p\u00e5 hundburen \u00e4r den l\u00e4tt att flytta, vilket underl\u00e4ttar reng\u00f6ring och berikar din bostadsatmosf\u00e4r.<\/p>\n<p>Beskrivning:<\/p>\n<ul>\n<li> Fungerar som en mysig tillflyktsort f\u00f6r ditt husdjur<\/li>\n<li> Rymlig bordsskiva och tv\u00e5 l\u00e5dor h\u00e5ller husdjurstillbeh\u00f6r organiserade och dolda<\/li>\n<li> Rullar mjukt p\u00e5 fem hjul, vilket g\u00f6r reng\u00f6ring och omplacering helt anstr\u00e4ngningsl\u00f6s<\/li>\n<li> Dubbeld\u00f6rrar med en skjutd\u00f6rr p\u00e5 hundburen erbjuder flexibel placering och l\u00e4tt tillg\u00e5ng<\/li>\n<li> Har ett s\u00e4kert l\u00e5s p\u00e5 d\u00f6rren f\u00f6r att h\u00e5lla ditt husdjur p\u00e5 plats vid behov<\/li>\n<li> Byggd med robusta st\u00e5lst\u00e4nger och en platta f\u00f6r l\u00e5ngvarig h\u00e5llbarhet<\/li>\n<li> Tresidig ventilation av hundburen s\u00e4kerst\u00e4ller utm\u00e4rkt luftcirkulation<\/li>\n<li> L\u00e4mplig f\u00f6r medelstora och stora hundar upp till 25 kg och inte st\u00f6rre \u00e4n 55 cm<\/li>\n<\/ul>\n<p> Tekniska specifikationer:<\/p>\n<ul>\n<li> F\u00e4rg: Ek+Svart<\/li>\n<li> Material: Sp\u00e5nskiva, MDF, St\u00e5l<\/li>\n<li> Totala dimensioner: 100B x 56D x 81H cm<\/li>\n<li> Inre burstorlek: 95B x 48D x 56H cm<\/li>\n<li> Storlek p\u00e5 fr\u00e4mre skjutd\u00f6rr: 48B x 49,5H cm<\/li>\n<li> Storlek p\u00e5 sidod\u00f6rr: 42,5B x 45H cm<\/li>\n<li> Storlek p\u00e5 l\u00e5dfront: 47B x 14,5H cm<\/li>\n<li> Inre l\u00e5dstorlek: 42,1B x 33,6D x 10H cm<\/li>\n<li> L\u00e5dvolum: 13 L<\/li>\n<li> Hjuldiameter: \u00d84 cm<\/li>\n<li> Benh\u00f6jd: 5,5 cm<\/li>\n<li> Maximal belastning: 50 kg (Inuti), 50 kg (Ovanp\u00e5), 10 kg (L\u00e5da)<\/li>\n<\/ul>\n<p>Leveransinneh\u00e5ll:<\/p>\n<ul>\n<li>1 x Hundbur<\/li>\n<li>1 x Handbok<\/li>\n<\/ul>\n","protected":false},"excerpt":{"rendered":"<p>Sliter du med en klumpig hundbur som st\u00f6r din inredning och orsakar oordning? Denna [BRAND NAME] hundbur f\u00f6r hemmet skapar&#8230;<\/p>\n","protected":false},"featured_media":98806,"template":"","meta":[],"product_brand":[],"product_cat":[947,583,574],"product_tag":[],"class_list":{"0":"post-98815","1":"product","2":"type-product","3":"status-publish","4":"has-post-thumbnail","6":"product_cat-djurtillbehor","7":"product_cat-hundburar","8":"product_cat-hundtillbehor","10":"first","11":"instock","12":"sale","13":"taxable","14":"shipping-taxable","15":"purchasable","16":"product-type-simple"},"yoast_head":"<!-- This site is optimized with the Yoast SEO plugin v25.4 - https:\/\/yoast.com\/wordpress\/plugins\/seo\/ -->\n<title>TRUUSK Hundbur P\u00e5 Hjul - 2 D\u00f6rrar - 2 L\u00e5dor - F\u00f6r Medelstora Och Stora Hundar - Tr\u00e4 och St\u00e5l - TRUUSK - Hem, Tr\u00e4dg\u00e5rd &amp; Fritid<\/title>\n<meta name=\"robots\" content=\"index, follow, max-snippet:-1, max-image-preview:large, max-video-preview:-1\" \/>\n<link rel=\"canonical\" href=\"https:\/\/truusk.store\/sv\/produkt\/truusk-hundbur-pa-hjul-2-dorrar-2-lador-for-medelstora-och-stora-hundar-tra-och-stal\/\" \/>\n<meta property=\"og:locale\" content=\"sv_SE\" \/>\n<meta property=\"og:type\" content=\"article\" \/>\n<meta property=\"og:title\" content=\"TRUUSK Hundbur P\u00e5 Hjul - 2 D\u00f6rrar - 2 L\u00e5dor - F\u00f6r Medelstora Och Stora Hundar - Tr\u00e4 och St\u00e5l - TRUUSK - Hem, Tr\u00e4dg\u00e5rd &amp; Fritid\" \/>\n<meta property=\"og:description\" content=\"Sliter du med en klumpig hundbur som st\u00f6r din inredning och orsakar oordning? Denna [BRAND NAME] hundbur f\u00f6r hemmet skapar...\" \/>\n<meta property=\"og:url\" content=\"https:\/\/truusk.store\/sv\/produkt\/truusk-hundbur-pa-hjul-2-dorrar-2-lador-for-medelstora-och-stora-hundar-tra-och-stal\/\" \/>\n<meta property=\"og:site_name\" content=\"TRUUSK - Hem, Tr\u00e4dg\u00e5rd &amp; Fritid\" \/>\n<meta property=\"article:modified_time\" content=\"2026-03-12T07:49:15+00:00\" \/>\n<meta property=\"og:image\" content=\"https:\/\/i0.wp.com\/truusk.se\/wp-content\/uploads\/2026\/01\/hundbur-pa-hjul-2-dorrar-2-lador-for-medelstora-och-stora-hundar-tra-stal-1.webp?fit=2000%2C2000&ssl=1\" \/>\n\t<meta property=\"og:image:width\" content=\"2000\" \/>\n\t<meta property=\"og:image:height\" content=\"2000\" \/>\n\t<meta property=\"og:image:type\" content=\"image\/webp\" \/>\n<meta name=\"twitter:card\" content=\"summary_large_image\" \/>\n<meta name=\"twitter:label1\" content=\"Ber\u00e4knad l\u00e4stid\" \/>\n\t<meta name=\"twitter:data1\" content=\"1 minut\" \/>\n<!-- \/ Yoast SEO plugin. -->","yoast_head_json":{"title":"TRUUSK Hundbur P\u00e5 Hjul - 2 D\u00f6rrar - 2 L\u00e5dor - F\u00f6r Medelstora Och Stora Hundar - Tr\u00e4 och St\u00e5l - TRUUSK - Hem, Tr\u00e4dg\u00e5rd &amp; Fritid","robots":{"index":"index","follow":"follow","max-snippet":"max-snippet:-1","max-image-preview":"max-image-preview:large","max-video-preview":"max-video-preview:-1"},"canonical":"https:\/\/truusk.store\/sv\/produkt\/truusk-hundbur-pa-hjul-2-dorrar-2-lador-for-medelstora-och-stora-hundar-tra-och-stal\/","og_locale":"sv_SE","og_type":"article","og_title":"TRUUSK Hundbur P\u00e5 Hjul - 2 D\u00f6rrar - 2 L\u00e5dor - F\u00f6r Medelstora Och Stora Hundar - Tr\u00e4 och St\u00e5l - TRUUSK - Hem, Tr\u00e4dg\u00e5rd &amp; Fritid","og_description":"Sliter du med en klumpig hundbur som st\u00f6r din inredning och orsakar oordning? Denna [BRAND NAME] hundbur f\u00f6r hemmet skapar...","og_url":"https:\/\/truusk.store\/sv\/produkt\/truusk-hundbur-pa-hjul-2-dorrar-2-lador-for-medelstora-och-stora-hundar-tra-och-stal\/","og_site_name":"TRUUSK - Hem, Tr\u00e4dg\u00e5rd &amp; Fritid","article_modified_time":"2026-03-12T07:49:15+00:00","og_image":[{"width":2000,"height":2000,"url":"https:\/\/i0.wp.com\/truusk.se\/wp-content\/uploads\/2026\/01\/hundbur-pa-hjul-2-dorrar-2-lador-for-medelstora-och-stora-hundar-tra-stal-1.webp?fit=2000%2C2000&ssl=1","type":"image\/webp"}],"twitter_card":"summary_large_image","twitter_misc":{"Ber\u00e4knad l\u00e4stid":"1 minut"},"schema":{"@context":"https:\/\/schema.org","@graph":[{"@type":"WebPage","@id":"https:\/\/truusk.store\/sv\/produkt\/truusk-hundbur-pa-hjul-2-dorrar-2-lador-for-medelstora-och-stora-hundar-tra-och-stal\/","url":"https:\/\/truusk.store\/sv\/produkt\/truusk-hundbur-pa-hjul-2-dorrar-2-lador-for-medelstora-och-stora-hundar-tra-och-stal\/","name":"TRUUSK Hundbur P\u00e5 Hjul - 2 D\u00f6rrar - 2 L\u00e5dor - F\u00f6r Medelstora Och Stora Hundar - Tr\u00e4 och St\u00e5l - TRUUSK - Hem, Tr\u00e4dg\u00e5rd &amp; Fritid","isPartOf":{"@id":"https:\/\/truusk.store\/sv\/#website"},"primaryImageOfPage":{"@id":"https:\/\/truusk.store\/sv\/produkt\/truusk-hundbur-pa-hjul-2-dorrar-2-lador-for-medelstora-och-stora-hundar-tra-och-stal\/#primaryimage"},"image":{"@id":"https:\/\/truusk.store\/sv\/produkt\/truusk-hundbur-pa-hjul-2-dorrar-2-lador-for-medelstora-och-stora-hundar-tra-och-stal\/#primaryimage"},"thumbnailUrl":"https:\/\/i0.wp.com\/truusk.store\/wp-content\/uploads\/2026\/01\/hundbur-pa-hjul-2-dorrar-2-lador-for-medelstora-och-stora-hundar-tra-stal-1.webp?fit=2000%2C2000&ssl=1","datePublished":"2026-01-06T12:25:53+00:00","dateModified":"2026-03-12T07:49:15+00:00","breadcrumb":{"@id":"https:\/\/truusk.store\/sv\/produkt\/truusk-hundbur-pa-hjul-2-dorrar-2-lador-for-medelstora-och-stora-hundar-tra-och-stal\/#breadcrumb"},"inLanguage":"sv-SE","potentialAction":[{"@type":"ReadAction","target":["https:\/\/truusk.store\/sv\/produkt\/truusk-hundbur-pa-hjul-2-dorrar-2-lador-for-medelstora-och-stora-hundar-tra-och-stal\/"]}]},{"@type":"ImageObject","inLanguage":"sv-SE","@id":"https:\/\/truusk.store\/sv\/produkt\/truusk-hundbur-pa-hjul-2-dorrar-2-lador-for-medelstora-och-stora-hundar-tra-och-stal\/#primaryimage","url":"https:\/\/i0.wp.com\/truusk.store\/wp-content\/uploads\/2026\/01\/hundbur-pa-hjul-2-dorrar-2-lador-for-medelstora-och-stora-hundar-tra-stal-1.webp?fit=2000%2C2000&ssl=1","contentUrl":"https:\/\/i0.wp.com\/truusk.store\/wp-content\/uploads\/2026\/01\/hundbur-pa-hjul-2-dorrar-2-lador-for-medelstora-och-stora-hundar-tra-stal-1.webp?fit=2000%2C2000&ssl=1","width":2000,"height":2000},{"@type":"BreadcrumbList","@id":"https:\/\/truusk.store\/sv\/produkt\/truusk-hundbur-pa-hjul-2-dorrar-2-lador-for-medelstora-och-stora-hundar-tra-och-stal\/#breadcrumb","itemListElement":[{"@type":"ListItem","position":1,"name":"Home","item":"https:\/\/truusk.store\/sv\/"},{"@type":"ListItem","position":2,"name":"Shop","item":"https:\/\/truusk.store\/shop\/"},{"@type":"ListItem","position":3,"name":"TRUUSK Hundbur P\u00e5 Hjul &#8211; 2 D\u00f6rrar &#8211; 2 L\u00e5dor &#8211; F\u00f6r Medelstora Och Stora Hundar &#8211; Tr\u00e4 och St\u00e5l"}]},{"@type":"WebSite","@id":"https:\/\/truusk.store\/sv\/#website","url":"https:\/\/truusk.store\/sv\/","name":"TRUUSK - Hem, Tr\u00e4dg\u00e5rd & Fritid","description":"","publisher":{"@id":"https:\/\/truusk.store\/sv\/#organization"},"potentialAction":[{"@type":"SearchAction","target":{"@type":"EntryPoint","urlTemplate":"https:\/\/truusk.store\/sv\/?s={search_term_string}"},"query-input":{"@type":"PropertyValueSpecification","valueRequired":true,"valueName":"search_term_string"}}],"inLanguage":"sv-SE"},{"@type":"Organization","@id":"https:\/\/truusk.store\/sv\/#organization","name":"TRUUSK - Hem, Tr\u00e4dg\u00e5rd & Fritid","url":"https:\/\/truusk.store\/sv\/","logo":{"@type":"ImageObject","inLanguage":"sv-SE","@id":"https:\/\/truusk.store\/sv\/#\/schema\/logo\/image\/","url":"https:\/\/i0.wp.com\/truusk.store\/wp-content\/uploads\/2026\/03\/cropped-TRUUSK.png?fit=2032%2C917&ssl=1","contentUrl":"https:\/\/i0.wp.com\/truusk.store\/wp-content\/uploads\/2026\/03\/cropped-TRUUSK.png?fit=2032%2C917&ssl=1","width":2032,"height":917,"caption":"TRUUSK - Hem, Tr\u00e4dg\u00e5rd & Fritid"},"image":{"@id":"https:\/\/truusk.store\/sv\/#\/schema\/logo\/image\/"}}]}},"jetpack_sharing_enabled":true,"_links":{"self":[{"href":"https:\/\/truusk.store\/sv\/wp-json\/wp\/v2\/product\/98815","targetHints":{"allow":["GET"]}}],"collection":[{"href":"https:\/\/truusk.store\/sv\/wp-json\/wp\/v2\/product"}],"about":[{"href":"https:\/\/truusk.store\/sv\/wp-json\/wp\/v2\/types\/product"}],"wp:featuredmedia":[{"embeddable":true,"href":"https:\/\/truusk.store\/sv\/wp-json\/wp\/v2\/media\/98806"}],"wp:attachment":[{"href":"https:\/\/truusk.store\/sv\/wp-json\/wp\/v2\/media?parent=98815"}],"wp:term":[{"taxonomy":"product_brand","embeddable":true,"href":"https:\/\/truusk.store\/sv\/wp-json\/wp\/v2\/product_brand?post=98815"},{"taxonomy":"product_cat","embeddable":true,"href":"https:\/\/truusk.store\/sv\/wp-json\/wp\/v2\/product_cat?post=98815"},{"taxonomy":"product_tag","embeddable":true,"href":"https:\/\/truusk.store\/sv\/wp-json\/wp\/v2\/product_tag?post=98815"}],"curies":[{"name":"wp","href":"https:\/\/api.w.org\/{rel}","templated":true}]}}