{"id":98825,"date":"2026-01-06T13:26:49","date_gmt":"2026-01-06T12:26:49","guid":{"rendered":"https:\/\/truusk.store\/product\/dubbelt-keramiskt-kokfalt-2-i-1-design-for-matlagning-och-grillning-2000w-4-varmesteg-led-display-fettuppsamlare-vit\/"},"modified":"2026-03-12T08:49:15","modified_gmt":"2026-03-12T07:49:15","slug":"truusk-keramiskt-kokfalt-2-i-1-for-matlagning-och-grillning-2000w-4-varmesteg-led-display-fettuppsamlare-vit","status":"publish","type":"product","link":"https:\/\/truusk.store\/sv\/produkt\/truusk-keramiskt-kokfalt-2-i-1-for-matlagning-och-grillning-2000w-4-varmesteg-led-display-fettuppsamlare-vit\/","title":{"rendered":"TRUUSK Keramiskt Kokf\u00e4lt 2-i-1 &#8211; F\u00f6r Matlagning och Grillning &#8211; 2000W &#8211; 4 V\u00e4rmesteg &#8211; LED-display &#8211; Fettuppsamlare &#8211; Vit"},"content":{"rendered":"<p>Njut av enkla och trevliga m\u00e5ltider med [BRAND NAME] dubbelmodus keramikh\u00e4ll och grill. Kontrollera enkelt via intuitiv peksk\u00e4rm f\u00f6r l\u00e4ge, effekt och temperatur. Keramikh\u00e4llen \u00e4r kompatibel med alla pannor och s\u00e4ker tack vare infrar\u00f6d teknologi. Den smala designen med sl\u00e4t glasyta och droppbricka ger ett st\u00e4dat k\u00f6k. Laga mat avslappnat och njut av varje \u00f6gonblick &#8211; din perfekta partner f\u00f6r dagliga r\u00e4tter.<\/p>\n<p>Beskrivning:<\/p>\n<ul>\n<li> Dubbla matlagningsl\u00e4gen: keramikh\u00e4ll och grill<\/li>\n<li> Kompatibel med alla pannor som j\u00e4rn, rostfritt st\u00e5l, aluminium, glas, keramik och gjutj\u00e4rnspannor (upp till 30 cm bas)<\/li>\n<li> Infrar\u00f6d uppv\u00e4rmning ger snabb, j\u00e4mn, energieffektiv matlagning utan skadlig str\u00e5lning<\/li>\n<li> Slimmad 10 cm design passar enkelt p\u00e5 alla b\u00e4nkskivor och sparar plats i ditt k\u00f6k<\/li>\n<li> Den sl\u00e4ta glasytan p\u00e5 keramikh\u00e4llen \u00e4r l\u00e4tt att reng\u00f6ra och h\u00e5ller ditt k\u00f6k snyggt<\/li>\n<li> Avtagbar fettf\u00e5ngare f\u00f6r insamling av olja och rester<\/li>\n<li> Intuitiv LED-peksk\u00e4rm f\u00f6r att styra l\u00e4ge, effekt och temperatur<\/li>\n<li> Halkfria f\u00f6tter h\u00e5ller h\u00e4llen stabil och s\u00e4ker under matlagningen<\/li>\n<\/ul>\n<p> Tekniska data:<\/p>\n<ul>\n<li> F\u00e4rg: Vit<\/li>\n<li> Material: St\u00e5l, Glas<\/li>\n<li> Totala dimensioner: 34L x 36B x 10H cm<\/li>\n<li> Grilll\u00e4ge effektniv\u00e5er: 270 W, 370 W, 460 W, 560 W<\/li>\n<li> Matlagningsl\u00e4ge effektniv\u00e5er: 500 W, 1200 W, 1650 W, 2000 W<\/li>\n<li> Nominell sp\u00e4nning: AC 220-240 V, 50-60 Hz<\/li>\n<li> Nominell effekt: 2000 W, 8,7 A<\/li>\n<li> Kabell\u00e4ngd: 0,85 m<\/li>\n<\/ul>\n<p>Leveransinneh\u00e5ll:<\/p>\n<ul>\n<li> 1 x Keramikh\u00e4ll och r\u00f6kfri grill<\/li>\n<li> 1 x Grillplatta<\/li>\n<li> 1 x Fettf\u00e5ngare<\/li>\n<li> 1 x Handtag<\/li>\n<li> 1 x Bruksanvisning<\/li>\n<\/ul>\n","protected":false},"excerpt":{"rendered":"<p>Njut av enkla och trevliga m\u00e5ltider med [BRAND NAME] dubbelmodus keramikh\u00e4ll och grill. Kontrollera enkelt via intuitiv peksk\u00e4rm f\u00f6r l\u00e4ge,&#8230;<\/p>\n","protected":false},"featured_media":98816,"template":"","meta":[],"product_brand":[],"product_cat":[871,498,984,933],"product_tag":[],"class_list":{"0":"post-98825","1":"product","2":"type-product","3":"status-publish","4":"has-post-thumbnail","6":"product_cat-hus-hem","7":"product_cat-hushallsapparater","8":"product_cat-kleingerate","9":"product_cat-koksapparater","11":"first","12":"instock","13":"sale","14":"taxable","15":"shipping-taxable","16":"purchasable","17":"product-type-simple"},"yoast_head":"<!-- This site is optimized with the Yoast SEO plugin v25.4 - https:\/\/yoast.com\/wordpress\/plugins\/seo\/ -->\n<title>TRUUSK Keramiskt Kokf\u00e4lt 2-i-1 - F\u00f6r Matlagning och Grillning - 2000W - 4 V\u00e4rmesteg - LED-display - Fettuppsamlare - Vit - TRUUSK - Hem, Tr\u00e4dg\u00e5rd &amp; Fritid<\/title>\n<meta name=\"robots\" content=\"index, follow, max-snippet:-1, max-image-preview:large, max-video-preview:-1\" \/>\n<link rel=\"canonical\" href=\"https:\/\/truusk.store\/sv\/produkt\/truusk-keramiskt-kokfalt-2-i-1-for-matlagning-och-grillning-2000w-4-varmesteg-led-display-fettuppsamlare-vit\/\" \/>\n<meta property=\"og:locale\" content=\"sv_SE\" \/>\n<meta property=\"og:type\" content=\"article\" \/>\n<meta property=\"og:title\" content=\"TRUUSK Keramiskt Kokf\u00e4lt 2-i-1 - F\u00f6r Matlagning och Grillning - 2000W - 4 V\u00e4rmesteg - LED-display - Fettuppsamlare - Vit - TRUUSK - Hem, Tr\u00e4dg\u00e5rd &amp; Fritid\" \/>\n<meta property=\"og:description\" content=\"Njut av enkla och trevliga m\u00e5ltider med [BRAND NAME] dubbelmodus keramikh\u00e4ll och grill. Kontrollera enkelt via intuitiv peksk\u00e4rm f\u00f6r l\u00e4ge,...\" \/>\n<meta property=\"og:url\" content=\"https:\/\/truusk.store\/sv\/produkt\/truusk-keramiskt-kokfalt-2-i-1-for-matlagning-och-grillning-2000w-4-varmesteg-led-display-fettuppsamlare-vit\/\" \/>\n<meta property=\"og:site_name\" content=\"TRUUSK - Hem, Tr\u00e4dg\u00e5rd &amp; Fritid\" \/>\n<meta property=\"article:modified_time\" content=\"2026-03-12T07:49:15+00:00\" \/>\n<meta property=\"og:image\" content=\"https:\/\/i0.wp.com\/truusk.se\/wp-content\/uploads\/2026\/01\/dubbelt-keramiskt-kokfalt-2-i-1-design-for-matlagning-och-grillning-2000w-4-varmesteg-led-display-fettuppsamlare-vit-1.webp?fit=2000%2C2000&ssl=1\" \/>\n\t<meta property=\"og:image:width\" content=\"2000\" \/>\n\t<meta property=\"og:image:height\" content=\"2000\" \/>\n\t<meta property=\"og:image:type\" content=\"image\/webp\" \/>\n<meta name=\"twitter:card\" content=\"summary_large_image\" \/>\n<meta name=\"twitter:label1\" content=\"Ber\u00e4knad l\u00e4stid\" \/>\n\t<meta name=\"twitter:data1\" content=\"1 minut\" \/>\n<!-- \/ Yoast SEO plugin. -->","yoast_head_json":{"title":"TRUUSK Keramiskt Kokf\u00e4lt 2-i-1 - F\u00f6r Matlagning och Grillning - 2000W - 4 V\u00e4rmesteg - LED-display - Fettuppsamlare - Vit - TRUUSK - Hem, Tr\u00e4dg\u00e5rd &amp; Fritid","robots":{"index":"index","follow":"follow","max-snippet":"max-snippet:-1","max-image-preview":"max-image-preview:large","max-video-preview":"max-video-preview:-1"},"canonical":"https:\/\/truusk.store\/sv\/produkt\/truusk-keramiskt-kokfalt-2-i-1-for-matlagning-och-grillning-2000w-4-varmesteg-led-display-fettuppsamlare-vit\/","og_locale":"sv_SE","og_type":"article","og_title":"TRUUSK Keramiskt Kokf\u00e4lt 2-i-1 - F\u00f6r Matlagning och Grillning - 2000W - 4 V\u00e4rmesteg - LED-display - Fettuppsamlare - Vit - TRUUSK - Hem, Tr\u00e4dg\u00e5rd &amp; Fritid","og_description":"Njut av enkla och trevliga m\u00e5ltider med [BRAND NAME] dubbelmodus keramikh\u00e4ll och grill. Kontrollera enkelt via intuitiv peksk\u00e4rm f\u00f6r l\u00e4ge,...","og_url":"https:\/\/truusk.store\/sv\/produkt\/truusk-keramiskt-kokfalt-2-i-1-for-matlagning-och-grillning-2000w-4-varmesteg-led-display-fettuppsamlare-vit\/","og_site_name":"TRUUSK - Hem, Tr\u00e4dg\u00e5rd &amp; Fritid","article_modified_time":"2026-03-12T07:49:15+00:00","og_image":[{"width":2000,"height":2000,"url":"https:\/\/i0.wp.com\/truusk.se\/wp-content\/uploads\/2026\/01\/dubbelt-keramiskt-kokfalt-2-i-1-design-for-matlagning-och-grillning-2000w-4-varmesteg-led-display-fettuppsamlare-vit-1.webp?fit=2000%2C2000&ssl=1","type":"image\/webp"}],"twitter_card":"summary_large_image","twitter_misc":{"Ber\u00e4knad l\u00e4stid":"1 minut"},"schema":{"@context":"https:\/\/schema.org","@graph":[{"@type":"WebPage","@id":"https:\/\/truusk.store\/sv\/produkt\/truusk-keramiskt-kokfalt-2-i-1-for-matlagning-och-grillning-2000w-4-varmesteg-led-display-fettuppsamlare-vit\/","url":"https:\/\/truusk.store\/sv\/produkt\/truusk-keramiskt-kokfalt-2-i-1-for-matlagning-och-grillning-2000w-4-varmesteg-led-display-fettuppsamlare-vit\/","name":"TRUUSK Keramiskt Kokf\u00e4lt 2-i-1 - F\u00f6r Matlagning och Grillning - 2000W - 4 V\u00e4rmesteg - LED-display - Fettuppsamlare - Vit - TRUUSK - Hem, Tr\u00e4dg\u00e5rd &amp; Fritid","isPartOf":{"@id":"https:\/\/truusk.store\/sv\/#website"},"primaryImageOfPage":{"@id":"https:\/\/truusk.store\/sv\/produkt\/truusk-keramiskt-kokfalt-2-i-1-for-matlagning-och-grillning-2000w-4-varmesteg-led-display-fettuppsamlare-vit\/#primaryimage"},"image":{"@id":"https:\/\/truusk.store\/sv\/produkt\/truusk-keramiskt-kokfalt-2-i-1-for-matlagning-och-grillning-2000w-4-varmesteg-led-display-fettuppsamlare-vit\/#primaryimage"},"thumbnailUrl":"https:\/\/i0.wp.com\/truusk.store\/wp-content\/uploads\/2026\/01\/dubbelt-keramiskt-kokfalt-2-i-1-design-for-matlagning-och-grillning-2000w-4-varmesteg-led-display-fettuppsamlare-vit-1.webp?fit=2000%2C2000&ssl=1","datePublished":"2026-01-06T12:26:49+00:00","dateModified":"2026-03-12T07:49:15+00:00","breadcrumb":{"@id":"https:\/\/truusk.store\/sv\/produkt\/truusk-keramiskt-kokfalt-2-i-1-for-matlagning-och-grillning-2000w-4-varmesteg-led-display-fettuppsamlare-vit\/#breadcrumb"},"inLanguage":"sv-SE","potentialAction":[{"@type":"ReadAction","target":["https:\/\/truusk.store\/sv\/produkt\/truusk-keramiskt-kokfalt-2-i-1-for-matlagning-och-grillning-2000w-4-varmesteg-led-display-fettuppsamlare-vit\/"]}]},{"@type":"ImageObject","inLanguage":"sv-SE","@id":"https:\/\/truusk.store\/sv\/produkt\/truusk-keramiskt-kokfalt-2-i-1-for-matlagning-och-grillning-2000w-4-varmesteg-led-display-fettuppsamlare-vit\/#primaryimage","url":"https:\/\/i0.wp.com\/truusk.store\/wp-content\/uploads\/2026\/01\/dubbelt-keramiskt-kokfalt-2-i-1-design-for-matlagning-och-grillning-2000w-4-varmesteg-led-display-fettuppsamlare-vit-1.webp?fit=2000%2C2000&ssl=1","contentUrl":"https:\/\/i0.wp.com\/truusk.store\/wp-content\/uploads\/2026\/01\/dubbelt-keramiskt-kokfalt-2-i-1-design-for-matlagning-och-grillning-2000w-4-varmesteg-led-display-fettuppsamlare-vit-1.webp?fit=2000%2C2000&ssl=1","width":2000,"height":2000},{"@type":"BreadcrumbList","@id":"https:\/\/truusk.store\/sv\/produkt\/truusk-keramiskt-kokfalt-2-i-1-for-matlagning-och-grillning-2000w-4-varmesteg-led-display-fettuppsamlare-vit\/#breadcrumb","itemListElement":[{"@type":"ListItem","position":1,"name":"Home","item":"https:\/\/truusk.store\/sv\/"},{"@type":"ListItem","position":2,"name":"Shop","item":"https:\/\/truusk.store\/shop\/"},{"@type":"ListItem","position":3,"name":"TRUUSK Keramiskt Kokf\u00e4lt 2-i-1 &#8211; F\u00f6r Matlagning och Grillning &#8211; 2000W &#8211; 4 V\u00e4rmesteg &#8211; LED-display &#8211; Fettuppsamlare &#8211; Vit"}]},{"@type":"WebSite","@id":"https:\/\/truusk.store\/sv\/#website","url":"https:\/\/truusk.store\/sv\/","name":"TRUUSK - Hem, Tr\u00e4dg\u00e5rd & Fritid","description":"","publisher":{"@id":"https:\/\/truusk.store\/sv\/#organization"},"potentialAction":[{"@type":"SearchAction","target":{"@type":"EntryPoint","urlTemplate":"https:\/\/truusk.store\/sv\/?s={search_term_string}"},"query-input":{"@type":"PropertyValueSpecification","valueRequired":true,"valueName":"search_term_string"}}],"inLanguage":"sv-SE"},{"@type":"Organization","@id":"https:\/\/truusk.store\/sv\/#organization","name":"TRUUSK - Hem, Tr\u00e4dg\u00e5rd & Fritid","url":"https:\/\/truusk.store\/sv\/","logo":{"@type":"ImageObject","inLanguage":"sv-SE","@id":"https:\/\/truusk.store\/sv\/#\/schema\/logo\/image\/","url":"https:\/\/i0.wp.com\/truusk.store\/wp-content\/uploads\/2026\/03\/cropped-TRUUSK.png?fit=2032%2C917&ssl=1","contentUrl":"https:\/\/i0.wp.com\/truusk.store\/wp-content\/uploads\/2026\/03\/cropped-TRUUSK.png?fit=2032%2C917&ssl=1","width":2032,"height":917,"caption":"TRUUSK - Hem, Tr\u00e4dg\u00e5rd & Fritid"},"image":{"@id":"https:\/\/truusk.store\/sv\/#\/schema\/logo\/image\/"}}]}},"jetpack_sharing_enabled":true,"_links":{"self":[{"href":"https:\/\/truusk.store\/sv\/wp-json\/wp\/v2\/product\/98825","targetHints":{"allow":["GET"]}}],"collection":[{"href":"https:\/\/truusk.store\/sv\/wp-json\/wp\/v2\/product"}],"about":[{"href":"https:\/\/truusk.store\/sv\/wp-json\/wp\/v2\/types\/product"}],"wp:featuredmedia":[{"embeddable":true,"href":"https:\/\/truusk.store\/sv\/wp-json\/wp\/v2\/media\/98816"}],"wp:attachment":[{"href":"https:\/\/truusk.store\/sv\/wp-json\/wp\/v2\/media?parent=98825"}],"wp:term":[{"taxonomy":"product_brand","embeddable":true,"href":"https:\/\/truusk.store\/sv\/wp-json\/wp\/v2\/product_brand?post=98825"},{"taxonomy":"product_cat","embeddable":true,"href":"https:\/\/truusk.store\/sv\/wp-json\/wp\/v2\/product_cat?post=98825"},{"taxonomy":"product_tag","embeddable":true,"href":"https:\/\/truusk.store\/sv\/wp-json\/wp\/v2\/product_tag?post=98825"}],"curies":[{"name":"wp","href":"https:\/\/api.w.org\/{rel}","templated":true}]}}