{"id":98846,"date":"2026-01-06T13:28:59","date_gmt":"2026-01-06T12:28:59","guid":{"rendered":"https:\/\/truusk.store\/product\/hojdjusterbar-hundskal-med-stativ-2-x-12-l-rostfria-skalar-3-justerbara-vinklar-brun\/"},"modified":"2026-03-12T08:50:22","modified_gmt":"2026-03-12T07:50:22","slug":"truusk-hojdjusterbar-hundskal-med-stativ-2-x-12-l-rostfria-skalar-3-justerbara-vinklar-brun","status":"publish","type":"product","link":"https:\/\/truusk.store\/sv\/produkt\/truusk-hojdjusterbar-hundskal-med-stativ-2-x-12-l-rostfria-skalar-3-justerbara-vinklar-brun\/","title":{"rendered":"TRUUSK H\u00f6jdjusterbar Hundsk\u00e5l Med Stativ &#8211; 2 x 1,2 L Rostfria Sk\u00e5lar &#8211; 3 Justerbara Vinklar &#8211; Brun"},"content":{"rendered":"<p>Den h\u00f6jda hundsk\u00e5len fr\u00e5n [BRAND NAME] st\u00f6djer din hund fr\u00e5n livfulla valp\u00e5ldern till senior\u00e5ldern. Med justerbar h\u00f6jd och lutning st\u00f6djer hundmatsstationen en naturlig kroppsh\u00e5llning, g\u00f6r varje m\u00e5ltid l\u00e4tt och trevlig. \u00c4gare drar nytta av en ren matningsplats och avkopplande stunder n\u00e4r de tittar p\u00e5 sina djurs glada \u00e4tande. Varje m\u00e5ltid fr\u00e4mjar en h\u00e4lsosam, bekv\u00e4m upplevelse och f\u00f6rdjupar den n\u00e4ra relationen till din hund vid varje tugga.<\/p>\n<p>Beskrivning:<\/p>\n<ul>\n<li> Den h\u00f6jda designen fr\u00e4mjar en b\u00e4ttre h\u00e5llning och minskar belastningen p\u00e5 din hunds nacke<\/li>\n<li> Tre lutningsvinklar (0\u00b0\/7,5\u00b0\/15\u00b0) erbjuder individuell komfort f\u00f6r b\u00e4ttre matsm\u00e4ltning<\/li>\n<li> Fyra justerbara h\u00f6jder (13\/19,5\/25,5\/31,5 cm) anpassar sig perfekt till din v\u00e4xande hund<\/li>\n<li> Inneh\u00e5ller tv\u00e5 stora 1,2L rostfria sk\u00e5lar f\u00f6r mat och vatten<\/li>\n<li> Halkfria gummipads f\u00f6rhindrar att sk\u00e5larna glider och minskar \u00e4tljud<\/li>\n<li> Tillverkad med en stabil st\u00e5lram som garanterar stabilitet f\u00f6r entusiastiska \u00e4tare<\/li>\n<li> Montering kr\u00e4vs<\/li>\n<\/ul>\n<p> Tekniska specifikationer:<\/p>\n<ul>\n<li> F\u00e4rg: Svart+Brun<\/li>\n<li> Material: St\u00e5l, rostfritt st\u00e5l, flerskiktsplatta<\/li>\n<li> Totala dimensioner: 48L x 26B x 36,5H cm<\/li>\n<li> Plattstorlek: 43,5L x 25,5B cm<\/li>\n<li> Sk\u00e5lstorlek: \u00d820 x 6H cm<\/li>\n<li> Sk\u00e5lvolumen: 1,2 L<\/li>\n<li> Justerbar bordsh\u00f6jd: 13 cm, 19,5 cm, 25,5 cm, 31,5 cm<\/li>\n<li> Justerbar bordvinkel: 0\u00b0, 7,5\u00b0, 15\u00b0<\/li>\n<\/ul>\n<p>Leveransinneh\u00e5ll:<\/p>\n<ul>\n<li> 1 x H\u00f6jd st\u00e4llning<\/li>\n<li> 2 x Rostfria hundsk\u00e5lar<\/li>\n<li> 1 x Bruksanvisning<\/li>\n<\/ul>\n","protected":false},"excerpt":{"rendered":"<p>Den h\u00f6jda hundsk\u00e5len fr\u00e5n [BRAND NAME] st\u00f6djer din hund fr\u00e5n livfulla valp\u00e5ldern till senior\u00e5ldern. Med justerbar h\u00f6jd och lutning st\u00f6djer&#8230;<\/p>\n","protected":false},"featured_media":98836,"template":"","meta":[],"product_brand":[],"product_cat":[895,574,580],"product_tag":[],"class_list":{"0":"post-98846","1":"product","2":"type-product","3":"status-publish","4":"has-post-thumbnail","6":"product_cat-djurutrustning","7":"product_cat-hundtillbehor","8":"product_cat-matskalar","10":"first","11":"instock","12":"sale","13":"taxable","14":"shipping-taxable","15":"purchasable","16":"product-type-simple"},"yoast_head":"<!-- This site is optimized with the Yoast SEO plugin v25.4 - https:\/\/yoast.com\/wordpress\/plugins\/seo\/ -->\n<title>TRUUSK H\u00f6jdjusterbar Hundsk\u00e5l Med Stativ - 2 x 1,2 L Rostfria Sk\u00e5lar - 3 Justerbara Vinklar - Brun - TRUUSK - Hem, Tr\u00e4dg\u00e5rd &amp; Fritid<\/title>\n<meta name=\"robots\" content=\"index, follow, max-snippet:-1, max-image-preview:large, max-video-preview:-1\" \/>\n<link rel=\"canonical\" href=\"https:\/\/truusk.store\/sv\/produkt\/truusk-hojdjusterbar-hundskal-med-stativ-2-x-12-l-rostfria-skalar-3-justerbara-vinklar-brun\/\" \/>\n<meta property=\"og:locale\" content=\"sv_SE\" \/>\n<meta property=\"og:type\" content=\"article\" \/>\n<meta property=\"og:title\" content=\"TRUUSK H\u00f6jdjusterbar Hundsk\u00e5l Med Stativ - 2 x 1,2 L Rostfria Sk\u00e5lar - 3 Justerbara Vinklar - Brun - TRUUSK - Hem, Tr\u00e4dg\u00e5rd &amp; Fritid\" \/>\n<meta property=\"og:description\" content=\"Den h\u00f6jda hundsk\u00e5len fr\u00e5n [BRAND NAME] st\u00f6djer din hund fr\u00e5n livfulla valp\u00e5ldern till senior\u00e5ldern. Med justerbar h\u00f6jd och lutning st\u00f6djer...\" \/>\n<meta property=\"og:url\" content=\"https:\/\/truusk.store\/sv\/produkt\/truusk-hojdjusterbar-hundskal-med-stativ-2-x-12-l-rostfria-skalar-3-justerbara-vinklar-brun\/\" \/>\n<meta property=\"og:site_name\" content=\"TRUUSK - Hem, Tr\u00e4dg\u00e5rd &amp; Fritid\" \/>\n<meta property=\"article:modified_time\" content=\"2026-03-12T07:50:22+00:00\" \/>\n<meta property=\"og:image\" content=\"https:\/\/i0.wp.com\/truusk.se\/wp-content\/uploads\/2026\/01\/hojdjusterbar-hundskal-med-stativ-2-x-12-l-rostfria-skalar-3-justerbara-vinklar-brun-1.webp?fit=2000%2C2000&ssl=1\" \/>\n\t<meta property=\"og:image:width\" content=\"2000\" \/>\n\t<meta property=\"og:image:height\" content=\"2000\" \/>\n\t<meta property=\"og:image:type\" content=\"image\/webp\" \/>\n<meta name=\"twitter:card\" content=\"summary_large_image\" \/>\n<meta name=\"twitter:label1\" content=\"Ber\u00e4knad l\u00e4stid\" \/>\n\t<meta name=\"twitter:data1\" content=\"1 minut\" \/>\n<!-- \/ Yoast SEO plugin. -->","yoast_head_json":{"title":"TRUUSK H\u00f6jdjusterbar Hundsk\u00e5l Med Stativ - 2 x 1,2 L Rostfria Sk\u00e5lar - 3 Justerbara Vinklar - Brun - TRUUSK - Hem, Tr\u00e4dg\u00e5rd &amp; Fritid","robots":{"index":"index","follow":"follow","max-snippet":"max-snippet:-1","max-image-preview":"max-image-preview:large","max-video-preview":"max-video-preview:-1"},"canonical":"https:\/\/truusk.store\/sv\/produkt\/truusk-hojdjusterbar-hundskal-med-stativ-2-x-12-l-rostfria-skalar-3-justerbara-vinklar-brun\/","og_locale":"sv_SE","og_type":"article","og_title":"TRUUSK H\u00f6jdjusterbar Hundsk\u00e5l Med Stativ - 2 x 1,2 L Rostfria Sk\u00e5lar - 3 Justerbara Vinklar - Brun - TRUUSK - Hem, Tr\u00e4dg\u00e5rd &amp; Fritid","og_description":"Den h\u00f6jda hundsk\u00e5len fr\u00e5n [BRAND NAME] st\u00f6djer din hund fr\u00e5n livfulla valp\u00e5ldern till senior\u00e5ldern. Med justerbar h\u00f6jd och lutning st\u00f6djer...","og_url":"https:\/\/truusk.store\/sv\/produkt\/truusk-hojdjusterbar-hundskal-med-stativ-2-x-12-l-rostfria-skalar-3-justerbara-vinklar-brun\/","og_site_name":"TRUUSK - Hem, Tr\u00e4dg\u00e5rd &amp; Fritid","article_modified_time":"2026-03-12T07:50:22+00:00","og_image":[{"width":2000,"height":2000,"url":"https:\/\/i0.wp.com\/truusk.se\/wp-content\/uploads\/2026\/01\/hojdjusterbar-hundskal-med-stativ-2-x-12-l-rostfria-skalar-3-justerbara-vinklar-brun-1.webp?fit=2000%2C2000&ssl=1","type":"image\/webp"}],"twitter_card":"summary_large_image","twitter_misc":{"Ber\u00e4knad l\u00e4stid":"1 minut"},"schema":{"@context":"https:\/\/schema.org","@graph":[{"@type":"WebPage","@id":"https:\/\/truusk.store\/sv\/produkt\/truusk-hojdjusterbar-hundskal-med-stativ-2-x-12-l-rostfria-skalar-3-justerbara-vinklar-brun\/","url":"https:\/\/truusk.store\/sv\/produkt\/truusk-hojdjusterbar-hundskal-med-stativ-2-x-12-l-rostfria-skalar-3-justerbara-vinklar-brun\/","name":"TRUUSK H\u00f6jdjusterbar Hundsk\u00e5l Med Stativ - 2 x 1,2 L Rostfria Sk\u00e5lar - 3 Justerbara Vinklar - Brun - TRUUSK - Hem, Tr\u00e4dg\u00e5rd &amp; Fritid","isPartOf":{"@id":"https:\/\/truusk.store\/sv\/#website"},"primaryImageOfPage":{"@id":"https:\/\/truusk.store\/sv\/produkt\/truusk-hojdjusterbar-hundskal-med-stativ-2-x-12-l-rostfria-skalar-3-justerbara-vinklar-brun\/#primaryimage"},"image":{"@id":"https:\/\/truusk.store\/sv\/produkt\/truusk-hojdjusterbar-hundskal-med-stativ-2-x-12-l-rostfria-skalar-3-justerbara-vinklar-brun\/#primaryimage"},"thumbnailUrl":"https:\/\/i0.wp.com\/truusk.store\/wp-content\/uploads\/2026\/01\/hojdjusterbar-hundskal-med-stativ-2-x-12-l-rostfria-skalar-3-justerbara-vinklar-brun-1.webp?fit=2000%2C2000&ssl=1","datePublished":"2026-01-06T12:28:59+00:00","dateModified":"2026-03-12T07:50:22+00:00","breadcrumb":{"@id":"https:\/\/truusk.store\/sv\/produkt\/truusk-hojdjusterbar-hundskal-med-stativ-2-x-12-l-rostfria-skalar-3-justerbara-vinklar-brun\/#breadcrumb"},"inLanguage":"sv-SE","potentialAction":[{"@type":"ReadAction","target":["https:\/\/truusk.store\/sv\/produkt\/truusk-hojdjusterbar-hundskal-med-stativ-2-x-12-l-rostfria-skalar-3-justerbara-vinklar-brun\/"]}]},{"@type":"ImageObject","inLanguage":"sv-SE","@id":"https:\/\/truusk.store\/sv\/produkt\/truusk-hojdjusterbar-hundskal-med-stativ-2-x-12-l-rostfria-skalar-3-justerbara-vinklar-brun\/#primaryimage","url":"https:\/\/i0.wp.com\/truusk.store\/wp-content\/uploads\/2026\/01\/hojdjusterbar-hundskal-med-stativ-2-x-12-l-rostfria-skalar-3-justerbara-vinklar-brun-1.webp?fit=2000%2C2000&ssl=1","contentUrl":"https:\/\/i0.wp.com\/truusk.store\/wp-content\/uploads\/2026\/01\/hojdjusterbar-hundskal-med-stativ-2-x-12-l-rostfria-skalar-3-justerbara-vinklar-brun-1.webp?fit=2000%2C2000&ssl=1","width":2000,"height":2000},{"@type":"BreadcrumbList","@id":"https:\/\/truusk.store\/sv\/produkt\/truusk-hojdjusterbar-hundskal-med-stativ-2-x-12-l-rostfria-skalar-3-justerbara-vinklar-brun\/#breadcrumb","itemListElement":[{"@type":"ListItem","position":1,"name":"Home","item":"https:\/\/truusk.store\/sv\/"},{"@type":"ListItem","position":2,"name":"Shop","item":"https:\/\/truusk.store\/shop\/"},{"@type":"ListItem","position":3,"name":"TRUUSK H\u00f6jdjusterbar Hundsk\u00e5l Med Stativ &#8211; 2 x 1,2 L Rostfria Sk\u00e5lar &#8211; 3 Justerbara Vinklar &#8211; Brun"}]},{"@type":"WebSite","@id":"https:\/\/truusk.store\/sv\/#website","url":"https:\/\/truusk.store\/sv\/","name":"TRUUSK - Hem, Tr\u00e4dg\u00e5rd & Fritid","description":"","publisher":{"@id":"https:\/\/truusk.store\/sv\/#organization"},"potentialAction":[{"@type":"SearchAction","target":{"@type":"EntryPoint","urlTemplate":"https:\/\/truusk.store\/sv\/?s={search_term_string}"},"query-input":{"@type":"PropertyValueSpecification","valueRequired":true,"valueName":"search_term_string"}}],"inLanguage":"sv-SE"},{"@type":"Organization","@id":"https:\/\/truusk.store\/sv\/#organization","name":"TRUUSK - Hem, Tr\u00e4dg\u00e5rd & Fritid","url":"https:\/\/truusk.store\/sv\/","logo":{"@type":"ImageObject","inLanguage":"sv-SE","@id":"https:\/\/truusk.store\/sv\/#\/schema\/logo\/image\/","url":"https:\/\/i0.wp.com\/truusk.store\/wp-content\/uploads\/2026\/03\/cropped-TRUUSK.png?fit=2032%2C917&ssl=1","contentUrl":"https:\/\/i0.wp.com\/truusk.store\/wp-content\/uploads\/2026\/03\/cropped-TRUUSK.png?fit=2032%2C917&ssl=1","width":2032,"height":917,"caption":"TRUUSK - Hem, Tr\u00e4dg\u00e5rd & Fritid"},"image":{"@id":"https:\/\/truusk.store\/sv\/#\/schema\/logo\/image\/"}}]}},"jetpack_sharing_enabled":true,"_links":{"self":[{"href":"https:\/\/truusk.store\/sv\/wp-json\/wp\/v2\/product\/98846","targetHints":{"allow":["GET"]}}],"collection":[{"href":"https:\/\/truusk.store\/sv\/wp-json\/wp\/v2\/product"}],"about":[{"href":"https:\/\/truusk.store\/sv\/wp-json\/wp\/v2\/types\/product"}],"wp:featuredmedia":[{"embeddable":true,"href":"https:\/\/truusk.store\/sv\/wp-json\/wp\/v2\/media\/98836"}],"wp:attachment":[{"href":"https:\/\/truusk.store\/sv\/wp-json\/wp\/v2\/media?parent=98846"}],"wp:term":[{"taxonomy":"product_brand","embeddable":true,"href":"https:\/\/truusk.store\/sv\/wp-json\/wp\/v2\/product_brand?post=98846"},{"taxonomy":"product_cat","embeddable":true,"href":"https:\/\/truusk.store\/sv\/wp-json\/wp\/v2\/product_cat?post=98846"},{"taxonomy":"product_tag","embeddable":true,"href":"https:\/\/truusk.store\/sv\/wp-json\/wp\/v2\/product_tag?post=98846"}],"curies":[{"name":"wp","href":"https:\/\/api.w.org\/{rel}","templated":true}]}}