{"id":98855,"date":"2026-01-06T13:29:55","date_gmt":"2026-01-06T12:29:55","guid":{"rendered":"https:\/\/truusk.store\/product\/fristaende-husdjursgrind-hundgrind-med-dorr-4-paneler-for-hall-trappa-dorrkarm-mdf-stal\/"},"modified":"2026-03-12T08:50:22","modified_gmt":"2026-03-12T07:50:22","slug":"truusk-frigaende-husdjursgrind-hundgrind-med-dorr-for-hall-trappa-mdf-stal","status":"publish","type":"product","link":"https:\/\/truusk.store\/sv\/produkt\/truusk-frigaende-husdjursgrind-hundgrind-med-dorr-for-hall-trappa-mdf-stal\/","title":{"rendered":"TRUUSK Frig\u00e5ende Husdjursgrind &#8211; Hundgrind med D\u00f6rr &#8211; F\u00f6r Hall, Trappa &#8211; MDF, St\u00e5l"},"content":{"rendered":"<p>Tr\u00f6tt p\u00e5 att st\u00e4ndigt beh\u00f6va g\u00e5 runt eller flytta p\u00e5 ditt husdjursst\u00e4ngsel? Det frist\u00e5ende [BRAND NAME] hundst\u00e4ngslet ger dig din frihet tillbaka. Tack vare dess flexibla, hopf\u00e4llbara design passar det i varje passage, och med den inbyggda d\u00f6rren kan du enkelt g\u00e5 igenom. Detta hundst\u00e4ngsel underl\u00e4ttar rummets anv\u00e4ndning och samspelet med din valp och sm\u00e5 hundar.<\/p>\n<p>Beskrivning:<\/p>\n<ul>\n<li> Det frist\u00e5ende designen av hundst\u00e4ngslet kr\u00e4ver ingen borrning och skyddar dina v\u00e4ggar fr\u00e5n skador<\/li>\n<li> F\u00e4lls ihop \u00e5t b\u00e5da h\u00e5llen f\u00f6r att passa in i alla rum och kan f\u00e4llas ihop f\u00f6r enkel f\u00f6rvaring<\/li>\n<li> En praktisk genomg\u00e5ngsd\u00f6rr g\u00f6r det l\u00e4tt att passera utan att beh\u00f6va flytta grinden<\/li>\n<li> Breda st\u00f6dben med halkfria kuddar ger stabilitet<\/li>\n<li> L\u00e4mplig h\u00f6jd och stavavst\u00e5nd h\u00e5ller sm\u00e5 till medelstora hundar s\u00e4kra<\/li>\n<li> Modern design av hundgrinden kompletterar elegant din heminredning<\/li>\n<li> Tillverkad av robusta och l\u00e4tta att reng\u00f6ra material f\u00f6r enkel underh\u00e5ll<\/li>\n<li> Montering kr\u00e4vs<\/li>\n<\/ul>\n<p> Tekniska data:<\/p>\n<ul>\n<li> F\u00e4rg: Ek+Svart<\/li>\n<li> Material: Sp\u00e5nskiva, MDF, St\u00e5l<\/li>\n<li> Totala dimensioner: 205B x 30,5T x 70H cm<\/li>\n<li> Enskild panelstorlek: 50,8B x 1,8T x 70H cm<\/li>\n<li> D\u00f6rrstorlek: 40B x 61,5H cm<\/li>\n<li> St\u00f6dbensstorlek: 30,5L x 9B x 2,5T cm<\/li>\n<li> Hopf\u00e4lld storlek: 50,8B x 9T x 70H cm<\/li>\n<\/ul>\n<p>Leveransinneh\u00e5ll:<\/p>\n<ul>\n<li> 1 x frist\u00e5ende husdjursgrind<\/li>\n<li> 1 x bruksanvisning<\/li>\n<\/ul>\n","protected":false},"excerpt":{"rendered":"<p>Tr\u00f6tt p\u00e5 att st\u00e4ndigt beh\u00f6va g\u00e5 runt eller flytta p\u00e5 ditt husdjursst\u00e4ngsel? Det frist\u00e5ende [BRAND NAME] hundst\u00e4ngslet ger dig din&#8230;<\/p>\n","protected":false},"featured_media":98845,"template":"","meta":[],"product_brand":[],"product_cat":[947,948,574],"product_tag":[],"class_list":{"0":"post-98855","1":"product","2":"type-product","3":"status-publish","4":"has-post-thumbnail","6":"product_cat-djurtillbehor","7":"product_cat-hundgaller-skiljevaggar","8":"product_cat-hundtillbehor","10":"first","11":"instock","12":"sale","13":"taxable","14":"shipping-taxable","15":"purchasable","16":"product-type-simple"},"yoast_head":"<!-- This site is optimized with the Yoast SEO plugin v25.4 - https:\/\/yoast.com\/wordpress\/plugins\/seo\/ -->\n<title>TRUUSK Frig\u00e5ende Husdjursgrind - Hundgrind med D\u00f6rr - F\u00f6r Hall, Trappa - MDF, St\u00e5l - TRUUSK - Hem, Tr\u00e4dg\u00e5rd &amp; Fritid<\/title>\n<meta name=\"robots\" content=\"index, follow, max-snippet:-1, max-image-preview:large, max-video-preview:-1\" \/>\n<link rel=\"canonical\" href=\"https:\/\/truusk.store\/sv\/produkt\/truusk-frigaende-husdjursgrind-hundgrind-med-dorr-for-hall-trappa-mdf-stal\/\" \/>\n<meta property=\"og:locale\" content=\"sv_SE\" \/>\n<meta property=\"og:type\" content=\"article\" \/>\n<meta property=\"og:title\" content=\"TRUUSK Frig\u00e5ende Husdjursgrind - Hundgrind med D\u00f6rr - F\u00f6r Hall, Trappa - MDF, St\u00e5l - TRUUSK - Hem, Tr\u00e4dg\u00e5rd &amp; Fritid\" \/>\n<meta property=\"og:description\" content=\"Tr\u00f6tt p\u00e5 att st\u00e4ndigt beh\u00f6va g\u00e5 runt eller flytta p\u00e5 ditt husdjursst\u00e4ngsel? Det frist\u00e5ende [BRAND NAME] hundst\u00e4ngslet ger dig din...\" \/>\n<meta property=\"og:url\" content=\"https:\/\/truusk.store\/sv\/produkt\/truusk-frigaende-husdjursgrind-hundgrind-med-dorr-for-hall-trappa-mdf-stal\/\" \/>\n<meta property=\"og:site_name\" content=\"TRUUSK - Hem, Tr\u00e4dg\u00e5rd &amp; Fritid\" \/>\n<meta property=\"article:modified_time\" content=\"2026-03-12T07:50:22+00:00\" \/>\n<meta property=\"og:image\" content=\"https:\/\/i0.wp.com\/truusk.se\/wp-content\/uploads\/2026\/01\/fristaende-husdjursgrind-hundgrind-med-dorr-4-paneler-for-hall-trappa-dorrkarm-mdf-stal-1.webp?fit=2000%2C2000&ssl=1\" \/>\n\t<meta property=\"og:image:width\" content=\"2000\" \/>\n\t<meta property=\"og:image:height\" content=\"2000\" \/>\n\t<meta property=\"og:image:type\" content=\"image\/webp\" \/>\n<meta name=\"twitter:card\" content=\"summary_large_image\" \/>\n<meta name=\"twitter:label1\" content=\"Ber\u00e4knad l\u00e4stid\" \/>\n\t<meta name=\"twitter:data1\" content=\"1 minut\" \/>\n<!-- \/ Yoast SEO plugin. -->","yoast_head_json":{"title":"TRUUSK Frig\u00e5ende Husdjursgrind - Hundgrind med D\u00f6rr - F\u00f6r Hall, Trappa - MDF, St\u00e5l - TRUUSK - Hem, Tr\u00e4dg\u00e5rd &amp; Fritid","robots":{"index":"index","follow":"follow","max-snippet":"max-snippet:-1","max-image-preview":"max-image-preview:large","max-video-preview":"max-video-preview:-1"},"canonical":"https:\/\/truusk.store\/sv\/produkt\/truusk-frigaende-husdjursgrind-hundgrind-med-dorr-for-hall-trappa-mdf-stal\/","og_locale":"sv_SE","og_type":"article","og_title":"TRUUSK Frig\u00e5ende Husdjursgrind - Hundgrind med D\u00f6rr - F\u00f6r Hall, Trappa - MDF, St\u00e5l - TRUUSK - Hem, Tr\u00e4dg\u00e5rd &amp; Fritid","og_description":"Tr\u00f6tt p\u00e5 att st\u00e4ndigt beh\u00f6va g\u00e5 runt eller flytta p\u00e5 ditt husdjursst\u00e4ngsel? Det frist\u00e5ende [BRAND NAME] hundst\u00e4ngslet ger dig din...","og_url":"https:\/\/truusk.store\/sv\/produkt\/truusk-frigaende-husdjursgrind-hundgrind-med-dorr-for-hall-trappa-mdf-stal\/","og_site_name":"TRUUSK - Hem, Tr\u00e4dg\u00e5rd &amp; Fritid","article_modified_time":"2026-03-12T07:50:22+00:00","og_image":[{"width":2000,"height":2000,"url":"https:\/\/i0.wp.com\/truusk.se\/wp-content\/uploads\/2026\/01\/fristaende-husdjursgrind-hundgrind-med-dorr-4-paneler-for-hall-trappa-dorrkarm-mdf-stal-1.webp?fit=2000%2C2000&ssl=1","type":"image\/webp"}],"twitter_card":"summary_large_image","twitter_misc":{"Ber\u00e4knad l\u00e4stid":"1 minut"},"schema":{"@context":"https:\/\/schema.org","@graph":[{"@type":"WebPage","@id":"https:\/\/truusk.store\/sv\/produkt\/truusk-frigaende-husdjursgrind-hundgrind-med-dorr-for-hall-trappa-mdf-stal\/","url":"https:\/\/truusk.store\/sv\/produkt\/truusk-frigaende-husdjursgrind-hundgrind-med-dorr-for-hall-trappa-mdf-stal\/","name":"TRUUSK Frig\u00e5ende Husdjursgrind - Hundgrind med D\u00f6rr - F\u00f6r Hall, Trappa - MDF, St\u00e5l - TRUUSK - Hem, Tr\u00e4dg\u00e5rd &amp; Fritid","isPartOf":{"@id":"https:\/\/truusk.store\/sv\/#website"},"primaryImageOfPage":{"@id":"https:\/\/truusk.store\/sv\/produkt\/truusk-frigaende-husdjursgrind-hundgrind-med-dorr-for-hall-trappa-mdf-stal\/#primaryimage"},"image":{"@id":"https:\/\/truusk.store\/sv\/produkt\/truusk-frigaende-husdjursgrind-hundgrind-med-dorr-for-hall-trappa-mdf-stal\/#primaryimage"},"thumbnailUrl":"https:\/\/i0.wp.com\/truusk.store\/wp-content\/uploads\/2026\/01\/fristaende-husdjursgrind-hundgrind-med-dorr-4-paneler-for-hall-trappa-dorrkarm-mdf-stal-1.webp?fit=2000%2C2000&ssl=1","datePublished":"2026-01-06T12:29:55+00:00","dateModified":"2026-03-12T07:50:22+00:00","breadcrumb":{"@id":"https:\/\/truusk.store\/sv\/produkt\/truusk-frigaende-husdjursgrind-hundgrind-med-dorr-for-hall-trappa-mdf-stal\/#breadcrumb"},"inLanguage":"sv-SE","potentialAction":[{"@type":"ReadAction","target":["https:\/\/truusk.store\/sv\/produkt\/truusk-frigaende-husdjursgrind-hundgrind-med-dorr-for-hall-trappa-mdf-stal\/"]}]},{"@type":"ImageObject","inLanguage":"sv-SE","@id":"https:\/\/truusk.store\/sv\/produkt\/truusk-frigaende-husdjursgrind-hundgrind-med-dorr-for-hall-trappa-mdf-stal\/#primaryimage","url":"https:\/\/i0.wp.com\/truusk.store\/wp-content\/uploads\/2026\/01\/fristaende-husdjursgrind-hundgrind-med-dorr-4-paneler-for-hall-trappa-dorrkarm-mdf-stal-1.webp?fit=2000%2C2000&ssl=1","contentUrl":"https:\/\/i0.wp.com\/truusk.store\/wp-content\/uploads\/2026\/01\/fristaende-husdjursgrind-hundgrind-med-dorr-4-paneler-for-hall-trappa-dorrkarm-mdf-stal-1.webp?fit=2000%2C2000&ssl=1","width":2000,"height":2000},{"@type":"BreadcrumbList","@id":"https:\/\/truusk.store\/sv\/produkt\/truusk-frigaende-husdjursgrind-hundgrind-med-dorr-for-hall-trappa-mdf-stal\/#breadcrumb","itemListElement":[{"@type":"ListItem","position":1,"name":"Home","item":"https:\/\/truusk.store\/sv\/"},{"@type":"ListItem","position":2,"name":"Shop","item":"https:\/\/truusk.store\/shop\/"},{"@type":"ListItem","position":3,"name":"TRUUSK Frig\u00e5ende Husdjursgrind &#8211; Hundgrind med D\u00f6rr &#8211; F\u00f6r Hall, Trappa &#8211; MDF, St\u00e5l"}]},{"@type":"WebSite","@id":"https:\/\/truusk.store\/sv\/#website","url":"https:\/\/truusk.store\/sv\/","name":"TRUUSK - Hem, Tr\u00e4dg\u00e5rd & Fritid","description":"","publisher":{"@id":"https:\/\/truusk.store\/sv\/#organization"},"potentialAction":[{"@type":"SearchAction","target":{"@type":"EntryPoint","urlTemplate":"https:\/\/truusk.store\/sv\/?s={search_term_string}"},"query-input":{"@type":"PropertyValueSpecification","valueRequired":true,"valueName":"search_term_string"}}],"inLanguage":"sv-SE"},{"@type":"Organization","@id":"https:\/\/truusk.store\/sv\/#organization","name":"TRUUSK - Hem, Tr\u00e4dg\u00e5rd & Fritid","url":"https:\/\/truusk.store\/sv\/","logo":{"@type":"ImageObject","inLanguage":"sv-SE","@id":"https:\/\/truusk.store\/sv\/#\/schema\/logo\/image\/","url":"https:\/\/i0.wp.com\/truusk.store\/wp-content\/uploads\/2026\/03\/cropped-TRUUSK.png?fit=2032%2C917&ssl=1","contentUrl":"https:\/\/i0.wp.com\/truusk.store\/wp-content\/uploads\/2026\/03\/cropped-TRUUSK.png?fit=2032%2C917&ssl=1","width":2032,"height":917,"caption":"TRUUSK - Hem, Tr\u00e4dg\u00e5rd & Fritid"},"image":{"@id":"https:\/\/truusk.store\/sv\/#\/schema\/logo\/image\/"}}]}},"jetpack_sharing_enabled":true,"_links":{"self":[{"href":"https:\/\/truusk.store\/sv\/wp-json\/wp\/v2\/product\/98855","targetHints":{"allow":["GET"]}}],"collection":[{"href":"https:\/\/truusk.store\/sv\/wp-json\/wp\/v2\/product"}],"about":[{"href":"https:\/\/truusk.store\/sv\/wp-json\/wp\/v2\/types\/product"}],"wp:featuredmedia":[{"embeddable":true,"href":"https:\/\/truusk.store\/sv\/wp-json\/wp\/v2\/media\/98845"}],"wp:attachment":[{"href":"https:\/\/truusk.store\/sv\/wp-json\/wp\/v2\/media?parent=98855"}],"wp:term":[{"taxonomy":"product_brand","embeddable":true,"href":"https:\/\/truusk.store\/sv\/wp-json\/wp\/v2\/product_brand?post=98855"},{"taxonomy":"product_cat","embeddable":true,"href":"https:\/\/truusk.store\/sv\/wp-json\/wp\/v2\/product_cat?post=98855"},{"taxonomy":"product_tag","embeddable":true,"href":"https:\/\/truusk.store\/sv\/wp-json\/wp\/v2\/product_tag?post=98855"}],"curies":[{"name":"wp","href":"https:\/\/api.w.org\/{rel}","templated":true}]}}