{"id":98880,"date":"2026-01-06T13:32:17","date_gmt":"2026-01-06T12:32:17","guid":{"rendered":"https:\/\/truusk.store\/product\/stor-honskoja-for-7-10-hons-sittstanger-gunga-fonster-varpreden-nattrad-gra\/"},"modified":"2026-03-12T08:50:25","modified_gmt":"2026-03-12T07:50:25","slug":"truusk-stor-honskoja-for-7-10-hons-sittstanger-gunga-fonster-varpreden-nattrad-gra","status":"publish","type":"product","link":"https:\/\/truusk.store\/sv\/produkt\/truusk-stor-honskoja-for-7-10-hons-sittstanger-gunga-fonster-varpreden-nattrad-gra\/","title":{"rendered":"TRUUSK Stor H\u00f6nskoja f\u00f6r 7-10 H\u00f6ns &#8211; Sittst\u00e4nger &#8211; Gunga &#8211; F\u00f6nster &#8211; V\u00e4rpreden &#8211; N\u00e4ttr\u00e5d &#8211; Gr\u00e5"},"content":{"rendered":"<p>S\u00f6ker du ett s\u00e4kert och v\u00e4lkomnande hem f\u00f6r dina h\u00f6ns? R\u00e4dslan f\u00f6r rovdjur och d\u00e5ligt v\u00e4der kan vara p\u00e5frestande. [BRAND NAME] h\u00f6nshus med frig\u00e5ende omr\u00e5de \u00e4r ett rymligt, v\u00e4derbest\u00e4ndigt tillflyktsort. Tillverkat av robust grantr\u00e4 och n\u00e4t, erbjuder detta sm\u00e5djurshus tillbeh\u00f6r som en gunga och pinnar som h\u00e5ller dina h\u00f6nor s\u00e4kra och glada.<\/p>\n<p>Beskrivning:<\/p>\n<ul>\n<li> Det stora sm\u00e5djurshuset rymmer 7\u201310 h\u00f6ns<\/li>\n<li> Inneh\u00e5ller en gunga och sittst\u00e4nger som underh\u00e5ller och h\u00e5ller dina h\u00f6ns stressfria<\/li>\n<li> Solidt grantr\u00e4 och ett vattent\u00e4tt tak ger skydd i alla v\u00e4der<\/li>\n<li> En utdragbar l\u00e5da i h\u00f6nshuset g\u00f6r daglig reng\u00f6ring enkel<\/li>\n<li> Har ett observationsf\u00f6nster f\u00f6r enkel visuell kontroll utan att st\u00f6ra dina h\u00f6ns<\/li>\n<li> Klara instruktioner m\u00f6jligg\u00f6r en snabb och enkel montering p\u00e5 cirka tv\u00e5 timmar<\/li>\n<li> Modern design med klassiska f\u00e4rger \u00f6kar den estetiska dragningskraften i din tr\u00e4dg\u00e5rd<\/li>\n<li> L\u00e4mplig f\u00f6r h\u00f6ns, kaniner och vuxna vaktlar<\/li>\n<\/ul>\n<p> Tekniska specifikationer:<\/p>\n<ul>\n<li> F\u00e4rg: Vit+Gr\u00e5+Svart<\/li>\n<li> Material: Grantr\u00e4, Plast<\/li>\n<li> Totala dimensioner: 283B x 133,5T x 112H cm<\/li>\n<li> Grundyta: 278B x 63T cm<\/li>\n<li> Inre dimensioner huvudbyggnad: 79B x 59T cm<\/li>\n<li> Huvudbyggnadens dimension: (utan tak\u00f6verh\u00e4ng) 83B x 63T x 89H cm<\/li>\n<li> D\u00f6rrstorlek huvudbyggnad: 51,5B x 45H cm<\/li>\n<li> Storlek observationsf\u00f6nster: 37B x 20H cm<\/li>\n<li> H\u00f6jd p\u00e5 huvudbyggnaden: (\u00f6ver marken) 12H cm<\/li>\n<li> Inre dimensioner \u00e4ggbox: (enskild box) 62,5B x 30T cm<\/li>\n<li> Dimensioner \u00e4ggbox: 64B x 31T x 34H cm (utan tak\u00f6verh\u00e4ng)<\/li>\n<li> Dimensioner uteg\u00e5rd: 195B x 63T x 73H cm<\/li>\n<li> Inre dimensioner uteg\u00e5rd: 193B x 59T cm<\/li>\n<li> D\u00f6rrstorlek uteg\u00e5rd: 57,5B x 63,5H cm<\/li>\n<li> Rampstorlek: 39L x 20B cm<\/li>\n<li> Brickstorlek: 58,5L x 80,5B cm<\/li>\n<li> L\u00e4mpligt antal h\u00f6ns: 7-10<\/li>\n<\/ul>\n<p>Leverans inneh\u00e5ller:<\/p>\n<ul>\n<li> 1 x H\u00f6nshus<\/li>\n<li> 1 x Bruksanvisning<\/li>\n<\/ul>\n","protected":false},"excerpt":{"rendered":"<p>S\u00f6ker du ett s\u00e4kert och v\u00e4lkomnande hem f\u00f6r dina h\u00f6ns? R\u00e4dslan f\u00f6r rovdjur och d\u00e5ligt v\u00e4der kan vara p\u00e5frestande. [BRAND&#8230;<\/p>\n","protected":false},"featured_media":98866,"template":"","meta":[],"product_brand":[],"product_cat":[878,601,602],"product_tag":[],"class_list":{"0":"post-98880","1":"product","2":"type-product","3":"status-publish","4":"has-post-thumbnail","6":"product_cat-djurbehov","7":"product_cat-fageltillbehor","8":"product_cat-honshus","10":"first","11":"instock","12":"sale","13":"taxable","14":"shipping-taxable","15":"purchasable","16":"product-type-simple"},"yoast_head":"<!-- This site is optimized with the Yoast SEO plugin v25.4 - https:\/\/yoast.com\/wordpress\/plugins\/seo\/ -->\n<title>TRUUSK Stor H\u00f6nskoja f\u00f6r 7-10 H\u00f6ns - Sittst\u00e4nger - Gunga - F\u00f6nster - V\u00e4rpreden - N\u00e4ttr\u00e5d - Gr\u00e5 - TRUUSK - Hem, Tr\u00e4dg\u00e5rd &amp; Fritid<\/title>\n<meta name=\"robots\" content=\"index, follow, max-snippet:-1, max-image-preview:large, max-video-preview:-1\" \/>\n<link rel=\"canonical\" href=\"https:\/\/truusk.store\/sv\/produkt\/truusk-stor-honskoja-for-7-10-hons-sittstanger-gunga-fonster-varpreden-nattrad-gra\/\" \/>\n<meta property=\"og:locale\" content=\"sv_SE\" \/>\n<meta property=\"og:type\" content=\"article\" \/>\n<meta property=\"og:title\" content=\"TRUUSK Stor H\u00f6nskoja f\u00f6r 7-10 H\u00f6ns - Sittst\u00e4nger - Gunga - F\u00f6nster - V\u00e4rpreden - N\u00e4ttr\u00e5d - Gr\u00e5 - TRUUSK - Hem, Tr\u00e4dg\u00e5rd &amp; Fritid\" \/>\n<meta property=\"og:description\" content=\"S\u00f6ker du ett s\u00e4kert och v\u00e4lkomnande hem f\u00f6r dina h\u00f6ns? R\u00e4dslan f\u00f6r rovdjur och d\u00e5ligt v\u00e4der kan vara p\u00e5frestande. [BRAND...\" \/>\n<meta property=\"og:url\" content=\"https:\/\/truusk.store\/sv\/produkt\/truusk-stor-honskoja-for-7-10-hons-sittstanger-gunga-fonster-varpreden-nattrad-gra\/\" \/>\n<meta property=\"og:site_name\" content=\"TRUUSK - Hem, Tr\u00e4dg\u00e5rd &amp; Fritid\" \/>\n<meta property=\"article:modified_time\" content=\"2026-03-12T07:50:25+00:00\" \/>\n<meta property=\"og:image\" content=\"https:\/\/i0.wp.com\/truusk.se\/wp-content\/uploads\/2026\/01\/stor-honskoja-for-7-10-hons-sittstanger-gunga-fonster-varpreden-nattrad-gra-1.webp?fit=2000%2C2000&ssl=1\" \/>\n\t<meta property=\"og:image:width\" content=\"2000\" \/>\n\t<meta property=\"og:image:height\" content=\"2000\" \/>\n\t<meta property=\"og:image:type\" content=\"image\/webp\" \/>\n<meta name=\"twitter:card\" content=\"summary_large_image\" \/>\n<meta name=\"twitter:label1\" content=\"Ber\u00e4knad l\u00e4stid\" \/>\n\t<meta name=\"twitter:data1\" content=\"2 minuter\" \/>\n<!-- \/ Yoast SEO plugin. -->","yoast_head_json":{"title":"TRUUSK Stor H\u00f6nskoja f\u00f6r 7-10 H\u00f6ns - Sittst\u00e4nger - Gunga - F\u00f6nster - V\u00e4rpreden - N\u00e4ttr\u00e5d - Gr\u00e5 - TRUUSK - Hem, Tr\u00e4dg\u00e5rd &amp; Fritid","robots":{"index":"index","follow":"follow","max-snippet":"max-snippet:-1","max-image-preview":"max-image-preview:large","max-video-preview":"max-video-preview:-1"},"canonical":"https:\/\/truusk.store\/sv\/produkt\/truusk-stor-honskoja-for-7-10-hons-sittstanger-gunga-fonster-varpreden-nattrad-gra\/","og_locale":"sv_SE","og_type":"article","og_title":"TRUUSK Stor H\u00f6nskoja f\u00f6r 7-10 H\u00f6ns - Sittst\u00e4nger - Gunga - F\u00f6nster - V\u00e4rpreden - N\u00e4ttr\u00e5d - Gr\u00e5 - TRUUSK - Hem, Tr\u00e4dg\u00e5rd &amp; Fritid","og_description":"S\u00f6ker du ett s\u00e4kert och v\u00e4lkomnande hem f\u00f6r dina h\u00f6ns? R\u00e4dslan f\u00f6r rovdjur och d\u00e5ligt v\u00e4der kan vara p\u00e5frestande. [BRAND...","og_url":"https:\/\/truusk.store\/sv\/produkt\/truusk-stor-honskoja-for-7-10-hons-sittstanger-gunga-fonster-varpreden-nattrad-gra\/","og_site_name":"TRUUSK - Hem, Tr\u00e4dg\u00e5rd &amp; Fritid","article_modified_time":"2026-03-12T07:50:25+00:00","og_image":[{"width":2000,"height":2000,"url":"https:\/\/i0.wp.com\/truusk.se\/wp-content\/uploads\/2026\/01\/stor-honskoja-for-7-10-hons-sittstanger-gunga-fonster-varpreden-nattrad-gra-1.webp?fit=2000%2C2000&ssl=1","type":"image\/webp"}],"twitter_card":"summary_large_image","twitter_misc":{"Ber\u00e4knad l\u00e4stid":"2 minuter"},"schema":{"@context":"https:\/\/schema.org","@graph":[{"@type":"WebPage","@id":"https:\/\/truusk.store\/sv\/produkt\/truusk-stor-honskoja-for-7-10-hons-sittstanger-gunga-fonster-varpreden-nattrad-gra\/","url":"https:\/\/truusk.store\/sv\/produkt\/truusk-stor-honskoja-for-7-10-hons-sittstanger-gunga-fonster-varpreden-nattrad-gra\/","name":"TRUUSK Stor H\u00f6nskoja f\u00f6r 7-10 H\u00f6ns - Sittst\u00e4nger - Gunga - F\u00f6nster - V\u00e4rpreden - N\u00e4ttr\u00e5d - Gr\u00e5 - TRUUSK - Hem, Tr\u00e4dg\u00e5rd &amp; Fritid","isPartOf":{"@id":"https:\/\/truusk.store\/sv\/#website"},"primaryImageOfPage":{"@id":"https:\/\/truusk.store\/sv\/produkt\/truusk-stor-honskoja-for-7-10-hons-sittstanger-gunga-fonster-varpreden-nattrad-gra\/#primaryimage"},"image":{"@id":"https:\/\/truusk.store\/sv\/produkt\/truusk-stor-honskoja-for-7-10-hons-sittstanger-gunga-fonster-varpreden-nattrad-gra\/#primaryimage"},"thumbnailUrl":"https:\/\/i0.wp.com\/truusk.store\/wp-content\/uploads\/2026\/01\/stor-honskoja-for-7-10-hons-sittstanger-gunga-fonster-varpreden-nattrad-gra-1.webp?fit=2000%2C2000&ssl=1","datePublished":"2026-01-06T12:32:17+00:00","dateModified":"2026-03-12T07:50:25+00:00","breadcrumb":{"@id":"https:\/\/truusk.store\/sv\/produkt\/truusk-stor-honskoja-for-7-10-hons-sittstanger-gunga-fonster-varpreden-nattrad-gra\/#breadcrumb"},"inLanguage":"sv-SE","potentialAction":[{"@type":"ReadAction","target":["https:\/\/truusk.store\/sv\/produkt\/truusk-stor-honskoja-for-7-10-hons-sittstanger-gunga-fonster-varpreden-nattrad-gra\/"]}]},{"@type":"ImageObject","inLanguage":"sv-SE","@id":"https:\/\/truusk.store\/sv\/produkt\/truusk-stor-honskoja-for-7-10-hons-sittstanger-gunga-fonster-varpreden-nattrad-gra\/#primaryimage","url":"https:\/\/i0.wp.com\/truusk.store\/wp-content\/uploads\/2026\/01\/stor-honskoja-for-7-10-hons-sittstanger-gunga-fonster-varpreden-nattrad-gra-1.webp?fit=2000%2C2000&ssl=1","contentUrl":"https:\/\/i0.wp.com\/truusk.store\/wp-content\/uploads\/2026\/01\/stor-honskoja-for-7-10-hons-sittstanger-gunga-fonster-varpreden-nattrad-gra-1.webp?fit=2000%2C2000&ssl=1","width":2000,"height":2000},{"@type":"BreadcrumbList","@id":"https:\/\/truusk.store\/sv\/produkt\/truusk-stor-honskoja-for-7-10-hons-sittstanger-gunga-fonster-varpreden-nattrad-gra\/#breadcrumb","itemListElement":[{"@type":"ListItem","position":1,"name":"Home","item":"https:\/\/truusk.store\/sv\/"},{"@type":"ListItem","position":2,"name":"Shop","item":"https:\/\/truusk.store\/shop\/"},{"@type":"ListItem","position":3,"name":"TRUUSK Stor H\u00f6nskoja f\u00f6r 7-10 H\u00f6ns &#8211; Sittst\u00e4nger &#8211; Gunga &#8211; F\u00f6nster &#8211; V\u00e4rpreden &#8211; N\u00e4ttr\u00e5d &#8211; Gr\u00e5"}]},{"@type":"WebSite","@id":"https:\/\/truusk.store\/sv\/#website","url":"https:\/\/truusk.store\/sv\/","name":"TRUUSK - Hem, Tr\u00e4dg\u00e5rd & Fritid","description":"","publisher":{"@id":"https:\/\/truusk.store\/sv\/#organization"},"potentialAction":[{"@type":"SearchAction","target":{"@type":"EntryPoint","urlTemplate":"https:\/\/truusk.store\/sv\/?s={search_term_string}"},"query-input":{"@type":"PropertyValueSpecification","valueRequired":true,"valueName":"search_term_string"}}],"inLanguage":"sv-SE"},{"@type":"Organization","@id":"https:\/\/truusk.store\/sv\/#organization","name":"TRUUSK - Hem, Tr\u00e4dg\u00e5rd & Fritid","url":"https:\/\/truusk.store\/sv\/","logo":{"@type":"ImageObject","inLanguage":"sv-SE","@id":"https:\/\/truusk.store\/sv\/#\/schema\/logo\/image\/","url":"https:\/\/i0.wp.com\/truusk.store\/wp-content\/uploads\/2026\/03\/cropped-TRUUSK.png?fit=2032%2C917&ssl=1","contentUrl":"https:\/\/i0.wp.com\/truusk.store\/wp-content\/uploads\/2026\/03\/cropped-TRUUSK.png?fit=2032%2C917&ssl=1","width":2032,"height":917,"caption":"TRUUSK - Hem, Tr\u00e4dg\u00e5rd & Fritid"},"image":{"@id":"https:\/\/truusk.store\/sv\/#\/schema\/logo\/image\/"}}]}},"jetpack_sharing_enabled":true,"_links":{"self":[{"href":"https:\/\/truusk.store\/sv\/wp-json\/wp\/v2\/product\/98880","targetHints":{"allow":["GET"]}}],"collection":[{"href":"https:\/\/truusk.store\/sv\/wp-json\/wp\/v2\/product"}],"about":[{"href":"https:\/\/truusk.store\/sv\/wp-json\/wp\/v2\/types\/product"}],"wp:featuredmedia":[{"embeddable":true,"href":"https:\/\/truusk.store\/sv\/wp-json\/wp\/v2\/media\/98866"}],"wp:attachment":[{"href":"https:\/\/truusk.store\/sv\/wp-json\/wp\/v2\/media?parent=98880"}],"wp:term":[{"taxonomy":"product_brand","embeddable":true,"href":"https:\/\/truusk.store\/sv\/wp-json\/wp\/v2\/product_brand?post=98880"},{"taxonomy":"product_cat","embeddable":true,"href":"https:\/\/truusk.store\/sv\/wp-json\/wp\/v2\/product_cat?post=98880"},{"taxonomy":"product_tag","embeddable":true,"href":"https:\/\/truusk.store\/sv\/wp-json\/wp\/v2\/product_tag?post=98880"}],"curies":[{"name":"wp","href":"https:\/\/api.w.org\/{rel}","templated":true}]}}