{"id":98885,"date":"2026-01-06T13:32:42","date_gmt":"2026-01-06T12:32:42","guid":{"rendered":"https:\/\/truusk.store\/product\/hundmatstation-med-2-rostfria-skalar-skap-for-redskap-for-stora-hundar-tillbehor-tra\/"},"modified":"2026-03-12T08:50:26","modified_gmt":"2026-03-12T07:50:26","slug":"truusk-hundmatstation-med-2-rostfria-skalar-skap-for-redskap-tillbehor-for-stora-hundar-tra","status":"publish","type":"product","link":"https:\/\/truusk.store\/sv\/produkt\/truusk-hundmatstation-med-2-rostfria-skalar-skap-for-redskap-tillbehor-for-stora-hundar-tra\/","title":{"rendered":"TRUUSK Hundmatstation med 2 Rostfria Sk\u00e5lar &#8211; Sk\u00e5p f\u00f6r Redskap &#8211; Tillbeh\u00f6r &#8211; F\u00f6r Stora Hundar &#8211; Tr\u00e4"},"content":{"rendered":"<p>Lider du av att din stora hund str\u00e4cker ut halsen n\u00e4r den \u00e4ter och att det ligger matp\u00e5sar \u00f6verallt? [BRAND NAME] matstation f\u00f6r hundar h\u00f6jer sk\u00e5larna till 35,5 cm, f\u00f6rb\u00e4ttrar \u00e4tst\u00e4llningen och skapar ordning med ett dolt fack. Tv\u00e5-liters rostfria sk\u00e5lar i hundmatsk\u00e5len garanterar en ren och ledv\u00e4nlig m\u00e5ltid.<\/p>\n<p>Beskrivning:<\/p>\n<ul>\n<li> H\u00f6jt design av matstationen minskar belastningen p\u00e5 nacke och leder f\u00f6r bekv\u00e4m \u00e4tning<\/li>\n<li> Har ett 40 L dolt sk\u00e5p f\u00f6r att f\u00f6rvara dina husdjursartiklar snyggt<\/li>\n<li> Inkluderar tv\u00e5 2 L rostfria sk\u00e5lar som \u00e4r robusta och hygieniska<\/li>\n<li> Levereras med en saktande matningsmatta f\u00f6r att f\u00f6rhindra kv\u00e4vning och kr\u00e4kningar<\/li>\n<li> Anti-slip ringar p\u00e5 hundsk\u00e5len h\u00e5ller sk\u00e5larna stabila och minskar ljudet under m\u00e5ltiderna<\/li>\n<li> Robust konstruktion med anti-slip pads skyddar golv fr\u00e5n repor<\/li>\n<li> L\u00e4mplig f\u00f6r stora hundar med en axelh\u00f6jd mellan 55-65 cm<\/li>\n<li> Montering kr\u00e4vs 1 person, 20 minuter<\/li>\n<\/ul>\n<p> Tekniska specifikationer:<\/p>\n<ul>\n<li> F\u00e4rg: Ek<\/li>\n<li> Material: Sp\u00e5nskiva, rostfritt st\u00e5l<\/li>\n<li> Totala dimensioner: 60B x 30T x 35,5H cm<\/li>\n<li> Sk\u00e5l storlek: \u00d823,5 x 7H cm<\/li>\n<li> Sk\u00e5lkapacitet: 2 L (varje)<\/li>\n<li> D\u00f6rrstorlek (varje): 28B x 26,5H cm<\/li>\n<li> F\u00f6rvaringsutrymme: 57B x 27T x 26,5H cm<\/li>\n<li> F\u00f6rvaringskapacitet: 40 L<\/li>\n<li> Maximal belastning: 15 kg (Ovanp\u00e5\/Inuti)<\/li>\n<\/ul>\n<p>Leverans inneh\u00e5ller:<\/p>\n<ul>\n<li> 1 x Hundmatningsstation<\/li>\n<li> 2 x Sk\u00e5lar<\/li>\n<li> 1 x Bruksanvisning<\/li>\n<\/ul>\n","protected":false},"excerpt":{"rendered":"<p>Lider du av att din stora hund str\u00e4cker ut halsen n\u00e4r den \u00e4ter och att det ligger matp\u00e5sar \u00f6verallt? [BRAND&#8230;<\/p>\n","protected":false},"featured_media":98871,"template":"","meta":[],"product_brand":[],"product_cat":[878,574,931],"product_tag":[],"class_list":{"0":"post-98885","1":"product","2":"type-product","3":"status-publish","4":"has-post-thumbnail","6":"product_cat-djurbehov","7":"product_cat-hundtillbehor","8":"product_cat-mat-och-vattenskalar","10":"first","11":"instock","12":"sale","13":"taxable","14":"shipping-taxable","15":"purchasable","16":"product-type-simple"},"yoast_head":"<!-- This site is optimized with the Yoast SEO plugin v25.4 - https:\/\/yoast.com\/wordpress\/plugins\/seo\/ -->\n<title>TRUUSK Hundmatstation med 2 Rostfria Sk\u00e5lar - Sk\u00e5p f\u00f6r Redskap - Tillbeh\u00f6r - F\u00f6r Stora Hundar - Tr\u00e4 - TRUUSK - Hem, Tr\u00e4dg\u00e5rd &amp; Fritid<\/title>\n<meta name=\"robots\" content=\"index, follow, max-snippet:-1, max-image-preview:large, max-video-preview:-1\" \/>\n<link rel=\"canonical\" href=\"https:\/\/truusk.store\/sv\/produkt\/truusk-hundmatstation-med-2-rostfria-skalar-skap-for-redskap-tillbehor-for-stora-hundar-tra\/\" \/>\n<meta property=\"og:locale\" content=\"sv_SE\" \/>\n<meta property=\"og:type\" content=\"article\" \/>\n<meta property=\"og:title\" content=\"TRUUSK Hundmatstation med 2 Rostfria Sk\u00e5lar - Sk\u00e5p f\u00f6r Redskap - Tillbeh\u00f6r - F\u00f6r Stora Hundar - Tr\u00e4 - TRUUSK - Hem, Tr\u00e4dg\u00e5rd &amp; Fritid\" \/>\n<meta property=\"og:description\" content=\"Lider du av att din stora hund str\u00e4cker ut halsen n\u00e4r den \u00e4ter och att det ligger matp\u00e5sar \u00f6verallt? [BRAND...\" \/>\n<meta property=\"og:url\" content=\"https:\/\/truusk.store\/sv\/produkt\/truusk-hundmatstation-med-2-rostfria-skalar-skap-for-redskap-tillbehor-for-stora-hundar-tra\/\" \/>\n<meta property=\"og:site_name\" content=\"TRUUSK - Hem, Tr\u00e4dg\u00e5rd &amp; Fritid\" \/>\n<meta property=\"article:modified_time\" content=\"2026-03-12T07:50:26+00:00\" \/>\n<meta property=\"og:image\" content=\"https:\/\/i0.wp.com\/truusk.se\/wp-content\/uploads\/2026\/01\/hundmatstation-med-2-rostfria-skalar-skap-for-redskap-for-stora-hundar-tillbehor-tra-1.webp?fit=2000%2C2000&ssl=1\" \/>\n\t<meta property=\"og:image:width\" content=\"2000\" \/>\n\t<meta property=\"og:image:height\" content=\"2000\" \/>\n\t<meta property=\"og:image:type\" content=\"image\/webp\" \/>\n<meta name=\"twitter:card\" content=\"summary_large_image\" \/>\n<meta name=\"twitter:label1\" content=\"Ber\u00e4knad l\u00e4stid\" \/>\n\t<meta name=\"twitter:data1\" content=\"1 minut\" \/>\n<!-- \/ Yoast SEO plugin. -->","yoast_head_json":{"title":"TRUUSK Hundmatstation med 2 Rostfria Sk\u00e5lar - Sk\u00e5p f\u00f6r Redskap - Tillbeh\u00f6r - F\u00f6r Stora Hundar - Tr\u00e4 - TRUUSK - Hem, Tr\u00e4dg\u00e5rd &amp; Fritid","robots":{"index":"index","follow":"follow","max-snippet":"max-snippet:-1","max-image-preview":"max-image-preview:large","max-video-preview":"max-video-preview:-1"},"canonical":"https:\/\/truusk.store\/sv\/produkt\/truusk-hundmatstation-med-2-rostfria-skalar-skap-for-redskap-tillbehor-for-stora-hundar-tra\/","og_locale":"sv_SE","og_type":"article","og_title":"TRUUSK Hundmatstation med 2 Rostfria Sk\u00e5lar - Sk\u00e5p f\u00f6r Redskap - Tillbeh\u00f6r - F\u00f6r Stora Hundar - Tr\u00e4 - TRUUSK - Hem, Tr\u00e4dg\u00e5rd &amp; Fritid","og_description":"Lider du av att din stora hund str\u00e4cker ut halsen n\u00e4r den \u00e4ter och att det ligger matp\u00e5sar \u00f6verallt? [BRAND...","og_url":"https:\/\/truusk.store\/sv\/produkt\/truusk-hundmatstation-med-2-rostfria-skalar-skap-for-redskap-tillbehor-for-stora-hundar-tra\/","og_site_name":"TRUUSK - Hem, Tr\u00e4dg\u00e5rd &amp; Fritid","article_modified_time":"2026-03-12T07:50:26+00:00","og_image":[{"width":2000,"height":2000,"url":"https:\/\/i0.wp.com\/truusk.se\/wp-content\/uploads\/2026\/01\/hundmatstation-med-2-rostfria-skalar-skap-for-redskap-for-stora-hundar-tillbehor-tra-1.webp?fit=2000%2C2000&ssl=1","type":"image\/webp"}],"twitter_card":"summary_large_image","twitter_misc":{"Ber\u00e4knad l\u00e4stid":"1 minut"},"schema":{"@context":"https:\/\/schema.org","@graph":[{"@type":"WebPage","@id":"https:\/\/truusk.store\/sv\/produkt\/truusk-hundmatstation-med-2-rostfria-skalar-skap-for-redskap-tillbehor-for-stora-hundar-tra\/","url":"https:\/\/truusk.store\/sv\/produkt\/truusk-hundmatstation-med-2-rostfria-skalar-skap-for-redskap-tillbehor-for-stora-hundar-tra\/","name":"TRUUSK Hundmatstation med 2 Rostfria Sk\u00e5lar - Sk\u00e5p f\u00f6r Redskap - Tillbeh\u00f6r - F\u00f6r Stora Hundar - Tr\u00e4 - TRUUSK - Hem, Tr\u00e4dg\u00e5rd &amp; Fritid","isPartOf":{"@id":"https:\/\/truusk.store\/sv\/#website"},"primaryImageOfPage":{"@id":"https:\/\/truusk.store\/sv\/produkt\/truusk-hundmatstation-med-2-rostfria-skalar-skap-for-redskap-tillbehor-for-stora-hundar-tra\/#primaryimage"},"image":{"@id":"https:\/\/truusk.store\/sv\/produkt\/truusk-hundmatstation-med-2-rostfria-skalar-skap-for-redskap-tillbehor-for-stora-hundar-tra\/#primaryimage"},"thumbnailUrl":"https:\/\/i0.wp.com\/truusk.store\/wp-content\/uploads\/2026\/01\/hundmatstation-med-2-rostfria-skalar-skap-for-redskap-for-stora-hundar-tillbehor-tra-1.webp?fit=2000%2C2000&ssl=1","datePublished":"2026-01-06T12:32:42+00:00","dateModified":"2026-03-12T07:50:26+00:00","breadcrumb":{"@id":"https:\/\/truusk.store\/sv\/produkt\/truusk-hundmatstation-med-2-rostfria-skalar-skap-for-redskap-tillbehor-for-stora-hundar-tra\/#breadcrumb"},"inLanguage":"sv-SE","potentialAction":[{"@type":"ReadAction","target":["https:\/\/truusk.store\/sv\/produkt\/truusk-hundmatstation-med-2-rostfria-skalar-skap-for-redskap-tillbehor-for-stora-hundar-tra\/"]}]},{"@type":"ImageObject","inLanguage":"sv-SE","@id":"https:\/\/truusk.store\/sv\/produkt\/truusk-hundmatstation-med-2-rostfria-skalar-skap-for-redskap-tillbehor-for-stora-hundar-tra\/#primaryimage","url":"https:\/\/i0.wp.com\/truusk.store\/wp-content\/uploads\/2026\/01\/hundmatstation-med-2-rostfria-skalar-skap-for-redskap-for-stora-hundar-tillbehor-tra-1.webp?fit=2000%2C2000&ssl=1","contentUrl":"https:\/\/i0.wp.com\/truusk.store\/wp-content\/uploads\/2026\/01\/hundmatstation-med-2-rostfria-skalar-skap-for-redskap-for-stora-hundar-tillbehor-tra-1.webp?fit=2000%2C2000&ssl=1","width":2000,"height":2000},{"@type":"BreadcrumbList","@id":"https:\/\/truusk.store\/sv\/produkt\/truusk-hundmatstation-med-2-rostfria-skalar-skap-for-redskap-tillbehor-for-stora-hundar-tra\/#breadcrumb","itemListElement":[{"@type":"ListItem","position":1,"name":"Home","item":"https:\/\/truusk.store\/sv\/"},{"@type":"ListItem","position":2,"name":"Shop","item":"https:\/\/truusk.store\/shop\/"},{"@type":"ListItem","position":3,"name":"TRUUSK Hundmatstation med 2 Rostfria Sk\u00e5lar &#8211; Sk\u00e5p f\u00f6r Redskap &#8211; Tillbeh\u00f6r &#8211; F\u00f6r Stora Hundar &#8211; Tr\u00e4"}]},{"@type":"WebSite","@id":"https:\/\/truusk.store\/sv\/#website","url":"https:\/\/truusk.store\/sv\/","name":"TRUUSK - Hem, Tr\u00e4dg\u00e5rd & Fritid","description":"","publisher":{"@id":"https:\/\/truusk.store\/sv\/#organization"},"potentialAction":[{"@type":"SearchAction","target":{"@type":"EntryPoint","urlTemplate":"https:\/\/truusk.store\/sv\/?s={search_term_string}"},"query-input":{"@type":"PropertyValueSpecification","valueRequired":true,"valueName":"search_term_string"}}],"inLanguage":"sv-SE"},{"@type":"Organization","@id":"https:\/\/truusk.store\/sv\/#organization","name":"TRUUSK - Hem, Tr\u00e4dg\u00e5rd & Fritid","url":"https:\/\/truusk.store\/sv\/","logo":{"@type":"ImageObject","inLanguage":"sv-SE","@id":"https:\/\/truusk.store\/sv\/#\/schema\/logo\/image\/","url":"https:\/\/i0.wp.com\/truusk.store\/wp-content\/uploads\/2026\/03\/cropped-TRUUSK.png?fit=2032%2C917&ssl=1","contentUrl":"https:\/\/i0.wp.com\/truusk.store\/wp-content\/uploads\/2026\/03\/cropped-TRUUSK.png?fit=2032%2C917&ssl=1","width":2032,"height":917,"caption":"TRUUSK - Hem, Tr\u00e4dg\u00e5rd & Fritid"},"image":{"@id":"https:\/\/truusk.store\/sv\/#\/schema\/logo\/image\/"}}]}},"jetpack_sharing_enabled":true,"_links":{"self":[{"href":"https:\/\/truusk.store\/sv\/wp-json\/wp\/v2\/product\/98885","targetHints":{"allow":["GET"]}}],"collection":[{"href":"https:\/\/truusk.store\/sv\/wp-json\/wp\/v2\/product"}],"about":[{"href":"https:\/\/truusk.store\/sv\/wp-json\/wp\/v2\/types\/product"}],"wp:featuredmedia":[{"embeddable":true,"href":"https:\/\/truusk.store\/sv\/wp-json\/wp\/v2\/media\/98871"}],"wp:attachment":[{"href":"https:\/\/truusk.store\/sv\/wp-json\/wp\/v2\/media?parent=98885"}],"wp:term":[{"taxonomy":"product_brand","embeddable":true,"href":"https:\/\/truusk.store\/sv\/wp-json\/wp\/v2\/product_brand?post=98885"},{"taxonomy":"product_cat","embeddable":true,"href":"https:\/\/truusk.store\/sv\/wp-json\/wp\/v2\/product_cat?post=98885"},{"taxonomy":"product_tag","embeddable":true,"href":"https:\/\/truusk.store\/sv\/wp-json\/wp\/v2\/product_tag?post=98885"}],"curies":[{"name":"wp","href":"https:\/\/api.w.org\/{rel}","templated":true}]}}