{"id":98905,"date":"2026-01-06T13:34:51","date_gmt":"2026-01-06T12:34:51","guid":{"rendered":"https:\/\/truusk.store\/product\/flyttbar-kokso-utbyggbar-yta-skapdorrar-lador-handduksstall-koksvagn-av-mdf-vit\/"},"modified":"2026-03-12T08:50:37","modified_gmt":"2026-03-12T07:50:37","slug":"truusk-flyttbar-kokso-utbyggbar-yta-skapdorrar-lador-handduksstall-vit","status":"publish","type":"product","link":"https:\/\/truusk.store\/sv\/produkt\/truusk-flyttbar-kokso-utbyggbar-yta-skapdorrar-lador-handduksstall-vit\/","title":{"rendered":"TRUUSK Flyttbar K\u00f6ks\u00f6 &#8211; Utbyggbar Yta &#8211; Sk\u00e5pd\u00f6rrar &#8211; L\u00e5dor &#8211; Handduksst\u00e4ll &#8211; Vit"},"content":{"rendered":"<p>Slut med tr\u00e4ngsel och kaos i ditt k\u00f6k! [BRAND NAME] k\u00f6ks\u00f6 med utbyggbar arbetsyta och speciellt f\u00f6rvaringsutrymme f\u00f6r kastruller och stekpannor l\u00f6ser dina dagliga k\u00f6ksproblem. Rulla k\u00f6ksvagnen med arbetsb\u00e4nk dit du beh\u00f6ver den och f\u00f6rvandla ditt k\u00f6k till en organiserad, inbjudande matlagnings- och kommunikationscentral som \u00e5terf\u00f6r komfort och lugn till ditt hem.<\/p>\n<p>Beskrivning:<\/p>\n<ul>\n<li> Den utf\u00e4llbara plattan p\u00e5 k\u00f6ksvagnen ut\u00f6kar ytan fr\u00e5n 40 cm till 65 cm och ger extra utrymme f\u00f6r f\u00f6rberedelser<\/li>\n<li> Utrustad med tv\u00e5 l\u00e5dor, fyra d\u00f6rrfack och en handduksst\u00e5ng f\u00f6r organiserat f\u00f6rvaringsutrymme<\/li>\n<li> En 3-stegs justerbar hylla i k\u00f6kssk\u00e5pet med arbetsb\u00e4nk ger flexibilitet f\u00f6r kastruller och stekpannor<\/li>\n<li> Trestegs utdragbara hyllor p\u00e5 k\u00f6ks\u00f6n med arbetsb\u00e4nk ger enkel tillg\u00e5ng till dina snacks<\/li>\n<li> Fem hjul med tv\u00e5 bromsar m\u00f6jligg\u00f6r enkel r\u00f6relse och stabil placering<\/li>\n<li> Soft-Close-g\u00e5ngj\u00e4rn p\u00e5 k\u00f6kssk\u00e5pet med arbetsb\u00e4nk s\u00e4kerst\u00e4ller att d\u00f6rrarna st\u00e4ngs tyst och s\u00e4kert utan kl\u00e4mda fingrar<\/li>\n<li> FSC-certifierad MDF-ram med 18 mm tjock yta b\u00e4r upp till 112 kg<\/li>\n<li> Montering kr\u00e4vs<\/li>\n<\/ul>\n<p> Tekniska specifikationer:<\/p>\n<ul>\n<li> F\u00e4rg: Vit+Natur<\/li>\n<li> Material: MDF<\/li>\n<li> Totala dimensioner: 129L x 65B x 91H cm<\/li>\n<li> Storlek p\u00e5 bordsskiva: 120B x 40T cm (hopf\u00e4lld), 120B x 65T cm (utf\u00e4lld)<\/li>\n<li> Inre m\u00e5tt p\u00e5 l\u00e5dor: 36,1B x 28,7T x 8H cm<\/li>\n<li> Storlek p\u00e5 d\u00f6rrhylla: 35,5B x 10T x 13,8\/23,7H cm<\/li>\n<li> Inre m\u00e5tt p\u00e5 sk\u00e5p: 83,2B x 20T x 31\/31H cm<\/li>\n<li> Storlek p\u00e5 utdragbart fack: 23,8B x 28,8T x 23,6\/24,1\/22,2H cm<\/li>\n<li> Storlek p\u00e5 handduksh\u00e5llare: 30,5B x 11T x 9H cm<\/li>\n<li> Maximal belastning: 112 kg (totalt), 30 kg (Ovanp\u00e5), 15 kg (F\u00e4llbart topplock), 10 kg (L\u00e5da\/Hylla), 5 kg (Utdragbart fack), 3 kg (D\u00f6rrhylla)<\/li>\n<\/ul>\n<p>Leveransinneh\u00e5ll:<\/p>\n<ul>\n<li> 1 x K\u00f6ks\u00f6<\/li>\n<li> 1 x Bruksanvisning<\/li>\n<\/ul>\n","protected":false},"excerpt":{"rendered":"<p>Slut med tr\u00e4ngsel och kaos i ditt k\u00f6k! [BRAND NAME] k\u00f6ks\u00f6 med utbyggbar arbetsyta och speciellt f\u00f6rvaringsutrymme f\u00f6r kastruller och&#8230;<\/p>\n","protected":false},"featured_media":98896,"template":"","meta":[],"product_brand":[],"product_cat":[871,889,1017],"product_tag":[],"class_list":{"0":"post-98905","1":"product","2":"type-product","3":"status-publish","4":"has-post-thumbnail","6":"product_cat-hus-hem","7":"product_cat-kok-matsal","8":"product_cat-koksoar","10":"first","11":"instock","12":"sale","13":"taxable","14":"shipping-taxable","15":"purchasable","16":"product-type-simple"},"yoast_head":"<!-- This site is optimized with the Yoast SEO plugin v25.4 - https:\/\/yoast.com\/wordpress\/plugins\/seo\/ -->\n<title>TRUUSK Flyttbar K\u00f6ks\u00f6 - Utbyggbar Yta - Sk\u00e5pd\u00f6rrar - L\u00e5dor - Handduksst\u00e4ll - Vit - TRUUSK - Hem, Tr\u00e4dg\u00e5rd &amp; Fritid<\/title>\n<meta name=\"robots\" content=\"index, follow, max-snippet:-1, max-image-preview:large, max-video-preview:-1\" \/>\n<link rel=\"canonical\" href=\"https:\/\/truusk.store\/sv\/produkt\/truusk-flyttbar-kokso-utbyggbar-yta-skapdorrar-lador-handduksstall-vit\/\" \/>\n<meta property=\"og:locale\" content=\"sv_SE\" \/>\n<meta property=\"og:type\" content=\"article\" \/>\n<meta property=\"og:title\" content=\"TRUUSK Flyttbar K\u00f6ks\u00f6 - Utbyggbar Yta - Sk\u00e5pd\u00f6rrar - L\u00e5dor - Handduksst\u00e4ll - Vit - TRUUSK - Hem, Tr\u00e4dg\u00e5rd &amp; Fritid\" \/>\n<meta property=\"og:description\" content=\"Slut med tr\u00e4ngsel och kaos i ditt k\u00f6k! [BRAND NAME] k\u00f6ks\u00f6 med utbyggbar arbetsyta och speciellt f\u00f6rvaringsutrymme f\u00f6r kastruller och...\" \/>\n<meta property=\"og:url\" content=\"https:\/\/truusk.store\/sv\/produkt\/truusk-flyttbar-kokso-utbyggbar-yta-skapdorrar-lador-handduksstall-vit\/\" \/>\n<meta property=\"og:site_name\" content=\"TRUUSK - Hem, Tr\u00e4dg\u00e5rd &amp; Fritid\" \/>\n<meta property=\"article:modified_time\" content=\"2026-03-12T07:50:37+00:00\" \/>\n<meta property=\"og:image\" content=\"https:\/\/i0.wp.com\/truusk.se\/wp-content\/uploads\/2026\/01\/flyttbar-kokso-utbyggbar-yta-skapdorrar-lador-handduksstall-koksvagn-av-mdf-vit-1.webp?fit=2000%2C2000&ssl=1\" \/>\n\t<meta property=\"og:image:width\" content=\"2000\" \/>\n\t<meta property=\"og:image:height\" content=\"2000\" \/>\n\t<meta property=\"og:image:type\" content=\"image\/webp\" \/>\n<meta name=\"twitter:card\" content=\"summary_large_image\" \/>\n<meta name=\"twitter:label1\" content=\"Ber\u00e4knad l\u00e4stid\" \/>\n\t<meta name=\"twitter:data1\" content=\"2 minuter\" \/>\n<!-- \/ Yoast SEO plugin. -->","yoast_head_json":{"title":"TRUUSK Flyttbar K\u00f6ks\u00f6 - Utbyggbar Yta - Sk\u00e5pd\u00f6rrar - L\u00e5dor - Handduksst\u00e4ll - Vit - TRUUSK - Hem, Tr\u00e4dg\u00e5rd &amp; Fritid","robots":{"index":"index","follow":"follow","max-snippet":"max-snippet:-1","max-image-preview":"max-image-preview:large","max-video-preview":"max-video-preview:-1"},"canonical":"https:\/\/truusk.store\/sv\/produkt\/truusk-flyttbar-kokso-utbyggbar-yta-skapdorrar-lador-handduksstall-vit\/","og_locale":"sv_SE","og_type":"article","og_title":"TRUUSK Flyttbar K\u00f6ks\u00f6 - Utbyggbar Yta - Sk\u00e5pd\u00f6rrar - L\u00e5dor - Handduksst\u00e4ll - Vit - TRUUSK - Hem, Tr\u00e4dg\u00e5rd &amp; Fritid","og_description":"Slut med tr\u00e4ngsel och kaos i ditt k\u00f6k! [BRAND NAME] k\u00f6ks\u00f6 med utbyggbar arbetsyta och speciellt f\u00f6rvaringsutrymme f\u00f6r kastruller och...","og_url":"https:\/\/truusk.store\/sv\/produkt\/truusk-flyttbar-kokso-utbyggbar-yta-skapdorrar-lador-handduksstall-vit\/","og_site_name":"TRUUSK - Hem, Tr\u00e4dg\u00e5rd &amp; Fritid","article_modified_time":"2026-03-12T07:50:37+00:00","og_image":[{"width":2000,"height":2000,"url":"https:\/\/i0.wp.com\/truusk.se\/wp-content\/uploads\/2026\/01\/flyttbar-kokso-utbyggbar-yta-skapdorrar-lador-handduksstall-koksvagn-av-mdf-vit-1.webp?fit=2000%2C2000&ssl=1","type":"image\/webp"}],"twitter_card":"summary_large_image","twitter_misc":{"Ber\u00e4knad l\u00e4stid":"2 minuter"},"schema":{"@context":"https:\/\/schema.org","@graph":[{"@type":"WebPage","@id":"https:\/\/truusk.store\/sv\/produkt\/truusk-flyttbar-kokso-utbyggbar-yta-skapdorrar-lador-handduksstall-vit\/","url":"https:\/\/truusk.store\/sv\/produkt\/truusk-flyttbar-kokso-utbyggbar-yta-skapdorrar-lador-handduksstall-vit\/","name":"TRUUSK Flyttbar K\u00f6ks\u00f6 - Utbyggbar Yta - Sk\u00e5pd\u00f6rrar - L\u00e5dor - Handduksst\u00e4ll - Vit - TRUUSK - Hem, Tr\u00e4dg\u00e5rd &amp; Fritid","isPartOf":{"@id":"https:\/\/truusk.store\/sv\/#website"},"primaryImageOfPage":{"@id":"https:\/\/truusk.store\/sv\/produkt\/truusk-flyttbar-kokso-utbyggbar-yta-skapdorrar-lador-handduksstall-vit\/#primaryimage"},"image":{"@id":"https:\/\/truusk.store\/sv\/produkt\/truusk-flyttbar-kokso-utbyggbar-yta-skapdorrar-lador-handduksstall-vit\/#primaryimage"},"thumbnailUrl":"https:\/\/i0.wp.com\/truusk.store\/wp-content\/uploads\/2026\/01\/flyttbar-kokso-utbyggbar-yta-skapdorrar-lador-handduksstall-koksvagn-av-mdf-vit-1.webp?fit=2000%2C2000&ssl=1","datePublished":"2026-01-06T12:34:51+00:00","dateModified":"2026-03-12T07:50:37+00:00","breadcrumb":{"@id":"https:\/\/truusk.store\/sv\/produkt\/truusk-flyttbar-kokso-utbyggbar-yta-skapdorrar-lador-handduksstall-vit\/#breadcrumb"},"inLanguage":"sv-SE","potentialAction":[{"@type":"ReadAction","target":["https:\/\/truusk.store\/sv\/produkt\/truusk-flyttbar-kokso-utbyggbar-yta-skapdorrar-lador-handduksstall-vit\/"]}]},{"@type":"ImageObject","inLanguage":"sv-SE","@id":"https:\/\/truusk.store\/sv\/produkt\/truusk-flyttbar-kokso-utbyggbar-yta-skapdorrar-lador-handduksstall-vit\/#primaryimage","url":"https:\/\/i0.wp.com\/truusk.store\/wp-content\/uploads\/2026\/01\/flyttbar-kokso-utbyggbar-yta-skapdorrar-lador-handduksstall-koksvagn-av-mdf-vit-1.webp?fit=2000%2C2000&ssl=1","contentUrl":"https:\/\/i0.wp.com\/truusk.store\/wp-content\/uploads\/2026\/01\/flyttbar-kokso-utbyggbar-yta-skapdorrar-lador-handduksstall-koksvagn-av-mdf-vit-1.webp?fit=2000%2C2000&ssl=1","width":2000,"height":2000},{"@type":"BreadcrumbList","@id":"https:\/\/truusk.store\/sv\/produkt\/truusk-flyttbar-kokso-utbyggbar-yta-skapdorrar-lador-handduksstall-vit\/#breadcrumb","itemListElement":[{"@type":"ListItem","position":1,"name":"Home","item":"https:\/\/truusk.store\/sv\/"},{"@type":"ListItem","position":2,"name":"Shop","item":"https:\/\/truusk.store\/shop\/"},{"@type":"ListItem","position":3,"name":"TRUUSK Flyttbar K\u00f6ks\u00f6 &#8211; Utbyggbar Yta &#8211; Sk\u00e5pd\u00f6rrar &#8211; L\u00e5dor &#8211; Handduksst\u00e4ll &#8211; Vit"}]},{"@type":"WebSite","@id":"https:\/\/truusk.store\/sv\/#website","url":"https:\/\/truusk.store\/sv\/","name":"TRUUSK - Hem, Tr\u00e4dg\u00e5rd & Fritid","description":"","publisher":{"@id":"https:\/\/truusk.store\/sv\/#organization"},"potentialAction":[{"@type":"SearchAction","target":{"@type":"EntryPoint","urlTemplate":"https:\/\/truusk.store\/sv\/?s={search_term_string}"},"query-input":{"@type":"PropertyValueSpecification","valueRequired":true,"valueName":"search_term_string"}}],"inLanguage":"sv-SE"},{"@type":"Organization","@id":"https:\/\/truusk.store\/sv\/#organization","name":"TRUUSK - Hem, Tr\u00e4dg\u00e5rd & Fritid","url":"https:\/\/truusk.store\/sv\/","logo":{"@type":"ImageObject","inLanguage":"sv-SE","@id":"https:\/\/truusk.store\/sv\/#\/schema\/logo\/image\/","url":"https:\/\/i0.wp.com\/truusk.store\/wp-content\/uploads\/2026\/03\/cropped-TRUUSK.png?fit=2032%2C917&ssl=1","contentUrl":"https:\/\/i0.wp.com\/truusk.store\/wp-content\/uploads\/2026\/03\/cropped-TRUUSK.png?fit=2032%2C917&ssl=1","width":2032,"height":917,"caption":"TRUUSK - Hem, Tr\u00e4dg\u00e5rd & Fritid"},"image":{"@id":"https:\/\/truusk.store\/sv\/#\/schema\/logo\/image\/"}}]}},"jetpack_sharing_enabled":true,"_links":{"self":[{"href":"https:\/\/truusk.store\/sv\/wp-json\/wp\/v2\/product\/98905","targetHints":{"allow":["GET"]}}],"collection":[{"href":"https:\/\/truusk.store\/sv\/wp-json\/wp\/v2\/product"}],"about":[{"href":"https:\/\/truusk.store\/sv\/wp-json\/wp\/v2\/types\/product"}],"wp:featuredmedia":[{"embeddable":true,"href":"https:\/\/truusk.store\/sv\/wp-json\/wp\/v2\/media\/98896"}],"wp:attachment":[{"href":"https:\/\/truusk.store\/sv\/wp-json\/wp\/v2\/media?parent=98905"}],"wp:term":[{"taxonomy":"product_brand","embeddable":true,"href":"https:\/\/truusk.store\/sv\/wp-json\/wp\/v2\/product_brand?post=98905"},{"taxonomy":"product_cat","embeddable":true,"href":"https:\/\/truusk.store\/sv\/wp-json\/wp\/v2\/product_cat?post=98905"},{"taxonomy":"product_tag","embeddable":true,"href":"https:\/\/truusk.store\/sv\/wp-json\/wp\/v2\/product_tag?post=98905"}],"curies":[{"name":"wp","href":"https:\/\/api.w.org\/{rel}","templated":true}]}}