{"id":98915,"date":"2026-01-06T13:35:55","date_gmt":"2026-01-06T12:35:55","guid":{"rendered":"https:\/\/truusk.store\/product\/tvattstallsskap-for-badrum-badrumsskap-med-lamelldorrar-bambutra-justerbara-hyllor-natur\/"},"modified":"2026-03-12T08:50:42","modified_gmt":"2026-03-12T07:50:42","slug":"truusk-tvattstallsskap-med-lamelldorrar-bambutra-justerbara-hyllor-natur-for-badrum","status":"publish","type":"product","link":"https:\/\/truusk.store\/sv\/produkt\/truusk-tvattstallsskap-med-lamelldorrar-bambutra-justerbara-hyllor-natur-for-badrum\/","title":{"rendered":"TRUUSK Tv\u00e4ttst\u00e4llssk\u00e5p med Lamelld\u00f6rrar &#8211; Bambutr\u00e4 &#8211; Justerbara Hyllor &#8211; Natur &#8211; F\u00f6r Badrum"},"content":{"rendered":"<p>K\u00e4mpar du med ett r\u00f6rigt omr\u00e5de under ditt handfat? Det snirkliga, r\u00f6rbelagda h\u00f6rnet kan f\u00e5 badrummet att se kaotiskt ut. [BRAND NAME] undersk\u00e5p utnyttjar detta utrymme optimalt och anpassar sig perfekt till r\u00f6rstrukturen. Den varma bambuutseendet skapar en avkopplande atmosf\u00e4r och de justerbara hyllorna i badrumssk\u00e5pet sorterar allt fr\u00e5n stora flaskor till handdukar, vilket f\u00f6rvandlar din vardag till en fridfull tid.<\/p>\n<p>Beskrivning:<\/p>\n<ul>\n<li> 20,5 \u00d7 22 cm U-formad urklippning av handfatssk\u00e5pet passar de flesta handfat med eller utan sockel<\/li>\n<li> Tillverkad av 100% bambu, det motst\u00e5r fukt i badrum<\/li>\n<li> Den inre, trestegs justerbara hyllan erbjuder anpassbart f\u00f6rvaringsutrymme f\u00f6r olika stora f\u00f6rem\u00e5l<\/li>\n<li> Anti-tip set och halkfria fotdynor p\u00e5 badrumssk\u00e5pet f\u00f6r f\u00f6rb\u00e4ttrad stabilitet och s\u00e4kerhet<\/li>\n<li> Lamellerna fr\u00e4mjar luftcirkulation och h\u00e5ller handdukar och toalettartiklar fr\u00e4scha<\/li>\n<li> R\u00e4fflade handtag ger en elegant look och s\u00e4kerst\u00e4ller en mjuk, krokfri \u00f6ppning<\/li>\n<li> Montering kr\u00e4vs<\/li>\n<\/ul>\n<p> Tekniska specifikationer:<\/p>\n<ul>\n<li> F\u00e4rg: Natur<\/li>\n<li> Material: Bambu<\/li>\n<li> Totala dimensioner: 60B x 30T x 80H cm<\/li>\n<li> &#8221;U&#8221; urklippningsstorlek: 20,5B x 22T cm<\/li>\n<li> Passande bass\u00e4ngstorlek: \u226460B x 30T cm<\/li>\n<li> Sk\u00e5pets inre dimensioner: 56,5B x 26T x 70H cm<\/li>\n<li> H\u00f6jd fr\u00e5n golvet: 7,5 cm<\/li>\n<li> Maximal belastning: 30 kg (totalt), 20 kg (\u00f6vre), 5 kg (hylla)<\/li>\n<\/ul>\n<p>Leverans inneh\u00e5ller:<\/p>\n<ul>\n<li> 1 x handfatssk\u00e5p<\/li>\n<li> 1 x bruksanvisning<\/li>\n<\/ul>\n","protected":false},"excerpt":{"rendered":"<p>K\u00e4mpar du med ett r\u00f6rigt omr\u00e5de under ditt handfat? Det snirkliga, r\u00f6rbelagda h\u00f6rnet kan f\u00e5 badrummet att se kaotiskt ut&#8230;.<\/p>\n","protected":false},"featured_media":98906,"template":"","meta":[],"product_brand":[],"product_cat":[915,535,871],"product_tag":[],"class_list":{"0":"post-98915","1":"product","2":"type-product","3":"status-publish","4":"has-post-thumbnail","6":"product_cat-badrum","7":"product_cat-badrumsskap","8":"product_cat-hus-hem","10":"first","11":"instock","12":"sale","13":"taxable","14":"shipping-taxable","15":"purchasable","16":"product-type-simple"},"yoast_head":"<!-- This site is optimized with the Yoast SEO plugin v25.4 - https:\/\/yoast.com\/wordpress\/plugins\/seo\/ -->\n<title>TRUUSK Tv\u00e4ttst\u00e4llssk\u00e5p med Lamelld\u00f6rrar - Bambutr\u00e4 - Justerbara Hyllor - Natur - F\u00f6r Badrum - TRUUSK - Hem, Tr\u00e4dg\u00e5rd &amp; Fritid<\/title>\n<meta name=\"robots\" content=\"index, follow, max-snippet:-1, max-image-preview:large, max-video-preview:-1\" \/>\n<link rel=\"canonical\" href=\"https:\/\/truusk.store\/sv\/produkt\/truusk-tvattstallsskap-med-lamelldorrar-bambutra-justerbara-hyllor-natur-for-badrum\/\" \/>\n<meta property=\"og:locale\" content=\"sv_SE\" \/>\n<meta property=\"og:type\" content=\"article\" \/>\n<meta property=\"og:title\" content=\"TRUUSK Tv\u00e4ttst\u00e4llssk\u00e5p med Lamelld\u00f6rrar - Bambutr\u00e4 - Justerbara Hyllor - Natur - F\u00f6r Badrum - TRUUSK - Hem, Tr\u00e4dg\u00e5rd &amp; Fritid\" \/>\n<meta property=\"og:description\" content=\"K\u00e4mpar du med ett r\u00f6rigt omr\u00e5de under ditt handfat? Det snirkliga, r\u00f6rbelagda h\u00f6rnet kan f\u00e5 badrummet att se kaotiskt ut....\" \/>\n<meta property=\"og:url\" content=\"https:\/\/truusk.store\/sv\/produkt\/truusk-tvattstallsskap-med-lamelldorrar-bambutra-justerbara-hyllor-natur-for-badrum\/\" \/>\n<meta property=\"og:site_name\" content=\"TRUUSK - Hem, Tr\u00e4dg\u00e5rd &amp; Fritid\" \/>\n<meta property=\"article:modified_time\" content=\"2026-03-12T07:50:42+00:00\" \/>\n<meta property=\"og:image\" content=\"https:\/\/i0.wp.com\/truusk.se\/wp-content\/uploads\/2026\/01\/tvattstallsskap-for-badrum-badrumsskap-med-lamelldorrar-bambutra-justerbara-hyllor-natur-1.webp?fit=2000%2C2000&ssl=1\" \/>\n\t<meta property=\"og:image:width\" content=\"2000\" \/>\n\t<meta property=\"og:image:height\" content=\"2000\" \/>\n\t<meta property=\"og:image:type\" content=\"image\/webp\" \/>\n<meta name=\"twitter:card\" content=\"summary_large_image\" \/>\n<meta name=\"twitter:label1\" content=\"Ber\u00e4knad l\u00e4stid\" \/>\n\t<meta name=\"twitter:data1\" content=\"1 minut\" \/>\n<!-- \/ Yoast SEO plugin. -->","yoast_head_json":{"title":"TRUUSK Tv\u00e4ttst\u00e4llssk\u00e5p med Lamelld\u00f6rrar - Bambutr\u00e4 - Justerbara Hyllor - Natur - F\u00f6r Badrum - TRUUSK - Hem, Tr\u00e4dg\u00e5rd &amp; Fritid","robots":{"index":"index","follow":"follow","max-snippet":"max-snippet:-1","max-image-preview":"max-image-preview:large","max-video-preview":"max-video-preview:-1"},"canonical":"https:\/\/truusk.store\/sv\/produkt\/truusk-tvattstallsskap-med-lamelldorrar-bambutra-justerbara-hyllor-natur-for-badrum\/","og_locale":"sv_SE","og_type":"article","og_title":"TRUUSK Tv\u00e4ttst\u00e4llssk\u00e5p med Lamelld\u00f6rrar - Bambutr\u00e4 - Justerbara Hyllor - Natur - F\u00f6r Badrum - TRUUSK - Hem, Tr\u00e4dg\u00e5rd &amp; Fritid","og_description":"K\u00e4mpar du med ett r\u00f6rigt omr\u00e5de under ditt handfat? Det snirkliga, r\u00f6rbelagda h\u00f6rnet kan f\u00e5 badrummet att se kaotiskt ut....","og_url":"https:\/\/truusk.store\/sv\/produkt\/truusk-tvattstallsskap-med-lamelldorrar-bambutra-justerbara-hyllor-natur-for-badrum\/","og_site_name":"TRUUSK - Hem, Tr\u00e4dg\u00e5rd &amp; Fritid","article_modified_time":"2026-03-12T07:50:42+00:00","og_image":[{"width":2000,"height":2000,"url":"https:\/\/i0.wp.com\/truusk.se\/wp-content\/uploads\/2026\/01\/tvattstallsskap-for-badrum-badrumsskap-med-lamelldorrar-bambutra-justerbara-hyllor-natur-1.webp?fit=2000%2C2000&ssl=1","type":"image\/webp"}],"twitter_card":"summary_large_image","twitter_misc":{"Ber\u00e4knad l\u00e4stid":"1 minut"},"schema":{"@context":"https:\/\/schema.org","@graph":[{"@type":"WebPage","@id":"https:\/\/truusk.store\/sv\/produkt\/truusk-tvattstallsskap-med-lamelldorrar-bambutra-justerbara-hyllor-natur-for-badrum\/","url":"https:\/\/truusk.store\/sv\/produkt\/truusk-tvattstallsskap-med-lamelldorrar-bambutra-justerbara-hyllor-natur-for-badrum\/","name":"TRUUSK Tv\u00e4ttst\u00e4llssk\u00e5p med Lamelld\u00f6rrar - Bambutr\u00e4 - Justerbara Hyllor - Natur - F\u00f6r Badrum - TRUUSK - Hem, Tr\u00e4dg\u00e5rd &amp; Fritid","isPartOf":{"@id":"https:\/\/truusk.store\/sv\/#website"},"primaryImageOfPage":{"@id":"https:\/\/truusk.store\/sv\/produkt\/truusk-tvattstallsskap-med-lamelldorrar-bambutra-justerbara-hyllor-natur-for-badrum\/#primaryimage"},"image":{"@id":"https:\/\/truusk.store\/sv\/produkt\/truusk-tvattstallsskap-med-lamelldorrar-bambutra-justerbara-hyllor-natur-for-badrum\/#primaryimage"},"thumbnailUrl":"https:\/\/i0.wp.com\/truusk.store\/wp-content\/uploads\/2026\/01\/tvattstallsskap-for-badrum-badrumsskap-med-lamelldorrar-bambutra-justerbara-hyllor-natur-1.webp?fit=2000%2C2000&ssl=1","datePublished":"2026-01-06T12:35:55+00:00","dateModified":"2026-03-12T07:50:42+00:00","breadcrumb":{"@id":"https:\/\/truusk.store\/sv\/produkt\/truusk-tvattstallsskap-med-lamelldorrar-bambutra-justerbara-hyllor-natur-for-badrum\/#breadcrumb"},"inLanguage":"sv-SE","potentialAction":[{"@type":"ReadAction","target":["https:\/\/truusk.store\/sv\/produkt\/truusk-tvattstallsskap-med-lamelldorrar-bambutra-justerbara-hyllor-natur-for-badrum\/"]}]},{"@type":"ImageObject","inLanguage":"sv-SE","@id":"https:\/\/truusk.store\/sv\/produkt\/truusk-tvattstallsskap-med-lamelldorrar-bambutra-justerbara-hyllor-natur-for-badrum\/#primaryimage","url":"https:\/\/i0.wp.com\/truusk.store\/wp-content\/uploads\/2026\/01\/tvattstallsskap-for-badrum-badrumsskap-med-lamelldorrar-bambutra-justerbara-hyllor-natur-1.webp?fit=2000%2C2000&ssl=1","contentUrl":"https:\/\/i0.wp.com\/truusk.store\/wp-content\/uploads\/2026\/01\/tvattstallsskap-for-badrum-badrumsskap-med-lamelldorrar-bambutra-justerbara-hyllor-natur-1.webp?fit=2000%2C2000&ssl=1","width":2000,"height":2000},{"@type":"BreadcrumbList","@id":"https:\/\/truusk.store\/sv\/produkt\/truusk-tvattstallsskap-med-lamelldorrar-bambutra-justerbara-hyllor-natur-for-badrum\/#breadcrumb","itemListElement":[{"@type":"ListItem","position":1,"name":"Home","item":"https:\/\/truusk.store\/sv\/"},{"@type":"ListItem","position":2,"name":"Shop","item":"https:\/\/truusk.store\/shop\/"},{"@type":"ListItem","position":3,"name":"TRUUSK Tv\u00e4ttst\u00e4llssk\u00e5p med Lamelld\u00f6rrar &#8211; Bambutr\u00e4 &#8211; Justerbara Hyllor &#8211; Natur &#8211; F\u00f6r Badrum"}]},{"@type":"WebSite","@id":"https:\/\/truusk.store\/sv\/#website","url":"https:\/\/truusk.store\/sv\/","name":"TRUUSK - Hem, Tr\u00e4dg\u00e5rd & Fritid","description":"","publisher":{"@id":"https:\/\/truusk.store\/sv\/#organization"},"potentialAction":[{"@type":"SearchAction","target":{"@type":"EntryPoint","urlTemplate":"https:\/\/truusk.store\/sv\/?s={search_term_string}"},"query-input":{"@type":"PropertyValueSpecification","valueRequired":true,"valueName":"search_term_string"}}],"inLanguage":"sv-SE"},{"@type":"Organization","@id":"https:\/\/truusk.store\/sv\/#organization","name":"TRUUSK - Hem, Tr\u00e4dg\u00e5rd & Fritid","url":"https:\/\/truusk.store\/sv\/","logo":{"@type":"ImageObject","inLanguage":"sv-SE","@id":"https:\/\/truusk.store\/sv\/#\/schema\/logo\/image\/","url":"https:\/\/i0.wp.com\/truusk.store\/wp-content\/uploads\/2026\/03\/cropped-TRUUSK.png?fit=2032%2C917&ssl=1","contentUrl":"https:\/\/i0.wp.com\/truusk.store\/wp-content\/uploads\/2026\/03\/cropped-TRUUSK.png?fit=2032%2C917&ssl=1","width":2032,"height":917,"caption":"TRUUSK - Hem, Tr\u00e4dg\u00e5rd & Fritid"},"image":{"@id":"https:\/\/truusk.store\/sv\/#\/schema\/logo\/image\/"}}]}},"jetpack_sharing_enabled":true,"_links":{"self":[{"href":"https:\/\/truusk.store\/sv\/wp-json\/wp\/v2\/product\/98915","targetHints":{"allow":["GET"]}}],"collection":[{"href":"https:\/\/truusk.store\/sv\/wp-json\/wp\/v2\/product"}],"about":[{"href":"https:\/\/truusk.store\/sv\/wp-json\/wp\/v2\/types\/product"}],"wp:featuredmedia":[{"embeddable":true,"href":"https:\/\/truusk.store\/sv\/wp-json\/wp\/v2\/media\/98906"}],"wp:attachment":[{"href":"https:\/\/truusk.store\/sv\/wp-json\/wp\/v2\/media?parent=98915"}],"wp:term":[{"taxonomy":"product_brand","embeddable":true,"href":"https:\/\/truusk.store\/sv\/wp-json\/wp\/v2\/product_brand?post=98915"},{"taxonomy":"product_cat","embeddable":true,"href":"https:\/\/truusk.store\/sv\/wp-json\/wp\/v2\/product_cat?post=98915"},{"taxonomy":"product_tag","embeddable":true,"href":"https:\/\/truusk.store\/sv\/wp-json\/wp\/v2\/product_tag?post=98915"}],"curies":[{"name":"wp","href":"https:\/\/api.w.org\/{rel}","templated":true}]}}