{"id":98926,"date":"2026-01-06T13:36:58","date_gmt":"2026-01-06T12:36:58","guid":{"rendered":"https:\/\/truusk.store\/product\/kyckling-lekstruktur-i-tra-lekplats-for-kycklingar-med-kycklingstanger-justerbar-gunga-82-x-150-x-110-cm-silver\/"},"modified":"2026-03-12T08:50:49","modified_gmt":"2026-03-12T07:50:49","slug":"truusk-kyckling-lekstruktur-i-tra-lekplats-for-kycklingar-kycklingstanger-justerbar-gunga-82-x-150-x-110-cm-silver","status":"publish","type":"product","link":"https:\/\/truusk.store\/sv\/produkt\/truusk-kyckling-lekstruktur-i-tra-lekplats-for-kycklingar-kycklingstanger-justerbar-gunga-82-x-150-x-110-cm-silver\/","title":{"rendered":"TRUUSK Kyckling Lekstruktur i Tr\u00e4 &#8211; Lekplats f\u00f6r Kycklingar &#8211; Kycklingst\u00e4nger &#8211; Justerbar Gunga &#8211; 82 x 150 x 110 cm &#8211; Silver"},"content":{"rendered":"<p>K\u00e4nner dina tr\u00e4dg\u00e5rdsh\u00f6ns tr\u00e5ngt och stressat? [BRAND NAME] h\u00f6nsleksstruktur med flera niv\u00e5er omvandlar din befintliga k\u00f6rning till ett aktivitetscenter. Utrustad med fyra stegvisa sittst\u00e4nger och en gunga, skapar lekplatsen f\u00f6r h\u00f6ns tillr\u00e4ckligt utrymme f\u00f6r upp till sex h\u00f6ns och skapar en fredlig, lekfull milj\u00f6.<\/p>\n<p>Beskrivning:<\/p>\n<ul>\n<li> Har fyra tall-sittst\u00e4nger och en gunga f\u00f6r friskare, lyckligare h\u00f6ns<\/li>\n<li> Passar perfekt till standard \u00d825mm h\u00f6nsk\u00f6rningar och f\u00f6rb\u00e4ttrar ditt befintliga stallomr\u00e5de<\/li>\n<li> Erbjuder 4 rymliga sittst\u00e4nger f\u00f6r 4-6 h\u00f6ns, vilket minskar konkurrensen i flocken avsev\u00e4rt<\/li>\n<li> Inneh\u00e5ller en justerbar gunga som erbjuder individuell roligt f\u00f6r h\u00f6ns av alla storlekar<\/li>\n<li> Tillverkad av galvaniserat st\u00e5l och behandlat tr\u00e4 f\u00f6r h\u00e5llbarhet i alla v\u00e4der och rostbest\u00e4ndighet<\/li>\n<li> Sl\u00e4ta polerade tall-sittst\u00e4nger skyddar h\u00f6nsf\u00f6tterna, garanterar komfort och f\u00f6rhindrar skador<\/li>\n<li> Kan enkelt monteras p\u00e5 30 minuter utan att speciella verktyg beh\u00f6vs f\u00f6r montering<\/li>\n<\/ul>\n<p> Tekniska specifikationer:<\/p>\n<ul>\n<li> F\u00e4rg: Silverton+Naturtr\u00e4<\/li>\n<li> Material: St\u00e5l, Talltr\u00e4<\/li>\n<li> Totala dimensioner: 82L x 150B x 110H cm<\/li>\n<li> Gungstorlek: 77B cm<\/li>\n<li> Sittst\u00e5ngstorlek: 77L cm<\/li>\n<li> Avst\u00e5nd mellan sittst\u00e4nger: 37L cm<\/li>\n<li> R\u00f6rdiameter: \u00d825 mm<\/li>\n<li> Maximal belastning: 10 kg<\/li>\n<\/ul>\n<p>Leveransinneh\u00e5ll:<\/p>\n<ul>\n<li>1 x H\u00f6nsst\u00e5ng<\/li>\n<li>1 x Bruksanvisning<\/li>\n<\/ul>\n","protected":false},"excerpt":{"rendered":"<p>K\u00e4nner dina tr\u00e4dg\u00e5rdsh\u00f6ns tr\u00e5ngt och stressat? [BRAND NAME] h\u00f6nsleksstruktur med flera niv\u00e5er omvandlar din befintliga k\u00f6rning till ett aktivitetscenter. Utrustad&#8230;<\/p>\n","protected":false},"featured_media":98916,"template":"","meta":[],"product_brand":[],"product_cat":[878,601,602],"product_tag":[],"class_list":{"0":"post-98926","1":"product","2":"type-product","3":"status-publish","4":"has-post-thumbnail","6":"product_cat-djurbehov","7":"product_cat-fageltillbehor","8":"product_cat-honshus","10":"first","11":"instock","12":"sale","13":"taxable","14":"shipping-taxable","15":"purchasable","16":"product-type-simple"},"yoast_head":"<!-- This site is optimized with the Yoast SEO plugin v25.4 - https:\/\/yoast.com\/wordpress\/plugins\/seo\/ -->\n<title>TRUUSK Kyckling Lekstruktur i Tr\u00e4 - Lekplats f\u00f6r Kycklingar - Kycklingst\u00e4nger - Justerbar Gunga - 82 x 150 x 110 cm - Silver - TRUUSK - Hem, Tr\u00e4dg\u00e5rd &amp; Fritid<\/title>\n<meta name=\"robots\" content=\"index, follow, max-snippet:-1, max-image-preview:large, max-video-preview:-1\" \/>\n<link rel=\"canonical\" href=\"https:\/\/truusk.store\/sv\/produkt\/truusk-kyckling-lekstruktur-i-tra-lekplats-for-kycklingar-kycklingstanger-justerbar-gunga-82-x-150-x-110-cm-silver\/\" \/>\n<meta property=\"og:locale\" content=\"sv_SE\" \/>\n<meta property=\"og:type\" content=\"article\" \/>\n<meta property=\"og:title\" content=\"TRUUSK Kyckling Lekstruktur i Tr\u00e4 - Lekplats f\u00f6r Kycklingar - Kycklingst\u00e4nger - Justerbar Gunga - 82 x 150 x 110 cm - Silver - TRUUSK - Hem, Tr\u00e4dg\u00e5rd &amp; Fritid\" \/>\n<meta property=\"og:description\" content=\"K\u00e4nner dina tr\u00e4dg\u00e5rdsh\u00f6ns tr\u00e5ngt och stressat? [BRAND NAME] h\u00f6nsleksstruktur med flera niv\u00e5er omvandlar din befintliga k\u00f6rning till ett aktivitetscenter. Utrustad...\" \/>\n<meta property=\"og:url\" content=\"https:\/\/truusk.store\/sv\/produkt\/truusk-kyckling-lekstruktur-i-tra-lekplats-for-kycklingar-kycklingstanger-justerbar-gunga-82-x-150-x-110-cm-silver\/\" \/>\n<meta property=\"og:site_name\" content=\"TRUUSK - Hem, Tr\u00e4dg\u00e5rd &amp; Fritid\" \/>\n<meta property=\"article:modified_time\" content=\"2026-03-12T07:50:49+00:00\" \/>\n<meta property=\"og:image\" content=\"https:\/\/i0.wp.com\/truusk.se\/wp-content\/uploads\/2026\/01\/kyckling-lekstruktur-i-tra-lekplats-for-kycklingar-med-kycklingstanger-justerbar-gunga-82-x-150-x-110-cm-silver-1.webp?fit=2000%2C2000&ssl=1\" \/>\n\t<meta property=\"og:image:width\" content=\"2000\" \/>\n\t<meta property=\"og:image:height\" content=\"2000\" \/>\n\t<meta property=\"og:image:type\" content=\"image\/webp\" \/>\n<meta name=\"twitter:card\" content=\"summary_large_image\" \/>\n<meta name=\"twitter:label1\" content=\"Ber\u00e4knad l\u00e4stid\" \/>\n\t<meta name=\"twitter:data1\" content=\"1 minut\" \/>\n<!-- \/ Yoast SEO plugin. -->","yoast_head_json":{"title":"TRUUSK Kyckling Lekstruktur i Tr\u00e4 - Lekplats f\u00f6r Kycklingar - Kycklingst\u00e4nger - Justerbar Gunga - 82 x 150 x 110 cm - Silver - TRUUSK - Hem, Tr\u00e4dg\u00e5rd &amp; Fritid","robots":{"index":"index","follow":"follow","max-snippet":"max-snippet:-1","max-image-preview":"max-image-preview:large","max-video-preview":"max-video-preview:-1"},"canonical":"https:\/\/truusk.store\/sv\/produkt\/truusk-kyckling-lekstruktur-i-tra-lekplats-for-kycklingar-kycklingstanger-justerbar-gunga-82-x-150-x-110-cm-silver\/","og_locale":"sv_SE","og_type":"article","og_title":"TRUUSK Kyckling Lekstruktur i Tr\u00e4 - Lekplats f\u00f6r Kycklingar - Kycklingst\u00e4nger - Justerbar Gunga - 82 x 150 x 110 cm - Silver - TRUUSK - Hem, Tr\u00e4dg\u00e5rd &amp; Fritid","og_description":"K\u00e4nner dina tr\u00e4dg\u00e5rdsh\u00f6ns tr\u00e5ngt och stressat? [BRAND NAME] h\u00f6nsleksstruktur med flera niv\u00e5er omvandlar din befintliga k\u00f6rning till ett aktivitetscenter. Utrustad...","og_url":"https:\/\/truusk.store\/sv\/produkt\/truusk-kyckling-lekstruktur-i-tra-lekplats-for-kycklingar-kycklingstanger-justerbar-gunga-82-x-150-x-110-cm-silver\/","og_site_name":"TRUUSK - Hem, Tr\u00e4dg\u00e5rd &amp; Fritid","article_modified_time":"2026-03-12T07:50:49+00:00","og_image":[{"width":2000,"height":2000,"url":"https:\/\/i0.wp.com\/truusk.se\/wp-content\/uploads\/2026\/01\/kyckling-lekstruktur-i-tra-lekplats-for-kycklingar-med-kycklingstanger-justerbar-gunga-82-x-150-x-110-cm-silver-1.webp?fit=2000%2C2000&ssl=1","type":"image\/webp"}],"twitter_card":"summary_large_image","twitter_misc":{"Ber\u00e4knad l\u00e4stid":"1 minut"},"schema":{"@context":"https:\/\/schema.org","@graph":[{"@type":"WebPage","@id":"https:\/\/truusk.store\/sv\/produkt\/truusk-kyckling-lekstruktur-i-tra-lekplats-for-kycklingar-kycklingstanger-justerbar-gunga-82-x-150-x-110-cm-silver\/","url":"https:\/\/truusk.store\/sv\/produkt\/truusk-kyckling-lekstruktur-i-tra-lekplats-for-kycklingar-kycklingstanger-justerbar-gunga-82-x-150-x-110-cm-silver\/","name":"TRUUSK Kyckling Lekstruktur i Tr\u00e4 - Lekplats f\u00f6r Kycklingar - Kycklingst\u00e4nger - Justerbar Gunga - 82 x 150 x 110 cm - Silver - TRUUSK - Hem, Tr\u00e4dg\u00e5rd &amp; Fritid","isPartOf":{"@id":"https:\/\/truusk.store\/sv\/#website"},"primaryImageOfPage":{"@id":"https:\/\/truusk.store\/sv\/produkt\/truusk-kyckling-lekstruktur-i-tra-lekplats-for-kycklingar-kycklingstanger-justerbar-gunga-82-x-150-x-110-cm-silver\/#primaryimage"},"image":{"@id":"https:\/\/truusk.store\/sv\/produkt\/truusk-kyckling-lekstruktur-i-tra-lekplats-for-kycklingar-kycklingstanger-justerbar-gunga-82-x-150-x-110-cm-silver\/#primaryimage"},"thumbnailUrl":"https:\/\/i0.wp.com\/truusk.store\/wp-content\/uploads\/2026\/01\/kyckling-lekstruktur-i-tra-lekplats-for-kycklingar-med-kycklingstanger-justerbar-gunga-82-x-150-x-110-cm-silver-1.webp?fit=2000%2C2000&ssl=1","datePublished":"2026-01-06T12:36:58+00:00","dateModified":"2026-03-12T07:50:49+00:00","breadcrumb":{"@id":"https:\/\/truusk.store\/sv\/produkt\/truusk-kyckling-lekstruktur-i-tra-lekplats-for-kycklingar-kycklingstanger-justerbar-gunga-82-x-150-x-110-cm-silver\/#breadcrumb"},"inLanguage":"sv-SE","potentialAction":[{"@type":"ReadAction","target":["https:\/\/truusk.store\/sv\/produkt\/truusk-kyckling-lekstruktur-i-tra-lekplats-for-kycklingar-kycklingstanger-justerbar-gunga-82-x-150-x-110-cm-silver\/"]}]},{"@type":"ImageObject","inLanguage":"sv-SE","@id":"https:\/\/truusk.store\/sv\/produkt\/truusk-kyckling-lekstruktur-i-tra-lekplats-for-kycklingar-kycklingstanger-justerbar-gunga-82-x-150-x-110-cm-silver\/#primaryimage","url":"https:\/\/i0.wp.com\/truusk.store\/wp-content\/uploads\/2026\/01\/kyckling-lekstruktur-i-tra-lekplats-for-kycklingar-med-kycklingstanger-justerbar-gunga-82-x-150-x-110-cm-silver-1.webp?fit=2000%2C2000&ssl=1","contentUrl":"https:\/\/i0.wp.com\/truusk.store\/wp-content\/uploads\/2026\/01\/kyckling-lekstruktur-i-tra-lekplats-for-kycklingar-med-kycklingstanger-justerbar-gunga-82-x-150-x-110-cm-silver-1.webp?fit=2000%2C2000&ssl=1","width":2000,"height":2000},{"@type":"BreadcrumbList","@id":"https:\/\/truusk.store\/sv\/produkt\/truusk-kyckling-lekstruktur-i-tra-lekplats-for-kycklingar-kycklingstanger-justerbar-gunga-82-x-150-x-110-cm-silver\/#breadcrumb","itemListElement":[{"@type":"ListItem","position":1,"name":"Home","item":"https:\/\/truusk.store\/sv\/"},{"@type":"ListItem","position":2,"name":"Shop","item":"https:\/\/truusk.store\/shop\/"},{"@type":"ListItem","position":3,"name":"TRUUSK Kyckling Lekstruktur i Tr\u00e4 &#8211; Lekplats f\u00f6r Kycklingar &#8211; Kycklingst\u00e4nger &#8211; Justerbar Gunga &#8211; 82 x 150 x 110 cm &#8211; Silver"}]},{"@type":"WebSite","@id":"https:\/\/truusk.store\/sv\/#website","url":"https:\/\/truusk.store\/sv\/","name":"TRUUSK - Hem, Tr\u00e4dg\u00e5rd & Fritid","description":"","publisher":{"@id":"https:\/\/truusk.store\/sv\/#organization"},"potentialAction":[{"@type":"SearchAction","target":{"@type":"EntryPoint","urlTemplate":"https:\/\/truusk.store\/sv\/?s={search_term_string}"},"query-input":{"@type":"PropertyValueSpecification","valueRequired":true,"valueName":"search_term_string"}}],"inLanguage":"sv-SE"},{"@type":"Organization","@id":"https:\/\/truusk.store\/sv\/#organization","name":"TRUUSK - Hem, Tr\u00e4dg\u00e5rd & Fritid","url":"https:\/\/truusk.store\/sv\/","logo":{"@type":"ImageObject","inLanguage":"sv-SE","@id":"https:\/\/truusk.store\/sv\/#\/schema\/logo\/image\/","url":"https:\/\/i0.wp.com\/truusk.store\/wp-content\/uploads\/2026\/03\/cropped-TRUUSK.png?fit=2032%2C917&ssl=1","contentUrl":"https:\/\/i0.wp.com\/truusk.store\/wp-content\/uploads\/2026\/03\/cropped-TRUUSK.png?fit=2032%2C917&ssl=1","width":2032,"height":917,"caption":"TRUUSK - Hem, Tr\u00e4dg\u00e5rd & Fritid"},"image":{"@id":"https:\/\/truusk.store\/sv\/#\/schema\/logo\/image\/"}}]}},"jetpack_sharing_enabled":true,"_links":{"self":[{"href":"https:\/\/truusk.store\/sv\/wp-json\/wp\/v2\/product\/98926","targetHints":{"allow":["GET"]}}],"collection":[{"href":"https:\/\/truusk.store\/sv\/wp-json\/wp\/v2\/product"}],"about":[{"href":"https:\/\/truusk.store\/sv\/wp-json\/wp\/v2\/types\/product"}],"wp:featuredmedia":[{"embeddable":true,"href":"https:\/\/truusk.store\/sv\/wp-json\/wp\/v2\/media\/98916"}],"wp:attachment":[{"href":"https:\/\/truusk.store\/sv\/wp-json\/wp\/v2\/media?parent=98926"}],"wp:term":[{"taxonomy":"product_brand","embeddable":true,"href":"https:\/\/truusk.store\/sv\/wp-json\/wp\/v2\/product_brand?post=98926"},{"taxonomy":"product_cat","embeddable":true,"href":"https:\/\/truusk.store\/sv\/wp-json\/wp\/v2\/product_cat?post=98926"},{"taxonomy":"product_tag","embeddable":true,"href":"https:\/\/truusk.store\/sv\/wp-json\/wp\/v2\/product_tag?post=98926"}],"curies":[{"name":"wp","href":"https:\/\/api.w.org\/{rel}","templated":true}]}}