{"id":98936,"date":"2026-01-06T13:37:51","date_gmt":"2026-01-06T12:37:51","guid":{"rendered":"https:\/\/truusk.store\/product\/vaggdekoration-3d-design-metallram-mangsidig-anvandning-flerfargad\/"},"modified":"2026-03-12T08:50:54","modified_gmt":"2026-03-12T07:50:54","slug":"truusk-vaggdekoration-3d-design-metallram-mangsidig-anvandning-flerfargad","status":"publish","type":"product","link":"https:\/\/truusk.store\/sv\/produkt\/truusk-vaggdekoration-3d-design-metallram-mangsidig-anvandning-flerfargad\/","title":{"rendered":"TRUUSK V\u00e4ggdekoration 3D-design &#8211; Metallram &#8211; M\u00e5ngsidig Anv\u00e4ndning &#8211; Flerf\u00e4rgad"},"content":{"rendered":"<p>Att titta p\u00e5 en stor, kalt v\u00e4gg f\u00e5r ofta ditt vardagsrum att se ofullst\u00e4ndigt och id\u00e9l\u00f6st ut. F\u00f6rvandla detta utrymme till en blickf\u00e5ngare med [BRAND NAME] v\u00e4ggm\u00e5lning. Den stora skalan och de moderna 3D-skivorna i v\u00e4ggdekorationen skapar en sofistikerad atmosf\u00e4r. Oavsett om den \u00e4r monterad vertikalt eller horisontellt, ger den ditt hem en personlig pr\u00e4gel och full\u00e4ndar det perfekt.<\/p>\n<p>Beskrivning:<\/p>\n<ul>\n<li> Det 3D abstrakta designen av v\u00e4ggdekorationen ger ditt rum omedelbart konstn\u00e4rlig flair<\/li>\n<li> H\u00e4ng denna v\u00e4ggm\u00e5lning vertikalt eller horisontellt, vilket m\u00f6jligg\u00f6r individuella, unika v\u00e4ggarrangemang<\/li>\n<li> Den kommer helt monterad f\u00f6r en snabb och smidig installation<\/li>\n<li> Metallram med bakad f\u00e4rg garanterar rostfrihet och h\u00e5llbarhet<\/li>\n<li> Den m\u00e5ngsidiga moderna stilen p\u00e5 v\u00e4ggdekorationen kompletterar perfekt ditt vardagsrum, sovrum eller kontor<\/li>\n<li> En elegant och of\u00f6rgl\u00f6mlig g\u00e5va f\u00f6r inflyttningsfester och speciella tillf\u00e4llen<\/li>\n<\/ul>\n<p> Tekniska specifikationer:<\/p>\n<ul>\n<li> F\u00e4rg: Svart+Khaki+Guld<\/li>\n<li> Material: Metall<\/li>\n<li> Totala dimensioner: 100L x 5,5B x 50H cm<\/li>\n<li> Tillbeh\u00f6r: P\u00e5se med skruvar<\/li>\n<li> Montering: Ingen montering kr\u00e4vs<\/li>\n<\/ul>\n<p>Leveransinneh\u00e5ll:<\/p>\n<ul>\n<li> 1 x Metallv\u00e4ggkonst<\/li>\n<li> 1 x Bruksanvisning<\/li>\n<\/ul>\n","protected":false},"excerpt":{"rendered":"<p>Att titta p\u00e5 en stor, kalt v\u00e4gg f\u00e5r ofta ditt vardagsrum att se ofullst\u00e4ndigt och id\u00e9l\u00f6st ut. F\u00f6rvandla detta utrymme&#8230;<\/p>\n","protected":false},"featured_media":98925,"template":"","meta":[],"product_brand":[],"product_cat":[962,871,683],"product_tag":[],"class_list":{"0":"post-98936","1":"product","2":"type-product","3":"status-publish","4":"has-post-thumbnail","6":"product_cat-dekoration","7":"product_cat-hus-hem","8":"product_cat-vaggdekoration","10":"first","11":"instock","12":"sale","13":"taxable","14":"shipping-taxable","15":"purchasable","16":"product-type-simple"},"yoast_head":"<!-- This site is optimized with the Yoast SEO plugin v25.4 - https:\/\/yoast.com\/wordpress\/plugins\/seo\/ -->\n<title>TRUUSK V\u00e4ggdekoration 3D-design - Metallram - M\u00e5ngsidig Anv\u00e4ndning - Flerf\u00e4rgad - TRUUSK - Hem, Tr\u00e4dg\u00e5rd &amp; Fritid<\/title>\n<meta name=\"robots\" content=\"index, follow, max-snippet:-1, max-image-preview:large, max-video-preview:-1\" \/>\n<link rel=\"canonical\" href=\"https:\/\/truusk.store\/sv\/produkt\/truusk-vaggdekoration-3d-design-metallram-mangsidig-anvandning-flerfargad\/\" \/>\n<meta property=\"og:locale\" content=\"sv_SE\" \/>\n<meta property=\"og:type\" content=\"article\" \/>\n<meta property=\"og:title\" content=\"TRUUSK V\u00e4ggdekoration 3D-design - Metallram - M\u00e5ngsidig Anv\u00e4ndning - Flerf\u00e4rgad - TRUUSK - Hem, Tr\u00e4dg\u00e5rd &amp; Fritid\" \/>\n<meta property=\"og:description\" content=\"Att titta p\u00e5 en stor, kalt v\u00e4gg f\u00e5r ofta ditt vardagsrum att se ofullst\u00e4ndigt och id\u00e9l\u00f6st ut. F\u00f6rvandla detta utrymme...\" \/>\n<meta property=\"og:url\" content=\"https:\/\/truusk.store\/sv\/produkt\/truusk-vaggdekoration-3d-design-metallram-mangsidig-anvandning-flerfargad\/\" \/>\n<meta property=\"og:site_name\" content=\"TRUUSK - Hem, Tr\u00e4dg\u00e5rd &amp; Fritid\" \/>\n<meta property=\"article:modified_time\" content=\"2026-03-12T07:50:54+00:00\" \/>\n<meta property=\"og:image\" content=\"https:\/\/i0.wp.com\/truusk.se\/wp-content\/uploads\/2026\/01\/vaggdekoration-3d-design-metallram-mangsidig-anvandning-flerfargad-1.webp?fit=2000%2C2000&ssl=1\" \/>\n\t<meta property=\"og:image:width\" content=\"2000\" \/>\n\t<meta property=\"og:image:height\" content=\"2000\" \/>\n\t<meta property=\"og:image:type\" content=\"image\/webp\" \/>\n<meta name=\"twitter:card\" content=\"summary_large_image\" \/>\n<meta name=\"twitter:label1\" content=\"Ber\u00e4knad l\u00e4stid\" \/>\n\t<meta name=\"twitter:data1\" content=\"1 minut\" \/>\n<!-- \/ Yoast SEO plugin. -->","yoast_head_json":{"title":"TRUUSK V\u00e4ggdekoration 3D-design - Metallram - M\u00e5ngsidig Anv\u00e4ndning - Flerf\u00e4rgad - TRUUSK - Hem, Tr\u00e4dg\u00e5rd &amp; Fritid","robots":{"index":"index","follow":"follow","max-snippet":"max-snippet:-1","max-image-preview":"max-image-preview:large","max-video-preview":"max-video-preview:-1"},"canonical":"https:\/\/truusk.store\/sv\/produkt\/truusk-vaggdekoration-3d-design-metallram-mangsidig-anvandning-flerfargad\/","og_locale":"sv_SE","og_type":"article","og_title":"TRUUSK V\u00e4ggdekoration 3D-design - Metallram - M\u00e5ngsidig Anv\u00e4ndning - Flerf\u00e4rgad - TRUUSK - Hem, Tr\u00e4dg\u00e5rd &amp; Fritid","og_description":"Att titta p\u00e5 en stor, kalt v\u00e4gg f\u00e5r ofta ditt vardagsrum att se ofullst\u00e4ndigt och id\u00e9l\u00f6st ut. F\u00f6rvandla detta utrymme...","og_url":"https:\/\/truusk.store\/sv\/produkt\/truusk-vaggdekoration-3d-design-metallram-mangsidig-anvandning-flerfargad\/","og_site_name":"TRUUSK - Hem, Tr\u00e4dg\u00e5rd &amp; Fritid","article_modified_time":"2026-03-12T07:50:54+00:00","og_image":[{"width":2000,"height":2000,"url":"https:\/\/i0.wp.com\/truusk.se\/wp-content\/uploads\/2026\/01\/vaggdekoration-3d-design-metallram-mangsidig-anvandning-flerfargad-1.webp?fit=2000%2C2000&ssl=1","type":"image\/webp"}],"twitter_card":"summary_large_image","twitter_misc":{"Ber\u00e4knad l\u00e4stid":"1 minut"},"schema":{"@context":"https:\/\/schema.org","@graph":[{"@type":"WebPage","@id":"https:\/\/truusk.store\/sv\/produkt\/truusk-vaggdekoration-3d-design-metallram-mangsidig-anvandning-flerfargad\/","url":"https:\/\/truusk.store\/sv\/produkt\/truusk-vaggdekoration-3d-design-metallram-mangsidig-anvandning-flerfargad\/","name":"TRUUSK V\u00e4ggdekoration 3D-design - Metallram - M\u00e5ngsidig Anv\u00e4ndning - Flerf\u00e4rgad - TRUUSK - Hem, Tr\u00e4dg\u00e5rd &amp; Fritid","isPartOf":{"@id":"https:\/\/truusk.store\/sv\/#website"},"primaryImageOfPage":{"@id":"https:\/\/truusk.store\/sv\/produkt\/truusk-vaggdekoration-3d-design-metallram-mangsidig-anvandning-flerfargad\/#primaryimage"},"image":{"@id":"https:\/\/truusk.store\/sv\/produkt\/truusk-vaggdekoration-3d-design-metallram-mangsidig-anvandning-flerfargad\/#primaryimage"},"thumbnailUrl":"https:\/\/i0.wp.com\/truusk.store\/wp-content\/uploads\/2026\/01\/vaggdekoration-3d-design-metallram-mangsidig-anvandning-flerfargad-1.webp?fit=2000%2C2000&ssl=1","datePublished":"2026-01-06T12:37:51+00:00","dateModified":"2026-03-12T07:50:54+00:00","breadcrumb":{"@id":"https:\/\/truusk.store\/sv\/produkt\/truusk-vaggdekoration-3d-design-metallram-mangsidig-anvandning-flerfargad\/#breadcrumb"},"inLanguage":"sv-SE","potentialAction":[{"@type":"ReadAction","target":["https:\/\/truusk.store\/sv\/produkt\/truusk-vaggdekoration-3d-design-metallram-mangsidig-anvandning-flerfargad\/"]}]},{"@type":"ImageObject","inLanguage":"sv-SE","@id":"https:\/\/truusk.store\/sv\/produkt\/truusk-vaggdekoration-3d-design-metallram-mangsidig-anvandning-flerfargad\/#primaryimage","url":"https:\/\/i0.wp.com\/truusk.store\/wp-content\/uploads\/2026\/01\/vaggdekoration-3d-design-metallram-mangsidig-anvandning-flerfargad-1.webp?fit=2000%2C2000&ssl=1","contentUrl":"https:\/\/i0.wp.com\/truusk.store\/wp-content\/uploads\/2026\/01\/vaggdekoration-3d-design-metallram-mangsidig-anvandning-flerfargad-1.webp?fit=2000%2C2000&ssl=1","width":2000,"height":2000},{"@type":"BreadcrumbList","@id":"https:\/\/truusk.store\/sv\/produkt\/truusk-vaggdekoration-3d-design-metallram-mangsidig-anvandning-flerfargad\/#breadcrumb","itemListElement":[{"@type":"ListItem","position":1,"name":"Home","item":"https:\/\/truusk.store\/sv\/"},{"@type":"ListItem","position":2,"name":"Shop","item":"https:\/\/truusk.store\/shop\/"},{"@type":"ListItem","position":3,"name":"TRUUSK V\u00e4ggdekoration 3D-design &#8211; Metallram &#8211; M\u00e5ngsidig Anv\u00e4ndning &#8211; Flerf\u00e4rgad"}]},{"@type":"WebSite","@id":"https:\/\/truusk.store\/sv\/#website","url":"https:\/\/truusk.store\/sv\/","name":"TRUUSK - Hem, Tr\u00e4dg\u00e5rd & Fritid","description":"","publisher":{"@id":"https:\/\/truusk.store\/sv\/#organization"},"potentialAction":[{"@type":"SearchAction","target":{"@type":"EntryPoint","urlTemplate":"https:\/\/truusk.store\/sv\/?s={search_term_string}"},"query-input":{"@type":"PropertyValueSpecification","valueRequired":true,"valueName":"search_term_string"}}],"inLanguage":"sv-SE"},{"@type":"Organization","@id":"https:\/\/truusk.store\/sv\/#organization","name":"TRUUSK - Hem, Tr\u00e4dg\u00e5rd & Fritid","url":"https:\/\/truusk.store\/sv\/","logo":{"@type":"ImageObject","inLanguage":"sv-SE","@id":"https:\/\/truusk.store\/sv\/#\/schema\/logo\/image\/","url":"https:\/\/i0.wp.com\/truusk.store\/wp-content\/uploads\/2026\/03\/cropped-TRUUSK.png?fit=2032%2C917&ssl=1","contentUrl":"https:\/\/i0.wp.com\/truusk.store\/wp-content\/uploads\/2026\/03\/cropped-TRUUSK.png?fit=2032%2C917&ssl=1","width":2032,"height":917,"caption":"TRUUSK - Hem, Tr\u00e4dg\u00e5rd & Fritid"},"image":{"@id":"https:\/\/truusk.store\/sv\/#\/schema\/logo\/image\/"}}]}},"jetpack_sharing_enabled":true,"_links":{"self":[{"href":"https:\/\/truusk.store\/sv\/wp-json\/wp\/v2\/product\/98936","targetHints":{"allow":["GET"]}}],"collection":[{"href":"https:\/\/truusk.store\/sv\/wp-json\/wp\/v2\/product"}],"about":[{"href":"https:\/\/truusk.store\/sv\/wp-json\/wp\/v2\/types\/product"}],"wp:featuredmedia":[{"embeddable":true,"href":"https:\/\/truusk.store\/sv\/wp-json\/wp\/v2\/media\/98925"}],"wp:attachment":[{"href":"https:\/\/truusk.store\/sv\/wp-json\/wp\/v2\/media?parent=98936"}],"wp:term":[{"taxonomy":"product_brand","embeddable":true,"href":"https:\/\/truusk.store\/sv\/wp-json\/wp\/v2\/product_brand?post=98936"},{"taxonomy":"product_cat","embeddable":true,"href":"https:\/\/truusk.store\/sv\/wp-json\/wp\/v2\/product_cat?post=98936"},{"taxonomy":"product_tag","embeddable":true,"href":"https:\/\/truusk.store\/sv\/wp-json\/wp\/v2\/product_tag?post=98936"}],"curies":[{"name":"wp","href":"https:\/\/api.w.org\/{rel}","templated":true}]}}