{"id":98945,"date":"2026-01-06T13:38:42","date_gmt":"2026-01-06T12:38:42","guid":{"rendered":"https:\/\/truusk.store\/product\/vaggkonst-vaggdekoration-med-metallram-modern-stil-svartguld\/"},"modified":"2026-03-12T08:50:54","modified_gmt":"2026-03-12T07:50:54","slug":"truusk-modern-vaggkonst-med-metallram-svart-och-guld-dekorativt-tillskott-till-ditt-hem","status":"publish","type":"product","link":"https:\/\/truusk.store\/sv\/produkt\/truusk-modern-vaggkonst-med-metallram-svart-och-guld-dekorativt-tillskott-till-ditt-hem\/","title":{"rendered":"TRUUSK Modern V\u00e4ggkonst med Metallram &#8211; Svart och Guld &#8211; Dekorativt tillskott till ditt hem"},"content":{"rendered":"<p> Ett kalt omr\u00e5de g\u00f6r ditt vardagsrum kallt och utan inspiration, utan att visa din egen stil. [BRAND NAME] v\u00e4ggm\u00e5lning f\u00f6rvandlar detta tomma utrymme till en imponerande blickf\u00e5ngare. Den presenterar sig i en slank design med oregelbundna, eleganta cirkul\u00e4ra skivor som ger djup, textur och en modern touch. Oavsett om det h\u00e4ngs vertikalt eller horisontellt, reflekterar denna metallbild din personlighet och g\u00f6r ditt hem inbjudande och stilfullt.<\/p>\n<p> Beskrivning:<\/p>\n<ul>\n<li> Oregelbundna runda skivor av v\u00e4ggdekorationen ger ditt rum omedelbart en konstn\u00e4rlig flair<\/li>\n<li> H\u00e4ng v\u00e4ggdekorationen vertikalt eller horisontellt, vilket m\u00f6jligg\u00f6r individuella, unika v\u00e4ggarrangemang<\/li>\n<li> Kommer helt monterad f\u00f6r en snabb och enkel installation<\/li>\n<li> Metallram med bakad f\u00e4rg garanterar rostfrihet och h\u00e5llbarhet<\/li>\n<li> Den m\u00e5ngsidiga moderna stilen p\u00e5 v\u00e4ggdekorationen kompletterar perfekt ditt vardagsrum, sovrum eller kontor<\/li>\n<li> En elegant och of\u00f6rgl\u00f6mlig present f\u00f6r inflyttningsfester och speciella tillf\u00e4llen<\/li>\n<\/ul>\n<p> Tekniska specifikationer:<\/p>\n<ul>\n<li> F\u00e4rg: Svart+Ljusguld<\/li>\n<li> Material: Metall<\/li>\n<li> Totala dimensioner: 134L x 7B x 29H cm<\/li>\n<li> Tillbeh\u00f6r: Skruvp\u00e5se<\/li>\n<li> Montering: Ingen montering kr\u00e4vs<\/li>\n<\/ul>\n<p> Leveransinneh\u00e5ll:<\/p>\n<ul>\n<li> 1 x Metallv\u00e4ggkonst;<\/li>\n<\/ul>\n","protected":false},"excerpt":{"rendered":"<p>Ett kalt omr\u00e5de g\u00f6r ditt vardagsrum kallt och utan inspiration, utan att visa din egen stil. [BRAND NAME] v\u00e4ggm\u00e5lning f\u00f6rvandlar&#8230;<\/p>\n","protected":false},"featured_media":98935,"template":"","meta":[],"product_brand":[],"product_cat":[962,871,683],"product_tag":[],"class_list":{"0":"post-98945","1":"product","2":"type-product","3":"status-publish","4":"has-post-thumbnail","6":"product_cat-dekoration","7":"product_cat-hus-hem","8":"product_cat-vaggdekoration","10":"first","11":"instock","12":"sale","13":"taxable","14":"shipping-taxable","15":"purchasable","16":"product-type-simple"},"yoast_head":"<!-- This site is optimized with the Yoast SEO plugin v25.4 - https:\/\/yoast.com\/wordpress\/plugins\/seo\/ -->\n<title>TRUUSK Modern V\u00e4ggkonst med Metallram - Svart och Guld - Dekorativt tillskott till ditt hem - TRUUSK - Hem, Tr\u00e4dg\u00e5rd &amp; Fritid<\/title>\n<meta name=\"robots\" content=\"index, follow, max-snippet:-1, max-image-preview:large, max-video-preview:-1\" \/>\n<link rel=\"canonical\" href=\"https:\/\/truusk.store\/sv\/produkt\/truusk-modern-vaggkonst-med-metallram-svart-och-guld-dekorativt-tillskott-till-ditt-hem\/\" \/>\n<meta property=\"og:locale\" content=\"sv_SE\" \/>\n<meta property=\"og:type\" content=\"article\" \/>\n<meta property=\"og:title\" content=\"TRUUSK Modern V\u00e4ggkonst med Metallram - Svart och Guld - Dekorativt tillskott till ditt hem - TRUUSK - Hem, Tr\u00e4dg\u00e5rd &amp; Fritid\" \/>\n<meta property=\"og:description\" content=\"Ett kalt omr\u00e5de g\u00f6r ditt vardagsrum kallt och utan inspiration, utan att visa din egen stil. [BRAND NAME] v\u00e4ggm\u00e5lning f\u00f6rvandlar...\" \/>\n<meta property=\"og:url\" content=\"https:\/\/truusk.store\/sv\/produkt\/truusk-modern-vaggkonst-med-metallram-svart-och-guld-dekorativt-tillskott-till-ditt-hem\/\" \/>\n<meta property=\"og:site_name\" content=\"TRUUSK - Hem, Tr\u00e4dg\u00e5rd &amp; Fritid\" \/>\n<meta property=\"article:modified_time\" content=\"2026-03-12T07:50:54+00:00\" \/>\n<meta property=\"og:image\" content=\"https:\/\/i0.wp.com\/truusk.se\/wp-content\/uploads\/2026\/01\/vaggkonst-vaggdekoration-med-metallram-modern-stil-svartguld-1.webp?fit=2000%2C2000&ssl=1\" \/>\n\t<meta property=\"og:image:width\" content=\"2000\" \/>\n\t<meta property=\"og:image:height\" content=\"2000\" \/>\n\t<meta property=\"og:image:type\" content=\"image\/webp\" \/>\n<meta name=\"twitter:card\" content=\"summary_large_image\" \/>\n<meta name=\"twitter:label1\" content=\"Ber\u00e4knad l\u00e4stid\" \/>\n\t<meta name=\"twitter:data1\" content=\"1 minut\" \/>\n<!-- \/ Yoast SEO plugin. -->","yoast_head_json":{"title":"TRUUSK Modern V\u00e4ggkonst med Metallram - Svart och Guld - Dekorativt tillskott till ditt hem - TRUUSK - Hem, Tr\u00e4dg\u00e5rd &amp; Fritid","robots":{"index":"index","follow":"follow","max-snippet":"max-snippet:-1","max-image-preview":"max-image-preview:large","max-video-preview":"max-video-preview:-1"},"canonical":"https:\/\/truusk.store\/sv\/produkt\/truusk-modern-vaggkonst-med-metallram-svart-och-guld-dekorativt-tillskott-till-ditt-hem\/","og_locale":"sv_SE","og_type":"article","og_title":"TRUUSK Modern V\u00e4ggkonst med Metallram - Svart och Guld - Dekorativt tillskott till ditt hem - TRUUSK - Hem, Tr\u00e4dg\u00e5rd &amp; Fritid","og_description":"Ett kalt omr\u00e5de g\u00f6r ditt vardagsrum kallt och utan inspiration, utan att visa din egen stil. [BRAND NAME] v\u00e4ggm\u00e5lning f\u00f6rvandlar...","og_url":"https:\/\/truusk.store\/sv\/produkt\/truusk-modern-vaggkonst-med-metallram-svart-och-guld-dekorativt-tillskott-till-ditt-hem\/","og_site_name":"TRUUSK - Hem, Tr\u00e4dg\u00e5rd &amp; Fritid","article_modified_time":"2026-03-12T07:50:54+00:00","og_image":[{"width":2000,"height":2000,"url":"https:\/\/i0.wp.com\/truusk.se\/wp-content\/uploads\/2026\/01\/vaggkonst-vaggdekoration-med-metallram-modern-stil-svartguld-1.webp?fit=2000%2C2000&ssl=1","type":"image\/webp"}],"twitter_card":"summary_large_image","twitter_misc":{"Ber\u00e4knad l\u00e4stid":"1 minut"},"schema":{"@context":"https:\/\/schema.org","@graph":[{"@type":"WebPage","@id":"https:\/\/truusk.store\/sv\/produkt\/truusk-modern-vaggkonst-med-metallram-svart-och-guld-dekorativt-tillskott-till-ditt-hem\/","url":"https:\/\/truusk.store\/sv\/produkt\/truusk-modern-vaggkonst-med-metallram-svart-och-guld-dekorativt-tillskott-till-ditt-hem\/","name":"TRUUSK Modern V\u00e4ggkonst med Metallram - Svart och Guld - Dekorativt tillskott till ditt hem - TRUUSK - Hem, Tr\u00e4dg\u00e5rd &amp; Fritid","isPartOf":{"@id":"https:\/\/truusk.store\/sv\/#website"},"primaryImageOfPage":{"@id":"https:\/\/truusk.store\/sv\/produkt\/truusk-modern-vaggkonst-med-metallram-svart-och-guld-dekorativt-tillskott-till-ditt-hem\/#primaryimage"},"image":{"@id":"https:\/\/truusk.store\/sv\/produkt\/truusk-modern-vaggkonst-med-metallram-svart-och-guld-dekorativt-tillskott-till-ditt-hem\/#primaryimage"},"thumbnailUrl":"https:\/\/i0.wp.com\/truusk.store\/wp-content\/uploads\/2026\/01\/vaggkonst-vaggdekoration-med-metallram-modern-stil-svartguld-1.webp?fit=2000%2C2000&ssl=1","datePublished":"2026-01-06T12:38:42+00:00","dateModified":"2026-03-12T07:50:54+00:00","breadcrumb":{"@id":"https:\/\/truusk.store\/sv\/produkt\/truusk-modern-vaggkonst-med-metallram-svart-och-guld-dekorativt-tillskott-till-ditt-hem\/#breadcrumb"},"inLanguage":"sv-SE","potentialAction":[{"@type":"ReadAction","target":["https:\/\/truusk.store\/sv\/produkt\/truusk-modern-vaggkonst-med-metallram-svart-och-guld-dekorativt-tillskott-till-ditt-hem\/"]}]},{"@type":"ImageObject","inLanguage":"sv-SE","@id":"https:\/\/truusk.store\/sv\/produkt\/truusk-modern-vaggkonst-med-metallram-svart-och-guld-dekorativt-tillskott-till-ditt-hem\/#primaryimage","url":"https:\/\/i0.wp.com\/truusk.store\/wp-content\/uploads\/2026\/01\/vaggkonst-vaggdekoration-med-metallram-modern-stil-svartguld-1.webp?fit=2000%2C2000&ssl=1","contentUrl":"https:\/\/i0.wp.com\/truusk.store\/wp-content\/uploads\/2026\/01\/vaggkonst-vaggdekoration-med-metallram-modern-stil-svartguld-1.webp?fit=2000%2C2000&ssl=1","width":2000,"height":2000},{"@type":"BreadcrumbList","@id":"https:\/\/truusk.store\/sv\/produkt\/truusk-modern-vaggkonst-med-metallram-svart-och-guld-dekorativt-tillskott-till-ditt-hem\/#breadcrumb","itemListElement":[{"@type":"ListItem","position":1,"name":"Home","item":"https:\/\/truusk.store\/sv\/"},{"@type":"ListItem","position":2,"name":"Shop","item":"https:\/\/truusk.store\/shop\/"},{"@type":"ListItem","position":3,"name":"TRUUSK Modern V\u00e4ggkonst med Metallram &#8211; Svart och Guld &#8211; Dekorativt tillskott till ditt hem"}]},{"@type":"WebSite","@id":"https:\/\/truusk.store\/sv\/#website","url":"https:\/\/truusk.store\/sv\/","name":"TRUUSK - Hem, Tr\u00e4dg\u00e5rd & Fritid","description":"","publisher":{"@id":"https:\/\/truusk.store\/sv\/#organization"},"potentialAction":[{"@type":"SearchAction","target":{"@type":"EntryPoint","urlTemplate":"https:\/\/truusk.store\/sv\/?s={search_term_string}"},"query-input":{"@type":"PropertyValueSpecification","valueRequired":true,"valueName":"search_term_string"}}],"inLanguage":"sv-SE"},{"@type":"Organization","@id":"https:\/\/truusk.store\/sv\/#organization","name":"TRUUSK - Hem, Tr\u00e4dg\u00e5rd & Fritid","url":"https:\/\/truusk.store\/sv\/","logo":{"@type":"ImageObject","inLanguage":"sv-SE","@id":"https:\/\/truusk.store\/sv\/#\/schema\/logo\/image\/","url":"https:\/\/i0.wp.com\/truusk.store\/wp-content\/uploads\/2026\/03\/cropped-TRUUSK.png?fit=2032%2C917&ssl=1","contentUrl":"https:\/\/i0.wp.com\/truusk.store\/wp-content\/uploads\/2026\/03\/cropped-TRUUSK.png?fit=2032%2C917&ssl=1","width":2032,"height":917,"caption":"TRUUSK - Hem, Tr\u00e4dg\u00e5rd & Fritid"},"image":{"@id":"https:\/\/truusk.store\/sv\/#\/schema\/logo\/image\/"}}]}},"jetpack_sharing_enabled":true,"_links":{"self":[{"href":"https:\/\/truusk.store\/sv\/wp-json\/wp\/v2\/product\/98945","targetHints":{"allow":["GET"]}}],"collection":[{"href":"https:\/\/truusk.store\/sv\/wp-json\/wp\/v2\/product"}],"about":[{"href":"https:\/\/truusk.store\/sv\/wp-json\/wp\/v2\/types\/product"}],"wp:featuredmedia":[{"embeddable":true,"href":"https:\/\/truusk.store\/sv\/wp-json\/wp\/v2\/media\/98935"}],"wp:attachment":[{"href":"https:\/\/truusk.store\/sv\/wp-json\/wp\/v2\/media?parent=98945"}],"wp:term":[{"taxonomy":"product_brand","embeddable":true,"href":"https:\/\/truusk.store\/sv\/wp-json\/wp\/v2\/product_brand?post=98945"},{"taxonomy":"product_cat","embeddable":true,"href":"https:\/\/truusk.store\/sv\/wp-json\/wp\/v2\/product_cat?post=98945"},{"taxonomy":"product_tag","embeddable":true,"href":"https:\/\/truusk.store\/sv\/wp-json\/wp\/v2\/product_tag?post=98945"}],"curies":[{"name":"wp","href":"https:\/\/api.w.org\/{rel}","templated":true}]}}