{"id":98955,"date":"2026-01-06T13:39:41","date_gmt":"2026-01-06T12:39:41","guid":{"rendered":"https:\/\/truusk.store\/product\/vaggkonst-i-metall-fiskdesign-rostbestandig-modern-stil-elegant-ljusbla\/"},"modified":"2026-03-12T08:50:54","modified_gmt":"2026-03-12T07:50:54","slug":"truusk-vaggkonst-i-metall-fiskdesign-rostbestandig-modern-stil-elegant-ljusbla","status":"publish","type":"product","link":"https:\/\/truusk.store\/sv\/produkt\/truusk-vaggkonst-i-metall-fiskdesign-rostbestandig-modern-stil-elegant-ljusbla\/","title":{"rendered":"TRUUSK V\u00e4ggkonst i Metall &#8211; Fiskdesign &#8211; Rostbest\u00e4ndig &#8211; Modern Stil &#8211; Elegant &#8211; Ljusbl\u00e5"},"content":{"rendered":"<p>En tom, stor v\u00e4ggyta kan f\u00e5 ditt vardagsrum att se kalt och inspirationsl\u00f6st ut \u2013 en f\u00f6rlorad m\u00f6jlighet till personlig uttrycksfullhet som g\u00f6r rummet vardagligt. Denna [BRAND NAME] metallv\u00e4ggkonst f\u00f6rvandlar detta tomma utrymme till en f\u00e4ngslande mittpunkt. Dess stora, galleriliknande format och moderna design med bl\u00e5a och ljusguldiga fiskar l\u00e4ngs dynamiska guldlinjer ger en livlig och elegant atmosf\u00e4r som full\u00e4ndar ditt hem.<\/p>\n<p>Beskrivning:<\/p>\n<ul>\n<li> Fiskdesignen p\u00e5 v\u00e4ggdekorationen ger omedelbart ditt rum en levande elegans och konstn\u00e4rlig flair<\/li>\n<li> Kommer helt monterad f\u00f6r en snabb och enkel installation<\/li>\n<li> Metallramen med baklackering av v\u00e4ggdekorationen garanterar rostbest\u00e4ndighet och l\u00e5ngvarig h\u00e5llbarhet<\/li>\n<li> Den m\u00e5ngsidiga moderna stilen p\u00e5 v\u00e4ggdekorationen kompletterar perfekt ditt vardagsrum, sovrum eller kontor<\/li>\n<li> En elegant och of\u00f6rgl\u00f6mlig g\u00e5va f\u00f6r inflyttningsfester och speciella tillf\u00e4llen<\/li>\n<\/ul>\n<p> Tekniska specifikationer:<\/p>\n<ul>\n<li> F\u00e4rg: Ljusguld+Ljusbl\u00e5<\/li>\n<li> Material: Metall<\/li>\n<li> Totala dimensioner: 99,7L x 3,8B x 50,2H cm<\/li>\n<li> Tillbeh\u00f6r: Skruvp\u00e5se<\/li>\n<li> Montering: Ingen montering kr\u00e4vs<\/li>\n<\/ul>\n<p>Leveransinneh\u00e5ll:<\/p>\n<ul>\n<li> 1 x Metallv\u00e4ggkonst<\/li>\n<li> 1 x Bruksanvisning<\/li>\n<\/ul>\n","protected":false},"excerpt":{"rendered":"<p>En tom, stor v\u00e4ggyta kan f\u00e5 ditt vardagsrum att se kalt och inspirationsl\u00f6st ut \u2013 en f\u00f6rlorad m\u00f6jlighet till personlig&#8230;<\/p>\n","protected":false},"featured_media":98946,"template":"","meta":[],"product_brand":[],"product_cat":[962,871,683],"product_tag":[],"class_list":{"0":"post-98955","1":"product","2":"type-product","3":"status-publish","4":"has-post-thumbnail","6":"product_cat-dekoration","7":"product_cat-hus-hem","8":"product_cat-vaggdekoration","10":"first","11":"instock","12":"sale","13":"taxable","14":"shipping-taxable","15":"purchasable","16":"product-type-simple"},"yoast_head":"<!-- This site is optimized with the Yoast SEO plugin v25.4 - https:\/\/yoast.com\/wordpress\/plugins\/seo\/ -->\n<title>TRUUSK V\u00e4ggkonst i Metall - Fiskdesign - Rostbest\u00e4ndig - Modern Stil - Elegant - Ljusbl\u00e5 - TRUUSK - Hem, Tr\u00e4dg\u00e5rd &amp; Fritid<\/title>\n<meta name=\"robots\" content=\"index, follow, max-snippet:-1, max-image-preview:large, max-video-preview:-1\" \/>\n<link rel=\"canonical\" href=\"https:\/\/truusk.store\/sv\/produkt\/truusk-vaggkonst-i-metall-fiskdesign-rostbestandig-modern-stil-elegant-ljusbla\/\" \/>\n<meta property=\"og:locale\" content=\"sv_SE\" \/>\n<meta property=\"og:type\" content=\"article\" \/>\n<meta property=\"og:title\" content=\"TRUUSK V\u00e4ggkonst i Metall - Fiskdesign - Rostbest\u00e4ndig - Modern Stil - Elegant - Ljusbl\u00e5 - TRUUSK - Hem, Tr\u00e4dg\u00e5rd &amp; Fritid\" \/>\n<meta property=\"og:description\" content=\"En tom, stor v\u00e4ggyta kan f\u00e5 ditt vardagsrum att se kalt och inspirationsl\u00f6st ut \u2013 en f\u00f6rlorad m\u00f6jlighet till personlig...\" \/>\n<meta property=\"og:url\" content=\"https:\/\/truusk.store\/sv\/produkt\/truusk-vaggkonst-i-metall-fiskdesign-rostbestandig-modern-stil-elegant-ljusbla\/\" \/>\n<meta property=\"og:site_name\" content=\"TRUUSK - Hem, Tr\u00e4dg\u00e5rd &amp; Fritid\" \/>\n<meta property=\"article:modified_time\" content=\"2026-03-12T07:50:54+00:00\" \/>\n<meta property=\"og:image\" content=\"https:\/\/i0.wp.com\/truusk.se\/wp-content\/uploads\/2026\/01\/vaggkonst-i-metall-fiskdesign-rostbestandig-modern-stil-elegant-ljusbla-1.webp?fit=2000%2C2000&ssl=1\" \/>\n\t<meta property=\"og:image:width\" content=\"2000\" \/>\n\t<meta property=\"og:image:height\" content=\"2000\" \/>\n\t<meta property=\"og:image:type\" content=\"image\/webp\" \/>\n<meta name=\"twitter:card\" content=\"summary_large_image\" \/>\n<meta name=\"twitter:label1\" content=\"Ber\u00e4knad l\u00e4stid\" \/>\n\t<meta name=\"twitter:data1\" content=\"1 minut\" \/>\n<!-- \/ Yoast SEO plugin. -->","yoast_head_json":{"title":"TRUUSK V\u00e4ggkonst i Metall - Fiskdesign - Rostbest\u00e4ndig - Modern Stil - Elegant - Ljusbl\u00e5 - TRUUSK - Hem, Tr\u00e4dg\u00e5rd &amp; Fritid","robots":{"index":"index","follow":"follow","max-snippet":"max-snippet:-1","max-image-preview":"max-image-preview:large","max-video-preview":"max-video-preview:-1"},"canonical":"https:\/\/truusk.store\/sv\/produkt\/truusk-vaggkonst-i-metall-fiskdesign-rostbestandig-modern-stil-elegant-ljusbla\/","og_locale":"sv_SE","og_type":"article","og_title":"TRUUSK V\u00e4ggkonst i Metall - Fiskdesign - Rostbest\u00e4ndig - Modern Stil - Elegant - Ljusbl\u00e5 - TRUUSK - Hem, Tr\u00e4dg\u00e5rd &amp; Fritid","og_description":"En tom, stor v\u00e4ggyta kan f\u00e5 ditt vardagsrum att se kalt och inspirationsl\u00f6st ut \u2013 en f\u00f6rlorad m\u00f6jlighet till personlig...","og_url":"https:\/\/truusk.store\/sv\/produkt\/truusk-vaggkonst-i-metall-fiskdesign-rostbestandig-modern-stil-elegant-ljusbla\/","og_site_name":"TRUUSK - Hem, Tr\u00e4dg\u00e5rd &amp; Fritid","article_modified_time":"2026-03-12T07:50:54+00:00","og_image":[{"width":2000,"height":2000,"url":"https:\/\/i0.wp.com\/truusk.se\/wp-content\/uploads\/2026\/01\/vaggkonst-i-metall-fiskdesign-rostbestandig-modern-stil-elegant-ljusbla-1.webp?fit=2000%2C2000&ssl=1","type":"image\/webp"}],"twitter_card":"summary_large_image","twitter_misc":{"Ber\u00e4knad l\u00e4stid":"1 minut"},"schema":{"@context":"https:\/\/schema.org","@graph":[{"@type":"WebPage","@id":"https:\/\/truusk.store\/sv\/produkt\/truusk-vaggkonst-i-metall-fiskdesign-rostbestandig-modern-stil-elegant-ljusbla\/","url":"https:\/\/truusk.store\/sv\/produkt\/truusk-vaggkonst-i-metall-fiskdesign-rostbestandig-modern-stil-elegant-ljusbla\/","name":"TRUUSK V\u00e4ggkonst i Metall - Fiskdesign - Rostbest\u00e4ndig - Modern Stil - Elegant - Ljusbl\u00e5 - TRUUSK - Hem, Tr\u00e4dg\u00e5rd &amp; Fritid","isPartOf":{"@id":"https:\/\/truusk.store\/sv\/#website"},"primaryImageOfPage":{"@id":"https:\/\/truusk.store\/sv\/produkt\/truusk-vaggkonst-i-metall-fiskdesign-rostbestandig-modern-stil-elegant-ljusbla\/#primaryimage"},"image":{"@id":"https:\/\/truusk.store\/sv\/produkt\/truusk-vaggkonst-i-metall-fiskdesign-rostbestandig-modern-stil-elegant-ljusbla\/#primaryimage"},"thumbnailUrl":"https:\/\/i0.wp.com\/truusk.store\/wp-content\/uploads\/2026\/01\/vaggkonst-i-metall-fiskdesign-rostbestandig-modern-stil-elegant-ljusbla-1.webp?fit=2000%2C2000&ssl=1","datePublished":"2026-01-06T12:39:41+00:00","dateModified":"2026-03-12T07:50:54+00:00","breadcrumb":{"@id":"https:\/\/truusk.store\/sv\/produkt\/truusk-vaggkonst-i-metall-fiskdesign-rostbestandig-modern-stil-elegant-ljusbla\/#breadcrumb"},"inLanguage":"sv-SE","potentialAction":[{"@type":"ReadAction","target":["https:\/\/truusk.store\/sv\/produkt\/truusk-vaggkonst-i-metall-fiskdesign-rostbestandig-modern-stil-elegant-ljusbla\/"]}]},{"@type":"ImageObject","inLanguage":"sv-SE","@id":"https:\/\/truusk.store\/sv\/produkt\/truusk-vaggkonst-i-metall-fiskdesign-rostbestandig-modern-stil-elegant-ljusbla\/#primaryimage","url":"https:\/\/i0.wp.com\/truusk.store\/wp-content\/uploads\/2026\/01\/vaggkonst-i-metall-fiskdesign-rostbestandig-modern-stil-elegant-ljusbla-1.webp?fit=2000%2C2000&ssl=1","contentUrl":"https:\/\/i0.wp.com\/truusk.store\/wp-content\/uploads\/2026\/01\/vaggkonst-i-metall-fiskdesign-rostbestandig-modern-stil-elegant-ljusbla-1.webp?fit=2000%2C2000&ssl=1","width":2000,"height":2000},{"@type":"BreadcrumbList","@id":"https:\/\/truusk.store\/sv\/produkt\/truusk-vaggkonst-i-metall-fiskdesign-rostbestandig-modern-stil-elegant-ljusbla\/#breadcrumb","itemListElement":[{"@type":"ListItem","position":1,"name":"Home","item":"https:\/\/truusk.store\/sv\/"},{"@type":"ListItem","position":2,"name":"Shop","item":"https:\/\/truusk.store\/shop\/"},{"@type":"ListItem","position":3,"name":"TRUUSK V\u00e4ggkonst i Metall &#8211; Fiskdesign &#8211; Rostbest\u00e4ndig &#8211; Modern Stil &#8211; Elegant &#8211; Ljusbl\u00e5"}]},{"@type":"WebSite","@id":"https:\/\/truusk.store\/sv\/#website","url":"https:\/\/truusk.store\/sv\/","name":"TRUUSK - Hem, Tr\u00e4dg\u00e5rd & Fritid","description":"","publisher":{"@id":"https:\/\/truusk.store\/sv\/#organization"},"potentialAction":[{"@type":"SearchAction","target":{"@type":"EntryPoint","urlTemplate":"https:\/\/truusk.store\/sv\/?s={search_term_string}"},"query-input":{"@type":"PropertyValueSpecification","valueRequired":true,"valueName":"search_term_string"}}],"inLanguage":"sv-SE"},{"@type":"Organization","@id":"https:\/\/truusk.store\/sv\/#organization","name":"TRUUSK - Hem, Tr\u00e4dg\u00e5rd & Fritid","url":"https:\/\/truusk.store\/sv\/","logo":{"@type":"ImageObject","inLanguage":"sv-SE","@id":"https:\/\/truusk.store\/sv\/#\/schema\/logo\/image\/","url":"https:\/\/i0.wp.com\/truusk.store\/wp-content\/uploads\/2026\/03\/cropped-TRUUSK.png?fit=2032%2C917&ssl=1","contentUrl":"https:\/\/i0.wp.com\/truusk.store\/wp-content\/uploads\/2026\/03\/cropped-TRUUSK.png?fit=2032%2C917&ssl=1","width":2032,"height":917,"caption":"TRUUSK - Hem, Tr\u00e4dg\u00e5rd & Fritid"},"image":{"@id":"https:\/\/truusk.store\/sv\/#\/schema\/logo\/image\/"}}]}},"jetpack_sharing_enabled":true,"_links":{"self":[{"href":"https:\/\/truusk.store\/sv\/wp-json\/wp\/v2\/product\/98955","targetHints":{"allow":["GET"]}}],"collection":[{"href":"https:\/\/truusk.store\/sv\/wp-json\/wp\/v2\/product"}],"about":[{"href":"https:\/\/truusk.store\/sv\/wp-json\/wp\/v2\/types\/product"}],"wp:featuredmedia":[{"embeddable":true,"href":"https:\/\/truusk.store\/sv\/wp-json\/wp\/v2\/media\/98946"}],"wp:attachment":[{"href":"https:\/\/truusk.store\/sv\/wp-json\/wp\/v2\/media?parent=98955"}],"wp:term":[{"taxonomy":"product_brand","embeddable":true,"href":"https:\/\/truusk.store\/sv\/wp-json\/wp\/v2\/product_brand?post=98955"},{"taxonomy":"product_cat","embeddable":true,"href":"https:\/\/truusk.store\/sv\/wp-json\/wp\/v2\/product_cat?post=98955"},{"taxonomy":"product_tag","embeddable":true,"href":"https:\/\/truusk.store\/sv\/wp-json\/wp\/v2\/product_tag?post=98955"}],"curies":[{"name":"wp","href":"https:\/\/api.w.org\/{rel}","templated":true}]}}