{"id":98965,"date":"2026-01-06T13:40:44","date_gmt":"2026-01-06T12:40:44","guid":{"rendered":"https:\/\/truusk.store\/product\/metallram-med-lovdesign-vaggdekoration-modern-stil-guld-fargad\/"},"modified":"2026-03-12T08:50:57","modified_gmt":"2026-03-12T07:50:57","slug":"truusk-metallram-med-lovdesign-vaggdekoration-i-modern-stil-guld-fargad","status":"publish","type":"product","link":"https:\/\/truusk.store\/sv\/produkt\/truusk-metallram-med-lovdesign-vaggdekoration-i-modern-stil-guld-fargad\/","title":{"rendered":"TRUUSK Metallram med L\u00f6vdesign &#8211; V\u00e4ggdekoration i Modern Stil &#8211; Guld F\u00e4rgad"},"content":{"rendered":"<p>En blick p\u00e5 den stora, tomma v\u00e4ggen kan f\u00e5 ditt vardagsrum att se kalt och id\u00e9l\u00f6st ut \u2013 en missad chans f\u00f6r individuell design. [BRAND NAME] v\u00e4ggdekoration f\u00f6r vardagsrummet f\u00f6rvandlar denna tomhet till en blickf\u00e5ngare. Med galleriliknande dimensioner och modern design i guldlovsutseende ger v\u00e4ggdekorationen ditt rum en uppslukande, elegant atmosf\u00e4r och full\u00e4ndar den totala bilden av ditt hem perfekt.<\/p>\n<p>Beskrivning:<\/p>\n<ul>\n<li> Bladdesignen p\u00e5 v\u00e4ggm\u00e5lningen ger ditt rum omedelbar naturlig elegans och konstn\u00e4rlig flair<\/li>\n<li> Kommer helt monterad f\u00f6r snabb och enkel installation<\/li>\n<li> Metallramen med bakad f\u00e4rg p\u00e5 v\u00e4ggdekorationen garanterar rostbest\u00e4ndighet och l\u00e5ngvarig h\u00e5llbarhet<\/li>\n<li> M\u00e5ngsidig modern stil som passar perfekt i ditt vardagsrum, sovrum eller kontor<\/li>\n<li> En elegant och of\u00f6rgl\u00f6mlig present f\u00f6r inflyttningsfester och speciella tillf\u00e4llen<\/li>\n<\/ul>\n<p> Tekniska specifikationer:<\/p>\n<ul>\n<li> F\u00e4rg: Guld<\/li>\n<li> Material: Metall<\/li>\n<li> Totala dimensioner: 70L x 2,5B x 70H cm<\/li>\n<li> Tillbeh\u00f6r: P\u00e5se med skruvar<\/li>\n<li> Montering: Ingen montering kr\u00e4vs<\/li>\n<\/ul>\n<p>Leverans inneh\u00e5ller:<\/p>\n<ul>\n<li> 1 x Metallv\u00e4ggkonst<\/li>\n<li> 1 x Handbok<\/li>\n<\/ul>\n","protected":false},"excerpt":{"rendered":"<p>En blick p\u00e5 den stora, tomma v\u00e4ggen kan f\u00e5 ditt vardagsrum att se kalt och id\u00e9l\u00f6st ut \u2013 en missad&#8230;<\/p>\n","protected":false},"featured_media":98956,"template":"","meta":[],"product_brand":[],"product_cat":[962,871,683],"product_tag":[],"class_list":{"0":"post-98965","1":"product","2":"type-product","3":"status-publish","4":"has-post-thumbnail","6":"product_cat-dekoration","7":"product_cat-hus-hem","8":"product_cat-vaggdekoration","10":"first","11":"instock","12":"sale","13":"taxable","14":"shipping-taxable","15":"purchasable","16":"product-type-simple"},"yoast_head":"<!-- This site is optimized with the Yoast SEO plugin v25.4 - https:\/\/yoast.com\/wordpress\/plugins\/seo\/ -->\n<title>TRUUSK Metallram med L\u00f6vdesign - V\u00e4ggdekoration i Modern Stil - Guld F\u00e4rgad - TRUUSK - Hem, Tr\u00e4dg\u00e5rd &amp; Fritid<\/title>\n<meta name=\"robots\" content=\"index, follow, max-snippet:-1, max-image-preview:large, max-video-preview:-1\" \/>\n<link rel=\"canonical\" href=\"https:\/\/truusk.store\/sv\/produkt\/truusk-metallram-med-lovdesign-vaggdekoration-i-modern-stil-guld-fargad\/\" \/>\n<meta property=\"og:locale\" content=\"sv_SE\" \/>\n<meta property=\"og:type\" content=\"article\" \/>\n<meta property=\"og:title\" content=\"TRUUSK Metallram med L\u00f6vdesign - V\u00e4ggdekoration i Modern Stil - Guld F\u00e4rgad - TRUUSK - Hem, Tr\u00e4dg\u00e5rd &amp; Fritid\" \/>\n<meta property=\"og:description\" content=\"En blick p\u00e5 den stora, tomma v\u00e4ggen kan f\u00e5 ditt vardagsrum att se kalt och id\u00e9l\u00f6st ut \u2013 en missad...\" \/>\n<meta property=\"og:url\" content=\"https:\/\/truusk.store\/sv\/produkt\/truusk-metallram-med-lovdesign-vaggdekoration-i-modern-stil-guld-fargad\/\" \/>\n<meta property=\"og:site_name\" content=\"TRUUSK - Hem, Tr\u00e4dg\u00e5rd &amp; Fritid\" \/>\n<meta property=\"article:modified_time\" content=\"2026-03-12T07:50:57+00:00\" \/>\n<meta property=\"og:image\" content=\"https:\/\/i0.wp.com\/truusk.se\/wp-content\/uploads\/2026\/01\/metallram-med-lovdesign-vaggdekoration-modern-stil-guld-fargad-1.webp?fit=2000%2C2000&ssl=1\" \/>\n\t<meta property=\"og:image:width\" content=\"2000\" \/>\n\t<meta property=\"og:image:height\" content=\"2000\" \/>\n\t<meta property=\"og:image:type\" content=\"image\/webp\" \/>\n<meta name=\"twitter:card\" content=\"summary_large_image\" \/>\n<meta name=\"twitter:label1\" content=\"Ber\u00e4knad l\u00e4stid\" \/>\n\t<meta name=\"twitter:data1\" content=\"1 minut\" \/>\n<!-- \/ Yoast SEO plugin. -->","yoast_head_json":{"title":"TRUUSK Metallram med L\u00f6vdesign - V\u00e4ggdekoration i Modern Stil - Guld F\u00e4rgad - TRUUSK - Hem, Tr\u00e4dg\u00e5rd &amp; Fritid","robots":{"index":"index","follow":"follow","max-snippet":"max-snippet:-1","max-image-preview":"max-image-preview:large","max-video-preview":"max-video-preview:-1"},"canonical":"https:\/\/truusk.store\/sv\/produkt\/truusk-metallram-med-lovdesign-vaggdekoration-i-modern-stil-guld-fargad\/","og_locale":"sv_SE","og_type":"article","og_title":"TRUUSK Metallram med L\u00f6vdesign - V\u00e4ggdekoration i Modern Stil - Guld F\u00e4rgad - TRUUSK - Hem, Tr\u00e4dg\u00e5rd &amp; Fritid","og_description":"En blick p\u00e5 den stora, tomma v\u00e4ggen kan f\u00e5 ditt vardagsrum att se kalt och id\u00e9l\u00f6st ut \u2013 en missad...","og_url":"https:\/\/truusk.store\/sv\/produkt\/truusk-metallram-med-lovdesign-vaggdekoration-i-modern-stil-guld-fargad\/","og_site_name":"TRUUSK - Hem, Tr\u00e4dg\u00e5rd &amp; Fritid","article_modified_time":"2026-03-12T07:50:57+00:00","og_image":[{"width":2000,"height":2000,"url":"https:\/\/i0.wp.com\/truusk.se\/wp-content\/uploads\/2026\/01\/metallram-med-lovdesign-vaggdekoration-modern-stil-guld-fargad-1.webp?fit=2000%2C2000&ssl=1","type":"image\/webp"}],"twitter_card":"summary_large_image","twitter_misc":{"Ber\u00e4knad l\u00e4stid":"1 minut"},"schema":{"@context":"https:\/\/schema.org","@graph":[{"@type":"WebPage","@id":"https:\/\/truusk.store\/sv\/produkt\/truusk-metallram-med-lovdesign-vaggdekoration-i-modern-stil-guld-fargad\/","url":"https:\/\/truusk.store\/sv\/produkt\/truusk-metallram-med-lovdesign-vaggdekoration-i-modern-stil-guld-fargad\/","name":"TRUUSK Metallram med L\u00f6vdesign - V\u00e4ggdekoration i Modern Stil - Guld F\u00e4rgad - TRUUSK - Hem, Tr\u00e4dg\u00e5rd &amp; Fritid","isPartOf":{"@id":"https:\/\/truusk.store\/sv\/#website"},"primaryImageOfPage":{"@id":"https:\/\/truusk.store\/sv\/produkt\/truusk-metallram-med-lovdesign-vaggdekoration-i-modern-stil-guld-fargad\/#primaryimage"},"image":{"@id":"https:\/\/truusk.store\/sv\/produkt\/truusk-metallram-med-lovdesign-vaggdekoration-i-modern-stil-guld-fargad\/#primaryimage"},"thumbnailUrl":"https:\/\/i0.wp.com\/truusk.store\/wp-content\/uploads\/2026\/01\/metallram-med-lovdesign-vaggdekoration-modern-stil-guld-fargad-1.webp?fit=2000%2C2000&ssl=1","datePublished":"2026-01-06T12:40:44+00:00","dateModified":"2026-03-12T07:50:57+00:00","breadcrumb":{"@id":"https:\/\/truusk.store\/sv\/produkt\/truusk-metallram-med-lovdesign-vaggdekoration-i-modern-stil-guld-fargad\/#breadcrumb"},"inLanguage":"sv-SE","potentialAction":[{"@type":"ReadAction","target":["https:\/\/truusk.store\/sv\/produkt\/truusk-metallram-med-lovdesign-vaggdekoration-i-modern-stil-guld-fargad\/"]}]},{"@type":"ImageObject","inLanguage":"sv-SE","@id":"https:\/\/truusk.store\/sv\/produkt\/truusk-metallram-med-lovdesign-vaggdekoration-i-modern-stil-guld-fargad\/#primaryimage","url":"https:\/\/i0.wp.com\/truusk.store\/wp-content\/uploads\/2026\/01\/metallram-med-lovdesign-vaggdekoration-modern-stil-guld-fargad-1.webp?fit=2000%2C2000&ssl=1","contentUrl":"https:\/\/i0.wp.com\/truusk.store\/wp-content\/uploads\/2026\/01\/metallram-med-lovdesign-vaggdekoration-modern-stil-guld-fargad-1.webp?fit=2000%2C2000&ssl=1","width":2000,"height":2000},{"@type":"BreadcrumbList","@id":"https:\/\/truusk.store\/sv\/produkt\/truusk-metallram-med-lovdesign-vaggdekoration-i-modern-stil-guld-fargad\/#breadcrumb","itemListElement":[{"@type":"ListItem","position":1,"name":"Home","item":"https:\/\/truusk.store\/sv\/"},{"@type":"ListItem","position":2,"name":"Shop","item":"https:\/\/truusk.store\/shop\/"},{"@type":"ListItem","position":3,"name":"TRUUSK Metallram med L\u00f6vdesign &#8211; V\u00e4ggdekoration i Modern Stil &#8211; Guld F\u00e4rgad"}]},{"@type":"WebSite","@id":"https:\/\/truusk.store\/sv\/#website","url":"https:\/\/truusk.store\/sv\/","name":"TRUUSK - Hem, Tr\u00e4dg\u00e5rd & Fritid","description":"","publisher":{"@id":"https:\/\/truusk.store\/sv\/#organization"},"potentialAction":[{"@type":"SearchAction","target":{"@type":"EntryPoint","urlTemplate":"https:\/\/truusk.store\/sv\/?s={search_term_string}"},"query-input":{"@type":"PropertyValueSpecification","valueRequired":true,"valueName":"search_term_string"}}],"inLanguage":"sv-SE"},{"@type":"Organization","@id":"https:\/\/truusk.store\/sv\/#organization","name":"TRUUSK - Hem, Tr\u00e4dg\u00e5rd & Fritid","url":"https:\/\/truusk.store\/sv\/","logo":{"@type":"ImageObject","inLanguage":"sv-SE","@id":"https:\/\/truusk.store\/sv\/#\/schema\/logo\/image\/","url":"https:\/\/i0.wp.com\/truusk.store\/wp-content\/uploads\/2026\/03\/cropped-TRUUSK.png?fit=2032%2C917&ssl=1","contentUrl":"https:\/\/i0.wp.com\/truusk.store\/wp-content\/uploads\/2026\/03\/cropped-TRUUSK.png?fit=2032%2C917&ssl=1","width":2032,"height":917,"caption":"TRUUSK - Hem, Tr\u00e4dg\u00e5rd & Fritid"},"image":{"@id":"https:\/\/truusk.store\/sv\/#\/schema\/logo\/image\/"}}]}},"jetpack_sharing_enabled":true,"_links":{"self":[{"href":"https:\/\/truusk.store\/sv\/wp-json\/wp\/v2\/product\/98965","targetHints":{"allow":["GET"]}}],"collection":[{"href":"https:\/\/truusk.store\/sv\/wp-json\/wp\/v2\/product"}],"about":[{"href":"https:\/\/truusk.store\/sv\/wp-json\/wp\/v2\/types\/product"}],"wp:featuredmedia":[{"embeddable":true,"href":"https:\/\/truusk.store\/sv\/wp-json\/wp\/v2\/media\/98956"}],"wp:attachment":[{"href":"https:\/\/truusk.store\/sv\/wp-json\/wp\/v2\/media?parent=98965"}],"wp:term":[{"taxonomy":"product_brand","embeddable":true,"href":"https:\/\/truusk.store\/sv\/wp-json\/wp\/v2\/product_brand?post=98965"},{"taxonomy":"product_cat","embeddable":true,"href":"https:\/\/truusk.store\/sv\/wp-json\/wp\/v2\/product_cat?post=98965"},{"taxonomy":"product_tag","embeddable":true,"href":"https:\/\/truusk.store\/sv\/wp-json\/wp\/v2\/product_tag?post=98965"}],"curies":[{"name":"wp","href":"https:\/\/api.w.org\/{rel}","templated":true}]}}