{"id":98977,"date":"2026-01-06T13:41:55","date_gmt":"2026-01-06T12:41:55","guid":{"rendered":"https:\/\/truusk.store\/product\/koksskap-buffe-akrylfront-lador-76-x-40-x-1825-cm-svart\/"},"modified":"2026-03-12T08:51:17","modified_gmt":"2026-03-12T07:51:17","slug":"truusk-koksskap-buffe-med-akrylfront-lador-76-x-40-x-1825-cm-svart","status":"publish","type":"product","link":"https:\/\/truusk.store\/sv\/produkt\/truusk-koksskap-buffe-med-akrylfront-lador-76-x-40-x-1825-cm-svart\/","title":{"rendered":"TRUUSK K\u00f6kssk\u00e5p &#8211; Buff\u00e9 med Akrylfront &#8211; L\u00e5dor &#8211; 76 X 40 X 182,5 Cm &#8211; Svart"},"content":{"rendered":"<p>\u00c4lskar du att st\u00e5 i k\u00f6ket men har du slut p\u00e5 utrymme? Detta [BRAND NAME] k\u00f6kssk\u00e5p i modern stil hj\u00e4lper dig att st\u00e4da upp ditt k\u00f6k i ett nafs. Du beh\u00f6ver inte l\u00e4ngre stapla alla kastruller och stekpannor p\u00e5 varandra f\u00f6r att komma \u00e5t den d\u00e4r soppgrytan l\u00e4ngst bak. Detta skafferi ger dig det n\u00f6dv\u00e4ndiga utrymmet s\u00e5 att allt f\u00e5r sin plats. Med detta h\u00f6gsk\u00e5p fr\u00e5n [BRAND NAME] f\u00e5r du mer tid att laga mat och njuta.<\/p>\n<p>Beskrivning:<\/p>\n<ul>\n<li> Modern stil, med akryld\u00f6rrar och f\u00f6nsterkors<\/li>\n<li> De 3 hyllorna i h\u00f6gsk\u00e5pet erbjuder gott om utrymme f\u00f6r att f\u00f6rvara porslin, kastruller och stekpannor, torrvaror eller apparater<\/li>\n<li> Justerbara hyllor i k\u00f6kssk\u00e5pet g\u00f6r att du kan f\u00f6rvara st\u00f6rre f\u00f6rem\u00e5l utan att beh\u00f6va oroa dig f\u00f6r om de passar in<\/li>\n<li> I den centrala l\u00e5dan kan du enkelt f\u00f6rvara servetter, handdukar och bestick<\/li>\n<li> Anti-tip-remmen p\u00e5 buff\u00e9sk\u00e5pet p\u00e5 baksidan f\u00f6r s\u00e4ker fasts\u00e4ttning p\u00e5 v\u00e4ggen<\/li>\n<li> Placera den i ditt k\u00f6k, vardagsrum, matsal eller arbetsrum f\u00f6r extra f\u00f6rvaringsutrymme<\/li>\n<li> Montering kr\u00e4vs<\/li>\n<\/ul>\n<p> Tekniska data:<\/p>\n<ul>\n<li> F\u00e4rg: Svart<\/li>\n<li> Material: MDF, sp\u00e5nskiva, akryl<\/li>\n<li> Totala m\u00e5tt: 76L x 40B x 182,5H cm<\/li>\n<li> Produktdata f\u00f6r l\u00e5dor: 65,5L x 33,5B x 11H cm<\/li>\n<li> Maximal belastning: 35 kg (totalt), 5 kg (l\u00e5da\/\u00f6vre hyllor), 10 kg (nedersta plattan)<\/li>\n<\/ul>\n<p>Leverans inneh\u00e5ller:<\/p>\n<ul>\n<li> 1 x k\u00f6kssk\u00e5p<\/li>\n<li> 1 x instruktioner<\/li>\n<\/ul>\n","protected":false},"excerpt":{"rendered":"<p>\u00c4lskar du att st\u00e5 i k\u00f6ket men har du slut p\u00e5 utrymme? Detta [BRAND NAME] k\u00f6kssk\u00e5p i modern stil hj\u00e4lper&#8230;<\/p>\n","protected":false},"featured_media":98966,"template":"","meta":[],"product_brand":[],"product_cat":[871,889,534],"product_tag":[],"class_list":{"0":"post-98977","1":"product","2":"type-product","3":"status-publish","4":"has-post-thumbnail","6":"product_cat-hus-hem","7":"product_cat-kok-matsal","8":"product_cat-koksskap","10":"first","11":"instock","12":"sale","13":"taxable","14":"shipping-taxable","15":"purchasable","16":"product-type-simple"},"yoast_head":"<!-- This site is optimized with the Yoast SEO plugin v25.4 - https:\/\/yoast.com\/wordpress\/plugins\/seo\/ -->\n<title>TRUUSK K\u00f6kssk\u00e5p - Buff\u00e9 med Akrylfront - L\u00e5dor - 76 X 40 X 182,5 Cm - Svart - TRUUSK - Hem, Tr\u00e4dg\u00e5rd &amp; Fritid<\/title>\n<meta name=\"robots\" content=\"index, follow, max-snippet:-1, max-image-preview:large, max-video-preview:-1\" \/>\n<link rel=\"canonical\" href=\"https:\/\/truusk.store\/sv\/produkt\/truusk-koksskap-buffe-med-akrylfront-lador-76-x-40-x-1825-cm-svart\/\" \/>\n<meta property=\"og:locale\" content=\"sv_SE\" \/>\n<meta property=\"og:type\" content=\"article\" \/>\n<meta property=\"og:title\" content=\"TRUUSK K\u00f6kssk\u00e5p - Buff\u00e9 med Akrylfront - L\u00e5dor - 76 X 40 X 182,5 Cm - Svart - TRUUSK - Hem, Tr\u00e4dg\u00e5rd &amp; Fritid\" \/>\n<meta property=\"og:description\" content=\"\u00c4lskar du att st\u00e5 i k\u00f6ket men har du slut p\u00e5 utrymme? Detta [BRAND NAME] k\u00f6kssk\u00e5p i modern stil hj\u00e4lper...\" \/>\n<meta property=\"og:url\" content=\"https:\/\/truusk.store\/sv\/produkt\/truusk-koksskap-buffe-med-akrylfront-lador-76-x-40-x-1825-cm-svart\/\" \/>\n<meta property=\"og:site_name\" content=\"TRUUSK - Hem, Tr\u00e4dg\u00e5rd &amp; Fritid\" \/>\n<meta property=\"article:modified_time\" content=\"2026-03-12T07:51:17+00:00\" \/>\n<meta property=\"og:image\" content=\"https:\/\/i0.wp.com\/truusk.se\/wp-content\/uploads\/2026\/01\/koksskap-buffe-akrylfront-lador-76-x-40-x-1825-cm-svart-1.webp?fit=2000%2C2000&ssl=1\" \/>\n\t<meta property=\"og:image:width\" content=\"2000\" \/>\n\t<meta property=\"og:image:height\" content=\"2000\" \/>\n\t<meta property=\"og:image:type\" content=\"image\/webp\" \/>\n<meta name=\"twitter:card\" content=\"summary_large_image\" \/>\n<meta name=\"twitter:label1\" content=\"Ber\u00e4knad l\u00e4stid\" \/>\n\t<meta name=\"twitter:data1\" content=\"1 minut\" \/>\n<!-- \/ Yoast SEO plugin. -->","yoast_head_json":{"title":"TRUUSK K\u00f6kssk\u00e5p - Buff\u00e9 med Akrylfront - L\u00e5dor - 76 X 40 X 182,5 Cm - Svart - TRUUSK - Hem, Tr\u00e4dg\u00e5rd &amp; Fritid","robots":{"index":"index","follow":"follow","max-snippet":"max-snippet:-1","max-image-preview":"max-image-preview:large","max-video-preview":"max-video-preview:-1"},"canonical":"https:\/\/truusk.store\/sv\/produkt\/truusk-koksskap-buffe-med-akrylfront-lador-76-x-40-x-1825-cm-svart\/","og_locale":"sv_SE","og_type":"article","og_title":"TRUUSK K\u00f6kssk\u00e5p - Buff\u00e9 med Akrylfront - L\u00e5dor - 76 X 40 X 182,5 Cm - Svart - TRUUSK - Hem, Tr\u00e4dg\u00e5rd &amp; Fritid","og_description":"\u00c4lskar du att st\u00e5 i k\u00f6ket men har du slut p\u00e5 utrymme? Detta [BRAND NAME] k\u00f6kssk\u00e5p i modern stil hj\u00e4lper...","og_url":"https:\/\/truusk.store\/sv\/produkt\/truusk-koksskap-buffe-med-akrylfront-lador-76-x-40-x-1825-cm-svart\/","og_site_name":"TRUUSK - Hem, Tr\u00e4dg\u00e5rd &amp; Fritid","article_modified_time":"2026-03-12T07:51:17+00:00","og_image":[{"width":2000,"height":2000,"url":"https:\/\/i0.wp.com\/truusk.se\/wp-content\/uploads\/2026\/01\/koksskap-buffe-akrylfront-lador-76-x-40-x-1825-cm-svart-1.webp?fit=2000%2C2000&ssl=1","type":"image\/webp"}],"twitter_card":"summary_large_image","twitter_misc":{"Ber\u00e4knad l\u00e4stid":"1 minut"},"schema":{"@context":"https:\/\/schema.org","@graph":[{"@type":"WebPage","@id":"https:\/\/truusk.store\/sv\/produkt\/truusk-koksskap-buffe-med-akrylfront-lador-76-x-40-x-1825-cm-svart\/","url":"https:\/\/truusk.store\/sv\/produkt\/truusk-koksskap-buffe-med-akrylfront-lador-76-x-40-x-1825-cm-svart\/","name":"TRUUSK K\u00f6kssk\u00e5p - Buff\u00e9 med Akrylfront - L\u00e5dor - 76 X 40 X 182,5 Cm - Svart - TRUUSK - Hem, Tr\u00e4dg\u00e5rd &amp; Fritid","isPartOf":{"@id":"https:\/\/truusk.store\/sv\/#website"},"primaryImageOfPage":{"@id":"https:\/\/truusk.store\/sv\/produkt\/truusk-koksskap-buffe-med-akrylfront-lador-76-x-40-x-1825-cm-svart\/#primaryimage"},"image":{"@id":"https:\/\/truusk.store\/sv\/produkt\/truusk-koksskap-buffe-med-akrylfront-lador-76-x-40-x-1825-cm-svart\/#primaryimage"},"thumbnailUrl":"https:\/\/i0.wp.com\/truusk.store\/wp-content\/uploads\/2026\/01\/koksskap-buffe-akrylfront-lador-76-x-40-x-1825-cm-svart-1.webp?fit=2000%2C2000&ssl=1","datePublished":"2026-01-06T12:41:55+00:00","dateModified":"2026-03-12T07:51:17+00:00","breadcrumb":{"@id":"https:\/\/truusk.store\/sv\/produkt\/truusk-koksskap-buffe-med-akrylfront-lador-76-x-40-x-1825-cm-svart\/#breadcrumb"},"inLanguage":"sv-SE","potentialAction":[{"@type":"ReadAction","target":["https:\/\/truusk.store\/sv\/produkt\/truusk-koksskap-buffe-med-akrylfront-lador-76-x-40-x-1825-cm-svart\/"]}]},{"@type":"ImageObject","inLanguage":"sv-SE","@id":"https:\/\/truusk.store\/sv\/produkt\/truusk-koksskap-buffe-med-akrylfront-lador-76-x-40-x-1825-cm-svart\/#primaryimage","url":"https:\/\/i0.wp.com\/truusk.store\/wp-content\/uploads\/2026\/01\/koksskap-buffe-akrylfront-lador-76-x-40-x-1825-cm-svart-1.webp?fit=2000%2C2000&ssl=1","contentUrl":"https:\/\/i0.wp.com\/truusk.store\/wp-content\/uploads\/2026\/01\/koksskap-buffe-akrylfront-lador-76-x-40-x-1825-cm-svart-1.webp?fit=2000%2C2000&ssl=1","width":2000,"height":2000},{"@type":"BreadcrumbList","@id":"https:\/\/truusk.store\/sv\/produkt\/truusk-koksskap-buffe-med-akrylfront-lador-76-x-40-x-1825-cm-svart\/#breadcrumb","itemListElement":[{"@type":"ListItem","position":1,"name":"Home","item":"https:\/\/truusk.store\/sv\/"},{"@type":"ListItem","position":2,"name":"Shop","item":"https:\/\/truusk.store\/shop\/"},{"@type":"ListItem","position":3,"name":"TRUUSK K\u00f6kssk\u00e5p &#8211; Buff\u00e9 med Akrylfront &#8211; L\u00e5dor &#8211; 76 X 40 X 182,5 Cm &#8211; Svart"}]},{"@type":"WebSite","@id":"https:\/\/truusk.store\/sv\/#website","url":"https:\/\/truusk.store\/sv\/","name":"TRUUSK - Hem, Tr\u00e4dg\u00e5rd & Fritid","description":"","publisher":{"@id":"https:\/\/truusk.store\/sv\/#organization"},"potentialAction":[{"@type":"SearchAction","target":{"@type":"EntryPoint","urlTemplate":"https:\/\/truusk.store\/sv\/?s={search_term_string}"},"query-input":{"@type":"PropertyValueSpecification","valueRequired":true,"valueName":"search_term_string"}}],"inLanguage":"sv-SE"},{"@type":"Organization","@id":"https:\/\/truusk.store\/sv\/#organization","name":"TRUUSK - Hem, Tr\u00e4dg\u00e5rd & Fritid","url":"https:\/\/truusk.store\/sv\/","logo":{"@type":"ImageObject","inLanguage":"sv-SE","@id":"https:\/\/truusk.store\/sv\/#\/schema\/logo\/image\/","url":"https:\/\/i0.wp.com\/truusk.store\/wp-content\/uploads\/2026\/03\/cropped-TRUUSK.png?fit=2032%2C917&ssl=1","contentUrl":"https:\/\/i0.wp.com\/truusk.store\/wp-content\/uploads\/2026\/03\/cropped-TRUUSK.png?fit=2032%2C917&ssl=1","width":2032,"height":917,"caption":"TRUUSK - Hem, Tr\u00e4dg\u00e5rd & Fritid"},"image":{"@id":"https:\/\/truusk.store\/sv\/#\/schema\/logo\/image\/"}}]}},"jetpack_sharing_enabled":true,"_links":{"self":[{"href":"https:\/\/truusk.store\/sv\/wp-json\/wp\/v2\/product\/98977","targetHints":{"allow":["GET"]}}],"collection":[{"href":"https:\/\/truusk.store\/sv\/wp-json\/wp\/v2\/product"}],"about":[{"href":"https:\/\/truusk.store\/sv\/wp-json\/wp\/v2\/types\/product"}],"wp:featuredmedia":[{"embeddable":true,"href":"https:\/\/truusk.store\/sv\/wp-json\/wp\/v2\/media\/98966"}],"wp:attachment":[{"href":"https:\/\/truusk.store\/sv\/wp-json\/wp\/v2\/media?parent=98977"}],"wp:term":[{"taxonomy":"product_brand","embeddable":true,"href":"https:\/\/truusk.store\/sv\/wp-json\/wp\/v2\/product_brand?post=98977"},{"taxonomy":"product_cat","embeddable":true,"href":"https:\/\/truusk.store\/sv\/wp-json\/wp\/v2\/product_cat?post=98977"},{"taxonomy":"product_tag","embeddable":true,"href":"https:\/\/truusk.store\/sv\/wp-json\/wp\/v2\/product_tag?post=98977"}],"curies":[{"name":"wp","href":"https:\/\/api.w.org\/{rel}","templated":true}]}}